{"id":980,"date":"2025-06-25T06:51:20","date_gmt":"2025-06-25T06:51:20","guid":{"rendered":"https:\/\/www.thecarpetwashingmachine.com\/?page_id=980"},"modified":"2025-07-07T09:54:21","modified_gmt":"2025-07-07T09:54:21","slug":"faq-on-carpet-washing-machines-2","status":"publish","type":"page","link":"https:\/\/www.thecarpetwashingmachine.com\/tr\/faq-on-carpet-washing-machines-2\/","title":{"rendered":"Hal\u0131 Y\u0131kama Makineleri Hakk\u0131nda S\u0131k\u00e7a Sorulan Sorular 2"},"content":{"rendered":"<div class=\"wp-block-image\">\n<figure class=\"aligncenter\"><img loading=\"lazy\" decoding=\"async\" width=\"826\" height=\"390\" src=\"https:\/\/www.thecarpetwashingmachine.com\/wp-content\/uploads\/2025\/01\/hali-yikama-makinasi-kullanimi-1.jpg\" alt=\"Hal\u0131 Y\u0131kama Makineleri\" class=\"wp-image-384\" srcset=\"https:\/\/www.thecarpetwashingmachine.com\/wp-content\/uploads\/2025\/01\/hali-yikama-makinasi-kullanimi-1.jpg 826w, https:\/\/www.thecarpetwashingmachine.com\/wp-content\/uploads\/2025\/01\/hali-yikama-makinasi-kullanimi-1-300x142.jpg 300w, https:\/\/www.thecarpetwashingmachine.com\/wp-content\/uploads\/2025\/01\/hali-yikama-makinasi-kullanimi-1-768x363.jpg 768w\" sizes=\"auto, (max-width: 826px) 100vw, 826px\" \/><\/figure><\/div>\n\n\n<p><\/p>\n\n\n\n<p>Hal\u0131 y\u0131kama makinelerimizle ilgili daha spesifik sorular\u0131 ele alan <a href=\"https:\/\/www.thecarpetwashingmachine.com\/tr\/faq-on-carpet-washing-machines\/\">SSS <\/a>b\u00f6l\u00fcm\u00fcm\u00fcz\u00fcn devam\u0131 a\u015fa\u011f\u0131dad\u0131r:<\/p>\n\n\n\n<h3 class=\"wp-block-heading\">Genel Bilgiler<\/h3>\n\n\n\n<ul class=\"wp-block-list\">\n<li><strong>Makinelerinizin garanti s\u00fcresi ne kadard\u0131r?<\/strong><\/li>\n<\/ul>\n\n\n\n<p>Makinelerimiz 1 y\u0131l garantilidir. Bu, sat\u0131n alma tarihinizden itibaren bir tam y\u0131l boyunca kapsam sa\u011flar.<\/p>\n\n\n\n<ul class=\"wp-block-list\">\n<li><strong>Makinelerin kurulumunu kim yap\u0131yor?<\/strong><\/li>\n<\/ul>\n\n\n\n<p>Kurulum konusunda endi\u015felenmenize gerek yok. Makinelerimiz tamamen monte edilmi\u015f olarak gelir ve kutudan \u00e7\u0131kar \u00e7\u0131kmaz kullan\u0131ma haz\u0131rd\u0131r. Herhangi bir karma\u015f\u0131k kurulum yapmadan fi\u015fe tak\u0131p \u00e7al\u0131\u015ft\u0131rmaya ba\u015flayabilirsiniz.<\/p>\n\n\n\n<h3 class=\"wp-block-heading\">\u00d6zelle\u015ftirme ve Destek<\/h3>\n\n\n\n<ul class=\"wp-block-list\">\n<li><strong>Makineler i\u00e7in herhangi bir \u00f6zelle\u015ftirme m\u00fcmk\u00fcn m\u00fcd\u00fcr?<\/strong><\/li>\n<\/ul>\n\n\n\n<p>Kesinlikle. \u00d6zel gereksinimlerinize g\u00f6re \u00f6zelle\u015ftirmeler yapabiliriz. Makinelerimizi benzersiz operasyonel ihtiya\u00e7lar\u0131n\u0131z\u0131 veya sahip olabilece\u011finiz \u00f6zel temizlik zorluklar\u0131n\u0131 kar\u015f\u0131layacak \u015fekilde uyarlamaya kararl\u0131y\u0131z.<\/p>\n\n\n\n<ul class=\"wp-block-list\">\n<li><strong>Ar\u0131zalar i\u00e7in ne t\u00fcr bir destek mevcut ve yedek par\u00e7a sa\u011flan\u0131yor mu?<\/strong><\/li>\n<\/ul>\n\n\n\n<p>Bir ar\u0131za durumunda, sorun giderme konusunda size rehberlik etmek i\u00e7in h\u0131zl\u0131 uzaktan destek sunuyoruz. Bir\u00e7ok yayg\u0131n sorun genellikle yerel bir elektrik\u00e7inin yard\u0131m\u0131yla \u00e7\u00f6z\u00fclebilir. Bir yedek par\u00e7an\u0131n gerekli olmas\u0131 durumunda, ar\u0131za s\u00fcresini en aza indirerek derhal do\u011frudan size g\u00f6ndeririz.<\/p>\n\n\n\n<h3 class=\"wp-block-heading\">Performans ve Ergonomi<\/h3>\n\n\n\n<ul class=\"wp-block-list\">\n<li><strong>Makineler y\u00fcn, ipek veya \u015fagi gibi farkl\u0131 t\u00fcrdeki hal\u0131lar\u0131 etkili bir \u015fekilde temizleyebilir mi?<\/strong><\/li>\n<\/ul>\n\n\n\n<p>Evet, makinelerimiz son derece \u00e7ok y\u00f6nl\u00fcd\u00fcr. Y\u00fcn ve ipek gibi hassas malzemelerin yan\u0131 s\u0131ra kal\u0131n \u015fagi hal\u0131lar da dahil olmak \u00fczere her t\u00fcrl\u00fc hal\u0131y\u0131 y\u0131kamak i\u00e7in ustal\u0131kla tasarlanm\u0131\u015ft\u0131r ve her biri i\u00e7in kapsaml\u0131 ancak nazik bir temizleme i\u015flemi sa\u011flar.<\/p>\n\n\n\n<ul class=\"wp-block-list\">\n<li><strong>Makineyi \u00e7al\u0131\u015ft\u0131rmak i\u00e7in ka\u00e7 operat\u00f6r gereklidir?<\/strong><\/li>\n<\/ul>\n\n\n\n<p>Makinelerimizin \u00e7al\u0131\u015ft\u0131r\u0131lmas\u0131 maksimum verimlilik ve kolayl\u0131k sa\u011flayacak \u015fekilde tasarlanm\u0131\u015ft\u0131r. T\u00fcm y\u0131kama s\u00fcrecini ba\u015ftan sona y\u00f6netmek i\u00e7in sadece bir ki\u015fi yeterlidir.<\/p>\n\n\n\n<ul class=\"wp-block-list\">\n<li><strong>Makineleriniz operat\u00f6rlere hangi ergonomik faydalar\u0131 sunar ve fiziksel gerilimi nas\u0131l azalt\u0131r?<\/strong><\/li>\n<\/ul>\n\n\n\n<p>Makinelerimiz tamamen otomatiktir, bu da kullan\u0131m s\u0131ras\u0131nda operat\u00f6r i\u00e7in herhangi bir fiziksel gerilim olmad\u0131\u011f\u0131 anlam\u0131na gelir. Tasar\u0131mlar\u0131, kullan\u0131m kolayl\u0131\u011f\u0131na \u00f6ncelik verir ve manuel \u00e7abay\u0131 en aza indirerek daha rahat ve verimli bir \u00e7al\u0131\u015fma deneyimine katk\u0131da bulunur.<\/p>\n\n\n\n<h3 class=\"wp-block-heading\">Di\u011fer Uygulamalar<\/h3>\n\n\n\n<ul class=\"wp-block-list\">\n<li><strong>M\u00fc\u015fteriler hal\u0131 temizli\u011finin \u00f6tesinde makine i\u00e7in beklenmedik kullan\u0131mlar ke\u015ffettiler mi?<\/strong><\/li>\n<\/ul>\n\n\n\n<p>Baz\u0131 m\u00fc\u015fteriler makinelerimizi battaniye ve \u00e7e\u015fitli plastikler gibi e\u015fyalar i\u00e7in denemi\u015f olsa da, bu uygulamalar\u0131 \u00f6nermedi\u011fimizi vurgulamal\u0131y\u0131z. Makineler \u00f6zellikle yaln\u0131zca hal\u0131 y\u0131kama i\u00e7in tasarlanm\u0131\u015f ve optimize edilmi\u015ftir ve bunlar\u0131 di\u011fer malzemeler i\u00e7in kullanmak, yetersiz sonu\u00e7lara veya makinenin kendisine potansiyel hasara yol a\u00e7abilir.<\/p>\n","protected":false},"excerpt":{"rendered":"<p>Hal\u0131 y\u0131kama makinelerimizle ilgili daha spesifik sorular\u0131 ele alan SSS b\u00f6l\u00fcm\u00fcm\u00fcz\u00fcn devam\u0131 a\u015fa\u011f\u0131dad\u0131r: Genel Bilgiler Makinelerimiz 1 y\u0131l garantilidir. Bu, sat\u0131n alma tarihinizden itibaren bir&hellip;<\/p>\n","protected":false},"author":1,"featured_media":0,"parent":0,"menu_order":0,"comment_status":"closed","ping_status":"closed","template":"","meta":{"footnotes":""},"class_list":["post-980","page","type-page","status-publish","hentry"],"translation":{"provider":"WPGlobus","version":"3.0.0","language":"tr","enabled_languages":["en","tr","fr","ar","es","de","pt","ru"],"languages":{"en":{"title":true,"content":true,"excerpt":false},"tr":{"title":true,"content":true,"excerpt":false},"fr":{"title":true,"content":true,"excerpt":false},"ar":{"title":true,"content":true,"excerpt":false},"es":{"title":true,"content":true,"excerpt":false},"de":{"title":true,"content":true,"excerpt":false},"pt":{"title":true,"content":true,"excerpt":false},"ru":{"title":true,"content":true,"excerpt":false}}},"yoast_head":"<!-- This site is optimized with the Yoast SEO plugin v24.7 - https:\/\/yoast.com\/wordpress\/plugins\/seo\/ -->\n<title>Hal\u0131 Y\u0131kama Makineleri Hakk\u0131nda S\u0131k\u00e7a Sorulan Sorular 2  - Hal\u0131 Y\u0131kama Makinesi<\/title>\n<meta name=\"description\" content=\"Hal\u0131 y\u0131kama makinelerimiz hakk\u0131nda SSS. Garanti , kurulum , \u00f6zelle\u015ftirme ve performans detaylar\u0131n\u0131 \u00f6\u011frenin.\" \/>\n<meta name=\"robots\" content=\"index, follow, max-snippet:-1, max-image-preview:large, max-video-preview:-1\" \/>\n<link rel=\"canonical\" href=\"https:\/\/www.thecarpetwashingmachine.com\/faq-on-carpet-washing-machines-2\/\" \/>\n<meta property=\"og:locale\" content=\"tr_TR\" \/>\n<meta property=\"og:type\" content=\"article\" \/>\n<meta property=\"og:title\" content=\"Hal\u0131 Y\u0131kama Makineleri Hakk\u0131nda S\u0131k\u00e7a Sorulan Sorular 2  - Hal\u0131 Y\u0131kama Makinesi\" \/>\n<meta property=\"og:description\" content=\"Hal\u0131 y\u0131kama makinelerimiz hakk\u0131nda SSS. Garanti , kurulum , \u00f6zelle\u015ftirme ve performans detaylar\u0131n\u0131 \u00f6\u011frenin.\" \/>\n<meta property=\"og:url\" content=\"https:\/\/www.thecarpetwashingmachine.com\/faq-on-carpet-washing-machines-2\/\" \/>\n<meta property=\"og:site_name\" content=\"Hal\u0131 Y\u0131kama Makinesi\" \/>\n<meta property=\"article:publisher\" content=\"http:\/\/www.facebook.com\/carpetwashingmachine\" \/>\n<meta property=\"article:modified_time\" content=\"2025-07-07T09:54:21+00:00\" \/>\n<meta property=\"og:image\" content=\"https:\/\/www.thecarpetwashingmachine.com\/wp-content\/uploads\/2025\/01\/hali-yikama-makinasi-kullanimi-1.jpg\" \/>\n\t<meta property=\"og:image:width\" content=\"826\" \/>\n\t<meta property=\"og:image:height\" content=\"390\" \/>\n\t<meta property=\"og:image:type\" content=\"image\/jpeg\" \/>\n<meta name=\"twitter:card\" content=\"summary_large_image\" \/>\n<meta name=\"twitter:label1\" content=\"Tahmini okuma s\u00fcresi\" \/>\n\t<meta name=\"twitter:data1\" content=\"2 dakika\" \/>\n<script type=\"application\/ld+json\" class=\"yoast-schema-graph\">{\"@context\":\"https:\/\/schema.org\",\"@graph\":[{\"@type\":\"WebPage\",\"@id\":\"https:\/\/www.thecarpetwashingmachine.com\/faq-on-carpet-washing-machines-2\/\",\"url\":\"https:\/\/www.thecarpetwashingmachine.com\/faq-on-carpet-washing-machines-2\/\",\"name\":\"Hal\u0131 Y\u0131kama Makineleri Hakk\u0131nda S\u0131k\u00e7a Sorulan Sorular 2 - Hal\u0131 Y\u0131kama Makinesi\",\"isPartOf\":{\"@id\":\"https:\/\/www.thecarpetwashingmachine.com\/#website\"},\"primaryImageOfPage\":{\"@id\":\"https:\/\/www.thecarpetwashingmachine.com\/faq-on-carpet-washing-machines-2\/#primaryimage\"},\"image\":{\"@id\":\"https:\/\/www.thecarpetwashingmachine.com\/faq-on-carpet-washing-machines-2\/#primaryimage\"},\"thumbnailUrl\":\"https:\/\/www.thecarpetwashingmachine.com\/wp-content\/uploads\/2025\/01\/hali-yikama-makinasi-kullanimi-1.jpg\",\"datePublished\":\"2025-06-25T06:51:20+00:00\",\"dateModified\":\"2025-07-07T09:54:21+00:00\",\"description\":\"\u041a\u043e\u0432\u0440\u043e\u043c\u043e\u0435\u0447\u043d\u044b\u0435 \u043c\u0430\u0448\u0438\u043d\u044b: 1 \u0433\u043e\u0434 \u0433\u0430\u0440\u0430\u043d\u0442\u0438\u0438, \u0433\u043e\u0442\u043e\u0432\u044b. \u041d\u0430\u0441\u0442\u0440\u0430\u0438\u0432\u0430\u0435\u043c\u044b\u0435, \u043f\u043e\u0434\u0434\u0435\u0440\u0436\u043a\u0430\/\u0437\u0430\u043f\u0447\u0430\u0441\u0442\u0438. \u0427\u0438\u0441\u0442\u044f\u0442 \u0432\u0441\u0435 \u043a\u043e\u0432\u0440\u044b \u043b\u0435\u0433\u043a\u043e, \u043f\u043e\u043b\u043d\u043e\u0441\u0442\u044c\u044e \u0430\u0432\u0442\u043e\u043c\u0430\u0442\u0438\u0447\u0435\u0441\u043a\u0438\u0435.\",\"breadcrumb\":{\"@id\":\"https:\/\/www.thecarpetwashingmachine.com\/faq-on-carpet-washing-machines-2\/#breadcrumb\"},\"inLanguage\":\"tr\",\"potentialAction\":[{\"@type\":\"ReadAction\",\"target\":[\"https:\/\/www.thecarpetwashingmachine.com\/faq-on-carpet-washing-machines-2\/\"]}]},{\"@type\":\"ImageObject\",\"inLanguage\":\"tr\",\"@id\":\"https:\/\/www.thecarpetwashingmachine.com\/faq-on-carpet-washing-machines-2\/#primaryimage\",\"url\":\"https:\/\/www.thecarpetwashingmachine.com\/wp-content\/uploads\/2025\/01\/hali-yikama-makinasi-kullanimi-1.jpg\",\"contentUrl\":\"https:\/\/www.thecarpetwashingmachine.com\/wp-content\/uploads\/2025\/01\/hali-yikama-makinasi-kullanimi-1.jpg\"},{\"@type\":\"BreadcrumbList\",\"@id\":\"https:\/\/www.thecarpetwashingmachine.com\/faq-on-carpet-washing-machines-2\/#breadcrumb\",\"itemListElement\":[{\"@type\":\"ListItem\",\"position\":1,\"name\":\"Home\",\"item\":\"https:\/\/www.thecarpetwashingmachine.com\/\"},{\"@type\":\"ListItem\",\"position\":2,\"name\":\"Frequently Asked Questions on Carpet Washing Machines 2\"}]},{\"@type\":\"WebSite\",\"@id\":\"https:\/\/www.thecarpetwashingmachine.com\/#website\",\"url\":\"https:\/\/www.thecarpetwashingmachine.com\/\",\"name\":\"Hal\u0131 Y\u0131kama Makinesi\",\"description\":\"Hal\u0131 y\u0131kama makinesi t\u00fcm d\u00fcnyada!\",\"potentialAction\":[{\"@type\":\"SearchAction\",\"target\":{\"@type\":\"EntryPoint\",\"urlTemplate\":\"https:\/\/www.thecarpetwashingmachine.com\/?s={search_term_string}\"},\"query-input\":{\"@type\":\"PropertyValueSpecification\",\"valueRequired\":true,\"valueName\":\"search_term_string\"}}],\"inLanguage\":\"tr\"}]}<\/script>\n<!-- \/ Yoast SEO plugin. -->","yoast_head_json":{"title":"Hal\u0131 Y\u0131kama Makineleri Hakk\u0131nda S\u0131k\u00e7a Sorulan Sorular 2  - Hal\u0131 Y\u0131kama Makinesi","description":"Hal\u0131 y\u0131kama makinelerimiz hakk\u0131nda SSS. Garanti , kurulum , \u00f6zelle\u015ftirme ve performans detaylar\u0131n\u0131 \u00f6\u011frenin.","robots":{"index":"index","follow":"follow","max-snippet":"max-snippet:-1","max-image-preview":"max-image-preview:large","max-video-preview":"max-video-preview:-1"},"canonical":"https:\/\/www.thecarpetwashingmachine.com\/faq-on-carpet-washing-machines-2\/","og_locale":"tr_TR","og_type":"article","og_title":"Hal\u0131 Y\u0131kama Makineleri Hakk\u0131nda S\u0131k\u00e7a Sorulan Sorular 2  - Hal\u0131 Y\u0131kama Makinesi","og_description":"Hal\u0131 y\u0131kama makinelerimiz hakk\u0131nda SSS. Garanti , kurulum , \u00f6zelle\u015ftirme ve performans detaylar\u0131n\u0131 \u00f6\u011frenin.","og_url":"https:\/\/www.thecarpetwashingmachine.com\/faq-on-carpet-washing-machines-2\/","og_site_name":"Hal\u0131 Y\u0131kama Makinesi","article_publisher":"http:\/\/www.facebook.com\/carpetwashingmachine","article_modified_time":"2025-07-07T09:54:21+00:00","og_image":[{"width":826,"height":390,"url":"https:\/\/www.thecarpetwashingmachine.com\/wp-content\/uploads\/2025\/01\/hali-yikama-makinasi-kullanimi-1.jpg","type":"image\/jpeg"}],"twitter_card":"summary_large_image","twitter_misc":{"Tahmini okuma s\u00fcresi":"2 dakika"},"schema":{"@context":"https:\/\/schema.org","@graph":[{"@type":"WebPage","@id":"https:\/\/www.thecarpetwashingmachine.com\/faq-on-carpet-washing-machines-2\/","url":"https:\/\/www.thecarpetwashingmachine.com\/faq-on-carpet-washing-machines-2\/","name":"Hal\u0131 Y\u0131kama Makineleri Hakk\u0131nda S\u0131k\u00e7a Sorulan Sorular 2 - Hal\u0131 Y\u0131kama Makinesi","isPartOf":{"@id":"https:\/\/www.thecarpetwashingmachine.com\/#website"},"primaryImageOfPage":{"@id":"https:\/\/www.thecarpetwashingmachine.com\/faq-on-carpet-washing-machines-2\/#primaryimage"},"image":{"@id":"https:\/\/www.thecarpetwashingmachine.com\/faq-on-carpet-washing-machines-2\/#primaryimage"},"thumbnailUrl":"https:\/\/www.thecarpetwashingmachine.com\/wp-content\/uploads\/2025\/01\/hali-yikama-makinasi-kullanimi-1.jpg","datePublished":"2025-06-25T06:51:20+00:00","dateModified":"2025-07-07T09:54:21+00:00","description":"\u041a\u043e\u0432\u0440\u043e\u043c\u043e\u0435\u0447\u043d\u044b\u0435 \u043c\u0430\u0448\u0438\u043d\u044b: 1 \u0433\u043e\u0434 \u0433\u0430\u0440\u0430\u043d\u0442\u0438\u0438, \u0433\u043e\u0442\u043e\u0432\u044b. \u041d\u0430\u0441\u0442\u0440\u0430\u0438\u0432\u0430\u0435\u043c\u044b\u0435, \u043f\u043e\u0434\u0434\u0435\u0440\u0436\u043a\u0430\/\u0437\u0430\u043f\u0447\u0430\u0441\u0442\u0438. \u0427\u0438\u0441\u0442\u044f\u0442 \u0432\u0441\u0435 \u043a\u043e\u0432\u0440\u044b \u043b\u0435\u0433\u043a\u043e, \u043f\u043e\u043b\u043d\u043e\u0441\u0442\u044c\u044e \u0430\u0432\u0442\u043e\u043c\u0430\u0442\u0438\u0447\u0435\u0441\u043a\u0438\u0435.","breadcrumb":{"@id":"https:\/\/www.thecarpetwashingmachine.com\/faq-on-carpet-washing-machines-2\/#breadcrumb"},"inLanguage":"tr","potentialAction":[{"@type":"ReadAction","target":["https:\/\/www.thecarpetwashingmachine.com\/faq-on-carpet-washing-machines-2\/"]}]},{"@type":"ImageObject","inLanguage":"tr","@id":"https:\/\/www.thecarpetwashingmachine.com\/faq-on-carpet-washing-machines-2\/#primaryimage","url":"https:\/\/www.thecarpetwashingmachine.com\/wp-content\/uploads\/2025\/01\/hali-yikama-makinasi-kullanimi-1.jpg","contentUrl":"https:\/\/www.thecarpetwashingmachine.com\/wp-content\/uploads\/2025\/01\/hali-yikama-makinasi-kullanimi-1.jpg"},{"@type":"BreadcrumbList","@id":"https:\/\/www.thecarpetwashingmachine.com\/faq-on-carpet-washing-machines-2\/#breadcrumb","itemListElement":[{"@type":"ListItem","position":1,"name":"Home","item":"https:\/\/www.thecarpetwashingmachine.com\/"},{"@type":"ListItem","position":2,"name":"Frequently Asked Questions on Carpet Washing Machines 2"}]},{"@type":"WebSite","@id":"https:\/\/www.thecarpetwashingmachine.com\/#website","url":"https:\/\/www.thecarpetwashingmachine.com\/","name":"Hal\u0131 Y\u0131kama Makinesi","description":"Hal\u0131 y\u0131kama makinesi t\u00fcm d\u00fcnyada!","potentialAction":[{"@type":"SearchAction","target":{"@type":"EntryPoint","urlTemplate":"https:\/\/www.thecarpetwashingmachine.com\/?s={search_term_string}"},"query-input":{"@type":"PropertyValueSpecification","valueRequired":true,"valueName":"search_term_string"}}],"inLanguage":"tr"}]}},"_links":{"self":[{"href":"https:\/\/www.thecarpetwashingmachine.com\/tr\/wp-json\/wp\/v2\/pages\/980","targetHints":{"allow":["GET"]}}],"collection":[{"href":"https:\/\/www.thecarpetwashingmachine.com\/tr\/wp-json\/wp\/v2\/pages"}],"about":[{"href":"https:\/\/www.thecarpetwashingmachine.com\/tr\/wp-json\/wp\/v2\/types\/page"}],"author":[{"embeddable":true,"href":"https:\/\/www.thecarpetwashingmachine.com\/tr\/wp-json\/wp\/v2\/users\/1"}],"replies":[{"embeddable":true,"href":"https:\/\/www.thecarpetwashingmachine.com\/tr\/wp-json\/wp\/v2\/comments?post=980"}],"version-history":[{"count":26,"href":"https:\/\/www.thecarpetwashingmachine.com\/tr\/wp-json\/wp\/v2\/pages\/980\/revisions"}],"predecessor-version":[{"id":1942,"href":"https:\/\/www.thecarpetwashingmachine.com\/tr\/wp-json\/wp\/v2\/pages\/980\/revisions\/1942"}],"wp:attachment":[{"href":"https:\/\/www.thecarpetwashingmachine.com\/tr\/wp-json\/wp\/v2\/media?parent=980"}],"curies":[{"name":"wp","href":"https:\/\/api.w.org\/{rel}","templated":true}]}}