{"id":917,"date":"2025-06-20T12:17:10","date_gmt":"2025-06-20T12:17:10","guid":{"rendered":"https:\/\/www.thecarpetwashingmachine.com\/?page_id=917"},"modified":"2025-07-07T11:25:22","modified_gmt":"2025-07-07T11:25:22","slug":"carpet-washing-machine-troubleshooting","status":"publish","type":"page","link":"https:\/\/www.thecarpetwashingmachine.com\/tr\/carpet-washing-machine-troubleshooting\/","title":{"rendered":"Hal\u0131 Y\u0131kama Makinesi Ar\u0131za Giderme"},"content":{"rendered":"<div class=\"wp-block-image\">\n<figure class=\"aligncenter\"><img loading=\"lazy\" decoding=\"async\" width=\"826\" height=\"390\" src=\"https:\/\/www.thecarpetwashingmachine.com\/wp-content\/uploads\/2025\/01\/hali-yikama-makinasi-kullanimi-1.jpg\" alt=\"hal\u0131 y\u0131kama makinesi ar\u0131za giderme\" class=\"wp-image-384\" srcset=\"https:\/\/www.thecarpetwashingmachine.com\/wp-content\/uploads\/2025\/01\/hali-yikama-makinasi-kullanimi-1.jpg 826w, https:\/\/www.thecarpetwashingmachine.com\/wp-content\/uploads\/2025\/01\/hali-yikama-makinasi-kullanimi-1-300x142.jpg 300w, https:\/\/www.thecarpetwashingmachine.com\/wp-content\/uploads\/2025\/01\/hali-yikama-makinasi-kullanimi-1-768x363.jpg 768w\" sizes=\"auto, (max-width: 826px) 100vw, 826px\" \/><\/figure><\/div>\n\n\n<p><\/p>\n\n\n\n<p><a href=\"https:\/\/www.thecarpetwashingmachine.com\/tr\/automatic-carpet-washing-machine-er-4200\/\">Otomatik bir hal\u0131 y\u0131kama makinesi<\/a>, herhangi bir profesyonel temizlik i\u015fletmesi i\u00e7in kritik bir varl\u0131kt\u0131r. Beklendi\u011fi gibi \u00e7al\u0131\u015fmad\u0131\u011f\u0131nda, i\u015flerinizde an\u0131nda aksamalar ya\u015fanabilir. Belirli ar\u0131zalar uzman m\u00fcdahalesi gerektirse de, bir\u00e7ok yayg\u0131n sorun sistematik hal\u0131 y\u0131kama makinesi sorun giderme y\u00f6ntemleriyle belirlenip \u00e7\u00f6z\u00fclebilir.<\/p>\n\n\n\n<h3 class=\"wp-block-heading\"><strong>Ad\u0131m 1: Her Zaman \u00d6nce G\u00fcvenlik!<\/strong><\/h3>\n\n\n\n<p>Herhangi bir inceleme veya onar\u0131ma ba\u015flamadan \u00f6nce en \u00f6nemli \u00f6nceli\u011finiz g\u00fcvenlik olmal\u0131d\u0131r. Her zaman \u015funlar\u0131 unutmay\u0131n:<\/p>\n\n\n\n<ul class=\"wp-block-list\">\n<li>Makineyi derhal kapat\u0131n ve g\u00fc\u00e7 kayna\u011f\u0131ndan fi\u015fini \u00e7ekin.<\/li>\n\n\n\n<li>Makineye ba\u011fl\u0131ysa su beslemesini kapat\u0131n.<\/li>\n\n\n\n<li>Makine bir s\u00fcredir \u00e7al\u0131\u015f\u0131yorsa s\u0131cak bile\u015fenlerin so\u011fumas\u0131n\u0131 bekleyin.<\/li>\n\n\n\n<li>\u00d6zellikle su, kimyasallar veya hareketli par\u00e7alarla u\u011fra\u015f\u0131yorsan\u0131z eldiven ve g\u00fcvenlik g\u00f6zl\u00fc\u011f\u00fc gibi uygun ki\u015fisel koruyucu ekipman (KKE) kullan\u0131n.<\/li>\n<\/ul>\n\n\n\n<h3 class=\"wp-block-heading\"><strong>Ad\u0131m 2: Sorunu Belirleyin: Neler Oluyor?<\/strong><\/h3>\n\n\n\n<p>Problemin belirtilerini net bir \u015fekilde anlamak \u00e7ok \u00f6nemlidir. Dikkatlice g\u00f6zlemleyin ve kendinize sorun:<\/p>\n\n\n\n<ul class=\"wp-block-list\">\n<li>Tam olarak ne oluyor? A\u00e7\u0131lm\u0131yor mu, f\u0131r\u00e7alar d\u00f6nm\u00fcyor mu, su ak\u0131\u015f\u0131 yok mu, yoksa al\u0131\u015f\u0131lmad\u0131k bir ses mi \u00e7\u0131kar\u0131yor?<\/li>\n\n\n\n<li>Sorun ne zaman ba\u015flad\u0131? Aniden mi, belirli bir \u00e7al\u0131\u015fma s\u00fcresinden sonra m\u0131, yoksa rutin bir bak\u0131mdan sonra m\u0131 ortaya \u00e7\u0131kt\u0131?<\/li>\n\n\n\n<li>Herhangi bir hata kodu veya g\u00f6sterge \u0131\u015f\u0131\u011f\u0131 yan\u0131yor mu? Bu kodlar\u0131n anlam\u0131n\u0131 \u00f6\u011frenmek i\u00e7in makinenizin k\u0131lavuzunu kontrol edin.<\/li>\n\n\n\n<li>G\u00f6zle g\u00f6r\u00fcl\u00fcr bir hasar var m\u0131? Gev\u015fek kablolar, s\u0131z\u0131nt\u0131lar veya bariz engeller gibi \u015feylere bak\u0131n.<\/li>\n<\/ul>\n\n\n\n<h3 class=\"wp-block-heading\"><strong>Ad\u0131m 3: K\u0131lavuzunuz En \u0130yi Dostunuzdur<\/strong><\/h3>\n\n\n\n<p>Basit gibi g\u00f6r\u00fcnse de, operat\u00f6r k\u0131lavuzunuz s\u0131k\u00e7a g\u00f6zden ka\u00e7\u0131r\u0131lan paha bi\u00e7ilmez bir ara\u00e7t\u0131r. \u0130\u00e7inde \u00e7ok \u00f6nemli bilgiler bulunur:<\/p>\n\n\n\n<ul class=\"wp-block-list\">\n<li>Sorun giderme k\u0131lavuzlar\u0131: \u00c7o\u011fu k\u0131lavuz, yayg\u0131n ar\u0131zalara ve \u00e7\u00f6z\u00fcmlerine ayr\u0131lm\u0131\u015f b\u00f6l\u00fcmler i\u00e7erir.<\/li>\n\n\n\n<li>Hata kodu a\u00e7\u0131klamalar\u0131: Makinenizin size ne anlatmaya \u00e7al\u0131\u015ft\u0131\u011f\u0131n\u0131 anlamak i\u00e7in hayati \u00f6neme sahiptir.<\/li>\n\n\n\n<li>Diyagramlar: Belirli par\u00e7alar\u0131 ve konumlar\u0131n\u0131 belirlemek i\u00e7in yard\u0131mc\u0131 olur.<\/li>\n\n\n\n<li>Bak\u0131m \u00e7izelgeleri: Bazen bir ar\u0131za, sadece rutin bak\u0131m\u0131n gecikti\u011finin bir i\u015faretidir.<\/li>\n<\/ul>\n\n\n\n<h3 class=\"wp-block-heading\"><strong>Ad\u0131m 4: Temel Kontrolleri Yap\u0131n (&#8220;Fi\u015fi Tak\u0131l\u0131 m\u0131?&#8221; A\u015famas\u0131)<\/strong><\/h3>\n\n\n\n<p>B\u00fcy\u00fck bir ar\u0131za oldu\u011funu varsaymadan \u00f6nce, her zaman bu temel kontrolleri yap\u0131n:<\/p>\n\n\n\n<ul class=\"wp-block-list\">\n<li>G\u00fc\u00e7 Kayna\u011f\u0131: Makine \u00e7al\u0131\u015fan bir prize g\u00fcvenli bir \u015fekilde tak\u0131l\u0131 m\u0131? Bir sigorta m\u0131 atm\u0131\u015f veya devre kesici mi devreye girmi\u015f ?<\/li>\n\n\n\n<li>Su Beslemesi: Su muslu\u011fu tamamen a\u00e7\u0131k m\u0131? Hortumlar k\u0131vr\u0131lm\u0131\u015f veya t\u0131kanm\u0131\u015f m\u0131? Yeterli su bas\u0131nc\u0131 var m\u0131?<\/li>\n\n\n\n<li>Deterjan Seviyeleri: Kimyasal tanklar bo\u015f mu? Baz\u0131 makinelerde kimyasal olmadan \u00e7al\u0131\u015fmay\u0131 \u00f6nleyen g\u00fcvenlik kesiciler bulunur.<\/li>\n\n\n\n<li>Acil Durdurma: Acil durdurma d\u00fc\u011fmesi devrede mi? E\u011fer \u00f6yleyse, devreden \u00e7\u0131kar\u0131n ve makineyi tekrar \u00e7al\u0131\u015ft\u0131rmay\u0131 deneyin.<\/li>\n<\/ul>\n\n\n\n<h3 class=\"wp-block-heading\"><strong>Ad\u0131m 5: T\u0131kan\u0131kl\u0131k ve Engelleri Kontrol Edin<\/strong><\/h3>\n\n\n\n<p>Bir\u00e7ok ar\u0131za basit fiziksel t\u0131kan\u0131kl\u0131klardan kaynaklan\u0131r. Bu yayg\u0131n nedenleri kontrol edin:<\/p>\n\n\n\n<ul class=\"wp-block-list\">\n<li>F\u0131r\u00e7alar: F\u0131r\u00e7a \u015faftlar\u0131n\u0131n etraf\u0131na dolanm\u0131\u015f hal\u0131 lifleri, sa\u00e7 veya kir var m\u0131?<\/li>\n\n\n\n<li>Konvey\u00f6r Bant: Bant mekanizmas\u0131na veya alt\u0131na, hareketini engelleyen bir \u015fey s\u0131k\u0131\u015fm\u0131\u015f m\u0131?<\/li>\n\n\n\n<li>Nozullar ve Borular: Sprey nozullar tortu ile t\u0131kal\u0131 m\u0131? Drenaj borular\u0131 t\u0131kan\u0131kl\u0131klardan ar\u0131nd\u0131r\u0131lm\u0131\u015f m\u0131?<\/li>\n\n\n\n<li>Filtreler: Makinenizin bir filtresi varsa, t\u00fcy veya kir ile t\u0131kal\u0131 m\u0131?<\/li>\n<\/ul>\n\n\n\n<h3 class=\"wp-block-heading\"><strong>Ad\u0131m 6: Temel Bak\u0131m Kontrolleri<\/strong><\/h3>\n\n\n\n<p>Bazen, rutin bak\u0131m\u0131 ihmal etmek beklenmedik sorunlara yol a\u00e7abilir. Bunlara h\u0131zl\u0131ca bir g\u00f6z at\u0131n:<\/p>\n\n\n\n<ul class=\"wp-block-list\">\n<li>Ya\u011flama: Yataklar, zincirler veya di\u015fliler gibi t\u00fcm hareketli par\u00e7alar k\u0131lavuzunuza g\u00f6re uygun \u015fekilde ya\u011flanm\u0131\u015f m\u0131?<\/li>\n\n\n\n<li>Kay\u0131\u015f Gerginli\u011fi: Tahrik kay\u0131\u015flar\u0131 gev\u015fek veya a\u015f\u0131nma belirtisi g\u00f6steriyor mu?<\/li>\n\n\n\n<li>Ba\u011flant\u0131lar: T\u00fcm elektrik ba\u011flant\u0131lar\u0131 ve hortumlar sa\u011flam m\u0131, s\u0131z\u0131nt\u0131 veya a\u015f\u0131nma belirtisi yok mu?<\/li>\n<\/ul>\n\n\n\n<h3 class=\"wp-block-heading\"><strong>Ad\u0131m 7: Her \u015eeyi Belgeleyin<\/strong><\/h3>\n\n\n\n<p>G\u00f6zlemlerinizi ve eylemlerinizi kaydetmek iyi bir uygulamad\u0131r. Bu bilgiler, nihayetinde bir profesyoneli araman\u0131z gerekirse son derece yard\u0131mc\u0131 olacakt\u0131r:<\/p>\n\n\n\n<ul class=\"wp-block-list\">\n<li>Ar\u0131zan\u0131n, hata kodlar\u0131n\u0131n veya \u015f\u00fcpheli bile\u015fenlerin foto\u011fraflar\u0131n\u0131 veya videolar\u0131n\u0131 \u00e7ekin.<\/li>\n\n\n\n<li>Att\u0131\u011f\u0131n\u0131z ad\u0131mlar\u0131 ve her bir eylemin sonu\u00e7lar\u0131n\u0131 not al\u0131n.<\/li>\n<\/ul>\n\n\n\n<h3 class=\"wp-block-heading\"><strong>Ad\u0131m 8: Bir Profesyoneli Arama Zaman\u0131 Geldi\u011finde<\/strong><\/h3>\n\n\n\n<p>Temel hal\u0131 y\u0131kama makinesi sorun giderme y\u00f6ntemleri size zaman ve para kazand\u0131rsa da, s\u0131n\u0131rlar\u0131n\u0131z\u0131 bilmek \u00e7ok \u00f6nemlidir. A\u015fa\u011f\u0131daki durumlarda sertifikal\u0131 bir teknisyen veya makinenizin tedarik\u00e7isiyle ileti\u015fime ge\u00e7me zaman\u0131 gelmi\u015ftir:<\/p>\n\n\n\n<ul class=\"wp-block-list\">\n<li>Temel sorun giderme ad\u0131mlar\u0131n\u0131 uygulad\u0131ktan sonra sorunu belirleyemiyorsan\u0131z.<\/li>\n\n\n\n<li>K\u0131lavuzunuz, \u00f6zellikle elektrikli veya karma\u015f\u0131k mekanik sistemlerle ilgili olarak teknik becerilerinizin \u00f6tesinde bir onar\u0131m \u00f6neriyorsa.<\/li>\n\n\n\n<li>Sorun, uygun e\u011fitim olmadan ele al\u0131nmas\u0131 tehlikeli olabilecek y\u00fcksek voltajl\u0131 veya bas\u0131n\u00e7l\u0131 sistemleri i\u00e7eriyorsa.<\/li>\n\n\n\n<li>Onar\u0131m\u0131 kendiniz yapmaya \u00e7al\u0131\u015fman\u0131z makinenizin garantisini ge\u00e7ersiz k\u0131labilirse.<\/li>\n\n\n\n<li>Makine hala garanti kapsam\u0131ndaysa \u2013 her zaman \u00f6nce rehberlik i\u00e7in tedarik\u00e7iyle ileti\u015fime ge\u00e7in.<\/li>\n<\/ul>\n","protected":false},"excerpt":{"rendered":"<p>Otomatik bir hal\u0131 y\u0131kama makinesi, herhangi bir profesyonel temizlik i\u015fletmesi i\u00e7in kritik bir varl\u0131kt\u0131r. Beklendi\u011fi gibi \u00e7al\u0131\u015fmad\u0131\u011f\u0131nda, i\u015flerinizde an\u0131nda aksamalar ya\u015fanabilir. Belirli ar\u0131zalar uzman m\u00fcdahalesi&hellip;<\/p>\n","protected":false},"author":1,"featured_media":0,"parent":0,"menu_order":0,"comment_status":"closed","ping_status":"closed","template":"","meta":{"footnotes":""},"class_list":["post-917","page","type-page","status-publish","hentry"],"translation":{"provider":"WPGlobus","version":"3.0.0","language":"tr","enabled_languages":["en","tr","fr","ar","es","de","pt","ru"],"languages":{"en":{"title":true,"content":true,"excerpt":false},"tr":{"title":true,"content":true,"excerpt":false},"fr":{"title":true,"content":true,"excerpt":false},"ar":{"title":true,"content":true,"excerpt":false},"es":{"title":true,"content":true,"excerpt":false},"de":{"title":true,"content":true,"excerpt":false},"pt":{"title":true,"content":true,"excerpt":false},"ru":{"title":true,"content":true,"excerpt":false}}},"yoast_head":"<!-- This site is optimized with the Yoast SEO plugin v24.7 - https:\/\/yoast.com\/wordpress\/plugins\/seo\/ -->\n<title>Hal\u0131 Y\u0131kama Makinesi Ar\u0131za Giderme - Hal\u0131 Y\u0131kama Makinesi<\/title>\n<meta name=\"description\" content=\"Hal\u0131 y\u0131kama makinesi sorun giderme ipu\u00e7lar\u0131. Ar\u0131zalar\u0131 te\u015fhis edin, g\u00fcvenli \u00e7\u00f6z\u00fcmleri \u00f6\u011frenin ve ne zaman destek alaca\u011f\u0131n\u0131z\u0131 bilin.\" \/>\n<meta name=\"robots\" content=\"index, follow, max-snippet:-1, max-image-preview:large, max-video-preview:-1\" \/>\n<link rel=\"canonical\" href=\"https:\/\/www.thecarpetwashingmachine.com\/carpet-washing-machine-troubleshooting\/\" \/>\n<meta property=\"og:locale\" content=\"tr_TR\" \/>\n<meta property=\"og:type\" content=\"article\" \/>\n<meta property=\"og:title\" content=\"Hal\u0131 Y\u0131kama Makinesi Ar\u0131za Giderme - Hal\u0131 Y\u0131kama Makinesi\" \/>\n<meta property=\"og:description\" content=\"Hal\u0131 y\u0131kama makinesi sorun giderme ipu\u00e7lar\u0131. Ar\u0131zalar\u0131 te\u015fhis edin, g\u00fcvenli \u00e7\u00f6z\u00fcmleri \u00f6\u011frenin ve ne zaman destek alaca\u011f\u0131n\u0131z\u0131 bilin.\" \/>\n<meta property=\"og:url\" content=\"https:\/\/www.thecarpetwashingmachine.com\/carpet-washing-machine-troubleshooting\/\" \/>\n<meta property=\"og:site_name\" content=\"Hal\u0131 Y\u0131kama Makinesi\" \/>\n<meta property=\"article:publisher\" content=\"http:\/\/www.facebook.com\/carpetwashingmachine\" \/>\n<meta property=\"article:modified_time\" content=\"2025-07-07T11:25:22+00:00\" \/>\n<meta property=\"og:image\" content=\"https:\/\/www.thecarpetwashingmachine.com\/wp-content\/uploads\/2025\/01\/hali-yikama-makinasi-kullanimi-1.jpg\" \/>\n\t<meta property=\"og:image:width\" content=\"826\" \/>\n\t<meta property=\"og:image:height\" content=\"390\" \/>\n\t<meta property=\"og:image:type\" content=\"image\/jpeg\" \/>\n<meta name=\"twitter:card\" content=\"summary_large_image\" \/>\n<meta name=\"twitter:label1\" content=\"Tahmini okuma s\u00fcresi\" \/>\n\t<meta name=\"twitter:data1\" content=\"3 dakika\" \/>\n<script type=\"application\/ld+json\" class=\"yoast-schema-graph\">{\"@context\":\"https:\/\/schema.org\",\"@graph\":[{\"@type\":\"WebPage\",\"@id\":\"https:\/\/www.thecarpetwashingmachine.com\/carpet-washing-machine-troubleshooting\/\",\"url\":\"https:\/\/www.thecarpetwashingmachine.com\/carpet-washing-machine-troubleshooting\/\",\"name\":\"Hal\u0131 Y\u0131kama Makinesi Ar\u0131za Giderme - Hal\u0131 Y\u0131kama Makinesi\",\"isPartOf\":{\"@id\":\"https:\/\/www.thecarpetwashingmachine.com\/#website\"},\"primaryImageOfPage\":{\"@id\":\"https:\/\/www.thecarpetwashingmachine.com\/carpet-washing-machine-troubleshooting\/#primaryimage\"},\"image\":{\"@id\":\"https:\/\/www.thecarpetwashingmachine.com\/carpet-washing-machine-troubleshooting\/#primaryimage\"},\"thumbnailUrl\":\"https:\/\/www.thecarpetwashingmachine.com\/wp-content\/uploads\/2025\/01\/hali-yikama-makinasi-kullanimi-1.jpg\",\"datePublished\":\"2025-06-20T12:17:10+00:00\",\"dateModified\":\"2025-07-07T11:25:22+00:00\",\"description\":\"\u0411\u044b\u0441\u0442\u0440\u043e \u0443\u0441\u0442\u0440\u0430\u043d\u044f\u0439\u0442\u0435 \u043d\u0435\u0438\u0441\u043f\u0440\u0430\u0432\u043d\u043e\u0441\u0442\u0438 \u043a\u043e\u0432\u0440\u043e\u043c\u043e\u0435\u0447\u043d\u044b\u0445 \u043c\u0430\u0448\u0438\u043d. \u0414\u0438\u0430\u0433\u043d\u043e\u0441\u0442\u0438\u0440\u0443\u0439\u0442\u0435 \u0438 \u0440\u0435\u0448\u0430\u0439\u0442\u0435 \u043f\u0440\u043e\u0431\u043b\u0435\u043c\u044b \u0441 \u043d\u0430\u0448\u0438\u043c \u0440\u0443\u043a\u043e\u0432\u043e\u0434\u0441\u0442\u0432\u043e\u043c.\",\"breadcrumb\":{\"@id\":\"https:\/\/www.thecarpetwashingmachine.com\/carpet-washing-machine-troubleshooting\/#breadcrumb\"},\"inLanguage\":\"tr\",\"potentialAction\":[{\"@type\":\"ReadAction\",\"target\":[\"https:\/\/www.thecarpetwashingmachine.com\/carpet-washing-machine-troubleshooting\/\"]}]},{\"@type\":\"ImageObject\",\"inLanguage\":\"tr\",\"@id\":\"https:\/\/www.thecarpetwashingmachine.com\/carpet-washing-machine-troubleshooting\/#primaryimage\",\"url\":\"https:\/\/www.thecarpetwashingmachine.com\/wp-content\/uploads\/2025\/01\/hali-yikama-makinasi-kullanimi-1.jpg\",\"contentUrl\":\"https:\/\/www.thecarpetwashingmachine.com\/wp-content\/uploads\/2025\/01\/hali-yikama-makinasi-kullanimi-1.jpg\"},{\"@type\":\"BreadcrumbList\",\"@id\":\"https:\/\/www.thecarpetwashingmachine.com\/carpet-washing-machine-troubleshooting\/#breadcrumb\",\"itemListElement\":[{\"@type\":\"ListItem\",\"position\":1,\"name\":\"Home\",\"item\":\"https:\/\/www.thecarpetwashingmachine.com\/\"},{\"@type\":\"ListItem\",\"position\":2,\"name\":\"Carpet Washing Machine Troubleshooting\"}]},{\"@type\":\"WebSite\",\"@id\":\"https:\/\/www.thecarpetwashingmachine.com\/#website\",\"url\":\"https:\/\/www.thecarpetwashingmachine.com\/\",\"name\":\"Hal\u0131 Y\u0131kama Makinesi\",\"description\":\"Hal\u0131 y\u0131kama makinesi t\u00fcm d\u00fcnyada!\",\"potentialAction\":[{\"@type\":\"SearchAction\",\"target\":{\"@type\":\"EntryPoint\",\"urlTemplate\":\"https:\/\/www.thecarpetwashingmachine.com\/?s={search_term_string}\"},\"query-input\":{\"@type\":\"PropertyValueSpecification\",\"valueRequired\":true,\"valueName\":\"search_term_string\"}}],\"inLanguage\":\"tr\"}]}<\/script>\n<!-- \/ Yoast SEO plugin. -->","yoast_head_json":{"title":"Hal\u0131 Y\u0131kama Makinesi Ar\u0131za Giderme - Hal\u0131 Y\u0131kama Makinesi","description":"Hal\u0131 y\u0131kama makinesi sorun giderme ipu\u00e7lar\u0131. Ar\u0131zalar\u0131 te\u015fhis edin, g\u00fcvenli \u00e7\u00f6z\u00fcmleri \u00f6\u011frenin ve ne zaman destek alaca\u011f\u0131n\u0131z\u0131 bilin.","robots":{"index":"index","follow":"follow","max-snippet":"max-snippet:-1","max-image-preview":"max-image-preview:large","max-video-preview":"max-video-preview:-1"},"canonical":"https:\/\/www.thecarpetwashingmachine.com\/carpet-washing-machine-troubleshooting\/","og_locale":"tr_TR","og_type":"article","og_title":"Hal\u0131 Y\u0131kama Makinesi Ar\u0131za Giderme - Hal\u0131 Y\u0131kama Makinesi","og_description":"Hal\u0131 y\u0131kama makinesi sorun giderme ipu\u00e7lar\u0131. Ar\u0131zalar\u0131 te\u015fhis edin, g\u00fcvenli \u00e7\u00f6z\u00fcmleri \u00f6\u011frenin ve ne zaman destek alaca\u011f\u0131n\u0131z\u0131 bilin.","og_url":"https:\/\/www.thecarpetwashingmachine.com\/carpet-washing-machine-troubleshooting\/","og_site_name":"Hal\u0131 Y\u0131kama Makinesi","article_publisher":"http:\/\/www.facebook.com\/carpetwashingmachine","article_modified_time":"2025-07-07T11:25:22+00:00","og_image":[{"width":826,"height":390,"url":"https:\/\/www.thecarpetwashingmachine.com\/wp-content\/uploads\/2025\/01\/hali-yikama-makinasi-kullanimi-1.jpg","type":"image\/jpeg"}],"twitter_card":"summary_large_image","twitter_misc":{"Tahmini okuma s\u00fcresi":"3 dakika"},"schema":{"@context":"https:\/\/schema.org","@graph":[{"@type":"WebPage","@id":"https:\/\/www.thecarpetwashingmachine.com\/carpet-washing-machine-troubleshooting\/","url":"https:\/\/www.thecarpetwashingmachine.com\/carpet-washing-machine-troubleshooting\/","name":"Hal\u0131 Y\u0131kama Makinesi Ar\u0131za Giderme - Hal\u0131 Y\u0131kama Makinesi","isPartOf":{"@id":"https:\/\/www.thecarpetwashingmachine.com\/#website"},"primaryImageOfPage":{"@id":"https:\/\/www.thecarpetwashingmachine.com\/carpet-washing-machine-troubleshooting\/#primaryimage"},"image":{"@id":"https:\/\/www.thecarpetwashingmachine.com\/carpet-washing-machine-troubleshooting\/#primaryimage"},"thumbnailUrl":"https:\/\/www.thecarpetwashingmachine.com\/wp-content\/uploads\/2025\/01\/hali-yikama-makinasi-kullanimi-1.jpg","datePublished":"2025-06-20T12:17:10+00:00","dateModified":"2025-07-07T11:25:22+00:00","description":"\u0411\u044b\u0441\u0442\u0440\u043e \u0443\u0441\u0442\u0440\u0430\u043d\u044f\u0439\u0442\u0435 \u043d\u0435\u0438\u0441\u043f\u0440\u0430\u0432\u043d\u043e\u0441\u0442\u0438 \u043a\u043e\u0432\u0440\u043e\u043c\u043e\u0435\u0447\u043d\u044b\u0445 \u043c\u0430\u0448\u0438\u043d. \u0414\u0438\u0430\u0433\u043d\u043e\u0441\u0442\u0438\u0440\u0443\u0439\u0442\u0435 \u0438 \u0440\u0435\u0448\u0430\u0439\u0442\u0435 \u043f\u0440\u043e\u0431\u043b\u0435\u043c\u044b \u0441 \u043d\u0430\u0448\u0438\u043c \u0440\u0443\u043a\u043e\u0432\u043e\u0434\u0441\u0442\u0432\u043e\u043c.","breadcrumb":{"@id":"https:\/\/www.thecarpetwashingmachine.com\/carpet-washing-machine-troubleshooting\/#breadcrumb"},"inLanguage":"tr","potentialAction":[{"@type":"ReadAction","target":["https:\/\/www.thecarpetwashingmachine.com\/carpet-washing-machine-troubleshooting\/"]}]},{"@type":"ImageObject","inLanguage":"tr","@id":"https:\/\/www.thecarpetwashingmachine.com\/carpet-washing-machine-troubleshooting\/#primaryimage","url":"https:\/\/www.thecarpetwashingmachine.com\/wp-content\/uploads\/2025\/01\/hali-yikama-makinasi-kullanimi-1.jpg","contentUrl":"https:\/\/www.thecarpetwashingmachine.com\/wp-content\/uploads\/2025\/01\/hali-yikama-makinasi-kullanimi-1.jpg"},{"@type":"BreadcrumbList","@id":"https:\/\/www.thecarpetwashingmachine.com\/carpet-washing-machine-troubleshooting\/#breadcrumb","itemListElement":[{"@type":"ListItem","position":1,"name":"Home","item":"https:\/\/www.thecarpetwashingmachine.com\/"},{"@type":"ListItem","position":2,"name":"Carpet Washing Machine Troubleshooting"}]},{"@type":"WebSite","@id":"https:\/\/www.thecarpetwashingmachine.com\/#website","url":"https:\/\/www.thecarpetwashingmachine.com\/","name":"Hal\u0131 Y\u0131kama Makinesi","description":"Hal\u0131 y\u0131kama makinesi t\u00fcm d\u00fcnyada!","potentialAction":[{"@type":"SearchAction","target":{"@type":"EntryPoint","urlTemplate":"https:\/\/www.thecarpetwashingmachine.com\/?s={search_term_string}"},"query-input":{"@type":"PropertyValueSpecification","valueRequired":true,"valueName":"search_term_string"}}],"inLanguage":"tr"}]}},"_links":{"self":[{"href":"https:\/\/www.thecarpetwashingmachine.com\/tr\/wp-json\/wp\/v2\/pages\/917","targetHints":{"allow":["GET"]}}],"collection":[{"href":"https:\/\/www.thecarpetwashingmachine.com\/tr\/wp-json\/wp\/v2\/pages"}],"about":[{"href":"https:\/\/www.thecarpetwashingmachine.com\/tr\/wp-json\/wp\/v2\/types\/page"}],"author":[{"embeddable":true,"href":"https:\/\/www.thecarpetwashingmachine.com\/tr\/wp-json\/wp\/v2\/users\/1"}],"replies":[{"embeddable":true,"href":"https:\/\/www.thecarpetwashingmachine.com\/tr\/wp-json\/wp\/v2\/comments?post=917"}],"version-history":[{"count":22,"href":"https:\/\/www.thecarpetwashingmachine.com\/tr\/wp-json\/wp\/v2\/pages\/917\/revisions"}],"predecessor-version":[{"id":2010,"href":"https:\/\/www.thecarpetwashingmachine.com\/tr\/wp-json\/wp\/v2\/pages\/917\/revisions\/2010"}],"wp:attachment":[{"href":"https:\/\/www.thecarpetwashingmachine.com\/tr\/wp-json\/wp\/v2\/media?parent=917"}],"curies":[{"name":"wp","href":"https:\/\/api.w.org\/{rel}","templated":true}]}}