{"id":663,"date":"2025-06-12T11:16:45","date_gmt":"2025-06-12T11:16:45","guid":{"rendered":"https:\/\/www.thecarpetwashingmachine.com\/?page_id=663"},"modified":"2025-07-03T13:05:37","modified_gmt":"2025-07-03T13:05:37","slug":"carpet-washing-as-a-highly-perspective-and-lucrative-business-2","status":"publish","type":"page","link":"https:\/\/www.thecarpetwashingmachine.com\/tr\/carpet-washing-as-a-highly-perspective-and-lucrative-business-2\/","title":{"rendered":"Hal\u0131 Y\u0131kama: Y\u00fcksek Potansiyelli ve Karl\u0131 Bir \u0130\u015f"},"content":{"rendered":"<div class=\"wp-block-image\">\n<figure class=\"aligncenter size-full\"><img loading=\"lazy\" decoding=\"async\" width=\"750\" height=\"500\" src=\"https:\/\/www.thecarpetwashingmachine.com\/wp-content\/uploads\/2025\/07\/Untitled-design-10.png\" alt=\"Automatic carpet washing machine\" class=\"wp-image-1618\" srcset=\"https:\/\/www.thecarpetwashingmachine.com\/wp-content\/uploads\/2025\/07\/Untitled-design-10.png 750w, https:\/\/www.thecarpetwashingmachine.com\/wp-content\/uploads\/2025\/07\/Untitled-design-10-300x200.png 300w\" sizes=\"auto, (max-width: 750px) 100vw, 750px\" \/><\/figure><\/div>\n\n\n<p><\/p>\n\n\n\n<p>Hal\u0131 y\u0131kama hizmetleri son y\u0131llarda giderek daha pop\u00fcler hale geldi. Birka\u00e7 y\u0131l \u00f6nce insanlar hal\u0131 y\u0131kamay\u0131 kendileri, ev e\u015fyalar\u0131yla yaparlard\u0131. Bu durum \u00e7o\u011funlukla uluslararas\u0131 pazarda hal\u0131 y\u0131kama ekipmanlar\u0131n\u0131n \u00f6ne \u00e7\u0131kmas\u0131yla ili\u015fkili olup, pop\u00fclaritesi \u00fclkeden \u00fclkeye ve b\u00f6lgeden b\u00f6lgeye de\u011fi\u015fir. Modern ev han\u0131mlar\u0131n\u0131n hal\u0131 temizli\u011fini neden kendileri yapmak istemedi\u011finin sebebi nedir? G\u00f6r\u00fcn\u00fc\u015fe g\u00f6re cevap olduk\u00e7a basit: hal\u0131da biriken \u00e7e\u015fitli lekelerden, akarlardan ve t\u00fcm tozdan kurtulmak m\u00fcmk\u00fcn de\u011fil. Ev ko\u015fullar\u0131nda s\u00f6zde \u00f6zel kimyasal \u00fcr\u00fcnler kullanarak hal\u0131 y\u0131kad\u0131\u011f\u0131n\u0131zda, sadece hal\u0131n\u0131z\u0131 de\u011fil, temizli\u011fin yap\u0131ld\u0131\u011f\u0131 y\u00fczey olarak kendinizi de tehlikeye atm\u0131\u015f olursunuz. Yani: kimyasal \u00fcr\u00fcn duman\u0131n\u0131 soluma; hal\u0131 yap\u0131s\u0131na zarar verme; hal\u0131n\u0131z\u0131n solmas\u0131; renklerin matla\u015fmas\u0131 riskleriyle kar\u015f\u0131 kar\u015f\u0131ya kal\u0131rs\u0131n\u0131z. Yukar\u0131da belirtilen t\u00fcm nedenler, hal\u0131n\u0131n d\u0131\u015f g\u00f6r\u00fcn\u00fcm\u00fcn\u00fc korudu\u011fu ve zamandan tasarruf sa\u011flad\u0131\u011f\u0131 i\u00e7in profesyonel hal\u0131 y\u0131kamaya olan ilgiyi ve talebi art\u0131r\u0131r.<\/p>\n\n\n\n<p>\u015eu anda T\u00fcrkiye, bu t\u00fcr ekipmanlar\u0131n \u00fcretiminde ilk s\u0131rada yer al\u0131yor. Bunun nedeni ayn\u0131 zamanda bu \u00fclkenin her turistin sat\u0131n almay\u0131 hayal etti\u011fi d\u00fcnyaca \u00fcnl\u00fc hal\u0131lar \u00fcretmesidir. Bu i\u015f T\u00fcrkiye&#8217;de 30 y\u0131l\u0131 a\u015fk\u0131n s\u00fcredir geli\u015fiyor. \u00dcreticiler, k\u00fc\u00e7\u00fck hidro-ekstrakt\u00f6rlerle \u00fcretime ba\u015flad\u0131. \u015eimdilerde ise yepyeni <a href=\"https:\/\/www.thecarpetwashingmachine.com\/tr\/automatic-carpet-washing-machine-er-4200\/\">otomatik hal\u0131 y\u0131kama ekipmanlar\u0131<\/a> \u00fcretiyorlar. Bu nedenle Rusya, Romanya, Polonya ve di\u011fer \u00fclkeler bu deneyimi benimseme ve hen\u00fcz pop\u00fcler olmayan yeni bir i\u015f kurma konusunda b\u00fcy\u00fck bir f\u0131rsat yakalad\u0131lar.<\/p>\n","protected":false},"excerpt":{"rendered":"<p>Hal\u0131 y\u0131kama hizmetleri son y\u0131llarda giderek daha pop\u00fcler hale geldi. Birka\u00e7 y\u0131l \u00f6nce insanlar hal\u0131 y\u0131kamay\u0131 kendileri, ev e\u015fyalar\u0131yla yaparlard\u0131. Bu durum \u00e7o\u011funlukla uluslararas\u0131 pazarda&hellip;<\/p>\n","protected":false},"author":1,"featured_media":0,"parent":0,"menu_order":0,"comment_status":"closed","ping_status":"closed","template":"","meta":{"footnotes":""},"class_list":["post-663","page","type-page","status-publish","hentry"],"translation":{"provider":"WPGlobus","version":"3.0.0","language":"tr","enabled_languages":["en","tr","fr","ar","es","de","pt","ru"],"languages":{"en":{"title":true,"content":true,"excerpt":false},"tr":{"title":true,"content":true,"excerpt":false},"fr":{"title":true,"content":true,"excerpt":false},"ar":{"title":true,"content":true,"excerpt":false},"es":{"title":true,"content":true,"excerpt":false},"de":{"title":true,"content":true,"excerpt":false},"pt":{"title":true,"content":true,"excerpt":false},"ru":{"title":true,"content":true,"excerpt":false}}},"yoast_head":"<!-- This site is optimized with the Yoast SEO plugin v24.7 - https:\/\/yoast.com\/wordpress\/plugins\/seo\/ -->\n<title>Hal\u0131 Y\u0131kama: Y\u00fcksek Potansiyelli ve Karl\u0131 Bir \u0130\u015f - Hal\u0131 Y\u0131kama Makinesi<\/title>\n<meta name=\"description\" content=\"Hal\u0131 y\u0131kama, zaman kazand\u0131ran ve karl\u0131 bir i\u015f! Kimyasallardan ka\u00e7\u0131n\u0131n. T\u00fcrkiye&#039;nin 30 y\u0131ll\u0131k \u00fcst\u00fcn hal\u0131 y\u0131kama ekipman\u0131 deneyimini ke\u015ffedin.\" \/>\n<meta name=\"robots\" content=\"index, follow, max-snippet:-1, max-image-preview:large, max-video-preview:-1\" \/>\n<link rel=\"canonical\" href=\"https:\/\/www.thecarpetwashingmachine.com\/carpet-washing-as-a-highly-perspective-and-lucrative-business-2\/\" \/>\n<meta property=\"og:locale\" content=\"tr_TR\" \/>\n<meta property=\"og:type\" content=\"article\" \/>\n<meta property=\"og:title\" content=\"Hal\u0131 Y\u0131kama: Y\u00fcksek Potansiyelli ve Karl\u0131 Bir \u0130\u015f - Hal\u0131 Y\u0131kama Makinesi\" \/>\n<meta property=\"og:description\" content=\"Hal\u0131 y\u0131kama, zaman kazand\u0131ran ve karl\u0131 bir i\u015f! Kimyasallardan ka\u00e7\u0131n\u0131n. T\u00fcrkiye&#039;nin 30 y\u0131ll\u0131k \u00fcst\u00fcn hal\u0131 y\u0131kama ekipman\u0131 deneyimini ke\u015ffedin.\" \/>\n<meta property=\"og:url\" content=\"https:\/\/www.thecarpetwashingmachine.com\/carpet-washing-as-a-highly-perspective-and-lucrative-business-2\/\" \/>\n<meta property=\"og:site_name\" content=\"Hal\u0131 Y\u0131kama Makinesi\" \/>\n<meta property=\"article:publisher\" content=\"http:\/\/www.facebook.com\/carpetwashingmachine\" \/>\n<meta property=\"article:modified_time\" content=\"2025-07-03T13:05:37+00:00\" \/>\n<meta property=\"og:image\" content=\"https:\/\/www.thecarpetwashingmachine.com\/wp-content\/uploads\/2025\/07\/Untitled-design-10.png\" \/>\n\t<meta property=\"og:image:width\" content=\"750\" \/>\n\t<meta property=\"og:image:height\" content=\"500\" \/>\n\t<meta property=\"og:image:type\" content=\"image\/png\" \/>\n<meta name=\"twitter:card\" content=\"summary_large_image\" \/>\n<meta name=\"twitter:label1\" content=\"Tahmini okuma s\u00fcresi\" \/>\n\t<meta name=\"twitter:data1\" content=\"2 dakika\" \/>\n<script type=\"application\/ld+json\" class=\"yoast-schema-graph\">{\"@context\":\"https:\/\/schema.org\",\"@graph\":[{\"@type\":\"WebPage\",\"@id\":\"https:\/\/www.thecarpetwashingmachine.com\/carpet-washing-as-a-highly-perspective-and-lucrative-business-2\/\",\"url\":\"https:\/\/www.thecarpetwashingmachine.com\/carpet-washing-as-a-highly-perspective-and-lucrative-business-2\/\",\"name\":\"Hal\u0131 Y\u0131kama: Y\u00fcksek Potansiyelli ve Karl\u0131 Bir \u0130\u015f - Hal\u0131 Y\u0131kama Makinesi\",\"isPartOf\":{\"@id\":\"https:\/\/www.thecarpetwashingmachine.com\/#website\"},\"primaryImageOfPage\":{\"@id\":\"https:\/\/www.thecarpetwashingmachine.com\/carpet-washing-as-a-highly-perspective-and-lucrative-business-2\/#primaryimage\"},\"image\":{\"@id\":\"https:\/\/www.thecarpetwashingmachine.com\/carpet-washing-as-a-highly-perspective-and-lucrative-business-2\/#primaryimage\"},\"thumbnailUrl\":\"https:\/\/www.thecarpetwashingmachine.com\/wp-content\/uploads\/2025\/07\/Untitled-design-10.png\",\"datePublished\":\"2025-06-12T11:16:45+00:00\",\"dateModified\":\"2025-07-03T13:05:37+00:00\",\"description\":\"Professional carpet washing saves time and preserves your carpets! Avoid DIY damage. Discover Turkey's leading carpet cleaning equipment.\",\"breadcrumb\":{\"@id\":\"https:\/\/www.thecarpetwashingmachine.com\/carpet-washing-as-a-highly-perspective-and-lucrative-business-2\/#breadcrumb\"},\"inLanguage\":\"tr\",\"potentialAction\":[{\"@type\":\"ReadAction\",\"target\":[\"https:\/\/www.thecarpetwashingmachine.com\/carpet-washing-as-a-highly-perspective-and-lucrative-business-2\/\"]}]},{\"@type\":\"ImageObject\",\"inLanguage\":\"tr\",\"@id\":\"https:\/\/www.thecarpetwashingmachine.com\/carpet-washing-as-a-highly-perspective-and-lucrative-business-2\/#primaryimage\",\"url\":\"https:\/\/www.thecarpetwashingmachine.com\/wp-content\/uploads\/2025\/07\/Untitled-design-10.png\",\"contentUrl\":\"https:\/\/www.thecarpetwashingmachine.com\/wp-content\/uploads\/2025\/07\/Untitled-design-10.png\"},{\"@type\":\"BreadcrumbList\",\"@id\":\"https:\/\/www.thecarpetwashingmachine.com\/carpet-washing-as-a-highly-perspective-and-lucrative-business-2\/#breadcrumb\",\"itemListElement\":[{\"@type\":\"ListItem\",\"position\":1,\"name\":\"Home\",\"item\":\"https:\/\/www.thecarpetwashingmachine.com\/\"},{\"@type\":\"ListItem\",\"position\":2,\"name\":\"Carpet Washing as a Highly Perspective and Lucrative Business\"}]},{\"@type\":\"WebSite\",\"@id\":\"https:\/\/www.thecarpetwashingmachine.com\/#website\",\"url\":\"https:\/\/www.thecarpetwashingmachine.com\/\",\"name\":\"Hal\u0131 Y\u0131kama Makinesi\",\"description\":\"Hal\u0131 y\u0131kama makinesi t\u00fcm d\u00fcnyada!\",\"potentialAction\":[{\"@type\":\"SearchAction\",\"target\":{\"@type\":\"EntryPoint\",\"urlTemplate\":\"https:\/\/www.thecarpetwashingmachine.com\/?s={search_term_string}\"},\"query-input\":{\"@type\":\"PropertyValueSpecification\",\"valueRequired\":true,\"valueName\":\"search_term_string\"}}],\"inLanguage\":\"tr\"}]}<\/script>\n<!-- \/ Yoast SEO plugin. -->","yoast_head_json":{"title":"Hal\u0131 Y\u0131kama: Y\u00fcksek Potansiyelli ve Karl\u0131 Bir \u0130\u015f - Hal\u0131 Y\u0131kama Makinesi","description":"Hal\u0131 y\u0131kama, zaman kazand\u0131ran ve karl\u0131 bir i\u015f! Kimyasallardan ka\u00e7\u0131n\u0131n. T\u00fcrkiye'nin 30 y\u0131ll\u0131k \u00fcst\u00fcn hal\u0131 y\u0131kama ekipman\u0131 deneyimini ke\u015ffedin.","robots":{"index":"index","follow":"follow","max-snippet":"max-snippet:-1","max-image-preview":"max-image-preview:large","max-video-preview":"max-video-preview:-1"},"canonical":"https:\/\/www.thecarpetwashingmachine.com\/carpet-washing-as-a-highly-perspective-and-lucrative-business-2\/","og_locale":"tr_TR","og_type":"article","og_title":"Hal\u0131 Y\u0131kama: Y\u00fcksek Potansiyelli ve Karl\u0131 Bir \u0130\u015f - Hal\u0131 Y\u0131kama Makinesi","og_description":"Hal\u0131 y\u0131kama, zaman kazand\u0131ran ve karl\u0131 bir i\u015f! Kimyasallardan ka\u00e7\u0131n\u0131n. T\u00fcrkiye'nin 30 y\u0131ll\u0131k \u00fcst\u00fcn hal\u0131 y\u0131kama ekipman\u0131 deneyimini ke\u015ffedin.","og_url":"https:\/\/www.thecarpetwashingmachine.com\/carpet-washing-as-a-highly-perspective-and-lucrative-business-2\/","og_site_name":"Hal\u0131 Y\u0131kama Makinesi","article_publisher":"http:\/\/www.facebook.com\/carpetwashingmachine","article_modified_time":"2025-07-03T13:05:37+00:00","og_image":[{"width":750,"height":500,"url":"https:\/\/www.thecarpetwashingmachine.com\/wp-content\/uploads\/2025\/07\/Untitled-design-10.png","type":"image\/png"}],"twitter_card":"summary_large_image","twitter_misc":{"Tahmini okuma s\u00fcresi":"2 dakika"},"schema":{"@context":"https:\/\/schema.org","@graph":[{"@type":"WebPage","@id":"https:\/\/www.thecarpetwashingmachine.com\/carpet-washing-as-a-highly-perspective-and-lucrative-business-2\/","url":"https:\/\/www.thecarpetwashingmachine.com\/carpet-washing-as-a-highly-perspective-and-lucrative-business-2\/","name":"Hal\u0131 Y\u0131kama: Y\u00fcksek Potansiyelli ve Karl\u0131 Bir \u0130\u015f - Hal\u0131 Y\u0131kama Makinesi","isPartOf":{"@id":"https:\/\/www.thecarpetwashingmachine.com\/#website"},"primaryImageOfPage":{"@id":"https:\/\/www.thecarpetwashingmachine.com\/carpet-washing-as-a-highly-perspective-and-lucrative-business-2\/#primaryimage"},"image":{"@id":"https:\/\/www.thecarpetwashingmachine.com\/carpet-washing-as-a-highly-perspective-and-lucrative-business-2\/#primaryimage"},"thumbnailUrl":"https:\/\/www.thecarpetwashingmachine.com\/wp-content\/uploads\/2025\/07\/Untitled-design-10.png","datePublished":"2025-06-12T11:16:45+00:00","dateModified":"2025-07-03T13:05:37+00:00","description":"Professional carpet washing saves time and preserves your carpets! Avoid DIY damage. Discover Turkey's leading carpet cleaning equipment.","breadcrumb":{"@id":"https:\/\/www.thecarpetwashingmachine.com\/carpet-washing-as-a-highly-perspective-and-lucrative-business-2\/#breadcrumb"},"inLanguage":"tr","potentialAction":[{"@type":"ReadAction","target":["https:\/\/www.thecarpetwashingmachine.com\/carpet-washing-as-a-highly-perspective-and-lucrative-business-2\/"]}]},{"@type":"ImageObject","inLanguage":"tr","@id":"https:\/\/www.thecarpetwashingmachine.com\/carpet-washing-as-a-highly-perspective-and-lucrative-business-2\/#primaryimage","url":"https:\/\/www.thecarpetwashingmachine.com\/wp-content\/uploads\/2025\/07\/Untitled-design-10.png","contentUrl":"https:\/\/www.thecarpetwashingmachine.com\/wp-content\/uploads\/2025\/07\/Untitled-design-10.png"},{"@type":"BreadcrumbList","@id":"https:\/\/www.thecarpetwashingmachine.com\/carpet-washing-as-a-highly-perspective-and-lucrative-business-2\/#breadcrumb","itemListElement":[{"@type":"ListItem","position":1,"name":"Home","item":"https:\/\/www.thecarpetwashingmachine.com\/"},{"@type":"ListItem","position":2,"name":"Carpet Washing as a Highly Perspective and Lucrative Business"}]},{"@type":"WebSite","@id":"https:\/\/www.thecarpetwashingmachine.com\/#website","url":"https:\/\/www.thecarpetwashingmachine.com\/","name":"Hal\u0131 Y\u0131kama Makinesi","description":"Hal\u0131 y\u0131kama makinesi t\u00fcm d\u00fcnyada!","potentialAction":[{"@type":"SearchAction","target":{"@type":"EntryPoint","urlTemplate":"https:\/\/www.thecarpetwashingmachine.com\/?s={search_term_string}"},"query-input":{"@type":"PropertyValueSpecification","valueRequired":true,"valueName":"search_term_string"}}],"inLanguage":"tr"}]}},"_links":{"self":[{"href":"https:\/\/www.thecarpetwashingmachine.com\/tr\/wp-json\/wp\/v2\/pages\/663","targetHints":{"allow":["GET"]}}],"collection":[{"href":"https:\/\/www.thecarpetwashingmachine.com\/tr\/wp-json\/wp\/v2\/pages"}],"about":[{"href":"https:\/\/www.thecarpetwashingmachine.com\/tr\/wp-json\/wp\/v2\/types\/page"}],"author":[{"embeddable":true,"href":"https:\/\/www.thecarpetwashingmachine.com\/tr\/wp-json\/wp\/v2\/users\/1"}],"replies":[{"embeddable":true,"href":"https:\/\/www.thecarpetwashingmachine.com\/tr\/wp-json\/wp\/v2\/comments?post=663"}],"version-history":[{"count":44,"href":"https:\/\/www.thecarpetwashingmachine.com\/tr\/wp-json\/wp\/v2\/pages\/663\/revisions"}],"predecessor-version":[{"id":1765,"href":"https:\/\/www.thecarpetwashingmachine.com\/tr\/wp-json\/wp\/v2\/pages\/663\/revisions\/1765"}],"wp:attachment":[{"href":"https:\/\/www.thecarpetwashingmachine.com\/tr\/wp-json\/wp\/v2\/media?parent=663"}],"curies":[{"name":"wp","href":"https:\/\/api.w.org\/{rel}","templated":true}]}}