{"id":414,"date":"2025-04-02T08:58:31","date_gmt":"2025-04-02T08:58:31","guid":{"rendered":"https:\/\/www.thecarpetwashingmachine.com\/?page_id=414"},"modified":"2025-06-13T06:24:03","modified_gmt":"2025-06-13T06:24:03","slug":"what-machines-are-needed-for-a-carpet-washing-shop","status":"publish","type":"page","link":"https:\/\/www.thecarpetwashingmachine.com\/tr\/what-machines-are-needed-for-a-carpet-washing-shop\/","title":{"rendered":"Hal\u0131 Y\u0131kama At\u00f6lyesi \u0130\u00e7in Hangi Makinelere \u0130htiya\u00e7 Vard\u0131r?"},"content":{"rendered":"<p data-sourcepos=\"1:1-1:419\">Hal\u0131 y\u0131kama d\u00fckkan\u0131 i\u00e7in gerekli makineler, i\u015fletmenin \u00f6zel ihtiya\u00e7lar\u0131na g\u00f6re de\u011fi\u015fir. Daha \u00f6nce hal\u0131 y\u0131kama makineleri ve ilgili konularda <a href=\"https:\/\/www.thecarpetwashingmachine.com\/tr\/faq-on-carpet-washing-machines\/\">s\u0131k\u00e7a sorulan sorular\u0131<\/a> ele alm\u0131\u015ft\u0131k. Son zamanlarda \u00f6zellikle <strong>hal\u0131 y\u0131kama makineleri<\/strong> ile ilgili sorularda \u00f6nemli bir art\u0131\u015f g\u00f6zlemledik. Ancak, gerekli olan tek ekipman\u0131n bu olmayabilece\u011fini belirtmek \u00f6nemlidir. Konuyu a\u00e7\u0131kl\u0131\u011fa kavu\u015fturmak i\u00e7in \u015funlar\u0131 g\u00f6z \u00f6n\u00fcnde bulundurun:<\/p>\n<h3 data-sourcepos=\"3:1-3:28\">Hal\u0131 Temizleme S\u00fcre\u00e7leri<\/h3>\n<hr data-sourcepos=\"4:1-4:3\" \/>\n<p data-sourcepos=\"5:1-5:123\">Etkili hal\u0131 temizli\u011fi birden fazla a\u015fama i\u00e7erir. A\u015fa\u011f\u0131da ideal bir hal\u0131 y\u0131kama d\u00fckkan\u0131 d\u00fczeninin bir g\u00f6rseli bulunmaktad\u0131r:<\/p>\n<figure id=\"attachment_415\" aria-describedby=\"caption-attachment-415\" style=\"width: 995px\" class=\"wp-caption alignnone\"><img loading=\"lazy\" decoding=\"async\" class=\"wp-image-415 size-full\" src=\"https:\/\/www.thecarpetwashingmachine.com\/wp-content\/uploads\/2025\/03\/layout.png\" alt=\"hal\u0131 y\u0131kama d\u00fckkan\u0131\" width=\"995\" height=\"477\" srcset=\"https:\/\/www.thecarpetwashingmachine.com\/wp-content\/uploads\/2025\/03\/layout.png 995w, https:\/\/www.thecarpetwashingmachine.com\/wp-content\/uploads\/2025\/03\/layout-300x144.png 300w, https:\/\/www.thecarpetwashingmachine.com\/wp-content\/uploads\/2025\/03\/layout-768x368.png 768w\" sizes=\"auto, (max-width: 995px) 100vw, 995px\" \/><figcaption id=\"caption-attachment-415\" class=\"wp-caption-text\">Farkl\u0131 makinelere sahip ideal bir hal\u0131 y\u0131kama d\u00fckkan\u0131<\/figcaption><\/figure>\n<p data-sourcepos=\"1:1-1:184\">G\u00f6sterildi\u011fi gibi, bu yerle\u015fim plan\u0131 <strong>y\u00fcksek hacimli bir hal\u0131 y\u0131kama i\u015fletmesini temsil eden be\u015f makineyi<\/strong> g\u00f6stermektedir. A\u015fa\u011f\u0131da, her bir makinenin i\u015flevini ve \u00f6nemini \u00f6zetliyoruz:<\/p>\n<hr data-sourcepos=\"3:1-3:3\" \/>\n<h3 data-sourcepos=\"4:1-4:26\">Hal\u0131 Toz Alma Makinesi<\/h3>\n<p data-sourcepos=\"6:1-6:153\">Hal\u0131 toz alma makineleri hakk\u0131ndaki \u00f6nceki makalemizde detayland\u0131r\u0131ld\u0131\u011f\u0131 gibi, bu, profesyonel bir hal\u0131 temizleme tesisinde kullan\u0131lan <strong>ilk makinedir<\/strong>.<\/p>\n<ul data-sourcepos=\"8:1-11:0\">\n<li data-sourcepos=\"8:1-8:94\">Y\u0131kama \u00f6ncesi toz alma, y\u0131kama i\u015fleminin verimlili\u011fini ve etkinli\u011fini \u00f6nemli \u00f6l\u00e7\u00fcde art\u0131r\u0131r.<\/li>\n<li data-sourcepos=\"9:1-9:68\">Her zaman zorunlu olmasa da, kullan\u0131lmas\u0131 \u015fiddetle tavsiye edilir.<\/li>\n<li data-sourcepos=\"10:1-11:0\"><a href=\"http:\/\/thecarpetwashingmachine.com\/tr\/carpet-dusting-machine\/\">Hal\u0131 toz alma makineleri<\/a> hakk\u0131nda kapsaml\u0131 bilgi i\u00e7in \u00f6zel makalemize bak\u0131n\u0131z.<\/li>\n<\/ul>\n<hr data-sourcepos=\"12:1-12:3\" \/>\n<h3 data-sourcepos=\"13:1-13:24\">Hal\u0131 Y\u0131kama Makinesi<\/h3>\n<p data-sourcepos=\"15:1-15:46\">Bu makine, en s\u0131k sorulan sorular\u0131n konusudur.<\/p>\n<ul data-sourcepos=\"17:1-20:0\">\n<li data-sourcepos=\"17:1-17:161\">G\u00fcn\u00fcm\u00fcz temizlik i\u015fletmelerinde, <strong>mevcut i\u015f g\u00fcc\u00fc s\u0131k\u0131nt\u0131s\u0131<\/strong> ve manuel hal\u0131 temizli\u011finin zaman k\u0131s\u0131tlamalar\u0131, bu makinenin benimsenmesini zorunlu k\u0131lmaktad\u0131r.<\/li>\n<li data-sourcepos=\"18:1-18:86\">Tam otomatik hal\u0131 y\u0131kama makinelerimiz bu zorluklar\u0131 etkili bir \u015fekilde \u00e7\u00f6zmektedir.<\/li>\n<li data-sourcepos=\"19:1-20:0\"><a href=\"https:\/\/www.thecarpetwashingmachine.com\/tr\/equipment-purchasing-and-its-import\/\">Hal\u0131 y\u0131kama makinesi fiyatlar\u0131<\/a> hakk\u0131nda kapsaml\u0131 bilgi i\u00e7in \u00f6zel makalemize bak\u0131n\u0131z.<\/li>\n<\/ul>\n<hr data-sourcepos=\"21:1-21:3\" \/>\n<h3 data-sourcepos=\"22:1-22:35\">Hal\u0131 S\u0131kma Makinesi (Santrif\u00fcj)<\/h3>\n<p data-sourcepos=\"24:1-24:139\">Bazen g\u00f6z ard\u0131 edilse de, hal\u0131 s\u0131kma makinesi, hal\u0131lar\u0131n d\u00fczg\u00fcn ve h\u0131zl\u0131 kurumas\u0131n\u0131 sa\u011flamak i\u00e7in <strong>hal\u0131 y\u0131kama makinesi kadar \u00f6nemlidir<\/strong>.<\/p>\n<ul data-sourcepos=\"26:1-30:0\">\n<li data-sourcepos=\"26:1-26:76\">Yeni i\u015fletmeler i\u00e7in hal\u0131 y\u0131kama makinesinin zorunlu bir tamamlay\u0131c\u0131s\u0131d\u0131r.<\/li>\n<li data-sourcepos=\"27:1-27:70\">Yerle\u015fim plan\u0131nda g\u00f6sterildi\u011fi gibi, birden fazla \u00fcnite gerekebilir.<\/li>\n<li data-sourcepos=\"28:1-28:193\">Bunun nedeni, hal\u0131 y\u0131kama makinesinin \u00e7\u0131kt\u0131 kapasitesini optimize etmek ve <strong>farkl\u0131 hal\u0131 boyutlar\u0131n\u0131<\/strong> kar\u015f\u0131lamakt\u0131r, zira k\u00fc\u00e7\u00fck hal\u0131lar\u0131n a\u015f\u0131r\u0131 b\u00fcy\u00fck makinelerde i\u015flenmesi verimsiz olabilir.<\/li>\n<li data-sourcepos=\"29:1-30:0\"><a href=\"https:\/\/www.thecarpetwashingmachine.com\/tr\/carpet-wringing-machine\/\">Hal\u0131 s\u0131kma makineleri hakk\u0131nda<\/a> kapsaml\u0131 bilgi i\u00e7in \u00f6zel makalemize bak\u0131n\u0131z.<\/li>\n<\/ul>\n<hr data-sourcepos=\"31:1-31:3\" \/>\n<h3 data-sourcepos=\"32:1-32:29\">Hal\u0131 S\u0131kma Makinesi<\/h3>\n<p data-sourcepos=\"34:1-34:86\">Bu makine, rekabet\u00e7i hal\u0131 temizleme pazarlar\u0131nda giderek daha \u00f6nemli hale gelmektedir.<\/p>\n<ul data-sourcepos=\"36:1-38:0\">\n<li data-sourcepos=\"36:1-36:142\">Bu makine, m\u00fc\u015fterinin hal\u0131lar\u0131 hakk\u0131ndaki alg\u0131s\u0131n\u0131 \u00f6nemli \u00f6l\u00e7\u00fcde art\u0131r\u0131r ve belirgin \u015fekilde <strong>iyile\u015fmi\u015f ve yenilenmi\u015f bir g\u00f6r\u00fcn\u00fcm<\/strong> sa\u011flar.<\/li>\n<li data-sourcepos=\"37:1-38:0\"><a href=\"https:\/\/www.thecarpetwashingmachine.com\/tr\/carpet-wringing-machine\/\">Hal\u0131 s\u0131kma makineleri<\/a> hakk\u0131nda kapsaml\u0131 bilgi i\u00e7in \u00f6zel makalemize bak\u0131n\u0131z.<\/li>\n<\/ul>\n<hr data-sourcepos=\"39:1-39:3\" \/>\n<h3 data-sourcepos=\"40:1-40:10\">Dikkat<\/h3>\n<p data-sourcepos=\"42:1-42:197\">Bu makale size e-posta veya WhatsApp arac\u0131l\u0131\u011f\u0131yla g\u00f6nderildiyse, l\u00fctfen s\u0131k\u00e7a sorulan sorular sayfas\u0131n\u0131 ve bu sayfay\u0131 okuyun. Do\u011fru makineleri se\u00e7tikten sonra l\u00fctfen tekrar bizimle ileti\u015fime ge\u00e7in.<\/p>\n","protected":false},"excerpt":{"rendered":"<p>Hal\u0131 y\u0131kama d\u00fckkan\u0131 i\u00e7in gerekli makineler, i\u015fletmenin \u00f6zel ihtiya\u00e7lar\u0131na g\u00f6re de\u011fi\u015fir. Daha \u00f6nce hal\u0131 y\u0131kama makineleri ve ilgili konularda s\u0131k\u00e7a sorulan sorular\u0131 ele alm\u0131\u015ft\u0131k. Son&hellip;<\/p>\n","protected":false},"author":1,"featured_media":0,"parent":0,"menu_order":0,"comment_status":"closed","ping_status":"closed","template":"","meta":{"footnotes":""},"class_list":["post-414","page","type-page","status-publish","hentry"],"translation":{"provider":"WPGlobus","version":"3.0.0","language":"tr","enabled_languages":["en","tr","fr","ar","es","de","pt","ru"],"languages":{"en":{"title":true,"content":true,"excerpt":false},"tr":{"title":true,"content":true,"excerpt":false},"fr":{"title":true,"content":true,"excerpt":false},"ar":{"title":true,"content":true,"excerpt":false},"es":{"title":true,"content":true,"excerpt":false},"de":{"title":true,"content":true,"excerpt":false},"pt":{"title":true,"content":true,"excerpt":false},"ru":{"title":true,"content":true,"excerpt":false}}},"yoast_head":"<!-- This site is optimized with the Yoast SEO plugin v24.7 - https:\/\/yoast.com\/wordpress\/plugins\/seo\/ -->\n<title>Hal\u0131 Y\u0131kama At\u00f6lyesi \u0130\u00e7in Hangi Makinelere \u0130htiya\u00e7 Vard\u0131r? - Hal\u0131 Y\u0131kama Makinesi<\/title>\n<meta name=\"description\" content=\"Hal\u0131 y\u0131kama makinesi her i\u015fletmede \u00f6nemli olsa da, hal\u0131 s\u0131kma makinesinin de optimum tesis \u00e7al\u0131\u015fmas\u0131 i\u00e7in hayati oldu\u011funu l\u00fctfen unutmay\u0131n.\" \/>\n<meta name=\"robots\" content=\"index, follow, max-snippet:-1, max-image-preview:large, max-video-preview:-1\" \/>\n<link rel=\"canonical\" href=\"https:\/\/www.thecarpetwashingmachine.com\/what-machines-are-needed-for-a-carpet-washing-shop\/\" \/>\n<meta property=\"og:locale\" content=\"tr_TR\" \/>\n<meta property=\"og:type\" content=\"article\" \/>\n<meta property=\"og:title\" content=\"Hal\u0131 Y\u0131kama At\u00f6lyesi \u0130\u00e7in Hangi Makinelere \u0130htiya\u00e7 Vard\u0131r? - Hal\u0131 Y\u0131kama Makinesi\" \/>\n<meta property=\"og:description\" content=\"Hal\u0131 y\u0131kama makinesi her i\u015fletmede \u00f6nemli olsa da, hal\u0131 s\u0131kma makinesinin de optimum tesis \u00e7al\u0131\u015fmas\u0131 i\u00e7in hayati oldu\u011funu l\u00fctfen unutmay\u0131n.\" \/>\n<meta property=\"og:url\" content=\"https:\/\/www.thecarpetwashingmachine.com\/what-machines-are-needed-for-a-carpet-washing-shop\/\" \/>\n<meta property=\"og:site_name\" content=\"Hal\u0131 Y\u0131kama Makinesi\" \/>\n<meta property=\"article:publisher\" content=\"http:\/\/www.facebook.com\/carpetwashingmachine\" \/>\n<meta property=\"article:modified_time\" content=\"2025-06-13T06:24:03+00:00\" \/>\n<meta property=\"og:image\" content=\"https:\/\/www.thecarpetwashingmachine.com\/wp-content\/uploads\/2025\/03\/layout.png\" \/>\n\t<meta property=\"og:image:width\" content=\"995\" \/>\n\t<meta property=\"og:image:height\" content=\"477\" \/>\n\t<meta property=\"og:image:type\" content=\"image\/png\" \/>\n<meta name=\"twitter:card\" content=\"summary_large_image\" \/>\n<meta name=\"twitter:label1\" content=\"Tahmini okuma s\u00fcresi\" \/>\n\t<meta name=\"twitter:data1\" content=\"3 dakika\" \/>\n<script type=\"application\/ld+json\" class=\"yoast-schema-graph\">{\"@context\":\"https:\/\/schema.org\",\"@graph\":[{\"@type\":\"WebPage\",\"@id\":\"https:\/\/www.thecarpetwashingmachine.com\/what-machines-are-needed-for-a-carpet-washing-shop\/\",\"url\":\"https:\/\/www.thecarpetwashingmachine.com\/what-machines-are-needed-for-a-carpet-washing-shop\/\",\"name\":\"\u041a\u0430\u043a\u0438\u0435 \u043c\u0430\u0448\u0438\u043d\u044b \u043d\u0443\u0436\u043d\u044b \u0434\u043b\u044f \u043a\u043e\u0432\u0440\u043e\u043c\u043e\u044e\u0449\u0435\u0439 \u043c\u0430\u0441\u0442\u0435\u0440\u0441\u043a\u043e\u0439? - Hal\u0131 Y\u0131kama Makinesi\",\"isPartOf\":{\"@id\":\"https:\/\/www.thecarpetwashingmachine.com\/#website\"},\"primaryImageOfPage\":{\"@id\":\"https:\/\/www.thecarpetwashingmachine.com\/what-machines-are-needed-for-a-carpet-washing-shop\/#primaryimage\"},\"image\":{\"@id\":\"https:\/\/www.thecarpetwashingmachine.com\/what-machines-are-needed-for-a-carpet-washing-shop\/#primaryimage\"},\"thumbnailUrl\":\"https:\/\/www.thecarpetwashingmachine.com\/wp-content\/uploads\/2025\/03\/layout.png\",\"datePublished\":\"2025-04-02T08:58:31+00:00\",\"dateModified\":\"2025-06-13T06:24:03+00:00\",\"description\":\"\u0425\u043e\u0442\u044f \u0441\u0442\u0438\u0440\u0430\u043b\u044c\u043d\u0430\u044f \u043c\u0430\u0448\u0438\u043d\u0430 \u0434\u043b\u044f \u043a\u043e\u0432\u0440\u043e\u0432 \u0432\u0430\u0436\u043d\u0430, \u043f\u043e\u043c\u043d\u0438\u0442\u0435, \u0447\u0442\u043e \u043e\u0442\u0436\u0438\u043c\u043d\u0430\u044f \u043c\u0430\u0448\u0438\u043d\u0430 \u0442\u0430\u043a\u0436\u0435 \u0436\u0438\u0437\u043d\u0435\u043d\u043d\u043e \u0432\u0430\u0436\u043d\u0430 \u0434\u043b\u044f \u043e\u043f\u0442\u0438\u043c\u0430\u043b\u044c\u043d\u043e\u0439 \u0440\u0430\u0431\u043e\u0442\u044b.\",\"breadcrumb\":{\"@id\":\"https:\/\/www.thecarpetwashingmachine.com\/what-machines-are-needed-for-a-carpet-washing-shop\/#breadcrumb\"},\"inLanguage\":\"tr\",\"potentialAction\":[{\"@type\":\"ReadAction\",\"target\":[\"https:\/\/www.thecarpetwashingmachine.com\/what-machines-are-needed-for-a-carpet-washing-shop\/\"]}]},{\"@type\":\"ImageObject\",\"inLanguage\":\"tr\",\"@id\":\"https:\/\/www.thecarpetwashingmachine.com\/what-machines-are-needed-for-a-carpet-washing-shop\/#primaryimage\",\"url\":\"https:\/\/www.thecarpetwashingmachine.com\/wp-content\/uploads\/2025\/03\/layout.png\",\"contentUrl\":\"https:\/\/www.thecarpetwashingmachine.com\/wp-content\/uploads\/2025\/03\/layout.png\"},{\"@type\":\"BreadcrumbList\",\"@id\":\"https:\/\/www.thecarpetwashingmachine.com\/what-machines-are-needed-for-a-carpet-washing-shop\/#breadcrumb\",\"itemListElement\":[{\"@type\":\"ListItem\",\"position\":1,\"name\":\"Home\",\"item\":\"https:\/\/www.thecarpetwashingmachine.com\/\"},{\"@type\":\"ListItem\",\"position\":2,\"name\":\"What Machines are Needed for a Carpet Washing Shop?\"}]},{\"@type\":\"WebSite\",\"@id\":\"https:\/\/www.thecarpetwashingmachine.com\/#website\",\"url\":\"https:\/\/www.thecarpetwashingmachine.com\/\",\"name\":\"Hal\u0131 Y\u0131kama Makinesi\",\"description\":\"Hal\u0131 y\u0131kama makinesi t\u00fcm d\u00fcnyada!\",\"potentialAction\":[{\"@type\":\"SearchAction\",\"target\":{\"@type\":\"EntryPoint\",\"urlTemplate\":\"https:\/\/www.thecarpetwashingmachine.com\/?s={search_term_string}\"},\"query-input\":{\"@type\":\"PropertyValueSpecification\",\"valueRequired\":true,\"valueName\":\"search_term_string\"}}],\"inLanguage\":\"tr\"}]}<\/script>\n<!-- \/ Yoast SEO plugin. -->","yoast_head_json":{"title":"Hal\u0131 Y\u0131kama At\u00f6lyesi \u0130\u00e7in Hangi Makinelere \u0130htiya\u00e7 Vard\u0131r? - Hal\u0131 Y\u0131kama Makinesi","description":"Hal\u0131 y\u0131kama makinesi her i\u015fletmede \u00f6nemli olsa da, hal\u0131 s\u0131kma makinesinin de optimum tesis \u00e7al\u0131\u015fmas\u0131 i\u00e7in hayati oldu\u011funu l\u00fctfen unutmay\u0131n.","robots":{"index":"index","follow":"follow","max-snippet":"max-snippet:-1","max-image-preview":"max-image-preview:large","max-video-preview":"max-video-preview:-1"},"canonical":"https:\/\/www.thecarpetwashingmachine.com\/what-machines-are-needed-for-a-carpet-washing-shop\/","og_locale":"tr_TR","og_type":"article","og_title":"Hal\u0131 Y\u0131kama At\u00f6lyesi \u0130\u00e7in Hangi Makinelere \u0130htiya\u00e7 Vard\u0131r? - Hal\u0131 Y\u0131kama Makinesi","og_description":"Hal\u0131 y\u0131kama makinesi her i\u015fletmede \u00f6nemli olsa da, hal\u0131 s\u0131kma makinesinin de optimum tesis \u00e7al\u0131\u015fmas\u0131 i\u00e7in hayati oldu\u011funu l\u00fctfen unutmay\u0131n.","og_url":"https:\/\/www.thecarpetwashingmachine.com\/what-machines-are-needed-for-a-carpet-washing-shop\/","og_site_name":"Hal\u0131 Y\u0131kama Makinesi","article_publisher":"http:\/\/www.facebook.com\/carpetwashingmachine","article_modified_time":"2025-06-13T06:24:03+00:00","og_image":[{"width":995,"height":477,"url":"https:\/\/www.thecarpetwashingmachine.com\/wp-content\/uploads\/2025\/03\/layout.png","type":"image\/png"}],"twitter_card":"summary_large_image","twitter_misc":{"Tahmini okuma s\u00fcresi":"3 dakika"},"schema":{"@context":"https:\/\/schema.org","@graph":[{"@type":"WebPage","@id":"https:\/\/www.thecarpetwashingmachine.com\/what-machines-are-needed-for-a-carpet-washing-shop\/","url":"https:\/\/www.thecarpetwashingmachine.com\/what-machines-are-needed-for-a-carpet-washing-shop\/","name":"\u041a\u0430\u043a\u0438\u0435 \u043c\u0430\u0448\u0438\u043d\u044b \u043d\u0443\u0436\u043d\u044b \u0434\u043b\u044f \u043a\u043e\u0432\u0440\u043e\u043c\u043e\u044e\u0449\u0435\u0439 \u043c\u0430\u0441\u0442\u0435\u0440\u0441\u043a\u043e\u0439? - Hal\u0131 Y\u0131kama Makinesi","isPartOf":{"@id":"https:\/\/www.thecarpetwashingmachine.com\/#website"},"primaryImageOfPage":{"@id":"https:\/\/www.thecarpetwashingmachine.com\/what-machines-are-needed-for-a-carpet-washing-shop\/#primaryimage"},"image":{"@id":"https:\/\/www.thecarpetwashingmachine.com\/what-machines-are-needed-for-a-carpet-washing-shop\/#primaryimage"},"thumbnailUrl":"https:\/\/www.thecarpetwashingmachine.com\/wp-content\/uploads\/2025\/03\/layout.png","datePublished":"2025-04-02T08:58:31+00:00","dateModified":"2025-06-13T06:24:03+00:00","description":"\u0425\u043e\u0442\u044f \u0441\u0442\u0438\u0440\u0430\u043b\u044c\u043d\u0430\u044f \u043c\u0430\u0448\u0438\u043d\u0430 \u0434\u043b\u044f \u043a\u043e\u0432\u0440\u043e\u0432 \u0432\u0430\u0436\u043d\u0430, \u043f\u043e\u043c\u043d\u0438\u0442\u0435, \u0447\u0442\u043e \u043e\u0442\u0436\u0438\u043c\u043d\u0430\u044f \u043c\u0430\u0448\u0438\u043d\u0430 \u0442\u0430\u043a\u0436\u0435 \u0436\u0438\u0437\u043d\u0435\u043d\u043d\u043e \u0432\u0430\u0436\u043d\u0430 \u0434\u043b\u044f \u043e\u043f\u0442\u0438\u043c\u0430\u043b\u044c\u043d\u043e\u0439 \u0440\u0430\u0431\u043e\u0442\u044b.","breadcrumb":{"@id":"https:\/\/www.thecarpetwashingmachine.com\/what-machines-are-needed-for-a-carpet-washing-shop\/#breadcrumb"},"inLanguage":"tr","potentialAction":[{"@type":"ReadAction","target":["https:\/\/www.thecarpetwashingmachine.com\/what-machines-are-needed-for-a-carpet-washing-shop\/"]}]},{"@type":"ImageObject","inLanguage":"tr","@id":"https:\/\/www.thecarpetwashingmachine.com\/what-machines-are-needed-for-a-carpet-washing-shop\/#primaryimage","url":"https:\/\/www.thecarpetwashingmachine.com\/wp-content\/uploads\/2025\/03\/layout.png","contentUrl":"https:\/\/www.thecarpetwashingmachine.com\/wp-content\/uploads\/2025\/03\/layout.png"},{"@type":"BreadcrumbList","@id":"https:\/\/www.thecarpetwashingmachine.com\/what-machines-are-needed-for-a-carpet-washing-shop\/#breadcrumb","itemListElement":[{"@type":"ListItem","position":1,"name":"Home","item":"https:\/\/www.thecarpetwashingmachine.com\/"},{"@type":"ListItem","position":2,"name":"What Machines are Needed for a Carpet Washing Shop?"}]},{"@type":"WebSite","@id":"https:\/\/www.thecarpetwashingmachine.com\/#website","url":"https:\/\/www.thecarpetwashingmachine.com\/","name":"Hal\u0131 Y\u0131kama Makinesi","description":"Hal\u0131 y\u0131kama makinesi t\u00fcm d\u00fcnyada!","potentialAction":[{"@type":"SearchAction","target":{"@type":"EntryPoint","urlTemplate":"https:\/\/www.thecarpetwashingmachine.com\/?s={search_term_string}"},"query-input":{"@type":"PropertyValueSpecification","valueRequired":true,"valueName":"search_term_string"}}],"inLanguage":"tr"}]}},"_links":{"self":[{"href":"https:\/\/www.thecarpetwashingmachine.com\/tr\/wp-json\/wp\/v2\/pages\/414","targetHints":{"allow":["GET"]}}],"collection":[{"href":"https:\/\/www.thecarpetwashingmachine.com\/tr\/wp-json\/wp\/v2\/pages"}],"about":[{"href":"https:\/\/www.thecarpetwashingmachine.com\/tr\/wp-json\/wp\/v2\/types\/page"}],"author":[{"embeddable":true,"href":"https:\/\/www.thecarpetwashingmachine.com\/tr\/wp-json\/wp\/v2\/users\/1"}],"replies":[{"embeddable":true,"href":"https:\/\/www.thecarpetwashingmachine.com\/tr\/wp-json\/wp\/v2\/comments?post=414"}],"version-history":[{"count":22,"href":"https:\/\/www.thecarpetwashingmachine.com\/tr\/wp-json\/wp\/v2\/pages\/414\/revisions"}],"predecessor-version":[{"id":839,"href":"https:\/\/www.thecarpetwashingmachine.com\/tr\/wp-json\/wp\/v2\/pages\/414\/revisions\/839"}],"wp:attachment":[{"href":"https:\/\/www.thecarpetwashingmachine.com\/tr\/wp-json\/wp\/v2\/media?parent=414"}],"curies":[{"name":"wp","href":"https:\/\/api.w.org\/{rel}","templated":true}]}}