{"id":407,"date":"2025-03-14T08:45:31","date_gmt":"2025-03-14T08:45:31","guid":{"rendered":"https:\/\/www.thecarpetwashingmachine.com\/?page_id=407"},"modified":"2025-07-11T09:55:15","modified_gmt":"2025-07-11T09:55:15","slug":"er-5200-rug-washing-machine","status":"publish","type":"page","link":"https:\/\/www.thecarpetwashingmachine.com\/tr\/er-5200-rug-washing-machine\/","title":{"rendered":"Hal\u0131 Y\u0131kama Makinesi ER 5200"},"content":{"rendered":"<div class=\"wp-block-image alignnone wp-image-410\">\n<figure class=\"aligncenter size-full\"><img loading=\"lazy\" decoding=\"async\" width=\"750\" height=\"500\" src=\"https:\/\/www.thecarpetwashingmachine.com\/wp-content\/uploads\/2025\/07\/Untitled-design-10.png\" alt=\"ER 5200 Hal\u0131 Y\u0131kama Makinesi\" class=\"wp-image-1618\" srcset=\"https:\/\/www.thecarpetwashingmachine.com\/wp-content\/uploads\/2025\/07\/Untitled-design-10.png 750w, https:\/\/www.thecarpetwashingmachine.com\/wp-content\/uploads\/2025\/07\/Untitled-design-10-300x200.png 300w\" sizes=\"auto, (max-width: 750px) 100vw, 750px\" \/><figcaption class=\"wp-element-caption\">Hal\u0131 Y\u0131kama Makinesi<\/figcaption><\/figure><\/div>\n\n\n<p>Otomatik hal\u0131 y\u0131kama makinesi <strong>ER 5200<\/strong>, standart modellerimiz aras\u0131nda \u00fcretti\u011fimiz en b\u00fcy\u00fck hal\u0131 temizleme makinesidir. Maksimum <strong>5.2 metre (17 feet)<\/strong> hal\u0131 geni\u015fli\u011fi kapasitesine sahiptir ve modele ba\u011fl\u0131 olarak <strong>4+4=8 disk f\u0131r\u00e7a<\/strong> veya <strong>6+6=12 disk f\u0131r\u00e7a<\/strong> se\u00e7ene\u011fi sunar. Hal\u0131lar\u0131n <a href=\"https:\/\/www.thecarpetwashingmachine.com\/tr\/carpet-dusting-machine\/\">otomatik toz alma makinesiyle<\/a> tozunun al\u0131nmas\u0131ndan hemen sonra kullan\u0131l\u0131r.<\/p>\n\n\n\n<p>Bu ticari hal\u0131 y\u0131kama makinesi, 5&#215;6 metre, 5&#215;8 metre ve hatta 5&#215;12 metre gibi <strong>son derece b\u00fcy\u00fck hal\u0131lar i\u00e7in<\/strong> \u00fcretilmi\u015ftir. Di\u011fer profesyonel hal\u0131 y\u0131kama makinelerimizde oldu\u011fu gibi, <strong>birden fazla hal\u0131n\u0131n yan yana y\u0131kanmas\u0131<\/strong> da m\u00fcmk\u00fcnd\u00fcr.<\/p>\n\n\n\n<p>Hal\u0131lardaki y\u0131kama s\u00fcreci, t\u00fcm end\u00fcstriyel hal\u0131 temizleme makinelerimizde oldu\u011fu gibi ayn\u0131 \u015fekilde i\u015fler. \u0130lk olarak hal\u0131lar b\u00fcy\u00fck bir teknede (bu tekne, ER 4200 veya <a href=\"https:\/\/www.thecarpetwashingmachine.com\/tr\/carpet-washing-machine-3-2-m\/\">ER 3200 hal\u0131 y\u0131kama makinesi<\/a> modellerine g\u00f6re sadece geni\u015flik de\u011fil, ayn\u0131 zamanda uzunluk olarak da \u00e7ok daha b\u00fcy\u00fck kapasiteye sahiptir) \u0131slat\u0131l\u0131r. Hal\u0131lar \u0131sland\u0131ktan sonra y\u0131kama i\u015flemine haz\u0131rd\u0131r. \u00d6nce hal\u0131lar f\u0131r\u00e7alan\u0131r, bu s\u0131rada hal\u0131 \u015fampuan\u0131 uygulan\u0131r ve ard\u0131ndan y\u00fcksek bas\u0131n\u00e7l\u0131 sistemle durulan\u0131r. T\u00fcm hal\u0131 y\u0131kama makinelerimizde oldu\u011fu gibi, t\u00fcm i\u015flemler otomatiktir ve operat\u00f6rlerden \u00e7ok az m\u00fcdahale gerektirir.<\/p>\n\n\n\n<p>ER 5200 hal\u0131 y\u0131kama makinesi tamamen <strong>304 kalite paslanmaz \u00e7elikten<\/strong> \u00fcretilmi\u015ftir. \u00d6zellikle su ve hal\u0131 temizli\u011finde kullan\u0131lan hal\u0131 \u015fampuan\u0131, kostik soda ve \u00e7ama\u015f\u0131r suyu gibi kimyasallar\u0131n neden oldu\u011fu korozyona kar\u015f\u0131 y\u00fcksek dirence sahiptir. S\u0131cak dald\u0131rma galvanizli \u00e7elik veya epoksi kapl\u0131 \u00e7elikten yap\u0131lm\u0131\u015f hal\u0131 y\u0131kama makinelerine k\u0131yasla \u00e7ok daha uzun \u00f6m\u00fcrl\u00fcd\u00fcr.<\/p>\n\n\n\n<p>ER 5200 hal\u0131 y\u0131kama makinesi bir dizi aksesuarla birlikte gelir: hal\u0131lar\u0131 \u0131slatmak i\u00e7in <strong>1 adet b\u00fcy\u00fck hal\u0131 teknesi<\/strong>, <strong>1 adet 150 bar y\u00fcksek bas\u0131n\u00e7l\u0131 pompa<\/strong>, hal\u0131lar\u0131 i\u015fletme i\u00e7inde ta\u015f\u0131mak i\u00e7in <strong>iki hal\u0131 ta\u015f\u0131ma arabas\u0131 (bir b\u00fcy\u00fck, bir orta boy)<\/strong>.<\/p>\n\n\n\n<p>&nbsp;<\/p>\n","protected":false},"excerpt":{"rendered":"<p>Otomatik hal\u0131 y\u0131kama makinesi ER 5200, standart modellerimiz aras\u0131nda \u00fcretti\u011fimiz en b\u00fcy\u00fck hal\u0131 temizleme makinesidir. Maksimum 5.2 metre (17 feet) hal\u0131 geni\u015fli\u011fi kapasitesine sahiptir ve&hellip;<\/p>\n","protected":false},"author":1,"featured_media":0,"parent":0,"menu_order":0,"comment_status":"closed","ping_status":"closed","template":"","meta":{"footnotes":""},"class_list":["post-407","page","type-page","status-publish","hentry"],"translation":{"provider":"WPGlobus","version":"3.0.0","language":"tr","enabled_languages":["en","tr","fr","ar","es","de","pt","ru"],"languages":{"en":{"title":true,"content":true,"excerpt":false},"tr":{"title":true,"content":true,"excerpt":false},"fr":{"title":true,"content":true,"excerpt":false},"ar":{"title":true,"content":true,"excerpt":false},"es":{"title":true,"content":true,"excerpt":false},"de":{"title":true,"content":true,"excerpt":false},"pt":{"title":true,"content":true,"excerpt":false},"ru":{"title":true,"content":true,"excerpt":false}}},"yoast_head":"<!-- This site is optimized with the Yoast SEO plugin v24.7 - https:\/\/yoast.com\/wordpress\/plugins\/seo\/ -->\n<title>Hal\u0131 Y\u0131kama Makinesi ER 5200 - Hal\u0131 Y\u0131kama Makinesi<\/title>\n<meta name=\"description\" content=\"ER 5200 tam otomatik hal\u0131 y\u0131kama makinesi, ticari hal\u0131 y\u0131kama tesislerinde en b\u00fcy\u00fck hal\u0131lar\u0131 temizlemek i\u00e7in kullan\u0131l\u0131r.\" \/>\n<meta name=\"robots\" content=\"index, follow, max-snippet:-1, max-image-preview:large, max-video-preview:-1\" \/>\n<link rel=\"canonical\" href=\"https:\/\/www.thecarpetwashingmachine.com\/er-5200-rug-washing-machine\/\" \/>\n<meta property=\"og:locale\" content=\"tr_TR\" \/>\n<meta property=\"og:type\" content=\"article\" \/>\n<meta property=\"og:title\" content=\"Hal\u0131 Y\u0131kama Makinesi ER 5200 - Hal\u0131 Y\u0131kama Makinesi\" \/>\n<meta property=\"og:description\" content=\"ER 5200 tam otomatik hal\u0131 y\u0131kama makinesi, ticari hal\u0131 y\u0131kama tesislerinde en b\u00fcy\u00fck hal\u0131lar\u0131 temizlemek i\u00e7in kullan\u0131l\u0131r.\" \/>\n<meta property=\"og:url\" content=\"https:\/\/www.thecarpetwashingmachine.com\/er-5200-rug-washing-machine\/\" \/>\n<meta property=\"og:site_name\" content=\"Hal\u0131 Y\u0131kama Makinesi\" \/>\n<meta property=\"article:publisher\" content=\"http:\/\/www.facebook.com\/carpetwashingmachine\" \/>\n<meta property=\"article:modified_time\" content=\"2025-07-11T09:55:15+00:00\" \/>\n<meta property=\"og:image\" content=\"https:\/\/www.thecarpetwashingmachine.com\/wp-content\/uploads\/2025\/07\/Untitled-design-10.png\" \/>\n\t<meta property=\"og:image:width\" content=\"750\" \/>\n\t<meta property=\"og:image:height\" content=\"500\" \/>\n\t<meta property=\"og:image:type\" content=\"image\/png\" \/>\n<meta name=\"twitter:card\" content=\"summary_large_image\" \/>\n<meta name=\"twitter:label1\" content=\"Tahmini okuma s\u00fcresi\" \/>\n\t<meta name=\"twitter:data1\" content=\"2 dakika\" \/>\n<script type=\"application\/ld+json\" class=\"yoast-schema-graph\">{\"@context\":\"https:\/\/schema.org\",\"@graph\":[{\"@type\":\"WebPage\",\"@id\":\"https:\/\/www.thecarpetwashingmachine.com\/er-5200-rug-washing-machine\/\",\"url\":\"https:\/\/www.thecarpetwashingmachine.com\/er-5200-rug-washing-machine\/\",\"name\":\"\u041c\u0430\u0448\u0438\u043d\u0430 \u0434\u043b\u044f \u0441\u0442\u0438\u0440\u043a\u0438 \u043a\u043e\u0432\u0440\u043e\u0432 ER 5200 - Hal\u0131 Y\u0131kama Makinesi\",\"isPartOf\":{\"@id\":\"https:\/\/www.thecarpetwashingmachine.com\/#website\"},\"primaryImageOfPage\":{\"@id\":\"https:\/\/www.thecarpetwashingmachine.com\/er-5200-rug-washing-machine\/#primaryimage\"},\"image\":{\"@id\":\"https:\/\/www.thecarpetwashingmachine.com\/er-5200-rug-washing-machine\/#primaryimage\"},\"thumbnailUrl\":\"https:\/\/www.thecarpetwashingmachine.com\/wp-content\/uploads\/2025\/07\/Untitled-design-10.png\",\"datePublished\":\"2025-03-14T08:45:31+00:00\",\"dateModified\":\"2025-07-11T09:55:15+00:00\",\"description\":\"ER 5200, \u0430\u0432\u0442\u043e\u043c\u0430\u0442\u0438\u0447\u0435\u0441\u043a\u0430\u044f \u043c\u0430\u0448\u0438\u043d\u0430, \u0438\u0441\u043f\u043e\u043b\u044c\u0437\u0443\u0435\u0442\u0441\u044f \u0434\u043b\u044f \u0447\u0438\u0441\u0442\u043a\u0438 \u0441\u0430\u043c\u044b\u0445 \u0431\u043e\u043b\u044c\u0448\u0438\u0445 \u043a\u043e\u0432\u0440\u043e\u0432 \u0432 \u043a\u043e\u043c\u043c\u0435\u0440\u0447\u0435\u0441\u043a\u0438\u0445 \u043f\u0440\u0430\u0447\u0435\u0447\u043d\u044b\u0445.\",\"breadcrumb\":{\"@id\":\"https:\/\/www.thecarpetwashingmachine.com\/er-5200-rug-washing-machine\/#breadcrumb\"},\"inLanguage\":\"tr\",\"potentialAction\":[{\"@type\":\"ReadAction\",\"target\":[\"https:\/\/www.thecarpetwashingmachine.com\/er-5200-rug-washing-machine\/\"]}]},{\"@type\":\"ImageObject\",\"inLanguage\":\"tr\",\"@id\":\"https:\/\/www.thecarpetwashingmachine.com\/er-5200-rug-washing-machine\/#primaryimage\",\"url\":\"https:\/\/www.thecarpetwashingmachine.com\/wp-content\/uploads\/2025\/07\/Untitled-design-10.png\",\"contentUrl\":\"https:\/\/www.thecarpetwashingmachine.com\/wp-content\/uploads\/2025\/07\/Untitled-design-10.png\"},{\"@type\":\"BreadcrumbList\",\"@id\":\"https:\/\/www.thecarpetwashingmachine.com\/er-5200-rug-washing-machine\/#breadcrumb\",\"itemListElement\":[{\"@type\":\"ListItem\",\"position\":1,\"name\":\"Home\",\"item\":\"https:\/\/www.thecarpetwashingmachine.com\/\"},{\"@type\":\"ListItem\",\"position\":2,\"name\":\"Rug Washing Machine ER 5200\"}]},{\"@type\":\"WebSite\",\"@id\":\"https:\/\/www.thecarpetwashingmachine.com\/#website\",\"url\":\"https:\/\/www.thecarpetwashingmachine.com\/\",\"name\":\"Hal\u0131 Y\u0131kama Makinesi\",\"description\":\"Hal\u0131 y\u0131kama makinesi t\u00fcm d\u00fcnyada!\",\"potentialAction\":[{\"@type\":\"SearchAction\",\"target\":{\"@type\":\"EntryPoint\",\"urlTemplate\":\"https:\/\/www.thecarpetwashingmachine.com\/?s={search_term_string}\"},\"query-input\":{\"@type\":\"PropertyValueSpecification\",\"valueRequired\":true,\"valueName\":\"search_term_string\"}}],\"inLanguage\":\"tr\"}]}<\/script>\n<!-- \/ Yoast SEO plugin. -->","yoast_head_json":{"title":"Hal\u0131 Y\u0131kama Makinesi ER 5200 - Hal\u0131 Y\u0131kama Makinesi","description":"ER 5200 tam otomatik hal\u0131 y\u0131kama makinesi, ticari hal\u0131 y\u0131kama tesislerinde en b\u00fcy\u00fck hal\u0131lar\u0131 temizlemek i\u00e7in kullan\u0131l\u0131r.","robots":{"index":"index","follow":"follow","max-snippet":"max-snippet:-1","max-image-preview":"max-image-preview:large","max-video-preview":"max-video-preview:-1"},"canonical":"https:\/\/www.thecarpetwashingmachine.com\/er-5200-rug-washing-machine\/","og_locale":"tr_TR","og_type":"article","og_title":"Hal\u0131 Y\u0131kama Makinesi ER 5200 - Hal\u0131 Y\u0131kama Makinesi","og_description":"ER 5200 tam otomatik hal\u0131 y\u0131kama makinesi, ticari hal\u0131 y\u0131kama tesislerinde en b\u00fcy\u00fck hal\u0131lar\u0131 temizlemek i\u00e7in kullan\u0131l\u0131r.","og_url":"https:\/\/www.thecarpetwashingmachine.com\/er-5200-rug-washing-machine\/","og_site_name":"Hal\u0131 Y\u0131kama Makinesi","article_publisher":"http:\/\/www.facebook.com\/carpetwashingmachine","article_modified_time":"2025-07-11T09:55:15+00:00","og_image":[{"width":750,"height":500,"url":"https:\/\/www.thecarpetwashingmachine.com\/wp-content\/uploads\/2025\/07\/Untitled-design-10.png","type":"image\/png"}],"twitter_card":"summary_large_image","twitter_misc":{"Tahmini okuma s\u00fcresi":"2 dakika"},"schema":{"@context":"https:\/\/schema.org","@graph":[{"@type":"WebPage","@id":"https:\/\/www.thecarpetwashingmachine.com\/er-5200-rug-washing-machine\/","url":"https:\/\/www.thecarpetwashingmachine.com\/er-5200-rug-washing-machine\/","name":"\u041c\u0430\u0448\u0438\u043d\u0430 \u0434\u043b\u044f \u0441\u0442\u0438\u0440\u043a\u0438 \u043a\u043e\u0432\u0440\u043e\u0432 ER 5200 - Hal\u0131 Y\u0131kama Makinesi","isPartOf":{"@id":"https:\/\/www.thecarpetwashingmachine.com\/#website"},"primaryImageOfPage":{"@id":"https:\/\/www.thecarpetwashingmachine.com\/er-5200-rug-washing-machine\/#primaryimage"},"image":{"@id":"https:\/\/www.thecarpetwashingmachine.com\/er-5200-rug-washing-machine\/#primaryimage"},"thumbnailUrl":"https:\/\/www.thecarpetwashingmachine.com\/wp-content\/uploads\/2025\/07\/Untitled-design-10.png","datePublished":"2025-03-14T08:45:31+00:00","dateModified":"2025-07-11T09:55:15+00:00","description":"ER 5200, \u0430\u0432\u0442\u043e\u043c\u0430\u0442\u0438\u0447\u0435\u0441\u043a\u0430\u044f \u043c\u0430\u0448\u0438\u043d\u0430, \u0438\u0441\u043f\u043e\u043b\u044c\u0437\u0443\u0435\u0442\u0441\u044f \u0434\u043b\u044f \u0447\u0438\u0441\u0442\u043a\u0438 \u0441\u0430\u043c\u044b\u0445 \u0431\u043e\u043b\u044c\u0448\u0438\u0445 \u043a\u043e\u0432\u0440\u043e\u0432 \u0432 \u043a\u043e\u043c\u043c\u0435\u0440\u0447\u0435\u0441\u043a\u0438\u0445 \u043f\u0440\u0430\u0447\u0435\u0447\u043d\u044b\u0445.","breadcrumb":{"@id":"https:\/\/www.thecarpetwashingmachine.com\/er-5200-rug-washing-machine\/#breadcrumb"},"inLanguage":"tr","potentialAction":[{"@type":"ReadAction","target":["https:\/\/www.thecarpetwashingmachine.com\/er-5200-rug-washing-machine\/"]}]},{"@type":"ImageObject","inLanguage":"tr","@id":"https:\/\/www.thecarpetwashingmachine.com\/er-5200-rug-washing-machine\/#primaryimage","url":"https:\/\/www.thecarpetwashingmachine.com\/wp-content\/uploads\/2025\/07\/Untitled-design-10.png","contentUrl":"https:\/\/www.thecarpetwashingmachine.com\/wp-content\/uploads\/2025\/07\/Untitled-design-10.png"},{"@type":"BreadcrumbList","@id":"https:\/\/www.thecarpetwashingmachine.com\/er-5200-rug-washing-machine\/#breadcrumb","itemListElement":[{"@type":"ListItem","position":1,"name":"Home","item":"https:\/\/www.thecarpetwashingmachine.com\/"},{"@type":"ListItem","position":2,"name":"Rug Washing Machine ER 5200"}]},{"@type":"WebSite","@id":"https:\/\/www.thecarpetwashingmachine.com\/#website","url":"https:\/\/www.thecarpetwashingmachine.com\/","name":"Hal\u0131 Y\u0131kama Makinesi","description":"Hal\u0131 y\u0131kama makinesi t\u00fcm d\u00fcnyada!","potentialAction":[{"@type":"SearchAction","target":{"@type":"EntryPoint","urlTemplate":"https:\/\/www.thecarpetwashingmachine.com\/?s={search_term_string}"},"query-input":{"@type":"PropertyValueSpecification","valueRequired":true,"valueName":"search_term_string"}}],"inLanguage":"tr"}]}},"_links":{"self":[{"href":"https:\/\/www.thecarpetwashingmachine.com\/tr\/wp-json\/wp\/v2\/pages\/407","targetHints":{"allow":["GET"]}}],"collection":[{"href":"https:\/\/www.thecarpetwashingmachine.com\/tr\/wp-json\/wp\/v2\/pages"}],"about":[{"href":"https:\/\/www.thecarpetwashingmachine.com\/tr\/wp-json\/wp\/v2\/types\/page"}],"author":[{"embeddable":true,"href":"https:\/\/www.thecarpetwashingmachine.com\/tr\/wp-json\/wp\/v2\/users\/1"}],"replies":[{"embeddable":true,"href":"https:\/\/www.thecarpetwashingmachine.com\/tr\/wp-json\/wp\/v2\/comments?post=407"}],"version-history":[{"count":57,"href":"https:\/\/www.thecarpetwashingmachine.com\/tr\/wp-json\/wp\/v2\/pages\/407\/revisions"}],"predecessor-version":[{"id":2176,"href":"https:\/\/www.thecarpetwashingmachine.com\/tr\/wp-json\/wp\/v2\/pages\/407\/revisions\/2176"}],"wp:attachment":[{"href":"https:\/\/www.thecarpetwashingmachine.com\/tr\/wp-json\/wp\/v2\/media?parent=407"}],"curies":[{"name":"wp","href":"https:\/\/api.w.org\/{rel}","templated":true}]}}