{"id":400,"date":"2025-03-05T11:19:12","date_gmt":"2025-03-05T11:19:12","guid":{"rendered":"https:\/\/www.thecarpetwashingmachine.com\/?page_id=400"},"modified":"2025-07-11T09:44:56","modified_gmt":"2025-07-11T09:44:56","slug":"automatic-carpet-washing-machine-er-4200","status":"publish","type":"page","link":"https:\/\/www.thecarpetwashingmachine.com\/tr\/automatic-carpet-washing-machine-er-4200\/","title":{"rendered":"Otomatik Hal\u0131 Y\u0131kama Makinesi &#8211; ER 4200"},"content":{"rendered":"<div class=\"wp-block-image\">\n<figure class=\"aligncenter size-full\"><img loading=\"lazy\" decoding=\"async\" width=\"750\" height=\"500\" src=\"https:\/\/www.thecarpetwashingmachine.com\/wp-content\/uploads\/2025\/07\/Untitled-design-10.png\" alt=\"Otomatik hal\u0131 y\u0131kama makinesi ER 4200\" class=\"wp-image-1618\" srcset=\"https:\/\/www.thecarpetwashingmachine.com\/wp-content\/uploads\/2025\/07\/Untitled-design-10.png 750w, https:\/\/www.thecarpetwashingmachine.com\/wp-content\/uploads\/2025\/07\/Untitled-design-10-300x200.png 300w\" sizes=\"auto, (max-width: 750px) 100vw, 750px\" \/><\/figure><\/div>\n\n\n<p><\/p>\n\n\n\n<p>ER 4200, \u00fcr\u00fcn gam\u0131m\u0131zdaki en pop\u00fcler end\u00fcstriyel ve tam otomatik hal\u0131 y\u0131kama makinesidir. Maksimum 4 metre hal\u0131 geni\u015fli\u011fi kapasitesine sahiptir. Bu sayede 4&#215;6, 4&#215;8 veya 4&#215;12 metre gibi b\u00fcy\u00fck hal\u0131lar\u0131 verimli bir \u015fekilde y\u0131kayabilir. Ayr\u0131ca, makine ayn\u0131 anda her biri 2 metre geni\u015fli\u011finde iki hal\u0131y\u0131 y\u0131kayabilir. Birle\u015fik geni\u015fli\u011fin 4 metre s\u0131n\u0131r\u0131nda kalmas\u0131 ko\u015fuluyla, farkl\u0131 boyutlarda \u00fc\u00e7 veya d\u00f6rt hal\u0131n\u0131n y\u0131kanmas\u0131na da olanak tan\u0131r.<\/p>\n\n\n\n<p>ER 4200, d\u00f6rt yumu\u015fak ve d\u00f6rt sert f\u0131r\u00e7adan olu\u015fan en az sekiz adet disk f\u0131r\u00e7a ile donat\u0131lm\u0131\u015ft\u0131r. T\u00fcm makinelerimizde oldu\u011fu gibi, dayan\u0131kl\u0131l\u0131k ve uzun \u00f6m\u00fcr sa\u011flamak i\u00e7in tamamen 304 kalite paslanmaz \u00e7elikten imal edilmi\u015ftir. Entegre PLC sistemi, otomatik <a href=\"https:\/\/www.thecarpetwashingmachine.com\/tr\/how-to-choose-the-right-carpet-washing-machine\/\">hal\u0131 y\u0131kama makinesi<\/a> i\u00e7in y\u00fcksek d\u00fczeyde otomasyon sa\u011flayarak, f\u0131r\u00e7alar\u0131 ve durulama sistemini sorunsuz \u00e7al\u0131\u015fma i\u00e7in sens\u00f6rlerle kontrol eder. Makine, 150 bara kadar bas\u0131n\u00e7 \u00fcretebilen bir pompa ile g\u00fc\u00e7lendirilmi\u015f y\u00fcksek bas\u0131n\u00e7l\u0131 durulama sistemimizi i\u00e7ermektedir.<\/p>\n\n\n\n<p>\u0130ste\u011fe ba\u011fl\u0131 \u00f6zellikler aras\u0131nda, disk f\u0131r\u00e7alardan hemen sonra konumland\u0131r\u0131lan bir arka temizleme silindirik f\u0131r\u00e7as\u0131 ve y\u00fczey temizli\u011fi i\u00e7in bir silindirik f\u0131r\u00e7a bulunur. ER 4200 otomatik hal\u0131 y\u0131kama makinesi, alt\u0131 yumu\u015fak ve alt\u0131 sert f\u0131r\u00e7adan olu\u015fan on iki disk f\u0131r\u00e7al\u0131 bir konfig\u00fcrasyonla da \u00fcretilebilir. Yayg\u0131n pop\u00fclaritesi, m\u00fc\u015fterilerin birden fazla hal\u0131y\u0131 h\u0131zl\u0131 ve kolay bir \u015fekilde i\u015flemesine olanak tan\u0131yan daha b\u00fcy\u00fck makinelere y\u00f6nelik artan talep taraf\u0131ndan desteklenmektedir.<\/p>\n\n\n\n<p>Ergin Makina, yar\u0131m asr\u0131 a\u015fk\u0131n deneyimiyle end\u00fcstriyel hal\u0131 temizleme makinesi sekt\u00f6r\u00fcnde bir lider konumundad\u0131r. Pancar Organize Sanayi B\u00f6lgesi&#8217;ndeki tesisinden faaliyet g\u00f6steren \u015firket, kaliteye, g\u00fcvenilirli\u011fe ve inovasyona \u00f6ncelik vermektedir. Ergin Makina&#8217;n\u0131n bu ilkelere olan ba\u011fl\u0131l\u0131\u011f\u0131, sekt\u00f6rdeki konumunu sa\u011flamla\u015ft\u0131rm\u0131\u015ft\u0131r. Hal\u0131 y\u0131kama makinelerinin yan\u0131 s\u0131ra, sa\u011flam ve verimli makinelerin \u00fcretimindeki geni\u015f uzmanl\u0131klar\u0131n\u0131 sergileyerek \u00e7e\u015fitli end\u00fcstriyel temizlik ekipmanlar\u0131 da \u00fcretmektedirler. Ayr\u0131ca, Ergin Makina Ar-Ge&#8217;ye de b\u00fcy\u00fck \u00f6nem vermekte ve s\u00fcrekli iyile\u015fmeye olan ba\u011fl\u0131l\u0131\u011f\u0131n\u0131 g\u00f6steren bir\u00e7ok patent alm\u0131\u015ft\u0131r.<\/p>\n","protected":false},"excerpt":{"rendered":"<p>ER 4200, \u00fcr\u00fcn gam\u0131m\u0131zdaki en pop\u00fcler end\u00fcstriyel ve tam otomatik hal\u0131 y\u0131kama makinesidir. Maksimum 4 metre hal\u0131 geni\u015fli\u011fi kapasitesine sahiptir. Bu sayede 4&#215;6, 4&#215;8 veya&hellip;<\/p>\n","protected":false},"author":1,"featured_media":0,"parent":0,"menu_order":0,"comment_status":"closed","ping_status":"closed","template":"","meta":{"footnotes":""},"class_list":["post-400","page","type-page","status-publish","hentry"],"translation":{"provider":"WPGlobus","version":"3.0.0","language":"tr","enabled_languages":["en","tr","fr","ar","es","de","pt","ru"],"languages":{"en":{"title":true,"content":true,"excerpt":false},"tr":{"title":true,"content":true,"excerpt":false},"fr":{"title":true,"content":true,"excerpt":false},"ar":{"title":true,"content":true,"excerpt":false},"es":{"title":true,"content":true,"excerpt":false},"de":{"title":true,"content":true,"excerpt":false},"pt":{"title":true,"content":true,"excerpt":false},"ru":{"title":true,"content":true,"excerpt":false}}},"yoast_head":"<!-- This site is optimized with the Yoast SEO plugin v24.7 - https:\/\/yoast.com\/wordpress\/plugins\/seo\/ -->\n<title>ER 4200 - Hal\u0131 Y\u0131kama Makinesi<\/title>\n<meta name=\"description\" content=\"Otomatik Hal\u0131 Y\u0131kama Makinesi ER 4200: G\u00fc\u00e7l\u00fc, verimli ve tam otomatik yap\u0131s\u0131yla her seferinde \u00fcst\u00fcn hal\u0131 temizli\u011fi.\" \/>\n<meta name=\"robots\" content=\"index, follow, max-snippet:-1, max-image-preview:large, max-video-preview:-1\" \/>\n<link rel=\"canonical\" href=\"https:\/\/www.thecarpetwashingmachine.com\/automatic-carpet-washing-machine-er-4200\/\" \/>\n<meta property=\"og:locale\" content=\"tr_TR\" \/>\n<meta property=\"og:type\" content=\"article\" \/>\n<meta property=\"og:title\" content=\"ER 4200 - Hal\u0131 Y\u0131kama Makinesi\" \/>\n<meta property=\"og:description\" content=\"Otomatik Hal\u0131 Y\u0131kama Makinesi ER 4200: G\u00fc\u00e7l\u00fc, verimli ve tam otomatik yap\u0131s\u0131yla her seferinde \u00fcst\u00fcn hal\u0131 temizli\u011fi.\" \/>\n<meta property=\"og:url\" content=\"https:\/\/www.thecarpetwashingmachine.com\/automatic-carpet-washing-machine-er-4200\/\" \/>\n<meta property=\"og:site_name\" content=\"Hal\u0131 Y\u0131kama Makinesi\" \/>\n<meta property=\"article:publisher\" content=\"http:\/\/www.facebook.com\/carpetwashingmachine\" \/>\n<meta property=\"article:modified_time\" content=\"2025-07-11T09:44:56+00:00\" \/>\n<meta property=\"og:image\" content=\"https:\/\/www.thecarpetwashingmachine.com\/wp-content\/uploads\/2025\/07\/Untitled-design-10.png\" \/>\n\t<meta property=\"og:image:width\" content=\"750\" \/>\n\t<meta property=\"og:image:height\" content=\"500\" \/>\n\t<meta property=\"og:image:type\" content=\"image\/png\" \/>\n<meta name=\"twitter:card\" content=\"summary_large_image\" \/>\n<meta name=\"twitter:label1\" content=\"Tahmini okuma s\u00fcresi\" \/>\n\t<meta name=\"twitter:data1\" content=\"2 dakika\" \/>\n<script type=\"application\/ld+json\" class=\"yoast-schema-graph\">{\"@context\":\"https:\/\/schema.org\",\"@graph\":[{\"@type\":\"WebPage\",\"@id\":\"https:\/\/www.thecarpetwashingmachine.com\/automatic-carpet-washing-machine-er-4200\/\",\"url\":\"https:\/\/www.thecarpetwashingmachine.com\/automatic-carpet-washing-machine-er-4200\/\",\"name\":\"ER 4200 - Hal\u0131 Y\u0131kama Makinesi\",\"isPartOf\":{\"@id\":\"https:\/\/www.thecarpetwashingmachine.com\/#website\"},\"primaryImageOfPage\":{\"@id\":\"https:\/\/www.thecarpetwashingmachine.com\/automatic-carpet-washing-machine-er-4200\/#primaryimage\"},\"image\":{\"@id\":\"https:\/\/www.thecarpetwashingmachine.com\/automatic-carpet-washing-machine-er-4200\/#primaryimage\"},\"thumbnailUrl\":\"https:\/\/www.thecarpetwashingmachine.com\/wp-content\/uploads\/2025\/07\/Untitled-design-10.png\",\"datePublished\":\"2025-03-05T11:19:12+00:00\",\"dateModified\":\"2025-07-11T09:44:56+00:00\",\"description\":\"Otomatik Hal\u0131 Y\u0131kama Makinesi ER 4200: G\u00fc\u00e7l\u00fc, verimli ve tam otomatik yap\u0131s\u0131yla her seferinde \u00fcst\u00fcn hal\u0131 temizli\u011fi.\",\"breadcrumb\":{\"@id\":\"https:\/\/www.thecarpetwashingmachine.com\/automatic-carpet-washing-machine-er-4200\/#breadcrumb\"},\"inLanguage\":\"tr\",\"potentialAction\":[{\"@type\":\"ReadAction\",\"target\":[\"https:\/\/www.thecarpetwashingmachine.com\/automatic-carpet-washing-machine-er-4200\/\"]}]},{\"@type\":\"ImageObject\",\"inLanguage\":\"tr\",\"@id\":\"https:\/\/www.thecarpetwashingmachine.com\/automatic-carpet-washing-machine-er-4200\/#primaryimage\",\"url\":\"https:\/\/www.thecarpetwashingmachine.com\/wp-content\/uploads\/2025\/07\/Untitled-design-10.png\",\"contentUrl\":\"https:\/\/www.thecarpetwashingmachine.com\/wp-content\/uploads\/2025\/07\/Untitled-design-10.png\"},{\"@type\":\"BreadcrumbList\",\"@id\":\"https:\/\/www.thecarpetwashingmachine.com\/automatic-carpet-washing-machine-er-4200\/#breadcrumb\",\"itemListElement\":[{\"@type\":\"ListItem\",\"position\":1,\"name\":\"Home\",\"item\":\"https:\/\/www.thecarpetwashingmachine.com\/\"},{\"@type\":\"ListItem\",\"position\":2,\"name\":\"Automatic Carpet Washing Machine &#8211; ER 4200\"}]},{\"@type\":\"WebSite\",\"@id\":\"https:\/\/www.thecarpetwashingmachine.com\/#website\",\"url\":\"https:\/\/www.thecarpetwashingmachine.com\/\",\"name\":\"Hal\u0131 Y\u0131kama Makinesi\",\"description\":\"Hal\u0131 y\u0131kama makinesi t\u00fcm d\u00fcnyada!\",\"potentialAction\":[{\"@type\":\"SearchAction\",\"target\":{\"@type\":\"EntryPoint\",\"urlTemplate\":\"https:\/\/www.thecarpetwashingmachine.com\/?s={search_term_string}\"},\"query-input\":{\"@type\":\"PropertyValueSpecification\",\"valueRequired\":true,\"valueName\":\"search_term_string\"}}],\"inLanguage\":\"tr\"}]}<\/script>\n<!-- \/ Yoast SEO plugin. -->","yoast_head_json":{"title":"ER 4200 - Hal\u0131 Y\u0131kama Makinesi","description":"Otomatik Hal\u0131 Y\u0131kama Makinesi ER 4200: G\u00fc\u00e7l\u00fc, verimli ve tam otomatik yap\u0131s\u0131yla her seferinde \u00fcst\u00fcn hal\u0131 temizli\u011fi.","robots":{"index":"index","follow":"follow","max-snippet":"max-snippet:-1","max-image-preview":"max-image-preview:large","max-video-preview":"max-video-preview:-1"},"canonical":"https:\/\/www.thecarpetwashingmachine.com\/automatic-carpet-washing-machine-er-4200\/","og_locale":"tr_TR","og_type":"article","og_title":"ER 4200 - Hal\u0131 Y\u0131kama Makinesi","og_description":"Otomatik Hal\u0131 Y\u0131kama Makinesi ER 4200: G\u00fc\u00e7l\u00fc, verimli ve tam otomatik yap\u0131s\u0131yla her seferinde \u00fcst\u00fcn hal\u0131 temizli\u011fi.","og_url":"https:\/\/www.thecarpetwashingmachine.com\/automatic-carpet-washing-machine-er-4200\/","og_site_name":"Hal\u0131 Y\u0131kama Makinesi","article_publisher":"http:\/\/www.facebook.com\/carpetwashingmachine","article_modified_time":"2025-07-11T09:44:56+00:00","og_image":[{"width":750,"height":500,"url":"https:\/\/www.thecarpetwashingmachine.com\/wp-content\/uploads\/2025\/07\/Untitled-design-10.png","type":"image\/png"}],"twitter_card":"summary_large_image","twitter_misc":{"Tahmini okuma s\u00fcresi":"2 dakika"},"schema":{"@context":"https:\/\/schema.org","@graph":[{"@type":"WebPage","@id":"https:\/\/www.thecarpetwashingmachine.com\/automatic-carpet-washing-machine-er-4200\/","url":"https:\/\/www.thecarpetwashingmachine.com\/automatic-carpet-washing-machine-er-4200\/","name":"ER 4200 - Hal\u0131 Y\u0131kama Makinesi","isPartOf":{"@id":"https:\/\/www.thecarpetwashingmachine.com\/#website"},"primaryImageOfPage":{"@id":"https:\/\/www.thecarpetwashingmachine.com\/automatic-carpet-washing-machine-er-4200\/#primaryimage"},"image":{"@id":"https:\/\/www.thecarpetwashingmachine.com\/automatic-carpet-washing-machine-er-4200\/#primaryimage"},"thumbnailUrl":"https:\/\/www.thecarpetwashingmachine.com\/wp-content\/uploads\/2025\/07\/Untitled-design-10.png","datePublished":"2025-03-05T11:19:12+00:00","dateModified":"2025-07-11T09:44:56+00:00","description":"Otomatik Hal\u0131 Y\u0131kama Makinesi ER 4200: G\u00fc\u00e7l\u00fc, verimli ve tam otomatik yap\u0131s\u0131yla her seferinde \u00fcst\u00fcn hal\u0131 temizli\u011fi.","breadcrumb":{"@id":"https:\/\/www.thecarpetwashingmachine.com\/automatic-carpet-washing-machine-er-4200\/#breadcrumb"},"inLanguage":"tr","potentialAction":[{"@type":"ReadAction","target":["https:\/\/www.thecarpetwashingmachine.com\/automatic-carpet-washing-machine-er-4200\/"]}]},{"@type":"ImageObject","inLanguage":"tr","@id":"https:\/\/www.thecarpetwashingmachine.com\/automatic-carpet-washing-machine-er-4200\/#primaryimage","url":"https:\/\/www.thecarpetwashingmachine.com\/wp-content\/uploads\/2025\/07\/Untitled-design-10.png","contentUrl":"https:\/\/www.thecarpetwashingmachine.com\/wp-content\/uploads\/2025\/07\/Untitled-design-10.png"},{"@type":"BreadcrumbList","@id":"https:\/\/www.thecarpetwashingmachine.com\/automatic-carpet-washing-machine-er-4200\/#breadcrumb","itemListElement":[{"@type":"ListItem","position":1,"name":"Home","item":"https:\/\/www.thecarpetwashingmachine.com\/"},{"@type":"ListItem","position":2,"name":"Automatic Carpet Washing Machine &#8211; ER 4200"}]},{"@type":"WebSite","@id":"https:\/\/www.thecarpetwashingmachine.com\/#website","url":"https:\/\/www.thecarpetwashingmachine.com\/","name":"Hal\u0131 Y\u0131kama Makinesi","description":"Hal\u0131 y\u0131kama makinesi t\u00fcm d\u00fcnyada!","potentialAction":[{"@type":"SearchAction","target":{"@type":"EntryPoint","urlTemplate":"https:\/\/www.thecarpetwashingmachine.com\/?s={search_term_string}"},"query-input":{"@type":"PropertyValueSpecification","valueRequired":true,"valueName":"search_term_string"}}],"inLanguage":"tr"}]}},"_links":{"self":[{"href":"https:\/\/www.thecarpetwashingmachine.com\/tr\/wp-json\/wp\/v2\/pages\/400","targetHints":{"allow":["GET"]}}],"collection":[{"href":"https:\/\/www.thecarpetwashingmachine.com\/tr\/wp-json\/wp\/v2\/pages"}],"about":[{"href":"https:\/\/www.thecarpetwashingmachine.com\/tr\/wp-json\/wp\/v2\/types\/page"}],"author":[{"embeddable":true,"href":"https:\/\/www.thecarpetwashingmachine.com\/tr\/wp-json\/wp\/v2\/users\/1"}],"replies":[{"embeddable":true,"href":"https:\/\/www.thecarpetwashingmachine.com\/tr\/wp-json\/wp\/v2\/comments?post=400"}],"version-history":[{"count":92,"href":"https:\/\/www.thecarpetwashingmachine.com\/tr\/wp-json\/wp\/v2\/pages\/400\/revisions"}],"predecessor-version":[{"id":2153,"href":"https:\/\/www.thecarpetwashingmachine.com\/tr\/wp-json\/wp\/v2\/pages\/400\/revisions\/2153"}],"wp:attachment":[{"href":"https:\/\/www.thecarpetwashingmachine.com\/tr\/wp-json\/wp\/v2\/media?parent=400"}],"curies":[{"name":"wp","href":"https:\/\/api.w.org\/{rel}","templated":true}]}}