{"id":394,"date":"2025-02-25T11:39:52","date_gmt":"2025-02-25T11:39:52","guid":{"rendered":"https:\/\/www.thecarpetwashingmachine.com\/?page_id=394"},"modified":"2025-07-07T07:18:21","modified_gmt":"2025-07-07T07:18:21","slug":"carpet-dusting-machine","status":"publish","type":"page","link":"https:\/\/www.thecarpetwashingmachine.com\/tr\/carpet-dusting-machine\/","title":{"rendered":"Hal\u0131 Toz Alma Makinas\u0131"},"content":{"rendered":"<div class=\"wp-block-image\">\n<figure class=\"aligncenter\"><img loading=\"lazy\" decoding=\"async\" width=\"750\" height=\"500\" src=\"https:\/\/www.thecarpetwashingmachine.com\/wp-content\/uploads\/2025\/02\/hali-toz-alma-makinasi-urun.jpg\" alt=\"hal\u0131 toz alma makinesi\" class=\"wp-image-395\" srcset=\"https:\/\/www.thecarpetwashingmachine.com\/wp-content\/uploads\/2025\/02\/hali-toz-alma-makinasi-urun.jpg 750w, https:\/\/www.thecarpetwashingmachine.com\/wp-content\/uploads\/2025\/02\/hali-toz-alma-makinasi-urun-300x200.jpg 300w\" sizes=\"auto, (max-width: 750px) 100vw, 750px\" \/><\/figure><\/div>\n\n\n<p><\/p>\n\n\n\n<p>Hal\u0131 toz alma makinesi, profesyonel hal\u0131 temizli\u011finin <a href=\"http:\/\/thecarpetwashingmachine.com\/tr\/\">y\u0131kama<\/a> ve \u0131slatma \u00f6ncesindeki ilk a\u015famas\u0131 i\u00e7in vazge\u00e7ilmezdir. Hal\u0131lar bir temizleme d\u00fckkan\u0131na geldi\u011finde, derinlemesine yerle\u015fmi\u015f kuru kir, toz ve d\u00f6k\u00fcnt\u00fcleri temizlemek i\u00e7in \u00f6ncelikle bu makineden ge\u00e7irilir. Temel i\u015flevi g\u00fc\u00e7l\u00fc bir mekanik eylem i\u00e7erir: hal\u0131 makineden ge\u00e7irilir ve hem \u00fcstte hem de altta bulunan d\u00f6nen silindirler taraf\u0131ndan d\u00f6v\u00fcl\u00fcr. Bu \u00e7alkalama, geleneksel s\u00fcp\u00fcrmenin etkili bir \u015fekilde \u00e7\u0131karamad\u0131\u011f\u0131 inat\u00e7\u0131 kir, kum, evcil hayvan t\u00fcyleri ve di\u011fer partik\u00fcl maddeleri yerinden \u00e7\u0131kar\u0131r.<\/p>\n\n\n\n<p>Yerinden \u00e7\u0131kan d\u00f6k\u00fcnt\u00fcler daha sonra bir vakum sistemi arac\u0131l\u0131\u011f\u0131yla toplan\u0131r ve bir torbaya aktar\u0131l\u0131r. Temizlenen hal\u0131, temizli\u011fin bir sonraki a\u015famas\u0131na haz\u0131r olarak \u00f6ne geri verilir. Bu i\u015flem sadece hal\u0131 liflerinin i\u00e7inde s\u0131k\u0131\u015fm\u0131\u015f toz ve maddeleri ortadan kald\u0131rmakla kalmaz, ayn\u0131 zamanda hal\u0131y\u0131 \u00f6nemli \u00f6l\u00e7\u00fcde yumu\u015fat\u0131r ve genel dokusunu iyile\u015ftirir.<\/p>\n\n\n\n<p>Ayr\u0131ca, hal\u0131 toz alma makinesinin sa\u011flad\u0131\u011f\u0131 kuru kirdeki \u00f6nemli azalma, sonraki y\u0131kama i\u015flemlerinde gereken hal\u0131 \u015fampuan\u0131 miktar\u0131nda \u00f6nemli bir d\u00fc\u015f\u00fc\u015fe neden olur. Sekt\u00f6r uzmanlar\u0131, bu \u00f6n temizlik ad\u0131m\u0131n\u0131n \u015fampuan t\u00fcketimini %40&#8217;a kadar azaltabilece\u011fini, bunun da maliyet tasarrufu ve \u00e7evresel etkinin azalmas\u0131na yol a\u00e7t\u0131\u011f\u0131n\u0131 belirtiyor. Ek olarak, a\u015f\u0131nd\u0131r\u0131c\u0131 kumun giderilmesiyle toz alma i\u015flemi, hal\u0131n\u0131n \u00f6mr\u00fcne katk\u0131da bulunur ve erken y\u0131pranmay\u0131 \u00f6nler. Ayr\u0131ca, hal\u0131 liflerinin y\u00fczeyindeki kir gibi maddelerin \u00e7\u0131kar\u0131lmas\u0131 sayesinde canl\u0131 renkler yeniden canland\u0131\u011f\u0131 i\u00e7in hal\u0131n\u0131n g\u00f6r\u00fcn\u00fcm\u00fcn\u00fc de iyile\u015ftirir. B\u00fcy\u00fck miktarda tozun giderilmesi, i\u00e7 mekan hava kalitesini b\u00fcy\u00fck \u00f6l\u00e7\u00fcde art\u0131r\u0131r. B\u00fcy\u00fck hacimli hal\u0131lar\u0131n temizlendi\u011fi ticari ortamlarda, bu makineler en iyi temizleme sonu\u00e7lar\u0131 ve operasyonel verimlilik elde etmek i\u00e7in vazge\u00e7ilmezdir.<\/p>\n\n\n\n<p>Hal\u0131 toz alma makineleri \u00e7e\u015fitli tiplerde \u00fcretilir. Resimdeki makine, otomatik hal\u0131 toz alma makinesi olarak da bilinen d\u00fcz yatakl\u0131 bir modeldir. Ayr\u0131ca tamburlu toz alma makineleri (bazen &#8216;dolap&#8217; olarak da adland\u0131r\u0131lan b\u00fcy\u00fck d\u00f6nen tamburlar) ve manuel makineler de bulunmaktad\u0131r.<\/p>\n","protected":false},"excerpt":{"rendered":"<p>Hal\u0131 toz alma makinesi, profesyonel hal\u0131 temizli\u011finin y\u0131kama ve \u0131slatma \u00f6ncesindeki ilk a\u015famas\u0131 i\u00e7in vazge\u00e7ilmezdir. Hal\u0131lar bir temizleme d\u00fckkan\u0131na geldi\u011finde, derinlemesine yerle\u015fmi\u015f kuru kir, toz&hellip;<\/p>\n","protected":false},"author":1,"featured_media":0,"parent":0,"menu_order":0,"comment_status":"closed","ping_status":"closed","template":"","meta":{"footnotes":""},"class_list":["post-394","page","type-page","status-publish","hentry"],"translation":{"provider":"WPGlobus","version":"3.0.0","language":"tr","enabled_languages":["en","tr","fr","ar","es","de","pt","ru"],"languages":{"en":{"title":true,"content":true,"excerpt":false},"tr":{"title":true,"content":true,"excerpt":false},"fr":{"title":true,"content":true,"excerpt":false},"ar":{"title":true,"content":true,"excerpt":false},"es":{"title":true,"content":true,"excerpt":false},"de":{"title":true,"content":true,"excerpt":false},"pt":{"title":true,"content":true,"excerpt":false},"ru":{"title":true,"content":true,"excerpt":false}}},"yoast_head":"<!-- This site is optimized with the Yoast SEO plugin v24.7 - https:\/\/yoast.com\/wordpress\/plugins\/seo\/ -->\n<title>Hal\u0131 Toz Alma Makinas\u0131 - Hal\u0131 Y\u0131kama Makinesi<\/title>\n<meta name=\"description\" content=\"Hal\u0131 Toz Alma Makinesi: Y\u0131kama i\u015fleminden \u00f6nce hal\u0131lardaki toz, kal\u0131nt\u0131 ve di\u011fer yabanc\u0131 maddelerin giderilmesi i\u00e7in kullan\u0131l\u0131r.\" \/>\n<meta name=\"robots\" content=\"index, follow, max-snippet:-1, max-image-preview:large, max-video-preview:-1\" \/>\n<link rel=\"canonical\" href=\"https:\/\/www.thecarpetwashingmachine.com\/carpet-dusting-machine\/\" \/>\n<meta property=\"og:locale\" content=\"tr_TR\" \/>\n<meta property=\"og:type\" content=\"article\" \/>\n<meta property=\"og:title\" content=\"Hal\u0131 Toz Alma Makinas\u0131 - Hal\u0131 Y\u0131kama Makinesi\" \/>\n<meta property=\"og:description\" content=\"Hal\u0131 Toz Alma Makinesi: Y\u0131kama i\u015fleminden \u00f6nce hal\u0131lardaki toz, kal\u0131nt\u0131 ve di\u011fer yabanc\u0131 maddelerin giderilmesi i\u00e7in kullan\u0131l\u0131r.\" \/>\n<meta property=\"og:url\" content=\"https:\/\/www.thecarpetwashingmachine.com\/carpet-dusting-machine\/\" \/>\n<meta property=\"og:site_name\" content=\"Hal\u0131 Y\u0131kama Makinesi\" \/>\n<meta property=\"article:publisher\" content=\"http:\/\/www.facebook.com\/carpetwashingmachine\" \/>\n<meta property=\"article:modified_time\" content=\"2025-07-07T07:18:21+00:00\" \/>\n<meta property=\"og:image\" content=\"https:\/\/www.thecarpetwashingmachine.com\/wp-content\/uploads\/2025\/02\/hali-toz-alma-makinasi-urun.jpg\" \/>\n\t<meta property=\"og:image:width\" content=\"750\" \/>\n\t<meta property=\"og:image:height\" content=\"500\" \/>\n\t<meta property=\"og:image:type\" content=\"image\/jpeg\" \/>\n<meta name=\"twitter:card\" content=\"summary_large_image\" \/>\n<meta name=\"twitter:label1\" content=\"Tahmini okuma s\u00fcresi\" \/>\n\t<meta name=\"twitter:data1\" content=\"2 dakika\" \/>\n<script type=\"application\/ld+json\" class=\"yoast-schema-graph\">{\"@context\":\"https:\/\/schema.org\",\"@graph\":[{\"@type\":\"WebPage\",\"@id\":\"https:\/\/www.thecarpetwashingmachine.com\/carpet-dusting-machine\/\",\"url\":\"https:\/\/www.thecarpetwashingmachine.com\/carpet-dusting-machine\/\",\"name\":\"M\u00e1quina de tirar p\u00f3 de carpetes - Hal\u0131 Y\u0131kama Makinesi\",\"isPartOf\":{\"@id\":\"https:\/\/www.thecarpetwashingmachine.com\/#website\"},\"primaryImageOfPage\":{\"@id\":\"https:\/\/www.thecarpetwashingmachine.com\/carpet-dusting-machine\/#primaryimage\"},\"image\":{\"@id\":\"https:\/\/www.thecarpetwashingmachine.com\/carpet-dusting-machine\/#primaryimage\"},\"thumbnailUrl\":\"https:\/\/www.thecarpetwashingmachine.com\/wp-content\/uploads\/2025\/02\/hali-toz-alma-makinasi-urun.jpg\",\"datePublished\":\"2025-02-25T11:39:52+00:00\",\"dateModified\":\"2025-07-07T07:18:21+00:00\",\"description\":\"A m\u00e1quina de sacudir tapetes \u00e9 usada para remover poeira, detritos e outros materiais antes do processo de lavagem.\",\"breadcrumb\":{\"@id\":\"https:\/\/www.thecarpetwashingmachine.com\/carpet-dusting-machine\/#breadcrumb\"},\"inLanguage\":\"tr\",\"potentialAction\":[{\"@type\":\"ReadAction\",\"target\":[\"https:\/\/www.thecarpetwashingmachine.com\/carpet-dusting-machine\/\"]}]},{\"@type\":\"ImageObject\",\"inLanguage\":\"tr\",\"@id\":\"https:\/\/www.thecarpetwashingmachine.com\/carpet-dusting-machine\/#primaryimage\",\"url\":\"https:\/\/www.thecarpetwashingmachine.com\/wp-content\/uploads\/2025\/02\/hali-toz-alma-makinasi-urun.jpg\",\"contentUrl\":\"https:\/\/www.thecarpetwashingmachine.com\/wp-content\/uploads\/2025\/02\/hali-toz-alma-makinasi-urun.jpg\"},{\"@type\":\"BreadcrumbList\",\"@id\":\"https:\/\/www.thecarpetwashingmachine.com\/carpet-dusting-machine\/#breadcrumb\",\"itemListElement\":[{\"@type\":\"ListItem\",\"position\":1,\"name\":\"Home\",\"item\":\"https:\/\/www.thecarpetwashingmachine.com\/\"},{\"@type\":\"ListItem\",\"position\":2,\"name\":\"Carpet Dusting Machine\"}]},{\"@type\":\"WebSite\",\"@id\":\"https:\/\/www.thecarpetwashingmachine.com\/#website\",\"url\":\"https:\/\/www.thecarpetwashingmachine.com\/\",\"name\":\"Hal\u0131 Y\u0131kama Makinesi\",\"description\":\"Hal\u0131 y\u0131kama makinesi t\u00fcm d\u00fcnyada!\",\"potentialAction\":[{\"@type\":\"SearchAction\",\"target\":{\"@type\":\"EntryPoint\",\"urlTemplate\":\"https:\/\/www.thecarpetwashingmachine.com\/?s={search_term_string}\"},\"query-input\":{\"@type\":\"PropertyValueSpecification\",\"valueRequired\":true,\"valueName\":\"search_term_string\"}}],\"inLanguage\":\"tr\"}]}<\/script>\n<!-- \/ Yoast SEO plugin. -->","yoast_head_json":{"title":"Hal\u0131 Toz Alma Makinas\u0131 - Hal\u0131 Y\u0131kama Makinesi","description":"Hal\u0131 Toz Alma Makinesi: Y\u0131kama i\u015fleminden \u00f6nce hal\u0131lardaki toz, kal\u0131nt\u0131 ve di\u011fer yabanc\u0131 maddelerin giderilmesi i\u00e7in kullan\u0131l\u0131r.","robots":{"index":"index","follow":"follow","max-snippet":"max-snippet:-1","max-image-preview":"max-image-preview:large","max-video-preview":"max-video-preview:-1"},"canonical":"https:\/\/www.thecarpetwashingmachine.com\/carpet-dusting-machine\/","og_locale":"tr_TR","og_type":"article","og_title":"Hal\u0131 Toz Alma Makinas\u0131 - Hal\u0131 Y\u0131kama Makinesi","og_description":"Hal\u0131 Toz Alma Makinesi: Y\u0131kama i\u015fleminden \u00f6nce hal\u0131lardaki toz, kal\u0131nt\u0131 ve di\u011fer yabanc\u0131 maddelerin giderilmesi i\u00e7in kullan\u0131l\u0131r.","og_url":"https:\/\/www.thecarpetwashingmachine.com\/carpet-dusting-machine\/","og_site_name":"Hal\u0131 Y\u0131kama Makinesi","article_publisher":"http:\/\/www.facebook.com\/carpetwashingmachine","article_modified_time":"2025-07-07T07:18:21+00:00","og_image":[{"width":750,"height":500,"url":"https:\/\/www.thecarpetwashingmachine.com\/wp-content\/uploads\/2025\/02\/hali-toz-alma-makinasi-urun.jpg","type":"image\/jpeg"}],"twitter_card":"summary_large_image","twitter_misc":{"Tahmini okuma s\u00fcresi":"2 dakika"},"schema":{"@context":"https:\/\/schema.org","@graph":[{"@type":"WebPage","@id":"https:\/\/www.thecarpetwashingmachine.com\/carpet-dusting-machine\/","url":"https:\/\/www.thecarpetwashingmachine.com\/carpet-dusting-machine\/","name":"M\u00e1quina de tirar p\u00f3 de carpetes - Hal\u0131 Y\u0131kama Makinesi","isPartOf":{"@id":"https:\/\/www.thecarpetwashingmachine.com\/#website"},"primaryImageOfPage":{"@id":"https:\/\/www.thecarpetwashingmachine.com\/carpet-dusting-machine\/#primaryimage"},"image":{"@id":"https:\/\/www.thecarpetwashingmachine.com\/carpet-dusting-machine\/#primaryimage"},"thumbnailUrl":"https:\/\/www.thecarpetwashingmachine.com\/wp-content\/uploads\/2025\/02\/hali-toz-alma-makinasi-urun.jpg","datePublished":"2025-02-25T11:39:52+00:00","dateModified":"2025-07-07T07:18:21+00:00","description":"A m\u00e1quina de sacudir tapetes \u00e9 usada para remover poeira, detritos e outros materiais antes do processo de lavagem.","breadcrumb":{"@id":"https:\/\/www.thecarpetwashingmachine.com\/carpet-dusting-machine\/#breadcrumb"},"inLanguage":"tr","potentialAction":[{"@type":"ReadAction","target":["https:\/\/www.thecarpetwashingmachine.com\/carpet-dusting-machine\/"]}]},{"@type":"ImageObject","inLanguage":"tr","@id":"https:\/\/www.thecarpetwashingmachine.com\/carpet-dusting-machine\/#primaryimage","url":"https:\/\/www.thecarpetwashingmachine.com\/wp-content\/uploads\/2025\/02\/hali-toz-alma-makinasi-urun.jpg","contentUrl":"https:\/\/www.thecarpetwashingmachine.com\/wp-content\/uploads\/2025\/02\/hali-toz-alma-makinasi-urun.jpg"},{"@type":"BreadcrumbList","@id":"https:\/\/www.thecarpetwashingmachine.com\/carpet-dusting-machine\/#breadcrumb","itemListElement":[{"@type":"ListItem","position":1,"name":"Home","item":"https:\/\/www.thecarpetwashingmachine.com\/"},{"@type":"ListItem","position":2,"name":"Carpet Dusting Machine"}]},{"@type":"WebSite","@id":"https:\/\/www.thecarpetwashingmachine.com\/#website","url":"https:\/\/www.thecarpetwashingmachine.com\/","name":"Hal\u0131 Y\u0131kama Makinesi","description":"Hal\u0131 y\u0131kama makinesi t\u00fcm d\u00fcnyada!","potentialAction":[{"@type":"SearchAction","target":{"@type":"EntryPoint","urlTemplate":"https:\/\/www.thecarpetwashingmachine.com\/?s={search_term_string}"},"query-input":{"@type":"PropertyValueSpecification","valueRequired":true,"valueName":"search_term_string"}}],"inLanguage":"tr"}]}},"_links":{"self":[{"href":"https:\/\/www.thecarpetwashingmachine.com\/tr\/wp-json\/wp\/v2\/pages\/394","targetHints":{"allow":["GET"]}}],"collection":[{"href":"https:\/\/www.thecarpetwashingmachine.com\/tr\/wp-json\/wp\/v2\/pages"}],"about":[{"href":"https:\/\/www.thecarpetwashingmachine.com\/tr\/wp-json\/wp\/v2\/types\/page"}],"author":[{"embeddable":true,"href":"https:\/\/www.thecarpetwashingmachine.com\/tr\/wp-json\/wp\/v2\/users\/1"}],"replies":[{"embeddable":true,"href":"https:\/\/www.thecarpetwashingmachine.com\/tr\/wp-json\/wp\/v2\/comments?post=394"}],"version-history":[{"count":42,"href":"https:\/\/www.thecarpetwashingmachine.com\/tr\/wp-json\/wp\/v2\/pages\/394\/revisions"}],"predecessor-version":[{"id":1836,"href":"https:\/\/www.thecarpetwashingmachine.com\/tr\/wp-json\/wp\/v2\/pages\/394\/revisions\/1836"}],"wp:attachment":[{"href":"https:\/\/www.thecarpetwashingmachine.com\/tr\/wp-json\/wp\/v2\/media?parent=394"}],"curies":[{"name":"wp","href":"https:\/\/api.w.org\/{rel}","templated":true}]}}