{"id":389,"date":"2025-02-13T07:46:35","date_gmt":"2025-02-13T07:46:35","guid":{"rendered":"https:\/\/www.thecarpetwashingmachine.com\/?page_id=389"},"modified":"2025-07-11T09:48:58","modified_gmt":"2025-07-11T09:48:58","slug":"carpet-wringing-machine","status":"publish","type":"page","link":"https:\/\/www.thecarpetwashingmachine.com\/tr\/carpet-wringing-machine\/","title":{"rendered":"Hal\u0131 S\u0131kma Makinesi"},"content":{"rendered":"<div class=\"wp-block-image alignnone wp-image-390\">\n<figure class=\"aligncenter size-full\"><img loading=\"lazy\" decoding=\"async\" width=\"750\" height=\"500\" src=\"https:\/\/www.thecarpetwashingmachine.com\/wp-content\/uploads\/2025\/07\/Untitled-design-11.png\" alt=\"Hal\u0131 s\u0131kma makinesi\" class=\"wp-image-1636\" srcset=\"https:\/\/www.thecarpetwashingmachine.com\/wp-content\/uploads\/2025\/07\/Untitled-design-11.png 750w, https:\/\/www.thecarpetwashingmachine.com\/wp-content\/uploads\/2025\/07\/Untitled-design-11-300x200.png 300w\" sizes=\"auto, (max-width: 750px) 100vw, 750px\" \/><\/figure><\/div>\n\n\n<p><\/p>\n\n\n\n<p>Hal\u0131 s\u0131kma makinesi, ayn\u0131 zamanda hal\u0131 s\u0131kma santrif\u00fcjleri veya hal\u0131 kurutma makineleri olarak da bilinir, profesyonel hal\u0131 ve kilim temizleme tesislerinde <a href=\"https:\/\/www.thecarpetwashingmachine.com\/tr\/faq-on-carpet-washing-machines\/\">y\u0131kamadan<\/a> sonra hal\u0131lardan suyu verimli bir \u015fekilde \u00e7\u0131karmak i\u00e7in kullan\u0131lan end\u00fcstriyel bir makinedir. Bu makineler, hal\u0131 temizleme s\u00fcrecinin \u00f6nemli bir par\u00e7as\u0131d\u0131r ve kuruma s\u00fcresini \u00f6nemli \u00f6l\u00e7\u00fcde azaltarak olas\u0131 nemle ilgili hasarlar\u0131 \u00f6nler.<\/p>\n\n\n\n<hr class=\"wp-block-separator has-alpha-channel-opacity\"\/>\n\n\n\n<h3 class=\"wp-block-heading\">Hal\u0131 S\u0131kma Makinesinin \u00d6zellikleri<\/h3>\n\n\n\n<ul class=\"wp-block-list\">\n<li><strong>Verimli Su \u00c7ekimi:<\/strong> Santrif\u00fcjl\u00fc hal\u0131 s\u0131kma makineleri, y\u00fcksek h\u0131zl\u0131 d\u00f6nme ile merkezka\u00e7 kuvveti olu\u015fturarak, bir hal\u0131dan suyun %90 ila %98&#8217;ini sadece dakikalar i\u00e7inde etkili bir \u015fekilde \u00e7\u0131kar\u0131r. Bu, kuruma s\u00fcresini \u00f6nemli \u00f6l\u00e7\u00fcde k\u0131salt\u0131r ve sonraki hava kurutma veya nem alma destekli kurutmay\u0131 h\u0131zland\u0131r\u0131r.<\/li>\n\n\n\n<li><strong>Hasar \u00d6nleme:<\/strong> Fazla suyu h\u0131zla \u00e7\u0131kararak, bu makineler hal\u0131lar\u0131n uzun s\u00fcre \u0131slak kalmas\u0131 durumunda ortaya \u00e7\u0131kabilecek kahverengile\u015fme, renk akmas\u0131 ve k\u00fcf kokusu gibi sorunlar\u0131 \u00f6nlemeye yard\u0131mc\u0131 olur.<\/li>\n\n\n\n<li><strong>Zaman ve \u0130\u015fg\u00fcc\u00fc Tasarrufu:<\/strong> H\u0131zl\u0131 su \u00e7\u0131karma s\u00fcreci, hal\u0131 temizleme hizmetleri i\u00e7in daha h\u0131zl\u0131 geri d\u00f6n\u00fc\u015f s\u00fcreleri sa\u011flayarak \u00fcretkenli\u011fi ve verimlili\u011fi art\u0131r\u0131r.<\/li>\n\n\n\n<li><strong>\u00c7ok Y\u00f6nl\u00fcl\u00fck:<\/strong> Hal\u0131 s\u0131kma makineleri, temel hal\u0131lar, narin oryantal hal\u0131lar, y\u00fcn hal\u0131lar ve sentetik hal\u0131lar dahil olmak \u00fczere \u00e7e\u015fitli hal\u0131 t\u00fcrleri i\u00e7in uygundur.<\/li>\n<\/ul>\n\n\n\n<hr class=\"wp-block-separator has-alpha-channel-opacity\"\/>\n\n\n\n<h3 class=\"wp-block-heading\">Hal\u0131 S\u0131kma Makinesi Nas\u0131l \u00c7al\u0131\u015f\u0131r:<\/h3>\n\n\n\n<ol class=\"wp-block-list\">\n<li>Islak ve d\u00fczg\u00fcnce rulo yap\u0131lm\u0131\u015f hal\u0131, hal\u0131 s\u0131k\u0131c\u0131n\u0131n delikli silindirinin i\u00e7ine yerle\u015ftirilir.<\/li>\n\n\n\n<li>Son bir kontrol\u00fcn ard\u0131ndan kapak otomatik olarak kapan\u0131r.<\/li>\n\n\n\n<li>Makine \u00e7al\u0131\u015f\u0131r ve silindir y\u00fcksek h\u0131zlarda d\u00f6nerek merkezka\u00e7 kuvveti olu\u015fturur.<\/li>\n\n\n\n<li>Bu kuvvet, suyu hal\u0131dan, deliklerden d\u0131\u015far\u0131 ve silindirin i\u00e7ine \u00e7eker.<\/li>\n\n\n\n<li>Su, makinenin alt\u0131ndaki borular arac\u0131l\u0131\u011f\u0131yla y\u00f6nlendirilir ve bertaraf edilmek \u00fczere bir drenaj sisteminde veya kapta toplan\u0131r.<\/li>\n\n\n\n<li>S\u0131kma d\u00f6ng\u00fcs\u00fc tipik olarak \u00fc\u00e7 dakika s\u00fcrer (fabrika ayarl\u0131 olup m\u00fc\u015fteri taraf\u0131ndan ayarlanabilir). Suyun \u00e7o\u011fu ilk 60 ila 90 saniye i\u00e7inde \u00e7\u0131kar\u0131l\u0131r ve miktar\u0131 sonras\u0131nda azal\u0131r.<\/li>\n\n\n\n<li>D\u00f6ng\u00fc tamamland\u0131\u011f\u0131nda, \u00f6nemli \u00f6l\u00e7\u00fcde daha kuru olan hal\u0131 s\u0131k\u0131c\u0131n\u0131n i\u00e7inden \u00e7\u0131kar\u0131l\u0131r ve son kurutma i\u00e7in haz\u0131rlan\u0131r.<\/li>\n<\/ol>\n\n\n\n<hr class=\"wp-block-separator has-alpha-channel-opacity\"\/>\n\n\n\n<p>Genel olarak, santrif\u00fcjl\u00fc hal\u0131 s\u0131kma makineleri, profesyonel hal\u0131 temizleyicileri i\u00e7in verimli su \u00e7\u0131karma, hasar \u00f6nleme ve zaman ve i\u015fg\u00fcc\u00fc tasarrufu sa\u011flayan temel ara\u00e7lard\u0131r. Y\u00fcksek kaliteli bir hal\u0131 s\u0131kma makinesine yat\u0131r\u0131m yapmak, hal\u0131 temizleme i\u015fletmelerinin hizmetlerini iyile\u015ftirmesini ve m\u00fc\u015fteri memnuniyetini sa\u011flamas\u0131n\u0131 m\u00fcmk\u00fcn k\u0131lar.<\/p>\n","protected":false},"excerpt":{"rendered":"<p>Hal\u0131 s\u0131kma makinesi, ayn\u0131 zamanda hal\u0131 s\u0131kma santrif\u00fcjleri veya hal\u0131 kurutma makineleri olarak da bilinir, profesyonel hal\u0131 ve kilim temizleme tesislerinde y\u0131kamadan sonra hal\u0131lardan suyu&hellip;<\/p>\n","protected":false},"author":1,"featured_media":0,"parent":0,"menu_order":0,"comment_status":"closed","ping_status":"closed","template":"","meta":{"footnotes":""},"class_list":["post-389","page","type-page","status-publish","hentry"],"translation":{"provider":"WPGlobus","version":"3.0.0","language":"tr","enabled_languages":["en","tr","fr","ar","es","de","pt","ru"],"languages":{"en":{"title":true,"content":true,"excerpt":false},"tr":{"title":true,"content":true,"excerpt":false},"fr":{"title":true,"content":true,"excerpt":false},"ar":{"title":true,"content":true,"excerpt":false},"es":{"title":true,"content":true,"excerpt":false},"de":{"title":true,"content":true,"excerpt":false},"pt":{"title":true,"content":true,"excerpt":false},"ru":{"title":true,"content":true,"excerpt":false}}},"yoast_head":"<!-- This site is optimized with the Yoast SEO plugin v24.7 - https:\/\/yoast.com\/wordpress\/plugins\/seo\/ -->\n<title>Hal\u0131 S\u0131kma Makinesi - Hal\u0131 Y\u0131kama Makinesi<\/title>\n<meta name=\"description\" content=\"Hal\u0131 s\u0131kma makinesi, hal\u0131 ve kilim temizleme tesislerinde kuruma s\u00fcresini \u00f6nemli \u00f6l\u00e7\u00fcde azaltt\u0131\u011f\u0131 i\u00e7in \u00e7ok \u00f6nemlidir.\" \/>\n<meta name=\"robots\" content=\"index, follow, max-snippet:-1, max-image-preview:large, max-video-preview:-1\" \/>\n<link rel=\"canonical\" href=\"https:\/\/www.thecarpetwashingmachine.com\/carpet-wringing-machine\/\" \/>\n<meta property=\"og:locale\" content=\"tr_TR\" \/>\n<meta property=\"og:type\" content=\"article\" \/>\n<meta property=\"og:title\" content=\"Hal\u0131 S\u0131kma Makinesi - Hal\u0131 Y\u0131kama Makinesi\" \/>\n<meta property=\"og:description\" content=\"Hal\u0131 s\u0131kma makinesi, hal\u0131 ve kilim temizleme tesislerinde kuruma s\u00fcresini \u00f6nemli \u00f6l\u00e7\u00fcde azaltt\u0131\u011f\u0131 i\u00e7in \u00e7ok \u00f6nemlidir.\" \/>\n<meta property=\"og:url\" content=\"https:\/\/www.thecarpetwashingmachine.com\/carpet-wringing-machine\/\" \/>\n<meta property=\"og:site_name\" content=\"Hal\u0131 Y\u0131kama Makinesi\" \/>\n<meta property=\"article:publisher\" content=\"http:\/\/www.facebook.com\/carpetwashingmachine\" \/>\n<meta property=\"article:modified_time\" content=\"2025-07-11T09:48:58+00:00\" \/>\n<meta property=\"og:image\" content=\"https:\/\/www.thecarpetwashingmachine.com\/wp-content\/uploads\/2025\/07\/Untitled-design-11.png\" \/>\n\t<meta property=\"og:image:width\" content=\"750\" \/>\n\t<meta property=\"og:image:height\" content=\"500\" \/>\n\t<meta property=\"og:image:type\" content=\"image\/png\" \/>\n<meta name=\"twitter:card\" content=\"summary_large_image\" \/>\n<meta name=\"twitter:label1\" content=\"Tahmini okuma s\u00fcresi\" \/>\n\t<meta name=\"twitter:data1\" content=\"2 dakika\" \/>\n<script type=\"application\/ld+json\" class=\"yoast-schema-graph\">{\"@context\":\"https:\/\/schema.org\",\"@graph\":[{\"@type\":\"WebPage\",\"@id\":\"https:\/\/www.thecarpetwashingmachine.com\/carpet-wringing-machine\/\",\"url\":\"https:\/\/www.thecarpetwashingmachine.com\/carpet-wringing-machine\/\",\"name\":\"\u041c\u0430\u0448\u0438\u043d\u0430 \u0434\u043b\u044f \u043e\u0442\u0436\u0438\u043c\u0430 \u043a\u043e\u0432\u0440\u043e\u0432 - Hal\u0131 Y\u0131kama Makinesi\",\"isPartOf\":{\"@id\":\"https:\/\/www.thecarpetwashingmachine.com\/#website\"},\"primaryImageOfPage\":{\"@id\":\"https:\/\/www.thecarpetwashingmachine.com\/carpet-wringing-machine\/#primaryimage\"},\"image\":{\"@id\":\"https:\/\/www.thecarpetwashingmachine.com\/carpet-wringing-machine\/#primaryimage\"},\"thumbnailUrl\":\"https:\/\/www.thecarpetwashingmachine.com\/wp-content\/uploads\/2025\/07\/Untitled-design-11.png\",\"datePublished\":\"2025-02-13T07:46:35+00:00\",\"dateModified\":\"2025-07-11T09:48:58+00:00\",\"description\":\"\u0426\u0435\u043d\u0442\u0440\u0438\u0444\u0443\u0433\u0430 \u0434\u043b\u044f \u043a\u043e\u0432\u0440\u043e\u0432: \u041d\u0435\u0437\u0430\u043c\u0435\u043d\u0438\u043c\u0430 \u0434\u043b\u044f \u0445\u0438\u043c\u0447\u0438\u0441\u0442\u043e\u043a, \u0442\u0430\u043a \u043a\u0430\u043a \u0437\u043d\u0430\u0447\u0438\u0442\u0435\u043b\u044c\u043d\u043e \u0441\u043e\u043a\u0440\u0430\u0449\u0430\u0435\u0442 \u0432\u0440\u0435\u043c\u044f \u0441\u0443\u0448\u043a\u0438 \u0438 \u043e\u043f\u0442\u0438\u043c\u0438\u0437\u0438\u0440\u0443\u0435\u0442 \u0432\u0435\u0441\u044c \u043f\u0440\u043e\u0446\u0435\u0441\u0441 \u0447\u0438\u0441\u0442\u043a\u0438.\",\"breadcrumb\":{\"@id\":\"https:\/\/www.thecarpetwashingmachine.com\/carpet-wringing-machine\/#breadcrumb\"},\"inLanguage\":\"tr\",\"potentialAction\":[{\"@type\":\"ReadAction\",\"target\":[\"https:\/\/www.thecarpetwashingmachine.com\/carpet-wringing-machine\/\"]}]},{\"@type\":\"ImageObject\",\"inLanguage\":\"tr\",\"@id\":\"https:\/\/www.thecarpetwashingmachine.com\/carpet-wringing-machine\/#primaryimage\",\"url\":\"https:\/\/www.thecarpetwashingmachine.com\/wp-content\/uploads\/2025\/07\/Untitled-design-11.png\",\"contentUrl\":\"https:\/\/www.thecarpetwashingmachine.com\/wp-content\/uploads\/2025\/07\/Untitled-design-11.png\"},{\"@type\":\"BreadcrumbList\",\"@id\":\"https:\/\/www.thecarpetwashingmachine.com\/carpet-wringing-machine\/#breadcrumb\",\"itemListElement\":[{\"@type\":\"ListItem\",\"position\":1,\"name\":\"Home\",\"item\":\"https:\/\/www.thecarpetwashingmachine.com\/\"},{\"@type\":\"ListItem\",\"position\":2,\"name\":\"Carpet Wringing Machine\"}]},{\"@type\":\"WebSite\",\"@id\":\"https:\/\/www.thecarpetwashingmachine.com\/#website\",\"url\":\"https:\/\/www.thecarpetwashingmachine.com\/\",\"name\":\"Hal\u0131 Y\u0131kama Makinesi\",\"description\":\"Hal\u0131 y\u0131kama makinesi t\u00fcm d\u00fcnyada!\",\"potentialAction\":[{\"@type\":\"SearchAction\",\"target\":{\"@type\":\"EntryPoint\",\"urlTemplate\":\"https:\/\/www.thecarpetwashingmachine.com\/?s={search_term_string}\"},\"query-input\":{\"@type\":\"PropertyValueSpecification\",\"valueRequired\":true,\"valueName\":\"search_term_string\"}}],\"inLanguage\":\"tr\"}]}<\/script>\n<!-- \/ Yoast SEO plugin. -->","yoast_head_json":{"title":"Hal\u0131 S\u0131kma Makinesi - Hal\u0131 Y\u0131kama Makinesi","description":"Hal\u0131 s\u0131kma makinesi, hal\u0131 ve kilim temizleme tesislerinde kuruma s\u00fcresini \u00f6nemli \u00f6l\u00e7\u00fcde azaltt\u0131\u011f\u0131 i\u00e7in \u00e7ok \u00f6nemlidir.","robots":{"index":"index","follow":"follow","max-snippet":"max-snippet:-1","max-image-preview":"max-image-preview:large","max-video-preview":"max-video-preview:-1"},"canonical":"https:\/\/www.thecarpetwashingmachine.com\/carpet-wringing-machine\/","og_locale":"tr_TR","og_type":"article","og_title":"Hal\u0131 S\u0131kma Makinesi - Hal\u0131 Y\u0131kama Makinesi","og_description":"Hal\u0131 s\u0131kma makinesi, hal\u0131 ve kilim temizleme tesislerinde kuruma s\u00fcresini \u00f6nemli \u00f6l\u00e7\u00fcde azaltt\u0131\u011f\u0131 i\u00e7in \u00e7ok \u00f6nemlidir.","og_url":"https:\/\/www.thecarpetwashingmachine.com\/carpet-wringing-machine\/","og_site_name":"Hal\u0131 Y\u0131kama Makinesi","article_publisher":"http:\/\/www.facebook.com\/carpetwashingmachine","article_modified_time":"2025-07-11T09:48:58+00:00","og_image":[{"width":750,"height":500,"url":"https:\/\/www.thecarpetwashingmachine.com\/wp-content\/uploads\/2025\/07\/Untitled-design-11.png","type":"image\/png"}],"twitter_card":"summary_large_image","twitter_misc":{"Tahmini okuma s\u00fcresi":"2 dakika"},"schema":{"@context":"https:\/\/schema.org","@graph":[{"@type":"WebPage","@id":"https:\/\/www.thecarpetwashingmachine.com\/carpet-wringing-machine\/","url":"https:\/\/www.thecarpetwashingmachine.com\/carpet-wringing-machine\/","name":"\u041c\u0430\u0448\u0438\u043d\u0430 \u0434\u043b\u044f \u043e\u0442\u0436\u0438\u043c\u0430 \u043a\u043e\u0432\u0440\u043e\u0432 - Hal\u0131 Y\u0131kama Makinesi","isPartOf":{"@id":"https:\/\/www.thecarpetwashingmachine.com\/#website"},"primaryImageOfPage":{"@id":"https:\/\/www.thecarpetwashingmachine.com\/carpet-wringing-machine\/#primaryimage"},"image":{"@id":"https:\/\/www.thecarpetwashingmachine.com\/carpet-wringing-machine\/#primaryimage"},"thumbnailUrl":"https:\/\/www.thecarpetwashingmachine.com\/wp-content\/uploads\/2025\/07\/Untitled-design-11.png","datePublished":"2025-02-13T07:46:35+00:00","dateModified":"2025-07-11T09:48:58+00:00","description":"\u0426\u0435\u043d\u0442\u0440\u0438\u0444\u0443\u0433\u0430 \u0434\u043b\u044f \u043a\u043e\u0432\u0440\u043e\u0432: \u041d\u0435\u0437\u0430\u043c\u0435\u043d\u0438\u043c\u0430 \u0434\u043b\u044f \u0445\u0438\u043c\u0447\u0438\u0441\u0442\u043e\u043a, \u0442\u0430\u043a \u043a\u0430\u043a \u0437\u043d\u0430\u0447\u0438\u0442\u0435\u043b\u044c\u043d\u043e \u0441\u043e\u043a\u0440\u0430\u0449\u0430\u0435\u0442 \u0432\u0440\u0435\u043c\u044f \u0441\u0443\u0448\u043a\u0438 \u0438 \u043e\u043f\u0442\u0438\u043c\u0438\u0437\u0438\u0440\u0443\u0435\u0442 \u0432\u0435\u0441\u044c \u043f\u0440\u043e\u0446\u0435\u0441\u0441 \u0447\u0438\u0441\u0442\u043a\u0438.","breadcrumb":{"@id":"https:\/\/www.thecarpetwashingmachine.com\/carpet-wringing-machine\/#breadcrumb"},"inLanguage":"tr","potentialAction":[{"@type":"ReadAction","target":["https:\/\/www.thecarpetwashingmachine.com\/carpet-wringing-machine\/"]}]},{"@type":"ImageObject","inLanguage":"tr","@id":"https:\/\/www.thecarpetwashingmachine.com\/carpet-wringing-machine\/#primaryimage","url":"https:\/\/www.thecarpetwashingmachine.com\/wp-content\/uploads\/2025\/07\/Untitled-design-11.png","contentUrl":"https:\/\/www.thecarpetwashingmachine.com\/wp-content\/uploads\/2025\/07\/Untitled-design-11.png"},{"@type":"BreadcrumbList","@id":"https:\/\/www.thecarpetwashingmachine.com\/carpet-wringing-machine\/#breadcrumb","itemListElement":[{"@type":"ListItem","position":1,"name":"Home","item":"https:\/\/www.thecarpetwashingmachine.com\/"},{"@type":"ListItem","position":2,"name":"Carpet Wringing Machine"}]},{"@type":"WebSite","@id":"https:\/\/www.thecarpetwashingmachine.com\/#website","url":"https:\/\/www.thecarpetwashingmachine.com\/","name":"Hal\u0131 Y\u0131kama Makinesi","description":"Hal\u0131 y\u0131kama makinesi t\u00fcm d\u00fcnyada!","potentialAction":[{"@type":"SearchAction","target":{"@type":"EntryPoint","urlTemplate":"https:\/\/www.thecarpetwashingmachine.com\/?s={search_term_string}"},"query-input":{"@type":"PropertyValueSpecification","valueRequired":true,"valueName":"search_term_string"}}],"inLanguage":"tr"}]}},"_links":{"self":[{"href":"https:\/\/www.thecarpetwashingmachine.com\/tr\/wp-json\/wp\/v2\/pages\/389","targetHints":{"allow":["GET"]}}],"collection":[{"href":"https:\/\/www.thecarpetwashingmachine.com\/tr\/wp-json\/wp\/v2\/pages"}],"about":[{"href":"https:\/\/www.thecarpetwashingmachine.com\/tr\/wp-json\/wp\/v2\/types\/page"}],"author":[{"embeddable":true,"href":"https:\/\/www.thecarpetwashingmachine.com\/tr\/wp-json\/wp\/v2\/users\/1"}],"replies":[{"embeddable":true,"href":"https:\/\/www.thecarpetwashingmachine.com\/tr\/wp-json\/wp\/v2\/comments?post=389"}],"version-history":[{"count":47,"href":"https:\/\/www.thecarpetwashingmachine.com\/tr\/wp-json\/wp\/v2\/pages\/389\/revisions"}],"predecessor-version":[{"id":2160,"href":"https:\/\/www.thecarpetwashingmachine.com\/tr\/wp-json\/wp\/v2\/pages\/389\/revisions\/2160"}],"wp:attachment":[{"href":"https:\/\/www.thecarpetwashingmachine.com\/tr\/wp-json\/wp\/v2\/media?parent=389"}],"curies":[{"name":"wp","href":"https:\/\/api.w.org\/{rel}","templated":true}]}}