{"id":383,"date":"2025-01-30T13:00:47","date_gmt":"2025-01-30T13:00:47","guid":{"rendered":"https:\/\/www.thecarpetwashingmachine.com\/?page_id=383"},"modified":"2025-07-18T11:54:38","modified_gmt":"2025-07-18T11:54:38","slug":"faq-on-carpet-washing-machines","status":"publish","type":"page","link":"https:\/\/www.thecarpetwashingmachine.com\/tr\/faq-on-carpet-washing-machines\/","title":{"rendered":"Hal\u0131 Y\u0131kama Makineleri Hakk\u0131nda S\u0131k\u00e7a Sorulan Sorular"},"content":{"rendered":"<div class=\"wp-block-image\">\n<figure class=\"aligncenter\"><img loading=\"lazy\" decoding=\"async\" width=\"826\" height=\"390\" src=\"https:\/\/www.thecarpetwashingmachine.com\/wp-content\/uploads\/2025\/01\/hali-yikama-makinasi-kullanimi-1.jpg\" alt=\"hal\u0131 y\u0131kama makinesi fiyat\u0131\" class=\"wp-image-384\" srcset=\"https:\/\/www.thecarpetwashingmachine.com\/wp-content\/uploads\/2025\/01\/hali-yikama-makinasi-kullanimi-1.jpg 826w, https:\/\/www.thecarpetwashingmachine.com\/wp-content\/uploads\/2025\/01\/hali-yikama-makinasi-kullanimi-1-300x142.jpg 300w, https:\/\/www.thecarpetwashingmachine.com\/wp-content\/uploads\/2025\/01\/hali-yikama-makinasi-kullanimi-1-768x363.jpg 768w\" sizes=\"auto, (max-width: 826px) 100vw, 826px\" \/><\/figure><\/div>\n\n\n<p><\/p>\n\n\n\n<ul class=\"wp-block-list\">\n<li>Makinenin elektrik t\u00fcketimi ne kadar? <\/li>\n<\/ul>\n\n\n\n<p>Hal\u0131 y\u0131kama makinelerimizin elektrik t\u00fcketimini do\u011fru bir \u015fekilde \u00f6l\u00e7mek birka\u00e7 nedenden dolay\u0131 zordur:<\/p>\n\n\n\n<ol class=\"wp-block-list\">\n<li>Tam otomatik \u00e7al\u0131\u015fma: T\u00fcm makine sistemleri ayn\u0131 anda \u00e7al\u0131\u015fmaz. Sadece bir hal\u0131 oldu\u011funda aktif hale gelirler. <\/li>\n\n\n\n<li>De\u011fi\u015fken \u00e7al\u0131\u015fma s\u00fcresi ve t\u00fcketim: Makinenin \u00e7al\u0131\u015fma s\u00fcresini ve enerji kullan\u0131m\u0131n\u0131 \u00e7e\u015fitli fakt\u00f6rler etkiler:                <\/li>\n\n\n\n<li>Hal\u0131 kirlilik seviyesi: A\u011f\u0131r kirli hal\u0131lar daha uzun temizleme d\u00f6ng\u00fcleri gerektirir.                                                              <\/li>\n\n\n\n<li>Hal\u0131 boyutu: Daha b\u00fcy\u00fck hal\u0131lar\u0131n temizlenmesi daha fazla zaman ve enerji al\u0131r.                                                  <\/li>\n\n\n\n<li>Temizleme kimyasallar\u0131: Farkl\u0131 kimyasallar\u0131n temizlik \u00fczerinde farkl\u0131 etkileri vard\u0131r.                                                            <\/li>\n\n\n\n<li>Su kalitesi: Sert su, etkili temizlik i\u00e7in ek ar\u0131tma gerektirebilir.                                                                                 <\/li>\n\n\n\n<li>Konvey\u00f6r bant h\u0131z\u0131: Operat\u00f6r taraf\u0131ndan se\u00e7ilen h\u0131z ayar\u0131 enerji t\u00fcketimini etkiler.<\/li>\n<\/ol>\n\n\n\n<ul class=\"wp-block-list\">\n<li>Makinenin saatlik maksimum temizleme kapasitesi nedir? <\/li>\n<\/ul>\n\n\n\n<p>Elektrik t\u00fcketimini etkileyen bir\u00e7ok de\u011fi\u015fken kapasiteyi de etkiler, bunlar aras\u0131nda:<\/p>\n\n\n\n<ol class=\"wp-block-list\">\n<li>Hal\u0131 kirlilik seviyesi: Daha a\u011f\u0131r kirli hal\u0131lar daha uzun temizleme s\u00fcreleri gerektirir, bu da saatlik kapasiteyi etkiler. <\/li>\n\n\n\n<li>Konvey\u00f6r bant h\u0131z\u0131: Makineleriniz ayarlanabilir h\u0131zlar sunsa da, en h\u0131zl\u0131 ayar\u0131 se\u00e7mek a\u011f\u0131r kirli hal\u0131lar i\u00e7in her zaman en uygunu de\u011fildir. <\/li>\n<\/ol>\n\n\n\n<p>\u00d6rnek olarak, a\u015fa\u011f\u0131daki senaryoyu ele alal\u0131m:<\/p>\n\n\n\n<ol class=\"wp-block-list\">\n<li>Maksimum hal\u0131 geni\u015fli\u011fi: 3 metre                                                                                                                                     <\/li>\n\n\n\n<li>Hal\u0131 boyutu: 3 metreden 4 metreye kadar                                                                                                                        <\/li>\n\n\n\n<li>Bant h\u0131z\u0131: Dakikada 1 metre                                                                                                                                                    <\/li>\n\n\n\n<li>F\u0131r\u00e7a say\u0131s\u0131: 4+4=8 disk f\u0131r\u00e7a                                                                                                                                              <\/li>\n\n\n\n<li>Hal\u0131 tipi: Ortalama kirli, makine yap\u0131m\u0131 sentetik hal\u0131 <\/li>\n<\/ol>\n\n\n\n<p>Bu senaryoda, saatlik kapasiteyi yakla\u015f\u0131k 180 metrekare olarak tahmin ediyoruz.<\/p>\n\n\n\n<ul class=\"wp-block-list\">\n<li>Makinenin su t\u00fcketimi ne kadar? <\/li>\n<\/ul>\n\n\n\n<p>Makinelerimiz g\u00fc\u00e7l\u00fc bir bas\u0131n\u00e7land\u0131rma sistemi sayesinde dakikada sadece 15-17 litre kullanarak y\u00fcksek su verimlili\u011fine sahiptir. Ayr\u0131ca, otomatik durulama sistemi verimli \u00e7al\u0131\u015f\u0131r ve gereksiz su kullan\u0131m\u0131n\u0131 \u00f6nler.<\/p>\n\n\n\n<ul class=\"wp-block-list\">\n<li>Ne t\u00fcr bir bina \u00f6nerirsiniz? <\/li>\n<\/ul>\n\n\n\n<p>Minimum gereksinimler:<\/p>\n\n\n\n<ol class=\"wp-block-list\">\n<li>Zemin alan\u0131: 100 metrekare (makineler ve operasyonlar i\u00e7in alan dahil)                                                                           <\/li>\n\n\n\n<li>Elektrik: \u00dc\u00e7 fazl\u0131 g\u00fc\u00e7                                                                                                                                                            <\/li>\n\n\n\n<li>Su temini: \u015eehir altyap\u0131s\u0131 veya yeralt\u0131 kuyusu                                                                                                                  <\/li>\n\n\n\n<li>Hava kompres\u00f6r\u00fc: 100 litre kapasite                                                                                                                                   <\/li>\n\n\n\n<li>Su deposu: 300 litre kapasite                                                                                                                                    <\/li>\n\n\n\n<li>\u015eampuan kar\u0131\u015ft\u0131rma tank\u0131: 100 litre kapasite <\/li>\n<\/ol>\n\n\n\n<p>\u00d6nerilen gereksinimler:<\/p>\n\n\n\n<ol class=\"wp-block-list\">\n<li>Zemin alan\u0131: 250 metrekare (verimlili\u011fi ve esnekli\u011fi art\u0131r\u0131r)                                                                                            <\/li>\n\n\n\n<li>Hava kompres\u00f6r\u00fc: 150 litre kapasite (di\u011fer ekipmanlar i\u00e7in ek g\u00fc\u00e7 sa\u011flar)                                                                       <\/li>\n\n\n\n<li>Su deposu: 2 ton kapasite (daha uzun kullan\u0131m i\u00e7in yeterli su sa\u011flar)                                                                             <\/li>\n\n\n\n<li>\u015eampuan kar\u0131\u015ft\u0131rma tank\u0131: 1 ton kapasite (yeniden doldurma s\u0131kl\u0131\u011f\u0131n\u0131 azalt\u0131r) <\/li>\n<\/ol>\n\n\n\n<p>Not: Bunlar genel \u00f6nerilerdir. \u00d6zel ihtiya\u00e7lar\u0131n\u0131z i\u015f plan\u0131n\u0131za ve beklenen hacme g\u00f6re de\u011fi\u015febilir.<\/p>\n\n\n\n<ul class=\"wp-block-list\">\n<li>Nakliye maliyeti ne kadar? <\/li>\n<\/ul>\n\n\n\n<p>Nakliye maliyetinizi tahmin etmek i\u00e7in l\u00fctfen bize \u015fu bilgileri sa\u011flay\u0131n:<\/p>\n\n\n\n<ol class=\"wp-block-list\">\n<li>Tam adresiniz                                                                                                                                                                        <\/li>\n\n\n\n<li>En yak\u0131n ticari liman\u0131n ad\u0131 <\/li>\n<\/ol>\n\n\n\n<p>Verdi\u011fimiz nakliye maliyeti tahmininin yakla\u015f\u0131k oldu\u011funu ve ger\u00e7ek g\u00f6nderim zaman\u0131nda farkl\u0131l\u0131k g\u00f6sterebilece\u011fini l\u00fctfen unutmay\u0131n.<\/p>\n\n\n\n<ul class=\"wp-block-list\">\n<li>T\u00fcm boyutlar\u0131 y\u0131kayabilmek i\u00e7in en b\u00fcy\u00fck makineyi almal\u0131y\u0131m. Do\u011fru mu? <\/li>\n<\/ul>\n\n\n\n<p>Her boyutu i\u015fleyebilmek i\u00e7in en b\u00fcy\u00fck hal\u0131 y\u0131kama makinelerini sat\u0131n almak cazip gelebilir, ancak bu her zaman en iyi strateji de\u011fildir. <\/p>\n\n\n\n<p>\u0130\u015fte nedeni:<\/p>\n\n\n\n<ol class=\"wp-block-list\">\n<li>Tipik m\u00fc\u015fterinize odaklan\u0131n: Genellikle temizledi\u011finiz hal\u0131lar\u0131 (arkada\u015flar\u0131n\u0131z\u0131n, ailenizin veya ge\u00e7mi\u015f m\u00fc\u015fterilerinizin hal\u0131lar\u0131 gibi) analiz edin. Genellikle yerle\u015fim b\u00f6lgelerine hizmet veriyorsan\u0131z, \u00e7o\u011fu hal\u0131 daha k\u00fc\u00e7\u00fck olacakt\u0131r.                                                                                                                                                            <\/li>\n\n\n\n<li>Pop\u00fcler boyutlar\u0131 ara\u015ft\u0131r\u0131n: M\u00fc\u015fterilerin en \u00e7ok talep etti\u011fi yayg\u0131n boyutlar\u0131 ve t\u00fcrleri \u00f6\u011frenmek i\u00e7in hal\u0131 tedarik\u00e7ilerine veya ma\u011fazalar\u0131na dan\u0131\u015f\u0131n.                                                                                                                                            <\/li>\n\n\n\n<li>Belirli pazarlar\u0131 hedefleyin: Otel veya ofislere hizmet vermeyi planl\u0131yorsan\u0131z, ihtiya\u00e7lar\u0131n\u0131 anlamak i\u00e7in do\u011frudan onlarla ileti\u015fime ge\u00e7in. <\/li>\n<\/ol>\n\n\n\n<p>\u00d6rne\u011fin, \u0130zmir, T\u00fcrkiye&#8217;de, maksimum 4 metre hal\u0131 geni\u015fli\u011fi modeline sahip devasa bir makineye sahip olmak pratik olmazd\u0131. Hal\u0131 boyutlar\u0131 nadiren 9 metrekareyi a\u015far ve bunlardan ayda sadece birka\u00e7 taneyle kar\u015f\u0131la\u015f\u0131rs\u0131n\u0131z. 3, 4 ve 6 metrekare gibi daha k\u00fc\u00e7\u00fck hal\u0131lar ve yolluklar \u00e7ok daha yayg\u0131nd\u0131r. <\/p>\n\n\n\n<p>Hedef pazar\u0131n\u0131za ve tipik ihtiya\u00e7lar\u0131n\u0131za g\u00f6re do\u011fru makine boyutunu se\u00e7erek paradan tasarruf edecek ve gereksiz kaynaklardan ka\u00e7\u0131nacaks\u0131n\u0131z.<\/p>\n\n\n\n<ul class=\"wp-block-list\">\n<li>Hal\u0131 y\u0131kama makinesi ne kadar? <\/li>\n<\/ul>\n\n\n\n<p>Fiyattan bahsetmeden \u00f6nce, neye ihtiyac\u0131n\u0131z oldu\u011funu anlamam\u0131z gerekiyor. Farkl\u0131 makinelerin farkl\u0131 yetenekleri ve dolay\u0131s\u0131yla farkl\u0131 maliyetleri vard\u0131r. Her biri farkl\u0131 konvey\u00f6r bant boyutlar\u0131na sahip 5 ana model sunuyoruz. Ayr\u0131ca, baz\u0131 modellerin alt modelleri olarak adland\u0131r\u0131lan ek varyasyonlar\u0131 da vard\u0131r. Ayr\u0131ca, makinenizi \u00f6zelle\u015ftirmek i\u00e7in iste\u011fe ba\u011fl\u0131 \u00f6zellikler se\u00e7ebilirsiniz. <\/p>\n\n\n\n<p>En iyi de\u011feri elde etti\u011finizden emin olmak i\u00e7in \u015fu temel fakt\u00f6rleri g\u00f6z \u00f6n\u00fcnde bulundurun:<\/p>\n\n\n\n<ol class=\"wp-block-list\">\n<li>Konvey\u00f6r bant geni\u015fli\u011fi: Bu, makinenizin i\u015fleyebilece\u011fi maksimum hal\u0131 geni\u015fli\u011fini belirler. Temizlemeyi bekledi\u011finiz en yayg\u0131n hal\u0131 boyutlar\u0131n\u0131 d\u00fc\u015f\u00fcn\u00fcn.                                                                                                                                     <\/li>\n\n\n\n<li>F\u0131r\u00e7a say\u0131s\u0131: 3+3=6 f\u0131r\u00e7a daha k\u00fc\u00e7\u00fck makineler i\u00e7in (maksimum 2 metre hal\u0131 geni\u015fli\u011fi modeli) i\u015fe yarasa da, daha b\u00fcy\u00fck makineler genellikle daha h\u0131zl\u0131 temizlik i\u00e7in daha fazla f\u0131r\u00e7aya ihtiya\u00e7 duyar. <\/li>\n<\/ol>\n\n\n\n<p>\u0130htiya\u00e7lar\u0131n\u0131z hakk\u0131nda daha iyi bir fikriniz oldu\u011funda, belirli fiyatland\u0131rma ve model \u00f6nerileri sa\u011flayabiliriz. Akl\u0131n\u0131za tak\u0131lan her t\u00fcrl\u00fc soruyu sormaktan \u00e7ekinmeyin!<\/p>\n\n\n\n<ul class=\"wp-block-list\">\n<li>Bir makineyi kaliteli yapan nedir? <\/li>\n<\/ul>\n\n\n\n<p>Kaliteli bir hal\u0131 y\u0131kama makinesi ar\u0131yorsan\u0131z, a\u015fa\u011f\u0131dakilere dikkat etmeniz gerekir:<\/p>\n\n\n\n<ul class=\"wp-block-list\">\n<li>\u015easi Malzemesi, C\u0131vatalar, Somunlar, Rulmanlar vb.: T\u00fcm metal bile\u015fenler 304 kalite paslanmaz \u00e7elikten olmal\u0131d\u0131r. Bu kalite, 430 veya daha d\u00fc\u015f\u00fck kalitelere g\u00f6re \u00fcst\u00fcn korozyon direnci sunar. S\u0131cak dald\u0131rma galvanizli \u00e7elik de yetersizdir, \u00e7\u00fcnk\u00fc esasen \u00e7inko ile kaplanm\u0131\u015f karbon \u00e7eli\u011fidir ve bu sekt\u00f6rde k\u0131sa \u00f6m\u00fcrl\u00fcd\u00fcr.<\/li>\n\n\n\n<li>Elektrik Panosu: Mitsubishi, Siemens veya Schneider gibi d\u00fcnya \u00e7ap\u0131nda tan\u0131nan markalar\u0131 tercih edin. Yedek par\u00e7a ve teknik destek bulmak zor olabilece\u011finden, \u00f6zellikle PLC ve VFD&#8217;ler (frekans konvert\u00f6rleri) i\u00e7in tan\u0131d\u0131k olmayan markalardan ka\u00e7\u0131n\u0131n.<\/li>\n\n\n\n<li>F\u0131r\u00e7alar: En az alt\u0131 f\u0131r\u00e7a (3+3=6) bulunmas\u0131n\u0131 hedefleyin. Tek hatl\u0131 konfig\u00fcrasyonlar (3 veya 4 f\u0131r\u00e7a) s\u0131n\u0131rl\u0131 kapasiteleri ve temizleme performanslar\u0131 nedeniyle \u00f6nerilmez. \u00c7ift hatlar (3+3=6, 4+4=8 veya 6+6=12) etkili temizlik i\u00e7in optimaldir.<\/li>\n\n\n\n<li>\u00c7ok Y\u00f6nl\u00fcl\u00fck: Makinenin programlamas\u0131, \u00e7e\u015fitli hal\u0131 t\u00fcrlerini, sa\u00e7akl\u0131 hal\u0131lar\u0131 ve farkl\u0131 boyutlar\u0131 bar\u0131nd\u0131rabilecek kadar \u00e7ok y\u00f6nl\u00fc olmal\u0131d\u0131r.<\/li>\n<\/ul>\n\n\n\n<p>Makine \u00fcreticisi se\u00e7imi yaparken \u015fu noktalara dikkat edin:<\/p>\n\n\n\n<p>\u0130ngilizce Destek: \u015eirketin \u0130ngilizce sat\u0131\u015f sonras\u0131 destek sundu\u011fundan emin olun. Baz\u0131 \u015firketler yaln\u0131zca sat\u0131\u015f sorgular\u0131 i\u00e7in \u0130ngilizce dil deste\u011fi sunarken, kritik teknik yard\u0131m i\u00e7in sunmamaktad\u0131r.<\/p>\n\n\n\n<p>Deneyim: Sorunlar\u0131 \u00e7\u00f6zme konusunda kan\u0131tlanm\u0131\u015f bir ge\u00e7mi\u015fe ve g\u00fcvenilir \u00fcr\u00fcnler sunma yetene\u011fine sahip, k\u00f6kl\u00fc bir \u00fcreticiyi tercih edin. Bu, daha iyi sat\u0131\u015f sonras\u0131 destek ve uzmanl\u0131k sa\u011flar.<\/p>\n\n\n\n<p>Referanslar: Sayg\u0131n bir \u015firket, d\u00fcnya \u00e7ap\u0131nda memnun m\u00fc\u015fterilerini g\u00f6steren referanslar\u0131 kolayca sa\u011flamal\u0131d\u0131r.<\/p>\n","protected":false},"excerpt":{"rendered":"<p>Hal\u0131 y\u0131kama makinelerimizin elektrik t\u00fcketimini do\u011fru bir \u015fekilde \u00f6l\u00e7mek birka\u00e7 nedenden dolay\u0131 zordur: Elektrik t\u00fcketimini etkileyen bir\u00e7ok de\u011fi\u015fken kapasiteyi de etkiler, bunlar aras\u0131nda: \u00d6rnek olarak,&hellip;<\/p>\n","protected":false},"author":1,"featured_media":0,"parent":0,"menu_order":0,"comment_status":"closed","ping_status":"closed","template":"","meta":{"footnotes":""},"class_list":["post-383","page","type-page","status-publish","hentry"],"translation":{"provider":"WPGlobus","version":"3.0.0","language":"tr","enabled_languages":["en","tr","fr","ar","es","de","pt","ru"],"languages":{"en":{"title":true,"content":true,"excerpt":false},"tr":{"title":true,"content":true,"excerpt":false},"fr":{"title":true,"content":true,"excerpt":false},"ar":{"title":true,"content":true,"excerpt":false},"es":{"title":true,"content":true,"excerpt":false},"de":{"title":true,"content":true,"excerpt":false},"pt":{"title":true,"content":true,"excerpt":false},"ru":{"title":true,"content":true,"excerpt":false}}},"yoast_head":"<!-- This site is optimized with the Yoast SEO plugin v24.7 - https:\/\/yoast.com\/wordpress\/plugins\/seo\/ -->\n<title>Hal\u0131 Y\u0131kama Makineleri Hakk\u0131nda S\u0131k\u00e7a Sorulan Sorular - Hal\u0131 Y\u0131kama Makinesi<\/title>\n<meta name=\"description\" content=\"Hal\u0131 y\u0131kama makinesinin fiyat\u0131 nedir? Hal\u0131 y\u0131kama makinesinin elektrik t\u00fcketimi ve su t\u00fcketimi ne kadard\u0131r?\" \/>\n<meta name=\"robots\" content=\"index, follow, max-snippet:-1, max-image-preview:large, max-video-preview:-1\" \/>\n<link rel=\"canonical\" href=\"https:\/\/www.thecarpetwashingmachine.com\/faq-on-carpet-washing-machines\/\" \/>\n<meta property=\"og:locale\" content=\"tr_TR\" \/>\n<meta property=\"og:type\" content=\"article\" \/>\n<meta property=\"og:title\" content=\"Hal\u0131 Y\u0131kama Makineleri Hakk\u0131nda S\u0131k\u00e7a Sorulan Sorular - Hal\u0131 Y\u0131kama Makinesi\" \/>\n<meta property=\"og:description\" content=\"Hal\u0131 y\u0131kama makinesinin fiyat\u0131 nedir? Hal\u0131 y\u0131kama makinesinin elektrik t\u00fcketimi ve su t\u00fcketimi ne kadard\u0131r?\" \/>\n<meta property=\"og:url\" content=\"https:\/\/www.thecarpetwashingmachine.com\/faq-on-carpet-washing-machines\/\" \/>\n<meta property=\"og:site_name\" content=\"Hal\u0131 Y\u0131kama Makinesi\" \/>\n<meta property=\"article:publisher\" content=\"http:\/\/www.facebook.com\/carpetwashingmachine\" \/>\n<meta property=\"article:modified_time\" content=\"2025-07-18T11:54:38+00:00\" \/>\n<meta property=\"og:image\" content=\"https:\/\/www.thecarpetwashingmachine.com\/wp-content\/uploads\/2025\/01\/hali-yikama-makinasi-kullanimi-1.jpg\" \/>\n\t<meta property=\"og:image:width\" content=\"826\" \/>\n\t<meta property=\"og:image:height\" content=\"390\" \/>\n\t<meta property=\"og:image:type\" content=\"image\/jpeg\" \/>\n<meta name=\"twitter:card\" content=\"summary_large_image\" \/>\n<meta name=\"twitter:label1\" content=\"Tahmini okuma s\u00fcresi\" \/>\n\t<meta name=\"twitter:data1\" content=\"5 dakika\" \/>\n<script type=\"application\/ld+json\" class=\"yoast-schema-graph\">{\"@context\":\"https:\/\/schema.org\",\"@graph\":[{\"@type\":\"WebPage\",\"@id\":\"https:\/\/www.thecarpetwashingmachine.com\/faq-on-carpet-washing-machines\/\",\"url\":\"https:\/\/www.thecarpetwashingmachine.com\/faq-on-carpet-washing-machines\/\",\"name\":\"H\u00e4ufig gestellte Fragen zu Teppichwaschmaschinen - Hal\u0131 Y\u0131kama Makinesi\",\"isPartOf\":{\"@id\":\"https:\/\/www.thecarpetwashingmachine.com\/#website\"},\"primaryImageOfPage\":{\"@id\":\"https:\/\/www.thecarpetwashingmachine.com\/faq-on-carpet-washing-machines\/#primaryimage\"},\"image\":{\"@id\":\"https:\/\/www.thecarpetwashingmachine.com\/faq-on-carpet-washing-machines\/#primaryimage\"},\"thumbnailUrl\":\"https:\/\/www.thecarpetwashingmachine.com\/wp-content\/uploads\/2025\/01\/hali-yikama-makinasi-kullanimi-1.jpg\",\"datePublished\":\"2025-01-30T13:00:47+00:00\",\"dateModified\":\"2025-07-18T11:54:38+00:00\",\"description\":\"Was kostet eine Teppichwaschmaschine? Wie hoch ist der Strom- und Wasserverbrauch einer Teppichwaschmaschine?\",\"breadcrumb\":{\"@id\":\"https:\/\/www.thecarpetwashingmachine.com\/faq-on-carpet-washing-machines\/#breadcrumb\"},\"inLanguage\":\"tr\",\"potentialAction\":[{\"@type\":\"ReadAction\",\"target\":[\"https:\/\/www.thecarpetwashingmachine.com\/faq-on-carpet-washing-machines\/\"]}]},{\"@type\":\"ImageObject\",\"inLanguage\":\"tr\",\"@id\":\"https:\/\/www.thecarpetwashingmachine.com\/faq-on-carpet-washing-machines\/#primaryimage\",\"url\":\"https:\/\/www.thecarpetwashingmachine.com\/wp-content\/uploads\/2025\/01\/hali-yikama-makinasi-kullanimi-1.jpg\",\"contentUrl\":\"https:\/\/www.thecarpetwashingmachine.com\/wp-content\/uploads\/2025\/01\/hali-yikama-makinasi-kullanimi-1.jpg\"},{\"@type\":\"BreadcrumbList\",\"@id\":\"https:\/\/www.thecarpetwashingmachine.com\/faq-on-carpet-washing-machines\/#breadcrumb\",\"itemListElement\":[{\"@type\":\"ListItem\",\"position\":1,\"name\":\"Home\",\"item\":\"https:\/\/www.thecarpetwashingmachine.com\/\"},{\"@type\":\"ListItem\",\"position\":2,\"name\":\"Frequently Asked Questions on Carpet Washing Machines\"}]},{\"@type\":\"WebSite\",\"@id\":\"https:\/\/www.thecarpetwashingmachine.com\/#website\",\"url\":\"https:\/\/www.thecarpetwashingmachine.com\/\",\"name\":\"Hal\u0131 Y\u0131kama Makinesi\",\"description\":\"Hal\u0131 y\u0131kama makinesi t\u00fcm d\u00fcnyada!\",\"potentialAction\":[{\"@type\":\"SearchAction\",\"target\":{\"@type\":\"EntryPoint\",\"urlTemplate\":\"https:\/\/www.thecarpetwashingmachine.com\/?s={search_term_string}\"},\"query-input\":{\"@type\":\"PropertyValueSpecification\",\"valueRequired\":true,\"valueName\":\"search_term_string\"}}],\"inLanguage\":\"tr\"}]}<\/script>\n<!-- \/ Yoast SEO plugin. -->","yoast_head_json":{"title":"Hal\u0131 Y\u0131kama Makineleri Hakk\u0131nda S\u0131k\u00e7a Sorulan Sorular - Hal\u0131 Y\u0131kama Makinesi","description":"Hal\u0131 y\u0131kama makinesinin fiyat\u0131 nedir? Hal\u0131 y\u0131kama makinesinin elektrik t\u00fcketimi ve su t\u00fcketimi ne kadard\u0131r?","robots":{"index":"index","follow":"follow","max-snippet":"max-snippet:-1","max-image-preview":"max-image-preview:large","max-video-preview":"max-video-preview:-1"},"canonical":"https:\/\/www.thecarpetwashingmachine.com\/faq-on-carpet-washing-machines\/","og_locale":"tr_TR","og_type":"article","og_title":"Hal\u0131 Y\u0131kama Makineleri Hakk\u0131nda S\u0131k\u00e7a Sorulan Sorular - Hal\u0131 Y\u0131kama Makinesi","og_description":"Hal\u0131 y\u0131kama makinesinin fiyat\u0131 nedir? Hal\u0131 y\u0131kama makinesinin elektrik t\u00fcketimi ve su t\u00fcketimi ne kadard\u0131r?","og_url":"https:\/\/www.thecarpetwashingmachine.com\/faq-on-carpet-washing-machines\/","og_site_name":"Hal\u0131 Y\u0131kama Makinesi","article_publisher":"http:\/\/www.facebook.com\/carpetwashingmachine","article_modified_time":"2025-07-18T11:54:38+00:00","og_image":[{"width":826,"height":390,"url":"https:\/\/www.thecarpetwashingmachine.com\/wp-content\/uploads\/2025\/01\/hali-yikama-makinasi-kullanimi-1.jpg","type":"image\/jpeg"}],"twitter_card":"summary_large_image","twitter_misc":{"Tahmini okuma s\u00fcresi":"5 dakika"},"schema":{"@context":"https:\/\/schema.org","@graph":[{"@type":"WebPage","@id":"https:\/\/www.thecarpetwashingmachine.com\/faq-on-carpet-washing-machines\/","url":"https:\/\/www.thecarpetwashingmachine.com\/faq-on-carpet-washing-machines\/","name":"H\u00e4ufig gestellte Fragen zu Teppichwaschmaschinen - Hal\u0131 Y\u0131kama Makinesi","isPartOf":{"@id":"https:\/\/www.thecarpetwashingmachine.com\/#website"},"primaryImageOfPage":{"@id":"https:\/\/www.thecarpetwashingmachine.com\/faq-on-carpet-washing-machines\/#primaryimage"},"image":{"@id":"https:\/\/www.thecarpetwashingmachine.com\/faq-on-carpet-washing-machines\/#primaryimage"},"thumbnailUrl":"https:\/\/www.thecarpetwashingmachine.com\/wp-content\/uploads\/2025\/01\/hali-yikama-makinasi-kullanimi-1.jpg","datePublished":"2025-01-30T13:00:47+00:00","dateModified":"2025-07-18T11:54:38+00:00","description":"Was kostet eine Teppichwaschmaschine? Wie hoch ist der Strom- und Wasserverbrauch einer Teppichwaschmaschine?","breadcrumb":{"@id":"https:\/\/www.thecarpetwashingmachine.com\/faq-on-carpet-washing-machines\/#breadcrumb"},"inLanguage":"tr","potentialAction":[{"@type":"ReadAction","target":["https:\/\/www.thecarpetwashingmachine.com\/faq-on-carpet-washing-machines\/"]}]},{"@type":"ImageObject","inLanguage":"tr","@id":"https:\/\/www.thecarpetwashingmachine.com\/faq-on-carpet-washing-machines\/#primaryimage","url":"https:\/\/www.thecarpetwashingmachine.com\/wp-content\/uploads\/2025\/01\/hali-yikama-makinasi-kullanimi-1.jpg","contentUrl":"https:\/\/www.thecarpetwashingmachine.com\/wp-content\/uploads\/2025\/01\/hali-yikama-makinasi-kullanimi-1.jpg"},{"@type":"BreadcrumbList","@id":"https:\/\/www.thecarpetwashingmachine.com\/faq-on-carpet-washing-machines\/#breadcrumb","itemListElement":[{"@type":"ListItem","position":1,"name":"Home","item":"https:\/\/www.thecarpetwashingmachine.com\/"},{"@type":"ListItem","position":2,"name":"Frequently Asked Questions on Carpet Washing Machines"}]},{"@type":"WebSite","@id":"https:\/\/www.thecarpetwashingmachine.com\/#website","url":"https:\/\/www.thecarpetwashingmachine.com\/","name":"Hal\u0131 Y\u0131kama Makinesi","description":"Hal\u0131 y\u0131kama makinesi t\u00fcm d\u00fcnyada!","potentialAction":[{"@type":"SearchAction","target":{"@type":"EntryPoint","urlTemplate":"https:\/\/www.thecarpetwashingmachine.com\/?s={search_term_string}"},"query-input":{"@type":"PropertyValueSpecification","valueRequired":true,"valueName":"search_term_string"}}],"inLanguage":"tr"}]}},"_links":{"self":[{"href":"https:\/\/www.thecarpetwashingmachine.com\/tr\/wp-json\/wp\/v2\/pages\/383","targetHints":{"allow":["GET"]}}],"collection":[{"href":"https:\/\/www.thecarpetwashingmachine.com\/tr\/wp-json\/wp\/v2\/pages"}],"about":[{"href":"https:\/\/www.thecarpetwashingmachine.com\/tr\/wp-json\/wp\/v2\/types\/page"}],"author":[{"embeddable":true,"href":"https:\/\/www.thecarpetwashingmachine.com\/tr\/wp-json\/wp\/v2\/users\/1"}],"replies":[{"embeddable":true,"href":"https:\/\/www.thecarpetwashingmachine.com\/tr\/wp-json\/wp\/v2\/comments?post=383"}],"version-history":[{"count":48,"href":"https:\/\/www.thecarpetwashingmachine.com\/tr\/wp-json\/wp\/v2\/pages\/383\/revisions"}],"predecessor-version":[{"id":2462,"href":"https:\/\/www.thecarpetwashingmachine.com\/tr\/wp-json\/wp\/v2\/pages\/383\/revisions\/2462"}],"wp:attachment":[{"href":"https:\/\/www.thecarpetwashingmachine.com\/tr\/wp-json\/wp\/v2\/media?parent=383"}],"curies":[{"name":"wp","href":"https:\/\/api.w.org\/{rel}","templated":true}]}}