{"id":370,"date":"2025-01-16T11:18:51","date_gmt":"2025-01-16T11:18:51","guid":{"rendered":"https:\/\/www.thecarpetwashingmachine.com\/?page_id=370"},"modified":"2025-07-14T13:18:29","modified_gmt":"2025-07-14T13:18:29","slug":"carpet-finishing-machine","status":"publish","type":"page","link":"https:\/\/www.thecarpetwashingmachine.com\/tr\/carpet-finishing-machine\/","title":{"rendered":"Hal\u0131 Paketleme Makinesi"},"content":{"rendered":"<p><iframe loading=\"lazy\" title=\"New HPM Rug and Carpet Finishing Machine\" width=\"843\" height=\"474\" src=\"https:\/\/www.youtube.com\/embed\/QJ1NfUuUeOw?feature=oembed\" frameborder=\"0\" allow=\"accelerometer; autoplay; clipboard-write; encrypted-media; gyroscope; picture-in-picture; web-share\" referrerpolicy=\"strict-origin-when-cross-origin\" allowfullscreen><\/iframe><\/p>\n<ul data-sourcepos=\"9:1-13:0\">\n<li data-sourcepos=\"17:1-18:0\">\n<p data-sourcepos=\"1:1-1:167\">Bu makine, <strong>hal\u0131 paketleme makinesi<\/strong> olarak bilinmektedir.<\/p>\n<p data-sourcepos=\"3:1-3:161\">Temel i\u015flevi, hal\u0131n\u0131n rulo yap\u0131l\u0131p paketlenmeden \u00f6nce y\u00fczeyine son bir f\u0131r\u00e7alama ve s\u00fcp\u00fcrme i\u015flemi uygulamakt\u0131r. <a href=\"https:\/\/www.thecarpetwashingmachine.com\/tr\/how-to-choose-the-right-carpet-washing-machine\/\">Di\u011fer makinelerimizin<\/a> aksine hal\u0131 y\u0131kama yapmaz.<\/p>\n<h3 data-sourcepos=\"7:1-7:27\">Tasar\u0131m ve \u0130\u015flevsellik:<\/h3>\n<p data-sourcepos=\"9:1-9:114\">Sistemimiz, \u00f6nde b\u00fcy\u00fck, paralel bir silindirik f\u0131r\u00e7aya ve arkada d\u00f6rt adet daha k\u00fc\u00e7\u00fck silindirik f\u0131r\u00e7aya sahiptir.<\/p>\n<p data-sourcepos=\"11:1-11:207\">Hal\u0131 ba\u015flang\u0131\u00e7ta silindirik f\u0131r\u00e7a sisteminin alt\u0131ndan ge\u00e7er. Bir pn\u00f6matik mekanizma sistemi indirerek hal\u0131 y\u00fczeyini etkili bir \u015fekilde s\u00fcp\u00fcrmesini sa\u011flar. Silindirik f\u0131r\u00e7an\u0131n uygulad\u0131\u011f\u0131 bas\u0131n\u00e7 ayarlanabilir.<\/p>\n<p data-sourcepos=\"13:1-13:137\">\u0130ste\u011fe ba\u011fl\u0131 olarak, bu silindirik f\u0131r\u00e7a, geleneksel hal\u0131 paketleme makinelerimizde bulunanlara benzer bir vakum sistemi ile donat\u0131labilir.<\/p>\n<p data-sourcepos=\"15:1-15:393\">Arka tarafta konumland\u0131r\u0131lm\u0131\u015f d\u00f6rt k\u00fc\u00e7\u00fck silindirik f\u0131r\u00e7a, hal\u0131 y\u0131kama makinelerinde veya ev tipi elektrikli s\u00fcp\u00fcrgelerde kullan\u0131lan disk f\u0131r\u00e7alara benzer \u015fekilde \u00e7al\u0131\u015f\u0131r. Bu f\u0131r\u00e7alar hal\u0131y\u0131 soldan sa\u011fa do\u011fru s\u00fcp\u00fcr\u00fcr. \u00d6zellikle, vakum sistemi do\u011frusal sisteme entegre edilmi\u015ftir, bu da ayr\u0131 bir \u00fcniteye olan ihtiyac\u0131 ortadan kald\u0131r\u0131r. Ayr\u0131ca, bu silindirik f\u0131r\u00e7alar\u0131n bas\u0131nc\u0131 da ayarlanabilir.<\/p>\n<p data-sourcepos=\"17:1-17:128\">\u0130lk f\u0131r\u00e7alama a\u015famas\u0131ndan sonra, hal\u0131 paketleme i\u00e7in durdurulabilir veya son bir temizleme d\u00f6ng\u00fcs\u00fc i\u00e7in \u00f6ne geri g\u00f6nderilebilir.<\/p>\n<p data-sourcepos=\"19:1-19:129\">M\u00fc\u015fteri geri g\u00f6nderme se\u00e7ene\u011fini tercih ederse, hal\u0131 paketlemeye haz\u0131r hale gelmeden \u00f6nce t\u00fcm a\u015famalardan bir kez daha ge\u00e7irilir.<\/p>\n<p data-sourcepos=\"21:1-21:91\">Paketleme i\u015flemi d\u0131\u015f\u0131nda, makine y\u0131kama i\u015fleminden \u00f6nce hal\u0131 toz alma i\u00e7in de kullan\u0131labilir.<\/p>\n<\/li>\n<\/ul>\n","protected":false},"excerpt":{"rendered":"<p>Bu makine, hal\u0131 paketleme makinesi olarak bilinmektedir. Temel i\u015flevi, hal\u0131n\u0131n rulo yap\u0131l\u0131p paketlenmeden \u00f6nce y\u00fczeyine son bir f\u0131r\u00e7alama ve s\u00fcp\u00fcrme i\u015flemi uygulamakt\u0131r. Di\u011fer makinelerimizin aksine&hellip;<\/p>\n","protected":false},"author":1,"featured_media":0,"parent":0,"menu_order":0,"comment_status":"closed","ping_status":"closed","template":"","meta":{"footnotes":""},"class_list":["post-370","page","type-page","status-publish","hentry"],"translation":{"provider":"WPGlobus","version":"3.0.0","language":"tr","enabled_languages":["en","tr","fr","ar","es","de","pt","ru"],"languages":{"en":{"title":true,"content":true,"excerpt":false},"tr":{"title":true,"content":true,"excerpt":false},"fr":{"title":true,"content":true,"excerpt":false},"ar":{"title":true,"content":true,"excerpt":false},"es":{"title":true,"content":true,"excerpt":false},"de":{"title":true,"content":true,"excerpt":false},"pt":{"title":true,"content":true,"excerpt":false},"ru":{"title":true,"content":true,"excerpt":false}}},"yoast_head":"<!-- This site is optimized with the Yoast SEO plugin v24.7 - https:\/\/yoast.com\/wordpress\/plugins\/seo\/ -->\n<title>Hal\u0131 Paketleme Makinesi - Hal\u0131 Y\u0131kama Makinesi<\/title>\n<meta name=\"description\" content=\"Hal\u0131 paketleme makinesi, temizlik sonras\u0131 kullan\u0131l\u0131r. Kurutma sonras\u0131 hal\u0131lar\u0131 f\u0131r\u00e7alar, s\u00fcp\u00fcr\u00fcr ve vakumlar.\" \/>\n<meta name=\"robots\" content=\"index, follow, max-snippet:-1, max-image-preview:large, max-video-preview:-1\" \/>\n<link rel=\"canonical\" href=\"https:\/\/www.thecarpetwashingmachine.com\/carpet-finishing-machine\/\" \/>\n<meta property=\"og:locale\" content=\"tr_TR\" \/>\n<meta property=\"og:type\" content=\"article\" \/>\n<meta property=\"og:title\" content=\"Hal\u0131 Paketleme Makinesi - Hal\u0131 Y\u0131kama Makinesi\" \/>\n<meta property=\"og:description\" content=\"Hal\u0131 paketleme makinesi, temizlik sonras\u0131 kullan\u0131l\u0131r. Kurutma sonras\u0131 hal\u0131lar\u0131 f\u0131r\u00e7alar, s\u00fcp\u00fcr\u00fcr ve vakumlar.\" \/>\n<meta property=\"og:url\" content=\"https:\/\/www.thecarpetwashingmachine.com\/carpet-finishing-machine\/\" \/>\n<meta property=\"og:site_name\" content=\"Hal\u0131 Y\u0131kama Makinesi\" \/>\n<meta property=\"article:publisher\" content=\"http:\/\/www.facebook.com\/carpetwashingmachine\" \/>\n<meta property=\"article:modified_time\" content=\"2025-07-14T13:18:29+00:00\" \/>\n<meta name=\"twitter:card\" content=\"summary_large_image\" \/>\n<meta name=\"twitter:label1\" content=\"Tahmini okuma s\u00fcresi\" \/>\n\t<meta name=\"twitter:data1\" content=\"2 dakika\" \/>\n<script type=\"application\/ld+json\" class=\"yoast-schema-graph\">{\"@context\":\"https:\/\/schema.org\",\"@graph\":[{\"@type\":\"WebPage\",\"@id\":\"https:\/\/www.thecarpetwashingmachine.com\/carpet-finishing-machine\/\",\"url\":\"https:\/\/www.thecarpetwashingmachine.com\/carpet-finishing-machine\/\",\"name\":\"Machine de finition de tapis - Hal\u0131 Y\u0131kama Makinesi\",\"isPartOf\":{\"@id\":\"https:\/\/www.thecarpetwashingmachine.com\/#website\"},\"datePublished\":\"2025-01-16T11:18:51+00:00\",\"dateModified\":\"2025-07-14T13:18:29+00:00\",\"description\":\"La machine de finition de tapis est principalement utilis\u00e9e apr\u00e8s le nettoyage. Elle brosse, balaie et aspire les tapis apr\u00e8s le s\u00e9chage.\",\"breadcrumb\":{\"@id\":\"https:\/\/www.thecarpetwashingmachine.com\/carpet-finishing-machine\/#breadcrumb\"},\"inLanguage\":\"tr\",\"potentialAction\":[{\"@type\":\"ReadAction\",\"target\":[\"https:\/\/www.thecarpetwashingmachine.com\/carpet-finishing-machine\/\"]}]},{\"@type\":\"BreadcrumbList\",\"@id\":\"https:\/\/www.thecarpetwashingmachine.com\/carpet-finishing-machine\/#breadcrumb\",\"itemListElement\":[{\"@type\":\"ListItem\",\"position\":1,\"name\":\"Home\",\"item\":\"https:\/\/www.thecarpetwashingmachine.com\/\"},{\"@type\":\"ListItem\",\"position\":2,\"name\":\"Carpet Finishing Machine\"}]},{\"@type\":\"WebSite\",\"@id\":\"https:\/\/www.thecarpetwashingmachine.com\/#website\",\"url\":\"https:\/\/www.thecarpetwashingmachine.com\/\",\"name\":\"Hal\u0131 Y\u0131kama Makinesi\",\"description\":\"Hal\u0131 y\u0131kama makinesi t\u00fcm d\u00fcnyada!\",\"potentialAction\":[{\"@type\":\"SearchAction\",\"target\":{\"@type\":\"EntryPoint\",\"urlTemplate\":\"https:\/\/www.thecarpetwashingmachine.com\/?s={search_term_string}\"},\"query-input\":{\"@type\":\"PropertyValueSpecification\",\"valueRequired\":true,\"valueName\":\"search_term_string\"}}],\"inLanguage\":\"tr\"}]}<\/script>\n<!-- \/ Yoast SEO plugin. -->","yoast_head_json":{"title":"Hal\u0131 Paketleme Makinesi - Hal\u0131 Y\u0131kama Makinesi","description":"Hal\u0131 paketleme makinesi, temizlik sonras\u0131 kullan\u0131l\u0131r. Kurutma sonras\u0131 hal\u0131lar\u0131 f\u0131r\u00e7alar, s\u00fcp\u00fcr\u00fcr ve vakumlar.","robots":{"index":"index","follow":"follow","max-snippet":"max-snippet:-1","max-image-preview":"max-image-preview:large","max-video-preview":"max-video-preview:-1"},"canonical":"https:\/\/www.thecarpetwashingmachine.com\/carpet-finishing-machine\/","og_locale":"tr_TR","og_type":"article","og_title":"Hal\u0131 Paketleme Makinesi - Hal\u0131 Y\u0131kama Makinesi","og_description":"Hal\u0131 paketleme makinesi, temizlik sonras\u0131 kullan\u0131l\u0131r. Kurutma sonras\u0131 hal\u0131lar\u0131 f\u0131r\u00e7alar, s\u00fcp\u00fcr\u00fcr ve vakumlar.","og_url":"https:\/\/www.thecarpetwashingmachine.com\/carpet-finishing-machine\/","og_site_name":"Hal\u0131 Y\u0131kama Makinesi","article_publisher":"http:\/\/www.facebook.com\/carpetwashingmachine","article_modified_time":"2025-07-14T13:18:29+00:00","twitter_card":"summary_large_image","twitter_misc":{"Tahmini okuma s\u00fcresi":"2 dakika"},"schema":{"@context":"https:\/\/schema.org","@graph":[{"@type":"WebPage","@id":"https:\/\/www.thecarpetwashingmachine.com\/carpet-finishing-machine\/","url":"https:\/\/www.thecarpetwashingmachine.com\/carpet-finishing-machine\/","name":"Machine de finition de tapis - Hal\u0131 Y\u0131kama Makinesi","isPartOf":{"@id":"https:\/\/www.thecarpetwashingmachine.com\/#website"},"datePublished":"2025-01-16T11:18:51+00:00","dateModified":"2025-07-14T13:18:29+00:00","description":"La machine de finition de tapis est principalement utilis\u00e9e apr\u00e8s le nettoyage. Elle brosse, balaie et aspire les tapis apr\u00e8s le s\u00e9chage.","breadcrumb":{"@id":"https:\/\/www.thecarpetwashingmachine.com\/carpet-finishing-machine\/#breadcrumb"},"inLanguage":"tr","potentialAction":[{"@type":"ReadAction","target":["https:\/\/www.thecarpetwashingmachine.com\/carpet-finishing-machine\/"]}]},{"@type":"BreadcrumbList","@id":"https:\/\/www.thecarpetwashingmachine.com\/carpet-finishing-machine\/#breadcrumb","itemListElement":[{"@type":"ListItem","position":1,"name":"Home","item":"https:\/\/www.thecarpetwashingmachine.com\/"},{"@type":"ListItem","position":2,"name":"Carpet Finishing Machine"}]},{"@type":"WebSite","@id":"https:\/\/www.thecarpetwashingmachine.com\/#website","url":"https:\/\/www.thecarpetwashingmachine.com\/","name":"Hal\u0131 Y\u0131kama Makinesi","description":"Hal\u0131 y\u0131kama makinesi t\u00fcm d\u00fcnyada!","potentialAction":[{"@type":"SearchAction","target":{"@type":"EntryPoint","urlTemplate":"https:\/\/www.thecarpetwashingmachine.com\/?s={search_term_string}"},"query-input":{"@type":"PropertyValueSpecification","valueRequired":true,"valueName":"search_term_string"}}],"inLanguage":"tr"}]}},"_links":{"self":[{"href":"https:\/\/www.thecarpetwashingmachine.com\/tr\/wp-json\/wp\/v2\/pages\/370","targetHints":{"allow":["GET"]}}],"collection":[{"href":"https:\/\/www.thecarpetwashingmachine.com\/tr\/wp-json\/wp\/v2\/pages"}],"about":[{"href":"https:\/\/www.thecarpetwashingmachine.com\/tr\/wp-json\/wp\/v2\/types\/page"}],"author":[{"embeddable":true,"href":"https:\/\/www.thecarpetwashingmachine.com\/tr\/wp-json\/wp\/v2\/users\/1"}],"replies":[{"embeddable":true,"href":"https:\/\/www.thecarpetwashingmachine.com\/tr\/wp-json\/wp\/v2\/comments?post=370"}],"version-history":[{"count":34,"href":"https:\/\/www.thecarpetwashingmachine.com\/tr\/wp-json\/wp\/v2\/pages\/370\/revisions"}],"predecessor-version":[{"id":2444,"href":"https:\/\/www.thecarpetwashingmachine.com\/tr\/wp-json\/wp\/v2\/pages\/370\/revisions\/2444"}],"wp:attachment":[{"href":"https:\/\/www.thecarpetwashingmachine.com\/tr\/wp-json\/wp\/v2\/media?parent=370"}],"curies":[{"name":"wp","href":"https:\/\/api.w.org\/{rel}","templated":true}]}}