{"id":25,"date":"2018-05-18T15:20:44","date_gmt":"2018-05-18T15:20:44","guid":{"rendered":"http:\/\/thecarpetwashingmachine.com\/?page_id=25"},"modified":"2025-06-18T10:54:10","modified_gmt":"2025-06-18T10:54:10","slug":"carpet-washing-machine-2","status":"publish","type":"page","link":"https:\/\/www.thecarpetwashingmachine.com\/tr\/carpet-washing-machine-2\/","title":{"rendered":"Hal\u0131 Y\u0131kama Makinas\u0131 Hakk\u0131nda Sorular"},"content":{"rendered":"<h3><img loading=\"lazy\" decoding=\"async\" class=\"alignnone wp-image-39 size-full\" src=\"https:\/\/www.thecarpetwashingmachine.com\/wp-content\/uploads\/2018\/05\/high-quality-carpet-washing-machine.jpg\" alt=\"hal\u0131 y\u0131kama makinesi\" width=\"500\" height=\"278\" srcset=\"https:\/\/www.thecarpetwashingmachine.com\/wp-content\/uploads\/2018\/05\/high-quality-carpet-washing-machine.jpg 500w, https:\/\/www.thecarpetwashingmachine.com\/wp-content\/uploads\/2018\/05\/high-quality-carpet-washing-machine-300x167.jpg 300w\" sizes=\"auto, (max-width: 500px) 100vw, 500px\" \/><\/h3>\n<h2 id=\"tw-target-text\" class=\"tw-data-text tw-text-large tw-ta\" dir=\"ltr\" data-placeholder=\"\u00c7eviri\"><span class=\"Y2IQFc\" lang=\"tr\">Hal\u0131 Y\u0131kama Makinesi Nedir? <\/span><\/h2>\n<p class=\"tw-data-text tw-text-large tw-ta\" dir=\"ltr\" data-placeholder=\"\u00c7eviri\"><span class=\"Y2IQFc\" lang=\"tr\">Hal\u0131 y\u0131kama makinas\u0131 ve kilim y\u0131kama makinas\u0131 hal\u0131 temizli\u011finde su, elektrik ve sabun t\u00fcketen mekanizmalard\u0131r. Genellikle rulmanlar, motorlar, f\u0131r\u00e7alar, konvey\u00f6r bantlar, haval\u0131 sistemler ile \u00e7al\u0131\u015f\u0131rlar.<\/span><\/p>\n<h3 id=\"tw-target-text\" class=\"tw-data-text tw-text-large tw-ta\" dir=\"ltr\" data-placeholder=\"\u00c7eviri\"><span class=\"Y2IQFc\" lang=\"tr\">Tam Otomatik Hal\u0131 Y\u0131kama Makinas\u0131 Nedir?<\/span><\/h3>\n<p class=\"tw-data-text tw-text-large tw-ta\" dir=\"ltr\" data-placeholder=\"\u00c7eviri\"><span class=\"Y2IQFc\" lang=\"tr\">Bu t\u00fcr makinelerin b\u00fcnyesinde PLC ve sens\u00f6rler bulunmaktad\u0131r. Makine taraf\u0131ndan otomatik olarak tan\u0131nan hal\u0131lar, ta\u015f\u0131ma band\u0131nda gereksiz su veya \u015fampuan israf\u0131 yapmaz. Makineler farkl\u0131 hal\u0131 t\u00fcrleri i\u00e7in farkl\u0131 \u00e7al\u0131\u015f\u0131r. Hal\u0131 olmad\u0131\u011f\u0131nda makine sistemlerini durdurur.<\/span><\/p>\n<h4 id=\"tw-target-text\" class=\"tw-data-text tw-text-large tw-ta\" dir=\"ltr\" data-placeholder=\"\u00c7eviri\"><span class=\"Y2IQFc\" lang=\"tr\">Bir Hal\u0131 Y\u0131kama Makinesi Neden Paslanmaz \u00c7elik Olmak Zorundad\u0131r?<\/span><\/h4>\n<p class=\"tw-data-text tw-text-large tw-ta\" dir=\"ltr\" data-placeholder=\"\u00c7eviri\"><span class=\"Y2IQFc\" lang=\"tr\">Galvanizli ve epoksi kapl\u0131 \u00e7elik makineler hal\u0131 y\u0131kama makineleri sekt\u00f6r\u00fcnde olduk\u00e7a yayg\u0131n malzemelerdir. Ancak bilimsel olarak temizlik sekt\u00f6r\u00fcnde farkl\u0131 pH de\u011ferlerine sahip \u00e7ok say\u0131da kimyasal kullan\u0131lmaktad\u0131r. Hal\u0131 temizli\u011finde hal\u0131 \u015fampuan\u0131 olmadan hal\u0131 y\u0131kayamazs\u0131n\u0131z. Hal\u0131 \u015fampuanlar\u0131 7(n\u00f6tr) pH de\u011ferinden y\u00fcksek\/d\u00fc\u015f\u00fck de\u011fere sahiptir. Bu pH de\u011ferleri n\u00f6tr olsayd\u0131, galvanizli veya epoksi kapl\u0131 \u00e7elikleri uzun s\u00fcre kullanabilirdiniz. Ama bu imkans\u0131z. Galvanizli veya epoksi kapl\u0131 bir \u00e7elik malzeme ancak 2-3 y\u0131l dayanabilir. Baz\u0131 hal\u0131 temizleyiciler, potasyum hipos\u00fclfit ve kostik soda gibi a\u015f\u0131r\u0131 kimyasallar bile kullan\u0131r. Bir makinenin g\u00f6vdesinde ve par\u00e7alar\u0131nda pas olu\u015ftu\u011funda, o makine art\u0131k temizlik i\u00e7in kullan\u0131lamaz.<\/span><\/p>\n<h4 id=\"tw-target-text\" class=\"tw-data-text tw-text-large tw-ta\" dir=\"ltr\" data-placeholder=\"\u00c7eviri\"><span class=\"Y2IQFc\" lang=\"tr\">Hal\u0131 Y\u0131kama Makinalar\u0131 \u0130\u00e7in Hangi Elektrikli Markalar \u0130yidir? <\/span><\/h4>\n<p class=\"tw-data-text tw-text-large tw-ta\" dir=\"ltr\" data-placeholder=\"\u00c7eviri\"><span class=\"Y2IQFc\" lang=\"tr\">Hal\u0131 y\u0131kama makinelerinde elektrikli aksamlar Siemens, Schneider, Mitsubishi gibi d\u00fcnya \u00e7ap\u0131nda bilinen markalar olmal\u0131d\u0131r. \u00c7o\u011funlu\u011fu \u00c7in&#8217;den olmak \u00fczere makinelerinde d\u00fc\u015f\u00fck kaliteli elektrikli par\u00e7alara sahip onlarca \u00fcretici g\u00f6rebilirsiniz. Uzun vadede \u00c7inli par\u00e7alar, makinelerin elektrik ve mekanik bile\u015fenlerinde sorunlara neden olabilir.<\/span><\/p>\n<h4 id=\"tw-target-text\" class=\"tw-data-text tw-text-large tw-ta\" dir=\"ltr\" data-placeholder=\"\u00c7eviri\"><span class=\"Y2IQFc\" lang=\"tr\">PLC Sistemi Nedir?<\/span><\/h4>\n<p class=\"tw-data-text tw-text-large tw-ta\" dir=\"ltr\" data-placeholder=\"\u00c7eviri\"><span class=\"Y2IQFc\" lang=\"tr\">Programlanabilen bir d\u00fczenleme sistemi. Ba\u015fka bir deyi\u015fle, tam otomatik hal\u0131 y\u0131kama makinelerinin beyni. Y\u00fcksek kaliteli PLC \u00fcniteleri ile donat\u0131lm\u0131\u015f makineler, d\u00fcnyadaki her t\u00fcrl\u00fc hal\u0131y\u0131 y\u0131kayabilir. Gereksiz su, kimyasal, zaman, elektrik ve insan g\u00fcc\u00fc israf\u0131 olmadan ebatlar\u0131na ve zamanlamas\u0131na ba\u011fl\u0131 olarak hal\u0131lar\u0131 d\u00fczg\u00fcn bir \u015fekilde y\u0131kayabilirler. Kaliteli PLC sistemleri ile \u00fcretici sorunlar\u0131n\u0131z\u0131 uzaktan \u00e7\u00f6zebilir, bu da yeni hal\u0131 t\u00fcrleri ve y\u0131kama programlar\u0131n\u0131n eklenmesini m\u00fcmk\u00fcn k\u0131lar.<\/span><\/p>\n<h3 id=\"tw-target-text\" class=\"tw-data-text tw-text-large tw-ta\" dir=\"ltr\" data-placeholder=\"\u00c7eviri\"><span class=\"Y2IQFc\" lang=\"tr\">En \u0130yi Hal\u0131 Y\u0131kama Makinesi Hangisi? <\/span><\/h3>\n<p class=\"tw-data-text tw-text-large tw-ta\" dir=\"ltr\" data-placeholder=\"\u00c7eviri\"><span class=\"Y2IQFc\" lang=\"tr\">Bu ger\u00e7ekten gereksinimlerinize ba\u011fl\u0131d\u0131r. Y\u0131kad\u0131\u011f\u0131n\u0131z hal\u0131lar\u0131n %80 -90&#8217;\u0131 2 m geni\u015fli\u011fe sahipse o zaman max 2.2 m hal\u0131 y\u0131kama makinesi tercih edebilirsiniz. hal\u0131 geni\u015fli\u011fi. G\u00fcvenlik kurallar\u0131 i\u00e7in her makinenin konvey\u00f6r band\u0131n\u0131n her iki yan\u0131nda 10 cm bo\u015fluk olmal\u0131d\u0131r. \u00c7o\u011funlukla 4 m geni\u015fli\u011finde hal\u0131lar al\u0131yorsan\u0131z, o zaman maksimum 4,2 m&#8217;lik bir makineye ihtiyac\u0131n\u0131z olacakt\u0131r. hal\u0131 geni\u015fli\u011fi. En iyi hal\u0131 y\u0131kama makinesi \u015f\u00fcphesiz paslanmaz \u00e7eliktir, neden yukar\u0131daki paragrafta bahsettik. Tam otomatik olup her t\u00fcrl\u00fc hal\u0131y\u0131 sorunsuz y\u0131kayabilmektedir.<\/span><\/p>\n<p dir=\"ltr\" data-placeholder=\"\u00c7eviri\">\n","protected":false},"excerpt":{"rendered":"<p>Hal\u0131 Y\u0131kama Makinesi Nedir? Hal\u0131 y\u0131kama makinas\u0131 ve kilim y\u0131kama makinas\u0131 hal\u0131 temizli\u011finde su, elektrik ve sabun t\u00fcketen mekanizmalard\u0131r. Genellikle rulmanlar, motorlar, f\u0131r\u00e7alar, konvey\u00f6r bantlar,&hellip;<\/p>\n","protected":false},"author":1,"featured_media":0,"parent":0,"menu_order":0,"comment_status":"closed","ping_status":"closed","template":"","meta":{"footnotes":""},"class_list":["post-25","page","type-page","status-publish","hentry"],"translation":{"provider":"WPGlobus","version":"3.0.0","language":"tr","enabled_languages":["en","tr","fr","ar","es","de","pt","ru"],"languages":{"en":{"title":true,"content":true,"excerpt":false},"tr":{"title":true,"content":true,"excerpt":false},"fr":{"title":true,"content":true,"excerpt":false},"ar":{"title":true,"content":true,"excerpt":false},"es":{"title":true,"content":true,"excerpt":false},"de":{"title":true,"content":true,"excerpt":false},"pt":{"title":true,"content":true,"excerpt":false},"ru":{"title":true,"content":true,"excerpt":false}}},"yoast_head":"<!-- This site is optimized with the Yoast SEO plugin v24.7 - https:\/\/yoast.com\/wordpress\/plugins\/seo\/ -->\n<title>Hal\u0131 Y\u0131kama Makinas\u0131 Hakk\u0131nda Sorular - Hal\u0131 Y\u0131kama Makinesi<\/title>\n<meta name=\"description\" content=\"Hal\u0131 y\u0131kama makinelerinin temellerini \u00f6\u011frenin: Nedir, tam otomatik se\u00e7enekler ve ihtiya\u00e7lar\u0131n\u0131z i\u00e7in en iyisini nas\u0131l bulursunuz?\" \/>\n<meta name=\"robots\" content=\"index, follow, max-snippet:-1, max-image-preview:large, max-video-preview:-1\" \/>\n<link rel=\"canonical\" href=\"https:\/\/www.thecarpetwashingmachine.com\/\" \/>\n<meta property=\"og:locale\" content=\"tr_TR\" \/>\n<meta property=\"og:type\" content=\"article\" \/>\n<meta property=\"og:title\" content=\"Hal\u0131 Y\u0131kama Makinas\u0131 Hakk\u0131nda Sorular - Hal\u0131 Y\u0131kama Makinesi\" \/>\n<meta property=\"og:description\" content=\"Hal\u0131 y\u0131kama makinelerinin temellerini \u00f6\u011frenin: Nedir, tam otomatik se\u00e7enekler ve ihtiya\u00e7lar\u0131n\u0131z i\u00e7in en iyisini nas\u0131l bulursunuz?\" \/>\n<meta property=\"og:url\" content=\"https:\/\/www.thecarpetwashingmachine.com\/\" \/>\n<meta property=\"og:site_name\" content=\"Hal\u0131 Y\u0131kama Makinesi\" \/>\n<meta property=\"article:publisher\" content=\"http:\/\/www.facebook.com\/carpetwashingmachine\" \/>\n<meta property=\"article:modified_time\" content=\"2025-06-18T10:54:10+00:00\" \/>\n<meta property=\"og:image\" content=\"https:\/\/www.thecarpetwashingmachine.com\/wp-content\/uploads\/2018\/05\/high-quality-carpet-washing-machine.jpg\" \/>\n\t<meta property=\"og:image:width\" content=\"500\" \/>\n\t<meta property=\"og:image:height\" content=\"278\" \/>\n\t<meta property=\"og:image:type\" content=\"image\/jpeg\" \/>\n<meta name=\"twitter:card\" content=\"summary_large_image\" \/>\n<meta name=\"twitter:label1\" content=\"Tahmini okuma s\u00fcresi\" \/>\n\t<meta name=\"twitter:data1\" content=\"3 dakika\" \/>\n<script type=\"application\/ld+json\" class=\"yoast-schema-graph\">{\"@context\":\"https:\/\/schema.org\",\"@graph\":[{\"@type\":\"WebPage\",\"@id\":\"https:\/\/www.thecarpetwashingmachine.com\/\",\"url\":\"https:\/\/www.thecarpetwashingmachine.com\/\",\"name\":\"Questions About Carpet Washing Machine - Hal\u0131 Y\u0131kama Makinesi\",\"isPartOf\":{\"@id\":\"https:\/\/www.thecarpetwashingmachine.com\/#website\"},\"primaryImageOfPage\":{\"@id\":\"https:\/\/www.thecarpetwashingmachine.com\/#primaryimage\"},\"image\":{\"@id\":\"https:\/\/www.thecarpetwashingmachine.com\/#primaryimage\"},\"thumbnailUrl\":\"http:\/\/thecarpetwashingmachine.com\/wp-content\/uploads\/2018\/05\/high-quality-carpet-washing-machine.jpg\",\"datePublished\":\"2018-05-18T15:20:44+00:00\",\"dateModified\":\"2025-06-18T10:54:10+00:00\",\"description\":\"Learn the basics of carpet washing machines: What they are, fully automatic options, and how to find the best one for your needs.\",\"breadcrumb\":{\"@id\":\"https:\/\/www.thecarpetwashingmachine.com\/#breadcrumb\"},\"inLanguage\":\"tr\",\"potentialAction\":[{\"@type\":\"ReadAction\",\"target\":[\"https:\/\/www.thecarpetwashingmachine.com\/\"]}]},{\"@type\":\"ImageObject\",\"inLanguage\":\"tr\",\"@id\":\"https:\/\/www.thecarpetwashingmachine.com\/#primaryimage\",\"url\":\"http:\/\/thecarpetwashingmachine.com\/wp-content\/uploads\/2018\/05\/high-quality-carpet-washing-machine.jpg\",\"contentUrl\":\"http:\/\/thecarpetwashingmachine.com\/wp-content\/uploads\/2018\/05\/high-quality-carpet-washing-machine.jpg\"},{\"@type\":\"BreadcrumbList\",\"@id\":\"https:\/\/www.thecarpetwashingmachine.com\/#breadcrumb\",\"itemListElement\":[{\"@type\":\"ListItem\",\"position\":1,\"name\":\"Home\",\"item\":\"https:\/\/www.thecarpetwashingmachine.com\/\"},{\"@type\":\"ListItem\",\"position\":2,\"name\":\"Questions About Carpet Washing Machine\"}]},{\"@type\":\"WebSite\",\"@id\":\"https:\/\/www.thecarpetwashingmachine.com\/#website\",\"url\":\"https:\/\/www.thecarpetwashingmachine.com\/\",\"name\":\"Hal\u0131 Y\u0131kama Makinesi\",\"description\":\"Hal\u0131 y\u0131kama makinesi t\u00fcm d\u00fcnyada!\",\"potentialAction\":[{\"@type\":\"SearchAction\",\"target\":{\"@type\":\"EntryPoint\",\"urlTemplate\":\"https:\/\/www.thecarpetwashingmachine.com\/?s={search_term_string}\"},\"query-input\":{\"@type\":\"PropertyValueSpecification\",\"valueRequired\":true,\"valueName\":\"search_term_string\"}}],\"inLanguage\":\"tr\"}]}<\/script>\n<!-- \/ Yoast SEO plugin. -->","yoast_head_json":{"title":"Hal\u0131 Y\u0131kama Makinas\u0131 Hakk\u0131nda Sorular - Hal\u0131 Y\u0131kama Makinesi","description":"Hal\u0131 y\u0131kama makinelerinin temellerini \u00f6\u011frenin: Nedir, tam otomatik se\u00e7enekler ve ihtiya\u00e7lar\u0131n\u0131z i\u00e7in en iyisini nas\u0131l bulursunuz?","robots":{"index":"index","follow":"follow","max-snippet":"max-snippet:-1","max-image-preview":"max-image-preview:large","max-video-preview":"max-video-preview:-1"},"canonical":"https:\/\/www.thecarpetwashingmachine.com\/","og_locale":"tr_TR","og_type":"article","og_title":"Hal\u0131 Y\u0131kama Makinas\u0131 Hakk\u0131nda Sorular - Hal\u0131 Y\u0131kama Makinesi","og_description":"Hal\u0131 y\u0131kama makinelerinin temellerini \u00f6\u011frenin: Nedir, tam otomatik se\u00e7enekler ve ihtiya\u00e7lar\u0131n\u0131z i\u00e7in en iyisini nas\u0131l bulursunuz?","og_url":"https:\/\/www.thecarpetwashingmachine.com\/","og_site_name":"Hal\u0131 Y\u0131kama Makinesi","article_publisher":"http:\/\/www.facebook.com\/carpetwashingmachine","article_modified_time":"2025-06-18T10:54:10+00:00","og_image":[{"width":500,"height":278,"url":"https:\/\/www.thecarpetwashingmachine.com\/wp-content\/uploads\/2018\/05\/high-quality-carpet-washing-machine.jpg","type":"image\/jpeg"}],"twitter_card":"summary_large_image","twitter_misc":{"Tahmini okuma s\u00fcresi":"3 dakika"},"schema":{"@context":"https:\/\/schema.org","@graph":[{"@type":"WebPage","@id":"https:\/\/www.thecarpetwashingmachine.com\/","url":"https:\/\/www.thecarpetwashingmachine.com\/","name":"Questions About Carpet Washing Machine - Hal\u0131 Y\u0131kama Makinesi","isPartOf":{"@id":"https:\/\/www.thecarpetwashingmachine.com\/#website"},"primaryImageOfPage":{"@id":"https:\/\/www.thecarpetwashingmachine.com\/#primaryimage"},"image":{"@id":"https:\/\/www.thecarpetwashingmachine.com\/#primaryimage"},"thumbnailUrl":"http:\/\/thecarpetwashingmachine.com\/wp-content\/uploads\/2018\/05\/high-quality-carpet-washing-machine.jpg","datePublished":"2018-05-18T15:20:44+00:00","dateModified":"2025-06-18T10:54:10+00:00","description":"Learn the basics of carpet washing machines: What they are, fully automatic options, and how to find the best one for your needs.","breadcrumb":{"@id":"https:\/\/www.thecarpetwashingmachine.com\/#breadcrumb"},"inLanguage":"tr","potentialAction":[{"@type":"ReadAction","target":["https:\/\/www.thecarpetwashingmachine.com\/"]}]},{"@type":"ImageObject","inLanguage":"tr","@id":"https:\/\/www.thecarpetwashingmachine.com\/#primaryimage","url":"http:\/\/thecarpetwashingmachine.com\/wp-content\/uploads\/2018\/05\/high-quality-carpet-washing-machine.jpg","contentUrl":"http:\/\/thecarpetwashingmachine.com\/wp-content\/uploads\/2018\/05\/high-quality-carpet-washing-machine.jpg"},{"@type":"BreadcrumbList","@id":"https:\/\/www.thecarpetwashingmachine.com\/#breadcrumb","itemListElement":[{"@type":"ListItem","position":1,"name":"Home","item":"https:\/\/www.thecarpetwashingmachine.com\/"},{"@type":"ListItem","position":2,"name":"Questions About Carpet Washing Machine"}]},{"@type":"WebSite","@id":"https:\/\/www.thecarpetwashingmachine.com\/#website","url":"https:\/\/www.thecarpetwashingmachine.com\/","name":"Hal\u0131 Y\u0131kama Makinesi","description":"Hal\u0131 y\u0131kama makinesi t\u00fcm d\u00fcnyada!","potentialAction":[{"@type":"SearchAction","target":{"@type":"EntryPoint","urlTemplate":"https:\/\/www.thecarpetwashingmachine.com\/?s={search_term_string}"},"query-input":{"@type":"PropertyValueSpecification","valueRequired":true,"valueName":"search_term_string"}}],"inLanguage":"tr"}]}},"_links":{"self":[{"href":"https:\/\/www.thecarpetwashingmachine.com\/tr\/wp-json\/wp\/v2\/pages\/25","targetHints":{"allow":["GET"]}}],"collection":[{"href":"https:\/\/www.thecarpetwashingmachine.com\/tr\/wp-json\/wp\/v2\/pages"}],"about":[{"href":"https:\/\/www.thecarpetwashingmachine.com\/tr\/wp-json\/wp\/v2\/types\/page"}],"author":[{"embeddable":true,"href":"https:\/\/www.thecarpetwashingmachine.com\/tr\/wp-json\/wp\/v2\/users\/1"}],"replies":[{"embeddable":true,"href":"https:\/\/www.thecarpetwashingmachine.com\/tr\/wp-json\/wp\/v2\/comments?post=25"}],"version-history":[{"count":60,"href":"https:\/\/www.thecarpetwashingmachine.com\/tr\/wp-json\/wp\/v2\/pages\/25\/revisions"}],"predecessor-version":[{"id":961,"href":"https:\/\/www.thecarpetwashingmachine.com\/tr\/wp-json\/wp\/v2\/pages\/25\/revisions\/961"}],"wp:attachment":[{"href":"https:\/\/www.thecarpetwashingmachine.com\/tr\/wp-json\/wp\/v2\/media?parent=25"}],"curies":[{"name":"wp","href":"https:\/\/api.w.org\/{rel}","templated":true}]}}