{"id":2269,"date":"2025-07-14T08:11:10","date_gmt":"2025-07-14T08:11:10","guid":{"rendered":"https:\/\/www.thecarpetwashingmachine.com\/?page_id=2269"},"modified":"2025-07-28T14:08:58","modified_gmt":"2025-07-28T14:08:58","slug":"hpm-4200","status":"publish","type":"page","link":"https:\/\/www.thecarpetwashingmachine.com\/tr\/hpm-4200\/","title":{"rendered":"Hal\u0131 Paketleme Makinesi &#8211; HPM 4200"},"content":{"rendered":"<div class=\"wp-block-image\">\n<figure class=\"aligncenter size-large\"><img loading=\"lazy\" decoding=\"async\" width=\"1024\" height=\"465\" src=\"https:\/\/www.thecarpetwashingmachine.com\/wp-content\/uploads\/2025\/07\/Untitled-design-15-1024x465.png\" alt=\"Hal\u0131 paketleme makinesi\" class=\"wp-image-2044\" srcset=\"https:\/\/www.thecarpetwashingmachine.com\/wp-content\/uploads\/2025\/07\/Untitled-design-15-1024x465.png 1024w, https:\/\/www.thecarpetwashingmachine.com\/wp-content\/uploads\/2025\/07\/Untitled-design-15-300x136.png 300w, https:\/\/www.thecarpetwashingmachine.com\/wp-content\/uploads\/2025\/07\/Untitled-design-15-768x349.png 768w, https:\/\/www.thecarpetwashingmachine.com\/wp-content\/uploads\/2025\/07\/Untitled-design-15.png 1100w\" sizes=\"auto, (max-width: 1024px) 100vw, 1024px\" \/><\/figure><\/div>\n\n\n<p><\/p>\n\n\n\n<p>En b\u00fcy\u00fck hal\u0131lar\u0131n\u0131z i\u00e7in e\u015fsiz bir profesyonel g\u00f6r\u00fcn\u00fcm elde edin. HPM 4200 Hal\u0131 Paketleme Makinesi, end\u00fcstriyel talepler i\u00e7in tasarlanm\u0131\u015f olup, 4 metreye kadar hal\u0131 geni\u015fliklerini ustal\u0131kla i\u015fler ve en b\u00fcy\u00fck hal\u0131lar\u0131n\u0131z\u0131n bile titiz bir bak\u0131m almas\u0131n\u0131 sa\u011flar.<\/p>\n\n\n\n<p>HPM 4200, her biri 70 cm uzunlu\u011funda olan geli\u015fmi\u015f bir 4 silindirli f\u0131r\u00e7a sistemi ile donat\u0131lm\u0131\u015ft\u0131r, kapsaml\u0131 ve homojen bir bak\u0131m i\u00e7in tasarlanm\u0131\u015ft\u0131r. Ak\u0131ll\u0131 PLC i\u015fletim sistemi, paketleme s\u00fcrecinin her ad\u0131m\u0131 \u00fczerinde hassas ve zahmetsiz kontrol sa\u011flar. Tutarl\u0131 bir \u015fekilde temiz bir \u00e7al\u0131\u015fma alan\u0131 i\u00e7in makine, g\u00fc\u00e7l\u00fc bir dahili vakum ve verimli bir toz toplama sistemi entegre eder. Otomatik geri hareket ve bir hal\u0131 alg\u0131lama sens\u00f6r\u00fc ile operasyonel ak\u0131\u015f geli\u015ftirilir ve t\u00fcm bunlar sa\u011flam motor korumalar\u0131 ile g\u00fcvence alt\u0131na al\u0131n\u0131r. HPM 4200&#8217;\u00fc, paralel silindirik f\u0131r\u00e7a, silindirik f\u0131r\u00e7a i\u00e7in ek bir vakum, uygun bir \u00f6n tekne, hareketlilik tekerlekleri ve kalite kontrol i\u00e7in uzat\u0131lm\u0131\u015f bir \u00f6n k\u0131s\u0131m gibi iste\u011fe ba\u011fl\u0131 \u00f6zelliklerle daha da \u00f6zelle\u015ftirebilir, b\u00f6ylece y\u00fcksek hacimli operasyonlar\u0131n\u0131za m\u00fckemmel \u015fekilde uyarlayabilirsiniz.<\/p>\n\n\n\n<p><\/p>\n\n\n\n<figure class=\"wp-block-embed aligncenter is-type-video is-provider-youtube wp-block-embed-youtube wp-embed-aspect-16-9 wp-has-aspect-ratio\"><div class=\"wp-block-embed__wrapper\">\n<iframe loading=\"lazy\" title=\"New HPM Rug and Carpet Finishing Machine\" width=\"843\" height=\"474\" src=\"https:\/\/www.youtube.com\/embed\/QJ1NfUuUeOw?start=2&#038;feature=oembed\" frameborder=\"0\" allow=\"accelerometer; autoplay; clipboard-write; encrypted-media; gyroscope; picture-in-picture; web-share\" referrerpolicy=\"strict-origin-when-cross-origin\" allowfullscreen><\/iframe>\n<\/div><\/figure>\n","protected":false},"excerpt":{"rendered":"<p>En b\u00fcy\u00fck hal\u0131lar\u0131n\u0131z i\u00e7in e\u015fsiz bir profesyonel g\u00f6r\u00fcn\u00fcm elde edin. HPM 4200 Hal\u0131 Paketleme Makinesi, end\u00fcstriyel talepler i\u00e7in tasarlanm\u0131\u015f olup, 4 metreye kadar hal\u0131 geni\u015fliklerini&hellip;<\/p>\n","protected":false},"author":1,"featured_media":0,"parent":0,"menu_order":0,"comment_status":"closed","ping_status":"closed","template":"","meta":{"footnotes":""},"class_list":["post-2269","page","type-page","status-publish","hentry"],"translation":{"provider":"WPGlobus","version":"3.0.0","language":"tr","enabled_languages":["en","tr","fr","ar","es","de","pt","ru"],"languages":{"en":{"title":true,"content":true,"excerpt":false},"tr":{"title":true,"content":true,"excerpt":false},"fr":{"title":true,"content":true,"excerpt":false},"ar":{"title":true,"content":true,"excerpt":false},"es":{"title":true,"content":true,"excerpt":false},"de":{"title":true,"content":true,"excerpt":false},"pt":{"title":true,"content":true,"excerpt":false},"ru":{"title":true,"content":true,"excerpt":false}}},"yoast_head":"<!-- This site is optimized with the Yoast SEO plugin v24.7 - https:\/\/yoast.com\/wordpress\/plugins\/seo\/ -->\n<title>Hal\u0131 Paketleme Makinesi - HPM 4200 - Hal\u0131 Paketleme Makinesi<\/title>\n<meta name=\"description\" content=\"HPM 4200: Hal\u0131larda profesyonel paketleme. 4 metreye kadar geni\u015flik, 4x70cm f\u0131r\u00e7a, PLC kontrol, entegre vakumla \u00fcst\u00fcn performans.\" \/>\n<meta name=\"robots\" content=\"index, follow, max-snippet:-1, max-image-preview:large, max-video-preview:-1\" \/>\n<link rel=\"canonical\" href=\"https:\/\/www.thecarpetwashingmachine.com\/hpm-4200\/\" \/>\n<meta property=\"og:locale\" content=\"tr_TR\" \/>\n<meta property=\"og:type\" content=\"article\" \/>\n<meta property=\"og:title\" content=\"Hal\u0131 Paketleme Makinesi - HPM 4200 - Hal\u0131 Paketleme Makinesi\" \/>\n<meta property=\"og:description\" content=\"HPM 4200: Hal\u0131larda profesyonel paketleme. 4 metreye kadar geni\u015flik, 4x70cm f\u0131r\u00e7a, PLC kontrol, entegre vakumla \u00fcst\u00fcn performans.\" \/>\n<meta property=\"og:url\" content=\"https:\/\/www.thecarpetwashingmachine.com\/hpm-4200\/\" \/>\n<meta property=\"og:site_name\" content=\"Hal\u0131 Y\u0131kama Makinesi\" \/>\n<meta property=\"article:publisher\" content=\"http:\/\/www.facebook.com\/carpetwashingmachine\" \/>\n<meta property=\"article:modified_time\" content=\"2025-07-28T14:08:58+00:00\" \/>\n<meta property=\"og:image\" content=\"https:\/\/www.thecarpetwashingmachine.com\/wp-content\/uploads\/2025\/07\/Untitled-design-15.png\" \/>\n\t<meta property=\"og:image:width\" content=\"1100\" \/>\n\t<meta property=\"og:image:height\" content=\"500\" \/>\n\t<meta property=\"og:image:type\" content=\"image\/png\" \/>\n<meta name=\"twitter:card\" content=\"summary_large_image\" \/>\n<meta name=\"twitter:label1\" content=\"Tahmini okuma s\u00fcresi\" \/>\n\t<meta name=\"twitter:data1\" content=\"1 dakika\" \/>\n<script type=\"application\/ld+json\" class=\"yoast-schema-graph\">{\"@context\":\"https:\/\/schema.org\",\"@graph\":[{\"@type\":\"WebPage\",\"@id\":\"https:\/\/www.thecarpetwashingmachine.com\/hpm-4200\/\",\"url\":\"https:\/\/www.thecarpetwashingmachine.com\/hpm-4200\/\",\"name\":\"Hal\u0131 Paketleme Makinesi - HPM 4200 - Carpet Finishing Machine\",\"isPartOf\":{\"@id\":\"https:\/\/www.thecarpetwashingmachine.com\/#website\"},\"primaryImageOfPage\":{\"@id\":\"https:\/\/www.thecarpetwashingmachine.com\/hpm-4200\/#primaryimage\"},\"image\":{\"@id\":\"https:\/\/www.thecarpetwashingmachine.com\/hpm-4200\/#primaryimage\"},\"thumbnailUrl\":\"https:\/\/www.thecarpetwashingmachine.com\/wp-content\/uploads\/2025\/07\/Untitled-design-15-1024x465.png\",\"datePublished\":\"2025-07-14T08:11:10+00:00\",\"dateModified\":\"2025-07-28T14:08:58+00:00\",\"description\":\"HPM 4200: Ultimate finishing for 4m carpets. Features 4x70cm brushes, PLC control, built-in vacuum, ensures professional results.\",\"breadcrumb\":{\"@id\":\"https:\/\/www.thecarpetwashingmachine.com\/hpm-4200\/#breadcrumb\"},\"inLanguage\":\"tr\",\"potentialAction\":[{\"@type\":\"ReadAction\",\"target\":[\"https:\/\/www.thecarpetwashingmachine.com\/hpm-4200\/\"]}]},{\"@type\":\"ImageObject\",\"inLanguage\":\"tr\",\"@id\":\"https:\/\/www.thecarpetwashingmachine.com\/hpm-4200\/#primaryimage\",\"url\":\"https:\/\/www.thecarpetwashingmachine.com\/wp-content\/uploads\/2025\/07\/Untitled-design-15-1024x465.png\",\"contentUrl\":\"https:\/\/www.thecarpetwashingmachine.com\/wp-content\/uploads\/2025\/07\/Untitled-design-15-1024x465.png\"},{\"@type\":\"BreadcrumbList\",\"@id\":\"https:\/\/www.thecarpetwashingmachine.com\/hpm-4200\/#breadcrumb\",\"itemListElement\":[{\"@type\":\"ListItem\",\"position\":1,\"name\":\"Home\",\"item\":\"https:\/\/www.thecarpetwashingmachine.com\/\"},{\"@type\":\"ListItem\",\"position\":2,\"name\":\"Carpet Finishing Machine &#8211; HPM 4200\"}]},{\"@type\":\"WebSite\",\"@id\":\"https:\/\/www.thecarpetwashingmachine.com\/#website\",\"url\":\"https:\/\/www.thecarpetwashingmachine.com\/\",\"name\":\"Hal\u0131 Y\u0131kama Makinesi\",\"description\":\"Hal\u0131 y\u0131kama makinesi t\u00fcm d\u00fcnyada!\",\"potentialAction\":[{\"@type\":\"SearchAction\",\"target\":{\"@type\":\"EntryPoint\",\"urlTemplate\":\"https:\/\/www.thecarpetwashingmachine.com\/?s={search_term_string}\"},\"query-input\":{\"@type\":\"PropertyValueSpecification\",\"valueRequired\":true,\"valueName\":\"search_term_string\"}}],\"inLanguage\":\"tr\"}]}<\/script>\n<!-- \/ Yoast SEO plugin. -->","yoast_head_json":{"title":"Hal\u0131 Paketleme Makinesi - HPM 4200 - Hal\u0131 Paketleme Makinesi","description":"HPM 4200: Hal\u0131larda profesyonel paketleme. 4 metreye kadar geni\u015flik, 4x70cm f\u0131r\u00e7a, PLC kontrol, entegre vakumla \u00fcst\u00fcn performans.","robots":{"index":"index","follow":"follow","max-snippet":"max-snippet:-1","max-image-preview":"max-image-preview:large","max-video-preview":"max-video-preview:-1"},"canonical":"https:\/\/www.thecarpetwashingmachine.com\/hpm-4200\/","og_locale":"tr_TR","og_type":"article","og_title":"Hal\u0131 Paketleme Makinesi - HPM 4200 - Hal\u0131 Paketleme Makinesi","og_description":"HPM 4200: Hal\u0131larda profesyonel paketleme. 4 metreye kadar geni\u015flik, 4x70cm f\u0131r\u00e7a, PLC kontrol, entegre vakumla \u00fcst\u00fcn performans.","og_url":"https:\/\/www.thecarpetwashingmachine.com\/hpm-4200\/","og_site_name":"Hal\u0131 Y\u0131kama Makinesi","article_publisher":"http:\/\/www.facebook.com\/carpetwashingmachine","article_modified_time":"2025-07-28T14:08:58+00:00","og_image":[{"width":1100,"height":500,"url":"https:\/\/www.thecarpetwashingmachine.com\/wp-content\/uploads\/2025\/07\/Untitled-design-15.png","type":"image\/png"}],"twitter_card":"summary_large_image","twitter_misc":{"Tahmini okuma s\u00fcresi":"1 dakika"},"schema":{"@context":"https:\/\/schema.org","@graph":[{"@type":"WebPage","@id":"https:\/\/www.thecarpetwashingmachine.com\/hpm-4200\/","url":"https:\/\/www.thecarpetwashingmachine.com\/hpm-4200\/","name":"Hal\u0131 Paketleme Makinesi - HPM 4200 - Carpet Finishing Machine","isPartOf":{"@id":"https:\/\/www.thecarpetwashingmachine.com\/#website"},"primaryImageOfPage":{"@id":"https:\/\/www.thecarpetwashingmachine.com\/hpm-4200\/#primaryimage"},"image":{"@id":"https:\/\/www.thecarpetwashingmachine.com\/hpm-4200\/#primaryimage"},"thumbnailUrl":"https:\/\/www.thecarpetwashingmachine.com\/wp-content\/uploads\/2025\/07\/Untitled-design-15-1024x465.png","datePublished":"2025-07-14T08:11:10+00:00","dateModified":"2025-07-28T14:08:58+00:00","description":"HPM 4200: Ultimate finishing for 4m carpets. Features 4x70cm brushes, PLC control, built-in vacuum, ensures professional results.","breadcrumb":{"@id":"https:\/\/www.thecarpetwashingmachine.com\/hpm-4200\/#breadcrumb"},"inLanguage":"tr","potentialAction":[{"@type":"ReadAction","target":["https:\/\/www.thecarpetwashingmachine.com\/hpm-4200\/"]}]},{"@type":"ImageObject","inLanguage":"tr","@id":"https:\/\/www.thecarpetwashingmachine.com\/hpm-4200\/#primaryimage","url":"https:\/\/www.thecarpetwashingmachine.com\/wp-content\/uploads\/2025\/07\/Untitled-design-15-1024x465.png","contentUrl":"https:\/\/www.thecarpetwashingmachine.com\/wp-content\/uploads\/2025\/07\/Untitled-design-15-1024x465.png"},{"@type":"BreadcrumbList","@id":"https:\/\/www.thecarpetwashingmachine.com\/hpm-4200\/#breadcrumb","itemListElement":[{"@type":"ListItem","position":1,"name":"Home","item":"https:\/\/www.thecarpetwashingmachine.com\/"},{"@type":"ListItem","position":2,"name":"Carpet Finishing Machine &#8211; HPM 4200"}]},{"@type":"WebSite","@id":"https:\/\/www.thecarpetwashingmachine.com\/#website","url":"https:\/\/www.thecarpetwashingmachine.com\/","name":"Hal\u0131 Y\u0131kama Makinesi","description":"Hal\u0131 y\u0131kama makinesi t\u00fcm d\u00fcnyada!","potentialAction":[{"@type":"SearchAction","target":{"@type":"EntryPoint","urlTemplate":"https:\/\/www.thecarpetwashingmachine.com\/?s={search_term_string}"},"query-input":{"@type":"PropertyValueSpecification","valueRequired":true,"valueName":"search_term_string"}}],"inLanguage":"tr"}]}},"_links":{"self":[{"href":"https:\/\/www.thecarpetwashingmachine.com\/tr\/wp-json\/wp\/v2\/pages\/2269","targetHints":{"allow":["GET"]}}],"collection":[{"href":"https:\/\/www.thecarpetwashingmachine.com\/tr\/wp-json\/wp\/v2\/pages"}],"about":[{"href":"https:\/\/www.thecarpetwashingmachine.com\/tr\/wp-json\/wp\/v2\/types\/page"}],"author":[{"embeddable":true,"href":"https:\/\/www.thecarpetwashingmachine.com\/tr\/wp-json\/wp\/v2\/users\/1"}],"replies":[{"embeddable":true,"href":"https:\/\/www.thecarpetwashingmachine.com\/tr\/wp-json\/wp\/v2\/comments?post=2269"}],"version-history":[{"count":15,"href":"https:\/\/www.thecarpetwashingmachine.com\/tr\/wp-json\/wp\/v2\/pages\/2269\/revisions"}],"predecessor-version":[{"id":2513,"href":"https:\/\/www.thecarpetwashingmachine.com\/tr\/wp-json\/wp\/v2\/pages\/2269\/revisions\/2513"}],"wp:attachment":[{"href":"https:\/\/www.thecarpetwashingmachine.com\/tr\/wp-json\/wp\/v2\/media?parent=2269"}],"curies":[{"name":"wp","href":"https:\/\/api.w.org\/{rel}","templated":true}]}}