{"id":2267,"date":"2025-07-14T08:55:40","date_gmt":"2025-07-14T08:55:40","guid":{"rendered":"https:\/\/www.thecarpetwashingmachine.com\/?page_id=2267"},"modified":"2025-07-28T14:07:44","modified_gmt":"2025-07-28T14:07:44","slug":"hpm-3200","status":"publish","type":"page","link":"https:\/\/www.thecarpetwashingmachine.com\/tr\/hpm-3200\/","title":{"rendered":"Hal\u0131 Paketleme Makinesi &#8211; HPM 3200"},"content":{"rendered":"<div class=\"wp-block-image\">\n<figure class=\"aligncenter size-full\"><img loading=\"lazy\" decoding=\"async\" width=\"750\" height=\"500\" src=\"https:\/\/www.thecarpetwashingmachine.com\/wp-content\/uploads\/2025\/06\/hali-paketleme-makinasi-urun.jpg\" alt=\"Hal\u0131 paketleme makinesi\" class=\"wp-image-1027\" srcset=\"https:\/\/www.thecarpetwashingmachine.com\/wp-content\/uploads\/2025\/06\/hali-paketleme-makinasi-urun.jpg 750w, https:\/\/www.thecarpetwashingmachine.com\/wp-content\/uploads\/2025\/06\/hali-paketleme-makinasi-urun-300x200.jpg 300w\" sizes=\"auto, (max-width: 750px) 100vw, 750px\" \/><\/figure><\/div>\n\n\n<p><\/p>\n\n\n\n<p>HPM 3200 Hal\u0131 Paketleme Makinesi, geni\u015f yelpazedeki hal\u0131lar\u0131n\u0131z i\u00e7in hem derinlemesine temizlik hem de hassas bir son dokunu\u015f sunan g\u00fc\u00e7l\u00fc ve verimli bir \u00e7\u00f6z\u00fcmd\u00fcr. 3 metreye (3000 mm) kadar hal\u0131 geni\u015fliklerini kolayca i\u015fleyebilen bu makine, farkl\u0131 boyutlardaki hal\u0131larla \u00e7al\u0131\u015fan i\u015fletmeler i\u00e7in \u00e7ok y\u00f6nl\u00fc bir se\u00e7enektir.<\/p>\n\n\n\n<p>HPM 3200&#8217;\u00fcn temelinde, hal\u0131 liflerinde etkili bi\u00e7imde \u00e7al\u0131\u015fan, derinlemesine temizlik ve tutarl\u0131 bak\u0131m sa\u011flayan sa\u011flam bir silindirik f\u0131r\u00e7a sistemi bulunur. Sezgisel Zaman R\u00f6leli i\u015fletim sistemi, makinenin t\u00fcm fonksiyonlar\u0131 \u00fczerinde kolay kontrol imkan\u0131 sunar. \u00dcnite, i\u015f ak\u0131\u015f\u0131n\u0131z\u0131 h\u0131zland\u0131ran Otomatik Geri Hareket ve \u0130leri-Geri Hareket \u00f6zellikleriyle hal\u0131 kullan\u0131m\u0131n\u0131 basitle\u015ftirerek rahatl\u0131k ve verimlilik sa\u011flar.<\/p>\n\n\n\n<p>Entegre Vakum Sistemi ve Toz Toplama Sistemi sayesinde, \u00e7\u0131kan partik\u00fclleri verimli bir \u015fekilde yakalayarak temiz bir \u00e7al\u0131\u015fma ortam\u0131 sa\u011flamak art\u0131k \u00e7ok kolay. Hal\u0131 Alg\u0131lama Sens\u00f6r\u00fc ve kapsaml\u0131 Motor Koruma gibi temel g\u00fcvenlik ve operasyonel \u00f6zellikler standart olarak sunulur. Ayr\u0131ca, Kay\u0131\u015f H\u0131z\u0131 Ayar\u0131, \u00d6n Tekne, mobilite i\u00e7in Tekerlekler ve Otomatik Tekneye Transfer gibi opsiyonel \u00f6zelliklerle i\u015f ak\u0131\u015f\u0131n\u0131z\u0131 daha da ki\u015fiselle\u015ftirebilir; b\u00f6ylece HPM 3200, tesisinizin \u00f6zel ihtiya\u00e7lar\u0131na m\u00fckemmel bir \u015fekilde uyum sa\u011flar.<\/p>\n","protected":false},"excerpt":{"rendered":"<p>HPM 3200 Hal\u0131 Paketleme Makinesi, geni\u015f yelpazedeki hal\u0131lar\u0131n\u0131z i\u00e7in hem derinlemesine temizlik hem de hassas bir son dokunu\u015f sunan g\u00fc\u00e7l\u00fc ve verimli bir \u00e7\u00f6z\u00fcmd\u00fcr. 3&hellip;<\/p>\n","protected":false},"author":1,"featured_media":0,"parent":0,"menu_order":0,"comment_status":"closed","ping_status":"closed","template":"","meta":{"footnotes":""},"class_list":["post-2267","page","type-page","status-publish","hentry"],"translation":{"provider":"WPGlobus","version":"3.0.0","language":"tr","enabled_languages":["en","tr","fr","ar","es","de","pt","ru"],"languages":{"en":{"title":true,"content":true,"excerpt":false},"tr":{"title":true,"content":true,"excerpt":false},"fr":{"title":true,"content":true,"excerpt":false},"ar":{"title":true,"content":true,"excerpt":false},"es":{"title":true,"content":true,"excerpt":false},"de":{"title":true,"content":true,"excerpt":false},"pt":{"title":true,"content":true,"excerpt":false},"ru":{"title":true,"content":true,"excerpt":false}}},"yoast_head":"<!-- This site is optimized with the Yoast SEO plugin v24.7 - https:\/\/yoast.com\/wordpress\/plugins\/seo\/ -->\n<title>Hal\u0131 Paketleme Makinesi - HPM 3200 - Hal\u0131 Paketleme Makinesi<\/title>\n<meta name=\"description\" content=\"HPM 3200: Hal\u0131 paketleme makinesi. 3m geni\u015flik, silindirik f\u0131r\u00e7a, zaman r\u00f6lesi kontrol\u00fc ve entegre vakumla verimli temizlik ve bitirme.\" \/>\n<meta name=\"robots\" content=\"index, follow, max-snippet:-1, max-image-preview:large, max-video-preview:-1\" \/>\n<link rel=\"canonical\" href=\"https:\/\/www.thecarpetwashingmachine.com\/hpm-3200\/\" \/>\n<meta property=\"og:locale\" content=\"tr_TR\" \/>\n<meta property=\"og:type\" content=\"article\" \/>\n<meta property=\"og:title\" content=\"Hal\u0131 Paketleme Makinesi - HPM 3200 - Hal\u0131 Paketleme Makinesi\" \/>\n<meta property=\"og:description\" content=\"HPM 3200: Hal\u0131 paketleme makinesi. 3m geni\u015flik, silindirik f\u0131r\u00e7a, zaman r\u00f6lesi kontrol\u00fc ve entegre vakumla verimli temizlik ve bitirme.\" \/>\n<meta property=\"og:url\" content=\"https:\/\/www.thecarpetwashingmachine.com\/hpm-3200\/\" \/>\n<meta property=\"og:site_name\" content=\"Hal\u0131 Y\u0131kama Makinesi\" \/>\n<meta property=\"article:publisher\" content=\"http:\/\/www.facebook.com\/carpetwashingmachine\" \/>\n<meta property=\"article:modified_time\" content=\"2025-07-28T14:07:44+00:00\" \/>\n<meta property=\"og:image\" content=\"https:\/\/www.thecarpetwashingmachine.com\/wp-content\/uploads\/2025\/06\/hali-paketleme-makinasi-urun.jpg\" \/>\n\t<meta property=\"og:image:width\" content=\"750\" \/>\n\t<meta property=\"og:image:height\" content=\"500\" \/>\n\t<meta property=\"og:image:type\" content=\"image\/jpeg\" \/>\n<meta name=\"twitter:card\" content=\"summary_large_image\" \/>\n<meta name=\"twitter:label1\" content=\"Tahmini okuma s\u00fcresi\" \/>\n\t<meta name=\"twitter:data1\" content=\"1 dakika\" \/>\n<script type=\"application\/ld+json\" class=\"yoast-schema-graph\">{\"@context\":\"https:\/\/schema.org\",\"@graph\":[{\"@type\":\"WebPage\",\"@id\":\"https:\/\/www.thecarpetwashingmachine.com\/hpm-3200\/\",\"url\":\"https:\/\/www.thecarpetwashingmachine.com\/hpm-3200\/\",\"name\":\"Hal\u0131 Paketleme Makinesi - HPM 3200 - Carpet Finishing Machine\",\"isPartOf\":{\"@id\":\"https:\/\/www.thecarpetwashingmachine.com\/#website\"},\"primaryImageOfPage\":{\"@id\":\"https:\/\/www.thecarpetwashingmachine.com\/hpm-3200\/#primaryimage\"},\"image\":{\"@id\":\"https:\/\/www.thecarpetwashingmachine.com\/hpm-3200\/#primaryimage\"},\"thumbnailUrl\":\"https:\/\/www.thecarpetwashingmachine.com\/wp-content\/uploads\/2025\/06\/hali-paketleme-makinasi-urun.jpg\",\"datePublished\":\"2025-07-14T08:55:40+00:00\",\"dateModified\":\"2025-07-28T14:07:44+00:00\",\"description\":\"HPM 3200 Carpet finishing machine : Processes 3m widths with powerful cylindrical brushes, integrated vacuum, and smart automation.\",\"breadcrumb\":{\"@id\":\"https:\/\/www.thecarpetwashingmachine.com\/hpm-3200\/#breadcrumb\"},\"inLanguage\":\"tr\",\"potentialAction\":[{\"@type\":\"ReadAction\",\"target\":[\"https:\/\/www.thecarpetwashingmachine.com\/hpm-3200\/\"]}]},{\"@type\":\"ImageObject\",\"inLanguage\":\"tr\",\"@id\":\"https:\/\/www.thecarpetwashingmachine.com\/hpm-3200\/#primaryimage\",\"url\":\"https:\/\/www.thecarpetwashingmachine.com\/wp-content\/uploads\/2025\/06\/hali-paketleme-makinasi-urun.jpg\",\"contentUrl\":\"https:\/\/www.thecarpetwashingmachine.com\/wp-content\/uploads\/2025\/06\/hali-paketleme-makinasi-urun.jpg\"},{\"@type\":\"BreadcrumbList\",\"@id\":\"https:\/\/www.thecarpetwashingmachine.com\/hpm-3200\/#breadcrumb\",\"itemListElement\":[{\"@type\":\"ListItem\",\"position\":1,\"name\":\"Home\",\"item\":\"https:\/\/www.thecarpetwashingmachine.com\/\"},{\"@type\":\"ListItem\",\"position\":2,\"name\":\"Carpet Finishing Machine &#8211; HPM 3200\"}]},{\"@type\":\"WebSite\",\"@id\":\"https:\/\/www.thecarpetwashingmachine.com\/#website\",\"url\":\"https:\/\/www.thecarpetwashingmachine.com\/\",\"name\":\"Hal\u0131 Y\u0131kama Makinesi\",\"description\":\"Hal\u0131 y\u0131kama makinesi t\u00fcm d\u00fcnyada!\",\"potentialAction\":[{\"@type\":\"SearchAction\",\"target\":{\"@type\":\"EntryPoint\",\"urlTemplate\":\"https:\/\/www.thecarpetwashingmachine.com\/?s={search_term_string}\"},\"query-input\":{\"@type\":\"PropertyValueSpecification\",\"valueRequired\":true,\"valueName\":\"search_term_string\"}}],\"inLanguage\":\"tr\"}]}<\/script>\n<!-- \/ Yoast SEO plugin. -->","yoast_head_json":{"title":"Hal\u0131 Paketleme Makinesi - HPM 3200 - Hal\u0131 Paketleme Makinesi","description":"HPM 3200: Hal\u0131 paketleme makinesi. 3m geni\u015flik, silindirik f\u0131r\u00e7a, zaman r\u00f6lesi kontrol\u00fc ve entegre vakumla verimli temizlik ve bitirme.","robots":{"index":"index","follow":"follow","max-snippet":"max-snippet:-1","max-image-preview":"max-image-preview:large","max-video-preview":"max-video-preview:-1"},"canonical":"https:\/\/www.thecarpetwashingmachine.com\/hpm-3200\/","og_locale":"tr_TR","og_type":"article","og_title":"Hal\u0131 Paketleme Makinesi - HPM 3200 - Hal\u0131 Paketleme Makinesi","og_description":"HPM 3200: Hal\u0131 paketleme makinesi. 3m geni\u015flik, silindirik f\u0131r\u00e7a, zaman r\u00f6lesi kontrol\u00fc ve entegre vakumla verimli temizlik ve bitirme.","og_url":"https:\/\/www.thecarpetwashingmachine.com\/hpm-3200\/","og_site_name":"Hal\u0131 Y\u0131kama Makinesi","article_publisher":"http:\/\/www.facebook.com\/carpetwashingmachine","article_modified_time":"2025-07-28T14:07:44+00:00","og_image":[{"width":750,"height":500,"url":"https:\/\/www.thecarpetwashingmachine.com\/wp-content\/uploads\/2025\/06\/hali-paketleme-makinasi-urun.jpg","type":"image\/jpeg"}],"twitter_card":"summary_large_image","twitter_misc":{"Tahmini okuma s\u00fcresi":"1 dakika"},"schema":{"@context":"https:\/\/schema.org","@graph":[{"@type":"WebPage","@id":"https:\/\/www.thecarpetwashingmachine.com\/hpm-3200\/","url":"https:\/\/www.thecarpetwashingmachine.com\/hpm-3200\/","name":"Hal\u0131 Paketleme Makinesi - HPM 3200 - Carpet Finishing Machine","isPartOf":{"@id":"https:\/\/www.thecarpetwashingmachine.com\/#website"},"primaryImageOfPage":{"@id":"https:\/\/www.thecarpetwashingmachine.com\/hpm-3200\/#primaryimage"},"image":{"@id":"https:\/\/www.thecarpetwashingmachine.com\/hpm-3200\/#primaryimage"},"thumbnailUrl":"https:\/\/www.thecarpetwashingmachine.com\/wp-content\/uploads\/2025\/06\/hali-paketleme-makinasi-urun.jpg","datePublished":"2025-07-14T08:55:40+00:00","dateModified":"2025-07-28T14:07:44+00:00","description":"HPM 3200 Carpet finishing machine : Processes 3m widths with powerful cylindrical brushes, integrated vacuum, and smart automation.","breadcrumb":{"@id":"https:\/\/www.thecarpetwashingmachine.com\/hpm-3200\/#breadcrumb"},"inLanguage":"tr","potentialAction":[{"@type":"ReadAction","target":["https:\/\/www.thecarpetwashingmachine.com\/hpm-3200\/"]}]},{"@type":"ImageObject","inLanguage":"tr","@id":"https:\/\/www.thecarpetwashingmachine.com\/hpm-3200\/#primaryimage","url":"https:\/\/www.thecarpetwashingmachine.com\/wp-content\/uploads\/2025\/06\/hali-paketleme-makinasi-urun.jpg","contentUrl":"https:\/\/www.thecarpetwashingmachine.com\/wp-content\/uploads\/2025\/06\/hali-paketleme-makinasi-urun.jpg"},{"@type":"BreadcrumbList","@id":"https:\/\/www.thecarpetwashingmachine.com\/hpm-3200\/#breadcrumb","itemListElement":[{"@type":"ListItem","position":1,"name":"Home","item":"https:\/\/www.thecarpetwashingmachine.com\/"},{"@type":"ListItem","position":2,"name":"Carpet Finishing Machine &#8211; HPM 3200"}]},{"@type":"WebSite","@id":"https:\/\/www.thecarpetwashingmachine.com\/#website","url":"https:\/\/www.thecarpetwashingmachine.com\/","name":"Hal\u0131 Y\u0131kama Makinesi","description":"Hal\u0131 y\u0131kama makinesi t\u00fcm d\u00fcnyada!","potentialAction":[{"@type":"SearchAction","target":{"@type":"EntryPoint","urlTemplate":"https:\/\/www.thecarpetwashingmachine.com\/?s={search_term_string}"},"query-input":{"@type":"PropertyValueSpecification","valueRequired":true,"valueName":"search_term_string"}}],"inLanguage":"tr"}]}},"_links":{"self":[{"href":"https:\/\/www.thecarpetwashingmachine.com\/tr\/wp-json\/wp\/v2\/pages\/2267","targetHints":{"allow":["GET"]}}],"collection":[{"href":"https:\/\/www.thecarpetwashingmachine.com\/tr\/wp-json\/wp\/v2\/pages"}],"about":[{"href":"https:\/\/www.thecarpetwashingmachine.com\/tr\/wp-json\/wp\/v2\/types\/page"}],"author":[{"embeddable":true,"href":"https:\/\/www.thecarpetwashingmachine.com\/tr\/wp-json\/wp\/v2\/users\/1"}],"replies":[{"embeddable":true,"href":"https:\/\/www.thecarpetwashingmachine.com\/tr\/wp-json\/wp\/v2\/comments?post=2267"}],"version-history":[{"count":13,"href":"https:\/\/www.thecarpetwashingmachine.com\/tr\/wp-json\/wp\/v2\/pages\/2267\/revisions"}],"predecessor-version":[{"id":2512,"href":"https:\/\/www.thecarpetwashingmachine.com\/tr\/wp-json\/wp\/v2\/pages\/2267\/revisions\/2512"}],"wp:attachment":[{"href":"https:\/\/www.thecarpetwashingmachine.com\/tr\/wp-json\/wp\/v2\/media?parent=2267"}],"curies":[{"name":"wp","href":"https:\/\/api.w.org\/{rel}","templated":true}]}}