{"id":2265,"date":"2025-07-14T09:54:59","date_gmt":"2025-07-14T09:54:59","guid":{"rendered":"https:\/\/www.thecarpetwashingmachine.com\/?page_id=2265"},"modified":"2025-07-28T14:05:46","modified_gmt":"2025-07-28T14:05:46","slug":"hpm-2200","status":"publish","type":"page","link":"https:\/\/www.thecarpetwashingmachine.com\/tr\/hpm-2200\/","title":{"rendered":"Hal\u0131 Paketleme Makinesi &#8211; HPM 2200"},"content":{"rendered":"<div class=\"wp-block-image\">\n<figure class=\"aligncenter size-full\"><img loading=\"lazy\" decoding=\"async\" width=\"750\" height=\"500\" src=\"https:\/\/www.thecarpetwashingmachine.com\/wp-content\/uploads\/2025\/06\/hali-paketleme-makinasi-urun.jpg\" alt=\"Hal\u0131 Paketleme makinesi\" class=\"wp-image-1027\" srcset=\"https:\/\/www.thecarpetwashingmachine.com\/wp-content\/uploads\/2025\/06\/hali-paketleme-makinasi-urun.jpg 750w, https:\/\/www.thecarpetwashingmachine.com\/wp-content\/uploads\/2025\/06\/hali-paketleme-makinasi-urun-300x200.jpg 300w\" sizes=\"auto, (max-width: 750px) 100vw, 750px\" \/><\/figure><\/div>\n\n\n<p><\/p>\n\n\n\n<p>HPM 2200 Hal\u0131 Paketleme Makinesi, hal\u0131 bak\u0131m\u0131na titiz ve verimli bir yakla\u015f\u0131m sunar; hem derinlemesine temizlik hem de rafine bir son dokunu\u015f sa\u011flar. Standart hal\u0131lar i\u00e7in m\u00fckemmel boyutta olan bu makine, 2 metreye (2000 mm) kadar geni\u015flikteki hal\u0131lar\u0131 ustal\u0131kla i\u015fler ve her \u00f6l\u00e7ekten i\u015fletme i\u00e7in vazge\u00e7ilmez bir varl\u0131k halindedir.<\/p>\n\n\n\n<p>HPM 2200&#8217;\u00fcn temelinde, optimum elyaf \u00e7alkalama ve bak\u0131m i\u00e7in tasarlanm\u0131\u015f y\u00fcksek performansl\u0131 bir silindirik f\u0131r\u00e7a sistemi bulunur. Kullan\u0131c\u0131 dostu Zaman R\u00f6leli i\u015fletim sistemi, t\u00fcm s\u00fcre\u00e7ler \u00fczerinde g\u00fcvenilir ve basit bir kontrol sa\u011flar. Konforu art\u0131rmak i\u00e7in Otomatik Geri Hareket ve \u0130leri-Geri Hareket gibi \u00f6zellikler dahili olarak sunulur ve makinenin kullan\u0131m\u0131n\u0131 basitle\u015ftirir.<\/p>\n\n\n\n<p>Entegre Vakum Sistemi ve sa\u011flam Toz Toplama Sistemi sayesinde, t\u00fcm kal\u0131nt\u0131lar\u0131 verimli bir \u015fekilde yakalayarak tertemiz bir \u00e7al\u0131\u015fma ortam\u0131 sa\u011flamak sorunsuzdur. Hal\u0131 Alg\u0131lama Sens\u00f6r\u00fc ve kapsaml\u0131 Motor Korumas\u0131 gibi temel operasyonel g\u00fcvenlik ve g\u00fcvenilirlik \u00f6zellikleri standartt\u0131r. HPM 2200&#8217;\u00fcn\u00fcz\u00fc Kay\u0131\u015f H\u0131z\u0131 Ayar\u0131, pratik bir \u00d6n Tekne, kolay hareket i\u00e7in dayan\u0131kl\u0131 Tekerlekler ve Otomatik Tekneye Transfer gibi mevcut opsiyonel \u00f6zelliklerle daha da ki\u015fiselle\u015ftirebilir, b\u00f6ylece onu \u00f6zel temizlik ve bitirme i\u015f ak\u0131\u015f\u0131n\u0131za m\u00fckemmel bir \u015fekilde uyarlayabilirsiniz.<\/p>\n","protected":false},"excerpt":{"rendered":"<p>HPM 2200 Hal\u0131 Paketleme Makinesi, hal\u0131 bak\u0131m\u0131na titiz ve verimli bir yakla\u015f\u0131m sunar; hem derinlemesine temizlik hem de rafine bir son dokunu\u015f sa\u011flar. Standart hal\u0131lar&hellip;<\/p>\n","protected":false},"author":1,"featured_media":0,"parent":0,"menu_order":0,"comment_status":"closed","ping_status":"closed","template":"","meta":{"footnotes":""},"class_list":["post-2265","page","type-page","status-publish","hentry"],"translation":{"provider":"WPGlobus","version":"3.0.0","language":"tr","enabled_languages":["en","tr","fr","ar","es","de","pt","ru"],"languages":{"en":{"title":true,"content":true,"excerpt":false},"tr":{"title":true,"content":true,"excerpt":false},"fr":{"title":true,"content":true,"excerpt":false},"ar":{"title":true,"content":true,"excerpt":false},"es":{"title":true,"content":true,"excerpt":false},"de":{"title":true,"content":true,"excerpt":false},"pt":{"title":true,"content":true,"excerpt":false},"ru":{"title":true,"content":true,"excerpt":false}}},"yoast_head":"<!-- This site is optimized with the Yoast SEO plugin v24.7 - https:\/\/yoast.com\/wordpress\/plugins\/seo\/ -->\n<title>Hal\u0131 Paketleme Makinesi - HPM 2200 - Hal\u0131 Paketleme Makinesi<\/title>\n<meta name=\"description\" content=\"HPM 2200: Hal\u0131 paketleme makinesi. 2m geni\u015flik, silindirik f\u0131r\u00e7a, zaman r\u00f6lesi kontrol\u00fc ve entegre vakumla \u00fcst\u00fcn performans ve temizlik.\" \/>\n<meta name=\"robots\" content=\"index, follow, max-snippet:-1, max-image-preview:large, max-video-preview:-1\" \/>\n<link rel=\"canonical\" href=\"https:\/\/www.thecarpetwashingmachine.com\/hpm-2200\/\" \/>\n<meta property=\"og:locale\" content=\"tr_TR\" \/>\n<meta property=\"og:type\" content=\"article\" \/>\n<meta property=\"og:title\" content=\"Hal\u0131 Paketleme Makinesi - HPM 2200 - Hal\u0131 Paketleme Makinesi\" \/>\n<meta property=\"og:description\" content=\"HPM 2200: Hal\u0131 paketleme makinesi. 2m geni\u015flik, silindirik f\u0131r\u00e7a, zaman r\u00f6lesi kontrol\u00fc ve entegre vakumla \u00fcst\u00fcn performans ve temizlik.\" \/>\n<meta property=\"og:url\" content=\"https:\/\/www.thecarpetwashingmachine.com\/hpm-2200\/\" \/>\n<meta property=\"og:site_name\" content=\"Hal\u0131 Y\u0131kama Makinesi\" \/>\n<meta property=\"article:publisher\" content=\"http:\/\/www.facebook.com\/carpetwashingmachine\" \/>\n<meta property=\"article:modified_time\" content=\"2025-07-28T14:05:46+00:00\" \/>\n<meta property=\"og:image\" content=\"https:\/\/www.thecarpetwashingmachine.com\/wp-content\/uploads\/2025\/06\/hali-paketleme-makinasi-urun.jpg\" \/>\n\t<meta property=\"og:image:width\" content=\"750\" \/>\n\t<meta property=\"og:image:height\" content=\"500\" \/>\n\t<meta property=\"og:image:type\" content=\"image\/jpeg\" \/>\n<meta name=\"twitter:card\" content=\"summary_large_image\" \/>\n<meta name=\"twitter:label1\" content=\"Tahmini okuma s\u00fcresi\" \/>\n\t<meta name=\"twitter:data1\" content=\"1 dakika\" \/>\n<script type=\"application\/ld+json\" class=\"yoast-schema-graph\">{\"@context\":\"https:\/\/schema.org\",\"@graph\":[{\"@type\":\"WebPage\",\"@id\":\"https:\/\/www.thecarpetwashingmachine.com\/hpm-2200\/\",\"url\":\"https:\/\/www.thecarpetwashingmachine.com\/hpm-2200\/\",\"name\":\"Hal\u0131 Paketleme Makinesi - HPM 2200 - Carpet Finishing Machine\",\"isPartOf\":{\"@id\":\"https:\/\/www.thecarpetwashingmachine.com\/#website\"},\"primaryImageOfPage\":{\"@id\":\"https:\/\/www.thecarpetwashingmachine.com\/hpm-2200\/#primaryimage\"},\"image\":{\"@id\":\"https:\/\/www.thecarpetwashingmachine.com\/hpm-2200\/#primaryimage\"},\"thumbnailUrl\":\"https:\/\/www.thecarpetwashingmachine.com\/wp-content\/uploads\/2025\/06\/hali-paketleme-makinasi-urun.jpg\",\"datePublished\":\"2025-07-14T09:54:59+00:00\",\"dateModified\":\"2025-07-28T14:05:46+00:00\",\"description\":\"HPM 2200 Carpet finishing machine : Handles 2m widths with cylindrical brushes, PLC control, built-in vacuum flawless finishes.\",\"breadcrumb\":{\"@id\":\"https:\/\/www.thecarpetwashingmachine.com\/hpm-2200\/#breadcrumb\"},\"inLanguage\":\"tr\",\"potentialAction\":[{\"@type\":\"ReadAction\",\"target\":[\"https:\/\/www.thecarpetwashingmachine.com\/hpm-2200\/\"]}]},{\"@type\":\"ImageObject\",\"inLanguage\":\"tr\",\"@id\":\"https:\/\/www.thecarpetwashingmachine.com\/hpm-2200\/#primaryimage\",\"url\":\"https:\/\/www.thecarpetwashingmachine.com\/wp-content\/uploads\/2025\/06\/hali-paketleme-makinasi-urun.jpg\",\"contentUrl\":\"https:\/\/www.thecarpetwashingmachine.com\/wp-content\/uploads\/2025\/06\/hali-paketleme-makinasi-urun.jpg\"},{\"@type\":\"BreadcrumbList\",\"@id\":\"https:\/\/www.thecarpetwashingmachine.com\/hpm-2200\/#breadcrumb\",\"itemListElement\":[{\"@type\":\"ListItem\",\"position\":1,\"name\":\"Home\",\"item\":\"https:\/\/www.thecarpetwashingmachine.com\/\"},{\"@type\":\"ListItem\",\"position\":2,\"name\":\"Carpet Finishing Machine &#8211; HPM 2200\"}]},{\"@type\":\"WebSite\",\"@id\":\"https:\/\/www.thecarpetwashingmachine.com\/#website\",\"url\":\"https:\/\/www.thecarpetwashingmachine.com\/\",\"name\":\"Hal\u0131 Y\u0131kama Makinesi\",\"description\":\"Hal\u0131 y\u0131kama makinesi t\u00fcm d\u00fcnyada!\",\"potentialAction\":[{\"@type\":\"SearchAction\",\"target\":{\"@type\":\"EntryPoint\",\"urlTemplate\":\"https:\/\/www.thecarpetwashingmachine.com\/?s={search_term_string}\"},\"query-input\":{\"@type\":\"PropertyValueSpecification\",\"valueRequired\":true,\"valueName\":\"search_term_string\"}}],\"inLanguage\":\"tr\"}]}<\/script>\n<!-- \/ Yoast SEO plugin. -->","yoast_head_json":{"title":"Hal\u0131 Paketleme Makinesi - HPM 2200 - Hal\u0131 Paketleme Makinesi","description":"HPM 2200: Hal\u0131 paketleme makinesi. 2m geni\u015flik, silindirik f\u0131r\u00e7a, zaman r\u00f6lesi kontrol\u00fc ve entegre vakumla \u00fcst\u00fcn performans ve temizlik.","robots":{"index":"index","follow":"follow","max-snippet":"max-snippet:-1","max-image-preview":"max-image-preview:large","max-video-preview":"max-video-preview:-1"},"canonical":"https:\/\/www.thecarpetwashingmachine.com\/hpm-2200\/","og_locale":"tr_TR","og_type":"article","og_title":"Hal\u0131 Paketleme Makinesi - HPM 2200 - Hal\u0131 Paketleme Makinesi","og_description":"HPM 2200: Hal\u0131 paketleme makinesi. 2m geni\u015flik, silindirik f\u0131r\u00e7a, zaman r\u00f6lesi kontrol\u00fc ve entegre vakumla \u00fcst\u00fcn performans ve temizlik.","og_url":"https:\/\/www.thecarpetwashingmachine.com\/hpm-2200\/","og_site_name":"Hal\u0131 Y\u0131kama Makinesi","article_publisher":"http:\/\/www.facebook.com\/carpetwashingmachine","article_modified_time":"2025-07-28T14:05:46+00:00","og_image":[{"width":750,"height":500,"url":"https:\/\/www.thecarpetwashingmachine.com\/wp-content\/uploads\/2025\/06\/hali-paketleme-makinasi-urun.jpg","type":"image\/jpeg"}],"twitter_card":"summary_large_image","twitter_misc":{"Tahmini okuma s\u00fcresi":"1 dakika"},"schema":{"@context":"https:\/\/schema.org","@graph":[{"@type":"WebPage","@id":"https:\/\/www.thecarpetwashingmachine.com\/hpm-2200\/","url":"https:\/\/www.thecarpetwashingmachine.com\/hpm-2200\/","name":"Hal\u0131 Paketleme Makinesi - HPM 2200 - Carpet Finishing Machine","isPartOf":{"@id":"https:\/\/www.thecarpetwashingmachine.com\/#website"},"primaryImageOfPage":{"@id":"https:\/\/www.thecarpetwashingmachine.com\/hpm-2200\/#primaryimage"},"image":{"@id":"https:\/\/www.thecarpetwashingmachine.com\/hpm-2200\/#primaryimage"},"thumbnailUrl":"https:\/\/www.thecarpetwashingmachine.com\/wp-content\/uploads\/2025\/06\/hali-paketleme-makinasi-urun.jpg","datePublished":"2025-07-14T09:54:59+00:00","dateModified":"2025-07-28T14:05:46+00:00","description":"HPM 2200 Carpet finishing machine : Handles 2m widths with cylindrical brushes, PLC control, built-in vacuum flawless finishes.","breadcrumb":{"@id":"https:\/\/www.thecarpetwashingmachine.com\/hpm-2200\/#breadcrumb"},"inLanguage":"tr","potentialAction":[{"@type":"ReadAction","target":["https:\/\/www.thecarpetwashingmachine.com\/hpm-2200\/"]}]},{"@type":"ImageObject","inLanguage":"tr","@id":"https:\/\/www.thecarpetwashingmachine.com\/hpm-2200\/#primaryimage","url":"https:\/\/www.thecarpetwashingmachine.com\/wp-content\/uploads\/2025\/06\/hali-paketleme-makinasi-urun.jpg","contentUrl":"https:\/\/www.thecarpetwashingmachine.com\/wp-content\/uploads\/2025\/06\/hali-paketleme-makinasi-urun.jpg"},{"@type":"BreadcrumbList","@id":"https:\/\/www.thecarpetwashingmachine.com\/hpm-2200\/#breadcrumb","itemListElement":[{"@type":"ListItem","position":1,"name":"Home","item":"https:\/\/www.thecarpetwashingmachine.com\/"},{"@type":"ListItem","position":2,"name":"Carpet Finishing Machine &#8211; HPM 2200"}]},{"@type":"WebSite","@id":"https:\/\/www.thecarpetwashingmachine.com\/#website","url":"https:\/\/www.thecarpetwashingmachine.com\/","name":"Hal\u0131 Y\u0131kama Makinesi","description":"Hal\u0131 y\u0131kama makinesi t\u00fcm d\u00fcnyada!","potentialAction":[{"@type":"SearchAction","target":{"@type":"EntryPoint","urlTemplate":"https:\/\/www.thecarpetwashingmachine.com\/?s={search_term_string}"},"query-input":{"@type":"PropertyValueSpecification","valueRequired":true,"valueName":"search_term_string"}}],"inLanguage":"tr"}]}},"_links":{"self":[{"href":"https:\/\/www.thecarpetwashingmachine.com\/tr\/wp-json\/wp\/v2\/pages\/2265","targetHints":{"allow":["GET"]}}],"collection":[{"href":"https:\/\/www.thecarpetwashingmachine.com\/tr\/wp-json\/wp\/v2\/pages"}],"about":[{"href":"https:\/\/www.thecarpetwashingmachine.com\/tr\/wp-json\/wp\/v2\/types\/page"}],"author":[{"embeddable":true,"href":"https:\/\/www.thecarpetwashingmachine.com\/tr\/wp-json\/wp\/v2\/users\/1"}],"replies":[{"embeddable":true,"href":"https:\/\/www.thecarpetwashingmachine.com\/tr\/wp-json\/wp\/v2\/comments?post=2265"}],"version-history":[{"count":12,"href":"https:\/\/www.thecarpetwashingmachine.com\/tr\/wp-json\/wp\/v2\/pages\/2265\/revisions"}],"predecessor-version":[{"id":2511,"href":"https:\/\/www.thecarpetwashingmachine.com\/tr\/wp-json\/wp\/v2\/pages\/2265\/revisions\/2511"}],"wp:attachment":[{"href":"https:\/\/www.thecarpetwashingmachine.com\/tr\/wp-json\/wp\/v2\/media?parent=2265"}],"curies":[{"name":"wp","href":"https:\/\/api.w.org\/{rel}","templated":true}]}}