{"id":2263,"date":"2025-07-14T07:51:05","date_gmt":"2025-07-14T07:51:05","guid":{"rendered":"https:\/\/www.thecarpetwashingmachine.com\/?page_id=2263"},"modified":"2025-07-28T14:13:09","modified_gmt":"2025-07-28T14:13:09","slug":"htm-4200","status":"publish","type":"page","link":"https:\/\/www.thecarpetwashingmachine.com\/tr\/htm-4200\/","title":{"rendered":"Hal\u0131 Toz Alma Makinesi &#8211; HTM 4200"},"content":{"rendered":"<div class=\"wp-block-image\">\n<figure class=\"aligncenter size-full\"><img loading=\"lazy\" decoding=\"async\" width=\"750\" height=\"500\" src=\"https:\/\/www.thecarpetwashingmachine.com\/wp-content\/uploads\/2025\/02\/hali-toz-alma-makinasi-urun.jpg\" alt=\"Hal\u0131 toz alma makinesi\" class=\"wp-image-395\" srcset=\"https:\/\/www.thecarpetwashingmachine.com\/wp-content\/uploads\/2025\/02\/hali-toz-alma-makinasi-urun.jpg 750w, https:\/\/www.thecarpetwashingmachine.com\/wp-content\/uploads\/2025\/02\/hali-toz-alma-makinasi-urun-300x200.jpg 300w\" sizes=\"auto, (max-width: 750px) 100vw, 750px\" \/><\/figure><\/div>\n\n\n<p><\/p>\n\n\n\n<p>HTM 4200 Hal\u0131 Toz Alma Makinesi ile hal\u0131 temizli\u011finizi bir \u00fcst seviyeye ta\u015f\u0131y\u0131n. Y\u00fcksek performansl\u0131 bu \u00fcnite, en b\u00fcy\u00fck hal\u0131lar\u0131 bile i\u015flemek \u00fczere \u00f6zel olarak tasarlanm\u0131\u015ft\u0131r ve 4200 mm&#8217;ye kadar hal\u0131 geni\u015fliklerini kolayca kald\u0131r\u0131r. Sa\u011flam yap\u0131s\u0131, s\u00fcrekli ve yo\u011fun kullan\u0131mda g\u00fcvenilirli\u011fi garanti eder.<\/p>\n\n\n\n<p>Makinenin kalbinde, hal\u0131 liflerinin derinliklerine yerle\u015fmi\u015f kir, toz ve d\u00f6k\u00fcnt\u00fcleri yo\u011fun bir \u015fekilde gev\u015fetmek ve \u00e7\u0131karmak i\u00e7in g\u00fc\u00e7l\u00fc bir 3+3=6 silindirli \u00e7\u0131rpma sistemi bulunur. Hal\u0131n\u0131n otomatik olarak ilk y\u00fckleme pozisyonuna d\u00f6nme yetene\u011fi sayesinde i\u015flem ola\u011fan\u00fcst\u00fc derecede p\u00fcr\u00fczs\u00fczd\u00fcr ve tek ki\u015finin verimli kullan\u0131m\u0131na olanak tan\u0131r. Benzersiz bir temizlik seviyesi i\u00e7in, g\u00fc\u00e7l\u00fc bir vakum sistemi opsiyonel bir eklenti olarak mevcuttur.<\/p>\n","protected":false},"excerpt":{"rendered":"<p>HTM 4200 Hal\u0131 Toz Alma Makinesi ile hal\u0131 temizli\u011finizi bir \u00fcst seviyeye ta\u015f\u0131y\u0131n. Y\u00fcksek performansl\u0131 bu \u00fcnite, en b\u00fcy\u00fck hal\u0131lar\u0131 bile i\u015flemek \u00fczere \u00f6zel olarak&hellip;<\/p>\n","protected":false},"author":1,"featured_media":0,"parent":0,"menu_order":0,"comment_status":"closed","ping_status":"closed","template":"","meta":{"footnotes":""},"class_list":["post-2263","page","type-page","status-publish","hentry"],"translation":{"provider":"WPGlobus","version":"3.0.0","language":"tr","enabled_languages":["en","tr","fr","ar","es","de","pt","ru"],"languages":{"en":{"title":true,"content":true,"excerpt":false},"tr":{"title":true,"content":true,"excerpt":false},"fr":{"title":true,"content":true,"excerpt":false},"ar":{"title":true,"content":true,"excerpt":false},"es":{"title":true,"content":true,"excerpt":false},"de":{"title":true,"content":true,"excerpt":false},"pt":{"title":true,"content":true,"excerpt":false},"ru":{"title":true,"content":true,"excerpt":false}}},"yoast_head":"<!-- This site is optimized with the Yoast SEO plugin v24.7 - https:\/\/yoast.com\/wordpress\/plugins\/seo\/ -->\n<title>Hal\u0131 Toz Alma Makinesi - HTM 4200 - Hal\u0131 Toz Alma Makinesi<\/title>\n<meta name=\"description\" content=\"HTM 4200: En b\u00fcy\u00fck hal\u0131lar i\u00e7in toz alma makinesi. 4200mm geni\u015flik, 6 silindirli sistem ve opsiyonel vakumla \u00fcst\u00fcn temizlik sunar.\" \/>\n<meta name=\"robots\" content=\"index, follow, max-snippet:-1, max-image-preview:large, max-video-preview:-1\" \/>\n<link rel=\"canonical\" href=\"https:\/\/www.thecarpetwashingmachine.com\/htm-4200\/\" \/>\n<meta property=\"og:locale\" content=\"tr_TR\" \/>\n<meta property=\"og:type\" content=\"article\" \/>\n<meta property=\"og:title\" content=\"Hal\u0131 Toz Alma Makinesi - HTM 4200 - Hal\u0131 Toz Alma Makinesi\" \/>\n<meta property=\"og:description\" content=\"HTM 4200: En b\u00fcy\u00fck hal\u0131lar i\u00e7in toz alma makinesi. 4200mm geni\u015flik, 6 silindirli sistem ve opsiyonel vakumla \u00fcst\u00fcn temizlik sunar.\" \/>\n<meta property=\"og:url\" content=\"https:\/\/www.thecarpetwashingmachine.com\/htm-4200\/\" \/>\n<meta property=\"og:site_name\" content=\"Hal\u0131 Y\u0131kama Makinesi\" \/>\n<meta property=\"article:publisher\" content=\"http:\/\/www.facebook.com\/carpetwashingmachine\" \/>\n<meta property=\"article:modified_time\" content=\"2025-07-28T14:13:09+00:00\" \/>\n<meta property=\"og:image\" content=\"https:\/\/www.thecarpetwashingmachine.com\/wp-content\/uploads\/2025\/02\/hali-toz-alma-makinasi-urun.jpg\" \/>\n\t<meta property=\"og:image:width\" content=\"750\" \/>\n\t<meta property=\"og:image:height\" content=\"500\" \/>\n\t<meta property=\"og:image:type\" content=\"image\/jpeg\" \/>\n<meta name=\"twitter:card\" content=\"summary_large_image\" \/>\n<meta name=\"twitter:label1\" content=\"Tahmini okuma s\u00fcresi\" \/>\n\t<meta name=\"twitter:data1\" content=\"1 dakika\" \/>\n<script type=\"application\/ld+json\" class=\"yoast-schema-graph\">{\"@context\":\"https:\/\/schema.org\",\"@graph\":[{\"@type\":\"WebPage\",\"@id\":\"https:\/\/www.thecarpetwashingmachine.com\/htm-4200\/\",\"url\":\"https:\/\/www.thecarpetwashingmachine.com\/htm-4200\/\",\"name\":\"Hal\u0131 Toz Alma Makinesi - HTM 4200 - Carpet Dusting Machine\",\"isPartOf\":{\"@id\":\"https:\/\/www.thecarpetwashingmachine.com\/#website\"},\"primaryImageOfPage\":{\"@id\":\"https:\/\/www.thecarpetwashingmachine.com\/htm-4200\/#primaryimage\"},\"image\":{\"@id\":\"https:\/\/www.thecarpetwashingmachine.com\/htm-4200\/#primaryimage\"},\"thumbnailUrl\":\"https:\/\/www.thecarpetwashingmachine.com\/wp-content\/uploads\/2025\/02\/hali-toz-alma-makinasi-urun.jpg\",\"datePublished\":\"2025-07-14T07:51:05+00:00\",\"dateModified\":\"2025-07-28T14:13:09+00:00\",\"description\":\"HTM 4200: Heavy-duty carpet dusting machine. Features 4200mm width, 6-cylinder beating, and optional vacuum for ultimate dust removal.\",\"breadcrumb\":{\"@id\":\"https:\/\/www.thecarpetwashingmachine.com\/htm-4200\/#breadcrumb\"},\"inLanguage\":\"tr\",\"potentialAction\":[{\"@type\":\"ReadAction\",\"target\":[\"https:\/\/www.thecarpetwashingmachine.com\/htm-4200\/\"]}]},{\"@type\":\"ImageObject\",\"inLanguage\":\"tr\",\"@id\":\"https:\/\/www.thecarpetwashingmachine.com\/htm-4200\/#primaryimage\",\"url\":\"https:\/\/www.thecarpetwashingmachine.com\/wp-content\/uploads\/2025\/02\/hali-toz-alma-makinasi-urun.jpg\",\"contentUrl\":\"https:\/\/www.thecarpetwashingmachine.com\/wp-content\/uploads\/2025\/02\/hali-toz-alma-makinasi-urun.jpg\"},{\"@type\":\"BreadcrumbList\",\"@id\":\"https:\/\/www.thecarpetwashingmachine.com\/htm-4200\/#breadcrumb\",\"itemListElement\":[{\"@type\":\"ListItem\",\"position\":1,\"name\":\"Home\",\"item\":\"https:\/\/www.thecarpetwashingmachine.com\/\"},{\"@type\":\"ListItem\",\"position\":2,\"name\":\"Carpet Dusting Machine &#8211; HTM 4200\"}]},{\"@type\":\"WebSite\",\"@id\":\"https:\/\/www.thecarpetwashingmachine.com\/#website\",\"url\":\"https:\/\/www.thecarpetwashingmachine.com\/\",\"name\":\"Hal\u0131 Y\u0131kama Makinesi\",\"description\":\"Hal\u0131 y\u0131kama makinesi t\u00fcm d\u00fcnyada!\",\"potentialAction\":[{\"@type\":\"SearchAction\",\"target\":{\"@type\":\"EntryPoint\",\"urlTemplate\":\"https:\/\/www.thecarpetwashingmachine.com\/?s={search_term_string}\"},\"query-input\":{\"@type\":\"PropertyValueSpecification\",\"valueRequired\":true,\"valueName\":\"search_term_string\"}}],\"inLanguage\":\"tr\"}]}<\/script>\n<!-- \/ Yoast SEO plugin. -->","yoast_head_json":{"title":"Hal\u0131 Toz Alma Makinesi - HTM 4200 - Hal\u0131 Toz Alma Makinesi","description":"HTM 4200: En b\u00fcy\u00fck hal\u0131lar i\u00e7in toz alma makinesi. 4200mm geni\u015flik, 6 silindirli sistem ve opsiyonel vakumla \u00fcst\u00fcn temizlik sunar.","robots":{"index":"index","follow":"follow","max-snippet":"max-snippet:-1","max-image-preview":"max-image-preview:large","max-video-preview":"max-video-preview:-1"},"canonical":"https:\/\/www.thecarpetwashingmachine.com\/htm-4200\/","og_locale":"tr_TR","og_type":"article","og_title":"Hal\u0131 Toz Alma Makinesi - HTM 4200 - Hal\u0131 Toz Alma Makinesi","og_description":"HTM 4200: En b\u00fcy\u00fck hal\u0131lar i\u00e7in toz alma makinesi. 4200mm geni\u015flik, 6 silindirli sistem ve opsiyonel vakumla \u00fcst\u00fcn temizlik sunar.","og_url":"https:\/\/www.thecarpetwashingmachine.com\/htm-4200\/","og_site_name":"Hal\u0131 Y\u0131kama Makinesi","article_publisher":"http:\/\/www.facebook.com\/carpetwashingmachine","article_modified_time":"2025-07-28T14:13:09+00:00","og_image":[{"width":750,"height":500,"url":"https:\/\/www.thecarpetwashingmachine.com\/wp-content\/uploads\/2025\/02\/hali-toz-alma-makinasi-urun.jpg","type":"image\/jpeg"}],"twitter_card":"summary_large_image","twitter_misc":{"Tahmini okuma s\u00fcresi":"1 dakika"},"schema":{"@context":"https:\/\/schema.org","@graph":[{"@type":"WebPage","@id":"https:\/\/www.thecarpetwashingmachine.com\/htm-4200\/","url":"https:\/\/www.thecarpetwashingmachine.com\/htm-4200\/","name":"Hal\u0131 Toz Alma Makinesi - HTM 4200 - Carpet Dusting Machine","isPartOf":{"@id":"https:\/\/www.thecarpetwashingmachine.com\/#website"},"primaryImageOfPage":{"@id":"https:\/\/www.thecarpetwashingmachine.com\/htm-4200\/#primaryimage"},"image":{"@id":"https:\/\/www.thecarpetwashingmachine.com\/htm-4200\/#primaryimage"},"thumbnailUrl":"https:\/\/www.thecarpetwashingmachine.com\/wp-content\/uploads\/2025\/02\/hali-toz-alma-makinasi-urun.jpg","datePublished":"2025-07-14T07:51:05+00:00","dateModified":"2025-07-28T14:13:09+00:00","description":"HTM 4200: Heavy-duty carpet dusting machine. Features 4200mm width, 6-cylinder beating, and optional vacuum for ultimate dust removal.","breadcrumb":{"@id":"https:\/\/www.thecarpetwashingmachine.com\/htm-4200\/#breadcrumb"},"inLanguage":"tr","potentialAction":[{"@type":"ReadAction","target":["https:\/\/www.thecarpetwashingmachine.com\/htm-4200\/"]}]},{"@type":"ImageObject","inLanguage":"tr","@id":"https:\/\/www.thecarpetwashingmachine.com\/htm-4200\/#primaryimage","url":"https:\/\/www.thecarpetwashingmachine.com\/wp-content\/uploads\/2025\/02\/hali-toz-alma-makinasi-urun.jpg","contentUrl":"https:\/\/www.thecarpetwashingmachine.com\/wp-content\/uploads\/2025\/02\/hali-toz-alma-makinasi-urun.jpg"},{"@type":"BreadcrumbList","@id":"https:\/\/www.thecarpetwashingmachine.com\/htm-4200\/#breadcrumb","itemListElement":[{"@type":"ListItem","position":1,"name":"Home","item":"https:\/\/www.thecarpetwashingmachine.com\/"},{"@type":"ListItem","position":2,"name":"Carpet Dusting Machine &#8211; HTM 4200"}]},{"@type":"WebSite","@id":"https:\/\/www.thecarpetwashingmachine.com\/#website","url":"https:\/\/www.thecarpetwashingmachine.com\/","name":"Hal\u0131 Y\u0131kama Makinesi","description":"Hal\u0131 y\u0131kama makinesi t\u00fcm d\u00fcnyada!","potentialAction":[{"@type":"SearchAction","target":{"@type":"EntryPoint","urlTemplate":"https:\/\/www.thecarpetwashingmachine.com\/?s={search_term_string}"},"query-input":{"@type":"PropertyValueSpecification","valueRequired":true,"valueName":"search_term_string"}}],"inLanguage":"tr"}]}},"_links":{"self":[{"href":"https:\/\/www.thecarpetwashingmachine.com\/tr\/wp-json\/wp\/v2\/pages\/2263","targetHints":{"allow":["GET"]}}],"collection":[{"href":"https:\/\/www.thecarpetwashingmachine.com\/tr\/wp-json\/wp\/v2\/pages"}],"about":[{"href":"https:\/\/www.thecarpetwashingmachine.com\/tr\/wp-json\/wp\/v2\/types\/page"}],"author":[{"embeddable":true,"href":"https:\/\/www.thecarpetwashingmachine.com\/tr\/wp-json\/wp\/v2\/users\/1"}],"replies":[{"embeddable":true,"href":"https:\/\/www.thecarpetwashingmachine.com\/tr\/wp-json\/wp\/v2\/comments?post=2263"}],"version-history":[{"count":19,"href":"https:\/\/www.thecarpetwashingmachine.com\/tr\/wp-json\/wp\/v2\/pages\/2263\/revisions"}],"predecessor-version":[{"id":2516,"href":"https:\/\/www.thecarpetwashingmachine.com\/tr\/wp-json\/wp\/v2\/pages\/2263\/revisions\/2516"}],"wp:attachment":[{"href":"https:\/\/www.thecarpetwashingmachine.com\/tr\/wp-json\/wp\/v2\/media?parent=2263"}],"curies":[{"name":"wp","href":"https:\/\/api.w.org\/{rel}","templated":true}]}}