{"id":2261,"date":"2025-07-14T07:21:46","date_gmt":"2025-07-14T07:21:46","guid":{"rendered":"https:\/\/www.thecarpetwashingmachine.com\/?page_id=2261"},"modified":"2025-07-28T14:11:58","modified_gmt":"2025-07-28T14:11:58","slug":"htm-3200","status":"publish","type":"page","link":"https:\/\/www.thecarpetwashingmachine.com\/tr\/htm-3200\/","title":{"rendered":"Hal\u0131 Toz Alma Makinesi &#8211; HTM 3200"},"content":{"rendered":"<div class=\"wp-block-image\">\n<figure class=\"aligncenter size-full\"><img loading=\"lazy\" decoding=\"async\" width=\"750\" height=\"500\" src=\"https:\/\/www.thecarpetwashingmachine.com\/wp-content\/uploads\/2025\/02\/hali-toz-alma-makinasi-urun.jpg\" alt=\"Hal\u0131 toz alma makinesi\" class=\"wp-image-395\" srcset=\"https:\/\/www.thecarpetwashingmachine.com\/wp-content\/uploads\/2025\/02\/hali-toz-alma-makinasi-urun.jpg 750w, https:\/\/www.thecarpetwashingmachine.com\/wp-content\/uploads\/2025\/02\/hali-toz-alma-makinasi-urun-300x200.jpg 300w\" sizes=\"auto, (max-width: 750px) 100vw, 750px\" \/><\/figure><\/div>\n\n\n<p><\/p>\n\n\n\n<p>HTM 3200 Hal\u0131 Toz Alma Makinesi ile hal\u0131lar\u0131n\u0131zda ola\u011fan\u00fcst\u00fc bir toz alma performans\u0131 elde edin. End\u00fcstriyel kullan\u0131m i\u00e7in tasarlanan bu g\u00fc\u00e7l\u00fc \u00fcnite, 3200 mm&#8217;ye kadar hal\u0131 geni\u015fliklerini kolayca i\u015fleyerek en b\u00fcy\u00fck hal\u0131lar da dahil olmak \u00fczere \u00e7e\u015fitli boyutlarda \u00e7ok y\u00f6nl\u00fc temizlik sunar.<\/p>\n\n\n\n<p>Makinede, hal\u0131 liflerinin derinliklerine yerle\u015fmi\u015f kir ve tozlar\u0131 yo\u011fun bir \u015fekilde \u00e7\u0131karmak i\u00e7in tasarlanm\u0131\u015f zorlu 3+3=6 silindirli \u00e7\u0131rpma sistemi bulunur. \u0130\u015fleminizi kolayla\u015ft\u0131ran bir \u00f6zellik olarak, hal\u0131 i\u015flem sonras\u0131 ilk besleme konumuna sorunsuz bir \u015fekilde geri d\u00f6ner, bu da tek ki\u015filik verimli bir kullan\u0131m sa\u011flar. \u00dcst\u00fcn bir temizlik performans\u0131 i\u00e7in, dahili bir vakum sistemi opsiyonel bir y\u00fckseltme olarak mevcuttur.<\/p>\n","protected":false},"excerpt":{"rendered":"<p>HTM 3200 Hal\u0131 Toz Alma Makinesi ile hal\u0131lar\u0131n\u0131zda ola\u011fan\u00fcst\u00fc bir toz alma performans\u0131 elde edin. End\u00fcstriyel kullan\u0131m i\u00e7in tasarlanan bu g\u00fc\u00e7l\u00fc \u00fcnite, 3200 mm&#8217;ye kadar&hellip;<\/p>\n","protected":false},"author":1,"featured_media":0,"parent":0,"menu_order":0,"comment_status":"closed","ping_status":"closed","template":"","meta":{"footnotes":""},"class_list":["post-2261","page","type-page","status-publish","hentry"],"translation":{"provider":"WPGlobus","version":"3.0.0","language":"tr","enabled_languages":["en","tr","fr","ar","es","de","pt","ru"],"languages":{"en":{"title":true,"content":true,"excerpt":false},"tr":{"title":true,"content":true,"excerpt":false},"fr":{"title":true,"content":true,"excerpt":false},"ar":{"title":true,"content":true,"excerpt":false},"es":{"title":true,"content":true,"excerpt":false},"de":{"title":true,"content":true,"excerpt":false},"pt":{"title":true,"content":true,"excerpt":false},"ru":{"title":true,"content":true,"excerpt":false}}},"yoast_head":"<!-- This site is optimized with the Yoast SEO plugin v24.7 - https:\/\/yoast.com\/wordpress\/plugins\/seo\/ -->\n<title>Hal\u0131 Toz Alma Makinesi - HTM 3200 - Hal\u0131 Toz Alma Makinesi<\/title>\n<meta name=\"description\" content=\"HTM 3200: Hal\u0131 toz alma makinesi. 3200mm geni\u015flik, 6 silindirli \u00e7\u0131rpma sistemi ve opsiyonel vakumla \u00fcst\u00fcn toz giderme.\" \/>\n<meta name=\"robots\" content=\"index, follow, max-snippet:-1, max-image-preview:large, max-video-preview:-1\" \/>\n<link rel=\"canonical\" href=\"https:\/\/www.thecarpetwashingmachine.com\/htm-3200\/\" \/>\n<meta property=\"og:locale\" content=\"tr_TR\" \/>\n<meta property=\"og:type\" content=\"article\" \/>\n<meta property=\"og:title\" content=\"Hal\u0131 Toz Alma Makinesi - HTM 3200 - Hal\u0131 Toz Alma Makinesi\" \/>\n<meta property=\"og:description\" content=\"HTM 3200: Hal\u0131 toz alma makinesi. 3200mm geni\u015flik, 6 silindirli \u00e7\u0131rpma sistemi ve opsiyonel vakumla \u00fcst\u00fcn toz giderme.\" \/>\n<meta property=\"og:url\" content=\"https:\/\/www.thecarpetwashingmachine.com\/htm-3200\/\" \/>\n<meta property=\"og:site_name\" content=\"Hal\u0131 Y\u0131kama Makinesi\" \/>\n<meta property=\"article:publisher\" content=\"http:\/\/www.facebook.com\/carpetwashingmachine\" \/>\n<meta property=\"article:modified_time\" content=\"2025-07-28T14:11:58+00:00\" \/>\n<meta property=\"og:image\" content=\"https:\/\/www.thecarpetwashingmachine.com\/wp-content\/uploads\/2025\/02\/hali-toz-alma-makinasi-urun.jpg\" \/>\n\t<meta property=\"og:image:width\" content=\"750\" \/>\n\t<meta property=\"og:image:height\" content=\"500\" \/>\n\t<meta property=\"og:image:type\" content=\"image\/jpeg\" \/>\n<meta name=\"twitter:card\" content=\"summary_large_image\" \/>\n<meta name=\"twitter:label1\" content=\"Tahmini okuma s\u00fcresi\" \/>\n\t<meta name=\"twitter:data1\" content=\"1 dakika\" \/>\n<script type=\"application\/ld+json\" class=\"yoast-schema-graph\">{\"@context\":\"https:\/\/schema.org\",\"@graph\":[{\"@type\":\"WebPage\",\"@id\":\"https:\/\/www.thecarpetwashingmachine.com\/htm-3200\/\",\"url\":\"https:\/\/www.thecarpetwashingmachine.com\/htm-3200\/\",\"name\":\"Hal\u0131 Toz Alma Makinesi - HTM 3200 - Carpet Dusting Machine\",\"isPartOf\":{\"@id\":\"https:\/\/www.thecarpetwashingmachine.com\/#website\"},\"primaryImageOfPage\":{\"@id\":\"https:\/\/www.thecarpetwashingmachine.com\/htm-3200\/#primaryimage\"},\"image\":{\"@id\":\"https:\/\/www.thecarpetwashingmachine.com\/htm-3200\/#primaryimage\"},\"thumbnailUrl\":\"https:\/\/www.thecarpetwashingmachine.com\/wp-content\/uploads\/2025\/02\/hali-toz-alma-makinasi-urun.jpg\",\"datePublished\":\"2025-07-14T07:21:46+00:00\",\"dateModified\":\"2025-07-28T14:11:58+00:00\",\"description\":\"HTM 3200: Robust carpet dusting machine. Features 3200mm width, 6-cylinder beating, and optional vacuum for superior dust removal.\",\"breadcrumb\":{\"@id\":\"https:\/\/www.thecarpetwashingmachine.com\/htm-3200\/#breadcrumb\"},\"inLanguage\":\"tr\",\"potentialAction\":[{\"@type\":\"ReadAction\",\"target\":[\"https:\/\/www.thecarpetwashingmachine.com\/htm-3200\/\"]}]},{\"@type\":\"ImageObject\",\"inLanguage\":\"tr\",\"@id\":\"https:\/\/www.thecarpetwashingmachine.com\/htm-3200\/#primaryimage\",\"url\":\"https:\/\/www.thecarpetwashingmachine.com\/wp-content\/uploads\/2025\/02\/hali-toz-alma-makinasi-urun.jpg\",\"contentUrl\":\"https:\/\/www.thecarpetwashingmachine.com\/wp-content\/uploads\/2025\/02\/hali-toz-alma-makinasi-urun.jpg\"},{\"@type\":\"BreadcrumbList\",\"@id\":\"https:\/\/www.thecarpetwashingmachine.com\/htm-3200\/#breadcrumb\",\"itemListElement\":[{\"@type\":\"ListItem\",\"position\":1,\"name\":\"Home\",\"item\":\"https:\/\/www.thecarpetwashingmachine.com\/\"},{\"@type\":\"ListItem\",\"position\":2,\"name\":\"Carpet Dusting Machine &#8211; HTM 3200\"}]},{\"@type\":\"WebSite\",\"@id\":\"https:\/\/www.thecarpetwashingmachine.com\/#website\",\"url\":\"https:\/\/www.thecarpetwashingmachine.com\/\",\"name\":\"Hal\u0131 Y\u0131kama Makinesi\",\"description\":\"Hal\u0131 y\u0131kama makinesi t\u00fcm d\u00fcnyada!\",\"potentialAction\":[{\"@type\":\"SearchAction\",\"target\":{\"@type\":\"EntryPoint\",\"urlTemplate\":\"https:\/\/www.thecarpetwashingmachine.com\/?s={search_term_string}\"},\"query-input\":{\"@type\":\"PropertyValueSpecification\",\"valueRequired\":true,\"valueName\":\"search_term_string\"}}],\"inLanguage\":\"tr\"}]}<\/script>\n<!-- \/ Yoast SEO plugin. -->","yoast_head_json":{"title":"Hal\u0131 Toz Alma Makinesi - HTM 3200 - Hal\u0131 Toz Alma Makinesi","description":"HTM 3200: Hal\u0131 toz alma makinesi. 3200mm geni\u015flik, 6 silindirli \u00e7\u0131rpma sistemi ve opsiyonel vakumla \u00fcst\u00fcn toz giderme.","robots":{"index":"index","follow":"follow","max-snippet":"max-snippet:-1","max-image-preview":"max-image-preview:large","max-video-preview":"max-video-preview:-1"},"canonical":"https:\/\/www.thecarpetwashingmachine.com\/htm-3200\/","og_locale":"tr_TR","og_type":"article","og_title":"Hal\u0131 Toz Alma Makinesi - HTM 3200 - Hal\u0131 Toz Alma Makinesi","og_description":"HTM 3200: Hal\u0131 toz alma makinesi. 3200mm geni\u015flik, 6 silindirli \u00e7\u0131rpma sistemi ve opsiyonel vakumla \u00fcst\u00fcn toz giderme.","og_url":"https:\/\/www.thecarpetwashingmachine.com\/htm-3200\/","og_site_name":"Hal\u0131 Y\u0131kama Makinesi","article_publisher":"http:\/\/www.facebook.com\/carpetwashingmachine","article_modified_time":"2025-07-28T14:11:58+00:00","og_image":[{"width":750,"height":500,"url":"https:\/\/www.thecarpetwashingmachine.com\/wp-content\/uploads\/2025\/02\/hali-toz-alma-makinasi-urun.jpg","type":"image\/jpeg"}],"twitter_card":"summary_large_image","twitter_misc":{"Tahmini okuma s\u00fcresi":"1 dakika"},"schema":{"@context":"https:\/\/schema.org","@graph":[{"@type":"WebPage","@id":"https:\/\/www.thecarpetwashingmachine.com\/htm-3200\/","url":"https:\/\/www.thecarpetwashingmachine.com\/htm-3200\/","name":"Hal\u0131 Toz Alma Makinesi - HTM 3200 - Carpet Dusting Machine","isPartOf":{"@id":"https:\/\/www.thecarpetwashingmachine.com\/#website"},"primaryImageOfPage":{"@id":"https:\/\/www.thecarpetwashingmachine.com\/htm-3200\/#primaryimage"},"image":{"@id":"https:\/\/www.thecarpetwashingmachine.com\/htm-3200\/#primaryimage"},"thumbnailUrl":"https:\/\/www.thecarpetwashingmachine.com\/wp-content\/uploads\/2025\/02\/hali-toz-alma-makinasi-urun.jpg","datePublished":"2025-07-14T07:21:46+00:00","dateModified":"2025-07-28T14:11:58+00:00","description":"HTM 3200: Robust carpet dusting machine. Features 3200mm width, 6-cylinder beating, and optional vacuum for superior dust removal.","breadcrumb":{"@id":"https:\/\/www.thecarpetwashingmachine.com\/htm-3200\/#breadcrumb"},"inLanguage":"tr","potentialAction":[{"@type":"ReadAction","target":["https:\/\/www.thecarpetwashingmachine.com\/htm-3200\/"]}]},{"@type":"ImageObject","inLanguage":"tr","@id":"https:\/\/www.thecarpetwashingmachine.com\/htm-3200\/#primaryimage","url":"https:\/\/www.thecarpetwashingmachine.com\/wp-content\/uploads\/2025\/02\/hali-toz-alma-makinasi-urun.jpg","contentUrl":"https:\/\/www.thecarpetwashingmachine.com\/wp-content\/uploads\/2025\/02\/hali-toz-alma-makinasi-urun.jpg"},{"@type":"BreadcrumbList","@id":"https:\/\/www.thecarpetwashingmachine.com\/htm-3200\/#breadcrumb","itemListElement":[{"@type":"ListItem","position":1,"name":"Home","item":"https:\/\/www.thecarpetwashingmachine.com\/"},{"@type":"ListItem","position":2,"name":"Carpet Dusting Machine &#8211; HTM 3200"}]},{"@type":"WebSite","@id":"https:\/\/www.thecarpetwashingmachine.com\/#website","url":"https:\/\/www.thecarpetwashingmachine.com\/","name":"Hal\u0131 Y\u0131kama Makinesi","description":"Hal\u0131 y\u0131kama makinesi t\u00fcm d\u00fcnyada!","potentialAction":[{"@type":"SearchAction","target":{"@type":"EntryPoint","urlTemplate":"https:\/\/www.thecarpetwashingmachine.com\/?s={search_term_string}"},"query-input":{"@type":"PropertyValueSpecification","valueRequired":true,"valueName":"search_term_string"}}],"inLanguage":"tr"}]}},"_links":{"self":[{"href":"https:\/\/www.thecarpetwashingmachine.com\/tr\/wp-json\/wp\/v2\/pages\/2261","targetHints":{"allow":["GET"]}}],"collection":[{"href":"https:\/\/www.thecarpetwashingmachine.com\/tr\/wp-json\/wp\/v2\/pages"}],"about":[{"href":"https:\/\/www.thecarpetwashingmachine.com\/tr\/wp-json\/wp\/v2\/types\/page"}],"author":[{"embeddable":true,"href":"https:\/\/www.thecarpetwashingmachine.com\/tr\/wp-json\/wp\/v2\/users\/1"}],"replies":[{"embeddable":true,"href":"https:\/\/www.thecarpetwashingmachine.com\/tr\/wp-json\/wp\/v2\/comments?post=2261"}],"version-history":[{"count":18,"href":"https:\/\/www.thecarpetwashingmachine.com\/tr\/wp-json\/wp\/v2\/pages\/2261\/revisions"}],"predecessor-version":[{"id":2515,"href":"https:\/\/www.thecarpetwashingmachine.com\/tr\/wp-json\/wp\/v2\/pages\/2261\/revisions\/2515"}],"wp:attachment":[{"href":"https:\/\/www.thecarpetwashingmachine.com\/tr\/wp-json\/wp\/v2\/media?parent=2261"}],"curies":[{"name":"wp","href":"https:\/\/api.w.org\/{rel}","templated":true}]}}