{"id":2259,"date":"2025-07-14T06:59:56","date_gmt":"2025-07-14T06:59:56","guid":{"rendered":"https:\/\/www.thecarpetwashingmachine.com\/?page_id=2259"},"modified":"2025-07-28T14:10:43","modified_gmt":"2025-07-28T14:10:43","slug":"htm-2200","status":"publish","type":"page","link":"https:\/\/www.thecarpetwashingmachine.com\/tr\/htm-2200\/","title":{"rendered":"Hal\u0131 Toz Alma Makinesi &#8211; HTM 2200"},"content":{"rendered":"<div class=\"wp-block-image\">\n<figure class=\"aligncenter size-full\"><img loading=\"lazy\" decoding=\"async\" width=\"750\" height=\"500\" src=\"https:\/\/www.thecarpetwashingmachine.com\/wp-content\/uploads\/2025\/02\/hali-toz-alma-makinasi-urun.jpg\" alt=\"Hal\u0131 toz alma makinesi\" class=\"wp-image-395\" srcset=\"https:\/\/www.thecarpetwashingmachine.com\/wp-content\/uploads\/2025\/02\/hali-toz-alma-makinasi-urun.jpg 750w, https:\/\/www.thecarpetwashingmachine.com\/wp-content\/uploads\/2025\/02\/hali-toz-alma-makinasi-urun-300x200.jpg 300w\" sizes=\"auto, (max-width: 750px) 100vw, 750px\" \/><\/figure><\/div>\n\n\n<p><\/p>\n\n\n\n<p>HTM 2200 Hal\u0131 Toz Alma Makinesi, hal\u0131lar\u0131n\u0131zdaki toz ve kirin kapsaml\u0131 bir \u015fekilde giderilmesini sa\u011flar. Bu model, 2200 mm&#8217;ye kadar hal\u0131 geni\u015fliklerini i\u015fleme kapasitesiyle \u00f6ne \u00e7\u0131karak \u00e7e\u015fitli hal\u0131 boyutlar\u0131 i\u00e7in idealdir.<\/p>\n\n\n\n<p>Makinede, hal\u0131lara yerle\u015fmi\u015f toz ve kirleri etkili bir \u015fekilde s\u00f6kmek i\u00e7in tasarlanm\u0131\u015f g\u00fc\u00e7l\u00fc 3+3=6 silindirli \u00e7\u0131rpma sistemi bulunur. Hal\u0131n\u0131n i\u015flem sonras\u0131 ba\u015flang\u0131\u00e7 konumuna geri d\u00f6nmesi \u00f6zelli\u011fi, i\u015f ak\u0131\u015f\u0131n\u0131z\u0131 kolayla\u015ft\u0131rarak tek ki\u015finin kullan\u0131m\u0131na olanak tan\u0131r. Ayr\u0131ca, daha kapsaml\u0131 bir temizlik i\u00e7in vakum sistemi de opsiyonel olarak sunulmaktad\u0131r.<\/p>\n","protected":false},"excerpt":{"rendered":"<p>HTM 2200 Hal\u0131 Toz Alma Makinesi, hal\u0131lar\u0131n\u0131zdaki toz ve kirin kapsaml\u0131 bir \u015fekilde giderilmesini sa\u011flar. Bu model, 2200 mm&#8217;ye kadar hal\u0131 geni\u015fliklerini i\u015fleme kapasitesiyle \u00f6ne&hellip;<\/p>\n","protected":false},"author":1,"featured_media":0,"parent":0,"menu_order":0,"comment_status":"closed","ping_status":"closed","template":"","meta":{"footnotes":""},"class_list":["post-2259","page","type-page","status-publish","hentry"],"translation":{"provider":"WPGlobus","version":"3.0.0","language":"tr","enabled_languages":["en","tr","fr","ar","es","de","pt","ru"],"languages":{"en":{"title":true,"content":true,"excerpt":false},"tr":{"title":true,"content":true,"excerpt":false},"fr":{"title":true,"content":true,"excerpt":false},"ar":{"title":true,"content":true,"excerpt":false},"es":{"title":true,"content":true,"excerpt":false},"de":{"title":true,"content":true,"excerpt":false},"pt":{"title":true,"content":true,"excerpt":false},"ru":{"title":true,"content":true,"excerpt":false}}},"yoast_head":"<!-- This site is optimized with the Yoast SEO plugin v24.7 - https:\/\/yoast.com\/wordpress\/plugins\/seo\/ -->\n<title>Hal\u0131 Toz Alma Makinesi - HTM 2200 - Hal\u0131 Toz Alma Makinesi<\/title>\n<meta name=\"description\" content=\"HTM 2200: Hal\u0131 toz alma makinesi. 2200mm geni\u015flik, 6 silindirli \u00e7\u0131rpma sistemi ve opsiyonel vakumla derin temizlik.\" \/>\n<meta name=\"robots\" content=\"index, follow, max-snippet:-1, max-image-preview:large, max-video-preview:-1\" \/>\n<link rel=\"canonical\" href=\"https:\/\/www.thecarpetwashingmachine.com\/htm-2200\/\" \/>\n<meta property=\"og:locale\" content=\"tr_TR\" \/>\n<meta property=\"og:type\" content=\"article\" \/>\n<meta property=\"og:title\" content=\"Hal\u0131 Toz Alma Makinesi - HTM 2200 - Hal\u0131 Toz Alma Makinesi\" \/>\n<meta property=\"og:description\" content=\"HTM 2200: Hal\u0131 toz alma makinesi. 2200mm geni\u015flik, 6 silindirli \u00e7\u0131rpma sistemi ve opsiyonel vakumla derin temizlik.\" \/>\n<meta property=\"og:url\" content=\"https:\/\/www.thecarpetwashingmachine.com\/htm-2200\/\" \/>\n<meta property=\"og:site_name\" content=\"Hal\u0131 Y\u0131kama Makinesi\" \/>\n<meta property=\"article:publisher\" content=\"http:\/\/www.facebook.com\/carpetwashingmachine\" \/>\n<meta property=\"article:modified_time\" content=\"2025-07-28T14:10:43+00:00\" \/>\n<meta property=\"og:image\" content=\"https:\/\/www.thecarpetwashingmachine.com\/wp-content\/uploads\/2025\/02\/hali-toz-alma-makinasi-urun.jpg\" \/>\n\t<meta property=\"og:image:width\" content=\"750\" \/>\n\t<meta property=\"og:image:height\" content=\"500\" \/>\n\t<meta property=\"og:image:type\" content=\"image\/jpeg\" \/>\n<meta name=\"twitter:card\" content=\"summary_large_image\" \/>\n<meta name=\"twitter:label1\" content=\"Tahmini okuma s\u00fcresi\" \/>\n\t<meta name=\"twitter:data1\" content=\"1 dakika\" \/>\n<script type=\"application\/ld+json\" class=\"yoast-schema-graph\">{\"@context\":\"https:\/\/schema.org\",\"@graph\":[{\"@type\":\"WebPage\",\"@id\":\"https:\/\/www.thecarpetwashingmachine.com\/htm-2200\/\",\"url\":\"https:\/\/www.thecarpetwashingmachine.com\/htm-2200\/\",\"name\":\"Hal\u0131 Toz Alma Makinesi - HTM 2200 - Carpet Dusting Machine\",\"isPartOf\":{\"@id\":\"https:\/\/www.thecarpetwashingmachine.com\/#website\"},\"primaryImageOfPage\":{\"@id\":\"https:\/\/www.thecarpetwashingmachine.com\/htm-2200\/#primaryimage\"},\"image\":{\"@id\":\"https:\/\/www.thecarpetwashingmachine.com\/htm-2200\/#primaryimage\"},\"thumbnailUrl\":\"https:\/\/www.thecarpetwashingmachine.com\/wp-content\/uploads\/2025\/02\/hali-toz-alma-makinasi-urun.jpg\",\"datePublished\":\"2025-07-14T06:59:56+00:00\",\"dateModified\":\"2025-07-28T14:10:43+00:00\",\"description\":\"HTM 2200: Efficient carpet dusting machine. 2200mm width, 6-cylinder beating system, and optional vacuum for deep cleaning.\",\"breadcrumb\":{\"@id\":\"https:\/\/www.thecarpetwashingmachine.com\/htm-2200\/#breadcrumb\"},\"inLanguage\":\"tr\",\"potentialAction\":[{\"@type\":\"ReadAction\",\"target\":[\"https:\/\/www.thecarpetwashingmachine.com\/htm-2200\/\"]}]},{\"@type\":\"ImageObject\",\"inLanguage\":\"tr\",\"@id\":\"https:\/\/www.thecarpetwashingmachine.com\/htm-2200\/#primaryimage\",\"url\":\"https:\/\/www.thecarpetwashingmachine.com\/wp-content\/uploads\/2025\/02\/hali-toz-alma-makinasi-urun.jpg\",\"contentUrl\":\"https:\/\/www.thecarpetwashingmachine.com\/wp-content\/uploads\/2025\/02\/hali-toz-alma-makinasi-urun.jpg\"},{\"@type\":\"BreadcrumbList\",\"@id\":\"https:\/\/www.thecarpetwashingmachine.com\/htm-2200\/#breadcrumb\",\"itemListElement\":[{\"@type\":\"ListItem\",\"position\":1,\"name\":\"Home\",\"item\":\"https:\/\/www.thecarpetwashingmachine.com\/\"},{\"@type\":\"ListItem\",\"position\":2,\"name\":\"Carpet Dusting Machine &#8211; HTM 2200\"}]},{\"@type\":\"WebSite\",\"@id\":\"https:\/\/www.thecarpetwashingmachine.com\/#website\",\"url\":\"https:\/\/www.thecarpetwashingmachine.com\/\",\"name\":\"Hal\u0131 Y\u0131kama Makinesi\",\"description\":\"Hal\u0131 y\u0131kama makinesi t\u00fcm d\u00fcnyada!\",\"potentialAction\":[{\"@type\":\"SearchAction\",\"target\":{\"@type\":\"EntryPoint\",\"urlTemplate\":\"https:\/\/www.thecarpetwashingmachine.com\/?s={search_term_string}\"},\"query-input\":{\"@type\":\"PropertyValueSpecification\",\"valueRequired\":true,\"valueName\":\"search_term_string\"}}],\"inLanguage\":\"tr\"}]}<\/script>\n<!-- \/ Yoast SEO plugin. -->","yoast_head_json":{"title":"Hal\u0131 Toz Alma Makinesi - HTM 2200 - Hal\u0131 Toz Alma Makinesi","description":"HTM 2200: Hal\u0131 toz alma makinesi. 2200mm geni\u015flik, 6 silindirli \u00e7\u0131rpma sistemi ve opsiyonel vakumla derin temizlik.","robots":{"index":"index","follow":"follow","max-snippet":"max-snippet:-1","max-image-preview":"max-image-preview:large","max-video-preview":"max-video-preview:-1"},"canonical":"https:\/\/www.thecarpetwashingmachine.com\/htm-2200\/","og_locale":"tr_TR","og_type":"article","og_title":"Hal\u0131 Toz Alma Makinesi - HTM 2200 - Hal\u0131 Toz Alma Makinesi","og_description":"HTM 2200: Hal\u0131 toz alma makinesi. 2200mm geni\u015flik, 6 silindirli \u00e7\u0131rpma sistemi ve opsiyonel vakumla derin temizlik.","og_url":"https:\/\/www.thecarpetwashingmachine.com\/htm-2200\/","og_site_name":"Hal\u0131 Y\u0131kama Makinesi","article_publisher":"http:\/\/www.facebook.com\/carpetwashingmachine","article_modified_time":"2025-07-28T14:10:43+00:00","og_image":[{"width":750,"height":500,"url":"https:\/\/www.thecarpetwashingmachine.com\/wp-content\/uploads\/2025\/02\/hali-toz-alma-makinasi-urun.jpg","type":"image\/jpeg"}],"twitter_card":"summary_large_image","twitter_misc":{"Tahmini okuma s\u00fcresi":"1 dakika"},"schema":{"@context":"https:\/\/schema.org","@graph":[{"@type":"WebPage","@id":"https:\/\/www.thecarpetwashingmachine.com\/htm-2200\/","url":"https:\/\/www.thecarpetwashingmachine.com\/htm-2200\/","name":"Hal\u0131 Toz Alma Makinesi - HTM 2200 - Carpet Dusting Machine","isPartOf":{"@id":"https:\/\/www.thecarpetwashingmachine.com\/#website"},"primaryImageOfPage":{"@id":"https:\/\/www.thecarpetwashingmachine.com\/htm-2200\/#primaryimage"},"image":{"@id":"https:\/\/www.thecarpetwashingmachine.com\/htm-2200\/#primaryimage"},"thumbnailUrl":"https:\/\/www.thecarpetwashingmachine.com\/wp-content\/uploads\/2025\/02\/hali-toz-alma-makinasi-urun.jpg","datePublished":"2025-07-14T06:59:56+00:00","dateModified":"2025-07-28T14:10:43+00:00","description":"HTM 2200: Efficient carpet dusting machine. 2200mm width, 6-cylinder beating system, and optional vacuum for deep cleaning.","breadcrumb":{"@id":"https:\/\/www.thecarpetwashingmachine.com\/htm-2200\/#breadcrumb"},"inLanguage":"tr","potentialAction":[{"@type":"ReadAction","target":["https:\/\/www.thecarpetwashingmachine.com\/htm-2200\/"]}]},{"@type":"ImageObject","inLanguage":"tr","@id":"https:\/\/www.thecarpetwashingmachine.com\/htm-2200\/#primaryimage","url":"https:\/\/www.thecarpetwashingmachine.com\/wp-content\/uploads\/2025\/02\/hali-toz-alma-makinasi-urun.jpg","contentUrl":"https:\/\/www.thecarpetwashingmachine.com\/wp-content\/uploads\/2025\/02\/hali-toz-alma-makinasi-urun.jpg"},{"@type":"BreadcrumbList","@id":"https:\/\/www.thecarpetwashingmachine.com\/htm-2200\/#breadcrumb","itemListElement":[{"@type":"ListItem","position":1,"name":"Home","item":"https:\/\/www.thecarpetwashingmachine.com\/"},{"@type":"ListItem","position":2,"name":"Carpet Dusting Machine &#8211; HTM 2200"}]},{"@type":"WebSite","@id":"https:\/\/www.thecarpetwashingmachine.com\/#website","url":"https:\/\/www.thecarpetwashingmachine.com\/","name":"Hal\u0131 Y\u0131kama Makinesi","description":"Hal\u0131 y\u0131kama makinesi t\u00fcm d\u00fcnyada!","potentialAction":[{"@type":"SearchAction","target":{"@type":"EntryPoint","urlTemplate":"https:\/\/www.thecarpetwashingmachine.com\/?s={search_term_string}"},"query-input":{"@type":"PropertyValueSpecification","valueRequired":true,"valueName":"search_term_string"}}],"inLanguage":"tr"}]}},"_links":{"self":[{"href":"https:\/\/www.thecarpetwashingmachine.com\/tr\/wp-json\/wp\/v2\/pages\/2259","targetHints":{"allow":["GET"]}}],"collection":[{"href":"https:\/\/www.thecarpetwashingmachine.com\/tr\/wp-json\/wp\/v2\/pages"}],"about":[{"href":"https:\/\/www.thecarpetwashingmachine.com\/tr\/wp-json\/wp\/v2\/types\/page"}],"author":[{"embeddable":true,"href":"https:\/\/www.thecarpetwashingmachine.com\/tr\/wp-json\/wp\/v2\/users\/1"}],"replies":[{"embeddable":true,"href":"https:\/\/www.thecarpetwashingmachine.com\/tr\/wp-json\/wp\/v2\/comments?post=2259"}],"version-history":[{"count":25,"href":"https:\/\/www.thecarpetwashingmachine.com\/tr\/wp-json\/wp\/v2\/pages\/2259\/revisions"}],"predecessor-version":[{"id":2514,"href":"https:\/\/www.thecarpetwashingmachine.com\/tr\/wp-json\/wp\/v2\/pages\/2259\/revisions\/2514"}],"wp:attachment":[{"href":"https:\/\/www.thecarpetwashingmachine.com\/tr\/wp-json\/wp\/v2\/media?parent=2259"}],"curies":[{"name":"wp","href":"https:\/\/api.w.org\/{rel}","templated":true}]}}