{"id":2185,"date":"2025-07-11T10:44:08","date_gmt":"2025-07-11T10:44:08","guid":{"rendered":"https:\/\/www.thecarpetwashingmachine.com\/?page_id=2185"},"modified":"2025-07-29T06:13:59","modified_gmt":"2025-07-29T06:13:59","slug":"hsm-5200","status":"publish","type":"page","link":"https:\/\/www.thecarpetwashingmachine.com\/tr\/hsm-5200\/","title":{"rendered":"Hal\u0131 S\u0131kma Makinesi &#8211; HSM 5200"},"content":{"rendered":"<div class=\"wp-block-image\">\n<figure class=\"aligncenter size-full\"><img loading=\"lazy\" decoding=\"async\" width=\"750\" height=\"500\" src=\"https:\/\/www.thecarpetwashingmachine.com\/wp-content\/uploads\/2025\/07\/Untitled-design-11.png\" alt=\"Hal\u0131 s\u0131kma makinesi\" class=\"wp-image-1636\" srcset=\"https:\/\/www.thecarpetwashingmachine.com\/wp-content\/uploads\/2025\/07\/Untitled-design-11.png 750w, https:\/\/www.thecarpetwashingmachine.com\/wp-content\/uploads\/2025\/07\/Untitled-design-11-300x200.png 300w\" sizes=\"auto, (max-width: 750px) 100vw, 750px\" \/><\/figure><\/div>\n\n\n<p><\/p>\n\n\n\n<p>Ola\u011fan\u00fcst\u00fc hal\u0131 kurutma performans\u0131 i\u00e7in tasarlanan HSM 5200 Hal\u0131 S\u0131kma Makinesi ile tan\u0131\u015f\u0131n. Bu g\u00fc\u00e7l\u00fc makine, etkileyici 5200 mm i\u00e7 tambur derinli\u011fi ve 450 mm i\u00e7 tambur \u00e7ap\u0131 sayesinde b\u00fcy\u00fck hal\u0131 boyutlar\u0131na uyum sa\u011flayacak \u015fekilde \u00fcretilmi\u015ftir. Dayan\u0131kl\u0131l\u0131k \u00f6nceliklidir; hem i\u00e7 hem de d\u0131\u015f tamburlar\u0131, uzun \u00f6m\u00fcr garanti eden sa\u011flam 304 kalite INOX paslanmaz \u00e7elikten yap\u0131lm\u0131\u015ft\u0131r.<\/p>\n\n\n\n<p>7.5 kW&#8217;l\u0131k bir motor bu s\u0131kma makinesini \u00e7al\u0131\u015ft\u0131rarak, daha h\u0131zl\u0131 kuruma s\u00fcreleri i\u00e7in y\u00fcksek verimli su tahliyesi sa\u011flar. Kullan\u0131c\u0131 rahatl\u0131\u011f\u0131 i\u00e7in pn\u00f6matik kap\u0131 sistemi sorunsuz ve zahmetsiz y\u00fckleme ve bo\u015faltmaya olanak tan\u0131r. Ayr\u0131ca, fren sistemi, ters d\u00f6n\u00fc\u015f i\u015flevi ve bir su giri\u015fi gibi iste\u011fe ba\u011fl\u0131 \u00f6zelliklerle \u00f6zelle\u015ftirerek HSM 5200&#8217;\u00fc \u00e7e\u015fitli profesyonel ihtiya\u00e7lara son derece uyumlu hale getirebilirsiniz.<\/p>\n","protected":false},"excerpt":{"rendered":"<p>Ola\u011fan\u00fcst\u00fc hal\u0131 kurutma performans\u0131 i\u00e7in tasarlanan HSM 5200 Hal\u0131 S\u0131kma Makinesi ile tan\u0131\u015f\u0131n. Bu g\u00fc\u00e7l\u00fc makine, etkileyici 5200 mm i\u00e7 tambur derinli\u011fi ve 450 mm&hellip;<\/p>\n","protected":false},"author":1,"featured_media":0,"parent":0,"menu_order":0,"comment_status":"closed","ping_status":"closed","template":"","meta":{"footnotes":""},"class_list":["post-2185","page","type-page","status-publish","hentry"],"translation":{"provider":"WPGlobus","version":"3.0.0","language":"tr","enabled_languages":["en","tr","fr","ar","es","de","pt","ru"],"languages":{"en":{"title":true,"content":true,"excerpt":false},"tr":{"title":true,"content":true,"excerpt":false},"fr":{"title":true,"content":true,"excerpt":false},"ar":{"title":true,"content":true,"excerpt":false},"es":{"title":true,"content":true,"excerpt":false},"de":{"title":true,"content":true,"excerpt":false},"pt":{"title":true,"content":true,"excerpt":false},"ru":{"title":true,"content":true,"excerpt":false}}},"yoast_head":"<!-- This site is optimized with the Yoast SEO plugin v24.7 - https:\/\/yoast.com\/wordpress\/plugins\/seo\/ -->\n<title>Hal\u0131 S\u0131kma Makinesi - HSM 5200 - Hal\u0131 S\u0131kma Makinesi<\/title>\n<meta name=\"description\" content=\"HSM 5200 ile profesyonel hal\u0131 kurutma. Geni\u015f INOX tambur, 7.5 kW motoruyla \u00fcst\u00fcn performans ve h\u0131zl\u0131 sonu\u00e7lar sunar.\" \/>\n<meta name=\"robots\" content=\"index, follow, max-snippet:-1, max-image-preview:large, max-video-preview:-1\" \/>\n<link rel=\"canonical\" href=\"https:\/\/www.thecarpetwashingmachine.com\/hsm-5200\/\" \/>\n<meta property=\"og:locale\" content=\"tr_TR\" \/>\n<meta property=\"og:type\" content=\"article\" \/>\n<meta property=\"og:title\" content=\"Hal\u0131 S\u0131kma Makinesi - HSM 5200 - Hal\u0131 S\u0131kma Makinesi\" \/>\n<meta property=\"og:description\" content=\"HSM 5200 ile profesyonel hal\u0131 kurutma. Geni\u015f INOX tambur, 7.5 kW motoruyla \u00fcst\u00fcn performans ve h\u0131zl\u0131 sonu\u00e7lar sunar.\" \/>\n<meta property=\"og:url\" content=\"https:\/\/www.thecarpetwashingmachine.com\/hsm-5200\/\" \/>\n<meta property=\"og:site_name\" content=\"Hal\u0131 Y\u0131kama Makinesi\" \/>\n<meta property=\"article:publisher\" content=\"http:\/\/www.facebook.com\/carpetwashingmachine\" \/>\n<meta property=\"article:modified_time\" content=\"2025-07-29T06:13:59+00:00\" \/>\n<meta property=\"og:image\" content=\"https:\/\/www.thecarpetwashingmachine.com\/wp-content\/uploads\/2025\/07\/Untitled-design-11.png\" \/>\n\t<meta property=\"og:image:width\" content=\"750\" \/>\n\t<meta property=\"og:image:height\" content=\"500\" \/>\n\t<meta property=\"og:image:type\" content=\"image\/png\" \/>\n<meta name=\"twitter:card\" content=\"summary_large_image\" \/>\n<meta name=\"twitter:label1\" content=\"Tahmini okuma s\u00fcresi\" \/>\n\t<meta name=\"twitter:data1\" content=\"1 dakika\" \/>\n<script type=\"application\/ld+json\" class=\"yoast-schema-graph\">{\"@context\":\"https:\/\/schema.org\",\"@graph\":[{\"@type\":\"WebPage\",\"@id\":\"https:\/\/www.thecarpetwashingmachine.com\/hsm-5200\/\",\"url\":\"https:\/\/www.thecarpetwashingmachine.com\/hsm-5200\/\",\"name\":\"Hal\u0131 S\u0131kma Makinesi - HSM 5200 - \u041a\u043e\u0432\u0440\u043e\u0432\u044b\u0439 \u043e\u0442\u0436\u0438\u043c\",\"isPartOf\":{\"@id\":\"https:\/\/www.thecarpetwashingmachine.com\/#website\"},\"primaryImageOfPage\":{\"@id\":\"https:\/\/www.thecarpetwashingmachine.com\/hsm-5200\/#primaryimage\"},\"image\":{\"@id\":\"https:\/\/www.thecarpetwashingmachine.com\/hsm-5200\/#primaryimage\"},\"thumbnailUrl\":\"https:\/\/www.thecarpetwashingmachine.com\/wp-content\/uploads\/2025\/07\/Untitled-design-11.png\",\"datePublished\":\"2025-07-11T10:44:08+00:00\",\"dateModified\":\"2025-07-29T06:13:59+00:00\",\"description\":\"HSM 5200: \u041d\u043e\u0432\u044b\u0439 \u0441\u0442\u0430\u043d\u0434\u0430\u0440\u0442 \u0441\u0443\u0448\u043a\u0438 \u043a\u043e\u0432\u0440\u043e\u0432. \u041f\u0440\u043e\u0447\u043d\u044b\u0439 \u0431\u0430\u0440\u0430\u0431\u0430\u043d INOX \u0438 \u043c\u043e\u0449\u043d\u044b\u0439 \u0434\u0432\u0438\u0433\u0430\u0442\u0435\u043b\u044c 7,5 \u043a\u0412\u0442 \u0434\u043b\u044f \u0431\u044b\u0441\u0442\u0440\u044b\u0445, \u043f\u0440\u043e\u0444\u0435\u0441\u0441\u0438\u043e\u043d\u0430\u043b\u044c\u043d\u044b\u0445 \u0440\u0435\u0437\u0443\u043b\u044c\u0442\u0430\u0442\u043e\u0432.\",\"breadcrumb\":{\"@id\":\"https:\/\/www.thecarpetwashingmachine.com\/hsm-5200\/#breadcrumb\"},\"inLanguage\":\"tr\",\"potentialAction\":[{\"@type\":\"ReadAction\",\"target\":[\"https:\/\/www.thecarpetwashingmachine.com\/hsm-5200\/\"]}]},{\"@type\":\"ImageObject\",\"inLanguage\":\"tr\",\"@id\":\"https:\/\/www.thecarpetwashingmachine.com\/hsm-5200\/#primaryimage\",\"url\":\"https:\/\/www.thecarpetwashingmachine.com\/wp-content\/uploads\/2025\/07\/Untitled-design-11.png\",\"contentUrl\":\"https:\/\/www.thecarpetwashingmachine.com\/wp-content\/uploads\/2025\/07\/Untitled-design-11.png\"},{\"@type\":\"BreadcrumbList\",\"@id\":\"https:\/\/www.thecarpetwashingmachine.com\/hsm-5200\/#breadcrumb\",\"itemListElement\":[{\"@type\":\"ListItem\",\"position\":1,\"name\":\"Home\",\"item\":\"https:\/\/www.thecarpetwashingmachine.com\/\"},{\"@type\":\"ListItem\",\"position\":2,\"name\":\"Carpet Wringing Machine &#8211; HSM 5200\"}]},{\"@type\":\"WebSite\",\"@id\":\"https:\/\/www.thecarpetwashingmachine.com\/#website\",\"url\":\"https:\/\/www.thecarpetwashingmachine.com\/\",\"name\":\"Hal\u0131 Y\u0131kama Makinesi\",\"description\":\"Hal\u0131 y\u0131kama makinesi t\u00fcm d\u00fcnyada!\",\"potentialAction\":[{\"@type\":\"SearchAction\",\"target\":{\"@type\":\"EntryPoint\",\"urlTemplate\":\"https:\/\/www.thecarpetwashingmachine.com\/?s={search_term_string}\"},\"query-input\":{\"@type\":\"PropertyValueSpecification\",\"valueRequired\":true,\"valueName\":\"search_term_string\"}}],\"inLanguage\":\"tr\"}]}<\/script>\n<!-- \/ Yoast SEO plugin. -->","yoast_head_json":{"title":"Hal\u0131 S\u0131kma Makinesi - HSM 5200 - Hal\u0131 S\u0131kma Makinesi","description":"HSM 5200 ile profesyonel hal\u0131 kurutma. Geni\u015f INOX tambur, 7.5 kW motoruyla \u00fcst\u00fcn performans ve h\u0131zl\u0131 sonu\u00e7lar sunar.","robots":{"index":"index","follow":"follow","max-snippet":"max-snippet:-1","max-image-preview":"max-image-preview:large","max-video-preview":"max-video-preview:-1"},"canonical":"https:\/\/www.thecarpetwashingmachine.com\/hsm-5200\/","og_locale":"tr_TR","og_type":"article","og_title":"Hal\u0131 S\u0131kma Makinesi - HSM 5200 - Hal\u0131 S\u0131kma Makinesi","og_description":"HSM 5200 ile profesyonel hal\u0131 kurutma. Geni\u015f INOX tambur, 7.5 kW motoruyla \u00fcst\u00fcn performans ve h\u0131zl\u0131 sonu\u00e7lar sunar.","og_url":"https:\/\/www.thecarpetwashingmachine.com\/hsm-5200\/","og_site_name":"Hal\u0131 Y\u0131kama Makinesi","article_publisher":"http:\/\/www.facebook.com\/carpetwashingmachine","article_modified_time":"2025-07-29T06:13:59+00:00","og_image":[{"width":750,"height":500,"url":"https:\/\/www.thecarpetwashingmachine.com\/wp-content\/uploads\/2025\/07\/Untitled-design-11.png","type":"image\/png"}],"twitter_card":"summary_large_image","twitter_misc":{"Tahmini okuma s\u00fcresi":"1 dakika"},"schema":{"@context":"https:\/\/schema.org","@graph":[{"@type":"WebPage","@id":"https:\/\/www.thecarpetwashingmachine.com\/hsm-5200\/","url":"https:\/\/www.thecarpetwashingmachine.com\/hsm-5200\/","name":"Hal\u0131 S\u0131kma Makinesi - HSM 5200 - \u041a\u043e\u0432\u0440\u043e\u0432\u044b\u0439 \u043e\u0442\u0436\u0438\u043c","isPartOf":{"@id":"https:\/\/www.thecarpetwashingmachine.com\/#website"},"primaryImageOfPage":{"@id":"https:\/\/www.thecarpetwashingmachine.com\/hsm-5200\/#primaryimage"},"image":{"@id":"https:\/\/www.thecarpetwashingmachine.com\/hsm-5200\/#primaryimage"},"thumbnailUrl":"https:\/\/www.thecarpetwashingmachine.com\/wp-content\/uploads\/2025\/07\/Untitled-design-11.png","datePublished":"2025-07-11T10:44:08+00:00","dateModified":"2025-07-29T06:13:59+00:00","description":"HSM 5200: \u041d\u043e\u0432\u044b\u0439 \u0441\u0442\u0430\u043d\u0434\u0430\u0440\u0442 \u0441\u0443\u0448\u043a\u0438 \u043a\u043e\u0432\u0440\u043e\u0432. \u041f\u0440\u043e\u0447\u043d\u044b\u0439 \u0431\u0430\u0440\u0430\u0431\u0430\u043d INOX \u0438 \u043c\u043e\u0449\u043d\u044b\u0439 \u0434\u0432\u0438\u0433\u0430\u0442\u0435\u043b\u044c 7,5 \u043a\u0412\u0442 \u0434\u043b\u044f \u0431\u044b\u0441\u0442\u0440\u044b\u0445, \u043f\u0440\u043e\u0444\u0435\u0441\u0441\u0438\u043e\u043d\u0430\u043b\u044c\u043d\u044b\u0445 \u0440\u0435\u0437\u0443\u043b\u044c\u0442\u0430\u0442\u043e\u0432.","breadcrumb":{"@id":"https:\/\/www.thecarpetwashingmachine.com\/hsm-5200\/#breadcrumb"},"inLanguage":"tr","potentialAction":[{"@type":"ReadAction","target":["https:\/\/www.thecarpetwashingmachine.com\/hsm-5200\/"]}]},{"@type":"ImageObject","inLanguage":"tr","@id":"https:\/\/www.thecarpetwashingmachine.com\/hsm-5200\/#primaryimage","url":"https:\/\/www.thecarpetwashingmachine.com\/wp-content\/uploads\/2025\/07\/Untitled-design-11.png","contentUrl":"https:\/\/www.thecarpetwashingmachine.com\/wp-content\/uploads\/2025\/07\/Untitled-design-11.png"},{"@type":"BreadcrumbList","@id":"https:\/\/www.thecarpetwashingmachine.com\/hsm-5200\/#breadcrumb","itemListElement":[{"@type":"ListItem","position":1,"name":"Home","item":"https:\/\/www.thecarpetwashingmachine.com\/"},{"@type":"ListItem","position":2,"name":"Carpet Wringing Machine &#8211; HSM 5200"}]},{"@type":"WebSite","@id":"https:\/\/www.thecarpetwashingmachine.com\/#website","url":"https:\/\/www.thecarpetwashingmachine.com\/","name":"Hal\u0131 Y\u0131kama Makinesi","description":"Hal\u0131 y\u0131kama makinesi t\u00fcm d\u00fcnyada!","potentialAction":[{"@type":"SearchAction","target":{"@type":"EntryPoint","urlTemplate":"https:\/\/www.thecarpetwashingmachine.com\/?s={search_term_string}"},"query-input":{"@type":"PropertyValueSpecification","valueRequired":true,"valueName":"search_term_string"}}],"inLanguage":"tr"}]}},"_links":{"self":[{"href":"https:\/\/www.thecarpetwashingmachine.com\/tr\/wp-json\/wp\/v2\/pages\/2185","targetHints":{"allow":["GET"]}}],"collection":[{"href":"https:\/\/www.thecarpetwashingmachine.com\/tr\/wp-json\/wp\/v2\/pages"}],"about":[{"href":"https:\/\/www.thecarpetwashingmachine.com\/tr\/wp-json\/wp\/v2\/types\/page"}],"author":[{"embeddable":true,"href":"https:\/\/www.thecarpetwashingmachine.com\/tr\/wp-json\/wp\/v2\/users\/1"}],"replies":[{"embeddable":true,"href":"https:\/\/www.thecarpetwashingmachine.com\/tr\/wp-json\/wp\/v2\/comments?post=2185"}],"version-history":[{"count":44,"href":"https:\/\/www.thecarpetwashingmachine.com\/tr\/wp-json\/wp\/v2\/pages\/2185\/revisions"}],"predecessor-version":[{"id":2537,"href":"https:\/\/www.thecarpetwashingmachine.com\/tr\/wp-json\/wp\/v2\/pages\/2185\/revisions\/2537"}],"wp:attachment":[{"href":"https:\/\/www.thecarpetwashingmachine.com\/tr\/wp-json\/wp\/v2\/media?parent=2185"}],"curies":[{"name":"wp","href":"https:\/\/api.w.org\/{rel}","templated":true}]}}