{"id":2181,"date":"2025-07-11T11:46:06","date_gmt":"2025-07-11T11:46:06","guid":{"rendered":"https:\/\/www.thecarpetwashingmachine.com\/?page_id=2181"},"modified":"2025-07-29T06:09:43","modified_gmt":"2025-07-29T06:09:43","slug":"hsm-2700","status":"publish","type":"page","link":"https:\/\/www.thecarpetwashingmachine.com\/tr\/hsm-2700\/","title":{"rendered":"Hal\u0131 S\u0131kma Makinesi &#8211; HSM 2700"},"content":{"rendered":"<div class=\"wp-block-image\">\n<figure class=\"aligncenter size-full\"><img loading=\"lazy\" decoding=\"async\" width=\"750\" height=\"500\" src=\"https:\/\/www.thecarpetwashingmachine.com\/wp-content\/uploads\/2025\/07\/Untitled-design-11.png\" alt=\"Hal\u0131 S\u0131kma Makinesi\" class=\"wp-image-1636\" srcset=\"https:\/\/www.thecarpetwashingmachine.com\/wp-content\/uploads\/2025\/07\/Untitled-design-11.png 750w, https:\/\/www.thecarpetwashingmachine.com\/wp-content\/uploads\/2025\/07\/Untitled-design-11-300x200.png 300w\" sizes=\"auto, (max-width: 750px) 100vw, 750px\" \/><\/figure><\/div>\n\n\n<p><\/p>\n\n\n\n<p>HSM 2700 Hal\u0131 S\u0131kma Makinesi, \u00fcst\u00fcn hal\u0131 kurutma performans\u0131 i\u00e7in tasarlanm\u0131\u015f sa\u011flam ve verimli bir makine olarak \u00f6ne \u00e7\u0131kar. Etkileyici 2700 mm (2.7 metre) i\u00e7 tambur derinli\u011fi ve 350 mm i\u00e7 tambur \u00e7ap\u0131 ile geni\u015f bir yelpazedeki hal\u0131 boyutlar\u0131n\u0131 rahatl\u0131kla i\u015fleyebilir.<\/p>\n\n\n\n<p>Hem i\u00e7 hem de d\u0131\u015f tamburlar, s\u00fcrekli su temas\u0131na ra\u011fmen ola\u011fan\u00fcst\u00fc dayan\u0131kl\u0131l\u0131k ve paslanmaya kar\u015f\u0131 diren\u00e7 sa\u011flayan y\u00fcksek kaliteli 304 kalite paslanmaz \u00e7elikten (INOX) yap\u0131lm\u0131\u015ft\u0131r. Performans\u0131n\u0131 g\u00fc\u00e7lendiren 5.5 kW&#8217;l\u0131k motoru, g\u00fcvenilir ve g\u00fc\u00e7l\u00fc s\u0131kma yetenekleri sunar.<\/p>\n\n\n\n<p>Kullan\u0131m kolayl\u0131\u011f\u0131 i\u00e7in makine, y\u00fckleme ve bo\u015faltmay\u0131 sorunsuz ve verimli hale getiren pn\u00f6matik kap\u0131 sistemi ile donat\u0131lm\u0131\u015ft\u0131r. Ayr\u0131ca, fren sistemi, ters s\u0131kma sistemi ve su tahliye portu gibi iste\u011fe ba\u011fl\u0131 \u00f6zellikler sunarak belirli operasyonel ihtiya\u00e7lara g\u00f6re \u00f6zelle\u015ftirme imkan\u0131 sa\u011flar.<\/p>\n","protected":false},"excerpt":{"rendered":"<p>HSM 2700 Hal\u0131 S\u0131kma Makinesi, \u00fcst\u00fcn hal\u0131 kurutma performans\u0131 i\u00e7in tasarlanm\u0131\u015f sa\u011flam ve verimli bir makine olarak \u00f6ne \u00e7\u0131kar. Etkileyici 2700 mm (2.7 metre) i\u00e7&hellip;<\/p>\n","protected":false},"author":1,"featured_media":0,"parent":0,"menu_order":0,"comment_status":"closed","ping_status":"closed","template":"","meta":{"footnotes":""},"class_list":["post-2181","page","type-page","status-publish","hentry"],"translation":{"provider":"WPGlobus","version":"3.0.0","language":"tr","enabled_languages":["en","tr","fr","ar","es","de","pt","ru"],"languages":{"en":{"title":true,"content":true,"excerpt":false},"tr":{"title":true,"content":true,"excerpt":false},"fr":{"title":true,"content":true,"excerpt":false},"ar":{"title":true,"content":true,"excerpt":false},"es":{"title":true,"content":true,"excerpt":false},"de":{"title":true,"content":true,"excerpt":false},"pt":{"title":true,"content":true,"excerpt":false},"ru":{"title":true,"content":true,"excerpt":false}}},"yoast_head":"<!-- This site is optimized with the Yoast SEO plugin v24.7 - https:\/\/yoast.com\/wordpress\/plugins\/seo\/ -->\n<title>Hal\u0131 S\u0131kma Makinesi - HSM 2700 - Hal\u0131 S\u0131kma Makinesi<\/title>\n<meta name=\"description\" content=\"HSM 2700: Hal\u0131 s\u0131kma makinesi. 2700mm derinli\u011fi, dayan\u0131kl\u0131 INOX yap\u0131s\u0131 ve 5.5 kW motoruyla t\u00fcm hal\u0131 boyutlar\u0131 i\u00e7in h\u0131zl\u0131 kurutma sa\u011flar.\" \/>\n<meta name=\"robots\" content=\"index, follow, max-snippet:-1, max-image-preview:large, max-video-preview:-1\" \/>\n<link rel=\"canonical\" href=\"https:\/\/www.thecarpetwashingmachine.com\/hsm-2700\/\" \/>\n<meta property=\"og:locale\" content=\"tr_TR\" \/>\n<meta property=\"og:type\" content=\"article\" \/>\n<meta property=\"og:title\" content=\"Hal\u0131 S\u0131kma Makinesi - HSM 2700 - Hal\u0131 S\u0131kma Makinesi\" \/>\n<meta property=\"og:description\" content=\"HSM 2700: Hal\u0131 s\u0131kma makinesi. 2700mm derinli\u011fi, dayan\u0131kl\u0131 INOX yap\u0131s\u0131 ve 5.5 kW motoruyla t\u00fcm hal\u0131 boyutlar\u0131 i\u00e7in h\u0131zl\u0131 kurutma sa\u011flar.\" \/>\n<meta property=\"og:url\" content=\"https:\/\/www.thecarpetwashingmachine.com\/hsm-2700\/\" \/>\n<meta property=\"og:site_name\" content=\"Hal\u0131 Y\u0131kama Makinesi\" \/>\n<meta property=\"article:publisher\" content=\"http:\/\/www.facebook.com\/carpetwashingmachine\" \/>\n<meta property=\"article:modified_time\" content=\"2025-07-29T06:09:43+00:00\" \/>\n<meta property=\"og:image\" content=\"https:\/\/www.thecarpetwashingmachine.com\/wp-content\/uploads\/2025\/07\/Untitled-design-11.png\" \/>\n\t<meta property=\"og:image:width\" content=\"750\" \/>\n\t<meta property=\"og:image:height\" content=\"500\" \/>\n\t<meta property=\"og:image:type\" content=\"image\/png\" \/>\n<meta name=\"twitter:card\" content=\"summary_large_image\" \/>\n<meta name=\"twitter:label1\" content=\"Tahmini okuma s\u00fcresi\" \/>\n\t<meta name=\"twitter:data1\" content=\"1 dakika\" \/>\n<script type=\"application\/ld+json\" class=\"yoast-schema-graph\">{\"@context\":\"https:\/\/schema.org\",\"@graph\":[{\"@type\":\"WebPage\",\"@id\":\"https:\/\/www.thecarpetwashingmachine.com\/hsm-2700\/\",\"url\":\"https:\/\/www.thecarpetwashingmachine.com\/hsm-2700\/\",\"name\":\"Hal\u0131 S\u0131kma Makinesi - HSM 2700 - \u041a\u043e\u0432\u0440\u043e\u0432\u044b\u0439 \u043e\u0442\u0436\u0438\u043c\",\"isPartOf\":{\"@id\":\"https:\/\/www.thecarpetwashingmachine.com\/#website\"},\"primaryImageOfPage\":{\"@id\":\"https:\/\/www.thecarpetwashingmachine.com\/hsm-2700\/#primaryimage\"},\"image\":{\"@id\":\"https:\/\/www.thecarpetwashingmachine.com\/hsm-2700\/#primaryimage\"},\"thumbnailUrl\":\"https:\/\/www.thecarpetwashingmachine.com\/wp-content\/uploads\/2025\/07\/Untitled-design-11.png\",\"datePublished\":\"2025-07-11T11:46:06+00:00\",\"dateModified\":\"2025-07-29T06:09:43+00:00\",\"description\":\"HSM 2700: \u041f\u0440\u043e\u0447\u043d\u0430\u044f \u043a\u043e\u0432\u0440\u043e\u043e\u0442\u0436\u0438\u043c\u043d\u0430\u044f \u043c\u0430\u0448\u0438\u043d\u0430. \u0411\u0430\u0440\u0430\u0431\u0430\u043d INOX 2700 \u043c\u043c \u0438 \u0434\u0432\u0438\u0433\u0430\u0442\u0435\u043b\u044c 5,5 \u043a\u0412\u0442 \u0434\u043b\u044f \u044d\u0444\u0444\u0435\u043a\u0442\u0438\u0432\u043d\u043e\u0439, \u0431\u044b\u0441\u0442\u0440\u043e\u0439 \u0441\u0443\u0448\u043a\u0438.\",\"breadcrumb\":{\"@id\":\"https:\/\/www.thecarpetwashingmachine.com\/hsm-2700\/#breadcrumb\"},\"inLanguage\":\"tr\",\"potentialAction\":[{\"@type\":\"ReadAction\",\"target\":[\"https:\/\/www.thecarpetwashingmachine.com\/hsm-2700\/\"]}]},{\"@type\":\"ImageObject\",\"inLanguage\":\"tr\",\"@id\":\"https:\/\/www.thecarpetwashingmachine.com\/hsm-2700\/#primaryimage\",\"url\":\"https:\/\/www.thecarpetwashingmachine.com\/wp-content\/uploads\/2025\/07\/Untitled-design-11.png\",\"contentUrl\":\"https:\/\/www.thecarpetwashingmachine.com\/wp-content\/uploads\/2025\/07\/Untitled-design-11.png\"},{\"@type\":\"BreadcrumbList\",\"@id\":\"https:\/\/www.thecarpetwashingmachine.com\/hsm-2700\/#breadcrumb\",\"itemListElement\":[{\"@type\":\"ListItem\",\"position\":1,\"name\":\"Home\",\"item\":\"https:\/\/www.thecarpetwashingmachine.com\/\"},{\"@type\":\"ListItem\",\"position\":2,\"name\":\"Carpet Wringing Machine &#8211; HSM 2700\"}]},{\"@type\":\"WebSite\",\"@id\":\"https:\/\/www.thecarpetwashingmachine.com\/#website\",\"url\":\"https:\/\/www.thecarpetwashingmachine.com\/\",\"name\":\"Hal\u0131 Y\u0131kama Makinesi\",\"description\":\"Hal\u0131 y\u0131kama makinesi t\u00fcm d\u00fcnyada!\",\"potentialAction\":[{\"@type\":\"SearchAction\",\"target\":{\"@type\":\"EntryPoint\",\"urlTemplate\":\"https:\/\/www.thecarpetwashingmachine.com\/?s={search_term_string}\"},\"query-input\":{\"@type\":\"PropertyValueSpecification\",\"valueRequired\":true,\"valueName\":\"search_term_string\"}}],\"inLanguage\":\"tr\"}]}<\/script>\n<!-- \/ Yoast SEO plugin. -->","yoast_head_json":{"title":"Hal\u0131 S\u0131kma Makinesi - HSM 2700 - Hal\u0131 S\u0131kma Makinesi","description":"HSM 2700: Hal\u0131 s\u0131kma makinesi. 2700mm derinli\u011fi, dayan\u0131kl\u0131 INOX yap\u0131s\u0131 ve 5.5 kW motoruyla t\u00fcm hal\u0131 boyutlar\u0131 i\u00e7in h\u0131zl\u0131 kurutma sa\u011flar.","robots":{"index":"index","follow":"follow","max-snippet":"max-snippet:-1","max-image-preview":"max-image-preview:large","max-video-preview":"max-video-preview:-1"},"canonical":"https:\/\/www.thecarpetwashingmachine.com\/hsm-2700\/","og_locale":"tr_TR","og_type":"article","og_title":"Hal\u0131 S\u0131kma Makinesi - HSM 2700 - Hal\u0131 S\u0131kma Makinesi","og_description":"HSM 2700: Hal\u0131 s\u0131kma makinesi. 2700mm derinli\u011fi, dayan\u0131kl\u0131 INOX yap\u0131s\u0131 ve 5.5 kW motoruyla t\u00fcm hal\u0131 boyutlar\u0131 i\u00e7in h\u0131zl\u0131 kurutma sa\u011flar.","og_url":"https:\/\/www.thecarpetwashingmachine.com\/hsm-2700\/","og_site_name":"Hal\u0131 Y\u0131kama Makinesi","article_publisher":"http:\/\/www.facebook.com\/carpetwashingmachine","article_modified_time":"2025-07-29T06:09:43+00:00","og_image":[{"width":750,"height":500,"url":"https:\/\/www.thecarpetwashingmachine.com\/wp-content\/uploads\/2025\/07\/Untitled-design-11.png","type":"image\/png"}],"twitter_card":"summary_large_image","twitter_misc":{"Tahmini okuma s\u00fcresi":"1 dakika"},"schema":{"@context":"https:\/\/schema.org","@graph":[{"@type":"WebPage","@id":"https:\/\/www.thecarpetwashingmachine.com\/hsm-2700\/","url":"https:\/\/www.thecarpetwashingmachine.com\/hsm-2700\/","name":"Hal\u0131 S\u0131kma Makinesi - HSM 2700 - \u041a\u043e\u0432\u0440\u043e\u0432\u044b\u0439 \u043e\u0442\u0436\u0438\u043c","isPartOf":{"@id":"https:\/\/www.thecarpetwashingmachine.com\/#website"},"primaryImageOfPage":{"@id":"https:\/\/www.thecarpetwashingmachine.com\/hsm-2700\/#primaryimage"},"image":{"@id":"https:\/\/www.thecarpetwashingmachine.com\/hsm-2700\/#primaryimage"},"thumbnailUrl":"https:\/\/www.thecarpetwashingmachine.com\/wp-content\/uploads\/2025\/07\/Untitled-design-11.png","datePublished":"2025-07-11T11:46:06+00:00","dateModified":"2025-07-29T06:09:43+00:00","description":"HSM 2700: \u041f\u0440\u043e\u0447\u043d\u0430\u044f \u043a\u043e\u0432\u0440\u043e\u043e\u0442\u0436\u0438\u043c\u043d\u0430\u044f \u043c\u0430\u0448\u0438\u043d\u0430. \u0411\u0430\u0440\u0430\u0431\u0430\u043d INOX 2700 \u043c\u043c \u0438 \u0434\u0432\u0438\u0433\u0430\u0442\u0435\u043b\u044c 5,5 \u043a\u0412\u0442 \u0434\u043b\u044f \u044d\u0444\u0444\u0435\u043a\u0442\u0438\u0432\u043d\u043e\u0439, \u0431\u044b\u0441\u0442\u0440\u043e\u0439 \u0441\u0443\u0448\u043a\u0438.","breadcrumb":{"@id":"https:\/\/www.thecarpetwashingmachine.com\/hsm-2700\/#breadcrumb"},"inLanguage":"tr","potentialAction":[{"@type":"ReadAction","target":["https:\/\/www.thecarpetwashingmachine.com\/hsm-2700\/"]}]},{"@type":"ImageObject","inLanguage":"tr","@id":"https:\/\/www.thecarpetwashingmachine.com\/hsm-2700\/#primaryimage","url":"https:\/\/www.thecarpetwashingmachine.com\/wp-content\/uploads\/2025\/07\/Untitled-design-11.png","contentUrl":"https:\/\/www.thecarpetwashingmachine.com\/wp-content\/uploads\/2025\/07\/Untitled-design-11.png"},{"@type":"BreadcrumbList","@id":"https:\/\/www.thecarpetwashingmachine.com\/hsm-2700\/#breadcrumb","itemListElement":[{"@type":"ListItem","position":1,"name":"Home","item":"https:\/\/www.thecarpetwashingmachine.com\/"},{"@type":"ListItem","position":2,"name":"Carpet Wringing Machine &#8211; HSM 2700"}]},{"@type":"WebSite","@id":"https:\/\/www.thecarpetwashingmachine.com\/#website","url":"https:\/\/www.thecarpetwashingmachine.com\/","name":"Hal\u0131 Y\u0131kama Makinesi","description":"Hal\u0131 y\u0131kama makinesi t\u00fcm d\u00fcnyada!","potentialAction":[{"@type":"SearchAction","target":{"@type":"EntryPoint","urlTemplate":"https:\/\/www.thecarpetwashingmachine.com\/?s={search_term_string}"},"query-input":{"@type":"PropertyValueSpecification","valueRequired":true,"valueName":"search_term_string"}}],"inLanguage":"tr"}]}},"_links":{"self":[{"href":"https:\/\/www.thecarpetwashingmachine.com\/tr\/wp-json\/wp\/v2\/pages\/2181","targetHints":{"allow":["GET"]}}],"collection":[{"href":"https:\/\/www.thecarpetwashingmachine.com\/tr\/wp-json\/wp\/v2\/pages"}],"about":[{"href":"https:\/\/www.thecarpetwashingmachine.com\/tr\/wp-json\/wp\/v2\/types\/page"}],"author":[{"embeddable":true,"href":"https:\/\/www.thecarpetwashingmachine.com\/tr\/wp-json\/wp\/v2\/users\/1"}],"replies":[{"embeddable":true,"href":"https:\/\/www.thecarpetwashingmachine.com\/tr\/wp-json\/wp\/v2\/comments?post=2181"}],"version-history":[{"count":27,"href":"https:\/\/www.thecarpetwashingmachine.com\/tr\/wp-json\/wp\/v2\/pages\/2181\/revisions"}],"predecessor-version":[{"id":2529,"href":"https:\/\/www.thecarpetwashingmachine.com\/tr\/wp-json\/wp\/v2\/pages\/2181\/revisions\/2529"}],"wp:attachment":[{"href":"https:\/\/www.thecarpetwashingmachine.com\/tr\/wp-json\/wp\/v2\/media?parent=2181"}],"curies":[{"name":"wp","href":"https:\/\/api.w.org\/{rel}","templated":true}]}}