{"id":2177,"date":"2025-07-11T12:34:32","date_gmt":"2025-07-11T12:34:32","guid":{"rendered":"https:\/\/www.thecarpetwashingmachine.com\/?page_id=2177"},"modified":"2025-07-29T06:22:38","modified_gmt":"2025-07-29T06:22:38","slug":"hsm-3200","status":"publish","type":"page","link":"https:\/\/www.thecarpetwashingmachine.com\/tr\/hsm-3200\/","title":{"rendered":"Hal\u0131 S\u0131kma Makinesi &#8211; HSM 3200"},"content":{"rendered":"<div class=\"wp-block-image\">\n<figure class=\"aligncenter size-full\"><img loading=\"lazy\" decoding=\"async\" width=\"750\" height=\"500\" src=\"https:\/\/www.thecarpetwashingmachine.com\/wp-content\/uploads\/2025\/07\/Untitled-design-11.png\" alt=\"Hal\u0131 s\u0131kma makinesi\" class=\"wp-image-1636\" srcset=\"https:\/\/www.thecarpetwashingmachine.com\/wp-content\/uploads\/2025\/07\/Untitled-design-11.png 750w, https:\/\/www.thecarpetwashingmachine.com\/wp-content\/uploads\/2025\/07\/Untitled-design-11-300x200.png 300w\" sizes=\"auto, (max-width: 750px) 100vw, 750px\" \/><\/figure><\/div>\n\n\n<p><\/p>\n\n\n\n<p>HSM 3200 Hal\u0131 S\u0131kma Makinesi etkileyici 3200 mm i\u00e7 tambur derinli\u011fi ve 350 mm \u00e7ap\u0131yla \u00e7e\u015fitli hal\u0131 boyutlar\u0131na zahmetsizce uyum sa\u011flar. Uzun \u00f6m\u00fcrl\u00fc performans i\u00e7in hem i\u00e7 hem de d\u0131\u015f tamburlar\u0131, maksimum dayan\u0131kl\u0131l\u0131k ve paslanmay\u0131 engelleyen birinci s\u0131n\u0131f 304 kalite paslanmaz \u00e7elikten (INOX) \u00fcretilmi\u015ftir.<\/p>\n\n\n\n<p>G\u00fcvenilir bir 5.5 kW motorla donat\u0131lan edilen bu makine, tutarl\u0131 ve g\u00fc\u00e7l\u00fc s\u0131kma performans\u0131 sunar. Kullan\u0131c\u0131 dostu pn\u00f6matik kap\u0131 sistemi, sorunsuz ve verimli \u00e7al\u0131\u015fma garantisi verir. Dahas\u0131, HSM 3200, fren sistemi, ters s\u0131kma i\u015flevi ve bir su giri\u015fi gibi \u00f6zelle\u015ftirilebilir se\u00e7enekler sunarak, i\u015f ak\u0131\u015f\u0131n\u0131za m\u00fckemmel \u015fekilde uyum sa\u011flamas\u0131na olanak tan\u0131r.<\/p>\n","protected":false},"excerpt":{"rendered":"<p>HSM 3200 Hal\u0131 S\u0131kma Makinesi etkileyici 3200 mm i\u00e7 tambur derinli\u011fi ve 350 mm \u00e7ap\u0131yla \u00e7e\u015fitli hal\u0131 boyutlar\u0131na zahmetsizce uyum sa\u011flar. Uzun \u00f6m\u00fcrl\u00fc performans i\u00e7in&hellip;<\/p>\n","protected":false},"author":1,"featured_media":0,"parent":0,"menu_order":0,"comment_status":"closed","ping_status":"closed","template":"","meta":{"footnotes":""},"class_list":["post-2177","page","type-page","status-publish","hentry"],"translation":{"provider":"WPGlobus","version":"3.0.0","language":"tr","enabled_languages":["en","tr","fr","ar","es","de","pt","ru"],"languages":{"en":{"title":true,"content":true,"excerpt":false},"tr":{"title":true,"content":true,"excerpt":false},"fr":{"title":true,"content":true,"excerpt":false},"ar":{"title":true,"content":true,"excerpt":false},"es":{"title":true,"content":true,"excerpt":false},"de":{"title":true,"content":true,"excerpt":false},"pt":{"title":true,"content":true,"excerpt":false},"ru":{"title":true,"content":true,"excerpt":false}}},"yoast_head":"<!-- This site is optimized with the Yoast SEO plugin v24.7 - https:\/\/yoast.com\/wordpress\/plugins\/seo\/ -->\n<title>Hal\u0131 S\u0131kma Makinesi - HSM 3200 - Hal\u0131 S\u0131kma Makinesi<\/title>\n<meta name=\"description\" content=\"HSM 3200: Geni\u015f kapasiteli ve dayan\u0131kl\u0131 hal\u0131 s\u0131kma makinesi. 3200mm tamburu, INOX \u00e7eli\u011fi ve 5.5 kW motoruyla \u00fcst\u00fcn kurutma.\" \/>\n<meta name=\"robots\" content=\"index, follow, max-snippet:-1, max-image-preview:large, max-video-preview:-1\" \/>\n<link rel=\"canonical\" href=\"https:\/\/www.thecarpetwashingmachine.com\/hsm-3200\/\" \/>\n<meta property=\"og:locale\" content=\"tr_TR\" \/>\n<meta property=\"og:type\" content=\"article\" \/>\n<meta property=\"og:title\" content=\"Hal\u0131 S\u0131kma Makinesi - HSM 3200 - Hal\u0131 S\u0131kma Makinesi\" \/>\n<meta property=\"og:description\" content=\"HSM 3200: Geni\u015f kapasiteli ve dayan\u0131kl\u0131 hal\u0131 s\u0131kma makinesi. 3200mm tamburu, INOX \u00e7eli\u011fi ve 5.5 kW motoruyla \u00fcst\u00fcn kurutma.\" \/>\n<meta property=\"og:url\" content=\"https:\/\/www.thecarpetwashingmachine.com\/hsm-3200\/\" \/>\n<meta property=\"og:site_name\" content=\"Hal\u0131 Y\u0131kama Makinesi\" \/>\n<meta property=\"article:publisher\" content=\"http:\/\/www.facebook.com\/carpetwashingmachine\" \/>\n<meta property=\"article:modified_time\" content=\"2025-07-29T06:22:38+00:00\" \/>\n<meta property=\"og:image\" content=\"https:\/\/www.thecarpetwashingmachine.com\/wp-content\/uploads\/2025\/07\/Untitled-design-11.png\" \/>\n\t<meta property=\"og:image:width\" content=\"750\" \/>\n\t<meta property=\"og:image:height\" content=\"500\" \/>\n\t<meta property=\"og:image:type\" content=\"image\/png\" \/>\n<meta name=\"twitter:card\" content=\"summary_large_image\" \/>\n<meta name=\"twitter:label1\" content=\"Tahmini okuma s\u00fcresi\" \/>\n\t<meta name=\"twitter:data1\" content=\"1 dakika\" \/>\n<script type=\"application\/ld+json\" class=\"yoast-schema-graph\">{\"@context\":\"https:\/\/schema.org\",\"@graph\":[{\"@type\":\"WebPage\",\"@id\":\"https:\/\/www.thecarpetwashingmachine.com\/hsm-3200\/\",\"url\":\"https:\/\/www.thecarpetwashingmachine.com\/hsm-3200\/\",\"name\":\"Hal\u0131 S\u0131kma Makinesi - HSM 3200 - \u041c\u0430\u0448\u0438\u043d\u0430 \u0434\u043b\u044f \u043e\u0442\u0436\u0438\u043c\u0430 \u043a\u043e\u0432\u0440\u043e\u0432\",\"isPartOf\":{\"@id\":\"https:\/\/www.thecarpetwashingmachine.com\/#website\"},\"primaryImageOfPage\":{\"@id\":\"https:\/\/www.thecarpetwashingmachine.com\/hsm-3200\/#primaryimage\"},\"image\":{\"@id\":\"https:\/\/www.thecarpetwashingmachine.com\/hsm-3200\/#primaryimage\"},\"thumbnailUrl\":\"https:\/\/www.thecarpetwashingmachine.com\/wp-content\/uploads\/2025\/07\/Untitled-design-11.png\",\"datePublished\":\"2025-07-11T12:34:32+00:00\",\"dateModified\":\"2025-07-29T06:22:38+00:00\",\"description\":\"HSM 3200: \u041f\u0440\u043e\u0444\u0435\u0441\u0441\u0438\u043e\u043d\u0430\u043b\u044c\u043d\u0430\u044f \u0441\u0443\u0448\u043a\u0430 \u043a\u043e\u0432\u0440\u043e\u0432. \u0413\u043b\u0443\u0431\u043e\u043a\u0438\u0439 \u0431\u0430\u0440\u0430\u0431\u0430\u043d 3200 \u043c\u043c, INOX 304 \u0438 \u0434\u0432\u0438\u0433\u0430\u0442\u0435\u043b\u044c 5,5 \u043a\u0412\u0442 \u0434\u043b\u044f \u043d\u0430\u0434\u0435\u0436\u043d\u043e\u0439 \u0440\u0430\u0431\u043e\u0442\u044b.\",\"breadcrumb\":{\"@id\":\"https:\/\/www.thecarpetwashingmachine.com\/hsm-3200\/#breadcrumb\"},\"inLanguage\":\"tr\",\"potentialAction\":[{\"@type\":\"ReadAction\",\"target\":[\"https:\/\/www.thecarpetwashingmachine.com\/hsm-3200\/\"]}]},{\"@type\":\"ImageObject\",\"inLanguage\":\"tr\",\"@id\":\"https:\/\/www.thecarpetwashingmachine.com\/hsm-3200\/#primaryimage\",\"url\":\"https:\/\/www.thecarpetwashingmachine.com\/wp-content\/uploads\/2025\/07\/Untitled-design-11.png\",\"contentUrl\":\"https:\/\/www.thecarpetwashingmachine.com\/wp-content\/uploads\/2025\/07\/Untitled-design-11.png\"},{\"@type\":\"BreadcrumbList\",\"@id\":\"https:\/\/www.thecarpetwashingmachine.com\/hsm-3200\/#breadcrumb\",\"itemListElement\":[{\"@type\":\"ListItem\",\"position\":1,\"name\":\"Home\",\"item\":\"https:\/\/www.thecarpetwashingmachine.com\/\"},{\"@type\":\"ListItem\",\"position\":2,\"name\":\"Carpet Wringing Machine &#8211; HSM 3200\"}]},{\"@type\":\"WebSite\",\"@id\":\"https:\/\/www.thecarpetwashingmachine.com\/#website\",\"url\":\"https:\/\/www.thecarpetwashingmachine.com\/\",\"name\":\"Hal\u0131 Y\u0131kama Makinesi\",\"description\":\"Hal\u0131 y\u0131kama makinesi t\u00fcm d\u00fcnyada!\",\"potentialAction\":[{\"@type\":\"SearchAction\",\"target\":{\"@type\":\"EntryPoint\",\"urlTemplate\":\"https:\/\/www.thecarpetwashingmachine.com\/?s={search_term_string}\"},\"query-input\":{\"@type\":\"PropertyValueSpecification\",\"valueRequired\":true,\"valueName\":\"search_term_string\"}}],\"inLanguage\":\"tr\"}]}<\/script>\n<!-- \/ Yoast SEO plugin. -->","yoast_head_json":{"title":"Hal\u0131 S\u0131kma Makinesi - HSM 3200 - Hal\u0131 S\u0131kma Makinesi","description":"HSM 3200: Geni\u015f kapasiteli ve dayan\u0131kl\u0131 hal\u0131 s\u0131kma makinesi. 3200mm tamburu, INOX \u00e7eli\u011fi ve 5.5 kW motoruyla \u00fcst\u00fcn kurutma.","robots":{"index":"index","follow":"follow","max-snippet":"max-snippet:-1","max-image-preview":"max-image-preview:large","max-video-preview":"max-video-preview:-1"},"canonical":"https:\/\/www.thecarpetwashingmachine.com\/hsm-3200\/","og_locale":"tr_TR","og_type":"article","og_title":"Hal\u0131 S\u0131kma Makinesi - HSM 3200 - Hal\u0131 S\u0131kma Makinesi","og_description":"HSM 3200: Geni\u015f kapasiteli ve dayan\u0131kl\u0131 hal\u0131 s\u0131kma makinesi. 3200mm tamburu, INOX \u00e7eli\u011fi ve 5.5 kW motoruyla \u00fcst\u00fcn kurutma.","og_url":"https:\/\/www.thecarpetwashingmachine.com\/hsm-3200\/","og_site_name":"Hal\u0131 Y\u0131kama Makinesi","article_publisher":"http:\/\/www.facebook.com\/carpetwashingmachine","article_modified_time":"2025-07-29T06:22:38+00:00","og_image":[{"width":750,"height":500,"url":"https:\/\/www.thecarpetwashingmachine.com\/wp-content\/uploads\/2025\/07\/Untitled-design-11.png","type":"image\/png"}],"twitter_card":"summary_large_image","twitter_misc":{"Tahmini okuma s\u00fcresi":"1 dakika"},"schema":{"@context":"https:\/\/schema.org","@graph":[{"@type":"WebPage","@id":"https:\/\/www.thecarpetwashingmachine.com\/hsm-3200\/","url":"https:\/\/www.thecarpetwashingmachine.com\/hsm-3200\/","name":"Hal\u0131 S\u0131kma Makinesi - HSM 3200 - \u041c\u0430\u0448\u0438\u043d\u0430 \u0434\u043b\u044f \u043e\u0442\u0436\u0438\u043c\u0430 \u043a\u043e\u0432\u0440\u043e\u0432","isPartOf":{"@id":"https:\/\/www.thecarpetwashingmachine.com\/#website"},"primaryImageOfPage":{"@id":"https:\/\/www.thecarpetwashingmachine.com\/hsm-3200\/#primaryimage"},"image":{"@id":"https:\/\/www.thecarpetwashingmachine.com\/hsm-3200\/#primaryimage"},"thumbnailUrl":"https:\/\/www.thecarpetwashingmachine.com\/wp-content\/uploads\/2025\/07\/Untitled-design-11.png","datePublished":"2025-07-11T12:34:32+00:00","dateModified":"2025-07-29T06:22:38+00:00","description":"HSM 3200: \u041f\u0440\u043e\u0444\u0435\u0441\u0441\u0438\u043e\u043d\u0430\u043b\u044c\u043d\u0430\u044f \u0441\u0443\u0448\u043a\u0430 \u043a\u043e\u0432\u0440\u043e\u0432. \u0413\u043b\u0443\u0431\u043e\u043a\u0438\u0439 \u0431\u0430\u0440\u0430\u0431\u0430\u043d 3200 \u043c\u043c, INOX 304 \u0438 \u0434\u0432\u0438\u0433\u0430\u0442\u0435\u043b\u044c 5,5 \u043a\u0412\u0442 \u0434\u043b\u044f \u043d\u0430\u0434\u0435\u0436\u043d\u043e\u0439 \u0440\u0430\u0431\u043e\u0442\u044b.","breadcrumb":{"@id":"https:\/\/www.thecarpetwashingmachine.com\/hsm-3200\/#breadcrumb"},"inLanguage":"tr","potentialAction":[{"@type":"ReadAction","target":["https:\/\/www.thecarpetwashingmachine.com\/hsm-3200\/"]}]},{"@type":"ImageObject","inLanguage":"tr","@id":"https:\/\/www.thecarpetwashingmachine.com\/hsm-3200\/#primaryimage","url":"https:\/\/www.thecarpetwashingmachine.com\/wp-content\/uploads\/2025\/07\/Untitled-design-11.png","contentUrl":"https:\/\/www.thecarpetwashingmachine.com\/wp-content\/uploads\/2025\/07\/Untitled-design-11.png"},{"@type":"BreadcrumbList","@id":"https:\/\/www.thecarpetwashingmachine.com\/hsm-3200\/#breadcrumb","itemListElement":[{"@type":"ListItem","position":1,"name":"Home","item":"https:\/\/www.thecarpetwashingmachine.com\/"},{"@type":"ListItem","position":2,"name":"Carpet Wringing Machine &#8211; HSM 3200"}]},{"@type":"WebSite","@id":"https:\/\/www.thecarpetwashingmachine.com\/#website","url":"https:\/\/www.thecarpetwashingmachine.com\/","name":"Hal\u0131 Y\u0131kama Makinesi","description":"Hal\u0131 y\u0131kama makinesi t\u00fcm d\u00fcnyada!","potentialAction":[{"@type":"SearchAction","target":{"@type":"EntryPoint","urlTemplate":"https:\/\/www.thecarpetwashingmachine.com\/?s={search_term_string}"},"query-input":{"@type":"PropertyValueSpecification","valueRequired":true,"valueName":"search_term_string"}}],"inLanguage":"tr"}]}},"_links":{"self":[{"href":"https:\/\/www.thecarpetwashingmachine.com\/tr\/wp-json\/wp\/v2\/pages\/2177","targetHints":{"allow":["GET"]}}],"collection":[{"href":"https:\/\/www.thecarpetwashingmachine.com\/tr\/wp-json\/wp\/v2\/pages"}],"about":[{"href":"https:\/\/www.thecarpetwashingmachine.com\/tr\/wp-json\/wp\/v2\/types\/page"}],"author":[{"embeddable":true,"href":"https:\/\/www.thecarpetwashingmachine.com\/tr\/wp-json\/wp\/v2\/users\/1"}],"replies":[{"embeddable":true,"href":"https:\/\/www.thecarpetwashingmachine.com\/tr\/wp-json\/wp\/v2\/comments?post=2177"}],"version-history":[{"count":26,"href":"https:\/\/www.thecarpetwashingmachine.com\/tr\/wp-json\/wp\/v2\/pages\/2177\/revisions"}],"predecessor-version":[{"id":2545,"href":"https:\/\/www.thecarpetwashingmachine.com\/tr\/wp-json\/wp\/v2\/pages\/2177\/revisions\/2545"}],"wp:attachment":[{"href":"https:\/\/www.thecarpetwashingmachine.com\/tr\/wp-json\/wp\/v2\/media?parent=2177"}],"curies":[{"name":"wp","href":"https:\/\/api.w.org\/{rel}","templated":true}]}}