{"id":191,"date":"2022-11-02T06:32:43","date_gmt":"2022-11-02T06:32:43","guid":{"rendered":"https:\/\/www.thecarpetwashingmachine.com\/?page_id=191"},"modified":"2025-07-07T10:34:22","modified_gmt":"2025-07-07T10:34:22","slug":"how-to-contact-a-carpet-washing-machines-supplier","status":"publish","type":"page","link":"https:\/\/www.thecarpetwashingmachine.com\/tr\/how-to-contact-a-carpet-washing-machines-supplier\/","title":{"rendered":"Hal\u0131 Y\u0131kama Makineleri Tedarik\u00e7isine Nas\u0131l Ula\u015f\u0131l\u0131r?"},"content":{"rendered":"<div class=\"wp-block-image\">\n<figure class=\"aligncenter size-full\"><img loading=\"lazy\" decoding=\"async\" width=\"826\" height=\"390\" src=\"https:\/\/www.thecarpetwashingmachine.com\/wp-content\/uploads\/2025\/01\/hali-yikama-makinasi-kullanimi-1.jpg\" alt=\"\" class=\"wp-image-384\" srcset=\"https:\/\/www.thecarpetwashingmachine.com\/wp-content\/uploads\/2025\/01\/hali-yikama-makinasi-kullanimi-1.jpg 826w, https:\/\/www.thecarpetwashingmachine.com\/wp-content\/uploads\/2025\/01\/hali-yikama-makinasi-kullanimi-1-300x142.jpg 300w, https:\/\/www.thecarpetwashingmachine.com\/wp-content\/uploads\/2025\/01\/hali-yikama-makinasi-kullanimi-1-768x363.jpg 768w\" sizes=\"auto, (max-width: 826px) 100vw, 826px\" \/><\/figure><\/div>\n\n\n<p><\/p>\n\n\n\n<h2 class=\"wp-block-heading\">Hal\u0131 Y\u0131kama \u0130\u015fine Yeni Ba\u015flayanlar \u0130\u00e7in Rehber<\/h2>\n\n\n\n<p>Hal\u0131 y\u0131kama i\u015finde yeniyseniz (makineler hakk\u0131nda bilginiz yoksa veya yeni bir i\u015f kurmay\u0131 d\u00fc\u015f\u00fcn\u00fcyorsan\u0131z), muhtemelen ilk \u00f6\u011frenmek isteyece\u011finiz \u015fey makinelerin fiyat\u0131d\u0131r. Fiyatland\u0131rma \u00f6nemli olmakla birlikte, tedarik\u00e7iyle nas\u0131l ileti\u015fim kurdu\u011funuz da b\u00fcy\u00fck \u00f6nem ta\u015f\u0131r.<\/p>\n\n\n\n<h2 class=\"wp-block-heading\">Hal\u0131 Y\u0131kama Makinesi Ne Kadar?<\/h2>\n\n\n\n<p>Sadece &#8220;Hal\u0131 y\u0131kama makinesi ne kadar?&#8221; diye sormak, tedarik\u00e7iye ilginizi belirtmek i\u00e7in iyi bir yol de\u011fildir. Tedarik\u00e7i hemen bu makineler hakk\u0131nda hi\u00e7bir \u015fey bilmedi\u011finizi d\u00fc\u015f\u00fcnecektir. E\u011fer k\u00f6t\u00fc niyetli bir tedarik\u00e7iyse, paran\u0131z\u0131 almak i\u00e7in size en ucuz (ve b\u00fcy\u00fck olas\u0131l\u0131kla en az kullan\u0131\u015fl\u0131) hal\u0131 y\u0131kama makinesini sunacakt\u0131r. Bu, sekt\u00f6r\u00fcm\u00fczde olduk\u00e7a yayg\u0131n bir durumdur.<\/p>\n\n\n\n<p>Ancak, size ger\u00e7ekten yard\u0131mc\u0131 olmak isteyen bir tedarik\u00e7inin &#8220;Hal\u0131 y\u0131kama makinesi ne kadar?&#8221; sorusundan daha fazlas\u0131na ihtiyac\u0131 vard\u0131r.<\/p>\n\n\n\n<h2 class=\"wp-block-heading\">\u015eirket Profilinizi Tan\u0131t\u0131n<\/h2>\n\n\n\n<p>Kendinizi isminizle tan\u0131tt\u0131ktan sonra i\u015fe ba\u015flaman\u0131n en iyi yolu \u015firketinizi tan\u0131tmakt\u0131r. \u015eirket profilinizi, \u015firketinizin ka\u00e7 ya\u015f\u0131nda oldu\u011funu, nerede bulundu\u011funuzu, sundu\u011funuz hizmetleri ve elbette projenizi detayl\u0131 bir \u015fekilde a\u00e7\u0131klay\u0131n. Bu detaylar, makinelerin kurulaca\u011f\u0131 ma\u011fazan\u0131n \u00f6zelliklerini, m\u00fcmk\u00fcnse bir \u00e7izimi ve i\u015finiz i\u00e7in neye ihtiyac\u0131n\u0131z olaca\u011f\u0131n\u0131 i\u00e7ermelidir. E\u011fer bir arac\u0131 firma iseniz, tedarik\u00e7iye bunu \u00f6nceden bildirmelisiniz. E-postalar\u0131n\u0131z\u0131 ticari bir e-posta adresi (GMail, Yahoo, Outlook de\u011fil, web sitenizin alan ad\u0131yla biten bir e-posta) \u00fczerinden g\u00f6ndermeniz en iyisidir. Bu, tedarik\u00e7i \u00fczerinde iyi bir izlenim b\u0131rakacakt\u0131r.<\/p>\n\n\n\n<h2 class=\"wp-block-heading\">Yeni Giri\u015fimciler \u0130\u00e7in \u00d6neriler<\/h2>\n\n\n\n<p>E\u011fer bu i\u015fe yeni ba\u015fl\u0131yorsan\u0131z ve hen\u00fcz bir \u015firketiniz yoksa, niyetlerinizi a\u00e7\u0131k\u00e7a belirtmelisiniz. Yukar\u0131da a\u00e7\u0131klanan baz\u0131 sorular burada da ge\u00e7erlidir: Nerede bulundu\u011funuzu ve projenize nerede ba\u015flayaca\u011f\u0131n\u0131z\u0131 belirtin, i\u015f i\u00e7in uygun bir d\u00fckkan\u0131n\u0131z olup olmad\u0131\u011f\u0131n\u0131 (alan, elektrik \u015febekesi gibi detaylar\u0131 eklemelisiniz) bildirin. Ticari bir e-posta adresiniz olmad\u0131\u011f\u0131 durumlarda, tedarik\u00e7i sizinle ileti\u015fim kurmak i\u00e7in ba\u015fka yollar (Whatsapp, Messenger vb.) isteyebilir. Bu sizin i\u00e7in sorun olmamal\u0131d\u0131r, \u00e7\u00fcnk\u00fc \u00e7o\u011fu durumda e-postalar ger\u00e7ek adreslerine asla ula\u015fmaz ve bu nedenle okunmaz. Tedarik\u00e7i, e-postay\u0131 ald\u0131\u011f\u0131n\u0131zdan emin olmak ister.<\/p>\n\n\n\n<h2 class=\"wp-block-heading\">\u0130lgilendi\u011finiz \u00dcr\u00fcnleri Belirtin<\/h2>\n\n\n\n<p>Bir tedarik\u00e7i, end\u00fcstriyel tam otomatik hal\u0131 y\u0131kama makinelerinden hidro-s\u0131k\u0131c\u0131lara kadar \u00e7ok say\u0131da \u00fcr\u00fcne sahip olabilir. Bu durumda, \u00f6zellikle hangi makinelerle ilgilendi\u011finizi a\u00e7\u0131klaman\u0131z gerekir. Bu, daha h\u0131zl\u0131 fiyat alman\u0131z\u0131 sa\u011flayacakt\u0131r. Tedarik\u00e7i size e-posta veya ba\u015fka yollarla bir katalog g\u00f6nderecektir. Bu katalogda makineler muhtemelen farkl\u0131 modellerde sunulacakt\u0131r. Unutulmamal\u0131d\u0131r ki model numaralar\u0131 genellikle \u00f6l\u00e7\u00fcy\u00fc belirtir (\u00f6rne\u011fin, bir hal\u0131 y\u0131kama makinesi model numaras\u0131 3200 ise, bu 3.2 metre geni\u015fli\u011fe kadar olan hal\u0131lar i\u00e7in oldu\u011fu anlam\u0131na gelir; hal\u0131 y\u0131kama makinelerinde boy genellikle \u00f6nemli de\u011fildir). \u0130htiyac\u0131n\u0131z olan her makineyi tek tek belirtmeniz (\u00f6rne\u011fin: 4200 tam otomatik hal\u0131 y\u0131kama makinesi, 4+4=8 disk f\u0131r\u00e7al\u0131 ve 1 silindirik f\u0131r\u00e7al\u0131; 4200 \u00e7ap\u0131nda ve fren sistemli hal\u0131 s\u0131kma makinesi) tedarik\u00e7inin katalo\u011funu detayl\u0131 olarak okudu\u011funuz ve her ayr\u0131nt\u0131ya dikkat etti\u011finiz anlam\u0131na gelecektir.<\/p>\n\n\n\n<p>&nbsp;<\/p>\n","protected":false},"excerpt":{"rendered":"<p>Hal\u0131 Y\u0131kama \u0130\u015fine Yeni Ba\u015flayanlar \u0130\u00e7in Rehber Hal\u0131 y\u0131kama i\u015finde yeniyseniz (makineler hakk\u0131nda bilginiz yoksa veya yeni bir i\u015f kurmay\u0131 d\u00fc\u015f\u00fcn\u00fcyorsan\u0131z), muhtemelen ilk \u00f6\u011frenmek isteyece\u011finiz&hellip;<\/p>\n","protected":false},"author":1,"featured_media":0,"parent":0,"menu_order":0,"comment_status":"closed","ping_status":"closed","template":"","meta":{"footnotes":""},"class_list":["post-191","page","type-page","status-publish","hentry"],"translation":{"provider":"WPGlobus","version":"3.0.0","language":"tr","enabled_languages":["en","tr","fr","ar","es","de","pt","ru"],"languages":{"en":{"title":true,"content":true,"excerpt":false},"tr":{"title":true,"content":true,"excerpt":false},"fr":{"title":true,"content":true,"excerpt":false},"ar":{"title":true,"content":true,"excerpt":false},"es":{"title":true,"content":true,"excerpt":false},"de":{"title":true,"content":true,"excerpt":false},"pt":{"title":true,"content":true,"excerpt":false},"ru":{"title":true,"content":true,"excerpt":false}}},"yoast_head":"<!-- This site is optimized with the Yoast SEO plugin v24.7 - https:\/\/yoast.com\/wordpress\/plugins\/seo\/ -->\n<title>Hal\u0131 Y\u0131kama Makineleri Tedarik\u00e7isine Nas\u0131l Ula\u015f\u0131l\u0131r? - Hal\u0131 Y\u0131kama Makinesi<\/title>\n<meta name=\"description\" content=\"Hal\u0131 y\u0131kama makinesi tedarik\u00e7isi aray\u0131\u015f\u0131nda m\u0131s\u0131n\u0131z? G\u00fcvenilir \u00fcreticilerle ba\u011flant\u0131 kurmak ve teklif almak i\u00e7in uzman ipu\u00e7lar\u0131n\u0131 ke\u015ffedin.\" \/>\n<meta name=\"robots\" content=\"index, follow, max-snippet:-1, max-image-preview:large, max-video-preview:-1\" \/>\n<link rel=\"canonical\" href=\"https:\/\/www.thecarpetwashingmachine.com\/how-to-contact-a-carpet-washing-machines-supplier\/\" \/>\n<meta property=\"og:locale\" content=\"tr_TR\" \/>\n<meta property=\"og:type\" content=\"article\" \/>\n<meta property=\"og:title\" content=\"Hal\u0131 Y\u0131kama Makineleri Tedarik\u00e7isine Nas\u0131l Ula\u015f\u0131l\u0131r? - Hal\u0131 Y\u0131kama Makinesi\" \/>\n<meta property=\"og:description\" content=\"Hal\u0131 y\u0131kama makinesi tedarik\u00e7isi aray\u0131\u015f\u0131nda m\u0131s\u0131n\u0131z? G\u00fcvenilir \u00fcreticilerle ba\u011flant\u0131 kurmak ve teklif almak i\u00e7in uzman ipu\u00e7lar\u0131n\u0131 ke\u015ffedin.\" \/>\n<meta property=\"og:url\" content=\"https:\/\/www.thecarpetwashingmachine.com\/how-to-contact-a-carpet-washing-machines-supplier\/\" \/>\n<meta property=\"og:site_name\" content=\"Hal\u0131 Y\u0131kama Makinesi\" \/>\n<meta property=\"article:publisher\" content=\"http:\/\/www.facebook.com\/carpetwashingmachine\" \/>\n<meta property=\"article:modified_time\" content=\"2025-07-07T10:34:22+00:00\" \/>\n<meta property=\"og:image\" content=\"https:\/\/www.thecarpetwashingmachine.com\/wp-content\/uploads\/2025\/01\/hali-yikama-makinasi-kullanimi-1.jpg\" \/>\n\t<meta property=\"og:image:width\" content=\"826\" \/>\n\t<meta property=\"og:image:height\" content=\"390\" \/>\n\t<meta property=\"og:image:type\" content=\"image\/jpeg\" \/>\n<meta name=\"twitter:card\" content=\"summary_large_image\" \/>\n<meta name=\"twitter:label1\" content=\"Tahmini okuma s\u00fcresi\" \/>\n\t<meta name=\"twitter:data1\" content=\"3 dakika\" \/>\n<script type=\"application\/ld+json\" class=\"yoast-schema-graph\">{\"@context\":\"https:\/\/schema.org\",\"@graph\":[{\"@type\":\"WebPage\",\"@id\":\"https:\/\/www.thecarpetwashingmachine.com\/how-to-contact-a-carpet-washing-machines-supplier\/\",\"url\":\"https:\/\/www.thecarpetwashingmachine.com\/how-to-contact-a-carpet-washing-machines-supplier\/\",\"name\":\"\u041a\u0430\u043a \u0441\u0432\u044f\u0437\u0430\u0442\u044c\u0441\u044f \u0441 \u043f\u043e\u0441\u0442\u0430\u0432\u0449\u0438\u043a\u043e\u043c \u043c\u0430\u0448\u0438\u043d \u0434\u043b\u044f \u0441\u0442\u0438\u0440\u043a\u0438 \u043a\u043e\u0432\u0440\u043e\u0432? - Hal\u0131 Y\u0131kama Makinesi\",\"isPartOf\":{\"@id\":\"https:\/\/www.thecarpetwashingmachine.com\/#website\"},\"primaryImageOfPage\":{\"@id\":\"https:\/\/www.thecarpetwashingmachine.com\/how-to-contact-a-carpet-washing-machines-supplier\/#primaryimage\"},\"image\":{\"@id\":\"https:\/\/www.thecarpetwashingmachine.com\/how-to-contact-a-carpet-washing-machines-supplier\/#primaryimage\"},\"thumbnailUrl\":\"https:\/\/www.thecarpetwashingmachine.com\/wp-content\/uploads\/2025\/01\/hali-yikama-makinasi-kullanimi-1.jpg\",\"datePublished\":\"2022-11-02T06:32:43+00:00\",\"dateModified\":\"2025-07-07T10:34:22+00:00\",\"description\":\"\u041d\u0443\u0436\u043d\u043e \u0441\u0432\u044f\u0437\u0430\u0442\u044c\u0441\u044f \u0441 \u043f\u043e\u0441\u0442\u0430\u0432\u0449\u0438\u043a\u043e\u043c \u043c\u0430\u0448\u0438\u043d \u0434\u043b\u044f \u0441\u0442\u0438\u0440\u043a\u0438 \u043a\u043e\u0432\u0440\u043e\u0432? \u041e\u0442\u043a\u0440\u043e\u0439\u0442\u0435 \u0434\u043b\u044f \u0441\u0435\u0431\u044f \u0441\u043e\u0432\u0435\u0442\u044b \u044d\u043a\u0441\u043f\u0435\u0440\u0442\u043e\u0432, \u0447\u0442\u043e\u0431\u044b \u043d\u0430\u043b\u0430\u0434\u0438\u0442\u044c \u0441\u0432\u044f\u0437\u044c \u0438 \u043f\u043e\u043b\u0443\u0447\u0438\u0442\u044c \u043f\u0440\u0435\u0434\u043b\u043e\u0436\u0435\u043d\u0438\u044f.\",\"breadcrumb\":{\"@id\":\"https:\/\/www.thecarpetwashingmachine.com\/how-to-contact-a-carpet-washing-machines-supplier\/#breadcrumb\"},\"inLanguage\":\"tr\",\"potentialAction\":[{\"@type\":\"ReadAction\",\"target\":[\"https:\/\/www.thecarpetwashingmachine.com\/how-to-contact-a-carpet-washing-machines-supplier\/\"]}]},{\"@type\":\"ImageObject\",\"inLanguage\":\"tr\",\"@id\":\"https:\/\/www.thecarpetwashingmachine.com\/how-to-contact-a-carpet-washing-machines-supplier\/#primaryimage\",\"url\":\"https:\/\/www.thecarpetwashingmachine.com\/wp-content\/uploads\/2025\/01\/hali-yikama-makinasi-kullanimi-1.jpg\",\"contentUrl\":\"https:\/\/www.thecarpetwashingmachine.com\/wp-content\/uploads\/2025\/01\/hali-yikama-makinasi-kullanimi-1.jpg\"},{\"@type\":\"BreadcrumbList\",\"@id\":\"https:\/\/www.thecarpetwashingmachine.com\/how-to-contact-a-carpet-washing-machines-supplier\/#breadcrumb\",\"itemListElement\":[{\"@type\":\"ListItem\",\"position\":1,\"name\":\"Home\",\"item\":\"https:\/\/www.thecarpetwashingmachine.com\/\"},{\"@type\":\"ListItem\",\"position\":2,\"name\":\"How to Contact a Carpet Washing Machines Supplier?\"}]},{\"@type\":\"WebSite\",\"@id\":\"https:\/\/www.thecarpetwashingmachine.com\/#website\",\"url\":\"https:\/\/www.thecarpetwashingmachine.com\/\",\"name\":\"Hal\u0131 Y\u0131kama Makinesi\",\"description\":\"Hal\u0131 y\u0131kama makinesi t\u00fcm d\u00fcnyada!\",\"potentialAction\":[{\"@type\":\"SearchAction\",\"target\":{\"@type\":\"EntryPoint\",\"urlTemplate\":\"https:\/\/www.thecarpetwashingmachine.com\/?s={search_term_string}\"},\"query-input\":{\"@type\":\"PropertyValueSpecification\",\"valueRequired\":true,\"valueName\":\"search_term_string\"}}],\"inLanguage\":\"tr\"}]}<\/script>\n<!-- \/ Yoast SEO plugin. -->","yoast_head_json":{"title":"Hal\u0131 Y\u0131kama Makineleri Tedarik\u00e7isine Nas\u0131l Ula\u015f\u0131l\u0131r? - Hal\u0131 Y\u0131kama Makinesi","description":"Hal\u0131 y\u0131kama makinesi tedarik\u00e7isi aray\u0131\u015f\u0131nda m\u0131s\u0131n\u0131z? G\u00fcvenilir \u00fcreticilerle ba\u011flant\u0131 kurmak ve teklif almak i\u00e7in uzman ipu\u00e7lar\u0131n\u0131 ke\u015ffedin.","robots":{"index":"index","follow":"follow","max-snippet":"max-snippet:-1","max-image-preview":"max-image-preview:large","max-video-preview":"max-video-preview:-1"},"canonical":"https:\/\/www.thecarpetwashingmachine.com\/how-to-contact-a-carpet-washing-machines-supplier\/","og_locale":"tr_TR","og_type":"article","og_title":"Hal\u0131 Y\u0131kama Makineleri Tedarik\u00e7isine Nas\u0131l Ula\u015f\u0131l\u0131r? - Hal\u0131 Y\u0131kama Makinesi","og_description":"Hal\u0131 y\u0131kama makinesi tedarik\u00e7isi aray\u0131\u015f\u0131nda m\u0131s\u0131n\u0131z? G\u00fcvenilir \u00fcreticilerle ba\u011flant\u0131 kurmak ve teklif almak i\u00e7in uzman ipu\u00e7lar\u0131n\u0131 ke\u015ffedin.","og_url":"https:\/\/www.thecarpetwashingmachine.com\/how-to-contact-a-carpet-washing-machines-supplier\/","og_site_name":"Hal\u0131 Y\u0131kama Makinesi","article_publisher":"http:\/\/www.facebook.com\/carpetwashingmachine","article_modified_time":"2025-07-07T10:34:22+00:00","og_image":[{"width":826,"height":390,"url":"https:\/\/www.thecarpetwashingmachine.com\/wp-content\/uploads\/2025\/01\/hali-yikama-makinasi-kullanimi-1.jpg","type":"image\/jpeg"}],"twitter_card":"summary_large_image","twitter_misc":{"Tahmini okuma s\u00fcresi":"3 dakika"},"schema":{"@context":"https:\/\/schema.org","@graph":[{"@type":"WebPage","@id":"https:\/\/www.thecarpetwashingmachine.com\/how-to-contact-a-carpet-washing-machines-supplier\/","url":"https:\/\/www.thecarpetwashingmachine.com\/how-to-contact-a-carpet-washing-machines-supplier\/","name":"\u041a\u0430\u043a \u0441\u0432\u044f\u0437\u0430\u0442\u044c\u0441\u044f \u0441 \u043f\u043e\u0441\u0442\u0430\u0432\u0449\u0438\u043a\u043e\u043c \u043c\u0430\u0448\u0438\u043d \u0434\u043b\u044f \u0441\u0442\u0438\u0440\u043a\u0438 \u043a\u043e\u0432\u0440\u043e\u0432? - Hal\u0131 Y\u0131kama Makinesi","isPartOf":{"@id":"https:\/\/www.thecarpetwashingmachine.com\/#website"},"primaryImageOfPage":{"@id":"https:\/\/www.thecarpetwashingmachine.com\/how-to-contact-a-carpet-washing-machines-supplier\/#primaryimage"},"image":{"@id":"https:\/\/www.thecarpetwashingmachine.com\/how-to-contact-a-carpet-washing-machines-supplier\/#primaryimage"},"thumbnailUrl":"https:\/\/www.thecarpetwashingmachine.com\/wp-content\/uploads\/2025\/01\/hali-yikama-makinasi-kullanimi-1.jpg","datePublished":"2022-11-02T06:32:43+00:00","dateModified":"2025-07-07T10:34:22+00:00","description":"\u041d\u0443\u0436\u043d\u043e \u0441\u0432\u044f\u0437\u0430\u0442\u044c\u0441\u044f \u0441 \u043f\u043e\u0441\u0442\u0430\u0432\u0449\u0438\u043a\u043e\u043c \u043c\u0430\u0448\u0438\u043d \u0434\u043b\u044f \u0441\u0442\u0438\u0440\u043a\u0438 \u043a\u043e\u0432\u0440\u043e\u0432? \u041e\u0442\u043a\u0440\u043e\u0439\u0442\u0435 \u0434\u043b\u044f \u0441\u0435\u0431\u044f \u0441\u043e\u0432\u0435\u0442\u044b \u044d\u043a\u0441\u043f\u0435\u0440\u0442\u043e\u0432, \u0447\u0442\u043e\u0431\u044b \u043d\u0430\u043b\u0430\u0434\u0438\u0442\u044c \u0441\u0432\u044f\u0437\u044c \u0438 \u043f\u043e\u043b\u0443\u0447\u0438\u0442\u044c \u043f\u0440\u0435\u0434\u043b\u043e\u0436\u0435\u043d\u0438\u044f.","breadcrumb":{"@id":"https:\/\/www.thecarpetwashingmachine.com\/how-to-contact-a-carpet-washing-machines-supplier\/#breadcrumb"},"inLanguage":"tr","potentialAction":[{"@type":"ReadAction","target":["https:\/\/www.thecarpetwashingmachine.com\/how-to-contact-a-carpet-washing-machines-supplier\/"]}]},{"@type":"ImageObject","inLanguage":"tr","@id":"https:\/\/www.thecarpetwashingmachine.com\/how-to-contact-a-carpet-washing-machines-supplier\/#primaryimage","url":"https:\/\/www.thecarpetwashingmachine.com\/wp-content\/uploads\/2025\/01\/hali-yikama-makinasi-kullanimi-1.jpg","contentUrl":"https:\/\/www.thecarpetwashingmachine.com\/wp-content\/uploads\/2025\/01\/hali-yikama-makinasi-kullanimi-1.jpg"},{"@type":"BreadcrumbList","@id":"https:\/\/www.thecarpetwashingmachine.com\/how-to-contact-a-carpet-washing-machines-supplier\/#breadcrumb","itemListElement":[{"@type":"ListItem","position":1,"name":"Home","item":"https:\/\/www.thecarpetwashingmachine.com\/"},{"@type":"ListItem","position":2,"name":"How to Contact a Carpet Washing Machines Supplier?"}]},{"@type":"WebSite","@id":"https:\/\/www.thecarpetwashingmachine.com\/#website","url":"https:\/\/www.thecarpetwashingmachine.com\/","name":"Hal\u0131 Y\u0131kama Makinesi","description":"Hal\u0131 y\u0131kama makinesi t\u00fcm d\u00fcnyada!","potentialAction":[{"@type":"SearchAction","target":{"@type":"EntryPoint","urlTemplate":"https:\/\/www.thecarpetwashingmachine.com\/?s={search_term_string}"},"query-input":{"@type":"PropertyValueSpecification","valueRequired":true,"valueName":"search_term_string"}}],"inLanguage":"tr"}]}},"_links":{"self":[{"href":"https:\/\/www.thecarpetwashingmachine.com\/tr\/wp-json\/wp\/v2\/pages\/191","targetHints":{"allow":["GET"]}}],"collection":[{"href":"https:\/\/www.thecarpetwashingmachine.com\/tr\/wp-json\/wp\/v2\/pages"}],"about":[{"href":"https:\/\/www.thecarpetwashingmachine.com\/tr\/wp-json\/wp\/v2\/types\/page"}],"author":[{"embeddable":true,"href":"https:\/\/www.thecarpetwashingmachine.com\/tr\/wp-json\/wp\/v2\/users\/1"}],"replies":[{"embeddable":true,"href":"https:\/\/www.thecarpetwashingmachine.com\/tr\/wp-json\/wp\/v2\/comments?post=191"}],"version-history":[{"count":39,"href":"https:\/\/www.thecarpetwashingmachine.com\/tr\/wp-json\/wp\/v2\/pages\/191\/revisions"}],"predecessor-version":[{"id":1974,"href":"https:\/\/www.thecarpetwashingmachine.com\/tr\/wp-json\/wp\/v2\/pages\/191\/revisions\/1974"}],"wp:attachment":[{"href":"https:\/\/www.thecarpetwashingmachine.com\/tr\/wp-json\/wp\/v2\/media?parent=191"}],"curies":[{"name":"wp","href":"https:\/\/api.w.org\/{rel}","templated":true}]}}