{"id":176,"date":"2023-05-22T07:29:39","date_gmt":"2023-05-22T07:29:39","guid":{"rendered":"https:\/\/www.thecarpetwashingmachine.com\/?page_id=176"},"modified":"2025-07-03T13:28:08","modified_gmt":"2025-07-03T13:28:08","slug":"how-can-i-prepare-a-carpet-cleaning-shop-project","status":"publish","type":"page","link":"https:\/\/www.thecarpetwashingmachine.com\/tr\/how-can-i-prepare-a-carpet-cleaning-shop-project\/","title":{"rendered":"Hal\u0131 Y\u0131kama Tesisi Projesi Nas\u0131l Haz\u0131rlan\u0131r?"},"content":{"rendered":"\n<p>&nbsp;<\/p>\n\n\n<div class=\"wp-block-image\">\n<figure class=\"aligncenter size-full\"><img loading=\"lazy\" decoding=\"async\" width=\"750\" height=\"500\" src=\"https:\/\/www.thecarpetwashingmachine.com\/wp-content\/uploads\/2025\/07\/Untitled-design-10.png\" alt=\"Automatic carpet washing machine\" class=\"wp-image-1618\" srcset=\"https:\/\/www.thecarpetwashingmachine.com\/wp-content\/uploads\/2025\/07\/Untitled-design-10.png 750w, https:\/\/www.thecarpetwashingmachine.com\/wp-content\/uploads\/2025\/07\/Untitled-design-10-300x200.png 300w\" sizes=\"auto, (max-width: 750px) 100vw, 750px\" \/><\/figure><\/div>\n\n\n<p><\/p>\n\n\n\n<p>Hal\u0131 y\u0131kama son 5 y\u0131lda en pop\u00fcler i\u015f projelerinden biri haline geldi (2025 itibar\u0131yla). \u015eirketimiz hal\u0131 y\u0131kama makineleri i\u00e7in d\u00fcnyan\u0131n bir\u00e7ok yerinden \u00e7ok say\u0131da teklif talebi ald\u0131\u011f\u0131ndan, giri\u015fimcilere hal\u0131 y\u0131kama i\u015fi ile ilgili baz\u0131 \u00f6nemli fakt\u00f6rleri a\u00e7\u0131klamay\u0131 gerekli bulduk.<\/p>\n\n\n\n<p>Anglosfer \u00fclkelerinde bu proje hal\u0131 temizleme tesisi projesi olarak bilinmektedir.<\/p>\n\n\n\n<p>\u0130\u015fte size bir hal\u0131 temizleme tesisi projesine ba\u015flarken yapman\u0131z gereken be\u015f farkl\u0131 \u015feyi s\u0131ral\u0131yoruz:<\/p>\n\n\n\n<hr class=\"wp-block-separator has-alpha-channel-opacity is-style-wide\"\/>\n\n\n\n<h3 class=\"wp-block-heading\">1. Pazar Ara\u015ft\u0131rmas\u0131<\/h3>\n\n\n\n<p>Hizmet sunaca\u011f\u0131n\u0131z b\u00f6lgenin temizlik al\u0131\u015fkanl\u0131klar\u0131n\u0131 incelemeniz gerekir. Ayr\u0131ca, hal\u0131 kullan\u0131m\u0131n\u0131n ne kadar pop\u00fcler oldu\u011fu. Daha sonra, hal\u0131 boyutlar\u0131na g\u00f6re ihtiya\u00e7 duyulan makineler de\u011fi\u015fece\u011finden hal\u0131 boyutlar\u0131 de\u011ferlendirilmelidir. Bu detayl\u0131 ara\u015ft\u0131rma, hangi t\u00fcr hal\u0131lara yo\u011funla\u015fman\u0131z gerekti\u011fini ve tesisinizin kapasitesini nas\u0131l belirleyece\u011finizi ortaya koyacakt\u0131r.<\/p>\n\n\n\n<h3 class=\"wp-block-heading\">2. D\u00fckkan Aray\u0131\u015f\u0131<\/h3>\n\n\n\n<p>Bu i\u015fin yap\u0131laca\u011f\u0131 bir d\u00fckkan olu\u015fturulmal\u0131d\u0131r. Bu tesis, hal\u0131lar\u0131n kirliden temize sorunsuz bir \u015fekilde ak\u0131\u015f\u0131n\u0131 sa\u011flayacak, operasyonlar\u0131n\u0131z\u0131n b\u00fcy\u00fckl\u00fc\u011f\u00fcne uygun olmal\u0131d\u0131r. Su ba\u011flant\u0131s\u0131, drenaj, havaland\u0131rma ve makine yerle\u015fimi ile hal\u0131 kurutma i\u00e7in yeterli alan gibi unsurlar\u0131 g\u00f6z \u00f6n\u00fcnde bulundurmal\u0131s\u0131n\u0131z. Konumun m\u00fc\u015fteri eri\u015fimi ve lojistik kolayl\u0131\u011f\u0131 a\u00e7\u0131s\u0131ndan da avantajl\u0131 olmas\u0131 \u00f6nemlidir.<\/p>\n\n\n\n<h3 class=\"wp-block-heading\">3. Makine Belirleme<\/h3>\n\n\n\n<p>Pazar ara\u015ft\u0131rman\u0131z sonucunda elde etti\u011finiz bilgiler \u0131\u015f\u0131\u011f\u0131nda, b\u00f6lgenizdeki yayg\u0131n hal\u0131 boyutlar\u0131na ve tiplerine g\u00f6re do\u011fru makineleri se\u00e7melisiniz. Bu ad\u0131m, end\u00fcstriyel hal\u0131 y\u0131kama makineleri, durulama makineleri, suyu s\u0131kma santrif\u00fcjleri ve kurutma sistemlerini i\u00e7erir. Makinelerin kapasitesi ve \u00f6zellikleri, beklenen hizmet hacminiz ve temizlenecek hal\u0131lar\u0131n \u00f6zel ihtiya\u00e7lar\u0131 ile uyumlu olmal\u0131d\u0131r. Do\u011fru makine se\u00e7imi, hem verimlili\u011finizi hem de temizlik kalitenizi do\u011frudan etkiler.<\/p>\n\n\n\n<h3 class=\"wp-block-heading\">4. Operasyonel Kurulum ve \u0130\u015f Ak\u0131\u015f\u0131<\/h3>\n\n\n\n<p>Fiziksel tesisinizi ve makinelerinizi belirledikten sonra, operasyonel s\u00fcre\u00e7lerinizi kurmaya odaklanmal\u0131s\u0131n\u0131z. Bu, tesiste hal\u0131lar\u0131n giri\u015finden \u00e7\u0131k\u0131\u015f\u0131na kadar olan ad\u0131mlar\u0131 kapsayan verimli bir i\u015f ak\u0131\u015f\u0131 tasarlamay\u0131 i\u00e7erir. Manuel i\u015flemeyi en aza indirecek bir d\u00fczen olu\u015fturmal\u0131, hal\u0131 teslim alma, temizleme, kurutma ve teslim etme s\u00fcre\u00e7leri i\u00e7in net prosed\u00fcrler belirlemelisiniz. Ayr\u0131ca, sipari\u015fleri ve m\u00fc\u015fteri bilgilerini takip etmek i\u00e7in bir sistem kurmak, temizlik \u00e7\u00f6z\u00fcmleri ve di\u011fer gerekli sarf malzemelerini tedarik etmek de bu a\u015faman\u0131n \u00f6nemli bir par\u00e7as\u0131d\u0131r.<\/p>\n\n\n\n<h3 class=\"wp-block-heading\">5. Pazarlama ve M\u00fc\u015fteri Edinimi<\/h3>\n\n\n\n<p>Tesisiniz ve operasyonlar\u0131n\u0131z haz\u0131r oldu\u011funda, hedef m\u00fc\u015fterilerinize ula\u015fma zaman\u0131 gelir. Yerel reklamlar, \u00e7evrimi\u00e7i varl\u0131k (web sitesi, sosyal medya y\u00f6netimi) ve belki de i\u00e7 mimarlar veya emlak\u00e7\u0131larla i\u015f ortakl\u0131klar\u0131 kurarak kapsaml\u0131 bir pazarlama stratejisi geli\u015ftirmelisiniz. \u00c7evre dostu temizlik, h\u0131zl\u0131 hizmet s\u00fcreleri veya \u00f6zel leke \u00e7\u0131karma gibi benzersiz sat\u0131\u015f noktalar\u0131n\u0131z\u0131 vurgulay\u0131n. M\u00fckemmel hizmet ve olumlu m\u00fc\u015fteri geri bildirimleri arac\u0131l\u0131\u011f\u0131yla g\u00fc\u00e7l\u00fc bir itibar olu\u015fturmak, uzun vadeli ba\u015far\u0131 i\u00e7in kritik \u00f6neme sahiptir.<\/p>\n\n\n\n<hr class=\"wp-block-separator has-alpha-channel-opacity is-style-wide\"\/>\n","protected":false},"excerpt":{"rendered":"<p>&nbsp; Hal\u0131 y\u0131kama son 5 y\u0131lda en pop\u00fcler i\u015f projelerinden biri haline geldi (2025 itibar\u0131yla). \u015eirketimiz hal\u0131 y\u0131kama makineleri i\u00e7in d\u00fcnyan\u0131n bir\u00e7ok yerinden \u00e7ok say\u0131da&hellip;<\/p>\n","protected":false},"author":1,"featured_media":0,"parent":0,"menu_order":0,"comment_status":"closed","ping_status":"closed","template":"","meta":{"footnotes":""},"class_list":["post-176","page","type-page","status-publish","hentry"],"translation":{"provider":"WPGlobus","version":"3.0.0","language":"tr","enabled_languages":["en","tr","fr","ar","es","de","pt","ru"],"languages":{"en":{"title":true,"content":true,"excerpt":false},"tr":{"title":true,"content":true,"excerpt":false},"fr":{"title":true,"content":true,"excerpt":false},"ar":{"title":true,"content":true,"excerpt":false},"es":{"title":true,"content":true,"excerpt":false},"de":{"title":true,"content":true,"excerpt":false},"pt":{"title":true,"content":true,"excerpt":false},"ru":{"title":true,"content":true,"excerpt":false}}},"yoast_head":"<!-- This site is optimized with the Yoast SEO plugin v24.7 - https:\/\/yoast.com\/wordpress\/plugins\/seo\/ -->\n<title>Hal\u0131 Y\u0131kama Tesisi Projesi Nas\u0131l Haz\u0131rlan\u0131r? - Hal\u0131 Y\u0131kama Makinesi<\/title>\n<meta name=\"description\" content=\"Hal\u0131 y\u0131kama tesisi kurmay\u0131 m\u0131 planl\u0131yorsunuz? Proje kurulumu, ekipman se\u00e7imi ve ba\u015far\u0131l\u0131 operasyonlar hakk\u0131nda uzman rehberli\u011fi al\u0131n.\" \/>\n<meta name=\"robots\" content=\"index, follow, max-snippet:-1, max-image-preview:large, max-video-preview:-1\" \/>\n<link rel=\"canonical\" href=\"https:\/\/www.thecarpetwashingmachine.com\/how-can-i-prepare-a-carpet-cleaning-shop-project\/\" \/>\n<meta property=\"og:locale\" content=\"tr_TR\" \/>\n<meta property=\"og:type\" content=\"article\" \/>\n<meta property=\"og:title\" content=\"Hal\u0131 Y\u0131kama Tesisi Projesi Nas\u0131l Haz\u0131rlan\u0131r? - Hal\u0131 Y\u0131kama Makinesi\" \/>\n<meta property=\"og:description\" content=\"Hal\u0131 y\u0131kama tesisi kurmay\u0131 m\u0131 planl\u0131yorsunuz? Proje kurulumu, ekipman se\u00e7imi ve ba\u015far\u0131l\u0131 operasyonlar hakk\u0131nda uzman rehberli\u011fi al\u0131n.\" \/>\n<meta property=\"og:url\" content=\"https:\/\/www.thecarpetwashingmachine.com\/how-can-i-prepare-a-carpet-cleaning-shop-project\/\" \/>\n<meta property=\"og:site_name\" content=\"Hal\u0131 Y\u0131kama Makinesi\" \/>\n<meta property=\"article:publisher\" content=\"http:\/\/www.facebook.com\/carpetwashingmachine\" \/>\n<meta property=\"article:modified_time\" content=\"2025-07-03T13:28:08+00:00\" \/>\n<meta property=\"og:image\" content=\"https:\/\/www.thecarpetwashingmachine.com\/wp-content\/uploads\/2025\/07\/Untitled-design-10.png\" \/>\n\t<meta property=\"og:image:width\" content=\"750\" \/>\n\t<meta property=\"og:image:height\" content=\"500\" \/>\n\t<meta property=\"og:image:type\" content=\"image\/png\" \/>\n<meta name=\"twitter:card\" content=\"summary_large_image\" \/>\n<meta name=\"twitter:label1\" content=\"Tahmini okuma s\u00fcresi\" \/>\n\t<meta name=\"twitter:data1\" content=\"2 dakika\" \/>\n<script type=\"application\/ld+json\" class=\"yoast-schema-graph\">{\"@context\":\"https:\/\/schema.org\",\"@graph\":[{\"@type\":\"WebPage\",\"@id\":\"https:\/\/www.thecarpetwashingmachine.com\/how-can-i-prepare-a-carpet-cleaning-shop-project\/\",\"url\":\"https:\/\/www.thecarpetwashingmachine.com\/how-can-i-prepare-a-carpet-cleaning-shop-project\/\",\"name\":\"\u041a\u0430\u043a \u043f\u043e\u0434\u0433\u043e\u0442\u043e\u0432\u0438\u0442\u044c \u043f\u0440\u043e\u0435\u043a\u0442 \u043c\u0430\u0441\u0442\u0435\u0440\u0441\u043a\u043e\u0439 \u043f\u043e \u0447\u0438\u0441\u0442\u043a\u0435 \u043a\u043e\u0432\u0440\u043e\u0432 - Hal\u0131 Y\u0131kama Makinesi\",\"isPartOf\":{\"@id\":\"https:\/\/www.thecarpetwashingmachine.com\/#website\"},\"primaryImageOfPage\":{\"@id\":\"https:\/\/www.thecarpetwashingmachine.com\/how-can-i-prepare-a-carpet-cleaning-shop-project\/#primaryimage\"},\"image\":{\"@id\":\"https:\/\/www.thecarpetwashingmachine.com\/how-can-i-prepare-a-carpet-cleaning-shop-project\/#primaryimage\"},\"thumbnailUrl\":\"https:\/\/www.thecarpetwashingmachine.com\/wp-content\/uploads\/2025\/07\/Untitled-design-10.png\",\"datePublished\":\"2023-05-22T07:29:39+00:00\",\"dateModified\":\"2025-07-03T13:28:08+00:00\",\"description\":\"\u041f\u043b\u0430\u043d\u0438\u0440\u0443\u0435\u0442\u0435 \u043c\u0430\u0433\u0430\u0437\u0438\u043d \u043f\u043e \u0447\u0438\u0441\u0442\u043a\u0435 \u043a\u043e\u0432\u0440\u043e\u0432? \u041f\u043e\u043b\u0443\u0447\u0438\u0442\u0435 \u044d\u043a\u0441\u043f\u0435\u0440\u0442\u043d\u0443\u044e \u043a\u043e\u043d\u0441\u0443\u043b\u044c\u0442\u0430\u0446\u0438\u044e \u043f\u043e \u043e\u0431\u0443\u0441\u0442\u0440\u043e\u0439\u0441\u0442\u0432\u0443 \u0438 \u043e\u0431\u043e\u0440\u0443\u0434\u043e\u0432\u0430\u043d\u0438\u044e \u0434\u043b\u044f \u0443\u0441\u043f\u0435\u0445\u0430.\",\"breadcrumb\":{\"@id\":\"https:\/\/www.thecarpetwashingmachine.com\/how-can-i-prepare-a-carpet-cleaning-shop-project\/#breadcrumb\"},\"inLanguage\":\"tr\",\"potentialAction\":[{\"@type\":\"ReadAction\",\"target\":[\"https:\/\/www.thecarpetwashingmachine.com\/how-can-i-prepare-a-carpet-cleaning-shop-project\/\"]}]},{\"@type\":\"ImageObject\",\"inLanguage\":\"tr\",\"@id\":\"https:\/\/www.thecarpetwashingmachine.com\/how-can-i-prepare-a-carpet-cleaning-shop-project\/#primaryimage\",\"url\":\"https:\/\/www.thecarpetwashingmachine.com\/wp-content\/uploads\/2025\/07\/Untitled-design-10.png\",\"contentUrl\":\"https:\/\/www.thecarpetwashingmachine.com\/wp-content\/uploads\/2025\/07\/Untitled-design-10.png\"},{\"@type\":\"BreadcrumbList\",\"@id\":\"https:\/\/www.thecarpetwashingmachine.com\/how-can-i-prepare-a-carpet-cleaning-shop-project\/#breadcrumb\",\"itemListElement\":[{\"@type\":\"ListItem\",\"position\":1,\"name\":\"Home\",\"item\":\"https:\/\/www.thecarpetwashingmachine.com\/\"},{\"@type\":\"ListItem\",\"position\":2,\"name\":\"How Can I Prepare a Carpet Cleaning Shop Project?\"}]},{\"@type\":\"WebSite\",\"@id\":\"https:\/\/www.thecarpetwashingmachine.com\/#website\",\"url\":\"https:\/\/www.thecarpetwashingmachine.com\/\",\"name\":\"Hal\u0131 Y\u0131kama Makinesi\",\"description\":\"Hal\u0131 y\u0131kama makinesi t\u00fcm d\u00fcnyada!\",\"potentialAction\":[{\"@type\":\"SearchAction\",\"target\":{\"@type\":\"EntryPoint\",\"urlTemplate\":\"https:\/\/www.thecarpetwashingmachine.com\/?s={search_term_string}\"},\"query-input\":{\"@type\":\"PropertyValueSpecification\",\"valueRequired\":true,\"valueName\":\"search_term_string\"}}],\"inLanguage\":\"tr\"}]}<\/script>\n<!-- \/ Yoast SEO plugin. -->","yoast_head_json":{"title":"Hal\u0131 Y\u0131kama Tesisi Projesi Nas\u0131l Haz\u0131rlan\u0131r? - Hal\u0131 Y\u0131kama Makinesi","description":"Hal\u0131 y\u0131kama tesisi kurmay\u0131 m\u0131 planl\u0131yorsunuz? Proje kurulumu, ekipman se\u00e7imi ve ba\u015far\u0131l\u0131 operasyonlar hakk\u0131nda uzman rehberli\u011fi al\u0131n.","robots":{"index":"index","follow":"follow","max-snippet":"max-snippet:-1","max-image-preview":"max-image-preview:large","max-video-preview":"max-video-preview:-1"},"canonical":"https:\/\/www.thecarpetwashingmachine.com\/how-can-i-prepare-a-carpet-cleaning-shop-project\/","og_locale":"tr_TR","og_type":"article","og_title":"Hal\u0131 Y\u0131kama Tesisi Projesi Nas\u0131l Haz\u0131rlan\u0131r? - Hal\u0131 Y\u0131kama Makinesi","og_description":"Hal\u0131 y\u0131kama tesisi kurmay\u0131 m\u0131 planl\u0131yorsunuz? Proje kurulumu, ekipman se\u00e7imi ve ba\u015far\u0131l\u0131 operasyonlar hakk\u0131nda uzman rehberli\u011fi al\u0131n.","og_url":"https:\/\/www.thecarpetwashingmachine.com\/how-can-i-prepare-a-carpet-cleaning-shop-project\/","og_site_name":"Hal\u0131 Y\u0131kama Makinesi","article_publisher":"http:\/\/www.facebook.com\/carpetwashingmachine","article_modified_time":"2025-07-03T13:28:08+00:00","og_image":[{"width":750,"height":500,"url":"https:\/\/www.thecarpetwashingmachine.com\/wp-content\/uploads\/2025\/07\/Untitled-design-10.png","type":"image\/png"}],"twitter_card":"summary_large_image","twitter_misc":{"Tahmini okuma s\u00fcresi":"2 dakika"},"schema":{"@context":"https:\/\/schema.org","@graph":[{"@type":"WebPage","@id":"https:\/\/www.thecarpetwashingmachine.com\/how-can-i-prepare-a-carpet-cleaning-shop-project\/","url":"https:\/\/www.thecarpetwashingmachine.com\/how-can-i-prepare-a-carpet-cleaning-shop-project\/","name":"\u041a\u0430\u043a \u043f\u043e\u0434\u0433\u043e\u0442\u043e\u0432\u0438\u0442\u044c \u043f\u0440\u043e\u0435\u043a\u0442 \u043c\u0430\u0441\u0442\u0435\u0440\u0441\u043a\u043e\u0439 \u043f\u043e \u0447\u0438\u0441\u0442\u043a\u0435 \u043a\u043e\u0432\u0440\u043e\u0432 - Hal\u0131 Y\u0131kama Makinesi","isPartOf":{"@id":"https:\/\/www.thecarpetwashingmachine.com\/#website"},"primaryImageOfPage":{"@id":"https:\/\/www.thecarpetwashingmachine.com\/how-can-i-prepare-a-carpet-cleaning-shop-project\/#primaryimage"},"image":{"@id":"https:\/\/www.thecarpetwashingmachine.com\/how-can-i-prepare-a-carpet-cleaning-shop-project\/#primaryimage"},"thumbnailUrl":"https:\/\/www.thecarpetwashingmachine.com\/wp-content\/uploads\/2025\/07\/Untitled-design-10.png","datePublished":"2023-05-22T07:29:39+00:00","dateModified":"2025-07-03T13:28:08+00:00","description":"\u041f\u043b\u0430\u043d\u0438\u0440\u0443\u0435\u0442\u0435 \u043c\u0430\u0433\u0430\u0437\u0438\u043d \u043f\u043e \u0447\u0438\u0441\u0442\u043a\u0435 \u043a\u043e\u0432\u0440\u043e\u0432? \u041f\u043e\u043b\u0443\u0447\u0438\u0442\u0435 \u044d\u043a\u0441\u043f\u0435\u0440\u0442\u043d\u0443\u044e \u043a\u043e\u043d\u0441\u0443\u043b\u044c\u0442\u0430\u0446\u0438\u044e \u043f\u043e \u043e\u0431\u0443\u0441\u0442\u0440\u043e\u0439\u0441\u0442\u0432\u0443 \u0438 \u043e\u0431\u043e\u0440\u0443\u0434\u043e\u0432\u0430\u043d\u0438\u044e \u0434\u043b\u044f \u0443\u0441\u043f\u0435\u0445\u0430.","breadcrumb":{"@id":"https:\/\/www.thecarpetwashingmachine.com\/how-can-i-prepare-a-carpet-cleaning-shop-project\/#breadcrumb"},"inLanguage":"tr","potentialAction":[{"@type":"ReadAction","target":["https:\/\/www.thecarpetwashingmachine.com\/how-can-i-prepare-a-carpet-cleaning-shop-project\/"]}]},{"@type":"ImageObject","inLanguage":"tr","@id":"https:\/\/www.thecarpetwashingmachine.com\/how-can-i-prepare-a-carpet-cleaning-shop-project\/#primaryimage","url":"https:\/\/www.thecarpetwashingmachine.com\/wp-content\/uploads\/2025\/07\/Untitled-design-10.png","contentUrl":"https:\/\/www.thecarpetwashingmachine.com\/wp-content\/uploads\/2025\/07\/Untitled-design-10.png"},{"@type":"BreadcrumbList","@id":"https:\/\/www.thecarpetwashingmachine.com\/how-can-i-prepare-a-carpet-cleaning-shop-project\/#breadcrumb","itemListElement":[{"@type":"ListItem","position":1,"name":"Home","item":"https:\/\/www.thecarpetwashingmachine.com\/"},{"@type":"ListItem","position":2,"name":"How Can I Prepare a Carpet Cleaning Shop Project?"}]},{"@type":"WebSite","@id":"https:\/\/www.thecarpetwashingmachine.com\/#website","url":"https:\/\/www.thecarpetwashingmachine.com\/","name":"Hal\u0131 Y\u0131kama Makinesi","description":"Hal\u0131 y\u0131kama makinesi t\u00fcm d\u00fcnyada!","potentialAction":[{"@type":"SearchAction","target":{"@type":"EntryPoint","urlTemplate":"https:\/\/www.thecarpetwashingmachine.com\/?s={search_term_string}"},"query-input":{"@type":"PropertyValueSpecification","valueRequired":true,"valueName":"search_term_string"}}],"inLanguage":"tr"}]}},"_links":{"self":[{"href":"https:\/\/www.thecarpetwashingmachine.com\/tr\/wp-json\/wp\/v2\/pages\/176","targetHints":{"allow":["GET"]}}],"collection":[{"href":"https:\/\/www.thecarpetwashingmachine.com\/tr\/wp-json\/wp\/v2\/pages"}],"about":[{"href":"https:\/\/www.thecarpetwashingmachine.com\/tr\/wp-json\/wp\/v2\/types\/page"}],"author":[{"embeddable":true,"href":"https:\/\/www.thecarpetwashingmachine.com\/tr\/wp-json\/wp\/v2\/users\/1"}],"replies":[{"embeddable":true,"href":"https:\/\/www.thecarpetwashingmachine.com\/tr\/wp-json\/wp\/v2\/comments?post=176"}],"version-history":[{"count":51,"href":"https:\/\/www.thecarpetwashingmachine.com\/tr\/wp-json\/wp\/v2\/pages\/176\/revisions"}],"predecessor-version":[{"id":1785,"href":"https:\/\/www.thecarpetwashingmachine.com\/tr\/wp-json\/wp\/v2\/pages\/176\/revisions\/1785"}],"wp:attachment":[{"href":"https:\/\/www.thecarpetwashingmachine.com\/tr\/wp-json\/wp\/v2\/media?parent=176"}],"curies":[{"name":"wp","href":"https:\/\/api.w.org\/{rel}","templated":true}]}}