{"id":120,"date":"2019-05-13T12:02:53","date_gmt":"2019-05-13T12:02:53","guid":{"rendered":"http:\/\/www.thecarpetwashingmachine.com\/?page_id=120"},"modified":"2025-07-03T13:36:27","modified_gmt":"2025-07-03T13:36:27","slug":"equipment-purchasing-and-its-import","status":"publish","type":"page","link":"https:\/\/www.thecarpetwashingmachine.com\/tr\/equipment-purchasing-and-its-import\/","title":{"rendered":"Hal\u0131 y\u0131kama makinas\u0131 ithalat\u0131 ve \u00f6nemi"},"content":{"rendered":"<div class=\"wp-block-image\">\n<figure class=\"aligncenter size-full\"><img loading=\"lazy\" decoding=\"async\" width=\"750\" height=\"500\" src=\"https:\/\/www.thecarpetwashingmachine.com\/wp-content\/uploads\/2025\/07\/Untitled-design-10.png\" alt=\"Automatic carpet washing machine\" class=\"wp-image-1618\" srcset=\"https:\/\/www.thecarpetwashingmachine.com\/wp-content\/uploads\/2025\/07\/Untitled-design-10.png 750w, https:\/\/www.thecarpetwashingmachine.com\/wp-content\/uploads\/2025\/07\/Untitled-design-10-300x200.png 300w\" sizes=\"auto, (max-width: 750px) 100vw, 750px\" \/><\/figure><\/div>\n\n\n<p><\/p>\n\n\n\n<p><span id=\"[0,5]\" class=\"word\">Art\u0131k<\/span> <span id=\"[6,16]\" class=\"word\">internetin<\/span> <span id=\"[17,27]\" class=\"word\">yard\u0131m\u0131yla<\/span> <span id=\"[28,35]\" class=\"word\">kolayca<\/span> <span id=\"[36,38]\" class=\"word\">i\u015f<\/span> <span id=\"[39,50]\" class=\"word\">anla\u015fmalar\u0131<\/span> <span id=\"[51,60]\" class=\"word\">yapabilir<\/span>, <span id=\"[62,72]\" class=\"word\">g\u00f6r\u00fc\u015fmeler<\/span> <span id=\"[73,82]\" class=\"word\">yapabilir<\/span> <span id=\"[83,85]\" class=\"word\">ve<\/span> <span id=\"[86,95]\" class=\"word\">\u00fcr\u00fcnlerle<\/span> <span id=\"[96,105]\" class=\"word\">ilgilenen<\/span> <span id=\"[106,110]\" class=\"word\">daha<\/span> <span id=\"[111,116]\" class=\"word\">fazla<\/span> <span id=\"[117,122]\" class=\"word\">olas\u0131<\/span> <span id=\"[123,132]\" class=\"word\">m\u00fc\u015fteriye<\/span> <span id=\"[133,140]\" class=\"word\">ula\u015fmak<\/span> <span id=\"[141,145]\" class=\"word\">i\u00e7in<\/span> <span id=\"[146,149]\" class=\"word\">t\u00fcm<\/span> <span id=\"[150,160]\" class=\"word\">kaynaklar\u0131<\/span> <span id=\"[161,166]\" class=\"word\">aktif<\/span> <span id=\"[167,173]\" class=\"word\">olarak<\/span> <span id=\"[174,188]\" class=\"word\">kullanabiliriz<\/span>. <span id=\"[190,197]\" class=\"word\">Anla\u015fma<\/span> <span id=\"[198,207]\" class=\"word\">ko\u015fullar\u0131<\/span> <span id=\"[208,216]\" class=\"word\">\u00fczerinde<\/span> <span id=\"[217,224]\" class=\"word\">yap\u0131lan<\/span> <span id=\"[225,229]\" class=\"word\">uzun<\/span> <span id=\"[230,244]\" class=\"word\">tart\u0131\u015fmalardan<\/span> <span id=\"[245,250]\" class=\"word\">sonra<\/span> <span id=\"[251,259]\" class=\"word\">taraflar<\/span> <span id=\"[260,267]\" class=\"word\">nihayet<\/span> <span id=\"[268,277]\" class=\"word\">uzla\u015fmaya<\/span> <span id=\"[278,283]\" class=\"word\">var\u0131r<\/span>, <span id=\"[285,298]\" class=\"word\">y\u00fck\u00fcml\u00fcl\u00fckler<\/span> <span id=\"[299,301]\" class=\"word\">ve<\/span> <span id=\"[302,306]\" class=\"word\">\u00fcr\u00fcn<\/span> <span id=\"[307,316]\" class=\"word\">fiyatlar\u0131<\/span> <span id=\"[317,325]\" class=\"word\">\u00fczerinde<\/span> <span id=\"[326,335]\" class=\"word\">anla\u015fmaya<\/span> <span id=\"[336,343]\" class=\"word\">var\u0131lan<\/span> <span id=\"[344,354]\" class=\"word\">s\u00f6zle\u015fmeyi<\/span> <span id=\"[355,362]\" class=\"word\">imzalar<\/span>.<\/p>\n\n\n\n<p><span id=\"[365,372]\" class=\"word\">Bununla<\/span> <span id=\"[373,381]\" class=\"word\">birlikte<\/span>, <span id=\"[383,390]\" class=\"word\">ekipman<\/span> <span id=\"[391,398]\" class=\"word\">ithalat<\/span> <span id=\"[399,408]\" class=\"word\">prosed\u00fcr\u00fc<\/span>, <span id=\"[410,414]\" class=\"word\">hal\u0131<\/span> <span id=\"[415,421]\" class=\"word\">y\u0131kama<\/span> <span id=\"[422,435]\" class=\"word\">makinelerinin<\/span> <span id=\"[436,444]\" class=\"word\">herhangi<\/span> <span id=\"[445,448]\" class=\"word\">bir<\/span> <span id=\"[449,455]\" class=\"word\">zorluk<\/span> <span id=\"[456,460]\" class=\"word\">veya<\/span> <span id=\"[461,468]\" class=\"word\">gecikme<\/span> <span id=\"[469,479]\" class=\"word\">olmaks\u0131z\u0131n<\/span> <span id=\"[480,488]\" class=\"word\">ithalat\u0131<\/span> <span id=\"[489,493]\" class=\"word\">i\u00e7in<\/span> <span id=\"[494,504]\" class=\"word\">taraflar\u0131n<\/span> <span id=\"[505,508]\" class=\"word\">her<\/span> <span id=\"[509,516]\" class=\"word\">birinin<\/span> <span id=\"[517,524]\" class=\"word\">sorumlu<\/span> <span id=\"[525,531]\" class=\"word\">oldu\u011fu<\/span> <span id=\"[532,539]\" class=\"word\">belirli<\/span> <span id=\"[540,550]\" class=\"word\">a\u015famalar\u0131n<\/span> <span id=\"[551,557]\" class=\"word\">yerine<\/span> <span id=\"[558,571]\" class=\"word\">getirilmesini<\/span> <span id=\"[572,582]\" class=\"word\">gerektirir<\/span>. <span id=\"[584,587]\" class=\"word\">Her<\/span> <span id=\"[588,594]\" class=\"word\">\u015feyden<\/span> <span id=\"[595,599]\" class=\"word\">\u00f6nce<\/span>, <span id=\"[601,613]\" class=\"word\">\u0130hracat\u00e7\u0131n\u0131n<\/span> (<span id=\"[615,624]\" class=\"word\">Sat\u0131c\u0131n\u0131n<\/span>) <span id=\"[626,636]\" class=\"word\">Al\u0131c\u0131s\u0131n\u0131n<\/span> &#8220;<span id=\"[638,650]\" class=\"word\">fiyat-kalite<\/span>&#8221; <span id=\"[652,659]\" class=\"word\">oran\u0131n\u0131<\/span> <span id=\"[660,662]\" class=\"word\">en<\/span> <span id=\"[663,666]\" class=\"word\">iyi<\/span> <span id=\"[667,674]\" class=\"word\">\u015fekilde<\/span> <span id=\"[675,687]\" class=\"word\">kar\u015f\u0131layacak<\/span> <span id=\"[688,691]\" class=\"word\">bir<\/span> <span id=\"[692,698]\" class=\"word\">\u015firket<\/span> <span id=\"[699,706]\" class=\"word\">se\u00e7meye<\/span> <span id=\"[707,711]\" class=\"word\">\u00f6zen<\/span> <span id=\"[712,722]\" class=\"word\">g\u00f6stermesi<\/span> <span id=\"[723,730]\" class=\"word\">gerekir<\/span>. <span id=\"[732,747]\" class=\"word\">Deneyimlerimize<\/span> <span id=\"[748,757]\" class=\"word\">dayanarak<\/span>, <span id=\"[759,762]\" class=\"word\">Rus<\/span> <span id=\"[763,773]\" class=\"word\">\u015firketleri<\/span> <span id=\"[774,778]\" class=\"word\">i\u00e7in<\/span> <span id=\"[779,786]\" class=\"word\">nakliye<\/span> <span id=\"[787,801]\" class=\"word\">maliyetlerinin<\/span> <span id=\"[802,806]\" class=\"word\">T\u00fcrk<\/span> <span id=\"[807,815]\" class=\"word\">lojistik<\/span> <span id=\"[816,829]\" class=\"word\">\u015firketlerinin<\/span> <span id=\"[830,843]\" class=\"word\">fiyatlar\u0131ndan<\/span> <span id=\"[844,847]\" class=\"word\">\u00e7ok<\/span> <span id=\"[848,852]\" class=\"word\">daha<\/span> <span id=\"[853,858]\" class=\"word\">d\u00fc\u015f\u00fck<\/span> <span id=\"[859,867]\" class=\"word\">oldu\u011funu<\/span> <span id=\"[868,882]\" class=\"word\">s\u00f6yleyebiliriz<\/span>. <span id=\"[884,891]\" class=\"word\">Bununla<\/span> <span id=\"[892,900]\" class=\"word\">birlikte<\/span>, <span id=\"[902,906]\" class=\"word\">hal\u0131<\/span> <span id=\"[907,913]\" class=\"word\">y\u0131kama<\/span> <span id=\"[914,924]\" class=\"word\">makineleri<\/span> <span id=\"[925,928]\" class=\"word\">ile<\/span> <span id=\"[929,938]\" class=\"word\">ilgilenen<\/span> <span id=\"[939,946]\" class=\"word\">ki\u015filer<\/span> <span id=\"[947,951]\" class=\"word\">i\u00e7in<\/span> <span id=\"[952,961]\" class=\"word\">avantajl\u0131<\/span> <span id=\"[962,965]\" class=\"word\">bir<\/span> <span id=\"[966,971]\" class=\"word\">fiyat<\/span> <span id=\"[972,979]\" class=\"word\">teklifi<\/span> <span id=\"[980,987]\" class=\"word\">ararken<\/span> <span id=\"[988,991]\" class=\"word\">her<\/span> <span id=\"[992,997]\" class=\"word\">t\u00fcrl\u00fc<\/span> <span id=\"[998,1005]\" class=\"word\">deste\u011fi<\/span> <span id=\"[1006,1015]\" class=\"word\">sa\u011flamaya<\/span> <span id=\"[1016,1023]\" class=\"word\">haz\u0131r\u0131z<\/span>.<\/p>\n\n\n\n<p><span id=\"[0,7]\" class=\"word\">Ekipman<\/span> <span id=\"[8,19]\" class=\"word\">ithalat\u0131n\u0131n<\/span> <span id=\"[20,23]\" class=\"word\">bir<\/span> <span id=\"[24,31]\" class=\"word\">sonraki<\/span> <span id=\"[32,39]\" class=\"word\">a\u015famas\u0131<\/span>, <span id=\"[41,46]\" class=\"word\">Rusya<\/span> <span id=\"[47,57]\" class=\"word\">s\u0131n\u0131r\u0131ndan<\/span> <span id=\"[58,64]\" class=\"word\">ge\u00e7mek<\/span> <span id=\"[65,69]\" class=\"word\">i\u00e7in<\/span> <span id=\"[70,73]\" class=\"word\">t\u00fcm<\/span> <span id=\"[74,84]\" class=\"word\">belgelerin<\/span> <span id=\"[85,100]\" class=\"word\">haz\u0131rlanmas\u0131d\u0131r<\/span>. <span id=\"[102,110]\" class=\"word\">Lojistik<\/span> <span id=\"[111,121]\" class=\"word\">\u015firketleri<\/span> <span id=\"[122,132]\" class=\"word\">genellikle<\/span> <span id=\"[133,136]\" class=\"word\">bir<\/span> <span id=\"[137,149]\" class=\"word\">komisyoncuya<\/span> <span id=\"[150,158]\" class=\"word\">kaydolan<\/span> <span id=\"[159,163]\" class=\"word\">hal\u0131<\/span> <span id=\"[164,170]\" class=\"word\">y\u0131kama<\/span> <span id=\"[171,184]\" class=\"word\">makinelerinin<\/span> <span id=\"[185,196]\" class=\"word\">ithalat\u0131nda<\/span> <span id=\"[197,201]\" class=\"word\">size<\/span> <span id=\"[202,208]\" class=\"word\">yard\u0131m<\/span> <span id=\"[209,215]\" class=\"word\">etmeye<\/span> <span id=\"[216,224]\" class=\"word\">haz\u0131rd\u0131r<\/span>. <span id=\"[226,238]\" class=\"word\">Haz\u0131rlanmas\u0131<\/span> <span id=\"[239,245]\" class=\"word\">g\u00fcmr\u00fck<\/span> <span id=\"[246,254]\" class=\"word\">alan\u0131nda<\/span> <span id=\"[255,262]\" class=\"word\">belirli<\/span> <span id=\"[263,266]\" class=\"word\">bir<\/span> <span id=\"[267,272]\" class=\"word\">bilgi<\/span> <span id=\"[273,283]\" class=\"word\">gerektiren<\/span> <span id=\"[284,290]\" class=\"word\">devlet<\/span> <span id=\"[291,297]\" class=\"word\">g\u00fcmr\u00fck<\/span> <span id=\"[298,309]\" class=\"word\">beyannamesi<\/span> <span id=\"[310,321]\" class=\"word\">belgesinden<\/span> <span id=\"[322,325]\" class=\"word\">bir<\/span> <span id=\"[326,333]\" class=\"word\">nakliye<\/span> <span id=\"[334,341]\" class=\"word\">\u015firketi<\/span> <span id=\"[342,349]\" class=\"word\">sorumlu<\/span> <span id=\"[350,361]\" class=\"word\">olaca\u011f\u0131ndan<\/span>, <span id=\"[363,365]\" class=\"word\">bu<\/span> <span id=\"[366,369]\" class=\"word\">t\u00fcr<\/span> <span id=\"[370,375]\" class=\"word\">Al\u0131c\u0131<\/span> <span id=\"[376,380]\" class=\"word\">i\u00e7in<\/span> <span id=\"[381,385]\" class=\"word\">daha<\/span> <span id=\"[386,391]\" class=\"word\">basit<\/span> <span id=\"[392,395]\" class=\"word\">bir<\/span> <span id=\"[396,404]\" class=\"word\">versiyon<\/span> <span id=\"[405,411]\" class=\"word\">olarak<\/span> <span id=\"[412,417]\" class=\"word\">kabul<\/span> <span id=\"[418,424]\" class=\"word\">edilir<\/span>. <span id=\"[426,432]\" class=\"word\">Ayr\u0131ca<\/span>, <span id=\"[434,440]\" class=\"word\">g\u00fcmr\u00fck<\/span> <span id=\"[441,448]\" class=\"word\">vergisi<\/span> <span id=\"[449,451]\" class=\"word\">ve<\/span> <span id=\"[452,455]\" class=\"word\">KDV<\/span> <span id=\"[456,464]\" class=\"word\">\u00f6demekle<\/span> <span id=\"[465,472]\" class=\"word\">y\u00fck\u00fcml\u00fc<\/span> <span id=\"[473,484]\" class=\"word\">olaca\u011f\u0131n\u0131z\u0131<\/span> <span id=\"[485,487]\" class=\"word\">da<\/span> <span id=\"[488,494]\" class=\"word\">hesaba<\/span> <span id=\"[495,507]\" class=\"word\">katmal\u0131s\u0131n\u0131z<\/span>. <span id=\"[509,519]\" class=\"word\">\u015eirketimiz<\/span> <span id=\"[520,525]\" class=\"word\">bizim<\/span> <span id=\"[526,533]\" class=\"word\">ad\u0131m\u0131za<\/span> <span id=\"[534,541]\" class=\"word\">sonraki<\/span> <span id=\"[542,551]\" class=\"word\">belgeleri<\/span> <span id=\"[552,558]\" class=\"word\">sa\u011flar<\/span>:<\/p>\n\n\n\n<p><span id=\"[561,569]\" class=\"word\">Fiyatlar<\/span>, <span id=\"[571,578]\" class=\"word\">nakliye<\/span> <span id=\"[579,590]\" class=\"word\">anla\u015fmalar\u0131<\/span> <span id=\"[591,593]\" class=\"word\">ve<\/span> <span id=\"[594,604]\" class=\"word\">taraflar\u0131n<\/span> <span id=\"[605,613]\" class=\"word\">ileti\u015fim<\/span> <span id=\"[614,625]\" class=\"word\">bilgilerini<\/span> <span id=\"[626,632]\" class=\"word\">i\u00e7eren<\/span> <span id=\"[633,639]\" class=\"word\">fatura<\/span>;<br><span id=\"[641,644]\" class=\"word\">Bir<\/span> <span id=\"[645,653]\" class=\"word\">s\u00f6zle\u015fme<\/span><br><span id=\"[654,657]\" class=\"word\">Mal<\/span> <span id=\"[658,669]\" class=\"word\">\u00f6zellikleri<\/span> (<span id=\"[671,673]\" class=\"word\">HS<\/span> <span id=\"[674,681]\" class=\"word\">kodlar\u0131<\/span> <span id=\"[682,685]\" class=\"word\">ile<\/span>);<br><span id=\"[688,693]\" class=\"word\">Paket<\/span> <span id=\"[694,701]\" class=\"word\">listesi<\/span>;<br><span id=\"[703,709]\" class=\"word\">Teknik<\/span> <span id=\"[710,723]\" class=\"word\">dok\u00fcmantasyon<\/span>.<\/p>\n\n\n\n<p><span id=\"[726,732]\" class=\"word\">Teknik<\/span> <span id=\"[733,741]\" class=\"word\">belgeler<\/span> <span id=\"[742,751]\" class=\"word\">boyutlar\u0131<\/span>, <span id=\"[753,760]\" class=\"word\">ekipman<\/span> <span id=\"[761,771]\" class=\"word\">a\u011f\u0131rl\u0131\u011f\u0131n\u0131<\/span>, <span id=\"[773,778]\" class=\"word\">par\u00e7a<\/span> <span id=\"[779,793]\" class=\"word\">a\u00e7\u0131klamalar\u0131n\u0131<\/span> (<span id=\"[795,800]\" class=\"word\">varsa<\/span>) <span id=\"[802,804]\" class=\"word\">ve<\/span> <span id=\"[805,813]\" class=\"word\">elektrik<\/span> <span id=\"[814,822]\" class=\"word\">\u015femas\u0131n\u0131<\/span> <span id=\"[823,829]\" class=\"word\">i\u00e7erir<\/span>. <span id=\"[831,838]\" class=\"word\">Nakliye<\/span> <span id=\"[839,842]\" class=\"word\">ile<\/span> <span id=\"[843,849]\" class=\"word\">ilgili<\/span> <span id=\"[850,855]\" class=\"word\">di\u011fer<\/span> <span id=\"[856,859]\" class=\"word\">t\u00fcm<\/span> <span id=\"[860,868]\" class=\"word\">belgeler<\/span> <span id=\"[869,875]\" class=\"word\">s\u00fcr\u00fcc\u00fc<\/span> (<span id=\"[877,880]\" class=\"word\">bir<\/span> <span id=\"[881,888]\" class=\"word\">nakliye<\/span> <span id=\"[889,896]\" class=\"word\">\u015firketi<\/span>) <span id=\"[898,908]\" class=\"word\">taraf\u0131ndan<\/span> <span id=\"[909,917]\" class=\"word\">sa\u011flan\u0131r<\/span>.<\/p>\n","protected":false},"excerpt":{"rendered":"<p>Art\u0131k internetin yard\u0131m\u0131yla kolayca i\u015f anla\u015fmalar\u0131 yapabilir, g\u00f6r\u00fc\u015fmeler yapabilir ve \u00fcr\u00fcnlerle ilgilenen daha fazla olas\u0131 m\u00fc\u015fteriye ula\u015fmak i\u00e7in t\u00fcm kaynaklar\u0131 aktif olarak kullanabiliriz. Anla\u015fma ko\u015fullar\u0131&hellip;<\/p>\n","protected":false},"author":1,"featured_media":0,"parent":0,"menu_order":0,"comment_status":"closed","ping_status":"closed","template":"","meta":{"footnotes":""},"class_list":["post-120","page","type-page","status-publish","hentry"],"translation":{"provider":"WPGlobus","version":"3.0.0","language":"tr","enabled_languages":["en","tr","fr","ar","es","de","pt","ru"],"languages":{"en":{"title":true,"content":true,"excerpt":false},"tr":{"title":true,"content":true,"excerpt":false},"fr":{"title":true,"content":true,"excerpt":false},"ar":{"title":true,"content":true,"excerpt":false},"es":{"title":true,"content":true,"excerpt":false},"de":{"title":true,"content":true,"excerpt":false},"pt":{"title":true,"content":true,"excerpt":false},"ru":{"title":true,"content":true,"excerpt":false}}},"yoast_head":"<!-- This site is optimized with the Yoast SEO plugin v24.7 - https:\/\/yoast.com\/wordpress\/plugins\/seo\/ -->\n<title>Hal\u0131 y\u0131kama makinas\u0131 ithalat\u0131 ve \u00f6nemi - Hal\u0131 Y\u0131kama Makinesi<\/title>\n<meta name=\"description\" content=\"Hal\u0131 y\u0131kama makinesi ithalat\u0131 m\u0131 yap\u0131yorsunuz? Sorunsuz ithalat, g\u00fcmr\u00fck i\u015flemleri ve g\u00fcvenilir tedarik\u00e7i bulma konusunda uzman ipu\u00e7lar\u0131 al\u0131n.\" \/>\n<meta name=\"robots\" content=\"index, follow, max-snippet:-1, max-image-preview:large, max-video-preview:-1\" \/>\n<link rel=\"canonical\" href=\"https:\/\/www.thecarpetwashingmachine.com\/equipment-purchasing-and-its-import\/\" \/>\n<meta property=\"og:locale\" content=\"tr_TR\" \/>\n<meta property=\"og:type\" content=\"article\" \/>\n<meta property=\"og:title\" content=\"Hal\u0131 y\u0131kama makinas\u0131 ithalat\u0131 ve \u00f6nemi - Hal\u0131 Y\u0131kama Makinesi\" \/>\n<meta property=\"og:description\" content=\"Hal\u0131 y\u0131kama makinesi ithalat\u0131 m\u0131 yap\u0131yorsunuz? Sorunsuz ithalat, g\u00fcmr\u00fck i\u015flemleri ve g\u00fcvenilir tedarik\u00e7i bulma konusunda uzman ipu\u00e7lar\u0131 al\u0131n.\" \/>\n<meta property=\"og:url\" content=\"https:\/\/www.thecarpetwashingmachine.com\/equipment-purchasing-and-its-import\/\" \/>\n<meta property=\"og:site_name\" content=\"Hal\u0131 Y\u0131kama Makinesi\" \/>\n<meta property=\"article:publisher\" content=\"http:\/\/www.facebook.com\/carpetwashingmachine\" \/>\n<meta property=\"article:modified_time\" content=\"2025-07-03T13:36:27+00:00\" \/>\n<meta property=\"og:image\" content=\"https:\/\/www.thecarpetwashingmachine.com\/wp-content\/uploads\/2025\/07\/Untitled-design-10.png\" \/>\n\t<meta property=\"og:image:width\" content=\"750\" \/>\n\t<meta property=\"og:image:height\" content=\"500\" \/>\n\t<meta property=\"og:image:type\" content=\"image\/png\" \/>\n<meta name=\"twitter:card\" content=\"summary_large_image\" \/>\n<meta name=\"twitter:label1\" content=\"Tahmini okuma s\u00fcresi\" \/>\n\t<meta name=\"twitter:data1\" content=\"2 dakika\" \/>\n<script type=\"application\/ld+json\" class=\"yoast-schema-graph\">{\"@context\":\"https:\/\/schema.org\",\"@graph\":[{\"@type\":\"WebPage\",\"@id\":\"https:\/\/www.thecarpetwashingmachine.com\/equipment-purchasing-and-its-import\/\",\"url\":\"https:\/\/www.thecarpetwashingmachine.com\/equipment-purchasing-and-its-import\/\",\"name\":\"\u041f\u0440\u0438\u043e\u0431\u0440\u0435\u0442\u0435\u043d\u0438\u0435 \u043e\u0431\u043e\u0440\u0443\u0434\u043e\u0432\u0430\u043d\u0438\u044f \u0438 \u0435\u0433\u043e \u0432\u0432\u043e\u0437 - Hal\u0131 Y\u0131kama Makinesi\",\"isPartOf\":{\"@id\":\"https:\/\/www.thecarpetwashingmachine.com\/#website\"},\"primaryImageOfPage\":{\"@id\":\"https:\/\/www.thecarpetwashingmachine.com\/equipment-purchasing-and-its-import\/#primaryimage\"},\"image\":{\"@id\":\"https:\/\/www.thecarpetwashingmachine.com\/equipment-purchasing-and-its-import\/#primaryimage\"},\"thumbnailUrl\":\"https:\/\/www.thecarpetwashingmachine.com\/wp-content\/uploads\/2025\/07\/Untitled-design-10.png\",\"datePublished\":\"2019-05-13T12:02:53+00:00\",\"dateModified\":\"2025-07-03T13:36:27+00:00\",\"description\":\"\u041f\u043e\u043a\u0443\u043f\u0430\u0435\u0442\u0435 \u043e\u0431\u043e\u0440\u0443\u0434\u043e\u0432\u0430\u043d\u0438\u0435 \u0437\u0430 \u0440\u0443\u0431\u0435\u0436\u043e\u043c? \u041f\u043e\u043b\u0443\u0447\u0438\u0442\u0435 \u044d\u043a\u0441\u043f\u0435\u0440\u0442\u043d\u044b\u0435 \u0441\u043e\u0432\u0435\u0442\u044b \u043f\u043e \u0431\u0435\u0441\u043f\u0440\u043e\u0431\u043b\u0435\u043c\u043d\u043e\u043c\u0443 \u0438\u043c\u043f\u043e\u0440\u0442\u0443, \u0442\u0430\u043c\u043e\u0436\u043d\u0435 \u0438 \u043f\u043e\u0438\u0441\u043a\u0443 \u043d\u0430\u0434\u0435\u0436\u043d\u044b\u0445 \u043f\u043e\u0441\u0442\u0430\u0432\u0449\u0438\u043a\u043e\u0432 \u0434\u043b\u044f \u0432\u0430\u0448\u0438\u0445 \u0433\u043b\u043e\u0431\u0430\u043b\u044c\u043d\u044b\u0445 \u043f\u043e\u043a\u0443\u043f\u043e\u043a.\",\"breadcrumb\":{\"@id\":\"https:\/\/www.thecarpetwashingmachine.com\/equipment-purchasing-and-its-import\/#breadcrumb\"},\"inLanguage\":\"tr\",\"potentialAction\":[{\"@type\":\"ReadAction\",\"target\":[\"https:\/\/www.thecarpetwashingmachine.com\/equipment-purchasing-and-its-import\/\"]}]},{\"@type\":\"ImageObject\",\"inLanguage\":\"tr\",\"@id\":\"https:\/\/www.thecarpetwashingmachine.com\/equipment-purchasing-and-its-import\/#primaryimage\",\"url\":\"https:\/\/www.thecarpetwashingmachine.com\/wp-content\/uploads\/2025\/07\/Untitled-design-10.png\",\"contentUrl\":\"https:\/\/www.thecarpetwashingmachine.com\/wp-content\/uploads\/2025\/07\/Untitled-design-10.png\"},{\"@type\":\"BreadcrumbList\",\"@id\":\"https:\/\/www.thecarpetwashingmachine.com\/equipment-purchasing-and-its-import\/#breadcrumb\",\"itemListElement\":[{\"@type\":\"ListItem\",\"position\":1,\"name\":\"Home\",\"item\":\"https:\/\/www.thecarpetwashingmachine.com\/\"},{\"@type\":\"ListItem\",\"position\":2,\"name\":\"Equipment purchasing and its import\"}]},{\"@type\":\"WebSite\",\"@id\":\"https:\/\/www.thecarpetwashingmachine.com\/#website\",\"url\":\"https:\/\/www.thecarpetwashingmachine.com\/\",\"name\":\"Hal\u0131 Y\u0131kama Makinesi\",\"description\":\"Hal\u0131 y\u0131kama makinesi t\u00fcm d\u00fcnyada!\",\"potentialAction\":[{\"@type\":\"SearchAction\",\"target\":{\"@type\":\"EntryPoint\",\"urlTemplate\":\"https:\/\/www.thecarpetwashingmachine.com\/?s={search_term_string}\"},\"query-input\":{\"@type\":\"PropertyValueSpecification\",\"valueRequired\":true,\"valueName\":\"search_term_string\"}}],\"inLanguage\":\"tr\"}]}<\/script>\n<!-- \/ Yoast SEO plugin. -->","yoast_head_json":{"title":"Hal\u0131 y\u0131kama makinas\u0131 ithalat\u0131 ve \u00f6nemi - Hal\u0131 Y\u0131kama Makinesi","description":"Hal\u0131 y\u0131kama makinesi ithalat\u0131 m\u0131 yap\u0131yorsunuz? Sorunsuz ithalat, g\u00fcmr\u00fck i\u015flemleri ve g\u00fcvenilir tedarik\u00e7i bulma konusunda uzman ipu\u00e7lar\u0131 al\u0131n.","robots":{"index":"index","follow":"follow","max-snippet":"max-snippet:-1","max-image-preview":"max-image-preview:large","max-video-preview":"max-video-preview:-1"},"canonical":"https:\/\/www.thecarpetwashingmachine.com\/equipment-purchasing-and-its-import\/","og_locale":"tr_TR","og_type":"article","og_title":"Hal\u0131 y\u0131kama makinas\u0131 ithalat\u0131 ve \u00f6nemi - Hal\u0131 Y\u0131kama Makinesi","og_description":"Hal\u0131 y\u0131kama makinesi ithalat\u0131 m\u0131 yap\u0131yorsunuz? Sorunsuz ithalat, g\u00fcmr\u00fck i\u015flemleri ve g\u00fcvenilir tedarik\u00e7i bulma konusunda uzman ipu\u00e7lar\u0131 al\u0131n.","og_url":"https:\/\/www.thecarpetwashingmachine.com\/equipment-purchasing-and-its-import\/","og_site_name":"Hal\u0131 Y\u0131kama Makinesi","article_publisher":"http:\/\/www.facebook.com\/carpetwashingmachine","article_modified_time":"2025-07-03T13:36:27+00:00","og_image":[{"width":750,"height":500,"url":"https:\/\/www.thecarpetwashingmachine.com\/wp-content\/uploads\/2025\/07\/Untitled-design-10.png","type":"image\/png"}],"twitter_card":"summary_large_image","twitter_misc":{"Tahmini okuma s\u00fcresi":"2 dakika"},"schema":{"@context":"https:\/\/schema.org","@graph":[{"@type":"WebPage","@id":"https:\/\/www.thecarpetwashingmachine.com\/equipment-purchasing-and-its-import\/","url":"https:\/\/www.thecarpetwashingmachine.com\/equipment-purchasing-and-its-import\/","name":"\u041f\u0440\u0438\u043e\u0431\u0440\u0435\u0442\u0435\u043d\u0438\u0435 \u043e\u0431\u043e\u0440\u0443\u0434\u043e\u0432\u0430\u043d\u0438\u044f \u0438 \u0435\u0433\u043e \u0432\u0432\u043e\u0437 - Hal\u0131 Y\u0131kama Makinesi","isPartOf":{"@id":"https:\/\/www.thecarpetwashingmachine.com\/#website"},"primaryImageOfPage":{"@id":"https:\/\/www.thecarpetwashingmachine.com\/equipment-purchasing-and-its-import\/#primaryimage"},"image":{"@id":"https:\/\/www.thecarpetwashingmachine.com\/equipment-purchasing-and-its-import\/#primaryimage"},"thumbnailUrl":"https:\/\/www.thecarpetwashingmachine.com\/wp-content\/uploads\/2025\/07\/Untitled-design-10.png","datePublished":"2019-05-13T12:02:53+00:00","dateModified":"2025-07-03T13:36:27+00:00","description":"\u041f\u043e\u043a\u0443\u043f\u0430\u0435\u0442\u0435 \u043e\u0431\u043e\u0440\u0443\u0434\u043e\u0432\u0430\u043d\u0438\u0435 \u0437\u0430 \u0440\u0443\u0431\u0435\u0436\u043e\u043c? \u041f\u043e\u043b\u0443\u0447\u0438\u0442\u0435 \u044d\u043a\u0441\u043f\u0435\u0440\u0442\u043d\u044b\u0435 \u0441\u043e\u0432\u0435\u0442\u044b \u043f\u043e \u0431\u0435\u0441\u043f\u0440\u043e\u0431\u043b\u0435\u043c\u043d\u043e\u043c\u0443 \u0438\u043c\u043f\u043e\u0440\u0442\u0443, \u0442\u0430\u043c\u043e\u0436\u043d\u0435 \u0438 \u043f\u043e\u0438\u0441\u043a\u0443 \u043d\u0430\u0434\u0435\u0436\u043d\u044b\u0445 \u043f\u043e\u0441\u0442\u0430\u0432\u0449\u0438\u043a\u043e\u0432 \u0434\u043b\u044f \u0432\u0430\u0448\u0438\u0445 \u0433\u043b\u043e\u0431\u0430\u043b\u044c\u043d\u044b\u0445 \u043f\u043e\u043a\u0443\u043f\u043e\u043a.","breadcrumb":{"@id":"https:\/\/www.thecarpetwashingmachine.com\/equipment-purchasing-and-its-import\/#breadcrumb"},"inLanguage":"tr","potentialAction":[{"@type":"ReadAction","target":["https:\/\/www.thecarpetwashingmachine.com\/equipment-purchasing-and-its-import\/"]}]},{"@type":"ImageObject","inLanguage":"tr","@id":"https:\/\/www.thecarpetwashingmachine.com\/equipment-purchasing-and-its-import\/#primaryimage","url":"https:\/\/www.thecarpetwashingmachine.com\/wp-content\/uploads\/2025\/07\/Untitled-design-10.png","contentUrl":"https:\/\/www.thecarpetwashingmachine.com\/wp-content\/uploads\/2025\/07\/Untitled-design-10.png"},{"@type":"BreadcrumbList","@id":"https:\/\/www.thecarpetwashingmachine.com\/equipment-purchasing-and-its-import\/#breadcrumb","itemListElement":[{"@type":"ListItem","position":1,"name":"Home","item":"https:\/\/www.thecarpetwashingmachine.com\/"},{"@type":"ListItem","position":2,"name":"Equipment purchasing and its import"}]},{"@type":"WebSite","@id":"https:\/\/www.thecarpetwashingmachine.com\/#website","url":"https:\/\/www.thecarpetwashingmachine.com\/","name":"Hal\u0131 Y\u0131kama Makinesi","description":"Hal\u0131 y\u0131kama makinesi t\u00fcm d\u00fcnyada!","potentialAction":[{"@type":"SearchAction","target":{"@type":"EntryPoint","urlTemplate":"https:\/\/www.thecarpetwashingmachine.com\/?s={search_term_string}"},"query-input":{"@type":"PropertyValueSpecification","valueRequired":true,"valueName":"search_term_string"}}],"inLanguage":"tr"}]}},"_links":{"self":[{"href":"https:\/\/www.thecarpetwashingmachine.com\/tr\/wp-json\/wp\/v2\/pages\/120","targetHints":{"allow":["GET"]}}],"collection":[{"href":"https:\/\/www.thecarpetwashingmachine.com\/tr\/wp-json\/wp\/v2\/pages"}],"about":[{"href":"https:\/\/www.thecarpetwashingmachine.com\/tr\/wp-json\/wp\/v2\/types\/page"}],"author":[{"embeddable":true,"href":"https:\/\/www.thecarpetwashingmachine.com\/tr\/wp-json\/wp\/v2\/users\/1"}],"replies":[{"embeddable":true,"href":"https:\/\/www.thecarpetwashingmachine.com\/tr\/wp-json\/wp\/v2\/comments?post=120"}],"version-history":[{"count":37,"href":"https:\/\/www.thecarpetwashingmachine.com\/tr\/wp-json\/wp\/v2\/pages\/120\/revisions"}],"predecessor-version":[{"id":1795,"href":"https:\/\/www.thecarpetwashingmachine.com\/tr\/wp-json\/wp\/v2\/pages\/120\/revisions\/1795"}],"wp:attachment":[{"href":"https:\/\/www.thecarpetwashingmachine.com\/tr\/wp-json\/wp\/v2\/media?parent=120"}],"curies":[{"name":"wp","href":"https:\/\/api.w.org\/{rel}","templated":true}]}}