{"id":1016,"date":"2025-06-30T06:43:50","date_gmt":"2025-06-30T06:43:50","guid":{"rendered":"https:\/\/www.thecarpetwashingmachine.com\/?page_id=1016"},"modified":"2025-07-11T09:38:30","modified_gmt":"2025-07-11T09:38:30","slug":"about-us","status":"publish","type":"page","link":"https:\/\/www.thecarpetwashingmachine.com\/tr\/about-us\/","title":{"rendered":"Hakk\u0131m\u0131zda &#8211; Ergin Makina"},"content":{"rendered":"\n<p>Ergin Makina, 1968&#8217;den bu yana sekt\u00f6rde s\u00fcrekli geli\u015fim g\u00f6steren k\u00f6kl\u00fc bir kurulu\u015ftur. 2017&#8217;den beri Pancar Organize Sanayi B\u00f6lgesi&#8217;nde, 4.000 m\u00b2 kapal\u0131 alan\u0131 da dahil olmak \u00fczere toplam 8.000 m\u00b2&#8217;lik modern tesisimizde faaliyet g\u00f6steriyoruz. D\u00fcnya genelinde 80&#8217;den fazla \u00fclkede, hem yurt i\u00e7inde hem de yurt d\u0131\u015f\u0131nda binlerce makinemizle hal\u0131 y\u0131kama sekt\u00f6r\u00fcne hizmet veriyoruz. T\u00fcrkiye&#8217;de %100 yerli sermaye, \u00f6zg\u00fcn tasar\u0131mlar ve \u00fcst\u00fcn kalite anlay\u0131\u015f\u0131m\u0131zla tart\u0131\u015fmas\u0131z bir lideriz. M\u00fc\u015fteri memnuniyetini \u00f6n planda tutarak, en yeni teknolojiye sahip, y\u00fcksek performansl\u0131 ve ergonomik makinalar \u00fcretiyor; su, kimyasal, zaman, elektrik ve insan g\u00fcc\u00fcnden tasarruf sa\u011fl\u0131yoruz. Bu yakla\u015f\u0131m\u0131m\u0131z, Ergin Makina&#8217;n\u0131n bug\u00fcnk\u00fc ve gelecekteki ba\u015far\u0131s\u0131n\u0131n temelini olu\u015fturmaktad\u0131r.<\/p>\n\n\n<div class=\"wp-block-image\">\n<figure class=\"aligncenter size-large\"><img loading=\"lazy\" decoding=\"async\" width=\"1024\" height=\"479\" src=\"https:\/\/www.thecarpetwashingmachine.com\/wp-content\/uploads\/2025\/06\/ergin-makina-hali-yikama-makinalari-fabrikasi-2-1024x479.jpg\" alt=\"ergin makina hal\u0131 y\u0131kama makinesi fabrikas\u0131\" class=\"wp-image-1019\" srcset=\"https:\/\/www.thecarpetwashingmachine.com\/wp-content\/uploads\/2025\/06\/ergin-makina-hali-yikama-makinalari-fabrikasi-2-1024x479.jpg 1024w, https:\/\/www.thecarpetwashingmachine.com\/wp-content\/uploads\/2025\/06\/ergin-makina-hali-yikama-makinalari-fabrikasi-2-300x140.jpg 300w, https:\/\/www.thecarpetwashingmachine.com\/wp-content\/uploads\/2025\/06\/ergin-makina-hali-yikama-makinalari-fabrikasi-2-768x360.jpg 768w, https:\/\/www.thecarpetwashingmachine.com\/wp-content\/uploads\/2025\/06\/ergin-makina-hali-yikama-makinalari-fabrikasi-2-1536x719.jpg 1536w, https:\/\/www.thecarpetwashingmachine.com\/wp-content\/uploads\/2025\/06\/ergin-makina-hali-yikama-makinalari-fabrikasi-2-2048x959.jpg 2048w, https:\/\/www.thecarpetwashingmachine.com\/wp-content\/uploads\/2025\/06\/ergin-makina-hali-yikama-makinalari-fabrikasi-2-1200x562.jpg 1200w\" sizes=\"auto, (max-width: 1024px) 100vw, 1024px\" \/><\/figure><\/div>","protected":false},"excerpt":{"rendered":"<p>Ergin Makina, 1968&#8217;den bu yana sekt\u00f6rde s\u00fcrekli geli\u015fim g\u00f6steren k\u00f6kl\u00fc bir kurulu\u015ftur. 2017&#8217;den beri Pancar Organize Sanayi B\u00f6lgesi&#8217;nde, 4.000 m\u00b2 kapal\u0131 alan\u0131 da dahil olmak&hellip;<\/p>\n","protected":false},"author":1,"featured_media":0,"parent":0,"menu_order":0,"comment_status":"closed","ping_status":"closed","template":"","meta":{"footnotes":""},"class_list":["post-1016","page","type-page","status-publish","hentry"],"translation":{"provider":"WPGlobus","version":"3.0.0","language":"tr","enabled_languages":["en","tr","fr","ar","es","de","pt","ru"],"languages":{"en":{"title":true,"content":true,"excerpt":false},"tr":{"title":true,"content":true,"excerpt":false},"fr":{"title":true,"content":true,"excerpt":false},"ar":{"title":true,"content":true,"excerpt":false},"es":{"title":true,"content":true,"excerpt":false},"de":{"title":true,"content":true,"excerpt":false},"pt":{"title":true,"content":true,"excerpt":false},"ru":{"title":true,"content":true,"excerpt":false}}},"yoast_head":"<!-- This site is optimized with the Yoast SEO plugin v24.7 - https:\/\/yoast.com\/wordpress\/plugins\/seo\/ -->\n<title>Hakk\u0131m\u0131zda - Ergin Makina<\/title>\n<meta name=\"description\" content=\"Ergin Makina: 1968&#039;den beri hal\u0131 y\u0131kama makinelerinde lider. Yerli \u00fcretim, y\u00fcksek kalite, d\u00fcnya geneli hizmet.\" \/>\n<meta name=\"robots\" content=\"index, follow, max-snippet:-1, max-image-preview:large, max-video-preview:-1\" \/>\n<link rel=\"canonical\" href=\"https:\/\/www.thecarpetwashingmachine.com\/about-us\/\" \/>\n<meta property=\"og:locale\" content=\"tr_TR\" \/>\n<meta property=\"og:type\" content=\"article\" \/>\n<meta property=\"og:title\" content=\"Hakk\u0131m\u0131zda - Ergin Makina\" \/>\n<meta property=\"og:description\" content=\"Ergin Makina: 1968&#039;den beri hal\u0131 y\u0131kama makinelerinde lider. Yerli \u00fcretim, y\u00fcksek kalite, d\u00fcnya geneli hizmet.\" \/>\n<meta property=\"og:url\" content=\"https:\/\/www.thecarpetwashingmachine.com\/about-us\/\" \/>\n<meta property=\"og:site_name\" content=\"Hal\u0131 Y\u0131kama Makinesi\" \/>\n<meta property=\"article:publisher\" content=\"http:\/\/www.facebook.com\/carpetwashingmachine\" \/>\n<meta property=\"article:modified_time\" content=\"2025-07-11T09:38:30+00:00\" \/>\n<meta property=\"og:image\" content=\"https:\/\/www.thecarpetwashingmachine.com\/wp-content\/uploads\/2025\/06\/ergin-makina-hali-yikama-makinalari-fabrikasi-2-scaled.jpg\" \/>\n\t<meta property=\"og:image:width\" content=\"2560\" \/>\n\t<meta property=\"og:image:height\" content=\"1199\" \/>\n\t<meta property=\"og:image:type\" content=\"image\/jpeg\" \/>\n<meta name=\"twitter:card\" content=\"summary_large_image\" \/>\n<meta name=\"twitter:label1\" content=\"Tahmini okuma s\u00fcresi\" \/>\n\t<meta name=\"twitter:data1\" content=\"1 dakika\" \/>\n<script type=\"application\/ld+json\" class=\"yoast-schema-graph\">{\"@context\":\"https:\/\/schema.org\",\"@graph\":[{\"@type\":\"WebPage\",\"@id\":\"https:\/\/www.thecarpetwashingmachine.com\/about-us\/\",\"url\":\"https:\/\/www.thecarpetwashingmachine.com\/about-us\/\",\"name\":\"Hakk\u0131m\u0131zda - Ergin Makina\",\"isPartOf\":{\"@id\":\"https:\/\/www.thecarpetwashingmachine.com\/#website\"},\"primaryImageOfPage\":{\"@id\":\"https:\/\/www.thecarpetwashingmachine.com\/about-us\/#primaryimage\"},\"image\":{\"@id\":\"https:\/\/www.thecarpetwashingmachine.com\/about-us\/#primaryimage\"},\"thumbnailUrl\":\"https:\/\/www.thecarpetwashingmachine.com\/wp-content\/uploads\/2025\/06\/ergin-makina-hali-yikama-makinalari-fabrikasi-2-1024x479.jpg\",\"datePublished\":\"2025-06-30T06:43:50+00:00\",\"dateModified\":\"2025-07-11T09:38:30+00:00\",\"description\":\"Ergin Machinery: Since 1968, a global leader in innovative carpet washing machines. Trusted quality, performance, and customer satisfaction.\",\"breadcrumb\":{\"@id\":\"https:\/\/www.thecarpetwashingmachine.com\/about-us\/#breadcrumb\"},\"inLanguage\":\"tr\",\"potentialAction\":[{\"@type\":\"ReadAction\",\"target\":[\"https:\/\/www.thecarpetwashingmachine.com\/about-us\/\"]}]},{\"@type\":\"ImageObject\",\"inLanguage\":\"tr\",\"@id\":\"https:\/\/www.thecarpetwashingmachine.com\/about-us\/#primaryimage\",\"url\":\"https:\/\/www.thecarpetwashingmachine.com\/wp-content\/uploads\/2025\/06\/ergin-makina-hali-yikama-makinalari-fabrikasi-2-1024x479.jpg\",\"contentUrl\":\"https:\/\/www.thecarpetwashingmachine.com\/wp-content\/uploads\/2025\/06\/ergin-makina-hali-yikama-makinalari-fabrikasi-2-1024x479.jpg\"},{\"@type\":\"BreadcrumbList\",\"@id\":\"https:\/\/www.thecarpetwashingmachine.com\/about-us\/#breadcrumb\",\"itemListElement\":[{\"@type\":\"ListItem\",\"position\":1,\"name\":\"Home\",\"item\":\"https:\/\/www.thecarpetwashingmachine.com\/\"},{\"@type\":\"ListItem\",\"position\":2,\"name\":\"About us &#8211; Ergin Machinery\"}]},{\"@type\":\"WebSite\",\"@id\":\"https:\/\/www.thecarpetwashingmachine.com\/#website\",\"url\":\"https:\/\/www.thecarpetwashingmachine.com\/\",\"name\":\"Hal\u0131 Y\u0131kama Makinesi\",\"description\":\"Hal\u0131 y\u0131kama makinesi t\u00fcm d\u00fcnyada!\",\"potentialAction\":[{\"@type\":\"SearchAction\",\"target\":{\"@type\":\"EntryPoint\",\"urlTemplate\":\"https:\/\/www.thecarpetwashingmachine.com\/?s={search_term_string}\"},\"query-input\":{\"@type\":\"PropertyValueSpecification\",\"valueRequired\":true,\"valueName\":\"search_term_string\"}}],\"inLanguage\":\"tr\"}]}<\/script>\n<!-- \/ Yoast SEO plugin. -->","yoast_head_json":{"title":"Hakk\u0131m\u0131zda - Ergin Makina","description":"Ergin Makina: 1968'den beri hal\u0131 y\u0131kama makinelerinde lider. Yerli \u00fcretim, y\u00fcksek kalite, d\u00fcnya geneli hizmet.","robots":{"index":"index","follow":"follow","max-snippet":"max-snippet:-1","max-image-preview":"max-image-preview:large","max-video-preview":"max-video-preview:-1"},"canonical":"https:\/\/www.thecarpetwashingmachine.com\/about-us\/","og_locale":"tr_TR","og_type":"article","og_title":"Hakk\u0131m\u0131zda - Ergin Makina","og_description":"Ergin Makina: 1968'den beri hal\u0131 y\u0131kama makinelerinde lider. Yerli \u00fcretim, y\u00fcksek kalite, d\u00fcnya geneli hizmet.","og_url":"https:\/\/www.thecarpetwashingmachine.com\/about-us\/","og_site_name":"Hal\u0131 Y\u0131kama Makinesi","article_publisher":"http:\/\/www.facebook.com\/carpetwashingmachine","article_modified_time":"2025-07-11T09:38:30+00:00","og_image":[{"width":2560,"height":1199,"url":"https:\/\/www.thecarpetwashingmachine.com\/wp-content\/uploads\/2025\/06\/ergin-makina-hali-yikama-makinalari-fabrikasi-2-scaled.jpg","type":"image\/jpeg"}],"twitter_card":"summary_large_image","twitter_misc":{"Tahmini okuma s\u00fcresi":"1 dakika"},"schema":{"@context":"https:\/\/schema.org","@graph":[{"@type":"WebPage","@id":"https:\/\/www.thecarpetwashingmachine.com\/about-us\/","url":"https:\/\/www.thecarpetwashingmachine.com\/about-us\/","name":"Hakk\u0131m\u0131zda - Ergin Makina","isPartOf":{"@id":"https:\/\/www.thecarpetwashingmachine.com\/#website"},"primaryImageOfPage":{"@id":"https:\/\/www.thecarpetwashingmachine.com\/about-us\/#primaryimage"},"image":{"@id":"https:\/\/www.thecarpetwashingmachine.com\/about-us\/#primaryimage"},"thumbnailUrl":"https:\/\/www.thecarpetwashingmachine.com\/wp-content\/uploads\/2025\/06\/ergin-makina-hali-yikama-makinalari-fabrikasi-2-1024x479.jpg","datePublished":"2025-06-30T06:43:50+00:00","dateModified":"2025-07-11T09:38:30+00:00","description":"Ergin Machinery: Since 1968, a global leader in innovative carpet washing machines. Trusted quality, performance, and customer satisfaction.","breadcrumb":{"@id":"https:\/\/www.thecarpetwashingmachine.com\/about-us\/#breadcrumb"},"inLanguage":"tr","potentialAction":[{"@type":"ReadAction","target":["https:\/\/www.thecarpetwashingmachine.com\/about-us\/"]}]},{"@type":"ImageObject","inLanguage":"tr","@id":"https:\/\/www.thecarpetwashingmachine.com\/about-us\/#primaryimage","url":"https:\/\/www.thecarpetwashingmachine.com\/wp-content\/uploads\/2025\/06\/ergin-makina-hali-yikama-makinalari-fabrikasi-2-1024x479.jpg","contentUrl":"https:\/\/www.thecarpetwashingmachine.com\/wp-content\/uploads\/2025\/06\/ergin-makina-hali-yikama-makinalari-fabrikasi-2-1024x479.jpg"},{"@type":"BreadcrumbList","@id":"https:\/\/www.thecarpetwashingmachine.com\/about-us\/#breadcrumb","itemListElement":[{"@type":"ListItem","position":1,"name":"Home","item":"https:\/\/www.thecarpetwashingmachine.com\/"},{"@type":"ListItem","position":2,"name":"About us &#8211; Ergin Machinery"}]},{"@type":"WebSite","@id":"https:\/\/www.thecarpetwashingmachine.com\/#website","url":"https:\/\/www.thecarpetwashingmachine.com\/","name":"Hal\u0131 Y\u0131kama Makinesi","description":"Hal\u0131 y\u0131kama makinesi t\u00fcm d\u00fcnyada!","potentialAction":[{"@type":"SearchAction","target":{"@type":"EntryPoint","urlTemplate":"https:\/\/www.thecarpetwashingmachine.com\/?s={search_term_string}"},"query-input":{"@type":"PropertyValueSpecification","valueRequired":true,"valueName":"search_term_string"}}],"inLanguage":"tr"}]}},"_links":{"self":[{"href":"https:\/\/www.thecarpetwashingmachine.com\/tr\/wp-json\/wp\/v2\/pages\/1016","targetHints":{"allow":["GET"]}}],"collection":[{"href":"https:\/\/www.thecarpetwashingmachine.com\/tr\/wp-json\/wp\/v2\/pages"}],"about":[{"href":"https:\/\/www.thecarpetwashingmachine.com\/tr\/wp-json\/wp\/v2\/types\/page"}],"author":[{"embeddable":true,"href":"https:\/\/www.thecarpetwashingmachine.com\/tr\/wp-json\/wp\/v2\/users\/1"}],"replies":[{"embeddable":true,"href":"https:\/\/www.thecarpetwashingmachine.com\/tr\/wp-json\/wp\/v2\/comments?post=1016"}],"version-history":[{"count":24,"href":"https:\/\/www.thecarpetwashingmachine.com\/tr\/wp-json\/wp\/v2\/pages\/1016\/revisions"}],"predecessor-version":[{"id":2144,"href":"https:\/\/www.thecarpetwashingmachine.com\/tr\/wp-json\/wp\/v2\/pages\/1016\/revisions\/2144"}],"wp:attachment":[{"href":"https:\/\/www.thecarpetwashingmachine.com\/tr\/wp-json\/wp\/v2\/media?parent=1016"}],"curies":[{"name":"wp","href":"https:\/\/api.w.org\/{rel}","templated":true}]}}