{"id":370,"date":"2025-01-16T11:18:51","date_gmt":"2025-01-16T11:18:51","guid":{"rendered":"https:\/\/www.thecarpetwashingmachine.com\/?page_id=370"},"modified":"2025-07-14T13:18:29","modified_gmt":"2025-07-14T13:18:29","slug":"carpet-finishing-machine","status":"publish","type":"page","link":"https:\/\/www.thecarpetwashingmachine.com\/ru\/carpet-finishing-machine\/","title":{"rendered":"\u041c\u0430\u0448\u0438\u043d\u0430 \u0434\u043b\u044f \u043e\u0442\u0434\u0435\u043b\u043a\u0438 \u043a\u043e\u0432\u0440\u043e\u0432"},"content":{"rendered":"<p><iframe loading=\"lazy\" title=\"New HPM Rug and Carpet Finishing Machine\" width=\"843\" height=\"474\" src=\"https:\/\/www.youtube.com\/embed\/QJ1NfUuUeOw?feature=oembed\" frameborder=\"0\" allow=\"accelerometer; autoplay; clipboard-write; encrypted-media; gyroscope; picture-in-picture; web-share\" referrerpolicy=\"strict-origin-when-cross-origin\" allowfullscreen><\/iframe><\/p>\n<ul data-sourcepos=\"9:1-13:0\">\n<li data-sourcepos=\"17:1-18:0\">\n<p data-sourcepos=\"1:1-1:375\">\u042d\u0442\u0430 \u043c\u0430\u0448\u0438\u043d\u0430, \u0438\u0437\u0432\u0435\u0441\u0442\u043d\u0430\u044f \u043a\u0430\u043a <strong>\u043c\u0430\u0448\u0438\u043d\u0430 \u0434\u043b\u044f \u0444\u0438\u043d\u0438\u0448\u043d\u043e\u0439 \u043e\u0431\u0440\u0430\u0431\u043e\u0442\u043a\u0438 \u043a\u043e\u0432\u0440\u043e\u0432<\/strong>, \u0442\u0430\u043a\u0436\u0435 \u0438\u043c\u0435\u0435\u0442 \u043d\u0435\u0441\u043a\u043e\u043b\u044c\u043a\u043e \u0430\u043b\u044c\u0442\u0435\u0440\u043d\u0430\u0442\u0438\u0432\u043d\u044b\u0445 \u043d\u0430\u0437\u0432\u0430\u043d\u0438\u0439, \u0432\u043a\u043b\u044e\u0447\u0430\u044f <strong>\u043c\u0430\u0448\u0438\u043d\u0443 \u0434\u043b\u044f \u0443\u043f\u0430\u043a\u043e\u0432\u043a\u0438 \u043a\u043e\u0432\u0440\u043e\u0432<\/strong> \u0438 <strong>\u043c\u0430\u0448\u0438\u043d\u0443 \u0434\u043b\u044f \u043f\u043e\u0434\u043c\u0435\u0442\u0430\u043d\u0438\u044f \u043a\u043e\u0432\u0440\u043e\u0432<\/strong>. \u0415\u0435 \u043e\u0441\u043d\u043e\u0432\u043d\u0430\u044f \u0444\u0443\u043d\u043a\u0446\u0438\u044f \u2014 \u043e\u0431\u0435\u0441\u043f\u0435\u0447\u0438\u0442\u044c <strong>\u043e\u043a\u043e\u043d\u0447\u0430\u0442\u0435\u043b\u044c\u043d\u0443\u044e \u0447\u0438\u0441\u0442\u043a\u0443 \u0449\u0435\u0442\u043a\u043e\u0439 \u0438 \u043f\u044b\u043b\u0435\u0441\u043e\u0441\u043e\u043c \u043f\u043e\u0432\u0435\u0440\u0445\u043d\u043e\u0441\u0442\u0438 \u043a\u043e\u0432\u0440\u0430<\/strong> \u043f\u0435\u0440\u0435\u0434 \u0435\u0433\u043e \u0441\u0432\u0435\u0440\u0442\u044b\u0432\u0430\u043d\u0438\u0435\u043c \u0438 \u0443\u043f\u0430\u043a\u043e\u0432\u043a\u043e\u0439. <a href=\"http:\/\/thecarpetwashingmachine.com\/ru\/how-to-choose-the-right-carpet-washing-machine\/\">\u0412 \u043e\u0442\u043b\u0438\u0447\u0438\u0435 \u043e\u0442 \u0434\u0440\u0443\u0433\u0438\u0445 \u043d\u0430\u0448\u0438\u0445 \u043c\u0430\u0448\u0438\u043d<\/a>, \u043e\u043d\u0430 \u043d\u0435 \u0441\u0442\u0438\u0440\u0430\u0435\u0442 \u043a\u043e\u0432\u0440\u044b.<\/p>\n<h3 data-sourcepos=\"5:1-5:30\">\u0414\u0438\u0437\u0430\u0439\u043d \u0438 \u0444\u0443\u043d\u043a\u0446\u0438\u043e\u043d\u0430\u043b\u044c\u043d\u043e\u0441\u0442\u044c:<\/h3>\n<p data-sourcepos=\"7:1-7:370\">\u041d\u0430\u0448\u0430 \u0441\u0438\u0441\u0442\u0435\u043c\u0430 \u043e\u0441\u043d\u0430\u0449\u0435\u043d\u0430 \u0431\u043e\u043b\u044c\u0448\u043e\u0439 <strong>\u043f\u0430\u0440\u0430\u043b\u043b\u0435\u043b\u044c\u043d\u043e\u0439 \u0446\u0438\u043b\u0438\u043d\u0434\u0440\u0438\u0447\u0435\u0441\u043a\u043e\u0439 \u0449\u0435\u0442\u043a\u043e\u0439<\/strong>, \u0440\u0430\u0441\u043f\u043e\u043b\u043e\u0436\u0435\u043d\u043d\u043e\u0439 \u0441\u043f\u0435\u0440\u0435\u0434\u0438, \u0434\u043e\u043f\u043e\u043b\u043d\u0435\u043d\u043d\u043e\u0439 \u0447\u0435\u0442\u044b\u0440\u044c\u043c\u044f \u043c\u0435\u043d\u044c\u0448\u0438\u043c\u0438 <strong>\u0446\u0438\u043b\u0438\u043d\u0434\u0440\u0438\u0447\u0435\u0441\u043a\u0438\u043c\u0438 \u0449\u0435\u0442\u043a\u0430\u043c\u0438<\/strong> \u0441\u0437\u0430\u0434\u0438. \u041a\u043e\u0432\u0435\u0440 \u0441\u043d\u0430\u0447\u0430\u043b\u0430 \u043f\u0440\u043e\u0445\u043e\u0434\u0438\u0442 \u043f\u043e\u0434 \u0441\u0438\u0441\u0442\u0435\u043c\u043e\u0439 \u0446\u0438\u043b\u0438\u043d\u0434\u0440\u0438\u0447\u0435\u0441\u043a\u0438\u0445 \u0449\u0435\u0442\u043e\u043a. <strong>\u041f\u043d\u0435\u0432\u043c\u0430\u0442\u0438\u0447\u0435\u0441\u043a\u0438\u0439 \u043c\u0435\u0445\u0430\u043d\u0438\u0437\u043c<\/strong> \u043e\u043f\u0443\u0441\u043a\u0430\u0435\u0442 \u0441\u0438\u0441\u0442\u0435\u043c\u0443 \u0434\u043b\u044f \u044d\u0444\u0444\u0435\u043a\u0442\u0438\u0432\u043d\u043e\u0433\u043e \u043f\u043e\u0434\u043c\u0435\u0442\u0430\u043d\u0438\u044f \u043f\u043e\u0432\u0435\u0440\u0445\u043d\u043e\u0441\u0442\u0438 \u043a\u043e\u0432\u0440\u0430. \u0414\u0430\u0432\u043b\u0435\u043d\u0438\u0435, \u043e\u043a\u0430\u0437\u044b\u0432\u0430\u0435\u043c\u043e\u0435 \u0446\u0438\u043b\u0438\u043d\u0434\u0440\u0438\u0447\u0435\u0441\u043a\u043e\u0439 \u0449\u0435\u0442\u043a\u043e\u0439, <strong>\u0440\u0435\u0433\u0443\u043b\u0438\u0440\u0443\u0435\u0442\u0441\u044f<\/strong>.<\/p>\n<p data-sourcepos=\"9:1-9:174\">\u041e\u043f\u0446\u0438\u043e\u043d\u0430\u043b\u044c\u043d\u043e \u044d\u0442\u0430 \u0446\u0438\u043b\u0438\u043d\u0434\u0440\u0438\u0447\u0435\u0441\u043a\u0430\u044f \u0449\u0435\u0442\u043a\u0430 \u043c\u043e\u0436\u0435\u0442 \u0431\u044b\u0442\u044c \u043e\u0441\u043d\u0430\u0449\u0435\u043d\u0430 <strong>\u0432\u0430\u043a\u0443\u0443\u043c\u043d\u043e\u0439 \u0441\u0438\u0441\u0442\u0435\u043c\u043e\u0439<\/strong>, \u0430\u043d\u0430\u043b\u043e\u0433\u0438\u0447\u043d\u043e\u0439 \u0442\u0435\u043c, \u0447\u0442\u043e \u0438\u0441\u043f\u043e\u043b\u044c\u0437\u0443\u044e\u0442\u0441\u044f \u0432 \u043d\u0430\u0448\u0438\u0445 \u0442\u0440\u0430\u0434\u0438\u0446\u0438\u043e\u043d\u043d\u044b\u0445 \u043c\u0430\u0448\u0438\u043d\u0430\u0445 \u0434\u043b\u044f \u0444\u0438\u043d\u0438\u0448\u043d\u043e\u0439 \u043e\u0431\u0440\u0430\u0431\u043e\u0442\u043a\u0438 \u043a\u043e\u0432\u0440\u043e\u0432.<\/p>\n<p data-sourcepos=\"11:1-11:397\">\u0427\u0435\u0442\u044b\u0440\u0435 \u043c\u0435\u043d\u044c\u0448\u0438\u0435 \u0446\u0438\u043b\u0438\u043d\u0434\u0440\u0438\u0447\u0435\u0441\u043a\u0438\u0435 \u0449\u0435\u0442\u043a\u0438, \u0440\u0430\u0441\u043f\u043e\u043b\u043e\u0436\u0435\u043d\u043d\u044b\u0435 \u0441\u0437\u0430\u0434\u0438, \u0444\u0443\u043d\u043a\u0446\u0438\u043e\u043d\u0438\u0440\u0443\u044e\u0442 \u0430\u043d\u0430\u043b\u043e\u0433\u0438\u0447\u043d\u043e \u0434\u0438\u0441\u043a\u043e\u0432\u044b\u043c \u0449\u0435\u0442\u043a\u0430\u043c, \u0438\u0441\u043f\u043e\u043b\u044c\u0437\u0443\u0435\u043c\u044b\u043c \u0432 \u043c\u0430\u0448\u0438\u043d\u0430\u0445 \u0434\u043b\u044f \u0441\u0442\u0438\u0440\u043a\u0438 \u043a\u043e\u0432\u0440\u043e\u0432 \u0438\u043b\u0438 \u0431\u044b\u0442\u043e\u0432\u044b\u0445 \u043f\u044b\u043b\u0435\u0441\u043e\u0441\u0430\u0445. \u042d\u0442\u0438 \u0449\u0435\u0442\u043a\u0438 \u043f\u043e\u0434\u043c\u0435\u0442\u0430\u044e\u0442 \u043a\u043e\u0432\u0435\u0440 \u0441\u043b\u0435\u0432\u0430 \u043d\u0430\u043f\u0440\u0430\u0432\u043e. \u041f\u0440\u0438\u043c\u0435\u0447\u0430\u0442\u0435\u043b\u044c\u043d\u043e, \u0447\u0442\u043e <strong>\u0432\u0430\u043a\u0443\u0443\u043c\u043d\u0430\u044f \u0441\u0438\u0441\u0442\u0435\u043c\u0430 \u0438\u043d\u0442\u0435\u0433\u0440\u0438\u0440\u043e\u0432\u0430\u043d\u0430 \u0432 \u043b\u0438\u043d\u0435\u0439\u043d\u0443\u044e \u0441\u0438\u0441\u0442\u0435\u043c\u0443<\/strong>, \u0447\u0442\u043e \u0443\u0441\u0442\u0440\u0430\u043d\u044f\u0435\u0442 \u043d\u0435\u043e\u0431\u0445\u043e\u0434\u0438\u043c\u043e\u0441\u0442\u044c \u0432 \u043e\u0442\u0434\u0435\u043b\u044c\u043d\u043e\u043c \u0431\u043b\u043e\u043a\u0435. \u041a\u0440\u043e\u043c\u0435 \u0442\u043e\u0433\u043e, \u0434\u0430\u0432\u043b\u0435\u043d\u0438\u0435 \u044d\u0442\u0438\u0445 \u0446\u0438\u043b\u0438\u043d\u0434\u0440\u0438\u0447\u0435\u0441\u043a\u0438\u0445 \u0449\u0435\u0442\u043e\u043a \u0442\u0430\u043a\u0436\u0435 <strong>\u0440\u0435\u0433\u0443\u043b\u0438\u0440\u0443\u0435\u0442\u0441\u044f<\/strong>.<\/p>\n<p data-sourcepos=\"13:1-13:244\">\u041f\u043e\u0441\u043b\u0435 \u043f\u0435\u0440\u0432\u043e\u043d\u0430\u0447\u0430\u043b\u044c\u043d\u043e\u0439 \u0441\u0442\u0430\u0434\u0438\u0438 \u0447\u0438\u0441\u0442\u043a\u0438 \u043a\u043e\u0432\u0435\u0440 \u043c\u043e\u0436\u0435\u0442 \u0431\u044b\u0442\u044c \u043b\u0438\u0431\u043e \u043e\u0441\u0442\u0430\u043d\u043e\u0432\u043b\u0435\u043d \u0434\u043b\u044f \u0443\u043f\u0430\u043a\u043e\u0432\u043a\u0438, \u043b\u0438\u0431\u043e \u0432\u043e\u0437\u0432\u0440\u0430\u0449\u0435\u043d \u0432\u043f\u0435\u0440\u0435\u0434 \u0434\u043b\u044f \u0437\u0430\u043a\u043b\u044e\u0447\u0438\u0442\u0435\u043b\u044c\u043d\u043e\u0433\u043e \u0446\u0438\u043a\u043b\u0430 \u0447\u0438\u0441\u0442\u043a\u0438. \u0415\u0441\u043b\u0438 \u043a\u043b\u0438\u0435\u043d\u0442 \u0432\u044b\u0431\u0438\u0440\u0430\u0435\u0442 \u043e\u043f\u0446\u0438\u044e \u0432\u043e\u0437\u0432\u0440\u0430\u0442\u0430, \u043a\u043e\u0432\u0435\u0440 \u043f\u0440\u043e\u0445\u043e\u0434\u0438\u0442 \u0432\u0441\u0435 \u0441\u0442\u0430\u0434\u0438\u0438 \u0435\u0449\u0435 \u0440\u0430\u0437, \u043f\u0440\u0435\u0436\u0434\u0435 \u0447\u0435\u043c \u0431\u0443\u0434\u0435\u0442 \u0433\u043e\u0442\u043e\u0432 \u043a \u0443\u043f\u0430\u043a\u043e\u0432\u043a\u0435.<\/p>\n<p data-sourcepos=\"15:1-15:113\">\u041f\u043e\u043c\u0438\u043c\u043e \u0444\u0438\u043d\u0438\u0448\u043d\u043e\u0439 \u043e\u0431\u0440\u0430\u0431\u043e\u0442\u043a\u0438, \u043c\u0430\u0448\u0438\u043d\u0430 \u0442\u0430\u043a\u0436\u0435 \u043c\u043e\u0436\u0435\u0442 \u0438\u0441\u043f\u043e\u043b\u044c\u0437\u043e\u0432\u0430\u0442\u044c\u0441\u044f \u0434\u043b\u044f <strong>\u043e\u0431\u0435\u0441\u043f\u044b\u043b\u0438\u0432\u0430\u043d\u0438\u044f \u043a\u043e\u0432\u0440\u043e\u0432 \u043f\u0435\u0440\u0435\u0434 \u043f\u0440\u043e\u0446\u0435\u0441\u0441\u043e\u043c \u0441\u0442\u0438\u0440\u043a\u0438<\/strong>.<\/p>\n<\/li>\n<\/ul>\n","protected":false},"excerpt":{"rendered":"<p>\u042d\u0442\u0430 \u043c\u0430\u0448\u0438\u043d\u0430, \u0438\u0437\u0432\u0435\u0441\u0442\u043d\u0430\u044f \u043a\u0430\u043a \u043c\u0430\u0448\u0438\u043d\u0430 \u0434\u043b\u044f \u0444\u0438\u043d\u0438\u0448\u043d\u043e\u0439 \u043e\u0431\u0440\u0430\u0431\u043e\u0442\u043a\u0438 \u043a\u043e\u0432\u0440\u043e\u0432, \u0442\u0430\u043a\u0436\u0435 \u0438\u043c\u0435\u0435\u0442 \u043d\u0435\u0441\u043a\u043e\u043b\u044c\u043a\u043e \u0430\u043b\u044c\u0442\u0435\u0440\u043d\u0430\u0442\u0438\u0432\u043d\u044b\u0445 \u043d\u0430\u0437\u0432\u0430\u043d\u0438\u0439, \u0432\u043a\u043b\u044e\u0447\u0430\u044f \u043c\u0430\u0448\u0438\u043d\u0443 \u0434\u043b\u044f \u0443\u043f\u0430\u043a\u043e\u0432\u043a\u0438 \u043a\u043e\u0432\u0440\u043e\u0432 \u0438 \u043c\u0430\u0448\u0438\u043d\u0443 \u0434\u043b\u044f \u043f\u043e\u0434\u043c\u0435\u0442\u0430\u043d\u0438\u044f \u043a\u043e\u0432\u0440\u043e\u0432. \u0415\u0435&hellip;<\/p>\n","protected":false},"author":1,"featured_media":0,"parent":0,"menu_order":0,"comment_status":"closed","ping_status":"closed","template":"","meta":{"footnotes":""},"class_list":["post-370","page","type-page","status-publish","hentry"],"translation":{"provider":"WPGlobus","version":"3.0.0","language":"ru","enabled_languages":["en","tr","fr","ar","es","de","pt","ru"],"languages":{"en":{"title":true,"content":true,"excerpt":false},"tr":{"title":true,"content":true,"excerpt":false},"fr":{"title":true,"content":true,"excerpt":false},"ar":{"title":true,"content":true,"excerpt":false},"es":{"title":true,"content":true,"excerpt":false},"de":{"title":true,"content":true,"excerpt":false},"pt":{"title":true,"content":true,"excerpt":false},"ru":{"title":true,"content":true,"excerpt":false}}},"yoast_head":"<!-- This site is optimized with the Yoast SEO plugin v24.7 - https:\/\/yoast.com\/wordpress\/plugins\/seo\/ -->\n<title>\u041c\u0430\u0448\u0438\u043d\u0430 \u0434\u043b\u044f \u043e\u0442\u0434\u0435\u043b\u043a\u0438 \u043a\u043e\u0432\u0440\u043e\u0432 - \u041c\u0430\u0448\u0438\u043d\u0430 \u0434\u043b\u044f \u0441\u0442\u0438\u0440\u043a\u0438 \u043a\u043e\u0432\u0440\u043e\u0432<\/title>\n<meta name=\"description\" content=\"\u0424\u0438\u043d\u0438\u0448\u043d\u0430\u044f \u043c\u0430\u0448\u0438\u043d\u0430 \u0434\u043b\u044f \u043a\u043e\u0432\u0440\u043e\u0432: \u0418\u0441\u043f\u043e\u043b\u044c\u0437\u0443\u0435\u0442\u0441\u044f \u0432 \u043e\u0441\u043d\u043e\u0432\u043d\u043e\u043c \u043f\u043e\u0441\u043b\u0435 \u0447\u0438\u0441\u0442\u043a\u0438. \u041e\u043d\u0430 \u0447\u0438\u0441\u0442\u0438\u0442 \u0449\u0435\u0442\u043a\u043e\u0439, \u043f\u043e\u0434\u043c\u0435\u0442\u0430\u0435\u0442 \u0438 \u043f\u044b\u043b\u0435\u0441\u043e\u0441\u0438\u0442 \u043a\u043e\u0432\u0440\u044b \u043f\u043e\u0441\u043b\u0435 \u0441\u0443\u0448\u043a\u0438.\" \/>\n<meta name=\"robots\" content=\"index, follow, max-snippet:-1, max-image-preview:large, max-video-preview:-1\" \/>\n<link rel=\"canonical\" href=\"https:\/\/www.thecarpetwashingmachine.com\/carpet-finishing-machine\/\" \/>\n<meta property=\"og:locale\" content=\"ru_RU\" \/>\n<meta property=\"og:type\" content=\"article\" \/>\n<meta property=\"og:title\" content=\"\u041c\u0430\u0448\u0438\u043d\u0430 \u0434\u043b\u044f \u043e\u0442\u0434\u0435\u043b\u043a\u0438 \u043a\u043e\u0432\u0440\u043e\u0432 - \u041c\u0430\u0448\u0438\u043d\u0430 \u0434\u043b\u044f \u0441\u0442\u0438\u0440\u043a\u0438 \u043a\u043e\u0432\u0440\u043e\u0432\" \/>\n<meta property=\"og:description\" content=\"\u0424\u0438\u043d\u0438\u0448\u043d\u0430\u044f \u043c\u0430\u0448\u0438\u043d\u0430 \u0434\u043b\u044f \u043a\u043e\u0432\u0440\u043e\u0432: \u0418\u0441\u043f\u043e\u043b\u044c\u0437\u0443\u0435\u0442\u0441\u044f \u0432 \u043e\u0441\u043d\u043e\u0432\u043d\u043e\u043c \u043f\u043e\u0441\u043b\u0435 \u0447\u0438\u0441\u0442\u043a\u0438. \u041e\u043d\u0430 \u0447\u0438\u0441\u0442\u0438\u0442 \u0449\u0435\u0442\u043a\u043e\u0439, \u043f\u043e\u0434\u043c\u0435\u0442\u0430\u0435\u0442 \u0438 \u043f\u044b\u043b\u0435\u0441\u043e\u0441\u0438\u0442 \u043a\u043e\u0432\u0440\u044b \u043f\u043e\u0441\u043b\u0435 \u0441\u0443\u0448\u043a\u0438.\" \/>\n<meta property=\"og:url\" content=\"https:\/\/www.thecarpetwashingmachine.com\/carpet-finishing-machine\/\" \/>\n<meta property=\"og:site_name\" content=\"\u041c\u0430\u0448\u0438\u043d\u0430 \u0434\u043b\u044f \u0441\u0442\u0438\u0440\u043a\u0438 \u043a\u043e\u0432\u0440\u043e\u0432\" \/>\n<meta property=\"article:publisher\" content=\"http:\/\/www.facebook.com\/carpetwashingmachine\" \/>\n<meta property=\"article:modified_time\" content=\"2025-07-14T13:18:29+00:00\" \/>\n<meta name=\"twitter:card\" content=\"summary_large_image\" \/>\n<meta name=\"twitter:label1\" content=\"\u041f\u0440\u0438\u043c\u0435\u0440\u043d\u043e\u0435 \u0432\u0440\u0435\u043c\u044f \u0434\u043b\u044f \u0447\u0442\u0435\u043d\u0438\u044f\" \/>\n\t<meta name=\"twitter:data1\" content=\"2 \u043c\u0438\u043d\u0443\u0442\u044b\" \/>\n<script type=\"application\/ld+json\" class=\"yoast-schema-graph\">{\"@context\":\"https:\/\/schema.org\",\"@graph\":[{\"@type\":\"WebPage\",\"@id\":\"https:\/\/www.thecarpetwashingmachine.com\/carpet-finishing-machine\/\",\"url\":\"https:\/\/www.thecarpetwashingmachine.com\/carpet-finishing-machine\/\",\"name\":\"Machine de finition de tapis - \u041c\u0430\u0448\u0438\u043d\u0430 \u0434\u043b\u044f \u0441\u0442\u0438\u0440\u043a\u0438 \u043a\u043e\u0432\u0440\u043e\u0432\",\"isPartOf\":{\"@id\":\"https:\/\/www.thecarpetwashingmachine.com\/#website\"},\"datePublished\":\"2025-01-16T11:18:51+00:00\",\"dateModified\":\"2025-07-14T13:18:29+00:00\",\"description\":\"La machine de finition de tapis est principalement utilis\u00e9e apr\u00e8s le nettoyage. Elle brosse, balaie et aspire les tapis apr\u00e8s le s\u00e9chage.\",\"breadcrumb\":{\"@id\":\"https:\/\/www.thecarpetwashingmachine.com\/carpet-finishing-machine\/#breadcrumb\"},\"inLanguage\":\"ru-RU\",\"potentialAction\":[{\"@type\":\"ReadAction\",\"target\":[\"https:\/\/www.thecarpetwashingmachine.com\/carpet-finishing-machine\/\"]}]},{\"@type\":\"BreadcrumbList\",\"@id\":\"https:\/\/www.thecarpetwashingmachine.com\/carpet-finishing-machine\/#breadcrumb\",\"itemListElement\":[{\"@type\":\"ListItem\",\"position\":1,\"name\":\"Home\",\"item\":\"https:\/\/www.thecarpetwashingmachine.com\/\"},{\"@type\":\"ListItem\",\"position\":2,\"name\":\"Carpet Finishing Machine\"}]},{\"@type\":\"WebSite\",\"@id\":\"https:\/\/www.thecarpetwashingmachine.com\/#website\",\"url\":\"https:\/\/www.thecarpetwashingmachine.com\/\",\"name\":\"\u041c\u0430\u0448\u0438\u043d\u0430 \u0434\u043b\u044f \u0441\u0442\u0438\u0440\u043a\u0438 \u043a\u043e\u0432\u0440\u043e\u0432\",\"description\":\"\u041a\u043e\u0432\u0440\u043e\u043c\u043e\u0435\u0447\u043d\u044b\u0435 \u043c\u0430\u0448\u0438\u043d\u044b \u0435\u0441\u0442\u044c \u0432\u043e \u0432\u0441\u0435\u043c \u043c\u0438\u0440\u0435!\",\"potentialAction\":[{\"@type\":\"SearchAction\",\"target\":{\"@type\":\"EntryPoint\",\"urlTemplate\":\"https:\/\/www.thecarpetwashingmachine.com\/?s={search_term_string}\"},\"query-input\":{\"@type\":\"PropertyValueSpecification\",\"valueRequired\":true,\"valueName\":\"search_term_string\"}}],\"inLanguage\":\"ru-RU\"}]}<\/script>\n<!-- \/ Yoast SEO plugin. -->","yoast_head_json":{"title":"\u041c\u0430\u0448\u0438\u043d\u0430 \u0434\u043b\u044f \u043e\u0442\u0434\u0435\u043b\u043a\u0438 \u043a\u043e\u0432\u0440\u043e\u0432 - \u041c\u0430\u0448\u0438\u043d\u0430 \u0434\u043b\u044f \u0441\u0442\u0438\u0440\u043a\u0438 \u043a\u043e\u0432\u0440\u043e\u0432","description":"\u0424\u0438\u043d\u0438\u0448\u043d\u0430\u044f \u043c\u0430\u0448\u0438\u043d\u0430 \u0434\u043b\u044f \u043a\u043e\u0432\u0440\u043e\u0432: \u0418\u0441\u043f\u043e\u043b\u044c\u0437\u0443\u0435\u0442\u0441\u044f \u0432 \u043e\u0441\u043d\u043e\u0432\u043d\u043e\u043c \u043f\u043e\u0441\u043b\u0435 \u0447\u0438\u0441\u0442\u043a\u0438. \u041e\u043d\u0430 \u0447\u0438\u0441\u0442\u0438\u0442 \u0449\u0435\u0442\u043a\u043e\u0439, \u043f\u043e\u0434\u043c\u0435\u0442\u0430\u0435\u0442 \u0438 \u043f\u044b\u043b\u0435\u0441\u043e\u0441\u0438\u0442 \u043a\u043e\u0432\u0440\u044b \u043f\u043e\u0441\u043b\u0435 \u0441\u0443\u0448\u043a\u0438.","robots":{"index":"index","follow":"follow","max-snippet":"max-snippet:-1","max-image-preview":"max-image-preview:large","max-video-preview":"max-video-preview:-1"},"canonical":"https:\/\/www.thecarpetwashingmachine.com\/carpet-finishing-machine\/","og_locale":"ru_RU","og_type":"article","og_title":"\u041c\u0430\u0448\u0438\u043d\u0430 \u0434\u043b\u044f \u043e\u0442\u0434\u0435\u043b\u043a\u0438 \u043a\u043e\u0432\u0440\u043e\u0432 - \u041c\u0430\u0448\u0438\u043d\u0430 \u0434\u043b\u044f \u0441\u0442\u0438\u0440\u043a\u0438 \u043a\u043e\u0432\u0440\u043e\u0432","og_description":"\u0424\u0438\u043d\u0438\u0448\u043d\u0430\u044f \u043c\u0430\u0448\u0438\u043d\u0430 \u0434\u043b\u044f \u043a\u043e\u0432\u0440\u043e\u0432: \u0418\u0441\u043f\u043e\u043b\u044c\u0437\u0443\u0435\u0442\u0441\u044f \u0432 \u043e\u0441\u043d\u043e\u0432\u043d\u043e\u043c \u043f\u043e\u0441\u043b\u0435 \u0447\u0438\u0441\u0442\u043a\u0438. \u041e\u043d\u0430 \u0447\u0438\u0441\u0442\u0438\u0442 \u0449\u0435\u0442\u043a\u043e\u0439, \u043f\u043e\u0434\u043c\u0435\u0442\u0430\u0435\u0442 \u0438 \u043f\u044b\u043b\u0435\u0441\u043e\u0441\u0438\u0442 \u043a\u043e\u0432\u0440\u044b \u043f\u043e\u0441\u043b\u0435 \u0441\u0443\u0448\u043a\u0438.","og_url":"https:\/\/www.thecarpetwashingmachine.com\/carpet-finishing-machine\/","og_site_name":"\u041c\u0430\u0448\u0438\u043d\u0430 \u0434\u043b\u044f \u0441\u0442\u0438\u0440\u043a\u0438 \u043a\u043e\u0432\u0440\u043e\u0432","article_publisher":"http:\/\/www.facebook.com\/carpetwashingmachine","article_modified_time":"2025-07-14T13:18:29+00:00","twitter_card":"summary_large_image","twitter_misc":{"\u041f\u0440\u0438\u043c\u0435\u0440\u043d\u043e\u0435 \u0432\u0440\u0435\u043c\u044f \u0434\u043b\u044f \u0447\u0442\u0435\u043d\u0438\u044f":"2 \u043c\u0438\u043d\u0443\u0442\u044b"},"schema":{"@context":"https:\/\/schema.org","@graph":[{"@type":"WebPage","@id":"https:\/\/www.thecarpetwashingmachine.com\/carpet-finishing-machine\/","url":"https:\/\/www.thecarpetwashingmachine.com\/carpet-finishing-machine\/","name":"Machine de finition de tapis - \u041c\u0430\u0448\u0438\u043d\u0430 \u0434\u043b\u044f \u0441\u0442\u0438\u0440\u043a\u0438 \u043a\u043e\u0432\u0440\u043e\u0432","isPartOf":{"@id":"https:\/\/www.thecarpetwashingmachine.com\/#website"},"datePublished":"2025-01-16T11:18:51+00:00","dateModified":"2025-07-14T13:18:29+00:00","description":"La machine de finition de tapis est principalement utilis\u00e9e apr\u00e8s le nettoyage. Elle brosse, balaie et aspire les tapis apr\u00e8s le s\u00e9chage.","breadcrumb":{"@id":"https:\/\/www.thecarpetwashingmachine.com\/carpet-finishing-machine\/#breadcrumb"},"inLanguage":"ru-RU","potentialAction":[{"@type":"ReadAction","target":["https:\/\/www.thecarpetwashingmachine.com\/carpet-finishing-machine\/"]}]},{"@type":"BreadcrumbList","@id":"https:\/\/www.thecarpetwashingmachine.com\/carpet-finishing-machine\/#breadcrumb","itemListElement":[{"@type":"ListItem","position":1,"name":"Home","item":"https:\/\/www.thecarpetwashingmachine.com\/"},{"@type":"ListItem","position":2,"name":"Carpet Finishing Machine"}]},{"@type":"WebSite","@id":"https:\/\/www.thecarpetwashingmachine.com\/#website","url":"https:\/\/www.thecarpetwashingmachine.com\/","name":"\u041c\u0430\u0448\u0438\u043d\u0430 \u0434\u043b\u044f \u0441\u0442\u0438\u0440\u043a\u0438 \u043a\u043e\u0432\u0440\u043e\u0432","description":"\u041a\u043e\u0432\u0440\u043e\u043c\u043e\u0435\u0447\u043d\u044b\u0435 \u043c\u0430\u0448\u0438\u043d\u044b \u0435\u0441\u0442\u044c \u0432\u043e \u0432\u0441\u0435\u043c \u043c\u0438\u0440\u0435!","potentialAction":[{"@type":"SearchAction","target":{"@type":"EntryPoint","urlTemplate":"https:\/\/www.thecarpetwashingmachine.com\/?s={search_term_string}"},"query-input":{"@type":"PropertyValueSpecification","valueRequired":true,"valueName":"search_term_string"}}],"inLanguage":"ru-RU"}]}},"_links":{"self":[{"href":"https:\/\/www.thecarpetwashingmachine.com\/ru\/wp-json\/wp\/v2\/pages\/370","targetHints":{"allow":["GET"]}}],"collection":[{"href":"https:\/\/www.thecarpetwashingmachine.com\/ru\/wp-json\/wp\/v2\/pages"}],"about":[{"href":"https:\/\/www.thecarpetwashingmachine.com\/ru\/wp-json\/wp\/v2\/types\/page"}],"author":[{"embeddable":true,"href":"https:\/\/www.thecarpetwashingmachine.com\/ru\/wp-json\/wp\/v2\/users\/1"}],"replies":[{"embeddable":true,"href":"https:\/\/www.thecarpetwashingmachine.com\/ru\/wp-json\/wp\/v2\/comments?post=370"}],"version-history":[{"count":34,"href":"https:\/\/www.thecarpetwashingmachine.com\/ru\/wp-json\/wp\/v2\/pages\/370\/revisions"}],"predecessor-version":[{"id":2444,"href":"https:\/\/www.thecarpetwashingmachine.com\/ru\/wp-json\/wp\/v2\/pages\/370\/revisions\/2444"}],"wp:attachment":[{"href":"https:\/\/www.thecarpetwashingmachine.com\/ru\/wp-json\/wp\/v2\/media?parent=370"}],"curies":[{"name":"wp","href":"https:\/\/api.w.org\/{rel}","templated":true}]}}