{"id":980,"date":"2025-06-25T06:51:20","date_gmt":"2025-06-25T06:51:20","guid":{"rendered":"https:\/\/www.thecarpetwashingmachine.com\/?page_id=980"},"modified":"2025-07-07T09:54:21","modified_gmt":"2025-07-07T09:54:21","slug":"faq-on-carpet-washing-machines-2","status":"publish","type":"page","link":"https:\/\/www.thecarpetwashingmachine.com\/pt\/faq-on-carpet-washing-machines-2\/","title":{"rendered":"Perguntas frequentes sobre m\u00e1quinas de lavar carpetes 2"},"content":{"rendered":"<div class=\"wp-block-image\">\n<figure class=\"aligncenter\"><img loading=\"lazy\" decoding=\"async\" width=\"826\" height=\"390\" src=\"https:\/\/www.thecarpetwashingmachine.com\/wp-content\/uploads\/2025\/01\/hali-yikama-makinasi-kullanimi-1.jpg\" alt=\"m\u00e1quinas de lavar carpetes\" class=\"wp-image-384\" srcset=\"https:\/\/www.thecarpetwashingmachine.com\/wp-content\/uploads\/2025\/01\/hali-yikama-makinasi-kullanimi-1.jpg 826w, https:\/\/www.thecarpetwashingmachine.com\/wp-content\/uploads\/2025\/01\/hali-yikama-makinasi-kullanimi-1-300x142.jpg 300w, https:\/\/www.thecarpetwashingmachine.com\/wp-content\/uploads\/2025\/01\/hali-yikama-makinasi-kullanimi-1-768x363.jpg 768w\" sizes=\"auto, (max-width: 826px) 100vw, 826px\" \/><\/figure><\/div>\n\n\n<p><\/p>\n\n\n\n<p>Esta se\u00e7\u00e3o d\u00e1 continuidade \u00e0s nossas Perguntas Frequentes (<a href=\"https:\/\/www.thecarpetwashingmachine.com\/pt\/faq-on-carpet-washing-machines\/\">FAQ<\/a>), abordando quest\u00f5es mais espec\u00edficas sobre nossas m\u00e1quinas de lavar carpetes.<\/p>\n\n\n\n<h3 class=\"wp-block-heading\">Informa\u00e7\u00f5es Gerais<\/h3>\n\n\n\n<ul class=\"wp-block-list\">\n<li><strong>Qual \u00e9 o per\u00edodo de garantia das suas m\u00e1quinas?<\/strong><\/li>\n<\/ul>\n\n\n\n<p>Nossas m\u00e1quinas v\u00eam com 1 ano de garantia. Isso garante cobertura por um ano completo a partir da data da sua compra.<\/p>\n\n\n\n<ul class=\"wp-block-list\">\n<li><strong>Quem lida com a instala\u00e7\u00e3o das m\u00e1quinas?<\/strong><\/li>\n<\/ul>\n\n\n\n<p>N\u00e3o h\u00e1 necessidade de se preocupar com a instala\u00e7\u00e3o. Nossas m\u00e1quinas chegam totalmente montadas e est\u00e3o prontas para uso imediato, direto da caixa. Voc\u00ea pode conect\u00e1-las e come\u00e7ar a oper\u00e1-las sem qualquer configura\u00e7\u00e3o complicada.<\/p>\n\n\n\n<h3 class=\"wp-block-heading\">Personaliza\u00e7\u00e3o e Suporte<\/h3>\n\n\n\n<ul class=\"wp-block-list\">\n<li><strong>\u00c9 poss\u00edvel fazer alguma personaliza\u00e7\u00e3o nas m\u00e1quinas?<\/strong><\/li>\n<\/ul>\n\n\n\n<p>Com certeza. Podemos realizar personaliza\u00e7\u00f5es de acordo com suas necessidades espec\u00edficas. Estamos comprometidos em adaptar nossas m\u00e1quinas para atender a requisitos operacionais \u00fanicos ou desafios de limpeza especializados que voc\u00ea possa ter.<\/p>\n\n\n\n<ul class=\"wp-block-list\">\n<li><strong>Que suporte est\u00e1 dispon\u00edvel para mau funcionamento, e s\u00e3o fornecidas pe\u00e7as de reposi\u00e7\u00e3o?<\/strong><\/li>\n<\/ul>\n\n\n\n<p>Em caso de mau funcionamento, oferecemos suporte remoto imediato para gui\u00e1-lo na resolu\u00e7\u00e3o de problemas. Muitos problemas comuns podem ser resolvidos com a assist\u00eancia de um eletricista local. Se uma pe\u00e7a de reposi\u00e7\u00e3o for necess\u00e1ria, n\u00f3s a enviaremos prontamente diretamente para voc\u00ea, minimizando o tempo de inatividade.<\/p>\n\n\n\n<h3 class=\"wp-block-heading\">Desempenho e Ergonomia<\/h3>\n\n\n\n<ul class=\"wp-block-list\">\n<li><strong>As m\u00e1quinas podem limpar eficazmente diferentes tipos de carpetes, como l\u00e3, seda ou shaggy?<\/strong><\/li>\n<\/ul>\n\n\n\n<p>Sim, nossas m\u00e1quinas s\u00e3o altamente vers\u00e1teis. Elas s\u00e3o projetadas por especialistas para lavar todos os tipos de carpetes, incluindo materiais delicados como l\u00e3 e seda, bem como carpetes shaggy grossos, garantindo um processo de limpeza completo, por\u00e9m suave para cada um.<\/p>\n\n\n\n<ul class=\"wp-block-list\">\n<li><strong>Quantos operadores s\u00e3o necess\u00e1rios para operar a m\u00e1quina?<\/strong><\/li>\n<\/ul>\n\n\n\n<p>A opera\u00e7\u00e3o de nossas m\u00e1quinas \u00e9 projetada para m\u00e1xima efici\u00eancia e facilidade. Apenas <strong>uma pessoa<\/strong> \u00e9 suficiente para gerenciar todo o processo de lavagem, do in\u00edcio ao fim.<\/p>\n\n\n\n<ul class=\"wp-block-list\">\n<li><strong>Quais benef\u00edcios ergon\u00f4micos suas m\u00e1quinas oferecem aos operadores e como elas reduzem o esfor\u00e7o f\u00edsico?<\/strong><\/li>\n<\/ul>\n\n\n\n<p>Nossas m\u00e1quinas s\u00e3o totalmente autom\u00e1ticas, o que significa que n\u00e3o h\u00e1 esfor\u00e7o f\u00edsico envolvido para o operador durante o uso. Seu design prioriza a facilidade de manuseio e minimiza o esfor\u00e7o manual, contribuindo para uma experi\u00eancia de trabalho mais confort\u00e1vel e eficiente.<\/p>\n\n\n\n<h3 class=\"wp-block-heading\">Outras Aplica\u00e7\u00f5es<\/h3>\n\n\n\n<ul class=\"wp-block-list\">\n<li><strong>Os clientes descobriram algum uso inesperado para a m\u00e1quina al\u00e9m da limpeza de carpetes?<\/strong><\/li>\n<\/ul>\n\n\n\n<p>Embora alguns clientes tenham experimentado usar nossas m\u00e1quinas para itens como cobertores e v\u00e1rios pl\u00e1sticos, devemos enfatizar que n\u00e3o recomendamos essas aplica\u00e7\u00f5es. As m\u00e1quinas s\u00e3o especificamente projetadas e otimizadas exclusivamente para a lavagem de carpetes, e us\u00e1-las para outros materiais pode levar a resultados abaixo do ideal ou danos potenciais \u00e0 pr\u00f3pria m\u00e1quina.<\/p>\n","protected":false},"excerpt":{"rendered":"<p>Esta se\u00e7\u00e3o d\u00e1 continuidade \u00e0s nossas Perguntas Frequentes (FAQ), abordando quest\u00f5es mais espec\u00edficas sobre nossas m\u00e1quinas de lavar carpetes. Informa\u00e7\u00f5es Gerais Nossas m\u00e1quinas v\u00eam com&hellip;<\/p>\n","protected":false},"author":1,"featured_media":0,"parent":0,"menu_order":0,"comment_status":"closed","ping_status":"closed","template":"","meta":{"footnotes":""},"class_list":["post-980","page","type-page","status-publish","hentry"],"translation":{"provider":"WPGlobus","version":"3.0.0","language":"pt","enabled_languages":["en","tr","fr","ar","es","de","pt","ru"],"languages":{"en":{"title":true,"content":true,"excerpt":false},"tr":{"title":true,"content":true,"excerpt":false},"fr":{"title":true,"content":true,"excerpt":false},"ar":{"title":true,"content":true,"excerpt":false},"es":{"title":true,"content":true,"excerpt":false},"de":{"title":true,"content":true,"excerpt":false},"pt":{"title":true,"content":true,"excerpt":false},"ru":{"title":true,"content":true,"excerpt":false}}},"yoast_head":"<!-- This site is optimized with the Yoast SEO plugin v24.7 - https:\/\/yoast.com\/wordpress\/plugins\/seo\/ -->\n<title>Perguntas frequentes sobre m\u00e1quinas de lavar carpetes 2 - M\u00e1quina de lavar carpetes<\/title>\n<meta name=\"description\" content=\"M\u00e1quinas de lavar carpetes: 1 ano de garantia, prontas. Personaliz\u00e1veis, suporte e pe\u00e7as. Limpam todo tipo, autom\u00e1ticas e sem esfor\u00e7o.\" \/>\n<meta name=\"robots\" content=\"index, follow, max-snippet:-1, max-image-preview:large, max-video-preview:-1\" \/>\n<link rel=\"canonical\" href=\"https:\/\/www.thecarpetwashingmachine.com\/faq-on-carpet-washing-machines-2\/\" \/>\n<meta property=\"og:locale\" content=\"pt_PT\" \/>\n<meta property=\"og:type\" content=\"article\" \/>\n<meta property=\"og:title\" content=\"Perguntas frequentes sobre m\u00e1quinas de lavar carpetes 2 - M\u00e1quina de lavar carpetes\" \/>\n<meta property=\"og:description\" content=\"M\u00e1quinas de lavar carpetes: 1 ano de garantia, prontas. Personaliz\u00e1veis, suporte e pe\u00e7as. Limpam todo tipo, autom\u00e1ticas e sem esfor\u00e7o.\" \/>\n<meta property=\"og:url\" content=\"https:\/\/www.thecarpetwashingmachine.com\/faq-on-carpet-washing-machines-2\/\" \/>\n<meta property=\"og:site_name\" content=\"M\u00e1quina de lavar carpetes\" \/>\n<meta property=\"article:publisher\" content=\"http:\/\/www.facebook.com\/carpetwashingmachine\" \/>\n<meta property=\"article:modified_time\" content=\"2025-07-07T09:54:21+00:00\" \/>\n<meta property=\"og:image\" content=\"https:\/\/www.thecarpetwashingmachine.com\/wp-content\/uploads\/2025\/01\/hali-yikama-makinasi-kullanimi-1.jpg\" \/>\n\t<meta property=\"og:image:width\" content=\"826\" \/>\n\t<meta property=\"og:image:height\" content=\"390\" \/>\n\t<meta property=\"og:image:type\" content=\"image\/jpeg\" \/>\n<meta name=\"twitter:card\" content=\"summary_large_image\" \/>\n<meta name=\"twitter:label1\" content=\"Tempo estimado de leitura\" \/>\n\t<meta name=\"twitter:data1\" content=\"2 minutos\" \/>\n<script type=\"application\/ld+json\" class=\"yoast-schema-graph\">{\"@context\":\"https:\/\/schema.org\",\"@graph\":[{\"@type\":\"WebPage\",\"@id\":\"https:\/\/www.thecarpetwashingmachine.com\/faq-on-carpet-washing-machines-2\/\",\"url\":\"https:\/\/www.thecarpetwashingmachine.com\/faq-on-carpet-washing-machines-2\/\",\"name\":\"Perguntas frequentes sobre m\u00e1quinas de lavar carpetes 2 - M\u00e1quina de lavar carpetes\",\"isPartOf\":{\"@id\":\"https:\/\/www.thecarpetwashingmachine.com\/#website\"},\"primaryImageOfPage\":{\"@id\":\"https:\/\/www.thecarpetwashingmachine.com\/faq-on-carpet-washing-machines-2\/#primaryimage\"},\"image\":{\"@id\":\"https:\/\/www.thecarpetwashingmachine.com\/faq-on-carpet-washing-machines-2\/#primaryimage\"},\"thumbnailUrl\":\"https:\/\/www.thecarpetwashingmachine.com\/wp-content\/uploads\/2025\/01\/hali-yikama-makinasi-kullanimi-1.jpg\",\"datePublished\":\"2025-06-25T06:51:20+00:00\",\"dateModified\":\"2025-07-07T09:54:21+00:00\",\"description\":\"\u041a\u043e\u0432\u0440\u043e\u043c\u043e\u0435\u0447\u043d\u044b\u0435 \u043c\u0430\u0448\u0438\u043d\u044b: 1 \u0433\u043e\u0434 \u0433\u0430\u0440\u0430\u043d\u0442\u0438\u0438, \u0433\u043e\u0442\u043e\u0432\u044b. \u041d\u0430\u0441\u0442\u0440\u0430\u0438\u0432\u0430\u0435\u043c\u044b\u0435, \u043f\u043e\u0434\u0434\u0435\u0440\u0436\u043a\u0430\/\u0437\u0430\u043f\u0447\u0430\u0441\u0442\u0438. \u0427\u0438\u0441\u0442\u044f\u0442 \u0432\u0441\u0435 \u043a\u043e\u0432\u0440\u044b \u043b\u0435\u0433\u043a\u043e, \u043f\u043e\u043b\u043d\u043e\u0441\u0442\u044c\u044e \u0430\u0432\u0442\u043e\u043c\u0430\u0442\u0438\u0447\u0435\u0441\u043a\u0438\u0435.\",\"breadcrumb\":{\"@id\":\"https:\/\/www.thecarpetwashingmachine.com\/faq-on-carpet-washing-machines-2\/#breadcrumb\"},\"inLanguage\":\"pt-PT\",\"potentialAction\":[{\"@type\":\"ReadAction\",\"target\":[\"https:\/\/www.thecarpetwashingmachine.com\/faq-on-carpet-washing-machines-2\/\"]}]},{\"@type\":\"ImageObject\",\"inLanguage\":\"pt-PT\",\"@id\":\"https:\/\/www.thecarpetwashingmachine.com\/faq-on-carpet-washing-machines-2\/#primaryimage\",\"url\":\"https:\/\/www.thecarpetwashingmachine.com\/wp-content\/uploads\/2025\/01\/hali-yikama-makinasi-kullanimi-1.jpg\",\"contentUrl\":\"https:\/\/www.thecarpetwashingmachine.com\/wp-content\/uploads\/2025\/01\/hali-yikama-makinasi-kullanimi-1.jpg\"},{\"@type\":\"BreadcrumbList\",\"@id\":\"https:\/\/www.thecarpetwashingmachine.com\/faq-on-carpet-washing-machines-2\/#breadcrumb\",\"itemListElement\":[{\"@type\":\"ListItem\",\"position\":1,\"name\":\"Home\",\"item\":\"https:\/\/www.thecarpetwashingmachine.com\/\"},{\"@type\":\"ListItem\",\"position\":2,\"name\":\"Frequently Asked Questions on Carpet Washing Machines 2\"}]},{\"@type\":\"WebSite\",\"@id\":\"https:\/\/www.thecarpetwashingmachine.com\/#website\",\"url\":\"https:\/\/www.thecarpetwashingmachine.com\/\",\"name\":\"M\u00e1quina de lavar carpetes\",\"description\":\"A m\u00e1quina de lavar carpetes est\u00e1 no mundo todo!\",\"potentialAction\":[{\"@type\":\"SearchAction\",\"target\":{\"@type\":\"EntryPoint\",\"urlTemplate\":\"https:\/\/www.thecarpetwashingmachine.com\/?s={search_term_string}\"},\"query-input\":{\"@type\":\"PropertyValueSpecification\",\"valueRequired\":true,\"valueName\":\"search_term_string\"}}],\"inLanguage\":\"pt-PT\"}]}<\/script>\n<!-- \/ Yoast SEO plugin. -->","yoast_head_json":{"title":"Perguntas frequentes sobre m\u00e1quinas de lavar carpetes 2 - M\u00e1quina de lavar carpetes","description":"M\u00e1quinas de lavar carpetes: 1 ano de garantia, prontas. Personaliz\u00e1veis, suporte e pe\u00e7as. Limpam todo tipo, autom\u00e1ticas e sem esfor\u00e7o.","robots":{"index":"index","follow":"follow","max-snippet":"max-snippet:-1","max-image-preview":"max-image-preview:large","max-video-preview":"max-video-preview:-1"},"canonical":"https:\/\/www.thecarpetwashingmachine.com\/faq-on-carpet-washing-machines-2\/","og_locale":"pt_PT","og_type":"article","og_title":"Perguntas frequentes sobre m\u00e1quinas de lavar carpetes 2 - M\u00e1quina de lavar carpetes","og_description":"M\u00e1quinas de lavar carpetes: 1 ano de garantia, prontas. Personaliz\u00e1veis, suporte e pe\u00e7as. Limpam todo tipo, autom\u00e1ticas e sem esfor\u00e7o.","og_url":"https:\/\/www.thecarpetwashingmachine.com\/faq-on-carpet-washing-machines-2\/","og_site_name":"M\u00e1quina de lavar carpetes","article_publisher":"http:\/\/www.facebook.com\/carpetwashingmachine","article_modified_time":"2025-07-07T09:54:21+00:00","og_image":[{"width":826,"height":390,"url":"https:\/\/www.thecarpetwashingmachine.com\/wp-content\/uploads\/2025\/01\/hali-yikama-makinasi-kullanimi-1.jpg","type":"image\/jpeg"}],"twitter_card":"summary_large_image","twitter_misc":{"Tempo estimado de leitura":"2 minutos"},"schema":{"@context":"https:\/\/schema.org","@graph":[{"@type":"WebPage","@id":"https:\/\/www.thecarpetwashingmachine.com\/faq-on-carpet-washing-machines-2\/","url":"https:\/\/www.thecarpetwashingmachine.com\/faq-on-carpet-washing-machines-2\/","name":"Perguntas frequentes sobre m\u00e1quinas de lavar carpetes 2 - M\u00e1quina de lavar carpetes","isPartOf":{"@id":"https:\/\/www.thecarpetwashingmachine.com\/#website"},"primaryImageOfPage":{"@id":"https:\/\/www.thecarpetwashingmachine.com\/faq-on-carpet-washing-machines-2\/#primaryimage"},"image":{"@id":"https:\/\/www.thecarpetwashingmachine.com\/faq-on-carpet-washing-machines-2\/#primaryimage"},"thumbnailUrl":"https:\/\/www.thecarpetwashingmachine.com\/wp-content\/uploads\/2025\/01\/hali-yikama-makinasi-kullanimi-1.jpg","datePublished":"2025-06-25T06:51:20+00:00","dateModified":"2025-07-07T09:54:21+00:00","description":"\u041a\u043e\u0432\u0440\u043e\u043c\u043e\u0435\u0447\u043d\u044b\u0435 \u043c\u0430\u0448\u0438\u043d\u044b: 1 \u0433\u043e\u0434 \u0433\u0430\u0440\u0430\u043d\u0442\u0438\u0438, \u0433\u043e\u0442\u043e\u0432\u044b. \u041d\u0430\u0441\u0442\u0440\u0430\u0438\u0432\u0430\u0435\u043c\u044b\u0435, \u043f\u043e\u0434\u0434\u0435\u0440\u0436\u043a\u0430\/\u0437\u0430\u043f\u0447\u0430\u0441\u0442\u0438. \u0427\u0438\u0441\u0442\u044f\u0442 \u0432\u0441\u0435 \u043a\u043e\u0432\u0440\u044b \u043b\u0435\u0433\u043a\u043e, \u043f\u043e\u043b\u043d\u043e\u0441\u0442\u044c\u044e \u0430\u0432\u0442\u043e\u043c\u0430\u0442\u0438\u0447\u0435\u0441\u043a\u0438\u0435.","breadcrumb":{"@id":"https:\/\/www.thecarpetwashingmachine.com\/faq-on-carpet-washing-machines-2\/#breadcrumb"},"inLanguage":"pt-PT","potentialAction":[{"@type":"ReadAction","target":["https:\/\/www.thecarpetwashingmachine.com\/faq-on-carpet-washing-machines-2\/"]}]},{"@type":"ImageObject","inLanguage":"pt-PT","@id":"https:\/\/www.thecarpetwashingmachine.com\/faq-on-carpet-washing-machines-2\/#primaryimage","url":"https:\/\/www.thecarpetwashingmachine.com\/wp-content\/uploads\/2025\/01\/hali-yikama-makinasi-kullanimi-1.jpg","contentUrl":"https:\/\/www.thecarpetwashingmachine.com\/wp-content\/uploads\/2025\/01\/hali-yikama-makinasi-kullanimi-1.jpg"},{"@type":"BreadcrumbList","@id":"https:\/\/www.thecarpetwashingmachine.com\/faq-on-carpet-washing-machines-2\/#breadcrumb","itemListElement":[{"@type":"ListItem","position":1,"name":"Home","item":"https:\/\/www.thecarpetwashingmachine.com\/"},{"@type":"ListItem","position":2,"name":"Frequently Asked Questions on Carpet Washing Machines 2"}]},{"@type":"WebSite","@id":"https:\/\/www.thecarpetwashingmachine.com\/#website","url":"https:\/\/www.thecarpetwashingmachine.com\/","name":"M\u00e1quina de lavar carpetes","description":"A m\u00e1quina de lavar carpetes est\u00e1 no mundo todo!","potentialAction":[{"@type":"SearchAction","target":{"@type":"EntryPoint","urlTemplate":"https:\/\/www.thecarpetwashingmachine.com\/?s={search_term_string}"},"query-input":{"@type":"PropertyValueSpecification","valueRequired":true,"valueName":"search_term_string"}}],"inLanguage":"pt-PT"}]}},"_links":{"self":[{"href":"https:\/\/www.thecarpetwashingmachine.com\/pt\/wp-json\/wp\/v2\/pages\/980","targetHints":{"allow":["GET"]}}],"collection":[{"href":"https:\/\/www.thecarpetwashingmachine.com\/pt\/wp-json\/wp\/v2\/pages"}],"about":[{"href":"https:\/\/www.thecarpetwashingmachine.com\/pt\/wp-json\/wp\/v2\/types\/page"}],"author":[{"embeddable":true,"href":"https:\/\/www.thecarpetwashingmachine.com\/pt\/wp-json\/wp\/v2\/users\/1"}],"replies":[{"embeddable":true,"href":"https:\/\/www.thecarpetwashingmachine.com\/pt\/wp-json\/wp\/v2\/comments?post=980"}],"version-history":[{"count":26,"href":"https:\/\/www.thecarpetwashingmachine.com\/pt\/wp-json\/wp\/v2\/pages\/980\/revisions"}],"predecessor-version":[{"id":1942,"href":"https:\/\/www.thecarpetwashingmachine.com\/pt\/wp-json\/wp\/v2\/pages\/980\/revisions\/1942"}],"wp:attachment":[{"href":"https:\/\/www.thecarpetwashingmachine.com\/pt\/wp-json\/wp\/v2\/media?parent=980"}],"curies":[{"name":"wp","href":"https:\/\/api.w.org\/{rel}","templated":true}]}}