{"id":663,"date":"2025-06-12T11:16:45","date_gmt":"2025-06-12T11:16:45","guid":{"rendered":"https:\/\/www.thecarpetwashingmachine.com\/?page_id=663"},"modified":"2025-07-03T13:05:37","modified_gmt":"2025-07-03T13:05:37","slug":"carpet-washing-as-a-highly-perspective-and-lucrative-business-2","status":"publish","type":"page","link":"https:\/\/www.thecarpetwashingmachine.com\/pt\/carpet-washing-as-a-highly-perspective-and-lucrative-business-2\/","title":{"rendered":"Lavagem de Tapetes: Um Neg\u00f3cio Altamente Promissor e Lucrativo"},"content":{"rendered":"<div class=\"wp-block-image\">\n<figure class=\"aligncenter size-full\"><img loading=\"lazy\" decoding=\"async\" width=\"750\" height=\"500\" src=\"https:\/\/www.thecarpetwashingmachine.com\/wp-content\/uploads\/2025\/07\/Untitled-design-10.png\" alt=\"Automatic carpet washing machine\" class=\"wp-image-1618\" srcset=\"https:\/\/www.thecarpetwashingmachine.com\/wp-content\/uploads\/2025\/07\/Untitled-design-10.png 750w, https:\/\/www.thecarpetwashingmachine.com\/wp-content\/uploads\/2025\/07\/Untitled-design-10-300x200.png 300w\" sizes=\"auto, (max-width: 750px) 100vw, 750px\" \/><\/figure><\/div>\n\n\n<p><\/p>\n\n\n\n<p>Os servi\u00e7os de lavagem de tapetes tornaram-se cada vez mais populares nos \u00faltimos anos. Embora h\u00e1 alguns anos as pessoas costumassem fazer a lavagem de tapetes por conta pr\u00f3pria, usando alguns itens dom\u00e9sticos. Principalmente, tudo isso est\u00e1 associado \u00e0 populariza\u00e7\u00e3o de equipamentos de lavagem de tapetes no mercado internacional, cuja popularidade difere de pa\u00eds para pa\u00eds e de regi\u00e3o para regi\u00e3o. Qual \u00e9 a raz\u00e3o pela qual as donas de casa modernas n\u00e3o querem limpar tapetes por conta pr\u00f3pria? Aparentemente, a resposta \u00e9 bastante simples: n\u00e3o \u00e9 poss\u00edvel se livrar de v\u00e1rias manchas, \u00e1caros e de toda a poeira acumulada no tapete. Ao usar produtos qu\u00edmicos supostamente especializados para lavagem de tapetes em casa, voc\u00ea coloca em risco n\u00e3o apenas o seu tapete, mas tamb\u00e9m a si mesmo, como a superf\u00edcie onde a limpeza \u00e9 realizada. Ou seja, voc\u00ea corre o risco de: \u2013 inalar fumos de produtos qu\u00edmicos; \u2013 danificar a estrutura do tapete; \u2013 fazer com que seu tapete desbote; \u2013 as cores ficarem foscas. Todas as raz\u00f5es mencionadas acima geram o interesse e a demanda pela lavagem profissional de tapetes, pois isso preserva a apar\u00eancia externa do tapete e economiza tempo.<\/p>\n\n\n\n<p>Atualmente, a Turquia ocupa a primeira posi\u00e7\u00e3o na fabrica\u00e7\u00e3o de tais equipamentos. Isso tamb\u00e9m ocorre porque este pa\u00eds produz tapetes mundialmente conhecidos que todo turista sonha em comprar. Este neg\u00f3cio tem prosperado na Turquia por mais de 30 anos. Os fabricantes come\u00e7aram sua produ\u00e7\u00e3o com pequenos hidro-extratores. Atualmente, eles produzem <a href=\"https:\/\/www.thecarpetwashingmachine.com\/pt\/automatic-carpet-washing-machine-er-4200\/\">equipamentos autom\u00e1ticos<\/a> novos para lavar tapetes. Portanto, R\u00fassia, Rom\u00eania, Pol\u00f4nia e outros pa\u00edses tiveram uma grande possibilidade de adotar essa experi\u00eancia e lan\u00e7ar um novo neg\u00f3cio, ainda n\u00e3o t\u00e3o popular.<\/p>\n","protected":false},"excerpt":{"rendered":"<p>Os servi\u00e7os de lavagem de tapetes tornaram-se cada vez mais populares nos \u00faltimos anos. Embora h\u00e1 alguns anos as pessoas costumassem fazer a lavagem de&hellip;<\/p>\n","protected":false},"author":1,"featured_media":0,"parent":0,"menu_order":0,"comment_status":"closed","ping_status":"closed","template":"","meta":{"footnotes":""},"class_list":["post-663","page","type-page","status-publish","hentry"],"translation":{"provider":"WPGlobus","version":"3.0.0","language":"pt","enabled_languages":["en","tr","fr","ar","es","de","pt","ru"],"languages":{"en":{"title":true,"content":true,"excerpt":false},"tr":{"title":true,"content":true,"excerpt":false},"fr":{"title":true,"content":true,"excerpt":false},"ar":{"title":true,"content":true,"excerpt":false},"es":{"title":true,"content":true,"excerpt":false},"de":{"title":true,"content":true,"excerpt":false},"pt":{"title":true,"content":true,"excerpt":false},"ru":{"title":true,"content":true,"excerpt":false}}},"yoast_head":"<!-- This site is optimized with the Yoast SEO plugin v24.7 - https:\/\/yoast.com\/wordpress\/plugins\/seo\/ -->\n<title>Lavagem de Tapetes: Um Neg\u00f3cio Altamente Promissor e Lucrativo - M\u00e1quina de lavar carpetes<\/title>\n<meta name=\"description\" content=\"Lavagem profissional de tapetes: Economize tempo, proteja seus tapetes! Evite qu\u00edmicos. Descubra a expertise turca em equipamentos.\" \/>\n<meta name=\"robots\" content=\"index, follow, max-snippet:-1, max-image-preview:large, max-video-preview:-1\" \/>\n<link rel=\"canonical\" href=\"https:\/\/www.thecarpetwashingmachine.com\/carpet-washing-as-a-highly-perspective-and-lucrative-business-2\/\" \/>\n<meta property=\"og:locale\" content=\"pt_PT\" \/>\n<meta property=\"og:type\" content=\"article\" \/>\n<meta property=\"og:title\" content=\"Lavagem de Tapetes: Um Neg\u00f3cio Altamente Promissor e Lucrativo - M\u00e1quina de lavar carpetes\" \/>\n<meta property=\"og:description\" content=\"Lavagem profissional de tapetes: Economize tempo, proteja seus tapetes! Evite qu\u00edmicos. Descubra a expertise turca em equipamentos.\" \/>\n<meta property=\"og:url\" content=\"https:\/\/www.thecarpetwashingmachine.com\/carpet-washing-as-a-highly-perspective-and-lucrative-business-2\/\" \/>\n<meta property=\"og:site_name\" content=\"M\u00e1quina de lavar carpetes\" \/>\n<meta property=\"article:publisher\" content=\"http:\/\/www.facebook.com\/carpetwashingmachine\" \/>\n<meta property=\"article:modified_time\" content=\"2025-07-03T13:05:37+00:00\" \/>\n<meta property=\"og:image\" content=\"https:\/\/www.thecarpetwashingmachine.com\/wp-content\/uploads\/2025\/07\/Untitled-design-10.png\" \/>\n\t<meta property=\"og:image:width\" content=\"750\" \/>\n\t<meta property=\"og:image:height\" content=\"500\" \/>\n\t<meta property=\"og:image:type\" content=\"image\/png\" \/>\n<meta name=\"twitter:card\" content=\"summary_large_image\" \/>\n<meta name=\"twitter:label1\" content=\"Tempo estimado de leitura\" \/>\n\t<meta name=\"twitter:data1\" content=\"2 minutos\" \/>\n<script type=\"application\/ld+json\" class=\"yoast-schema-graph\">{\"@context\":\"https:\/\/schema.org\",\"@graph\":[{\"@type\":\"WebPage\",\"@id\":\"https:\/\/www.thecarpetwashingmachine.com\/carpet-washing-as-a-highly-perspective-and-lucrative-business-2\/\",\"url\":\"https:\/\/www.thecarpetwashingmachine.com\/carpet-washing-as-a-highly-perspective-and-lucrative-business-2\/\",\"name\":\"Lavagem de Tapetes: Um Neg\u00f3cio Altamente Promissor e Lucrativo - M\u00e1quina de lavar carpetes\",\"isPartOf\":{\"@id\":\"https:\/\/www.thecarpetwashingmachine.com\/#website\"},\"primaryImageOfPage\":{\"@id\":\"https:\/\/www.thecarpetwashingmachine.com\/carpet-washing-as-a-highly-perspective-and-lucrative-business-2\/#primaryimage\"},\"image\":{\"@id\":\"https:\/\/www.thecarpetwashingmachine.com\/carpet-washing-as-a-highly-perspective-and-lucrative-business-2\/#primaryimage\"},\"thumbnailUrl\":\"https:\/\/www.thecarpetwashingmachine.com\/wp-content\/uploads\/2025\/07\/Untitled-design-10.png\",\"datePublished\":\"2025-06-12T11:16:45+00:00\",\"dateModified\":\"2025-07-03T13:05:37+00:00\",\"description\":\"Professional carpet washing saves time and preserves your carpets! Avoid DIY damage. Discover Turkey's leading carpet cleaning equipment.\",\"breadcrumb\":{\"@id\":\"https:\/\/www.thecarpetwashingmachine.com\/carpet-washing-as-a-highly-perspective-and-lucrative-business-2\/#breadcrumb\"},\"inLanguage\":\"pt-PT\",\"potentialAction\":[{\"@type\":\"ReadAction\",\"target\":[\"https:\/\/www.thecarpetwashingmachine.com\/carpet-washing-as-a-highly-perspective-and-lucrative-business-2\/\"]}]},{\"@type\":\"ImageObject\",\"inLanguage\":\"pt-PT\",\"@id\":\"https:\/\/www.thecarpetwashingmachine.com\/carpet-washing-as-a-highly-perspective-and-lucrative-business-2\/#primaryimage\",\"url\":\"https:\/\/www.thecarpetwashingmachine.com\/wp-content\/uploads\/2025\/07\/Untitled-design-10.png\",\"contentUrl\":\"https:\/\/www.thecarpetwashingmachine.com\/wp-content\/uploads\/2025\/07\/Untitled-design-10.png\"},{\"@type\":\"BreadcrumbList\",\"@id\":\"https:\/\/www.thecarpetwashingmachine.com\/carpet-washing-as-a-highly-perspective-and-lucrative-business-2\/#breadcrumb\",\"itemListElement\":[{\"@type\":\"ListItem\",\"position\":1,\"name\":\"Home\",\"item\":\"https:\/\/www.thecarpetwashingmachine.com\/\"},{\"@type\":\"ListItem\",\"position\":2,\"name\":\"Carpet Washing as a Highly Perspective and Lucrative Business\"}]},{\"@type\":\"WebSite\",\"@id\":\"https:\/\/www.thecarpetwashingmachine.com\/#website\",\"url\":\"https:\/\/www.thecarpetwashingmachine.com\/\",\"name\":\"M\u00e1quina de lavar carpetes\",\"description\":\"A m\u00e1quina de lavar carpetes est\u00e1 no mundo todo!\",\"potentialAction\":[{\"@type\":\"SearchAction\",\"target\":{\"@type\":\"EntryPoint\",\"urlTemplate\":\"https:\/\/www.thecarpetwashingmachine.com\/?s={search_term_string}\"},\"query-input\":{\"@type\":\"PropertyValueSpecification\",\"valueRequired\":true,\"valueName\":\"search_term_string\"}}],\"inLanguage\":\"pt-PT\"}]}<\/script>\n<!-- \/ Yoast SEO plugin. -->","yoast_head_json":{"title":"Lavagem de Tapetes: Um Neg\u00f3cio Altamente Promissor e Lucrativo - M\u00e1quina de lavar carpetes","description":"Lavagem profissional de tapetes: Economize tempo, proteja seus tapetes! Evite qu\u00edmicos. Descubra a expertise turca em equipamentos.","robots":{"index":"index","follow":"follow","max-snippet":"max-snippet:-1","max-image-preview":"max-image-preview:large","max-video-preview":"max-video-preview:-1"},"canonical":"https:\/\/www.thecarpetwashingmachine.com\/carpet-washing-as-a-highly-perspective-and-lucrative-business-2\/","og_locale":"pt_PT","og_type":"article","og_title":"Lavagem de Tapetes: Um Neg\u00f3cio Altamente Promissor e Lucrativo - M\u00e1quina de lavar carpetes","og_description":"Lavagem profissional de tapetes: Economize tempo, proteja seus tapetes! Evite qu\u00edmicos. Descubra a expertise turca em equipamentos.","og_url":"https:\/\/www.thecarpetwashingmachine.com\/carpet-washing-as-a-highly-perspective-and-lucrative-business-2\/","og_site_name":"M\u00e1quina de lavar carpetes","article_publisher":"http:\/\/www.facebook.com\/carpetwashingmachine","article_modified_time":"2025-07-03T13:05:37+00:00","og_image":[{"width":750,"height":500,"url":"https:\/\/www.thecarpetwashingmachine.com\/wp-content\/uploads\/2025\/07\/Untitled-design-10.png","type":"image\/png"}],"twitter_card":"summary_large_image","twitter_misc":{"Tempo estimado de leitura":"2 minutos"},"schema":{"@context":"https:\/\/schema.org","@graph":[{"@type":"WebPage","@id":"https:\/\/www.thecarpetwashingmachine.com\/carpet-washing-as-a-highly-perspective-and-lucrative-business-2\/","url":"https:\/\/www.thecarpetwashingmachine.com\/carpet-washing-as-a-highly-perspective-and-lucrative-business-2\/","name":"Lavagem de Tapetes: Um Neg\u00f3cio Altamente Promissor e Lucrativo - M\u00e1quina de lavar carpetes","isPartOf":{"@id":"https:\/\/www.thecarpetwashingmachine.com\/#website"},"primaryImageOfPage":{"@id":"https:\/\/www.thecarpetwashingmachine.com\/carpet-washing-as-a-highly-perspective-and-lucrative-business-2\/#primaryimage"},"image":{"@id":"https:\/\/www.thecarpetwashingmachine.com\/carpet-washing-as-a-highly-perspective-and-lucrative-business-2\/#primaryimage"},"thumbnailUrl":"https:\/\/www.thecarpetwashingmachine.com\/wp-content\/uploads\/2025\/07\/Untitled-design-10.png","datePublished":"2025-06-12T11:16:45+00:00","dateModified":"2025-07-03T13:05:37+00:00","description":"Professional carpet washing saves time and preserves your carpets! Avoid DIY damage. Discover Turkey's leading carpet cleaning equipment.","breadcrumb":{"@id":"https:\/\/www.thecarpetwashingmachine.com\/carpet-washing-as-a-highly-perspective-and-lucrative-business-2\/#breadcrumb"},"inLanguage":"pt-PT","potentialAction":[{"@type":"ReadAction","target":["https:\/\/www.thecarpetwashingmachine.com\/carpet-washing-as-a-highly-perspective-and-lucrative-business-2\/"]}]},{"@type":"ImageObject","inLanguage":"pt-PT","@id":"https:\/\/www.thecarpetwashingmachine.com\/carpet-washing-as-a-highly-perspective-and-lucrative-business-2\/#primaryimage","url":"https:\/\/www.thecarpetwashingmachine.com\/wp-content\/uploads\/2025\/07\/Untitled-design-10.png","contentUrl":"https:\/\/www.thecarpetwashingmachine.com\/wp-content\/uploads\/2025\/07\/Untitled-design-10.png"},{"@type":"BreadcrumbList","@id":"https:\/\/www.thecarpetwashingmachine.com\/carpet-washing-as-a-highly-perspective-and-lucrative-business-2\/#breadcrumb","itemListElement":[{"@type":"ListItem","position":1,"name":"Home","item":"https:\/\/www.thecarpetwashingmachine.com\/"},{"@type":"ListItem","position":2,"name":"Carpet Washing as a Highly Perspective and Lucrative Business"}]},{"@type":"WebSite","@id":"https:\/\/www.thecarpetwashingmachine.com\/#website","url":"https:\/\/www.thecarpetwashingmachine.com\/","name":"M\u00e1quina de lavar carpetes","description":"A m\u00e1quina de lavar carpetes est\u00e1 no mundo todo!","potentialAction":[{"@type":"SearchAction","target":{"@type":"EntryPoint","urlTemplate":"https:\/\/www.thecarpetwashingmachine.com\/?s={search_term_string}"},"query-input":{"@type":"PropertyValueSpecification","valueRequired":true,"valueName":"search_term_string"}}],"inLanguage":"pt-PT"}]}},"_links":{"self":[{"href":"https:\/\/www.thecarpetwashingmachine.com\/pt\/wp-json\/wp\/v2\/pages\/663","targetHints":{"allow":["GET"]}}],"collection":[{"href":"https:\/\/www.thecarpetwashingmachine.com\/pt\/wp-json\/wp\/v2\/pages"}],"about":[{"href":"https:\/\/www.thecarpetwashingmachine.com\/pt\/wp-json\/wp\/v2\/types\/page"}],"author":[{"embeddable":true,"href":"https:\/\/www.thecarpetwashingmachine.com\/pt\/wp-json\/wp\/v2\/users\/1"}],"replies":[{"embeddable":true,"href":"https:\/\/www.thecarpetwashingmachine.com\/pt\/wp-json\/wp\/v2\/comments?post=663"}],"version-history":[{"count":44,"href":"https:\/\/www.thecarpetwashingmachine.com\/pt\/wp-json\/wp\/v2\/pages\/663\/revisions"}],"predecessor-version":[{"id":1765,"href":"https:\/\/www.thecarpetwashingmachine.com\/pt\/wp-json\/wp\/v2\/pages\/663\/revisions\/1765"}],"wp:attachment":[{"href":"https:\/\/www.thecarpetwashingmachine.com\/pt\/wp-json\/wp\/v2\/media?parent=663"}],"curies":[{"name":"wp","href":"https:\/\/api.w.org\/{rel}","templated":true}]}}