{"id":407,"date":"2025-03-14T08:45:31","date_gmt":"2025-03-14T08:45:31","guid":{"rendered":"https:\/\/www.thecarpetwashingmachine.com\/?page_id=407"},"modified":"2025-07-11T09:55:15","modified_gmt":"2025-07-11T09:55:15","slug":"er-5200-rug-washing-machine","status":"publish","type":"page","link":"https:\/\/www.thecarpetwashingmachine.com\/pt\/er-5200-rug-washing-machine\/","title":{"rendered":"M\u00e1quina de lavar tapetes ER 5200"},"content":{"rendered":"<div class=\"wp-block-image alignnone wp-image-410\">\n<figure class=\"aligncenter size-full\"><img loading=\"lazy\" decoding=\"async\" width=\"750\" height=\"500\" src=\"https:\/\/www.thecarpetwashingmachine.com\/wp-content\/uploads\/2025\/07\/Untitled-design-10.png\" alt=\"M\u00e1quina de lavar tapetes ER 5200\" class=\"wp-image-1618\" srcset=\"https:\/\/www.thecarpetwashingmachine.com\/wp-content\/uploads\/2025\/07\/Untitled-design-10.png 750w, https:\/\/www.thecarpetwashingmachine.com\/wp-content\/uploads\/2025\/07\/Untitled-design-10-300x200.png 300w\" sizes=\"auto, (max-width: 750px) 100vw, 750px\" \/><figcaption class=\"wp-element-caption\">M\u00e1quina de lavar tapetes<\/figcaption><\/figure><\/div>\n\n\n<p>A m\u00e1quina de lavar tapetes autom\u00e1tica <strong>ER 5200<\/strong> \u00e9 a maior m\u00e1quina de limpeza de tapetes que produzimos como um dos nossos modelos padr\u00e3o. Ela possui uma largura m\u00e1xima de tapete de <strong>5,2 metros (17 p\u00e9s)<\/strong> e pode ser equipada com <strong>8 (4+4) ou 12 (6+6) escovas de disco<\/strong>, dependendo do modelo. \u00c9 utilizada logo ap\u00f3s a remo\u00e7\u00e3o de p\u00f3 dos tapetes por meio de um <a href=\"https:\/\/www.thecarpetwashingmachine.com\/pt\/carpet-dusting-machine\/\">desempoeirador autom\u00e1tico.<\/a><\/p>\n\n\n\n<p>Esta m\u00e1quina comercial de lavar tapetes \u00e9 produzida para tapetes extremamente grandes, como os de 5 por 6 metros, 5 por 8 metros e at\u00e9 mesmo 5 por 12 metros. Tamb\u00e9m \u00e9 poss\u00edvel lavar m\u00faltiplos tapetes lado a lado, assim como em nossas outras m\u00e1quinas profissionais de lavar tapetes.<\/p>\n\n\n\n<p>Os tapetes s\u00e3o primeiramente colocados em uma <strong>banheira grande<\/strong> (esta banheira tem uma capacidade muito maior em compara\u00e7\u00e3o com os modelos ER 4200 ou <a href=\"http:\/\/thecarpetwashingmachine.com\/pt\/carpet-washing-machine-3-2-m\/\">ER 3200<\/a>, n\u00e3o apenas em largura, mas tamb\u00e9m em comprimento). Uma vez que os tapetes estejam encharcados, eles est\u00e3o prontos para o processo de lavagem na m\u00e1quina. O processo funciona da mesma forma que em todas as nossas m\u00e1quinas industriais de limpeza de tapetes. Primeiro, os tapetes s\u00e3o escovados enquanto o shampoo para tapetes \u00e9 aplicado e, em seguida, enxaguados com um <strong>sistema de alta press\u00e3o<\/strong>. Assim como em todas as nossas m\u00e1quinas de lavar tapetes, todos os processos s\u00e3o <strong>autom\u00e1ticos<\/strong> e requerem muito pouca interven\u00e7\u00e3o dos operadores.<\/p>\n\n\n\n<p>A lavadora de tapetes <strong>ER 5200<\/strong> \u00e9 produzida inteiramente em <strong>a\u00e7o inoxid\u00e1vel de grau 304<\/strong>. Ela possui alta resist\u00eancia \u00e0 corros\u00e3o, especialmente a causada pela \u00e1gua e produtos qu\u00edmicos usados na limpeza de tapetes, como shampoo para tapetes, soda c\u00e1ustica e alvejante. Comparada \u00e0s lavadoras de tapetes feitas de a\u00e7o galvanizado a quente ou a\u00e7o revestido com ep\u00f3xi, ela tem uma <strong>vida \u00fatil muito maior<\/strong>.<\/p>\n\n\n\n<p>A m\u00e1quina de lavar tapetes ER 5200 vem com uma lista de acess\u00f3rios: <strong>1 banheira grande<\/strong> para encharcar os tapetes, <strong>1 bomba pressurizadora de alta press\u00e3o de 150 bar<\/strong>, e <strong>2 carrinhos de tapete<\/strong> (um grande e um de tamanho m\u00e9dio) para movimentar os tapetes pela loja. A m\u00e1quina de lavar tapetes autom\u00e1tica ER 5200 \u00e9 a maior m\u00e1quina de limpeza de tapetes que produzimos como um dos nossos modelos padr\u00e3o. Ela possui uma largura m\u00e1xima de tapete de 5,2 metros, 17 p\u00e9s, e pode ser equipada com 8 (4+4) ou 12 (6+6) escovas de disco, dependendo do modelo. \u00c9 utilizada logo ap\u00f3s a remo\u00e7\u00e3o de p\u00f3 dos tapetes por meio de um desempoeirador autom\u00e1tico.<\/p>\n\n\n\n<p>Esta m\u00e1quina comercial de lavar tapetes \u00e9 produzida para tapetes extremamente grandes, como os de 5 por 6 metros, 5 por 8 metros e at\u00e9 mesmo 5 por 12 metros. Tamb\u00e9m \u00e9 poss\u00edvel lavar m\u00faltiplos tapetes lado a lado, assim como em nossas outras m\u00e1quinas profissionais de lavar tapetes.<\/p>\n\n\n\n<p>Os tapetes seriam primeiramente colocados em uma banheira grande (esta banheira tem uma capacidade muito maior em compara\u00e7\u00e3o com os modelos de m\u00e1quina de lavar tapetes ER 4200 ou ER 3200, n\u00e3o apenas em largura, mas tamb\u00e9m em comprimento). Uma vez que os tapetes estejam encharcados, eles est\u00e3o prontos para o processo de lavagem na lavadora. O processo funciona da mesma forma que em todas as nossas m\u00e1quinas industriais de limpeza de tapetes. Primeiro, os tapetes ser\u00e3o escovados enquanto o shampoo para tapetes \u00e9 aplicado e, em seguida, enxaguados com um sistema de alta press\u00e3o. Assim como em todas as nossas m\u00e1quinas de lavar tapetes, todos os processos s\u00e3o autom\u00e1ticos e requerem muito pouca interven\u00e7\u00e3o dos operadores.<\/p>\n\n\n\n<p>A lavadora de tapetes ER 5200 \u00e9 produzida completamente em a\u00e7o inoxid\u00e1vel de grau 304. Ela possui alta resist\u00eancia \u00e0 corros\u00e3o, especialmente a causada pela \u00e1gua e produtos qu\u00edmicos usados na limpeza de tapetes, como shampoo para tapetes, soda c\u00e1ustica e alvejante. Comparada \u00e0s lavadoras de tapetes feitas de a\u00e7o galvanizado a quente ou a\u00e7o revestido com ep\u00f3xi, ela tem uma vida \u00fatil muito maior.<\/p>\n\n\n\n<p>A m\u00e1quina de lavar tapetes ER 5200 vem com uma lista de acess\u00f3rios. 1 unidade de banheira grande para encharcar os tapetes, 1 unidade de bomba pressurizadora de alta press\u00e3o de 150 bar, 2 carrinhos de tapete, um grande e um de tamanho m\u00e9dio, para movimentar os tapetes pela loja.<\/p>\n","protected":false},"excerpt":{"rendered":"<p>A m\u00e1quina de lavar tapetes autom\u00e1tica ER 5200 \u00e9 a maior m\u00e1quina de limpeza de tapetes que produzimos como um dos nossos modelos padr\u00e3o. Ela&hellip;<\/p>\n","protected":false},"author":1,"featured_media":0,"parent":0,"menu_order":0,"comment_status":"closed","ping_status":"closed","template":"","meta":{"footnotes":""},"class_list":["post-407","page","type-page","status-publish","hentry"],"translation":{"provider":"WPGlobus","version":"3.0.0","language":"pt","enabled_languages":["en","tr","fr","ar","es","de","pt","ru"],"languages":{"en":{"title":true,"content":true,"excerpt":false},"tr":{"title":true,"content":true,"excerpt":false},"fr":{"title":true,"content":true,"excerpt":false},"ar":{"title":true,"content":true,"excerpt":false},"es":{"title":true,"content":true,"excerpt":false},"de":{"title":true,"content":true,"excerpt":false},"pt":{"title":true,"content":true,"excerpt":false},"ru":{"title":true,"content":true,"excerpt":false}}},"yoast_head":"<!-- This site is optimized with the Yoast SEO plugin v24.7 - https:\/\/yoast.com\/wordpress\/plugins\/seo\/ -->\n<title>M\u00e1quina de lavar tapetes ER 5200 - M\u00e1quina de lavar carpetes<\/title>\n<meta name=\"description\" content=\"A ER 5200, m\u00e1quina autom\u00e1tica, \u00e9 usada para limpar os maiores tapetes em lavanderias comerciais.\" \/>\n<meta name=\"robots\" content=\"index, follow, max-snippet:-1, max-image-preview:large, max-video-preview:-1\" \/>\n<link rel=\"canonical\" href=\"https:\/\/www.thecarpetwashingmachine.com\/er-5200-rug-washing-machine\/\" \/>\n<meta property=\"og:locale\" content=\"pt_PT\" \/>\n<meta property=\"og:type\" content=\"article\" \/>\n<meta property=\"og:title\" content=\"M\u00e1quina de lavar tapetes ER 5200 - M\u00e1quina de lavar carpetes\" \/>\n<meta property=\"og:description\" content=\"A ER 5200, m\u00e1quina autom\u00e1tica, \u00e9 usada para limpar os maiores tapetes em lavanderias comerciais.\" \/>\n<meta property=\"og:url\" content=\"https:\/\/www.thecarpetwashingmachine.com\/er-5200-rug-washing-machine\/\" \/>\n<meta property=\"og:site_name\" content=\"M\u00e1quina de lavar carpetes\" \/>\n<meta property=\"article:publisher\" content=\"http:\/\/www.facebook.com\/carpetwashingmachine\" \/>\n<meta property=\"article:modified_time\" content=\"2025-07-11T09:55:15+00:00\" \/>\n<meta property=\"og:image\" content=\"https:\/\/www.thecarpetwashingmachine.com\/wp-content\/uploads\/2025\/07\/Untitled-design-10.png\" \/>\n\t<meta property=\"og:image:width\" content=\"750\" \/>\n\t<meta property=\"og:image:height\" content=\"500\" \/>\n\t<meta property=\"og:image:type\" content=\"image\/png\" \/>\n<meta name=\"twitter:card\" content=\"summary_large_image\" \/>\n<meta name=\"twitter:label1\" content=\"Tempo estimado de leitura\" \/>\n\t<meta name=\"twitter:data1\" content=\"2 minutos\" \/>\n<script type=\"application\/ld+json\" class=\"yoast-schema-graph\">{\"@context\":\"https:\/\/schema.org\",\"@graph\":[{\"@type\":\"WebPage\",\"@id\":\"https:\/\/www.thecarpetwashingmachine.com\/er-5200-rug-washing-machine\/\",\"url\":\"https:\/\/www.thecarpetwashingmachine.com\/er-5200-rug-washing-machine\/\",\"name\":\"\u041c\u0430\u0448\u0438\u043d\u0430 \u0434\u043b\u044f \u0441\u0442\u0438\u0440\u043a\u0438 \u043a\u043e\u0432\u0440\u043e\u0432 ER 5200 - M\u00e1quina de lavar carpetes\",\"isPartOf\":{\"@id\":\"https:\/\/www.thecarpetwashingmachine.com\/#website\"},\"primaryImageOfPage\":{\"@id\":\"https:\/\/www.thecarpetwashingmachine.com\/er-5200-rug-washing-machine\/#primaryimage\"},\"image\":{\"@id\":\"https:\/\/www.thecarpetwashingmachine.com\/er-5200-rug-washing-machine\/#primaryimage\"},\"thumbnailUrl\":\"https:\/\/www.thecarpetwashingmachine.com\/wp-content\/uploads\/2025\/07\/Untitled-design-10.png\",\"datePublished\":\"2025-03-14T08:45:31+00:00\",\"dateModified\":\"2025-07-11T09:55:15+00:00\",\"description\":\"ER 5200, \u0430\u0432\u0442\u043e\u043c\u0430\u0442\u0438\u0447\u0435\u0441\u043a\u0430\u044f \u043c\u0430\u0448\u0438\u043d\u0430, \u0438\u0441\u043f\u043e\u043b\u044c\u0437\u0443\u0435\u0442\u0441\u044f \u0434\u043b\u044f \u0447\u0438\u0441\u0442\u043a\u0438 \u0441\u0430\u043c\u044b\u0445 \u0431\u043e\u043b\u044c\u0448\u0438\u0445 \u043a\u043e\u0432\u0440\u043e\u0432 \u0432 \u043a\u043e\u043c\u043c\u0435\u0440\u0447\u0435\u0441\u043a\u0438\u0445 \u043f\u0440\u0430\u0447\u0435\u0447\u043d\u044b\u0445.\",\"breadcrumb\":{\"@id\":\"https:\/\/www.thecarpetwashingmachine.com\/er-5200-rug-washing-machine\/#breadcrumb\"},\"inLanguage\":\"pt-PT\",\"potentialAction\":[{\"@type\":\"ReadAction\",\"target\":[\"https:\/\/www.thecarpetwashingmachine.com\/er-5200-rug-washing-machine\/\"]}]},{\"@type\":\"ImageObject\",\"inLanguage\":\"pt-PT\",\"@id\":\"https:\/\/www.thecarpetwashingmachine.com\/er-5200-rug-washing-machine\/#primaryimage\",\"url\":\"https:\/\/www.thecarpetwashingmachine.com\/wp-content\/uploads\/2025\/07\/Untitled-design-10.png\",\"contentUrl\":\"https:\/\/www.thecarpetwashingmachine.com\/wp-content\/uploads\/2025\/07\/Untitled-design-10.png\"},{\"@type\":\"BreadcrumbList\",\"@id\":\"https:\/\/www.thecarpetwashingmachine.com\/er-5200-rug-washing-machine\/#breadcrumb\",\"itemListElement\":[{\"@type\":\"ListItem\",\"position\":1,\"name\":\"Home\",\"item\":\"https:\/\/www.thecarpetwashingmachine.com\/\"},{\"@type\":\"ListItem\",\"position\":2,\"name\":\"Rug Washing Machine ER 5200\"}]},{\"@type\":\"WebSite\",\"@id\":\"https:\/\/www.thecarpetwashingmachine.com\/#website\",\"url\":\"https:\/\/www.thecarpetwashingmachine.com\/\",\"name\":\"M\u00e1quina de lavar carpetes\",\"description\":\"A m\u00e1quina de lavar carpetes est\u00e1 no mundo todo!\",\"potentialAction\":[{\"@type\":\"SearchAction\",\"target\":{\"@type\":\"EntryPoint\",\"urlTemplate\":\"https:\/\/www.thecarpetwashingmachine.com\/?s={search_term_string}\"},\"query-input\":{\"@type\":\"PropertyValueSpecification\",\"valueRequired\":true,\"valueName\":\"search_term_string\"}}],\"inLanguage\":\"pt-PT\"}]}<\/script>\n<!-- \/ Yoast SEO plugin. -->","yoast_head_json":{"title":"M\u00e1quina de lavar tapetes ER 5200 - M\u00e1quina de lavar carpetes","description":"A ER 5200, m\u00e1quina autom\u00e1tica, \u00e9 usada para limpar os maiores tapetes em lavanderias comerciais.","robots":{"index":"index","follow":"follow","max-snippet":"max-snippet:-1","max-image-preview":"max-image-preview:large","max-video-preview":"max-video-preview:-1"},"canonical":"https:\/\/www.thecarpetwashingmachine.com\/er-5200-rug-washing-machine\/","og_locale":"pt_PT","og_type":"article","og_title":"M\u00e1quina de lavar tapetes ER 5200 - M\u00e1quina de lavar carpetes","og_description":"A ER 5200, m\u00e1quina autom\u00e1tica, \u00e9 usada para limpar os maiores tapetes em lavanderias comerciais.","og_url":"https:\/\/www.thecarpetwashingmachine.com\/er-5200-rug-washing-machine\/","og_site_name":"M\u00e1quina de lavar carpetes","article_publisher":"http:\/\/www.facebook.com\/carpetwashingmachine","article_modified_time":"2025-07-11T09:55:15+00:00","og_image":[{"width":750,"height":500,"url":"https:\/\/www.thecarpetwashingmachine.com\/wp-content\/uploads\/2025\/07\/Untitled-design-10.png","type":"image\/png"}],"twitter_card":"summary_large_image","twitter_misc":{"Tempo estimado de leitura":"2 minutos"},"schema":{"@context":"https:\/\/schema.org","@graph":[{"@type":"WebPage","@id":"https:\/\/www.thecarpetwashingmachine.com\/er-5200-rug-washing-machine\/","url":"https:\/\/www.thecarpetwashingmachine.com\/er-5200-rug-washing-machine\/","name":"\u041c\u0430\u0448\u0438\u043d\u0430 \u0434\u043b\u044f \u0441\u0442\u0438\u0440\u043a\u0438 \u043a\u043e\u0432\u0440\u043e\u0432 ER 5200 - M\u00e1quina de lavar carpetes","isPartOf":{"@id":"https:\/\/www.thecarpetwashingmachine.com\/#website"},"primaryImageOfPage":{"@id":"https:\/\/www.thecarpetwashingmachine.com\/er-5200-rug-washing-machine\/#primaryimage"},"image":{"@id":"https:\/\/www.thecarpetwashingmachine.com\/er-5200-rug-washing-machine\/#primaryimage"},"thumbnailUrl":"https:\/\/www.thecarpetwashingmachine.com\/wp-content\/uploads\/2025\/07\/Untitled-design-10.png","datePublished":"2025-03-14T08:45:31+00:00","dateModified":"2025-07-11T09:55:15+00:00","description":"ER 5200, \u0430\u0432\u0442\u043e\u043c\u0430\u0442\u0438\u0447\u0435\u0441\u043a\u0430\u044f \u043c\u0430\u0448\u0438\u043d\u0430, \u0438\u0441\u043f\u043e\u043b\u044c\u0437\u0443\u0435\u0442\u0441\u044f \u0434\u043b\u044f \u0447\u0438\u0441\u0442\u043a\u0438 \u0441\u0430\u043c\u044b\u0445 \u0431\u043e\u043b\u044c\u0448\u0438\u0445 \u043a\u043e\u0432\u0440\u043e\u0432 \u0432 \u043a\u043e\u043c\u043c\u0435\u0440\u0447\u0435\u0441\u043a\u0438\u0445 \u043f\u0440\u0430\u0447\u0435\u0447\u043d\u044b\u0445.","breadcrumb":{"@id":"https:\/\/www.thecarpetwashingmachine.com\/er-5200-rug-washing-machine\/#breadcrumb"},"inLanguage":"pt-PT","potentialAction":[{"@type":"ReadAction","target":["https:\/\/www.thecarpetwashingmachine.com\/er-5200-rug-washing-machine\/"]}]},{"@type":"ImageObject","inLanguage":"pt-PT","@id":"https:\/\/www.thecarpetwashingmachine.com\/er-5200-rug-washing-machine\/#primaryimage","url":"https:\/\/www.thecarpetwashingmachine.com\/wp-content\/uploads\/2025\/07\/Untitled-design-10.png","contentUrl":"https:\/\/www.thecarpetwashingmachine.com\/wp-content\/uploads\/2025\/07\/Untitled-design-10.png"},{"@type":"BreadcrumbList","@id":"https:\/\/www.thecarpetwashingmachine.com\/er-5200-rug-washing-machine\/#breadcrumb","itemListElement":[{"@type":"ListItem","position":1,"name":"Home","item":"https:\/\/www.thecarpetwashingmachine.com\/"},{"@type":"ListItem","position":2,"name":"Rug Washing Machine ER 5200"}]},{"@type":"WebSite","@id":"https:\/\/www.thecarpetwashingmachine.com\/#website","url":"https:\/\/www.thecarpetwashingmachine.com\/","name":"M\u00e1quina de lavar carpetes","description":"A m\u00e1quina de lavar carpetes est\u00e1 no mundo todo!","potentialAction":[{"@type":"SearchAction","target":{"@type":"EntryPoint","urlTemplate":"https:\/\/www.thecarpetwashingmachine.com\/?s={search_term_string}"},"query-input":{"@type":"PropertyValueSpecification","valueRequired":true,"valueName":"search_term_string"}}],"inLanguage":"pt-PT"}]}},"_links":{"self":[{"href":"https:\/\/www.thecarpetwashingmachine.com\/pt\/wp-json\/wp\/v2\/pages\/407","targetHints":{"allow":["GET"]}}],"collection":[{"href":"https:\/\/www.thecarpetwashingmachine.com\/pt\/wp-json\/wp\/v2\/pages"}],"about":[{"href":"https:\/\/www.thecarpetwashingmachine.com\/pt\/wp-json\/wp\/v2\/types\/page"}],"author":[{"embeddable":true,"href":"https:\/\/www.thecarpetwashingmachine.com\/pt\/wp-json\/wp\/v2\/users\/1"}],"replies":[{"embeddable":true,"href":"https:\/\/www.thecarpetwashingmachine.com\/pt\/wp-json\/wp\/v2\/comments?post=407"}],"version-history":[{"count":57,"href":"https:\/\/www.thecarpetwashingmachine.com\/pt\/wp-json\/wp\/v2\/pages\/407\/revisions"}],"predecessor-version":[{"id":2176,"href":"https:\/\/www.thecarpetwashingmachine.com\/pt\/wp-json\/wp\/v2\/pages\/407\/revisions\/2176"}],"wp:attachment":[{"href":"https:\/\/www.thecarpetwashingmachine.com\/pt\/wp-json\/wp\/v2\/media?parent=407"}],"curies":[{"name":"wp","href":"https:\/\/api.w.org\/{rel}","templated":true}]}}