{"id":400,"date":"2025-03-05T11:19:12","date_gmt":"2025-03-05T11:19:12","guid":{"rendered":"https:\/\/www.thecarpetwashingmachine.com\/?page_id=400"},"modified":"2025-07-11T09:44:56","modified_gmt":"2025-07-11T09:44:56","slug":"automatic-carpet-washing-machine-er-4200","status":"publish","type":"page","link":"https:\/\/www.thecarpetwashingmachine.com\/pt\/automatic-carpet-washing-machine-er-4200\/","title":{"rendered":"M\u00e1quina de lavar carpetes autom\u00e1tica &#8211; ER 4200"},"content":{"rendered":"<div class=\"wp-block-image\">\n<figure class=\"aligncenter size-full\"><img loading=\"lazy\" decoding=\"async\" width=\"750\" height=\"500\" src=\"https:\/\/www.thecarpetwashingmachine.com\/wp-content\/uploads\/2025\/07\/Untitled-design-10.png\" alt=\"M\u00e1quina autom\u00e1tica de lavar tapetes ER 4200\" class=\"wp-image-1618\" srcset=\"https:\/\/www.thecarpetwashingmachine.com\/wp-content\/uploads\/2025\/07\/Untitled-design-10.png 750w, https:\/\/www.thecarpetwashingmachine.com\/wp-content\/uploads\/2025\/07\/Untitled-design-10-300x200.png 300w\" sizes=\"auto, (max-width: 750px) 100vw, 750px\" \/><\/figure><\/div>\n\n\n<p><\/p>\n\n\n\n<p>A ER 4200 \u00e9 a m\u00e1quina de lavar tapetes industrial e totalmente autom\u00e1tica mais popular da nossa linha de produtos. Ela possui uma capacidade m\u00e1xima de largura de tapete de 4 metros. Isso permite que ela lave eficientemente tapetes grandes, como aqueles que medem 4 por 6, 4 por 8 ou 4 por 12 metros. Al\u00e9m disso, a m\u00e1quina pode lavar simultaneamente dois tapetes, cada um com 2 metros de largura. Ela tamb\u00e9m acomoda a lavagem de tr\u00eas ou quatro tapetes de diferentes tamanhos, desde que a largura combinada permane\u00e7a dentro do limite de 4 metros.<\/p>\n\n\n\n<p>A ER 4200 \u00e9 equipada com um m\u00ednimo de oito escovas de disco, compreendendo quatro escovas macias e quatro escovas duras. Consistente com todas as nossas m\u00e1quinas, ela \u00e9 constru\u00edda inteiramente em a\u00e7o inoxid\u00e1vel de grau 304, garantindo durabilidade e longevidade. O sistema PLC integrado oferece um alto n\u00edvel de automa\u00e7\u00e3o para a <a href=\"https:\/\/www.thecarpetwashingmachine.com\/pt\/how-to-choose-the-right-carpet-washing-machine\/\">m\u00e1quina de lavar tapetes autom\u00e1tica<\/a>, com sensores controlando as escovas e o sistema de enx\u00e1gue para uma opera\u00e7\u00e3o perfeita. A m\u00e1quina incorpora nosso sistema de enx\u00e1gue de alta press\u00e3o, acionado por uma bomba capaz de gerar at\u00e9 150 bar de press\u00e3o.<\/p>\n\n\n\n<p>Recursos opcionais incluem uma escova cil\u00edndrica de limpeza traseira e uma escova cil\u00edndrica para limpeza de superf\u00edcie, posicionadas imediatamente ap\u00f3s as escovas de disco. A m\u00e1quina de lavar tapetes autom\u00e1tica ER 4200 tamb\u00e9m pode ser constru\u00edda com uma configura\u00e7\u00e3o de doze escovas de disco, consistindo em seis escovas macias e seis escovas duras. Sua ampla popularidade \u00e9 impulsionada pela crescente demanda por m\u00e1quinas maiores, que permitem aos clientes processar v\u00e1rios tapetes de forma r\u00e1pida e f\u00e1cil.<\/p>\n\n\n\n<p>A Ergin Makina se destaca como l\u00edder no setor de m\u00e1quinas de limpeza de tapetes industriais, apoiada por mais de meio s\u00e9culo de experi\u00eancia. Operando em sua f\u00e1brica na Zona Industrial Organizada de Pancar, a empresa prioriza qualidade, confiabilidade e inova\u00e7\u00e3o. A dedica\u00e7\u00e3o da Ergin Makina a esses princ\u00edpios solidificou sua posi\u00e7\u00e3o na ind\u00fastria. Al\u00e9m das m\u00e1quinas de lavar tapetes, eles produzem uma variedade de equipamentos de limpeza industrial, demonstrando sua vasta expertise na fabrica\u00e7\u00e3o de maquin\u00e1rio robusto e eficiente. Al\u00e9m disso, a Ergin Makina tamb\u00e9m tem um forte foco em P&amp;D e adquiriu muitas patentes, mostrando sua dedica\u00e7\u00e3o \u00e0 melhoria constante.<\/p>\n","protected":false},"excerpt":{"rendered":"<p>A ER 4200 \u00e9 a m\u00e1quina de lavar tapetes industrial e totalmente autom\u00e1tica mais popular da nossa linha de produtos. Ela possui uma capacidade m\u00e1xima&hellip;<\/p>\n","protected":false},"author":1,"featured_media":0,"parent":0,"menu_order":0,"comment_status":"closed","ping_status":"closed","template":"","meta":{"footnotes":""},"class_list":["post-400","page","type-page","status-publish","hentry"],"translation":{"provider":"WPGlobus","version":"3.0.0","language":"pt","enabled_languages":["en","tr","fr","ar","es","de","pt","ru"],"languages":{"en":{"title":true,"content":true,"excerpt":false},"tr":{"title":true,"content":true,"excerpt":false},"fr":{"title":true,"content":true,"excerpt":false},"ar":{"title":true,"content":true,"excerpt":false},"es":{"title":true,"content":true,"excerpt":false},"de":{"title":true,"content":true,"excerpt":false},"pt":{"title":true,"content":true,"excerpt":false},"ru":{"title":true,"content":true,"excerpt":false}}},"yoast_head":"<!-- This site is optimized with the Yoast SEO plugin v24.7 - https:\/\/yoast.com\/wordpress\/plugins\/seo\/ -->\n<title>ER 4200 - M\u00e1quina de lavar carpetes<\/title>\n<meta name=\"description\" content=\"M\u00e1quina de Lavar Tapetes Autom\u00e1tica ER 4200: Potente, eficiente e autom\u00e1tica para resultados superiores na limpeza de tapetes.\" \/>\n<meta name=\"robots\" content=\"index, follow, max-snippet:-1, max-image-preview:large, max-video-preview:-1\" \/>\n<link rel=\"canonical\" href=\"https:\/\/www.thecarpetwashingmachine.com\/automatic-carpet-washing-machine-er-4200\/\" \/>\n<meta property=\"og:locale\" content=\"pt_PT\" \/>\n<meta property=\"og:type\" content=\"article\" \/>\n<meta property=\"og:title\" content=\"ER 4200 - M\u00e1quina de lavar carpetes\" \/>\n<meta property=\"og:description\" content=\"M\u00e1quina de Lavar Tapetes Autom\u00e1tica ER 4200: Potente, eficiente e autom\u00e1tica para resultados superiores na limpeza de tapetes.\" \/>\n<meta property=\"og:url\" content=\"https:\/\/www.thecarpetwashingmachine.com\/automatic-carpet-washing-machine-er-4200\/\" \/>\n<meta property=\"og:site_name\" content=\"M\u00e1quina de lavar carpetes\" \/>\n<meta property=\"article:publisher\" content=\"http:\/\/www.facebook.com\/carpetwashingmachine\" \/>\n<meta property=\"article:modified_time\" content=\"2025-07-11T09:44:56+00:00\" \/>\n<meta property=\"og:image\" content=\"https:\/\/www.thecarpetwashingmachine.com\/wp-content\/uploads\/2025\/07\/Untitled-design-10.png\" \/>\n\t<meta property=\"og:image:width\" content=\"750\" \/>\n\t<meta property=\"og:image:height\" content=\"500\" \/>\n\t<meta property=\"og:image:type\" content=\"image\/png\" \/>\n<meta name=\"twitter:card\" content=\"summary_large_image\" \/>\n<meta name=\"twitter:label1\" content=\"Tempo estimado de leitura\" \/>\n\t<meta name=\"twitter:data1\" content=\"2 minutos\" \/>\n<script type=\"application\/ld+json\" class=\"yoast-schema-graph\">{\"@context\":\"https:\/\/schema.org\",\"@graph\":[{\"@type\":\"WebPage\",\"@id\":\"https:\/\/www.thecarpetwashingmachine.com\/automatic-carpet-washing-machine-er-4200\/\",\"url\":\"https:\/\/www.thecarpetwashingmachine.com\/automatic-carpet-washing-machine-er-4200\/\",\"name\":\"ER 4200 - M\u00e1quina de lavar carpetes\",\"isPartOf\":{\"@id\":\"https:\/\/www.thecarpetwashingmachine.com\/#website\"},\"primaryImageOfPage\":{\"@id\":\"https:\/\/www.thecarpetwashingmachine.com\/automatic-carpet-washing-machine-er-4200\/#primaryimage\"},\"image\":{\"@id\":\"https:\/\/www.thecarpetwashingmachine.com\/automatic-carpet-washing-machine-er-4200\/#primaryimage\"},\"thumbnailUrl\":\"https:\/\/www.thecarpetwashingmachine.com\/wp-content\/uploads\/2025\/07\/Untitled-design-10.png\",\"datePublished\":\"2025-03-05T11:19:12+00:00\",\"dateModified\":\"2025-07-11T09:44:56+00:00\",\"description\":\"Otomatik Hal\u0131 Y\u0131kama Makinesi ER 4200: G\u00fc\u00e7l\u00fc, verimli ve tam otomatik yap\u0131s\u0131yla her seferinde \u00fcst\u00fcn hal\u0131 temizli\u011fi.\",\"breadcrumb\":{\"@id\":\"https:\/\/www.thecarpetwashingmachine.com\/automatic-carpet-washing-machine-er-4200\/#breadcrumb\"},\"inLanguage\":\"pt-PT\",\"potentialAction\":[{\"@type\":\"ReadAction\",\"target\":[\"https:\/\/www.thecarpetwashingmachine.com\/automatic-carpet-washing-machine-er-4200\/\"]}]},{\"@type\":\"ImageObject\",\"inLanguage\":\"pt-PT\",\"@id\":\"https:\/\/www.thecarpetwashingmachine.com\/automatic-carpet-washing-machine-er-4200\/#primaryimage\",\"url\":\"https:\/\/www.thecarpetwashingmachine.com\/wp-content\/uploads\/2025\/07\/Untitled-design-10.png\",\"contentUrl\":\"https:\/\/www.thecarpetwashingmachine.com\/wp-content\/uploads\/2025\/07\/Untitled-design-10.png\"},{\"@type\":\"BreadcrumbList\",\"@id\":\"https:\/\/www.thecarpetwashingmachine.com\/automatic-carpet-washing-machine-er-4200\/#breadcrumb\",\"itemListElement\":[{\"@type\":\"ListItem\",\"position\":1,\"name\":\"Home\",\"item\":\"https:\/\/www.thecarpetwashingmachine.com\/\"},{\"@type\":\"ListItem\",\"position\":2,\"name\":\"Automatic Carpet Washing Machine &#8211; ER 4200\"}]},{\"@type\":\"WebSite\",\"@id\":\"https:\/\/www.thecarpetwashingmachine.com\/#website\",\"url\":\"https:\/\/www.thecarpetwashingmachine.com\/\",\"name\":\"M\u00e1quina de lavar carpetes\",\"description\":\"A m\u00e1quina de lavar carpetes est\u00e1 no mundo todo!\",\"potentialAction\":[{\"@type\":\"SearchAction\",\"target\":{\"@type\":\"EntryPoint\",\"urlTemplate\":\"https:\/\/www.thecarpetwashingmachine.com\/?s={search_term_string}\"},\"query-input\":{\"@type\":\"PropertyValueSpecification\",\"valueRequired\":true,\"valueName\":\"search_term_string\"}}],\"inLanguage\":\"pt-PT\"}]}<\/script>\n<!-- \/ Yoast SEO plugin. -->","yoast_head_json":{"title":"ER 4200 - M\u00e1quina de lavar carpetes","description":"M\u00e1quina de Lavar Tapetes Autom\u00e1tica ER 4200: Potente, eficiente e autom\u00e1tica para resultados superiores na limpeza de tapetes.","robots":{"index":"index","follow":"follow","max-snippet":"max-snippet:-1","max-image-preview":"max-image-preview:large","max-video-preview":"max-video-preview:-1"},"canonical":"https:\/\/www.thecarpetwashingmachine.com\/automatic-carpet-washing-machine-er-4200\/","og_locale":"pt_PT","og_type":"article","og_title":"ER 4200 - M\u00e1quina de lavar carpetes","og_description":"M\u00e1quina de Lavar Tapetes Autom\u00e1tica ER 4200: Potente, eficiente e autom\u00e1tica para resultados superiores na limpeza de tapetes.","og_url":"https:\/\/www.thecarpetwashingmachine.com\/automatic-carpet-washing-machine-er-4200\/","og_site_name":"M\u00e1quina de lavar carpetes","article_publisher":"http:\/\/www.facebook.com\/carpetwashingmachine","article_modified_time":"2025-07-11T09:44:56+00:00","og_image":[{"width":750,"height":500,"url":"https:\/\/www.thecarpetwashingmachine.com\/wp-content\/uploads\/2025\/07\/Untitled-design-10.png","type":"image\/png"}],"twitter_card":"summary_large_image","twitter_misc":{"Tempo estimado de leitura":"2 minutos"},"schema":{"@context":"https:\/\/schema.org","@graph":[{"@type":"WebPage","@id":"https:\/\/www.thecarpetwashingmachine.com\/automatic-carpet-washing-machine-er-4200\/","url":"https:\/\/www.thecarpetwashingmachine.com\/automatic-carpet-washing-machine-er-4200\/","name":"ER 4200 - M\u00e1quina de lavar carpetes","isPartOf":{"@id":"https:\/\/www.thecarpetwashingmachine.com\/#website"},"primaryImageOfPage":{"@id":"https:\/\/www.thecarpetwashingmachine.com\/automatic-carpet-washing-machine-er-4200\/#primaryimage"},"image":{"@id":"https:\/\/www.thecarpetwashingmachine.com\/automatic-carpet-washing-machine-er-4200\/#primaryimage"},"thumbnailUrl":"https:\/\/www.thecarpetwashingmachine.com\/wp-content\/uploads\/2025\/07\/Untitled-design-10.png","datePublished":"2025-03-05T11:19:12+00:00","dateModified":"2025-07-11T09:44:56+00:00","description":"Otomatik Hal\u0131 Y\u0131kama Makinesi ER 4200: G\u00fc\u00e7l\u00fc, verimli ve tam otomatik yap\u0131s\u0131yla her seferinde \u00fcst\u00fcn hal\u0131 temizli\u011fi.","breadcrumb":{"@id":"https:\/\/www.thecarpetwashingmachine.com\/automatic-carpet-washing-machine-er-4200\/#breadcrumb"},"inLanguage":"pt-PT","potentialAction":[{"@type":"ReadAction","target":["https:\/\/www.thecarpetwashingmachine.com\/automatic-carpet-washing-machine-er-4200\/"]}]},{"@type":"ImageObject","inLanguage":"pt-PT","@id":"https:\/\/www.thecarpetwashingmachine.com\/automatic-carpet-washing-machine-er-4200\/#primaryimage","url":"https:\/\/www.thecarpetwashingmachine.com\/wp-content\/uploads\/2025\/07\/Untitled-design-10.png","contentUrl":"https:\/\/www.thecarpetwashingmachine.com\/wp-content\/uploads\/2025\/07\/Untitled-design-10.png"},{"@type":"BreadcrumbList","@id":"https:\/\/www.thecarpetwashingmachine.com\/automatic-carpet-washing-machine-er-4200\/#breadcrumb","itemListElement":[{"@type":"ListItem","position":1,"name":"Home","item":"https:\/\/www.thecarpetwashingmachine.com\/"},{"@type":"ListItem","position":2,"name":"Automatic Carpet Washing Machine &#8211; ER 4200"}]},{"@type":"WebSite","@id":"https:\/\/www.thecarpetwashingmachine.com\/#website","url":"https:\/\/www.thecarpetwashingmachine.com\/","name":"M\u00e1quina de lavar carpetes","description":"A m\u00e1quina de lavar carpetes est\u00e1 no mundo todo!","potentialAction":[{"@type":"SearchAction","target":{"@type":"EntryPoint","urlTemplate":"https:\/\/www.thecarpetwashingmachine.com\/?s={search_term_string}"},"query-input":{"@type":"PropertyValueSpecification","valueRequired":true,"valueName":"search_term_string"}}],"inLanguage":"pt-PT"}]}},"_links":{"self":[{"href":"https:\/\/www.thecarpetwashingmachine.com\/pt\/wp-json\/wp\/v2\/pages\/400","targetHints":{"allow":["GET"]}}],"collection":[{"href":"https:\/\/www.thecarpetwashingmachine.com\/pt\/wp-json\/wp\/v2\/pages"}],"about":[{"href":"https:\/\/www.thecarpetwashingmachine.com\/pt\/wp-json\/wp\/v2\/types\/page"}],"author":[{"embeddable":true,"href":"https:\/\/www.thecarpetwashingmachine.com\/pt\/wp-json\/wp\/v2\/users\/1"}],"replies":[{"embeddable":true,"href":"https:\/\/www.thecarpetwashingmachine.com\/pt\/wp-json\/wp\/v2\/comments?post=400"}],"version-history":[{"count":92,"href":"https:\/\/www.thecarpetwashingmachine.com\/pt\/wp-json\/wp\/v2\/pages\/400\/revisions"}],"predecessor-version":[{"id":2153,"href":"https:\/\/www.thecarpetwashingmachine.com\/pt\/wp-json\/wp\/v2\/pages\/400\/revisions\/2153"}],"wp:attachment":[{"href":"https:\/\/www.thecarpetwashingmachine.com\/pt\/wp-json\/wp\/v2\/media?parent=400"}],"curies":[{"name":"wp","href":"https:\/\/api.w.org\/{rel}","templated":true}]}}