{"id":394,"date":"2025-02-25T11:39:52","date_gmt":"2025-02-25T11:39:52","guid":{"rendered":"https:\/\/www.thecarpetwashingmachine.com\/?page_id=394"},"modified":"2025-07-07T07:18:21","modified_gmt":"2025-07-07T07:18:21","slug":"carpet-dusting-machine","status":"publish","type":"page","link":"https:\/\/www.thecarpetwashingmachine.com\/pt\/carpet-dusting-machine\/","title":{"rendered":"M\u00e1quina de tirar p\u00f3 de carpetes"},"content":{"rendered":"<div class=\"wp-block-image\">\n<figure class=\"aligncenter\"><img loading=\"lazy\" decoding=\"async\" width=\"750\" height=\"500\" src=\"https:\/\/www.thecarpetwashingmachine.com\/wp-content\/uploads\/2025\/02\/hali-toz-alma-makinasi-urun.jpg\" alt=\"M\u00e1quina para Tirar P\u00f3 de Tapetes\" class=\"wp-image-395\" srcset=\"https:\/\/www.thecarpetwashingmachine.com\/wp-content\/uploads\/2025\/02\/hali-toz-alma-makinasi-urun.jpg 750w, https:\/\/www.thecarpetwashingmachine.com\/wp-content\/uploads\/2025\/02\/hali-toz-alma-makinasi-urun-300x200.jpg 300w\" sizes=\"auto, (max-width: 750px) 100vw, 750px\" \/><\/figure><\/div>\n\n\n<p><\/p>\n\n\n\n<p>A <strong>m\u00e1quina de desempoeirar tapetes<\/strong> \u00e9 essencial para a fase preliminar da limpeza profissional de tapetes, especificamente antes da <a href=\"http:\/\/thewashingmachine.com\/pt\/\">lavagem<\/a> e do encharcamento. Quando os tapetes chegam a uma loja de limpeza, eles s\u00e3o primeiro processados por esta m\u00e1quina para remover a <strong>sujidade seca, o p\u00f3 e os detritos profundamente incrustados<\/strong>. A fun\u00e7\u00e3o principal envolve uma <strong>poderosa a\u00e7\u00e3o mec\u00e2nica<\/strong>: o tapete \u00e9 passado pela m\u00e1quina e batido por cilindros girat\u00f3rios posicionados tanto acima quanto abaixo. Essa agita\u00e7\u00e3o desalojar a <strong>sujidade persistente, areia, pelo de animais de estima\u00e7\u00e3o e outras part\u00edculas<\/strong> que a aspira\u00e7\u00e3o tradicional n\u00e3o consegue remover eficazmente.<\/p>\n\n\n\n<p>Os detritos desalojados s\u00e3o ent\u00e3o recolhidos atrav\u00e9s de um sistema de v\u00e1cuo e transferidos para um saco. O tapete limpo \u00e9 devolvido \u00e0 frente, pronto para a pr\u00f3xima etapa da limpeza. Este processo n\u00e3o s\u00f3 <strong>elimina o p\u00f3 e os materiais presos<\/strong> nas fibras do tapete, mas tamb\u00e9m <strong>amacia significativamente o tapete<\/strong>, melhorando a sua textura geral.<\/p>\n\n\n\n<p>Al\u00e9m disso, a <strong>redu\u00e7\u00e3o substancial da sujidade seca<\/strong> alcan\u00e7ada pela m\u00e1quina de desempoeirar tapetes resulta numa <strong>diminui\u00e7\u00e3o significativa da quantidade de champ\u00f4 para tapetes<\/strong> necess\u00e1ria durante os processos de lavagem subsequentes. Especialistas da ind\u00fastria indicam que esta etapa de pr\u00e9-limpeza pode <strong>reduzir o consumo de champ\u00f4 em at\u00e9 40%<\/strong>, o que leva a <strong>poupan\u00e7a de custos e uma redu\u00e7\u00e3o do impacto ambiental<\/strong>. Adicionalmente, ao remover part\u00edculas abrasivas, o processo de desempoeiramento contribui para a <strong>longevidade do tapete<\/strong>, prevenindo o desgaste prematuro. Tamb\u00e9m <strong>melhora a apar\u00eancia do tapete<\/strong>, pois as cores vibrantes s\u00e3o revividas devido \u00e0 remo\u00e7\u00e3o de materiais como sujidade da superf\u00edcie das fibras do tapete. A elimina\u00e7\u00e3o de grandes quantidades de p\u00f3 <strong>melhora grandemente a qualidade do ar interior<\/strong>. Em ambientes comerciais, onde grandes volumes de tapetes s\u00e3o limpos, estas m\u00e1quinas s\u00e3o <strong>indispens\u00e1veis para alcan\u00e7ar resultados de limpeza \u00f3timos e efici\u00eancia operacional<\/strong>.<\/p>\n\n\n\n<p>As m\u00e1quinas de desempoeirar tapetes s\u00e3o produzidas em <strong>v\u00e1rios tipos<\/strong>. A m\u00e1quina retratada \u00e9 um <strong>modelo de mesa plana<\/strong>, tamb\u00e9m conhecida como <strong>m\u00e1quina autom\u00e1tica de desempoeirar tapetes<\/strong>. Existem tamb\u00e9m <strong>desempoeiradores de tambor<\/strong> (grandes tambores rotativos, por vezes referidos como &#8216;dolap&#8217;) e <strong>m\u00e1quinas manuais<\/strong>.<\/p>\n","protected":false},"excerpt":{"rendered":"<p>A m\u00e1quina de desempoeirar tapetes \u00e9 essencial para a fase preliminar da limpeza profissional de tapetes, especificamente antes da lavagem e do encharcamento. Quando os&hellip;<\/p>\n","protected":false},"author":1,"featured_media":0,"parent":0,"menu_order":0,"comment_status":"closed","ping_status":"closed","template":"","meta":{"footnotes":""},"class_list":["post-394","page","type-page","status-publish","hentry"],"translation":{"provider":"WPGlobus","version":"3.0.0","language":"pt","enabled_languages":["en","tr","fr","ar","es","de","pt","ru"],"languages":{"en":{"title":true,"content":true,"excerpt":false},"tr":{"title":true,"content":true,"excerpt":false},"fr":{"title":true,"content":true,"excerpt":false},"ar":{"title":true,"content":true,"excerpt":false},"es":{"title":true,"content":true,"excerpt":false},"de":{"title":true,"content":true,"excerpt":false},"pt":{"title":true,"content":true,"excerpt":false},"ru":{"title":true,"content":true,"excerpt":false}}},"yoast_head":"<!-- This site is optimized with the Yoast SEO plugin v24.7 - https:\/\/yoast.com\/wordpress\/plugins\/seo\/ -->\n<title>M\u00e1quina de tirar p\u00f3 de carpetes - M\u00e1quina de lavar carpetes<\/title>\n<meta name=\"description\" content=\"A m\u00e1quina de sacudir tapetes \u00e9 usada para remover poeira, detritos e outros materiais antes do processo de lavagem.\" \/>\n<meta name=\"robots\" content=\"index, follow, max-snippet:-1, max-image-preview:large, max-video-preview:-1\" \/>\n<link rel=\"canonical\" href=\"https:\/\/www.thecarpetwashingmachine.com\/carpet-dusting-machine\/\" \/>\n<meta property=\"og:locale\" content=\"pt_PT\" \/>\n<meta property=\"og:type\" content=\"article\" \/>\n<meta property=\"og:title\" content=\"M\u00e1quina de tirar p\u00f3 de carpetes - M\u00e1quina de lavar carpetes\" \/>\n<meta property=\"og:description\" content=\"A m\u00e1quina de sacudir tapetes \u00e9 usada para remover poeira, detritos e outros materiais antes do processo de lavagem.\" \/>\n<meta property=\"og:url\" content=\"https:\/\/www.thecarpetwashingmachine.com\/carpet-dusting-machine\/\" \/>\n<meta property=\"og:site_name\" content=\"M\u00e1quina de lavar carpetes\" \/>\n<meta property=\"article:publisher\" content=\"http:\/\/www.facebook.com\/carpetwashingmachine\" \/>\n<meta property=\"article:modified_time\" content=\"2025-07-07T07:18:21+00:00\" \/>\n<meta property=\"og:image\" content=\"https:\/\/www.thecarpetwashingmachine.com\/wp-content\/uploads\/2025\/02\/hali-toz-alma-makinasi-urun.jpg\" \/>\n\t<meta property=\"og:image:width\" content=\"750\" \/>\n\t<meta property=\"og:image:height\" content=\"500\" \/>\n\t<meta property=\"og:image:type\" content=\"image\/jpeg\" \/>\n<meta name=\"twitter:card\" content=\"summary_large_image\" \/>\n<meta name=\"twitter:label1\" content=\"Tempo estimado de leitura\" \/>\n\t<meta name=\"twitter:data1\" content=\"2 minutos\" \/>\n<script type=\"application\/ld+json\" class=\"yoast-schema-graph\">{\"@context\":\"https:\/\/schema.org\",\"@graph\":[{\"@type\":\"WebPage\",\"@id\":\"https:\/\/www.thecarpetwashingmachine.com\/carpet-dusting-machine\/\",\"url\":\"https:\/\/www.thecarpetwashingmachine.com\/carpet-dusting-machine\/\",\"name\":\"M\u00e1quina de tirar p\u00f3 de carpetes - M\u00e1quina de lavar carpetes\",\"isPartOf\":{\"@id\":\"https:\/\/www.thecarpetwashingmachine.com\/#website\"},\"primaryImageOfPage\":{\"@id\":\"https:\/\/www.thecarpetwashingmachine.com\/carpet-dusting-machine\/#primaryimage\"},\"image\":{\"@id\":\"https:\/\/www.thecarpetwashingmachine.com\/carpet-dusting-machine\/#primaryimage\"},\"thumbnailUrl\":\"https:\/\/www.thecarpetwashingmachine.com\/wp-content\/uploads\/2025\/02\/hali-toz-alma-makinasi-urun.jpg\",\"datePublished\":\"2025-02-25T11:39:52+00:00\",\"dateModified\":\"2025-07-07T07:18:21+00:00\",\"description\":\"A m\u00e1quina de sacudir tapetes \u00e9 usada para remover poeira, detritos e outros materiais antes do processo de lavagem.\",\"breadcrumb\":{\"@id\":\"https:\/\/www.thecarpetwashingmachine.com\/carpet-dusting-machine\/#breadcrumb\"},\"inLanguage\":\"pt-PT\",\"potentialAction\":[{\"@type\":\"ReadAction\",\"target\":[\"https:\/\/www.thecarpetwashingmachine.com\/carpet-dusting-machine\/\"]}]},{\"@type\":\"ImageObject\",\"inLanguage\":\"pt-PT\",\"@id\":\"https:\/\/www.thecarpetwashingmachine.com\/carpet-dusting-machine\/#primaryimage\",\"url\":\"https:\/\/www.thecarpetwashingmachine.com\/wp-content\/uploads\/2025\/02\/hali-toz-alma-makinasi-urun.jpg\",\"contentUrl\":\"https:\/\/www.thecarpetwashingmachine.com\/wp-content\/uploads\/2025\/02\/hali-toz-alma-makinasi-urun.jpg\"},{\"@type\":\"BreadcrumbList\",\"@id\":\"https:\/\/www.thecarpetwashingmachine.com\/carpet-dusting-machine\/#breadcrumb\",\"itemListElement\":[{\"@type\":\"ListItem\",\"position\":1,\"name\":\"Home\",\"item\":\"https:\/\/www.thecarpetwashingmachine.com\/\"},{\"@type\":\"ListItem\",\"position\":2,\"name\":\"Carpet Dusting Machine\"}]},{\"@type\":\"WebSite\",\"@id\":\"https:\/\/www.thecarpetwashingmachine.com\/#website\",\"url\":\"https:\/\/www.thecarpetwashingmachine.com\/\",\"name\":\"M\u00e1quina de lavar carpetes\",\"description\":\"A m\u00e1quina de lavar carpetes est\u00e1 no mundo todo!\",\"potentialAction\":[{\"@type\":\"SearchAction\",\"target\":{\"@type\":\"EntryPoint\",\"urlTemplate\":\"https:\/\/www.thecarpetwashingmachine.com\/?s={search_term_string}\"},\"query-input\":{\"@type\":\"PropertyValueSpecification\",\"valueRequired\":true,\"valueName\":\"search_term_string\"}}],\"inLanguage\":\"pt-PT\"}]}<\/script>\n<!-- \/ Yoast SEO plugin. -->","yoast_head_json":{"title":"M\u00e1quina de tirar p\u00f3 de carpetes - M\u00e1quina de lavar carpetes","description":"A m\u00e1quina de sacudir tapetes \u00e9 usada para remover poeira, detritos e outros materiais antes do processo de lavagem.","robots":{"index":"index","follow":"follow","max-snippet":"max-snippet:-1","max-image-preview":"max-image-preview:large","max-video-preview":"max-video-preview:-1"},"canonical":"https:\/\/www.thecarpetwashingmachine.com\/carpet-dusting-machine\/","og_locale":"pt_PT","og_type":"article","og_title":"M\u00e1quina de tirar p\u00f3 de carpetes - M\u00e1quina de lavar carpetes","og_description":"A m\u00e1quina de sacudir tapetes \u00e9 usada para remover poeira, detritos e outros materiais antes do processo de lavagem.","og_url":"https:\/\/www.thecarpetwashingmachine.com\/carpet-dusting-machine\/","og_site_name":"M\u00e1quina de lavar carpetes","article_publisher":"http:\/\/www.facebook.com\/carpetwashingmachine","article_modified_time":"2025-07-07T07:18:21+00:00","og_image":[{"width":750,"height":500,"url":"https:\/\/www.thecarpetwashingmachine.com\/wp-content\/uploads\/2025\/02\/hali-toz-alma-makinasi-urun.jpg","type":"image\/jpeg"}],"twitter_card":"summary_large_image","twitter_misc":{"Tempo estimado de leitura":"2 minutos"},"schema":{"@context":"https:\/\/schema.org","@graph":[{"@type":"WebPage","@id":"https:\/\/www.thecarpetwashingmachine.com\/carpet-dusting-machine\/","url":"https:\/\/www.thecarpetwashingmachine.com\/carpet-dusting-machine\/","name":"M\u00e1quina de tirar p\u00f3 de carpetes - M\u00e1quina de lavar carpetes","isPartOf":{"@id":"https:\/\/www.thecarpetwashingmachine.com\/#website"},"primaryImageOfPage":{"@id":"https:\/\/www.thecarpetwashingmachine.com\/carpet-dusting-machine\/#primaryimage"},"image":{"@id":"https:\/\/www.thecarpetwashingmachine.com\/carpet-dusting-machine\/#primaryimage"},"thumbnailUrl":"https:\/\/www.thecarpetwashingmachine.com\/wp-content\/uploads\/2025\/02\/hali-toz-alma-makinasi-urun.jpg","datePublished":"2025-02-25T11:39:52+00:00","dateModified":"2025-07-07T07:18:21+00:00","description":"A m\u00e1quina de sacudir tapetes \u00e9 usada para remover poeira, detritos e outros materiais antes do processo de lavagem.","breadcrumb":{"@id":"https:\/\/www.thecarpetwashingmachine.com\/carpet-dusting-machine\/#breadcrumb"},"inLanguage":"pt-PT","potentialAction":[{"@type":"ReadAction","target":["https:\/\/www.thecarpetwashingmachine.com\/carpet-dusting-machine\/"]}]},{"@type":"ImageObject","inLanguage":"pt-PT","@id":"https:\/\/www.thecarpetwashingmachine.com\/carpet-dusting-machine\/#primaryimage","url":"https:\/\/www.thecarpetwashingmachine.com\/wp-content\/uploads\/2025\/02\/hali-toz-alma-makinasi-urun.jpg","contentUrl":"https:\/\/www.thecarpetwashingmachine.com\/wp-content\/uploads\/2025\/02\/hali-toz-alma-makinasi-urun.jpg"},{"@type":"BreadcrumbList","@id":"https:\/\/www.thecarpetwashingmachine.com\/carpet-dusting-machine\/#breadcrumb","itemListElement":[{"@type":"ListItem","position":1,"name":"Home","item":"https:\/\/www.thecarpetwashingmachine.com\/"},{"@type":"ListItem","position":2,"name":"Carpet Dusting Machine"}]},{"@type":"WebSite","@id":"https:\/\/www.thecarpetwashingmachine.com\/#website","url":"https:\/\/www.thecarpetwashingmachine.com\/","name":"M\u00e1quina de lavar carpetes","description":"A m\u00e1quina de lavar carpetes est\u00e1 no mundo todo!","potentialAction":[{"@type":"SearchAction","target":{"@type":"EntryPoint","urlTemplate":"https:\/\/www.thecarpetwashingmachine.com\/?s={search_term_string}"},"query-input":{"@type":"PropertyValueSpecification","valueRequired":true,"valueName":"search_term_string"}}],"inLanguage":"pt-PT"}]}},"_links":{"self":[{"href":"https:\/\/www.thecarpetwashingmachine.com\/pt\/wp-json\/wp\/v2\/pages\/394","targetHints":{"allow":["GET"]}}],"collection":[{"href":"https:\/\/www.thecarpetwashingmachine.com\/pt\/wp-json\/wp\/v2\/pages"}],"about":[{"href":"https:\/\/www.thecarpetwashingmachine.com\/pt\/wp-json\/wp\/v2\/types\/page"}],"author":[{"embeddable":true,"href":"https:\/\/www.thecarpetwashingmachine.com\/pt\/wp-json\/wp\/v2\/users\/1"}],"replies":[{"embeddable":true,"href":"https:\/\/www.thecarpetwashingmachine.com\/pt\/wp-json\/wp\/v2\/comments?post=394"}],"version-history":[{"count":42,"href":"https:\/\/www.thecarpetwashingmachine.com\/pt\/wp-json\/wp\/v2\/pages\/394\/revisions"}],"predecessor-version":[{"id":1836,"href":"https:\/\/www.thecarpetwashingmachine.com\/pt\/wp-json\/wp\/v2\/pages\/394\/revisions\/1836"}],"wp:attachment":[{"href":"https:\/\/www.thecarpetwashingmachine.com\/pt\/wp-json\/wp\/v2\/media?parent=394"}],"curies":[{"name":"wp","href":"https:\/\/api.w.org\/{rel}","templated":true}]}}