{"id":383,"date":"2025-01-30T13:00:47","date_gmt":"2025-01-30T13:00:47","guid":{"rendered":"https:\/\/www.thecarpetwashingmachine.com\/?page_id=383"},"modified":"2025-07-18T11:54:38","modified_gmt":"2025-07-18T11:54:38","slug":"faq-on-carpet-washing-machines","status":"publish","type":"page","link":"https:\/\/www.thecarpetwashingmachine.com\/pt\/faq-on-carpet-washing-machines\/","title":{"rendered":"Perguntas frequentes sobre m\u00e1quinas de lavar carpetes"},"content":{"rendered":"<div class=\"wp-block-image\">\n<figure class=\"aligncenter\"><img loading=\"lazy\" decoding=\"async\" width=\"826\" height=\"390\" src=\"https:\/\/www.thecarpetwashingmachine.com\/wp-content\/uploads\/2025\/01\/hali-yikama-makinasi-kullanimi-1.jpg\" alt=\"Pre\u00e7o da m\u00e1quina de lavar tapetes\" class=\"wp-image-384\" srcset=\"https:\/\/www.thecarpetwashingmachine.com\/wp-content\/uploads\/2025\/01\/hali-yikama-makinasi-kullanimi-1.jpg 826w, https:\/\/www.thecarpetwashingmachine.com\/wp-content\/uploads\/2025\/01\/hali-yikama-makinasi-kullanimi-1-300x142.jpg 300w, https:\/\/www.thecarpetwashingmachine.com\/wp-content\/uploads\/2025\/01\/hali-yikama-makinasi-kullanimi-1-768x363.jpg 768w\" sizes=\"auto, (max-width: 826px) 100vw, 826px\" \/><\/figure><\/div>\n\n\n<p><\/p>\n\n\n\n<ul class=\"wp-block-list\">\n<li>Qual \u00e9 o consumo de eletricidade da m\u00e1quina?<\/li>\n<\/ul>\n\n\n\n<p>Medir com precis\u00e3o o consumo de eletricidade das nossas m\u00e1quinas de lavar tapetes \u00e9 um desafio por v\u00e1rias raz\u00f5es:<br><\/p>\n\n\n\n<ol class=\"wp-block-list\">\n<li>Opera\u00e7\u00e3o totalmente autom\u00e1tica: Nem todos os sistemas da m\u00e1quina funcionam simultaneamente. Eles s\u00f3 ativam quando um tapete est\u00e1 presente.                                                                                                                                <\/li>\n\n\n\n<li>Tempo de execu\u00e7\u00e3o e consumo vari\u00e1veis: V\u00e1rios fatores influenciam o tempo de opera\u00e7\u00e3o da m\u00e1quina e o uso de energia, incluindo:                                                                                                                                                               <\/li>\n\n\n\n<li>N\u00edvel de sujidade do tapete: Tapetes muito sujos exigem ciclos de limpeza mais longos.                                             <\/li>\n\n\n\n<li>Tamanho do tapete: Tapetes maiores levam mais tempo e energia para limpar.                                                           <\/li>\n\n\n\n<li>Produtos qu\u00edmicos de limpeza: Diferentes produtos qu\u00edmicos t\u00eam efeitos variados na limpeza.                                         <\/li>\n\n\n\n<li>Qualidade da \u00e1gua: A \u00e1gua dura pode exigir purifica\u00e7\u00e3o adicional para uma limpeza eficaz.                                     <\/li>\n\n\n\n<li>Velocidade da correia transportadora: A configura\u00e7\u00e3o de velocidade escolhida pelo operador afeta o consumo de energia.<\/li>\n<\/ol>\n\n\n\n<ul class=\"wp-block-list\">\n<li>Qual \u00e9 a produ\u00e7\u00e3o m\u00e1xima de limpeza da m\u00e1quina por hora? <\/li>\n<\/ul>\n\n\n\n<p>Muitas das mesmas vari\u00e1veis que afetam o consumo de eletricidade tamb\u00e9m influenciam a capacidade, incluindo:<br><\/p>\n\n\n\n<ol class=\"wp-block-list\">\n<li>N\u00edvel de sujidade do tapete: Tapetes mais sujos exigem tempos de limpeza mais longos, impactando a capacidade hor\u00e1ria.                                                                                                                                                                       <\/li>\n\n\n\n<li>Velocidade da correia transportadora: Embora suas m\u00e1quinas ofere\u00e7am velocidades ajust\u00e1veis, escolher a configura\u00e7\u00e3o mais r\u00e1pida nem sempre \u00e9 ideal para tapetes muito sujos. <\/li>\n<\/ol>\n\n\n\n<p>Para ilustrar, vamos considerar o seguinte cen\u00e1rio:<br><\/p>\n\n\n\n<ol class=\"wp-block-list\">\n<li>Largura m\u00e1xima do tapete: 3 metros                                                                                                                         <\/li>\n\n\n\n<li>Tamanho do tapete: 3 a 4 metros                                                                                                                                  <\/li>\n\n\n\n<li>Velocidade da correia: 1 metro por minuto                                                                                                                       <\/li>\n\n\n\n<li>N\u00famero de escovas: 4+4=8 escovas de disco                                                                                                                   <\/li>\n\n\n\n<li>Tipo de tapete: Tapete sint\u00e9tico de fabrica\u00e7\u00e3o mec\u00e2nica, com sujidade m\u00e9dia <\/li>\n<\/ol>\n\n\n\n<p>Nesse cen\u00e1rio, estimamos uma capacidade hor\u00e1ria de aproximadamente 180 metros quadrados.<br><\/p>\n\n\n\n<ul class=\"wp-block-list\">\n<li>Qual \u00e9 o consumo de \u00e1gua da m\u00e1quina? <\/li>\n<\/ul>\n\n\n\n<p>Nossas m\u00e1quinas ostentam alta efici\u00eancia no uso da \u00e1gua gra\u00e7as a um poderoso pressurizador, usando apenas 15-17 litros por minuto. Al\u00e9m disso, o sistema de enx\u00e1gue autom\u00e1tico opera eficientemente, evitando o uso desnecess\u00e1rio de \u00e1gua.<br><\/p>\n\n\n\n<ul class=\"wp-block-list\">\n<li>Que tipo de edif\u00edcio voc\u00ea recomenda? <\/li>\n<\/ul>\n\n\n\n<p>Requisitos m\u00ednimos:<br><\/p>\n\n\n\n<ol class=\"wp-block-list\">\n<li>\u00c1rea \u00fatil: 100 metros quadrados (inclui espa\u00e7o para m\u00e1quinas e opera\u00e7\u00f5es)                                                           <\/li>\n\n\n\n<li>Eletricidade: Energia trif\u00e1sica                                                                                                                                   <\/li>\n\n\n\n<li>Abastecimento de \u00e1gua: Infraestrutura da cidade ou po\u00e7o subterr\u00e2neo                                                               <\/li>\n\n\n\n<li>Compressor de ar: 100 litros de capacidade                                                                                                                  <\/li>\n\n\n\n<li>Tanque de \u00e1gua: 300 litros de capacidade                                                                                                                         <\/li>\n\n\n\n<li>Tanque de mistura de shampoo: 100 litros de capacidade <\/li>\n<\/ol>\n\n\n\n<p>Requisitos recomendados:<br><\/p>\n\n\n\n<ol class=\"wp-block-list\">\n<li>\u00c1rea \u00fatil: 250 metros quadrados (aumenta a efici\u00eancia e flexibilidade)                                                                     <\/li>\n\n\n\n<li>Compressor de ar: 150 litros de capacidade (fornece energia extra para outros equipamentos)                              <\/li>\n\n\n\n<li>Tanque de \u00e1gua: 2 toneladas de capacidade (garante \u00e1gua suficiente para uso mais longo)                                    <\/li>\n\n\n\n<li>Tanque de mistura de shampoo: 1 tonelada de capacidade (reduz a frequ\u00eancia de reabastecimento)            <\/li>\n<\/ol>\n\n\n\n<p>Nota: Estas s\u00e3o recomenda\u00e7\u00f5es gerais. Suas necessidades espec\u00edficas podem variar dependendo do seu plano de neg\u00f3cios e volume esperado.<br><\/p>\n\n\n\n<ul class=\"wp-block-list\">\n<li>Qual o custo do frete? <\/li>\n<\/ul>\n\n\n\n<p>Para estimar o custo do seu frete, por favor, forne\u00e7a-nos:<br><\/p>\n\n\n\n<ol class=\"wp-block-list\">\n<li>Seu endere\u00e7o completo                                                                                                                                                       <\/li>\n\n\n\n<li>O nome do porto comercial mais pr\u00f3ximo <\/li>\n<\/ol>\n\n\n\n<p>Observe que a estimativa de custo de envio que oferecemos \u00e9 aproximada e pode diferir no momento do envio real.<br><\/p>\n\n\n\n<p>Devo comprar a maior m\u00e1quina para poder lavar todos os tamanhos. Certo? <\/p>\n\n\n\n<p>Pode parecer tentador comprar as maiores m\u00e1quinas de lavar tapetes para lidar com qualquer tamanho, mas nem sempre essa \u00e9 a melhor estrat\u00e9gia. <\/p>\n\n\n\n<p>Aqui est\u00e1 o porqu\u00ea:<br><\/p>\n\n\n\n<ol class=\"wp-block-list\">\n<li>Concentre-se no seu cliente t\u00edpico: Analise os tapetes que voc\u00ea costuma limpar, como os de amigos, familiares ou clientes anteriores. Se voc\u00ea atende principalmente \u00e1reas residenciais, a maioria dos tapetes ser\u00e1 menor.                     <\/li>\n\n\n\n<li>Pesquise tamanhos populares: Consulte fornecedores ou lojas de tapetes para saber os tamanhos e tipos mais comuns que os clientes demandam.                                                                                                                                             <\/li>\n\n\n\n<li>Mire em mercados espec\u00edficos: Se voc\u00ea planeja atender hot\u00e9is ou escrit\u00f3rios, entre em contato diretamente com eles para entender suas necessidades. <\/li>\n<\/ol>\n\n\n\n<p>Por exemplo, em Izmir, Turquia, possuir uma m\u00e1quina com largura m\u00e1xima de tapete de 4 metros n\u00e3o seria pr\u00e1tico. Os tamanhos de tapetes raramente excedem 9 metros quadrados, e voc\u00ea encontraria apenas alguns desses por m\u00eas. Tapetes menores, como 3, 4 e 6 metros quadrados, juntamente com passadeiras, s\u00e3o muito mais comuns. <\/p>\n\n\n\n<p>Ao escolher o tamanho certo da m\u00e1quina com base no seu mercado-alvo e necessidades t\u00edpicas, voc\u00ea economizar\u00e1 dinheiro e evitar\u00e1 recursos desnecess\u00e1rios.<br><\/p>\n\n\n\n<ul class=\"wp-block-list\">\n<li>Quanto custa a m\u00e1quina de lavar tapetes? <\/li>\n<\/ul>\n\n\n\n<p>Antes de falarmos sobre pre\u00e7o, precisamos entender o que voc\u00ea precisa. Diferentes m\u00e1quinas t\u00eam diferentes capacidades e, portanto, diferentes custos. Oferecemos 5 modelos principais, cada um com diferentes tamanhos de correia transportadora. Al\u00e9m disso, alguns modelos possuem varia\u00e7\u00f5es adicionais chamadas submodelos. Al\u00e9m disso, voc\u00ea pode escolher recursos opcionais para personalizar sua m\u00e1quina.                   <\/p>\n\n\n\n<p>Para garantir que voc\u00ea obtenha o melhor valor, considere estes fatores-chave:<br><\/p>\n\n\n\n<ol class=\"wp-block-list\">\n<li>Largura da correia transportadora: Isso determina a largura m\u00e1xima dos tapetes que sua m\u00e1quina pode manusear. Pense nos tamanhos de tapetes mais comuns que voc\u00ea espera limpar.                                                                           <\/li>\n\n\n\n<li>N\u00famero de escovas: Embora 3+3=6 escovas possam funcionar para m\u00e1quinas menores (modelo com largura m\u00e1xima de tapete de at\u00e9 2 metros), m\u00e1quinas maiores geralmente precisam de mais escovas para uma limpeza mais r\u00e1pida. <\/li>\n<\/ol>\n\n\n\n<p>Assim que voc\u00ea tiver uma ideia melhor de suas necessidades, podemos fornecer pre\u00e7os espec\u00edficos e recomenda\u00e7\u00f5es de modelos. Sinta-se \u00e0 vontade para fazer qualquer pergunta que possa ter!<br><\/p>\n\n\n\n<p>O que torna uma m\u00e1quina de boa qualidade? Se voc\u00ea est\u00e1 procurando uma m\u00e1quina de lavar tapetes de boa qualidade, precisa prestar aten\u00e7\u00e3o ao seguinte:<br>Ao avaliar m\u00e1quinas de limpeza de tapetes, preste aten\u00e7\u00e3o especial aos seguintes aspectos:<br><\/p>\n\n\n\n<ul class=\"wp-block-list\">\n<li>Material do chassi, parafusos, porcas, rolamentos, etc.: Todos os componentes met\u00e1licos devem ser de a\u00e7o inoxid\u00e1vel de grau 304. Este grau oferece resist\u00eancia superior \u00e0 corros\u00e3o em compara\u00e7\u00e3o com os graus 430 ou inferiores. O a\u00e7o galvanizado a quente tamb\u00e9m \u00e9 inadequado porque \u00e9 essencialmente a\u00e7o carbono revestido de zinco, o que leva a uma vida \u00fatil curta nesta ind\u00fastria.<br><\/li>\n\n\n\n<li>Painel El\u00e9trico: Opte por marcas globalmente reconhecidas como Mitsubishi, Siemens ou Schneider. Evite marcas desconhecidas, pois encontrar pe\u00e7as de reposi\u00e7\u00e3o e suporte t\u00e9cnico pode ser dif\u00edcil, especialmente para PLCs (Controladores L\u00f3gicos Program\u00e1veis) e VFDs (Inversores de Frequ\u00eancia).<br><\/li>\n\n\n\n<li>Escovas: Procure ter pelo menos seis escovas (3+3=6). Configura\u00e7\u00f5es de linha \u00fanica (3 ou 4 escovas) n\u00e3o s\u00e3o recomendadas devido \u00e0 sua capacidade limitada e desempenho de limpeza. Linhas duplas (3+3=6, 4+4=8 ou 6+6=12) s\u00e3o ideais para uma limpeza eficaz.<br><\/li>\n\n\n\n<li>Versatilidade: A programa\u00e7\u00e3o da m\u00e1quina deve ser vers\u00e1til o suficiente para acomodar v\u00e1rios tipos de tapetes, incluindo aqueles com franjas, e de diferentes tamanhos.<br><br><br><br>Ao selecionar um fabricante para sua m\u00e1quina, leve em considera\u00e7\u00e3o estes pontos:<br><\/li>\n\n\n\n<li>Experi\u00eancia: Escolha um fabricante bem estabelecido com um hist\u00f3rico comprovado na resolu\u00e7\u00e3o de problemas e no fornecimento de produtos confi\u00e1veis. Isso garante melhor suporte p\u00f3s-venda e experi\u00eancia.<br><\/li>\n\n\n\n<li>Refer\u00eancias: Uma empresa de reputa\u00e7\u00e3o deve fornecer prontamente refer\u00eancias que mostrem clientes satisfeitos em todo o mundo.<br><\/li>\n\n\n\n<li>Suporte em ingl\u00eas: Certifique-se de que a empresa oferece suporte p\u00f3s-venda em ingl\u00eas. Algumas empresas oferecem assist\u00eancia em ingl\u00eas apenas para vendas, n\u00e3o para suporte t\u00e9cnico essencial.<p data-sourcepos=\"496:1-496:30\"><\/p><br><p data-sourcepos=\"505:1-505:10\">&nbsp;<\/p><br><\/li>\n<\/ul>\n","protected":false},"excerpt":{"rendered":"<p>Medir com precis\u00e3o o consumo de eletricidade das nossas m\u00e1quinas de lavar tapetes \u00e9 um desafio por v\u00e1rias raz\u00f5es: Muitas das mesmas vari\u00e1veis que afetam&hellip;<\/p>\n","protected":false},"author":1,"featured_media":0,"parent":0,"menu_order":0,"comment_status":"closed","ping_status":"closed","template":"","meta":{"footnotes":""},"class_list":["post-383","page","type-page","status-publish","hentry"],"translation":{"provider":"WPGlobus","version":"3.0.0","language":"pt","enabled_languages":["en","tr","fr","ar","es","de","pt","ru"],"languages":{"en":{"title":true,"content":true,"excerpt":false},"tr":{"title":true,"content":true,"excerpt":false},"fr":{"title":true,"content":true,"excerpt":false},"ar":{"title":true,"content":true,"excerpt":false},"es":{"title":true,"content":true,"excerpt":false},"de":{"title":true,"content":true,"excerpt":false},"pt":{"title":true,"content":true,"excerpt":false},"ru":{"title":true,"content":true,"excerpt":false}}},"yoast_head":"<!-- This site is optimized with the Yoast SEO plugin v24.7 - https:\/\/yoast.com\/wordpress\/plugins\/seo\/ -->\n<title>Perguntas frequentes sobre m\u00e1quinas de lavar carpetes - M\u00e1quina de lavar carpetes<\/title>\n<meta name=\"description\" content=\"Qual \u00e9 o pre\u00e7o de uma m\u00e1quina de lavar tapetes? Qual \u00e9 o consumo de eletricidade e \u00e1gua de uma m\u00e1quina de lavar tapetes?\" \/>\n<meta name=\"robots\" content=\"index, follow, max-snippet:-1, max-image-preview:large, max-video-preview:-1\" \/>\n<link rel=\"canonical\" href=\"https:\/\/www.thecarpetwashingmachine.com\/faq-on-carpet-washing-machines\/\" \/>\n<meta property=\"og:locale\" content=\"pt_PT\" \/>\n<meta property=\"og:type\" content=\"article\" \/>\n<meta property=\"og:title\" content=\"Perguntas frequentes sobre m\u00e1quinas de lavar carpetes - M\u00e1quina de lavar carpetes\" \/>\n<meta property=\"og:description\" content=\"Qual \u00e9 o pre\u00e7o de uma m\u00e1quina de lavar tapetes? Qual \u00e9 o consumo de eletricidade e \u00e1gua de uma m\u00e1quina de lavar tapetes?\" \/>\n<meta property=\"og:url\" content=\"https:\/\/www.thecarpetwashingmachine.com\/faq-on-carpet-washing-machines\/\" \/>\n<meta property=\"og:site_name\" content=\"M\u00e1quina de lavar carpetes\" \/>\n<meta property=\"article:publisher\" content=\"http:\/\/www.facebook.com\/carpetwashingmachine\" \/>\n<meta property=\"article:modified_time\" content=\"2025-07-18T11:54:38+00:00\" \/>\n<meta property=\"og:image\" content=\"https:\/\/www.thecarpetwashingmachine.com\/wp-content\/uploads\/2025\/01\/hali-yikama-makinasi-kullanimi-1.jpg\" \/>\n\t<meta property=\"og:image:width\" content=\"826\" \/>\n\t<meta property=\"og:image:height\" content=\"390\" \/>\n\t<meta property=\"og:image:type\" content=\"image\/jpeg\" \/>\n<meta name=\"twitter:card\" content=\"summary_large_image\" \/>\n<meta name=\"twitter:label1\" content=\"Tempo estimado de leitura\" \/>\n\t<meta name=\"twitter:data1\" content=\"5 minutos\" \/>\n<script type=\"application\/ld+json\" class=\"yoast-schema-graph\">{\"@context\":\"https:\/\/schema.org\",\"@graph\":[{\"@type\":\"WebPage\",\"@id\":\"https:\/\/www.thecarpetwashingmachine.com\/faq-on-carpet-washing-machines\/\",\"url\":\"https:\/\/www.thecarpetwashingmachine.com\/faq-on-carpet-washing-machines\/\",\"name\":\"H\u00e4ufig gestellte Fragen zu Teppichwaschmaschinen - M\u00e1quina de lavar carpetes\",\"isPartOf\":{\"@id\":\"https:\/\/www.thecarpetwashingmachine.com\/#website\"},\"primaryImageOfPage\":{\"@id\":\"https:\/\/www.thecarpetwashingmachine.com\/faq-on-carpet-washing-machines\/#primaryimage\"},\"image\":{\"@id\":\"https:\/\/www.thecarpetwashingmachine.com\/faq-on-carpet-washing-machines\/#primaryimage\"},\"thumbnailUrl\":\"https:\/\/www.thecarpetwashingmachine.com\/wp-content\/uploads\/2025\/01\/hali-yikama-makinasi-kullanimi-1.jpg\",\"datePublished\":\"2025-01-30T13:00:47+00:00\",\"dateModified\":\"2025-07-18T11:54:38+00:00\",\"description\":\"Was kostet eine Teppichwaschmaschine? Wie hoch ist der Strom- und Wasserverbrauch einer Teppichwaschmaschine?\",\"breadcrumb\":{\"@id\":\"https:\/\/www.thecarpetwashingmachine.com\/faq-on-carpet-washing-machines\/#breadcrumb\"},\"inLanguage\":\"pt-PT\",\"potentialAction\":[{\"@type\":\"ReadAction\",\"target\":[\"https:\/\/www.thecarpetwashingmachine.com\/faq-on-carpet-washing-machines\/\"]}]},{\"@type\":\"ImageObject\",\"inLanguage\":\"pt-PT\",\"@id\":\"https:\/\/www.thecarpetwashingmachine.com\/faq-on-carpet-washing-machines\/#primaryimage\",\"url\":\"https:\/\/www.thecarpetwashingmachine.com\/wp-content\/uploads\/2025\/01\/hali-yikama-makinasi-kullanimi-1.jpg\",\"contentUrl\":\"https:\/\/www.thecarpetwashingmachine.com\/wp-content\/uploads\/2025\/01\/hali-yikama-makinasi-kullanimi-1.jpg\"},{\"@type\":\"BreadcrumbList\",\"@id\":\"https:\/\/www.thecarpetwashingmachine.com\/faq-on-carpet-washing-machines\/#breadcrumb\",\"itemListElement\":[{\"@type\":\"ListItem\",\"position\":1,\"name\":\"Home\",\"item\":\"https:\/\/www.thecarpetwashingmachine.com\/\"},{\"@type\":\"ListItem\",\"position\":2,\"name\":\"Frequently Asked Questions on Carpet Washing Machines\"}]},{\"@type\":\"WebSite\",\"@id\":\"https:\/\/www.thecarpetwashingmachine.com\/#website\",\"url\":\"https:\/\/www.thecarpetwashingmachine.com\/\",\"name\":\"M\u00e1quina de lavar carpetes\",\"description\":\"A m\u00e1quina de lavar carpetes est\u00e1 no mundo todo!\",\"potentialAction\":[{\"@type\":\"SearchAction\",\"target\":{\"@type\":\"EntryPoint\",\"urlTemplate\":\"https:\/\/www.thecarpetwashingmachine.com\/?s={search_term_string}\"},\"query-input\":{\"@type\":\"PropertyValueSpecification\",\"valueRequired\":true,\"valueName\":\"search_term_string\"}}],\"inLanguage\":\"pt-PT\"}]}<\/script>\n<!-- \/ Yoast SEO plugin. -->","yoast_head_json":{"title":"Perguntas frequentes sobre m\u00e1quinas de lavar carpetes - M\u00e1quina de lavar carpetes","description":"Qual \u00e9 o pre\u00e7o de uma m\u00e1quina de lavar tapetes? Qual \u00e9 o consumo de eletricidade e \u00e1gua de uma m\u00e1quina de lavar tapetes?","robots":{"index":"index","follow":"follow","max-snippet":"max-snippet:-1","max-image-preview":"max-image-preview:large","max-video-preview":"max-video-preview:-1"},"canonical":"https:\/\/www.thecarpetwashingmachine.com\/faq-on-carpet-washing-machines\/","og_locale":"pt_PT","og_type":"article","og_title":"Perguntas frequentes sobre m\u00e1quinas de lavar carpetes - M\u00e1quina de lavar carpetes","og_description":"Qual \u00e9 o pre\u00e7o de uma m\u00e1quina de lavar tapetes? Qual \u00e9 o consumo de eletricidade e \u00e1gua de uma m\u00e1quina de lavar tapetes?","og_url":"https:\/\/www.thecarpetwashingmachine.com\/faq-on-carpet-washing-machines\/","og_site_name":"M\u00e1quina de lavar carpetes","article_publisher":"http:\/\/www.facebook.com\/carpetwashingmachine","article_modified_time":"2025-07-18T11:54:38+00:00","og_image":[{"width":826,"height":390,"url":"https:\/\/www.thecarpetwashingmachine.com\/wp-content\/uploads\/2025\/01\/hali-yikama-makinasi-kullanimi-1.jpg","type":"image\/jpeg"}],"twitter_card":"summary_large_image","twitter_misc":{"Tempo estimado de leitura":"5 minutos"},"schema":{"@context":"https:\/\/schema.org","@graph":[{"@type":"WebPage","@id":"https:\/\/www.thecarpetwashingmachine.com\/faq-on-carpet-washing-machines\/","url":"https:\/\/www.thecarpetwashingmachine.com\/faq-on-carpet-washing-machines\/","name":"H\u00e4ufig gestellte Fragen zu Teppichwaschmaschinen - M\u00e1quina de lavar carpetes","isPartOf":{"@id":"https:\/\/www.thecarpetwashingmachine.com\/#website"},"primaryImageOfPage":{"@id":"https:\/\/www.thecarpetwashingmachine.com\/faq-on-carpet-washing-machines\/#primaryimage"},"image":{"@id":"https:\/\/www.thecarpetwashingmachine.com\/faq-on-carpet-washing-machines\/#primaryimage"},"thumbnailUrl":"https:\/\/www.thecarpetwashingmachine.com\/wp-content\/uploads\/2025\/01\/hali-yikama-makinasi-kullanimi-1.jpg","datePublished":"2025-01-30T13:00:47+00:00","dateModified":"2025-07-18T11:54:38+00:00","description":"Was kostet eine Teppichwaschmaschine? Wie hoch ist der Strom- und Wasserverbrauch einer Teppichwaschmaschine?","breadcrumb":{"@id":"https:\/\/www.thecarpetwashingmachine.com\/faq-on-carpet-washing-machines\/#breadcrumb"},"inLanguage":"pt-PT","potentialAction":[{"@type":"ReadAction","target":["https:\/\/www.thecarpetwashingmachine.com\/faq-on-carpet-washing-machines\/"]}]},{"@type":"ImageObject","inLanguage":"pt-PT","@id":"https:\/\/www.thecarpetwashingmachine.com\/faq-on-carpet-washing-machines\/#primaryimage","url":"https:\/\/www.thecarpetwashingmachine.com\/wp-content\/uploads\/2025\/01\/hali-yikama-makinasi-kullanimi-1.jpg","contentUrl":"https:\/\/www.thecarpetwashingmachine.com\/wp-content\/uploads\/2025\/01\/hali-yikama-makinasi-kullanimi-1.jpg"},{"@type":"BreadcrumbList","@id":"https:\/\/www.thecarpetwashingmachine.com\/faq-on-carpet-washing-machines\/#breadcrumb","itemListElement":[{"@type":"ListItem","position":1,"name":"Home","item":"https:\/\/www.thecarpetwashingmachine.com\/"},{"@type":"ListItem","position":2,"name":"Frequently Asked Questions on Carpet Washing Machines"}]},{"@type":"WebSite","@id":"https:\/\/www.thecarpetwashingmachine.com\/#website","url":"https:\/\/www.thecarpetwashingmachine.com\/","name":"M\u00e1quina de lavar carpetes","description":"A m\u00e1quina de lavar carpetes est\u00e1 no mundo todo!","potentialAction":[{"@type":"SearchAction","target":{"@type":"EntryPoint","urlTemplate":"https:\/\/www.thecarpetwashingmachine.com\/?s={search_term_string}"},"query-input":{"@type":"PropertyValueSpecification","valueRequired":true,"valueName":"search_term_string"}}],"inLanguage":"pt-PT"}]}},"_links":{"self":[{"href":"https:\/\/www.thecarpetwashingmachine.com\/pt\/wp-json\/wp\/v2\/pages\/383","targetHints":{"allow":["GET"]}}],"collection":[{"href":"https:\/\/www.thecarpetwashingmachine.com\/pt\/wp-json\/wp\/v2\/pages"}],"about":[{"href":"https:\/\/www.thecarpetwashingmachine.com\/pt\/wp-json\/wp\/v2\/types\/page"}],"author":[{"embeddable":true,"href":"https:\/\/www.thecarpetwashingmachine.com\/pt\/wp-json\/wp\/v2\/users\/1"}],"replies":[{"embeddable":true,"href":"https:\/\/www.thecarpetwashingmachine.com\/pt\/wp-json\/wp\/v2\/comments?post=383"}],"version-history":[{"count":48,"href":"https:\/\/www.thecarpetwashingmachine.com\/pt\/wp-json\/wp\/v2\/pages\/383\/revisions"}],"predecessor-version":[{"id":2462,"href":"https:\/\/www.thecarpetwashingmachine.com\/pt\/wp-json\/wp\/v2\/pages\/383\/revisions\/2462"}],"wp:attachment":[{"href":"https:\/\/www.thecarpetwashingmachine.com\/pt\/wp-json\/wp\/v2\/media?parent=383"}],"curies":[{"name":"wp","href":"https:\/\/api.w.org\/{rel}","templated":true}]}}