{"id":370,"date":"2025-01-16T11:18:51","date_gmt":"2025-01-16T11:18:51","guid":{"rendered":"https:\/\/www.thecarpetwashingmachine.com\/?page_id=370"},"modified":"2025-07-14T13:18:29","modified_gmt":"2025-07-14T13:18:29","slug":"carpet-finishing-machine","status":"publish","type":"page","link":"https:\/\/www.thecarpetwashingmachine.com\/pt\/carpet-finishing-machine\/","title":{"rendered":"M\u00e1quina de acabamento de carpetes"},"content":{"rendered":"<p><iframe loading=\"lazy\" title=\"New HPM Rug and Carpet Finishing Machine\" width=\"843\" height=\"474\" src=\"https:\/\/www.youtube.com\/embed\/QJ1NfUuUeOw?feature=oembed\" frameborder=\"0\" allow=\"accelerometer; autoplay; clipboard-write; encrypted-media; gyroscope; picture-in-picture; web-share\" referrerpolicy=\"strict-origin-when-cross-origin\" allowfullscreen><\/iframe><\/p>\n<ul data-sourcepos=\"9:1-13:0\">\n<li data-sourcepos=\"17:1-18:0\">\n<p data-sourcepos=\"1:1-1:312\">A m\u00e1quina de acabamento de tapetes, tamb\u00e9m conhecida como m\u00e1quina de embalar tapetes ou m\u00e1quina de varrer tapetes, tem como principal fun\u00e7\u00e3o realizar uma <strong>escovagem final e aspira\u00e7\u00e3o da superf\u00edcie do tapete<\/strong> antes de este ser enrolado e embalado. Ao contr\u00e1rio das nossas <a href=\"http:\/\/thecarpetwashingmachine.com\/pt\/how-to-choose-the-right-carpet-washing-machine\/\">outras m\u00e1quinas<\/a>, esta n\u00e3o lava tapetes.<\/p>\n<h3 data-sourcepos=\"5:1-5:27\">Design e Funcionalidade<\/h3>\n<p data-sourcepos=\"7:1-7:389\">O nosso sistema possui uma <strong>escova cil\u00edndrica grande e paralela<\/strong> posicionada na frente, complementada por <strong>quatro escovas cil\u00edndricas menores<\/strong> na parte traseira. O tapete passa inicialmente por baixo do sistema de escovas cil\u00edndricas. Um <strong>mecanismo pneum\u00e1tico<\/strong> baixa o sistema para varrer eficazmente a superf\u00edcie do tapete. A press\u00e3o exercida pela escova cil\u00edndrica \u00e9 <strong>ajust\u00e1vel<\/strong>.<\/p>\n<p data-sourcepos=\"9:1-9:170\">Opcionalmente, esta escova cil\u00edndrica pode ser equipada com um <strong>sistema de v\u00e1cuo<\/strong>, semelhante aos encontrados nas nossas m\u00e1quinas tradicionais de acabamento de tapetes.<\/p>\n<p data-sourcepos=\"11:1-11:445\">As quatro escovas cil\u00edndricas menores, posicionadas na parte traseira, funcionam de forma semelhante \u00e0s escovas de disco utilizadas em m\u00e1quinas de lavar tapetes ou aspiradores dom\u00e9sticos. Estas escovas varrem o tapete da esquerda para a direita. \u00c9 importante notar que o <strong>sistema de v\u00e1cuo \u00e9 integrado no sistema linear<\/strong>, eliminando a necessidade de uma unidade separada. Al\u00e9m disso, a press\u00e3o destas escovas cil\u00edndricas tamb\u00e9m \u00e9 <strong>ajust\u00e1vel<\/strong>.<\/p>\n<p data-sourcepos=\"13:1-13:255\">Ap\u00f3s a fase inicial de escovagem, o tapete pode ser parado para embalagem ou devolvido \u00e0 frente para um ciclo de limpeza final. Se o cliente optar pela op\u00e7\u00e3o de retorno, o tapete passa por todas as etapas novamente antes de ser preparado para a embalagem.<\/p>\n<p data-sourcepos=\"15:1-15:120\">Al\u00e9m do acabamento, a m\u00e1quina tamb\u00e9m pode ser usada para a <strong>desempoeiramento de tapetes antes do processo de lavagem<\/strong>.<\/p>\n<\/li>\n<\/ul>\n","protected":false},"excerpt":{"rendered":"<p>A m\u00e1quina de acabamento de tapetes, tamb\u00e9m conhecida como m\u00e1quina de embalar tapetes ou m\u00e1quina de varrer tapetes, tem como principal fun\u00e7\u00e3o realizar uma escovagem&hellip;<\/p>\n","protected":false},"author":1,"featured_media":0,"parent":0,"menu_order":0,"comment_status":"closed","ping_status":"closed","template":"","meta":{"footnotes":""},"class_list":["post-370","page","type-page","status-publish","hentry"],"translation":{"provider":"WPGlobus","version":"3.0.0","language":"pt","enabled_languages":["en","tr","fr","ar","es","de","pt","ru"],"languages":{"en":{"title":true,"content":true,"excerpt":false},"tr":{"title":true,"content":true,"excerpt":false},"fr":{"title":true,"content":true,"excerpt":false},"ar":{"title":true,"content":true,"excerpt":false},"es":{"title":true,"content":true,"excerpt":false},"de":{"title":true,"content":true,"excerpt":false},"pt":{"title":true,"content":true,"excerpt":false},"ru":{"title":true,"content":true,"excerpt":false}}},"yoast_head":"<!-- This site is optimized with the Yoast SEO plugin v24.7 - https:\/\/yoast.com\/wordpress\/plugins\/seo\/ -->\n<title>M\u00e1quina de acabamento de carpetes - M\u00e1quina de lavar carpetes<\/title>\n<meta name=\"description\" content=\"M\u00e1quina de Acabamento de Tapetes: Usada principalmente ap\u00f3s a limpeza. Ela escova, varre e aspira os tapetes depois da secagem.\" \/>\n<meta name=\"robots\" content=\"index, follow, max-snippet:-1, max-image-preview:large, max-video-preview:-1\" \/>\n<link rel=\"canonical\" href=\"https:\/\/www.thecarpetwashingmachine.com\/carpet-finishing-machine\/\" \/>\n<meta property=\"og:locale\" content=\"pt_PT\" \/>\n<meta property=\"og:type\" content=\"article\" \/>\n<meta property=\"og:title\" content=\"M\u00e1quina de acabamento de carpetes - M\u00e1quina de lavar carpetes\" \/>\n<meta property=\"og:description\" content=\"M\u00e1quina de Acabamento de Tapetes: Usada principalmente ap\u00f3s a limpeza. Ela escova, varre e aspira os tapetes depois da secagem.\" \/>\n<meta property=\"og:url\" content=\"https:\/\/www.thecarpetwashingmachine.com\/carpet-finishing-machine\/\" \/>\n<meta property=\"og:site_name\" content=\"M\u00e1quina de lavar carpetes\" \/>\n<meta property=\"article:publisher\" content=\"http:\/\/www.facebook.com\/carpetwashingmachine\" \/>\n<meta property=\"article:modified_time\" content=\"2025-07-14T13:18:29+00:00\" \/>\n<meta name=\"twitter:card\" content=\"summary_large_image\" \/>\n<meta name=\"twitter:label1\" content=\"Tempo estimado de leitura\" \/>\n\t<meta name=\"twitter:data1\" content=\"2 minutos\" \/>\n<script type=\"application\/ld+json\" class=\"yoast-schema-graph\">{\"@context\":\"https:\/\/schema.org\",\"@graph\":[{\"@type\":\"WebPage\",\"@id\":\"https:\/\/www.thecarpetwashingmachine.com\/carpet-finishing-machine\/\",\"url\":\"https:\/\/www.thecarpetwashingmachine.com\/carpet-finishing-machine\/\",\"name\":\"Machine de finition de tapis - M\u00e1quina de lavar carpetes\",\"isPartOf\":{\"@id\":\"https:\/\/www.thecarpetwashingmachine.com\/#website\"},\"datePublished\":\"2025-01-16T11:18:51+00:00\",\"dateModified\":\"2025-07-14T13:18:29+00:00\",\"description\":\"La machine de finition de tapis est principalement utilis\u00e9e apr\u00e8s le nettoyage. Elle brosse, balaie et aspire les tapis apr\u00e8s le s\u00e9chage.\",\"breadcrumb\":{\"@id\":\"https:\/\/www.thecarpetwashingmachine.com\/carpet-finishing-machine\/#breadcrumb\"},\"inLanguage\":\"pt-PT\",\"potentialAction\":[{\"@type\":\"ReadAction\",\"target\":[\"https:\/\/www.thecarpetwashingmachine.com\/carpet-finishing-machine\/\"]}]},{\"@type\":\"BreadcrumbList\",\"@id\":\"https:\/\/www.thecarpetwashingmachine.com\/carpet-finishing-machine\/#breadcrumb\",\"itemListElement\":[{\"@type\":\"ListItem\",\"position\":1,\"name\":\"Home\",\"item\":\"https:\/\/www.thecarpetwashingmachine.com\/\"},{\"@type\":\"ListItem\",\"position\":2,\"name\":\"Carpet Finishing Machine\"}]},{\"@type\":\"WebSite\",\"@id\":\"https:\/\/www.thecarpetwashingmachine.com\/#website\",\"url\":\"https:\/\/www.thecarpetwashingmachine.com\/\",\"name\":\"M\u00e1quina de lavar carpetes\",\"description\":\"A m\u00e1quina de lavar carpetes est\u00e1 no mundo todo!\",\"potentialAction\":[{\"@type\":\"SearchAction\",\"target\":{\"@type\":\"EntryPoint\",\"urlTemplate\":\"https:\/\/www.thecarpetwashingmachine.com\/?s={search_term_string}\"},\"query-input\":{\"@type\":\"PropertyValueSpecification\",\"valueRequired\":true,\"valueName\":\"search_term_string\"}}],\"inLanguage\":\"pt-PT\"}]}<\/script>\n<!-- \/ Yoast SEO plugin. -->","yoast_head_json":{"title":"M\u00e1quina de acabamento de carpetes - M\u00e1quina de lavar carpetes","description":"M\u00e1quina de Acabamento de Tapetes: Usada principalmente ap\u00f3s a limpeza. Ela escova, varre e aspira os tapetes depois da secagem.","robots":{"index":"index","follow":"follow","max-snippet":"max-snippet:-1","max-image-preview":"max-image-preview:large","max-video-preview":"max-video-preview:-1"},"canonical":"https:\/\/www.thecarpetwashingmachine.com\/carpet-finishing-machine\/","og_locale":"pt_PT","og_type":"article","og_title":"M\u00e1quina de acabamento de carpetes - M\u00e1quina de lavar carpetes","og_description":"M\u00e1quina de Acabamento de Tapetes: Usada principalmente ap\u00f3s a limpeza. Ela escova, varre e aspira os tapetes depois da secagem.","og_url":"https:\/\/www.thecarpetwashingmachine.com\/carpet-finishing-machine\/","og_site_name":"M\u00e1quina de lavar carpetes","article_publisher":"http:\/\/www.facebook.com\/carpetwashingmachine","article_modified_time":"2025-07-14T13:18:29+00:00","twitter_card":"summary_large_image","twitter_misc":{"Tempo estimado de leitura":"2 minutos"},"schema":{"@context":"https:\/\/schema.org","@graph":[{"@type":"WebPage","@id":"https:\/\/www.thecarpetwashingmachine.com\/carpet-finishing-machine\/","url":"https:\/\/www.thecarpetwashingmachine.com\/carpet-finishing-machine\/","name":"Machine de finition de tapis - M\u00e1quina de lavar carpetes","isPartOf":{"@id":"https:\/\/www.thecarpetwashingmachine.com\/#website"},"datePublished":"2025-01-16T11:18:51+00:00","dateModified":"2025-07-14T13:18:29+00:00","description":"La machine de finition de tapis est principalement utilis\u00e9e apr\u00e8s le nettoyage. Elle brosse, balaie et aspire les tapis apr\u00e8s le s\u00e9chage.","breadcrumb":{"@id":"https:\/\/www.thecarpetwashingmachine.com\/carpet-finishing-machine\/#breadcrumb"},"inLanguage":"pt-PT","potentialAction":[{"@type":"ReadAction","target":["https:\/\/www.thecarpetwashingmachine.com\/carpet-finishing-machine\/"]}]},{"@type":"BreadcrumbList","@id":"https:\/\/www.thecarpetwashingmachine.com\/carpet-finishing-machine\/#breadcrumb","itemListElement":[{"@type":"ListItem","position":1,"name":"Home","item":"https:\/\/www.thecarpetwashingmachine.com\/"},{"@type":"ListItem","position":2,"name":"Carpet Finishing Machine"}]},{"@type":"WebSite","@id":"https:\/\/www.thecarpetwashingmachine.com\/#website","url":"https:\/\/www.thecarpetwashingmachine.com\/","name":"M\u00e1quina de lavar carpetes","description":"A m\u00e1quina de lavar carpetes est\u00e1 no mundo todo!","potentialAction":[{"@type":"SearchAction","target":{"@type":"EntryPoint","urlTemplate":"https:\/\/www.thecarpetwashingmachine.com\/?s={search_term_string}"},"query-input":{"@type":"PropertyValueSpecification","valueRequired":true,"valueName":"search_term_string"}}],"inLanguage":"pt-PT"}]}},"_links":{"self":[{"href":"https:\/\/www.thecarpetwashingmachine.com\/pt\/wp-json\/wp\/v2\/pages\/370","targetHints":{"allow":["GET"]}}],"collection":[{"href":"https:\/\/www.thecarpetwashingmachine.com\/pt\/wp-json\/wp\/v2\/pages"}],"about":[{"href":"https:\/\/www.thecarpetwashingmachine.com\/pt\/wp-json\/wp\/v2\/types\/page"}],"author":[{"embeddable":true,"href":"https:\/\/www.thecarpetwashingmachine.com\/pt\/wp-json\/wp\/v2\/users\/1"}],"replies":[{"embeddable":true,"href":"https:\/\/www.thecarpetwashingmachine.com\/pt\/wp-json\/wp\/v2\/comments?post=370"}],"version-history":[{"count":34,"href":"https:\/\/www.thecarpetwashingmachine.com\/pt\/wp-json\/wp\/v2\/pages\/370\/revisions"}],"predecessor-version":[{"id":2444,"href":"https:\/\/www.thecarpetwashingmachine.com\/pt\/wp-json\/wp\/v2\/pages\/370\/revisions\/2444"}],"wp:attachment":[{"href":"https:\/\/www.thecarpetwashingmachine.com\/pt\/wp-json\/wp\/v2\/media?parent=370"}],"curies":[{"name":"wp","href":"https:\/\/api.w.org\/{rel}","templated":true}]}}