{"id":25,"date":"2018-05-18T15:20:44","date_gmt":"2018-05-18T15:20:44","guid":{"rendered":"http:\/\/thecarpetwashingmachine.com\/?page_id=25"},"modified":"2025-06-18T10:54:10","modified_gmt":"2025-06-18T10:54:10","slug":"carpet-washing-machine-2","status":"publish","type":"page","link":"https:\/\/www.thecarpetwashingmachine.com\/pt\/carpet-washing-machine-2\/","title":{"rendered":"Perguntas sobre a m\u00e1quina de lavar carpetes"},"content":{"rendered":"<h3><img loading=\"lazy\" decoding=\"async\" class=\"alignnone wp-image-39 size-full\" src=\"https:\/\/www.thecarpetwashingmachine.com\/wp-content\/uploads\/2018\/05\/high-quality-carpet-washing-machine.jpg\" alt=\"M\u00e1quina de Lavar Tapetes\n\" width=\"500\" height=\"278\" srcset=\"https:\/\/www.thecarpetwashingmachine.com\/wp-content\/uploads\/2018\/05\/high-quality-carpet-washing-machine.jpg 500w, https:\/\/www.thecarpetwashingmachine.com\/wp-content\/uploads\/2018\/05\/high-quality-carpet-washing-machine-300x167.jpg 300w\" sizes=\"auto, (max-width: 500px) 100vw, 500px\" \/><\/h3>\n<h3>M\u00e1quina de lavar tapetes, o que \u00e9?<\/h3>\n<p>M\u00e1quina de lavar tapetes e m\u00e1quina de lavar tapetes s\u00e3o os mecanismos que consomem \u00e1gua, eletricidade e xampu para a limpeza dos tapetes. Eles geralmente trabalham com rolamentos, motores, escovas, correias transportadoras, sistemas operados a ar.<\/p>\n<h4>O que \u00e9 uma m\u00e1quina de lavar tapete totalmente autom\u00e1tica?<\/h4>\n<p>Este tipo de m\u00e1quina possui PLC e sensores dentro de seus sistemas. Tapetes reconhecidos pela m\u00e1quina automaticamente, as m\u00e1quinas n\u00e3o desperdi\u00e7am \u00e1gua ou xampu desnecess\u00e1rios na esteira transportadora. As m\u00e1quinas funcionam de forma diferente para diferentes tipos de carpete. A m\u00e1quina para seus sistemas quando n\u00e3o h\u00e1 carpete.<\/p>\n<h5>Por que uma m\u00e1quina de lavar carpetes precisa ser de a\u00e7o inoxid\u00e1vel?<\/h5>\n<p>M\u00e1quinas de a\u00e7o galvanizado e revestido com ep\u00f3xi s\u00e3o materiais muito comuns no setor de m\u00e1quinas de lavar carpetes. No entanto, cientificamente no setor de limpeza, s\u00e3o utilizados muitos produtos qu\u00edmicos, com diferentes valores de pH. Na limpeza de carpetes, voc\u00ea n\u00e3o pode lavar carpetes sem xampus para carpetes. Os xampus para carpetes t\u00eam valor de pH maior\/menor que 7 (neutro). Se esses valores de pH fossem neutros, voc\u00ea poderia usar a\u00e7o galvanizado ou revestido com ep\u00f3xi por muito tempo. Mas isso \u00e9 imposs\u00edvel. Um material de a\u00e7o galvanizado ou revestido com ep\u00f3xi pode durar apenas 2 a 3 anos. Alguns limpadores de carpetes usam produtos qu\u00edmicos extremos, como hipossulfito de pot\u00e1ssio e soda c\u00e1ustica. Uma vez que uma m\u00e1quina enferruja em seu corpo e pe\u00e7as, essa m\u00e1quina n\u00e3o pode mais ser usada para limpeza.<\/p>\n<h5>Quais marcas el\u00e9tricas s\u00e3o boas para m\u00e1quinas de lavar carpetes?<\/h5>\n<p>As pe\u00e7as el\u00e9tricas das m\u00e1quinas de lavar carpetes devem ser de marcas mundialmente conhecidas, como Siemens, Schneider e Mitsubishi. Voc\u00ea pode ver dezenas de fabricantes que possuem pe\u00e7as el\u00e9tricas de baixa qualidade em suas m\u00e1quinas, principalmente da China. A longo prazo, as pe\u00e7as chinesas podem resultar em problemas nos componentes el\u00e9tricos e mec\u00e2nicos das m\u00e1quinas.<\/p>\n<h5>O que \u00e9 sistema PLC?<\/h5>\n<p>Controlador L\u00f3gico Program\u00e1vel. Para reformular, o c\u00e9rebro das m\u00e1quinas de lavar carpetes totalmente autom\u00e1ticas. M\u00e1quinas equipadas com unidades PLC de alta qualidade podem lavar qualquer tipo de carpete do mundo. Eles podem lavar adequadamente os tapetes, dependendo dos tamanhos e tempos, sem desperd\u00edcio sup\u00e9rfluo de \u00e1gua, produtos qu\u00edmicos, tempo, eletricidade e m\u00e3o de obra. Com sistemas PLC de boa qualidade, o fabricante pode resolver seus problemas remotamente, o que tamb\u00e9m possibilita a adi\u00e7\u00e3o de novos tipos de tapetes e programas de lavagem.<\/p>\n<h4>Qual \u00e9 a melhor m\u00e1quina de lavar carpetes?<\/h4>\n<p>Isso realmente depende de suas necessidades. Se 80 -90 % dos tapetes que lava t\u00eam 2 m de largura, ent\u00e3o pode escolher uma m\u00e1quina de lavar tapetes com 2,2 m m\u00e1x. largura do tapete. Toda m\u00e1quina deve ter 10 cm de espa\u00e7o em cada lado da esteira por regras de seguran\u00e7a. Se voc\u00ea compra principalmente carpetes com 4 m de largura, precisar\u00e1 de uma m\u00e1quina com no m\u00e1ximo 4,2 m. largura do tapete. A melhor m\u00e1quina de lavar carpetes \u00e9 obviamente de a\u00e7o inoxid\u00e1vel, mencionamos o motivo no par\u00e1grafo acima. \u00c9 totalmente autom\u00e1tico e pode lavar qualquer tipo de carpete sem nenhum problema.<\/p>\n","protected":false},"excerpt":{"rendered":"<p>M\u00e1quina de lavar tapetes, o que \u00e9? M\u00e1quina de lavar tapetes e m\u00e1quina de lavar tapetes s\u00e3o os mecanismos que consomem \u00e1gua, eletricidade e xampu&hellip;<\/p>\n","protected":false},"author":1,"featured_media":0,"parent":0,"menu_order":0,"comment_status":"closed","ping_status":"closed","template":"","meta":{"footnotes":""},"class_list":["post-25","page","type-page","status-publish","hentry"],"translation":{"provider":"WPGlobus","version":"3.0.0","language":"pt","enabled_languages":["en","tr","fr","ar","es","de","pt","ru"],"languages":{"en":{"title":true,"content":true,"excerpt":false},"tr":{"title":true,"content":true,"excerpt":false},"fr":{"title":true,"content":true,"excerpt":false},"ar":{"title":true,"content":true,"excerpt":false},"es":{"title":true,"content":true,"excerpt":false},"de":{"title":true,"content":true,"excerpt":false},"pt":{"title":true,"content":true,"excerpt":false},"ru":{"title":true,"content":true,"excerpt":false}}},"yoast_head":"<!-- This site is optimized with the Yoast SEO plugin v24.7 - https:\/\/yoast.com\/wordpress\/plugins\/seo\/ -->\n<title>Perguntas sobre a m\u00e1quina de lavar carpetes - M\u00e1quina de lavar carpetes<\/title>\n<meta name=\"description\" content=\"Aprenda o b\u00e1sico sobre m\u00e1quinas de lavar tapetes: o que s\u00e3o, op\u00e7\u00f5es autom\u00e1ticas e como encontrar a melhor para suas necessidades.\" \/>\n<meta name=\"robots\" content=\"index, follow, max-snippet:-1, max-image-preview:large, max-video-preview:-1\" \/>\n<link rel=\"canonical\" href=\"https:\/\/www.thecarpetwashingmachine.com\/\" \/>\n<meta property=\"og:locale\" content=\"pt_PT\" \/>\n<meta property=\"og:type\" content=\"article\" \/>\n<meta property=\"og:title\" content=\"Perguntas sobre a m\u00e1quina de lavar carpetes - M\u00e1quina de lavar carpetes\" \/>\n<meta property=\"og:description\" content=\"Aprenda o b\u00e1sico sobre m\u00e1quinas de lavar tapetes: o que s\u00e3o, op\u00e7\u00f5es autom\u00e1ticas e como encontrar a melhor para suas necessidades.\" \/>\n<meta property=\"og:url\" content=\"https:\/\/www.thecarpetwashingmachine.com\/\" \/>\n<meta property=\"og:site_name\" content=\"M\u00e1quina de lavar carpetes\" \/>\n<meta property=\"article:publisher\" content=\"http:\/\/www.facebook.com\/carpetwashingmachine\" \/>\n<meta property=\"article:modified_time\" content=\"2025-06-18T10:54:10+00:00\" \/>\n<meta property=\"og:image\" content=\"https:\/\/www.thecarpetwashingmachine.com\/wp-content\/uploads\/2018\/05\/high-quality-carpet-washing-machine.jpg\" \/>\n\t<meta property=\"og:image:width\" content=\"500\" \/>\n\t<meta property=\"og:image:height\" content=\"278\" \/>\n\t<meta property=\"og:image:type\" content=\"image\/jpeg\" \/>\n<meta name=\"twitter:card\" content=\"summary_large_image\" \/>\n<meta name=\"twitter:label1\" content=\"Tempo estimado de leitura\" \/>\n\t<meta name=\"twitter:data1\" content=\"3 minutos\" \/>\n<script type=\"application\/ld+json\" class=\"yoast-schema-graph\">{\"@context\":\"https:\/\/schema.org\",\"@graph\":[{\"@type\":\"WebPage\",\"@id\":\"https:\/\/www.thecarpetwashingmachine.com\/\",\"url\":\"https:\/\/www.thecarpetwashingmachine.com\/\",\"name\":\"Questions About Carpet Washing Machine - M\u00e1quina de lavar carpetes\",\"isPartOf\":{\"@id\":\"https:\/\/www.thecarpetwashingmachine.com\/#website\"},\"primaryImageOfPage\":{\"@id\":\"https:\/\/www.thecarpetwashingmachine.com\/#primaryimage\"},\"image\":{\"@id\":\"https:\/\/www.thecarpetwashingmachine.com\/#primaryimage\"},\"thumbnailUrl\":\"http:\/\/thecarpetwashingmachine.com\/wp-content\/uploads\/2018\/05\/high-quality-carpet-washing-machine.jpg\",\"datePublished\":\"2018-05-18T15:20:44+00:00\",\"dateModified\":\"2025-06-18T10:54:10+00:00\",\"description\":\"Learn the basics of carpet washing machines: What they are, fully automatic options, and how to find the best one for your needs.\",\"breadcrumb\":{\"@id\":\"https:\/\/www.thecarpetwashingmachine.com\/#breadcrumb\"},\"inLanguage\":\"pt-PT\",\"potentialAction\":[{\"@type\":\"ReadAction\",\"target\":[\"https:\/\/www.thecarpetwashingmachine.com\/\"]}]},{\"@type\":\"ImageObject\",\"inLanguage\":\"pt-PT\",\"@id\":\"https:\/\/www.thecarpetwashingmachine.com\/#primaryimage\",\"url\":\"http:\/\/thecarpetwashingmachine.com\/wp-content\/uploads\/2018\/05\/high-quality-carpet-washing-machine.jpg\",\"contentUrl\":\"http:\/\/thecarpetwashingmachine.com\/wp-content\/uploads\/2018\/05\/high-quality-carpet-washing-machine.jpg\"},{\"@type\":\"BreadcrumbList\",\"@id\":\"https:\/\/www.thecarpetwashingmachine.com\/#breadcrumb\",\"itemListElement\":[{\"@type\":\"ListItem\",\"position\":1,\"name\":\"Home\",\"item\":\"https:\/\/www.thecarpetwashingmachine.com\/\"},{\"@type\":\"ListItem\",\"position\":2,\"name\":\"Questions About Carpet Washing Machine\"}]},{\"@type\":\"WebSite\",\"@id\":\"https:\/\/www.thecarpetwashingmachine.com\/#website\",\"url\":\"https:\/\/www.thecarpetwashingmachine.com\/\",\"name\":\"M\u00e1quina de lavar carpetes\",\"description\":\"A m\u00e1quina de lavar carpetes est\u00e1 no mundo todo!\",\"potentialAction\":[{\"@type\":\"SearchAction\",\"target\":{\"@type\":\"EntryPoint\",\"urlTemplate\":\"https:\/\/www.thecarpetwashingmachine.com\/?s={search_term_string}\"},\"query-input\":{\"@type\":\"PropertyValueSpecification\",\"valueRequired\":true,\"valueName\":\"search_term_string\"}}],\"inLanguage\":\"pt-PT\"}]}<\/script>\n<!-- \/ Yoast SEO plugin. -->","yoast_head_json":{"title":"Perguntas sobre a m\u00e1quina de lavar carpetes - M\u00e1quina de lavar carpetes","description":"Aprenda o b\u00e1sico sobre m\u00e1quinas de lavar tapetes: o que s\u00e3o, op\u00e7\u00f5es autom\u00e1ticas e como encontrar a melhor para suas necessidades.","robots":{"index":"index","follow":"follow","max-snippet":"max-snippet:-1","max-image-preview":"max-image-preview:large","max-video-preview":"max-video-preview:-1"},"canonical":"https:\/\/www.thecarpetwashingmachine.com\/","og_locale":"pt_PT","og_type":"article","og_title":"Perguntas sobre a m\u00e1quina de lavar carpetes - M\u00e1quina de lavar carpetes","og_description":"Aprenda o b\u00e1sico sobre m\u00e1quinas de lavar tapetes: o que s\u00e3o, op\u00e7\u00f5es autom\u00e1ticas e como encontrar a melhor para suas necessidades.","og_url":"https:\/\/www.thecarpetwashingmachine.com\/","og_site_name":"M\u00e1quina de lavar carpetes","article_publisher":"http:\/\/www.facebook.com\/carpetwashingmachine","article_modified_time":"2025-06-18T10:54:10+00:00","og_image":[{"width":500,"height":278,"url":"https:\/\/www.thecarpetwashingmachine.com\/wp-content\/uploads\/2018\/05\/high-quality-carpet-washing-machine.jpg","type":"image\/jpeg"}],"twitter_card":"summary_large_image","twitter_misc":{"Tempo estimado de leitura":"3 minutos"},"schema":{"@context":"https:\/\/schema.org","@graph":[{"@type":"WebPage","@id":"https:\/\/www.thecarpetwashingmachine.com\/","url":"https:\/\/www.thecarpetwashingmachine.com\/","name":"Questions About Carpet Washing Machine - M\u00e1quina de lavar carpetes","isPartOf":{"@id":"https:\/\/www.thecarpetwashingmachine.com\/#website"},"primaryImageOfPage":{"@id":"https:\/\/www.thecarpetwashingmachine.com\/#primaryimage"},"image":{"@id":"https:\/\/www.thecarpetwashingmachine.com\/#primaryimage"},"thumbnailUrl":"http:\/\/thecarpetwashingmachine.com\/wp-content\/uploads\/2018\/05\/high-quality-carpet-washing-machine.jpg","datePublished":"2018-05-18T15:20:44+00:00","dateModified":"2025-06-18T10:54:10+00:00","description":"Learn the basics of carpet washing machines: What they are, fully automatic options, and how to find the best one for your needs.","breadcrumb":{"@id":"https:\/\/www.thecarpetwashingmachine.com\/#breadcrumb"},"inLanguage":"pt-PT","potentialAction":[{"@type":"ReadAction","target":["https:\/\/www.thecarpetwashingmachine.com\/"]}]},{"@type":"ImageObject","inLanguage":"pt-PT","@id":"https:\/\/www.thecarpetwashingmachine.com\/#primaryimage","url":"http:\/\/thecarpetwashingmachine.com\/wp-content\/uploads\/2018\/05\/high-quality-carpet-washing-machine.jpg","contentUrl":"http:\/\/thecarpetwashingmachine.com\/wp-content\/uploads\/2018\/05\/high-quality-carpet-washing-machine.jpg"},{"@type":"BreadcrumbList","@id":"https:\/\/www.thecarpetwashingmachine.com\/#breadcrumb","itemListElement":[{"@type":"ListItem","position":1,"name":"Home","item":"https:\/\/www.thecarpetwashingmachine.com\/"},{"@type":"ListItem","position":2,"name":"Questions About Carpet Washing Machine"}]},{"@type":"WebSite","@id":"https:\/\/www.thecarpetwashingmachine.com\/#website","url":"https:\/\/www.thecarpetwashingmachine.com\/","name":"M\u00e1quina de lavar carpetes","description":"A m\u00e1quina de lavar carpetes est\u00e1 no mundo todo!","potentialAction":[{"@type":"SearchAction","target":{"@type":"EntryPoint","urlTemplate":"https:\/\/www.thecarpetwashingmachine.com\/?s={search_term_string}"},"query-input":{"@type":"PropertyValueSpecification","valueRequired":true,"valueName":"search_term_string"}}],"inLanguage":"pt-PT"}]}},"_links":{"self":[{"href":"https:\/\/www.thecarpetwashingmachine.com\/pt\/wp-json\/wp\/v2\/pages\/25","targetHints":{"allow":["GET"]}}],"collection":[{"href":"https:\/\/www.thecarpetwashingmachine.com\/pt\/wp-json\/wp\/v2\/pages"}],"about":[{"href":"https:\/\/www.thecarpetwashingmachine.com\/pt\/wp-json\/wp\/v2\/types\/page"}],"author":[{"embeddable":true,"href":"https:\/\/www.thecarpetwashingmachine.com\/pt\/wp-json\/wp\/v2\/users\/1"}],"replies":[{"embeddable":true,"href":"https:\/\/www.thecarpetwashingmachine.com\/pt\/wp-json\/wp\/v2\/comments?post=25"}],"version-history":[{"count":60,"href":"https:\/\/www.thecarpetwashingmachine.com\/pt\/wp-json\/wp\/v2\/pages\/25\/revisions"}],"predecessor-version":[{"id":961,"href":"https:\/\/www.thecarpetwashingmachine.com\/pt\/wp-json\/wp\/v2\/pages\/25\/revisions\/961"}],"wp:attachment":[{"href":"https:\/\/www.thecarpetwashingmachine.com\/pt\/wp-json\/wp\/v2\/media?parent=25"}],"curies":[{"name":"wp","href":"https:\/\/api.w.org\/{rel}","templated":true}]}}