{"id":2259,"date":"2025-07-14T06:59:56","date_gmt":"2025-07-14T06:59:56","guid":{"rendered":"https:\/\/www.thecarpetwashingmachine.com\/?page_id=2259"},"modified":"2025-07-28T14:10:43","modified_gmt":"2025-07-28T14:10:43","slug":"htm-2200","status":"publish","type":"page","link":"https:\/\/www.thecarpetwashingmachine.com\/pt\/htm-2200\/","title":{"rendered":"M\u00e1quina de espanar tapetes &#8211; HTM 2200"},"content":{"rendered":"\n<figure class=\"wp-block-image aligncenter size-full\"><img loading=\"lazy\" decoding=\"async\" width=\"750\" height=\"500\" src=\"https:\/\/www.thecarpetwashingmachine.com\/wp-content\/uploads\/2025\/02\/hali-toz-alma-makinasi-urun.jpg\" alt=\"M\u00e1quina de tirar p\u00f3 de carpetes\n\" class=\"wp-image-395\" srcset=\"https:\/\/www.thecarpetwashingmachine.com\/wp-content\/uploads\/2025\/02\/hali-toz-alma-makinasi-urun.jpg 750w, https:\/\/www.thecarpetwashingmachine.com\/wp-content\/uploads\/2025\/02\/hali-toz-alma-makinasi-urun-300x200.jpg 300w\" sizes=\"auto, (max-width: 750px) 100vw, 750px\" \/><\/figure>\n\n\n\n<p><\/p>\n\n\n\n<p>A M\u00e1quina Desempoeiradora de Tapetes HTM 2200 oferece uma remo\u00e7\u00e3o completa de poeira e sujeira para os seus tapetes. Este modelo se destaca pela sua capacidade de manusear larguras de tapete de at\u00e9 2200 mm, tornando-o ideal para uma variedade de tamanhos de tapetes.<\/p>\n\n\n\n<p>No cora\u00e7\u00e3o da m\u00e1quina, h\u00e1 um potente sistema de batimento de 3+3=6 cilindros, projetado para desalojar eficazmente a poeira e a sujeira incrustadas nos tapetes. A funcionalidade de o tapete retornar \u00e0 sua posi\u00e7\u00e3o original ap\u00f3s o processamento otimiza o seu fluxo de trabalho, permitindo a opera\u00e7\u00e3o por uma \u00fanica pessoa. Al\u00e9m disso, um sistema de v\u00e1cuo est\u00e1 dispon\u00edvel como op\u00e7\u00e3o para uma limpeza mais abrangente.<\/p>\n","protected":false},"excerpt":{"rendered":"<p>A M\u00e1quina Desempoeiradora de Tapetes HTM 2200 oferece uma remo\u00e7\u00e3o completa de poeira e sujeira para os seus tapetes. Este modelo se destaca pela sua&hellip;<\/p>\n","protected":false},"author":1,"featured_media":0,"parent":0,"menu_order":0,"comment_status":"closed","ping_status":"closed","template":"","meta":{"footnotes":""},"class_list":["post-2259","page","type-page","status-publish","hentry"],"translation":{"provider":"WPGlobus","version":"3.0.0","language":"pt","enabled_languages":["en","tr","fr","ar","es","de","pt","ru"],"languages":{"en":{"title":true,"content":true,"excerpt":false},"tr":{"title":true,"content":true,"excerpt":false},"fr":{"title":true,"content":true,"excerpt":false},"ar":{"title":true,"content":true,"excerpt":false},"es":{"title":true,"content":true,"excerpt":false},"de":{"title":true,"content":true,"excerpt":false},"pt":{"title":true,"content":true,"excerpt":false},"ru":{"title":true,"content":true,"excerpt":false}}},"yoast_head":"<!-- This site is optimized with the Yoast SEO plugin v24.7 - https:\/\/yoast.com\/wordpress\/plugins\/seo\/ -->\n<title>M\u00e1quina de espanar tapetes - HTM 2200 - M\u00e1quina de tirar p\u00f3 de carpetes<\/title>\n<meta name=\"description\" content=\"HTM 2200: M\u00e1quina para desempoeirar tapetes. 2200mm largura, sistema de batimento 6 cilindros e v\u00e1cuo opcional para limpeza profunda.\" \/>\n<meta name=\"robots\" content=\"index, follow, max-snippet:-1, max-image-preview:large, max-video-preview:-1\" \/>\n<link rel=\"canonical\" href=\"https:\/\/www.thecarpetwashingmachine.com\/htm-2200\/\" \/>\n<meta property=\"og:locale\" content=\"pt_PT\" \/>\n<meta property=\"og:type\" content=\"article\" \/>\n<meta property=\"og:title\" content=\"M\u00e1quina de espanar tapetes - HTM 2200 - M\u00e1quina de tirar p\u00f3 de carpetes\" \/>\n<meta property=\"og:description\" content=\"HTM 2200: M\u00e1quina para desempoeirar tapetes. 2200mm largura, sistema de batimento 6 cilindros e v\u00e1cuo opcional para limpeza profunda.\" \/>\n<meta property=\"og:url\" content=\"https:\/\/www.thecarpetwashingmachine.com\/htm-2200\/\" \/>\n<meta property=\"og:site_name\" content=\"M\u00e1quina de lavar carpetes\" \/>\n<meta property=\"article:publisher\" content=\"http:\/\/www.facebook.com\/carpetwashingmachine\" \/>\n<meta property=\"article:modified_time\" content=\"2025-07-28T14:10:43+00:00\" \/>\n<meta property=\"og:image\" content=\"https:\/\/www.thecarpetwashingmachine.com\/wp-content\/uploads\/2025\/02\/hali-toz-alma-makinasi-urun.jpg\" \/>\n\t<meta property=\"og:image:width\" content=\"750\" \/>\n\t<meta property=\"og:image:height\" content=\"500\" \/>\n\t<meta property=\"og:image:type\" content=\"image\/jpeg\" \/>\n<meta name=\"twitter:card\" content=\"summary_large_image\" \/>\n<meta name=\"twitter:label1\" content=\"Tempo estimado de leitura\" \/>\n\t<meta name=\"twitter:data1\" content=\"1 minuto\" \/>\n<script type=\"application\/ld+json\" class=\"yoast-schema-graph\">{\"@context\":\"https:\/\/schema.org\",\"@graph\":[{\"@type\":\"WebPage\",\"@id\":\"https:\/\/www.thecarpetwashingmachine.com\/htm-2200\/\",\"url\":\"https:\/\/www.thecarpetwashingmachine.com\/htm-2200\/\",\"name\":\"M\u00e1quina de espanar tapetes - HTM 2200 - Carpet Dusting Machine\",\"isPartOf\":{\"@id\":\"https:\/\/www.thecarpetwashingmachine.com\/#website\"},\"primaryImageOfPage\":{\"@id\":\"https:\/\/www.thecarpetwashingmachine.com\/htm-2200\/#primaryimage\"},\"image\":{\"@id\":\"https:\/\/www.thecarpetwashingmachine.com\/htm-2200\/#primaryimage\"},\"thumbnailUrl\":\"https:\/\/www.thecarpetwashingmachine.com\/wp-content\/uploads\/2025\/02\/hali-toz-alma-makinasi-urun.jpg\",\"datePublished\":\"2025-07-14T06:59:56+00:00\",\"dateModified\":\"2025-07-28T14:10:43+00:00\",\"description\":\"HTM 2200: Efficient carpet dusting machine. 2200mm width, 6-cylinder beating system, and optional vacuum for deep cleaning.\",\"breadcrumb\":{\"@id\":\"https:\/\/www.thecarpetwashingmachine.com\/htm-2200\/#breadcrumb\"},\"inLanguage\":\"pt-PT\",\"potentialAction\":[{\"@type\":\"ReadAction\",\"target\":[\"https:\/\/www.thecarpetwashingmachine.com\/htm-2200\/\"]}]},{\"@type\":\"ImageObject\",\"inLanguage\":\"pt-PT\",\"@id\":\"https:\/\/www.thecarpetwashingmachine.com\/htm-2200\/#primaryimage\",\"url\":\"https:\/\/www.thecarpetwashingmachine.com\/wp-content\/uploads\/2025\/02\/hali-toz-alma-makinasi-urun.jpg\",\"contentUrl\":\"https:\/\/www.thecarpetwashingmachine.com\/wp-content\/uploads\/2025\/02\/hali-toz-alma-makinasi-urun.jpg\"},{\"@type\":\"BreadcrumbList\",\"@id\":\"https:\/\/www.thecarpetwashingmachine.com\/htm-2200\/#breadcrumb\",\"itemListElement\":[{\"@type\":\"ListItem\",\"position\":1,\"name\":\"Home\",\"item\":\"https:\/\/www.thecarpetwashingmachine.com\/\"},{\"@type\":\"ListItem\",\"position\":2,\"name\":\"Carpet Dusting Machine &#8211; HTM 2200\"}]},{\"@type\":\"WebSite\",\"@id\":\"https:\/\/www.thecarpetwashingmachine.com\/#website\",\"url\":\"https:\/\/www.thecarpetwashingmachine.com\/\",\"name\":\"M\u00e1quina de lavar carpetes\",\"description\":\"A m\u00e1quina de lavar carpetes est\u00e1 no mundo todo!\",\"potentialAction\":[{\"@type\":\"SearchAction\",\"target\":{\"@type\":\"EntryPoint\",\"urlTemplate\":\"https:\/\/www.thecarpetwashingmachine.com\/?s={search_term_string}\"},\"query-input\":{\"@type\":\"PropertyValueSpecification\",\"valueRequired\":true,\"valueName\":\"search_term_string\"}}],\"inLanguage\":\"pt-PT\"}]}<\/script>\n<!-- \/ Yoast SEO plugin. -->","yoast_head_json":{"title":"M\u00e1quina de espanar tapetes - HTM 2200 - M\u00e1quina de tirar p\u00f3 de carpetes","description":"HTM 2200: M\u00e1quina para desempoeirar tapetes. 2200mm largura, sistema de batimento 6 cilindros e v\u00e1cuo opcional para limpeza profunda.","robots":{"index":"index","follow":"follow","max-snippet":"max-snippet:-1","max-image-preview":"max-image-preview:large","max-video-preview":"max-video-preview:-1"},"canonical":"https:\/\/www.thecarpetwashingmachine.com\/htm-2200\/","og_locale":"pt_PT","og_type":"article","og_title":"M\u00e1quina de espanar tapetes - HTM 2200 - M\u00e1quina de tirar p\u00f3 de carpetes","og_description":"HTM 2200: M\u00e1quina para desempoeirar tapetes. 2200mm largura, sistema de batimento 6 cilindros e v\u00e1cuo opcional para limpeza profunda.","og_url":"https:\/\/www.thecarpetwashingmachine.com\/htm-2200\/","og_site_name":"M\u00e1quina de lavar carpetes","article_publisher":"http:\/\/www.facebook.com\/carpetwashingmachine","article_modified_time":"2025-07-28T14:10:43+00:00","og_image":[{"width":750,"height":500,"url":"https:\/\/www.thecarpetwashingmachine.com\/wp-content\/uploads\/2025\/02\/hali-toz-alma-makinasi-urun.jpg","type":"image\/jpeg"}],"twitter_card":"summary_large_image","twitter_misc":{"Tempo estimado de leitura":"1 minuto"},"schema":{"@context":"https:\/\/schema.org","@graph":[{"@type":"WebPage","@id":"https:\/\/www.thecarpetwashingmachine.com\/htm-2200\/","url":"https:\/\/www.thecarpetwashingmachine.com\/htm-2200\/","name":"M\u00e1quina de espanar tapetes - HTM 2200 - Carpet Dusting Machine","isPartOf":{"@id":"https:\/\/www.thecarpetwashingmachine.com\/#website"},"primaryImageOfPage":{"@id":"https:\/\/www.thecarpetwashingmachine.com\/htm-2200\/#primaryimage"},"image":{"@id":"https:\/\/www.thecarpetwashingmachine.com\/htm-2200\/#primaryimage"},"thumbnailUrl":"https:\/\/www.thecarpetwashingmachine.com\/wp-content\/uploads\/2025\/02\/hali-toz-alma-makinasi-urun.jpg","datePublished":"2025-07-14T06:59:56+00:00","dateModified":"2025-07-28T14:10:43+00:00","description":"HTM 2200: Efficient carpet dusting machine. 2200mm width, 6-cylinder beating system, and optional vacuum for deep cleaning.","breadcrumb":{"@id":"https:\/\/www.thecarpetwashingmachine.com\/htm-2200\/#breadcrumb"},"inLanguage":"pt-PT","potentialAction":[{"@type":"ReadAction","target":["https:\/\/www.thecarpetwashingmachine.com\/htm-2200\/"]}]},{"@type":"ImageObject","inLanguage":"pt-PT","@id":"https:\/\/www.thecarpetwashingmachine.com\/htm-2200\/#primaryimage","url":"https:\/\/www.thecarpetwashingmachine.com\/wp-content\/uploads\/2025\/02\/hali-toz-alma-makinasi-urun.jpg","contentUrl":"https:\/\/www.thecarpetwashingmachine.com\/wp-content\/uploads\/2025\/02\/hali-toz-alma-makinasi-urun.jpg"},{"@type":"BreadcrumbList","@id":"https:\/\/www.thecarpetwashingmachine.com\/htm-2200\/#breadcrumb","itemListElement":[{"@type":"ListItem","position":1,"name":"Home","item":"https:\/\/www.thecarpetwashingmachine.com\/"},{"@type":"ListItem","position":2,"name":"Carpet Dusting Machine &#8211; HTM 2200"}]},{"@type":"WebSite","@id":"https:\/\/www.thecarpetwashingmachine.com\/#website","url":"https:\/\/www.thecarpetwashingmachine.com\/","name":"M\u00e1quina de lavar carpetes","description":"A m\u00e1quina de lavar carpetes est\u00e1 no mundo todo!","potentialAction":[{"@type":"SearchAction","target":{"@type":"EntryPoint","urlTemplate":"https:\/\/www.thecarpetwashingmachine.com\/?s={search_term_string}"},"query-input":{"@type":"PropertyValueSpecification","valueRequired":true,"valueName":"search_term_string"}}],"inLanguage":"pt-PT"}]}},"_links":{"self":[{"href":"https:\/\/www.thecarpetwashingmachine.com\/pt\/wp-json\/wp\/v2\/pages\/2259","targetHints":{"allow":["GET"]}}],"collection":[{"href":"https:\/\/www.thecarpetwashingmachine.com\/pt\/wp-json\/wp\/v2\/pages"}],"about":[{"href":"https:\/\/www.thecarpetwashingmachine.com\/pt\/wp-json\/wp\/v2\/types\/page"}],"author":[{"embeddable":true,"href":"https:\/\/www.thecarpetwashingmachine.com\/pt\/wp-json\/wp\/v2\/users\/1"}],"replies":[{"embeddable":true,"href":"https:\/\/www.thecarpetwashingmachine.com\/pt\/wp-json\/wp\/v2\/comments?post=2259"}],"version-history":[{"count":25,"href":"https:\/\/www.thecarpetwashingmachine.com\/pt\/wp-json\/wp\/v2\/pages\/2259\/revisions"}],"predecessor-version":[{"id":2514,"href":"https:\/\/www.thecarpetwashingmachine.com\/pt\/wp-json\/wp\/v2\/pages\/2259\/revisions\/2514"}],"wp:attachment":[{"href":"https:\/\/www.thecarpetwashingmachine.com\/pt\/wp-json\/wp\/v2\/media?parent=2259"}],"curies":[{"name":"wp","href":"https:\/\/api.w.org\/{rel}","templated":true}]}}