{"id":2185,"date":"2025-07-11T10:44:08","date_gmt":"2025-07-11T10:44:08","guid":{"rendered":"https:\/\/www.thecarpetwashingmachine.com\/?page_id=2185"},"modified":"2025-07-29T06:13:59","modified_gmt":"2025-07-29T06:13:59","slug":"hsm-5200","status":"publish","type":"page","link":"https:\/\/www.thecarpetwashingmachine.com\/pt\/hsm-5200\/","title":{"rendered":"M\u00e1quina de torcer tapetes &#8211; HSM 5200"},"content":{"rendered":"<div class=\"wp-block-image\">\n<figure class=\"aligncenter size-full\"><img loading=\"lazy\" decoding=\"async\" width=\"750\" height=\"500\" src=\"https:\/\/www.thecarpetwashingmachine.com\/wp-content\/uploads\/2025\/07\/Untitled-design-11.png\" alt=\"HSM 5200 Centrifugadora de Tapetes\" class=\"wp-image-1636\" srcset=\"https:\/\/www.thecarpetwashingmachine.com\/wp-content\/uploads\/2025\/07\/Untitled-design-11.png 750w, https:\/\/www.thecarpetwashingmachine.com\/wp-content\/uploads\/2025\/07\/Untitled-design-11-300x200.png 300w\" sizes=\"auto, (max-width: 750px) 100vw, 750px\" \/><\/figure><\/div>\n\n\n<p><\/p>\n\n\n\n<p>Apresentamos a M\u00e1quina Centr\u00edfuga de Tapetes HSM 5200, projetada para um desempenho de secagem de tapetes excepcional. Esta m\u00e1quina potente \u00e9 constru\u00edda para acomodar tapetes de tamanhos substanciais, apresentando uma not\u00e1vel profundidade interna de tambor de 5200 mm e um generoso di\u00e2metro interno de tambor de 450 mm. A durabilidade \u00e9 primordial, com seus tambores interno e externo fabricados inteiramente em a\u00e7o inoxid\u00e1vel INOX 304 robusto, garantindo uma longa vida \u00fatil.<\/p>\n\n\n\n<p>Um potente motor de 7,5 kW aciona esta centr\u00edfuga, assegurando uma extra\u00e7\u00e3o de \u00e1gua altamente eficiente para tempos de secagem mais r\u00e1pidos. Para a conveni\u00eancia do usu\u00e1rio, o sistema de porta pneum\u00e1tica permite um carregamento e descarregamento suaves e sem esfor\u00e7o. Al\u00e9m disso, adapte suas opera\u00e7\u00f5es com as op\u00e7\u00f5es dispon\u00edveis, incluindo um sistema de travagem, uma fun\u00e7\u00e3o de rota\u00e7\u00e3o inversa e uma porta de \u00e1gua, tornando a HSM 5200 altamente adapt\u00e1vel a diversas necessidades profissionais.<\/p>\n","protected":false},"excerpt":{"rendered":"<p>Apresentamos a M\u00e1quina Centr\u00edfuga de Tapetes HSM 5200, projetada para um desempenho de secagem de tapetes excepcional. Esta m\u00e1quina potente \u00e9 constru\u00edda para acomodar tapetes&hellip;<\/p>\n","protected":false},"author":1,"featured_media":0,"parent":0,"menu_order":0,"comment_status":"closed","ping_status":"closed","template":"","meta":{"footnotes":""},"class_list":["post-2185","page","type-page","status-publish","hentry"],"translation":{"provider":"WPGlobus","version":"3.0.0","language":"pt","enabled_languages":["en","tr","fr","ar","es","de","pt","ru"],"languages":{"en":{"title":true,"content":true,"excerpt":false},"tr":{"title":true,"content":true,"excerpt":false},"fr":{"title":true,"content":true,"excerpt":false},"ar":{"title":true,"content":true,"excerpt":false},"es":{"title":true,"content":true,"excerpt":false},"de":{"title":true,"content":true,"excerpt":false},"pt":{"title":true,"content":true,"excerpt":false},"ru":{"title":true,"content":true,"excerpt":false}}},"yoast_head":"<!-- This site is optimized with the Yoast SEO plugin v24.7 - https:\/\/yoast.com\/wordpress\/plugins\/seo\/ -->\n<title>HSM 5200 - Centrifugadora de Tapetes<\/title>\n<meta name=\"description\" content=\"HSM 5200: L\u00edder na secagem de tapetes. Tambor INOX amplo e motor potente de 7,5 kW para resultados r\u00e1pidos e profissionais.\" \/>\n<meta name=\"robots\" content=\"index, follow, max-snippet:-1, max-image-preview:large, max-video-preview:-1\" \/>\n<link rel=\"canonical\" href=\"https:\/\/www.thecarpetwashingmachine.com\/hsm-5200\/\" \/>\n<meta property=\"og:locale\" content=\"pt_PT\" \/>\n<meta property=\"og:type\" content=\"article\" \/>\n<meta property=\"og:title\" content=\"HSM 5200 - Centrifugadora de Tapetes\" \/>\n<meta property=\"og:description\" content=\"HSM 5200: L\u00edder na secagem de tapetes. Tambor INOX amplo e motor potente de 7,5 kW para resultados r\u00e1pidos e profissionais.\" \/>\n<meta property=\"og:url\" content=\"https:\/\/www.thecarpetwashingmachine.com\/hsm-5200\/\" \/>\n<meta property=\"og:site_name\" content=\"M\u00e1quina de lavar carpetes\" \/>\n<meta property=\"article:publisher\" content=\"http:\/\/www.facebook.com\/carpetwashingmachine\" \/>\n<meta property=\"article:modified_time\" content=\"2025-07-29T06:13:59+00:00\" \/>\n<meta property=\"og:image\" content=\"https:\/\/www.thecarpetwashingmachine.com\/wp-content\/uploads\/2025\/07\/Untitled-design-11.png\" \/>\n\t<meta property=\"og:image:width\" content=\"750\" \/>\n\t<meta property=\"og:image:height\" content=\"500\" \/>\n\t<meta property=\"og:image:type\" content=\"image\/png\" \/>\n<meta name=\"twitter:card\" content=\"summary_large_image\" \/>\n<meta name=\"twitter:label1\" content=\"Tempo estimado de leitura\" \/>\n\t<meta name=\"twitter:data1\" content=\"1 minuto\" \/>\n<script type=\"application\/ld+json\" class=\"yoast-schema-graph\">{\"@context\":\"https:\/\/schema.org\",\"@graph\":[{\"@type\":\"WebPage\",\"@id\":\"https:\/\/www.thecarpetwashingmachine.com\/hsm-5200\/\",\"url\":\"https:\/\/www.thecarpetwashingmachine.com\/hsm-5200\/\",\"name\":\"M\u00e1quina de torcer tapetes - HSM 5200 - \u041a\u043e\u0432\u0440\u043e\u0432\u044b\u0439 \u043e\u0442\u0436\u0438\u043c\",\"isPartOf\":{\"@id\":\"https:\/\/www.thecarpetwashingmachine.com\/#website\"},\"primaryImageOfPage\":{\"@id\":\"https:\/\/www.thecarpetwashingmachine.com\/hsm-5200\/#primaryimage\"},\"image\":{\"@id\":\"https:\/\/www.thecarpetwashingmachine.com\/hsm-5200\/#primaryimage\"},\"thumbnailUrl\":\"https:\/\/www.thecarpetwashingmachine.com\/wp-content\/uploads\/2025\/07\/Untitled-design-11.png\",\"datePublished\":\"2025-07-11T10:44:08+00:00\",\"dateModified\":\"2025-07-29T06:13:59+00:00\",\"description\":\"HSM 5200: \u041d\u043e\u0432\u044b\u0439 \u0441\u0442\u0430\u043d\u0434\u0430\u0440\u0442 \u0441\u0443\u0448\u043a\u0438 \u043a\u043e\u0432\u0440\u043e\u0432. \u041f\u0440\u043e\u0447\u043d\u044b\u0439 \u0431\u0430\u0440\u0430\u0431\u0430\u043d INOX \u0438 \u043c\u043e\u0449\u043d\u044b\u0439 \u0434\u0432\u0438\u0433\u0430\u0442\u0435\u043b\u044c 7,5 \u043a\u0412\u0442 \u0434\u043b\u044f \u0431\u044b\u0441\u0442\u0440\u044b\u0445, \u043f\u0440\u043e\u0444\u0435\u0441\u0441\u0438\u043e\u043d\u0430\u043b\u044c\u043d\u044b\u0445 \u0440\u0435\u0437\u0443\u043b\u044c\u0442\u0430\u0442\u043e\u0432.\",\"breadcrumb\":{\"@id\":\"https:\/\/www.thecarpetwashingmachine.com\/hsm-5200\/#breadcrumb\"},\"inLanguage\":\"pt-PT\",\"potentialAction\":[{\"@type\":\"ReadAction\",\"target\":[\"https:\/\/www.thecarpetwashingmachine.com\/hsm-5200\/\"]}]},{\"@type\":\"ImageObject\",\"inLanguage\":\"pt-PT\",\"@id\":\"https:\/\/www.thecarpetwashingmachine.com\/hsm-5200\/#primaryimage\",\"url\":\"https:\/\/www.thecarpetwashingmachine.com\/wp-content\/uploads\/2025\/07\/Untitled-design-11.png\",\"contentUrl\":\"https:\/\/www.thecarpetwashingmachine.com\/wp-content\/uploads\/2025\/07\/Untitled-design-11.png\"},{\"@type\":\"BreadcrumbList\",\"@id\":\"https:\/\/www.thecarpetwashingmachine.com\/hsm-5200\/#breadcrumb\",\"itemListElement\":[{\"@type\":\"ListItem\",\"position\":1,\"name\":\"Home\",\"item\":\"https:\/\/www.thecarpetwashingmachine.com\/\"},{\"@type\":\"ListItem\",\"position\":2,\"name\":\"Carpet Wringing Machine &#8211; HSM 5200\"}]},{\"@type\":\"WebSite\",\"@id\":\"https:\/\/www.thecarpetwashingmachine.com\/#website\",\"url\":\"https:\/\/www.thecarpetwashingmachine.com\/\",\"name\":\"M\u00e1quina de lavar carpetes\",\"description\":\"A m\u00e1quina de lavar carpetes est\u00e1 no mundo todo!\",\"potentialAction\":[{\"@type\":\"SearchAction\",\"target\":{\"@type\":\"EntryPoint\",\"urlTemplate\":\"https:\/\/www.thecarpetwashingmachine.com\/?s={search_term_string}\"},\"query-input\":{\"@type\":\"PropertyValueSpecification\",\"valueRequired\":true,\"valueName\":\"search_term_string\"}}],\"inLanguage\":\"pt-PT\"}]}<\/script>\n<!-- \/ Yoast SEO plugin. -->","yoast_head_json":{"title":"HSM 5200 - Centrifugadora de Tapetes","description":"HSM 5200: L\u00edder na secagem de tapetes. Tambor INOX amplo e motor potente de 7,5 kW para resultados r\u00e1pidos e profissionais.","robots":{"index":"index","follow":"follow","max-snippet":"max-snippet:-1","max-image-preview":"max-image-preview:large","max-video-preview":"max-video-preview:-1"},"canonical":"https:\/\/www.thecarpetwashingmachine.com\/hsm-5200\/","og_locale":"pt_PT","og_type":"article","og_title":"HSM 5200 - Centrifugadora de Tapetes","og_description":"HSM 5200: L\u00edder na secagem de tapetes. Tambor INOX amplo e motor potente de 7,5 kW para resultados r\u00e1pidos e profissionais.","og_url":"https:\/\/www.thecarpetwashingmachine.com\/hsm-5200\/","og_site_name":"M\u00e1quina de lavar carpetes","article_publisher":"http:\/\/www.facebook.com\/carpetwashingmachine","article_modified_time":"2025-07-29T06:13:59+00:00","og_image":[{"width":750,"height":500,"url":"https:\/\/www.thecarpetwashingmachine.com\/wp-content\/uploads\/2025\/07\/Untitled-design-11.png","type":"image\/png"}],"twitter_card":"summary_large_image","twitter_misc":{"Tempo estimado de leitura":"1 minuto"},"schema":{"@context":"https:\/\/schema.org","@graph":[{"@type":"WebPage","@id":"https:\/\/www.thecarpetwashingmachine.com\/hsm-5200\/","url":"https:\/\/www.thecarpetwashingmachine.com\/hsm-5200\/","name":"M\u00e1quina de torcer tapetes - HSM 5200 - \u041a\u043e\u0432\u0440\u043e\u0432\u044b\u0439 \u043e\u0442\u0436\u0438\u043c","isPartOf":{"@id":"https:\/\/www.thecarpetwashingmachine.com\/#website"},"primaryImageOfPage":{"@id":"https:\/\/www.thecarpetwashingmachine.com\/hsm-5200\/#primaryimage"},"image":{"@id":"https:\/\/www.thecarpetwashingmachine.com\/hsm-5200\/#primaryimage"},"thumbnailUrl":"https:\/\/www.thecarpetwashingmachine.com\/wp-content\/uploads\/2025\/07\/Untitled-design-11.png","datePublished":"2025-07-11T10:44:08+00:00","dateModified":"2025-07-29T06:13:59+00:00","description":"HSM 5200: \u041d\u043e\u0432\u044b\u0439 \u0441\u0442\u0430\u043d\u0434\u0430\u0440\u0442 \u0441\u0443\u0448\u043a\u0438 \u043a\u043e\u0432\u0440\u043e\u0432. \u041f\u0440\u043e\u0447\u043d\u044b\u0439 \u0431\u0430\u0440\u0430\u0431\u0430\u043d INOX \u0438 \u043c\u043e\u0449\u043d\u044b\u0439 \u0434\u0432\u0438\u0433\u0430\u0442\u0435\u043b\u044c 7,5 \u043a\u0412\u0442 \u0434\u043b\u044f \u0431\u044b\u0441\u0442\u0440\u044b\u0445, \u043f\u0440\u043e\u0444\u0435\u0441\u0441\u0438\u043e\u043d\u0430\u043b\u044c\u043d\u044b\u0445 \u0440\u0435\u0437\u0443\u043b\u044c\u0442\u0430\u0442\u043e\u0432.","breadcrumb":{"@id":"https:\/\/www.thecarpetwashingmachine.com\/hsm-5200\/#breadcrumb"},"inLanguage":"pt-PT","potentialAction":[{"@type":"ReadAction","target":["https:\/\/www.thecarpetwashingmachine.com\/hsm-5200\/"]}]},{"@type":"ImageObject","inLanguage":"pt-PT","@id":"https:\/\/www.thecarpetwashingmachine.com\/hsm-5200\/#primaryimage","url":"https:\/\/www.thecarpetwashingmachine.com\/wp-content\/uploads\/2025\/07\/Untitled-design-11.png","contentUrl":"https:\/\/www.thecarpetwashingmachine.com\/wp-content\/uploads\/2025\/07\/Untitled-design-11.png"},{"@type":"BreadcrumbList","@id":"https:\/\/www.thecarpetwashingmachine.com\/hsm-5200\/#breadcrumb","itemListElement":[{"@type":"ListItem","position":1,"name":"Home","item":"https:\/\/www.thecarpetwashingmachine.com\/"},{"@type":"ListItem","position":2,"name":"Carpet Wringing Machine &#8211; HSM 5200"}]},{"@type":"WebSite","@id":"https:\/\/www.thecarpetwashingmachine.com\/#website","url":"https:\/\/www.thecarpetwashingmachine.com\/","name":"M\u00e1quina de lavar carpetes","description":"A m\u00e1quina de lavar carpetes est\u00e1 no mundo todo!","potentialAction":[{"@type":"SearchAction","target":{"@type":"EntryPoint","urlTemplate":"https:\/\/www.thecarpetwashingmachine.com\/?s={search_term_string}"},"query-input":{"@type":"PropertyValueSpecification","valueRequired":true,"valueName":"search_term_string"}}],"inLanguage":"pt-PT"}]}},"_links":{"self":[{"href":"https:\/\/www.thecarpetwashingmachine.com\/pt\/wp-json\/wp\/v2\/pages\/2185","targetHints":{"allow":["GET"]}}],"collection":[{"href":"https:\/\/www.thecarpetwashingmachine.com\/pt\/wp-json\/wp\/v2\/pages"}],"about":[{"href":"https:\/\/www.thecarpetwashingmachine.com\/pt\/wp-json\/wp\/v2\/types\/page"}],"author":[{"embeddable":true,"href":"https:\/\/www.thecarpetwashingmachine.com\/pt\/wp-json\/wp\/v2\/users\/1"}],"replies":[{"embeddable":true,"href":"https:\/\/www.thecarpetwashingmachine.com\/pt\/wp-json\/wp\/v2\/comments?post=2185"}],"version-history":[{"count":44,"href":"https:\/\/www.thecarpetwashingmachine.com\/pt\/wp-json\/wp\/v2\/pages\/2185\/revisions"}],"predecessor-version":[{"id":2537,"href":"https:\/\/www.thecarpetwashingmachine.com\/pt\/wp-json\/wp\/v2\/pages\/2185\/revisions\/2537"}],"wp:attachment":[{"href":"https:\/\/www.thecarpetwashingmachine.com\/pt\/wp-json\/wp\/v2\/media?parent=2185"}],"curies":[{"name":"wp","href":"https:\/\/api.w.org\/{rel}","templated":true}]}}