{"id":191,"date":"2022-11-02T06:32:43","date_gmt":"2022-11-02T06:32:43","guid":{"rendered":"https:\/\/www.thecarpetwashingmachine.com\/?page_id=191"},"modified":"2025-07-07T10:34:22","modified_gmt":"2025-07-07T10:34:22","slug":"how-to-contact-a-carpet-washing-machines-supplier","status":"publish","type":"page","link":"https:\/\/www.thecarpetwashingmachine.com\/pt\/how-to-contact-a-carpet-washing-machines-supplier\/","title":{"rendered":"Como posso entrar em contato com um fornecedor de m\u00e1quinas de lavar carpetes"},"content":{"rendered":"<div class=\"wp-block-image\">\n<figure class=\"aligncenter size-full\"><img loading=\"lazy\" decoding=\"async\" width=\"826\" height=\"390\" src=\"https:\/\/www.thecarpetwashingmachine.com\/wp-content\/uploads\/2025\/01\/hali-yikama-makinasi-kullanimi-1.jpg\" alt=\"\" class=\"wp-image-384\" srcset=\"https:\/\/www.thecarpetwashingmachine.com\/wp-content\/uploads\/2025\/01\/hali-yikama-makinasi-kullanimi-1.jpg 826w, https:\/\/www.thecarpetwashingmachine.com\/wp-content\/uploads\/2025\/01\/hali-yikama-makinasi-kullanimi-1-300x142.jpg 300w, https:\/\/www.thecarpetwashingmachine.com\/wp-content\/uploads\/2025\/01\/hali-yikama-makinasi-kullanimi-1-768x363.jpg 768w\" sizes=\"auto, (max-width: 826px) 100vw, 826px\" \/><\/figure><\/div>\n\n\n<p><\/p>\n\n\n\n<h2 class=\"wp-block-heading\">Voc\u00ea \u00e9 novo aqui?<\/h2>\n\n\n\n<p>Se voc\u00ea \u00e9 novo no neg\u00f3cio de lavagem de carpetes \u2014 se n\u00e3o est\u00e1 familiarizado com as m\u00e1quinas ou est\u00e1 apenas pensando em iniciar um novo neg\u00f3cio de lavagem de carpetes \u2014 a primeira coisa que voc\u00ea provavelmente deseja saber \u00e9 o pre\u00e7o das m\u00e1quinas. Embora o pre\u00e7o seja importante, a forma como voc\u00ea se comunica com o fornecedor tamb\u00e9m \u00e9 crucial.<\/p>\n\n\n\n<h2 class=\"wp-block-heading\">Quanto custa uma m\u00e1quina de lavar tapetes?<\/h2>\n\n\n\n<p>Perguntar &#8220;Quanto custa uma m\u00e1quina de lavar carpetes?&#8221; n\u00e3o \u00e9 a melhor maneira de transmitir seu interesse ao fornecedor. O fornecedor pensar\u00e1 imediatamente que voc\u00ea n\u00e3o sabe nada sobre essas m\u00e1quinas e, se for um fornecedor mal-intencionado, oferecer\u00e1 a voc\u00ea a m\u00e1quina de lavar carpetes mais barata (e provavelmente menos \u00fatil) para obter seu dinheiro. Isso \u00e9 bastante comum em nosso setor.<\/p>\n\n\n\n<p>No entanto, um fornecedor que realmente deseja ajud\u00e1-lo precisa de mais do que a pergunta &#8220;Quanto custa uma m\u00e1quina de lavar carpetes?&#8221;.<\/p>\n\n\n\n<h2 class=\"wp-block-heading\">Perfil da empresa<\/h2>\n\n\n\n<p>Depois de se apresentar pelo nome, o melhor \u00e9 come\u00e7ar por apresentar a sua empresa: o perfil da sua empresa, quantos anos tem a sua empresa, onde est\u00e1 sediada, quais os seus servi\u00e7os e, claro, o seu projeto em detalhe (detalhes da loja onde as m\u00e1quinas ser\u00e3o instaladas, um desenho se poss\u00edvel, e o que voc\u00ea necessita para o seu neg\u00f3cio). Se for uma empresa intermedi\u00e1ria, dever\u00e1 informar o fornecedor previamente. \u00c9 melhor enviar seus e-mails de um endere\u00e7o de e-mail comercial (n\u00e3o GMail, Yahoo, Outlook, mas um e-mail que termine com o dom\u00ednio do seu site). Isso deixar\u00e1 uma boa impress\u00e3o no fornecedor.<\/p>\n\n\n\n<h2 class=\"wp-block-heading\">Um novo empreendedor<\/h2>\n\n\n\n<p>Se voc\u00ea \u00e9 novo neste neg\u00f3cio e n\u00e3o tem uma empresa, deve declarar claramente suas inten\u00e7\u00f5es. Algumas das perguntas explicadas acima tamb\u00e9m se aplicam aqui: onde voc\u00ea est\u00e1 localizado e onde inicia seu projeto, e informar se voc\u00ea tem um local adequado para o seu neg\u00f3cio (deve adicionar detalhes como \u00e1rea, rede el\u00e9trica). Se voc\u00ea n\u00e3o usar um endere\u00e7o de e-mail comercial, o fornecedor poder\u00e1 solicitar outras formas de comunica\u00e7\u00e3o com voc\u00ea (WhatsApp, Messenger, etc.). Isso n\u00e3o deve ser um problema para voc\u00ea, pois na maioria dos casos, os e-mails nem sempre chegam ao endere\u00e7o real e, portanto, n\u00e3o s\u00e3o lidos. O fornecedor quer saber que voc\u00ea recebeu este e-mail.<\/p>\n\n\n\n<h2 class=\"wp-block-heading\">Produtos<\/h2>\n\n\n\n<p>Um fornecedor pode ter um grande n\u00famero de produtos, desde uma lavadora de carpetes industrial totalmente autom\u00e1tica at\u00e9 hidroextratores. Nesse caso, voc\u00ea deve explicar em quais m\u00e1quinas est\u00e1 especificamente interessado. Isso lhe permitir\u00e1 obter uma oferta mais rapidamente. O fornecedor lhe enviar\u00e1 um cat\u00e1logo por e-mail ou por outros meios. Neste cat\u00e1logo, as m\u00e1quinas provavelmente s\u00e3o apresentadas em diferentes vers\u00f5es. Deve-se notar que os n\u00fameros dos modelos geralmente indicam o tamanho (por exemplo, se o n\u00famero do modelo de uma lavadora de carpetes \u00e9 3200, isso significa que ela \u00e9 adequada para carpetes de at\u00e9 3,2 metros de largura; o comprimento geralmente n\u00e3o importa para lavadoras de carpetes). Ao fazer o pedido, especifique cada m\u00e1quina que voc\u00ea precisa separadamente (por exemplo: 4200 lavadora de carpetes totalmente autom\u00e1tica com 4+4=8 escovas de disco e 1 escova cil\u00edndrica, 4200 espremedor de carpetes com 450 mm de di\u00e2metro e sistema de freio). Isso significa que voc\u00ea leu o cat\u00e1logo do fornecedor em detalhes e prestou aten\u00e7\u00e3o a cada detalhe.<\/p>\n","protected":false},"excerpt":{"rendered":"<p>Voc\u00ea \u00e9 novo aqui? Se voc\u00ea \u00e9 novo no neg\u00f3cio de lavagem de carpetes \u2014 se n\u00e3o est\u00e1 familiarizado com as m\u00e1quinas ou est\u00e1 apenas&hellip;<\/p>\n","protected":false},"author":1,"featured_media":0,"parent":0,"menu_order":0,"comment_status":"closed","ping_status":"closed","template":"","meta":{"footnotes":""},"class_list":["post-191","page","type-page","status-publish","hentry"],"translation":{"provider":"WPGlobus","version":"3.0.0","language":"pt","enabled_languages":["en","tr","fr","ar","es","de","pt","ru"],"languages":{"en":{"title":true,"content":true,"excerpt":false},"tr":{"title":true,"content":true,"excerpt":false},"fr":{"title":true,"content":true,"excerpt":false},"ar":{"title":true,"content":true,"excerpt":false},"es":{"title":true,"content":true,"excerpt":false},"de":{"title":true,"content":true,"excerpt":false},"pt":{"title":true,"content":true,"excerpt":false},"ru":{"title":true,"content":true,"excerpt":false}}},"yoast_head":"<!-- This site is optimized with the Yoast SEO plugin v24.7 - https:\/\/yoast.com\/wordpress\/plugins\/seo\/ -->\n<title>Como posso entrar em contato com um fornecedor de m\u00e1quinas de lavar carpetes - M\u00e1quina de lavar carpetes<\/title>\n<meta name=\"description\" content=\"Precisa contatar um fornecedor de m\u00e1quinas de lavar tapetes? Descubra dicas de especialistas para se conectar e obter or\u00e7amentos.\" \/>\n<meta name=\"robots\" content=\"index, follow, max-snippet:-1, max-image-preview:large, max-video-preview:-1\" \/>\n<link rel=\"canonical\" href=\"https:\/\/www.thecarpetwashingmachine.com\/how-to-contact-a-carpet-washing-machines-supplier\/\" \/>\n<meta property=\"og:locale\" content=\"pt_PT\" \/>\n<meta property=\"og:type\" content=\"article\" \/>\n<meta property=\"og:title\" content=\"Como posso entrar em contato com um fornecedor de m\u00e1quinas de lavar carpetes - M\u00e1quina de lavar carpetes\" \/>\n<meta property=\"og:description\" content=\"Precisa contatar um fornecedor de m\u00e1quinas de lavar tapetes? Descubra dicas de especialistas para se conectar e obter or\u00e7amentos.\" \/>\n<meta property=\"og:url\" content=\"https:\/\/www.thecarpetwashingmachine.com\/how-to-contact-a-carpet-washing-machines-supplier\/\" \/>\n<meta property=\"og:site_name\" content=\"M\u00e1quina de lavar carpetes\" \/>\n<meta property=\"article:publisher\" content=\"http:\/\/www.facebook.com\/carpetwashingmachine\" \/>\n<meta property=\"article:modified_time\" content=\"2025-07-07T10:34:22+00:00\" \/>\n<meta property=\"og:image\" content=\"https:\/\/www.thecarpetwashingmachine.com\/wp-content\/uploads\/2025\/01\/hali-yikama-makinasi-kullanimi-1.jpg\" \/>\n\t<meta property=\"og:image:width\" content=\"826\" \/>\n\t<meta property=\"og:image:height\" content=\"390\" \/>\n\t<meta property=\"og:image:type\" content=\"image\/jpeg\" \/>\n<meta name=\"twitter:card\" content=\"summary_large_image\" \/>\n<meta name=\"twitter:label1\" content=\"Tempo estimado de leitura\" \/>\n\t<meta name=\"twitter:data1\" content=\"3 minutos\" \/>\n<script type=\"application\/ld+json\" class=\"yoast-schema-graph\">{\"@context\":\"https:\/\/schema.org\",\"@graph\":[{\"@type\":\"WebPage\",\"@id\":\"https:\/\/www.thecarpetwashingmachine.com\/how-to-contact-a-carpet-washing-machines-supplier\/\",\"url\":\"https:\/\/www.thecarpetwashingmachine.com\/how-to-contact-a-carpet-washing-machines-supplier\/\",\"name\":\"\u041a\u0430\u043a \u0441\u0432\u044f\u0437\u0430\u0442\u044c\u0441\u044f \u0441 \u043f\u043e\u0441\u0442\u0430\u0432\u0449\u0438\u043a\u043e\u043c \u043c\u0430\u0448\u0438\u043d \u0434\u043b\u044f \u0441\u0442\u0438\u0440\u043a\u0438 \u043a\u043e\u0432\u0440\u043e\u0432? - M\u00e1quina de lavar carpetes\",\"isPartOf\":{\"@id\":\"https:\/\/www.thecarpetwashingmachine.com\/#website\"},\"primaryImageOfPage\":{\"@id\":\"https:\/\/www.thecarpetwashingmachine.com\/how-to-contact-a-carpet-washing-machines-supplier\/#primaryimage\"},\"image\":{\"@id\":\"https:\/\/www.thecarpetwashingmachine.com\/how-to-contact-a-carpet-washing-machines-supplier\/#primaryimage\"},\"thumbnailUrl\":\"https:\/\/www.thecarpetwashingmachine.com\/wp-content\/uploads\/2025\/01\/hali-yikama-makinasi-kullanimi-1.jpg\",\"datePublished\":\"2022-11-02T06:32:43+00:00\",\"dateModified\":\"2025-07-07T10:34:22+00:00\",\"description\":\"\u041d\u0443\u0436\u043d\u043e \u0441\u0432\u044f\u0437\u0430\u0442\u044c\u0441\u044f \u0441 \u043f\u043e\u0441\u0442\u0430\u0432\u0449\u0438\u043a\u043e\u043c \u043c\u0430\u0448\u0438\u043d \u0434\u043b\u044f \u0441\u0442\u0438\u0440\u043a\u0438 \u043a\u043e\u0432\u0440\u043e\u0432? \u041e\u0442\u043a\u0440\u043e\u0439\u0442\u0435 \u0434\u043b\u044f \u0441\u0435\u0431\u044f \u0441\u043e\u0432\u0435\u0442\u044b \u044d\u043a\u0441\u043f\u0435\u0440\u0442\u043e\u0432, \u0447\u0442\u043e\u0431\u044b \u043d\u0430\u043b\u0430\u0434\u0438\u0442\u044c \u0441\u0432\u044f\u0437\u044c \u0438 \u043f\u043e\u043b\u0443\u0447\u0438\u0442\u044c \u043f\u0440\u0435\u0434\u043b\u043e\u0436\u0435\u043d\u0438\u044f.\",\"breadcrumb\":{\"@id\":\"https:\/\/www.thecarpetwashingmachine.com\/how-to-contact-a-carpet-washing-machines-supplier\/#breadcrumb\"},\"inLanguage\":\"pt-PT\",\"potentialAction\":[{\"@type\":\"ReadAction\",\"target\":[\"https:\/\/www.thecarpetwashingmachine.com\/how-to-contact-a-carpet-washing-machines-supplier\/\"]}]},{\"@type\":\"ImageObject\",\"inLanguage\":\"pt-PT\",\"@id\":\"https:\/\/www.thecarpetwashingmachine.com\/how-to-contact-a-carpet-washing-machines-supplier\/#primaryimage\",\"url\":\"https:\/\/www.thecarpetwashingmachine.com\/wp-content\/uploads\/2025\/01\/hali-yikama-makinasi-kullanimi-1.jpg\",\"contentUrl\":\"https:\/\/www.thecarpetwashingmachine.com\/wp-content\/uploads\/2025\/01\/hali-yikama-makinasi-kullanimi-1.jpg\"},{\"@type\":\"BreadcrumbList\",\"@id\":\"https:\/\/www.thecarpetwashingmachine.com\/how-to-contact-a-carpet-washing-machines-supplier\/#breadcrumb\",\"itemListElement\":[{\"@type\":\"ListItem\",\"position\":1,\"name\":\"Home\",\"item\":\"https:\/\/www.thecarpetwashingmachine.com\/\"},{\"@type\":\"ListItem\",\"position\":2,\"name\":\"How to Contact a Carpet Washing Machines Supplier?\"}]},{\"@type\":\"WebSite\",\"@id\":\"https:\/\/www.thecarpetwashingmachine.com\/#website\",\"url\":\"https:\/\/www.thecarpetwashingmachine.com\/\",\"name\":\"M\u00e1quina de lavar carpetes\",\"description\":\"A m\u00e1quina de lavar carpetes est\u00e1 no mundo todo!\",\"potentialAction\":[{\"@type\":\"SearchAction\",\"target\":{\"@type\":\"EntryPoint\",\"urlTemplate\":\"https:\/\/www.thecarpetwashingmachine.com\/?s={search_term_string}\"},\"query-input\":{\"@type\":\"PropertyValueSpecification\",\"valueRequired\":true,\"valueName\":\"search_term_string\"}}],\"inLanguage\":\"pt-PT\"}]}<\/script>\n<!-- \/ Yoast SEO plugin. -->","yoast_head_json":{"title":"Como posso entrar em contato com um fornecedor de m\u00e1quinas de lavar carpetes - M\u00e1quina de lavar carpetes","description":"Precisa contatar um fornecedor de m\u00e1quinas de lavar tapetes? Descubra dicas de especialistas para se conectar e obter or\u00e7amentos.","robots":{"index":"index","follow":"follow","max-snippet":"max-snippet:-1","max-image-preview":"max-image-preview:large","max-video-preview":"max-video-preview:-1"},"canonical":"https:\/\/www.thecarpetwashingmachine.com\/how-to-contact-a-carpet-washing-machines-supplier\/","og_locale":"pt_PT","og_type":"article","og_title":"Como posso entrar em contato com um fornecedor de m\u00e1quinas de lavar carpetes - M\u00e1quina de lavar carpetes","og_description":"Precisa contatar um fornecedor de m\u00e1quinas de lavar tapetes? Descubra dicas de especialistas para se conectar e obter or\u00e7amentos.","og_url":"https:\/\/www.thecarpetwashingmachine.com\/how-to-contact-a-carpet-washing-machines-supplier\/","og_site_name":"M\u00e1quina de lavar carpetes","article_publisher":"http:\/\/www.facebook.com\/carpetwashingmachine","article_modified_time":"2025-07-07T10:34:22+00:00","og_image":[{"width":826,"height":390,"url":"https:\/\/www.thecarpetwashingmachine.com\/wp-content\/uploads\/2025\/01\/hali-yikama-makinasi-kullanimi-1.jpg","type":"image\/jpeg"}],"twitter_card":"summary_large_image","twitter_misc":{"Tempo estimado de leitura":"3 minutos"},"schema":{"@context":"https:\/\/schema.org","@graph":[{"@type":"WebPage","@id":"https:\/\/www.thecarpetwashingmachine.com\/how-to-contact-a-carpet-washing-machines-supplier\/","url":"https:\/\/www.thecarpetwashingmachine.com\/how-to-contact-a-carpet-washing-machines-supplier\/","name":"\u041a\u0430\u043a \u0441\u0432\u044f\u0437\u0430\u0442\u044c\u0441\u044f \u0441 \u043f\u043e\u0441\u0442\u0430\u0432\u0449\u0438\u043a\u043e\u043c \u043c\u0430\u0448\u0438\u043d \u0434\u043b\u044f \u0441\u0442\u0438\u0440\u043a\u0438 \u043a\u043e\u0432\u0440\u043e\u0432? - M\u00e1quina de lavar carpetes","isPartOf":{"@id":"https:\/\/www.thecarpetwashingmachine.com\/#website"},"primaryImageOfPage":{"@id":"https:\/\/www.thecarpetwashingmachine.com\/how-to-contact-a-carpet-washing-machines-supplier\/#primaryimage"},"image":{"@id":"https:\/\/www.thecarpetwashingmachine.com\/how-to-contact-a-carpet-washing-machines-supplier\/#primaryimage"},"thumbnailUrl":"https:\/\/www.thecarpetwashingmachine.com\/wp-content\/uploads\/2025\/01\/hali-yikama-makinasi-kullanimi-1.jpg","datePublished":"2022-11-02T06:32:43+00:00","dateModified":"2025-07-07T10:34:22+00:00","description":"\u041d\u0443\u0436\u043d\u043e \u0441\u0432\u044f\u0437\u0430\u0442\u044c\u0441\u044f \u0441 \u043f\u043e\u0441\u0442\u0430\u0432\u0449\u0438\u043a\u043e\u043c \u043c\u0430\u0448\u0438\u043d \u0434\u043b\u044f \u0441\u0442\u0438\u0440\u043a\u0438 \u043a\u043e\u0432\u0440\u043e\u0432? \u041e\u0442\u043a\u0440\u043e\u0439\u0442\u0435 \u0434\u043b\u044f \u0441\u0435\u0431\u044f \u0441\u043e\u0432\u0435\u0442\u044b \u044d\u043a\u0441\u043f\u0435\u0440\u0442\u043e\u0432, \u0447\u0442\u043e\u0431\u044b \u043d\u0430\u043b\u0430\u0434\u0438\u0442\u044c \u0441\u0432\u044f\u0437\u044c \u0438 \u043f\u043e\u043b\u0443\u0447\u0438\u0442\u044c \u043f\u0440\u0435\u0434\u043b\u043e\u0436\u0435\u043d\u0438\u044f.","breadcrumb":{"@id":"https:\/\/www.thecarpetwashingmachine.com\/how-to-contact-a-carpet-washing-machines-supplier\/#breadcrumb"},"inLanguage":"pt-PT","potentialAction":[{"@type":"ReadAction","target":["https:\/\/www.thecarpetwashingmachine.com\/how-to-contact-a-carpet-washing-machines-supplier\/"]}]},{"@type":"ImageObject","inLanguage":"pt-PT","@id":"https:\/\/www.thecarpetwashingmachine.com\/how-to-contact-a-carpet-washing-machines-supplier\/#primaryimage","url":"https:\/\/www.thecarpetwashingmachine.com\/wp-content\/uploads\/2025\/01\/hali-yikama-makinasi-kullanimi-1.jpg","contentUrl":"https:\/\/www.thecarpetwashingmachine.com\/wp-content\/uploads\/2025\/01\/hali-yikama-makinasi-kullanimi-1.jpg"},{"@type":"BreadcrumbList","@id":"https:\/\/www.thecarpetwashingmachine.com\/how-to-contact-a-carpet-washing-machines-supplier\/#breadcrumb","itemListElement":[{"@type":"ListItem","position":1,"name":"Home","item":"https:\/\/www.thecarpetwashingmachine.com\/"},{"@type":"ListItem","position":2,"name":"How to Contact a Carpet Washing Machines Supplier?"}]},{"@type":"WebSite","@id":"https:\/\/www.thecarpetwashingmachine.com\/#website","url":"https:\/\/www.thecarpetwashingmachine.com\/","name":"M\u00e1quina de lavar carpetes","description":"A m\u00e1quina de lavar carpetes est\u00e1 no mundo todo!","potentialAction":[{"@type":"SearchAction","target":{"@type":"EntryPoint","urlTemplate":"https:\/\/www.thecarpetwashingmachine.com\/?s={search_term_string}"},"query-input":{"@type":"PropertyValueSpecification","valueRequired":true,"valueName":"search_term_string"}}],"inLanguage":"pt-PT"}]}},"_links":{"self":[{"href":"https:\/\/www.thecarpetwashingmachine.com\/pt\/wp-json\/wp\/v2\/pages\/191","targetHints":{"allow":["GET"]}}],"collection":[{"href":"https:\/\/www.thecarpetwashingmachine.com\/pt\/wp-json\/wp\/v2\/pages"}],"about":[{"href":"https:\/\/www.thecarpetwashingmachine.com\/pt\/wp-json\/wp\/v2\/types\/page"}],"author":[{"embeddable":true,"href":"https:\/\/www.thecarpetwashingmachine.com\/pt\/wp-json\/wp\/v2\/users\/1"}],"replies":[{"embeddable":true,"href":"https:\/\/www.thecarpetwashingmachine.com\/pt\/wp-json\/wp\/v2\/comments?post=191"}],"version-history":[{"count":39,"href":"https:\/\/www.thecarpetwashingmachine.com\/pt\/wp-json\/wp\/v2\/pages\/191\/revisions"}],"predecessor-version":[{"id":1974,"href":"https:\/\/www.thecarpetwashingmachine.com\/pt\/wp-json\/wp\/v2\/pages\/191\/revisions\/1974"}],"wp:attachment":[{"href":"https:\/\/www.thecarpetwashingmachine.com\/pt\/wp-json\/wp\/v2\/media?parent=191"}],"curies":[{"name":"wp","href":"https:\/\/api.w.org\/{rel}","templated":true}]}}