{"id":980,"date":"2025-06-25T06:51:20","date_gmt":"2025-06-25T06:51:20","guid":{"rendered":"https:\/\/www.thecarpetwashingmachine.com\/?page_id=980"},"modified":"2025-07-07T09:54:21","modified_gmt":"2025-07-07T09:54:21","slug":"faq-on-carpet-washing-machines-2","status":"publish","type":"page","link":"https:\/\/www.thecarpetwashingmachine.com\/fr\/faq-on-carpet-washing-machines-2\/","title":{"rendered":"Questions fr\u00e9quemment pos\u00e9es sur les machines \u00e0 laver les tapis 2"},"content":{"rendered":"<div class=\"wp-block-image\">\n<figure class=\"aligncenter\"><img loading=\"lazy\" decoding=\"async\" width=\"826\" height=\"390\" src=\"https:\/\/www.thecarpetwashingmachine.com\/wp-content\/uploads\/2025\/01\/hali-yikama-makinasi-kullanimi-1.jpg\" alt=\"machines \u00e0 laver les tapis\" class=\"wp-image-384\" srcset=\"https:\/\/www.thecarpetwashingmachine.com\/wp-content\/uploads\/2025\/01\/hali-yikama-makinasi-kullanimi-1.jpg 826w, https:\/\/www.thecarpetwashingmachine.com\/wp-content\/uploads\/2025\/01\/hali-yikama-makinasi-kullanimi-1-300x142.jpg 300w, https:\/\/www.thecarpetwashingmachine.com\/wp-content\/uploads\/2025\/01\/hali-yikama-makinasi-kullanimi-1-768x363.jpg 768w\" sizes=\"auto, (max-width: 826px) 100vw, 826px\" \/><\/figure><\/div>\n\n\n<p><\/p>\n\n\n\n<p>Voici la suite de notre <a href=\"https:\/\/www.thecarpetwashingmachine.com\/fr\/faq-on-carpet-washing-machines\/\">FAQ<\/a>, abordant des questions plus sp\u00e9cifiques sur nos machines \u00e0 laver les tapis.<\/p>\n\n\n\n<h3 class=\"wp-block-heading\">Informations g\u00e9n\u00e9rales<\/h3>\n\n\n\n<ul class=\"wp-block-list\">\n<li><strong>Quelle est la p\u00e9riode de garantie de vos machines ?<\/strong><\/li>\n<\/ul>\n\n\n\n<p>Nos machines sont livr\u00e9es avec une garantie d&rsquo;un an. Cela assure une couverture compl\u00e8te pendant un an \u00e0 compter de la date de votre achat.<\/p>\n\n\n\n<ul class=\"wp-block-list\">\n<li><strong>Qui s&rsquo;occupe de l&rsquo;installation des machines ?<\/strong><\/li>\n<\/ul>\n\n\n\n<p>Il n&rsquo;y a pas lieu de s&rsquo;inqui\u00e9ter de l&rsquo;installation. Nos machines arrivent enti\u00e8rement assembl\u00e9es et sont pr\u00eates \u00e0 \u00eatre utilis\u00e9es imm\u00e9diatement, d\u00e8s la sortie de la bo\u00eete. Vous pouvez les brancher et commencer \u00e0 les utiliser sans aucune configuration compliqu\u00e9e.<\/p>\n\n\n\n<h3 class=\"wp-block-heading\">Personnalisation et assistance<\/h3>\n\n\n\n<ul class=\"wp-block-list\">\n<li><strong>Des personnalisations sont-elles possibles pour les machines ?<\/strong><\/li>\n<\/ul>\n\n\n\n<p>Absolument. Nous pouvons effectuer des personnalisations selon vos besoins sp\u00e9cifiques. Nous nous engageons \u00e0 adapter nos machines pour r\u00e9pondre \u00e0 des besoins op\u00e9rationnels uniques ou \u00e0 des d\u00e9fis de nettoyage sp\u00e9cialis\u00e9s que vous pourriez avoir.<\/p>\n\n\n\n<ul class=\"wp-block-list\">\n<li><strong>Quel support est disponible en cas de dysfonctionnement, et des pi\u00e8ces de rechange sont-elles fournies ?<\/strong><\/li>\n<\/ul>\n\n\n\n<p>En cas de dysfonctionnement, nous offrons une assistance \u00e0 distance rapide pour vous guider dans le d\u00e9pannage. De nombreux probl\u00e8mes courants peuvent souvent \u00eatre r\u00e9solus avec l&rsquo;aide d&rsquo;un \u00e9lectricien local. Si une pi\u00e8ce de rechange s&rsquo;av\u00e8re n\u00e9cessaire, nous vous l&rsquo;exp\u00e9dierons rapidement directement, minimisant ainsi les temps d&rsquo;arr\u00eat.<\/p>\n\n\n\n<h3 class=\"wp-block-heading\">Performance et ergonomie<\/h3>\n\n\n\n<ul class=\"wp-block-list\">\n<li><strong>Les machines peuvent-elles nettoyer efficacement diff\u00e9rents types de tapis, comme la laine, la soie ou les tapis \u00e0 poils longs ?<\/strong><\/li>\n<\/ul>\n\n\n\n<p>Oui, nos machines sont tr\u00e8s polyvalentes. Elles sont con\u00e7ues par des experts pour laver tous les types de tapis, y compris les mat\u00e9riaux d\u00e9licats comme la laine et la soie, ainsi que les tapis \u00e0 poils longs \u00e9pais, garantissant un processus de nettoyage en profondeur mais doux pour chacun.<\/p>\n\n\n\n<ul class=\"wp-block-list\">\n<li><strong>Combien d&rsquo;op\u00e9rateurs sont n\u00e9cessaires pour faire fonctionner la machine ?<\/strong><\/li>\n<\/ul>\n\n\n\n<p>Le fonctionnement de nos machines est con\u00e7u pour une efficacit\u00e9 et une facilit\u00e9 maximales. Une seule personne suffit pour g\u00e9rer l&rsquo;ensemble du processus de lavage, du d\u00e9but \u00e0 la fin.<\/p>\n\n\n\n<ul class=\"wp-block-list\">\n<li><strong>Quels avantages ergonomiques vos machines offrent-elles aux op\u00e9rateurs, et comment r\u00e9duisent-elles la tension physique ?<\/strong><\/li>\n<\/ul>\n\n\n\n<p>Nos machines sont enti\u00e8rement automatiques, ce qui signifie qu&rsquo;il n&rsquo;y a aucune contrainte physique pour l&rsquo;op\u00e9rateur pendant l&rsquo;utilisation. Leur conception privil\u00e9gie la facilit\u00e9 de manipulation et minimise l&rsquo;effort manuel, contribuant \u00e0 une exp\u00e9rience de travail plus confortable et efficace.<\/p>\n\n\n\n<h3 class=\"wp-block-heading\">Autres applications<\/h3>\n\n\n\n<ul class=\"wp-block-list\">\n<li><strong>Des clients ont-ils d\u00e9couvert des utilisations inattendues de la machine au-del\u00e0 du nettoyage de tapis ?<\/strong><\/li>\n<\/ul>\n\n\n\n<p>Bien que certains clients aient exp\u00e9riment\u00e9 l&rsquo;utilisation de nos machines pour des articles tels que des couvertures et divers plastiques, nous devons souligner que nous ne recommandons pas ces applications. Les machines sont sp\u00e9cifiquement con\u00e7ues et optimis\u00e9es uniquement pour le lavage de tapis, et les utiliser pour d&rsquo;autres mat\u00e9riaux peut entra\u00eener des r\u00e9sultats sous-optimaux ou des dommages potentiels \u00e0 la machine elle-m\u00eame.<\/p>\n\n\n\n<p><\/p>\n","protected":false},"excerpt":{"rendered":"<p>Voici la suite de notre FAQ, abordant des questions plus sp\u00e9cifiques sur nos machines \u00e0 laver les tapis. Informations g\u00e9n\u00e9rales Nos machines sont livr\u00e9es avec&hellip;<\/p>\n","protected":false},"author":1,"featured_media":0,"parent":0,"menu_order":0,"comment_status":"closed","ping_status":"closed","template":"","meta":{"footnotes":""},"class_list":["post-980","page","type-page","status-publish","hentry"],"translation":{"provider":"WPGlobus","version":"3.0.0","language":"fr","enabled_languages":["en","tr","fr","ar","es","de","pt","ru"],"languages":{"en":{"title":true,"content":true,"excerpt":false},"tr":{"title":true,"content":true,"excerpt":false},"fr":{"title":true,"content":true,"excerpt":false},"ar":{"title":true,"content":true,"excerpt":false},"es":{"title":true,"content":true,"excerpt":false},"de":{"title":true,"content":true,"excerpt":false},"pt":{"title":true,"content":true,"excerpt":false},"ru":{"title":true,"content":true,"excerpt":false}}},"yoast_head":"<!-- This site is optimized with the Yoast SEO plugin v24.7 - https:\/\/yoast.com\/wordpress\/plugins\/seo\/ -->\n<title>Questions fr\u00e9quemment pos\u00e9es sur les machines \u00e0 laver les tapis 2  - Machine \u00e0 laver les tapis<\/title>\n<meta name=\"description\" content=\"Machines \u00e0 tapis : 1 an garantie, pr\u00eates. Personnalisables, support &amp; pi\u00e8ces. Lavez tout tapis, sans effort, automatiques.\" \/>\n<meta name=\"robots\" content=\"index, follow, max-snippet:-1, max-image-preview:large, max-video-preview:-1\" \/>\n<link rel=\"canonical\" href=\"https:\/\/www.thecarpetwashingmachine.com\/faq-on-carpet-washing-machines-2\/\" \/>\n<meta property=\"og:locale\" content=\"fr_FR\" \/>\n<meta property=\"og:type\" content=\"article\" \/>\n<meta property=\"og:title\" content=\"Questions fr\u00e9quemment pos\u00e9es sur les machines \u00e0 laver les tapis 2  - Machine \u00e0 laver les tapis\" \/>\n<meta property=\"og:description\" content=\"Machines \u00e0 tapis : 1 an garantie, pr\u00eates. Personnalisables, support &amp; pi\u00e8ces. Lavez tout tapis, sans effort, automatiques.\" \/>\n<meta property=\"og:url\" content=\"https:\/\/www.thecarpetwashingmachine.com\/faq-on-carpet-washing-machines-2\/\" \/>\n<meta property=\"og:site_name\" content=\"Machine \u00e0 laver les tapis\" \/>\n<meta property=\"article:publisher\" content=\"http:\/\/www.facebook.com\/carpetwashingmachine\" \/>\n<meta property=\"article:modified_time\" content=\"2025-07-07T09:54:21+00:00\" \/>\n<meta property=\"og:image\" content=\"https:\/\/www.thecarpetwashingmachine.com\/wp-content\/uploads\/2025\/01\/hali-yikama-makinasi-kullanimi-1.jpg\" \/>\n\t<meta property=\"og:image:width\" content=\"826\" \/>\n\t<meta property=\"og:image:height\" content=\"390\" \/>\n\t<meta property=\"og:image:type\" content=\"image\/jpeg\" \/>\n<meta name=\"twitter:card\" content=\"summary_large_image\" \/>\n<meta name=\"twitter:label1\" content=\"Dur\u00e9e de lecture estim\u00e9e\" \/>\n\t<meta name=\"twitter:data1\" content=\"2 minutes\" \/>\n<script type=\"application\/ld+json\" class=\"yoast-schema-graph\">{\"@context\":\"https:\/\/schema.org\",\"@graph\":[{\"@type\":\"WebPage\",\"@id\":\"https:\/\/www.thecarpetwashingmachine.com\/faq-on-carpet-washing-machines-2\/\",\"url\":\"https:\/\/www.thecarpetwashingmachine.com\/faq-on-carpet-washing-machines-2\/\",\"name\":\"Questions fr\u00e9quemment pos\u00e9es sur les machines \u00e0 laver les tapis 2 - Machine \u00e0 laver les tapis\",\"isPartOf\":{\"@id\":\"https:\/\/www.thecarpetwashingmachine.com\/#website\"},\"primaryImageOfPage\":{\"@id\":\"https:\/\/www.thecarpetwashingmachine.com\/faq-on-carpet-washing-machines-2\/#primaryimage\"},\"image\":{\"@id\":\"https:\/\/www.thecarpetwashingmachine.com\/faq-on-carpet-washing-machines-2\/#primaryimage\"},\"thumbnailUrl\":\"https:\/\/www.thecarpetwashingmachine.com\/wp-content\/uploads\/2025\/01\/hali-yikama-makinasi-kullanimi-1.jpg\",\"datePublished\":\"2025-06-25T06:51:20+00:00\",\"dateModified\":\"2025-07-07T09:54:21+00:00\",\"description\":\"\u041a\u043e\u0432\u0440\u043e\u043c\u043e\u0435\u0447\u043d\u044b\u0435 \u043c\u0430\u0448\u0438\u043d\u044b: 1 \u0433\u043e\u0434 \u0433\u0430\u0440\u0430\u043d\u0442\u0438\u0438, \u0433\u043e\u0442\u043e\u0432\u044b. \u041d\u0430\u0441\u0442\u0440\u0430\u0438\u0432\u0430\u0435\u043c\u044b\u0435, \u043f\u043e\u0434\u0434\u0435\u0440\u0436\u043a\u0430\/\u0437\u0430\u043f\u0447\u0430\u0441\u0442\u0438. \u0427\u0438\u0441\u0442\u044f\u0442 \u0432\u0441\u0435 \u043a\u043e\u0432\u0440\u044b \u043b\u0435\u0433\u043a\u043e, \u043f\u043e\u043b\u043d\u043e\u0441\u0442\u044c\u044e \u0430\u0432\u0442\u043e\u043c\u0430\u0442\u0438\u0447\u0435\u0441\u043a\u0438\u0435.\",\"breadcrumb\":{\"@id\":\"https:\/\/www.thecarpetwashingmachine.com\/faq-on-carpet-washing-machines-2\/#breadcrumb\"},\"inLanguage\":\"fr-FR\",\"potentialAction\":[{\"@type\":\"ReadAction\",\"target\":[\"https:\/\/www.thecarpetwashingmachine.com\/faq-on-carpet-washing-machines-2\/\"]}]},{\"@type\":\"ImageObject\",\"inLanguage\":\"fr-FR\",\"@id\":\"https:\/\/www.thecarpetwashingmachine.com\/faq-on-carpet-washing-machines-2\/#primaryimage\",\"url\":\"https:\/\/www.thecarpetwashingmachine.com\/wp-content\/uploads\/2025\/01\/hali-yikama-makinasi-kullanimi-1.jpg\",\"contentUrl\":\"https:\/\/www.thecarpetwashingmachine.com\/wp-content\/uploads\/2025\/01\/hali-yikama-makinasi-kullanimi-1.jpg\"},{\"@type\":\"BreadcrumbList\",\"@id\":\"https:\/\/www.thecarpetwashingmachine.com\/faq-on-carpet-washing-machines-2\/#breadcrumb\",\"itemListElement\":[{\"@type\":\"ListItem\",\"position\":1,\"name\":\"Home\",\"item\":\"https:\/\/www.thecarpetwashingmachine.com\/\"},{\"@type\":\"ListItem\",\"position\":2,\"name\":\"Frequently Asked Questions on Carpet Washing Machines 2\"}]},{\"@type\":\"WebSite\",\"@id\":\"https:\/\/www.thecarpetwashingmachine.com\/#website\",\"url\":\"https:\/\/www.thecarpetwashingmachine.com\/\",\"name\":\"Machine \u00e0 laver les tapis\",\"description\":\"La machine \u00e0 laver les tapis est partout dans le monde !\",\"potentialAction\":[{\"@type\":\"SearchAction\",\"target\":{\"@type\":\"EntryPoint\",\"urlTemplate\":\"https:\/\/www.thecarpetwashingmachine.com\/?s={search_term_string}\"},\"query-input\":{\"@type\":\"PropertyValueSpecification\",\"valueRequired\":true,\"valueName\":\"search_term_string\"}}],\"inLanguage\":\"fr-FR\"}]}<\/script>\n<!-- \/ Yoast SEO plugin. -->","yoast_head_json":{"title":"Questions fr\u00e9quemment pos\u00e9es sur les machines \u00e0 laver les tapis 2  - Machine \u00e0 laver les tapis","description":"Machines \u00e0 tapis : 1 an garantie, pr\u00eates. Personnalisables, support & pi\u00e8ces. Lavez tout tapis, sans effort, automatiques.","robots":{"index":"index","follow":"follow","max-snippet":"max-snippet:-1","max-image-preview":"max-image-preview:large","max-video-preview":"max-video-preview:-1"},"canonical":"https:\/\/www.thecarpetwashingmachine.com\/faq-on-carpet-washing-machines-2\/","og_locale":"fr_FR","og_type":"article","og_title":"Questions fr\u00e9quemment pos\u00e9es sur les machines \u00e0 laver les tapis 2  - Machine \u00e0 laver les tapis","og_description":"Machines \u00e0 tapis : 1 an garantie, pr\u00eates. Personnalisables, support & pi\u00e8ces. Lavez tout tapis, sans effort, automatiques.","og_url":"https:\/\/www.thecarpetwashingmachine.com\/faq-on-carpet-washing-machines-2\/","og_site_name":"Machine \u00e0 laver les tapis","article_publisher":"http:\/\/www.facebook.com\/carpetwashingmachine","article_modified_time":"2025-07-07T09:54:21+00:00","og_image":[{"width":826,"height":390,"url":"https:\/\/www.thecarpetwashingmachine.com\/wp-content\/uploads\/2025\/01\/hali-yikama-makinasi-kullanimi-1.jpg","type":"image\/jpeg"}],"twitter_card":"summary_large_image","twitter_misc":{"Dur\u00e9e de lecture estim\u00e9e":"2 minutes"},"schema":{"@context":"https:\/\/schema.org","@graph":[{"@type":"WebPage","@id":"https:\/\/www.thecarpetwashingmachine.com\/faq-on-carpet-washing-machines-2\/","url":"https:\/\/www.thecarpetwashingmachine.com\/faq-on-carpet-washing-machines-2\/","name":"Questions fr\u00e9quemment pos\u00e9es sur les machines \u00e0 laver les tapis 2 - Machine \u00e0 laver les tapis","isPartOf":{"@id":"https:\/\/www.thecarpetwashingmachine.com\/#website"},"primaryImageOfPage":{"@id":"https:\/\/www.thecarpetwashingmachine.com\/faq-on-carpet-washing-machines-2\/#primaryimage"},"image":{"@id":"https:\/\/www.thecarpetwashingmachine.com\/faq-on-carpet-washing-machines-2\/#primaryimage"},"thumbnailUrl":"https:\/\/www.thecarpetwashingmachine.com\/wp-content\/uploads\/2025\/01\/hali-yikama-makinasi-kullanimi-1.jpg","datePublished":"2025-06-25T06:51:20+00:00","dateModified":"2025-07-07T09:54:21+00:00","description":"\u041a\u043e\u0432\u0440\u043e\u043c\u043e\u0435\u0447\u043d\u044b\u0435 \u043c\u0430\u0448\u0438\u043d\u044b: 1 \u0433\u043e\u0434 \u0433\u0430\u0440\u0430\u043d\u0442\u0438\u0438, \u0433\u043e\u0442\u043e\u0432\u044b. \u041d\u0430\u0441\u0442\u0440\u0430\u0438\u0432\u0430\u0435\u043c\u044b\u0435, \u043f\u043e\u0434\u0434\u0435\u0440\u0436\u043a\u0430\/\u0437\u0430\u043f\u0447\u0430\u0441\u0442\u0438. \u0427\u0438\u0441\u0442\u044f\u0442 \u0432\u0441\u0435 \u043a\u043e\u0432\u0440\u044b \u043b\u0435\u0433\u043a\u043e, \u043f\u043e\u043b\u043d\u043e\u0441\u0442\u044c\u044e \u0430\u0432\u0442\u043e\u043c\u0430\u0442\u0438\u0447\u0435\u0441\u043a\u0438\u0435.","breadcrumb":{"@id":"https:\/\/www.thecarpetwashingmachine.com\/faq-on-carpet-washing-machines-2\/#breadcrumb"},"inLanguage":"fr-FR","potentialAction":[{"@type":"ReadAction","target":["https:\/\/www.thecarpetwashingmachine.com\/faq-on-carpet-washing-machines-2\/"]}]},{"@type":"ImageObject","inLanguage":"fr-FR","@id":"https:\/\/www.thecarpetwashingmachine.com\/faq-on-carpet-washing-machines-2\/#primaryimage","url":"https:\/\/www.thecarpetwashingmachine.com\/wp-content\/uploads\/2025\/01\/hali-yikama-makinasi-kullanimi-1.jpg","contentUrl":"https:\/\/www.thecarpetwashingmachine.com\/wp-content\/uploads\/2025\/01\/hali-yikama-makinasi-kullanimi-1.jpg"},{"@type":"BreadcrumbList","@id":"https:\/\/www.thecarpetwashingmachine.com\/faq-on-carpet-washing-machines-2\/#breadcrumb","itemListElement":[{"@type":"ListItem","position":1,"name":"Home","item":"https:\/\/www.thecarpetwashingmachine.com\/"},{"@type":"ListItem","position":2,"name":"Frequently Asked Questions on Carpet Washing Machines 2"}]},{"@type":"WebSite","@id":"https:\/\/www.thecarpetwashingmachine.com\/#website","url":"https:\/\/www.thecarpetwashingmachine.com\/","name":"Machine \u00e0 laver les tapis","description":"La machine \u00e0 laver les tapis est partout dans le monde !","potentialAction":[{"@type":"SearchAction","target":{"@type":"EntryPoint","urlTemplate":"https:\/\/www.thecarpetwashingmachine.com\/?s={search_term_string}"},"query-input":{"@type":"PropertyValueSpecification","valueRequired":true,"valueName":"search_term_string"}}],"inLanguage":"fr-FR"}]}},"_links":{"self":[{"href":"https:\/\/www.thecarpetwashingmachine.com\/fr\/wp-json\/wp\/v2\/pages\/980","targetHints":{"allow":["GET"]}}],"collection":[{"href":"https:\/\/www.thecarpetwashingmachine.com\/fr\/wp-json\/wp\/v2\/pages"}],"about":[{"href":"https:\/\/www.thecarpetwashingmachine.com\/fr\/wp-json\/wp\/v2\/types\/page"}],"author":[{"embeddable":true,"href":"https:\/\/www.thecarpetwashingmachine.com\/fr\/wp-json\/wp\/v2\/users\/1"}],"replies":[{"embeddable":true,"href":"https:\/\/www.thecarpetwashingmachine.com\/fr\/wp-json\/wp\/v2\/comments?post=980"}],"version-history":[{"count":26,"href":"https:\/\/www.thecarpetwashingmachine.com\/fr\/wp-json\/wp\/v2\/pages\/980\/revisions"}],"predecessor-version":[{"id":1942,"href":"https:\/\/www.thecarpetwashingmachine.com\/fr\/wp-json\/wp\/v2\/pages\/980\/revisions\/1942"}],"wp:attachment":[{"href":"https:\/\/www.thecarpetwashingmachine.com\/fr\/wp-json\/wp\/v2\/media?parent=980"}],"curies":[{"name":"wp","href":"https:\/\/api.w.org\/{rel}","templated":true}]}}