{"id":663,"date":"2025-06-12T11:16:45","date_gmt":"2025-06-12T11:16:45","guid":{"rendered":"https:\/\/www.thecarpetwashingmachine.com\/?page_id=663"},"modified":"2025-07-03T13:05:37","modified_gmt":"2025-07-03T13:05:37","slug":"carpet-washing-as-a-highly-perspective-and-lucrative-business-2","status":"publish","type":"page","link":"https:\/\/www.thecarpetwashingmachine.com\/fr\/carpet-washing-as-a-highly-perspective-and-lucrative-business-2\/","title":{"rendered":"Le nettoyage de tapis : une activit\u00e9 tr\u00e8s prometteuse et lucrative."},"content":{"rendered":"<div class=\"wp-block-image\">\n<figure class=\"aligncenter size-full\"><img loading=\"lazy\" decoding=\"async\" width=\"750\" height=\"500\" src=\"https:\/\/www.thecarpetwashingmachine.com\/wp-content\/uploads\/2025\/07\/Untitled-design-10.png\" alt=\"Automatic carpet washing machine\" class=\"wp-image-1618\" srcset=\"https:\/\/www.thecarpetwashingmachine.com\/wp-content\/uploads\/2025\/07\/Untitled-design-10.png 750w, https:\/\/www.thecarpetwashingmachine.com\/wp-content\/uploads\/2025\/07\/Untitled-design-10-300x200.png 300w\" sizes=\"auto, (max-width: 750px) 100vw, 750px\" \/><\/figure><\/div>\n\n\n<p><\/p>\n\n\n\n<p>Les services de nettoyage de tapis sont devenus de plus en plus populaires ces derni\u00e8res ann\u00e9es. Il y a quelques ann\u00e9es encore, les gens s&rsquo;occupaient eux-m\u00eames du nettoyage de leurs tapis, en utilisant des articles m\u00e9nagers. Cela est principalement li\u00e9 \u00e0 l&rsquo;apparition sur le march\u00e9 international d&rsquo;\u00e9quipements de nettoyage de tapis, dont la popularit\u00e9 varie d&rsquo;un pays \u00e0 l&rsquo;autre et d&rsquo;une r\u00e9gion \u00e0 l&rsquo;autre. Quelle est la raison pour laquelle les femmes au foyer modernes ne veulent plus nettoyer les tapis elles-m\u00eames ? Apparemment, la r\u00e9ponse est assez simple : il n&rsquo;est pas possible de se d\u00e9barrasser des diverses taches, acariens et de toute la poussi\u00e8re accumul\u00e9e dans le tapis. En utilisant des produits chimiques pr\u00e9tendument sp\u00e9cialis\u00e9s pour le nettoyage de tapis \u00e0 domicile, vous mettez en danger non seulement votre tapis, mais aussi vous-m\u00eame, en tant que surface o\u00f9 le nettoyage est effectu\u00e9. On risque notamment de : \u2013 inhaler les fum\u00e9es de produits chimiques ; \u2013 endommager la structure du tapis ; \u2013 faire p\u00e2lir le tapis ; \u2013 que les couleurs deviennent ternes. Toutes les raisons mentionn\u00e9es ci-dessus suscitent l&rsquo;int\u00e9r\u00eat et la demande pour le nettoyage professionnel des tapis, car cela pr\u00e9serve l&rsquo;aspect ext\u00e9rieur du tapis et permet d&rsquo;\u00e9conomiser du temps.<\/p>\n\n\n\n<p>Actuellement, la Turquie occupe la premi\u00e8re position dans la fabrication de ces \u00e9quipements. C&rsquo;est aussi parce que ce pays produit des tapis de renomm\u00e9e mondiale que tout touriste r\u00eave d&rsquo;acheter. Cette activit\u00e9 prosp\u00e8re en Turquie depuis plus de 30 ans. Les fabricants ont commenc\u00e9 leur production avec de petites hydro-extracteurs. Aujourd&rsquo;hui, ils produisent de tout nouveaux <a href=\"https:\/\/www.thecarpetwashingmachine.com\/tr\/fr\/automatic-carpet-washing-machine-er-4200\/\">\u00e9quipements automatiques pour le nettoyage des tapis<\/a>. Par cons\u00e9quent, la Russie, la Roumanie, la Pologne et d&rsquo;autres pays ont eu une excellente possibilit\u00e9 d&rsquo;adopter cette exp\u00e9rience et de lancer une nouvelle activit\u00e9, pas encore tr\u00e8s populaire.<\/p>\n","protected":false},"excerpt":{"rendered":"<p>Les services de nettoyage de tapis sont devenus de plus en plus populaires ces derni\u00e8res ann\u00e9es. Il y a quelques ann\u00e9es encore, les gens s&rsquo;occupaient&hellip;<\/p>\n","protected":false},"author":1,"featured_media":0,"parent":0,"menu_order":0,"comment_status":"closed","ping_status":"closed","template":"","meta":{"footnotes":""},"class_list":["post-663","page","type-page","status-publish","hentry"],"translation":{"provider":"WPGlobus","version":"3.0.0","language":"fr","enabled_languages":["en","tr","fr","ar","es","de","pt","ru"],"languages":{"en":{"title":true,"content":true,"excerpt":false},"tr":{"title":true,"content":true,"excerpt":false},"fr":{"title":true,"content":true,"excerpt":false},"ar":{"title":true,"content":true,"excerpt":false},"es":{"title":true,"content":true,"excerpt":false},"de":{"title":true,"content":true,"excerpt":false},"pt":{"title":true,"content":true,"excerpt":false},"ru":{"title":true,"content":true,"excerpt":false}}},"yoast_head":"<!-- This site is optimized with the Yoast SEO plugin v24.7 - https:\/\/yoast.com\/wordpress\/plugins\/seo\/ -->\n<title>Le nettoyage de tapis : une activit\u00e9 tr\u00e8s prometteuse et lucrative. - Machine \u00e0 laver les tapis<\/title>\n<meta name=\"description\" content=\"Nettoyage de tapis pro: Gagnez du temps, prot\u00e9gez vos tapis ! Fini les produits chimiques. D\u00e9couvrez l&#039;expertise turque en \u00e9quipement.\" \/>\n<meta name=\"robots\" content=\"index, follow, max-snippet:-1, max-image-preview:large, max-video-preview:-1\" \/>\n<link rel=\"canonical\" href=\"https:\/\/www.thecarpetwashingmachine.com\/carpet-washing-as-a-highly-perspective-and-lucrative-business-2\/\" \/>\n<meta property=\"og:locale\" content=\"fr_FR\" \/>\n<meta property=\"og:type\" content=\"article\" \/>\n<meta property=\"og:title\" content=\"Le nettoyage de tapis : une activit\u00e9 tr\u00e8s prometteuse et lucrative. - Machine \u00e0 laver les tapis\" \/>\n<meta property=\"og:description\" content=\"Nettoyage de tapis pro: Gagnez du temps, prot\u00e9gez vos tapis ! Fini les produits chimiques. D\u00e9couvrez l&#039;expertise turque en \u00e9quipement.\" \/>\n<meta property=\"og:url\" content=\"https:\/\/www.thecarpetwashingmachine.com\/carpet-washing-as-a-highly-perspective-and-lucrative-business-2\/\" \/>\n<meta property=\"og:site_name\" content=\"Machine \u00e0 laver les tapis\" \/>\n<meta property=\"article:publisher\" content=\"http:\/\/www.facebook.com\/carpetwashingmachine\" \/>\n<meta property=\"article:modified_time\" content=\"2025-07-03T13:05:37+00:00\" \/>\n<meta property=\"og:image\" content=\"https:\/\/www.thecarpetwashingmachine.com\/wp-content\/uploads\/2025\/07\/Untitled-design-10.png\" \/>\n\t<meta property=\"og:image:width\" content=\"750\" \/>\n\t<meta property=\"og:image:height\" content=\"500\" \/>\n\t<meta property=\"og:image:type\" content=\"image\/png\" \/>\n<meta name=\"twitter:card\" content=\"summary_large_image\" \/>\n<meta name=\"twitter:label1\" content=\"Dur\u00e9e de lecture estim\u00e9e\" \/>\n\t<meta name=\"twitter:data1\" content=\"2 minutes\" \/>\n<script type=\"application\/ld+json\" class=\"yoast-schema-graph\">{\"@context\":\"https:\/\/schema.org\",\"@graph\":[{\"@type\":\"WebPage\",\"@id\":\"https:\/\/www.thecarpetwashingmachine.com\/carpet-washing-as-a-highly-perspective-and-lucrative-business-2\/\",\"url\":\"https:\/\/www.thecarpetwashingmachine.com\/carpet-washing-as-a-highly-perspective-and-lucrative-business-2\/\",\"name\":\"Le nettoyage de tapis : une activit\u00e9 tr\u00e8s prometteuse et lucrative. - Machine \u00e0 laver les tapis\",\"isPartOf\":{\"@id\":\"https:\/\/www.thecarpetwashingmachine.com\/#website\"},\"primaryImageOfPage\":{\"@id\":\"https:\/\/www.thecarpetwashingmachine.com\/carpet-washing-as-a-highly-perspective-and-lucrative-business-2\/#primaryimage\"},\"image\":{\"@id\":\"https:\/\/www.thecarpetwashingmachine.com\/carpet-washing-as-a-highly-perspective-and-lucrative-business-2\/#primaryimage\"},\"thumbnailUrl\":\"https:\/\/www.thecarpetwashingmachine.com\/wp-content\/uploads\/2025\/07\/Untitled-design-10.png\",\"datePublished\":\"2025-06-12T11:16:45+00:00\",\"dateModified\":\"2025-07-03T13:05:37+00:00\",\"description\":\"Professional carpet washing saves time and preserves your carpets! Avoid DIY damage. Discover Turkey's leading carpet cleaning equipment.\",\"breadcrumb\":{\"@id\":\"https:\/\/www.thecarpetwashingmachine.com\/carpet-washing-as-a-highly-perspective-and-lucrative-business-2\/#breadcrumb\"},\"inLanguage\":\"fr-FR\",\"potentialAction\":[{\"@type\":\"ReadAction\",\"target\":[\"https:\/\/www.thecarpetwashingmachine.com\/carpet-washing-as-a-highly-perspective-and-lucrative-business-2\/\"]}]},{\"@type\":\"ImageObject\",\"inLanguage\":\"fr-FR\",\"@id\":\"https:\/\/www.thecarpetwashingmachine.com\/carpet-washing-as-a-highly-perspective-and-lucrative-business-2\/#primaryimage\",\"url\":\"https:\/\/www.thecarpetwashingmachine.com\/wp-content\/uploads\/2025\/07\/Untitled-design-10.png\",\"contentUrl\":\"https:\/\/www.thecarpetwashingmachine.com\/wp-content\/uploads\/2025\/07\/Untitled-design-10.png\"},{\"@type\":\"BreadcrumbList\",\"@id\":\"https:\/\/www.thecarpetwashingmachine.com\/carpet-washing-as-a-highly-perspective-and-lucrative-business-2\/#breadcrumb\",\"itemListElement\":[{\"@type\":\"ListItem\",\"position\":1,\"name\":\"Home\",\"item\":\"https:\/\/www.thecarpetwashingmachine.com\/\"},{\"@type\":\"ListItem\",\"position\":2,\"name\":\"Carpet Washing as a Highly Perspective and Lucrative Business\"}]},{\"@type\":\"WebSite\",\"@id\":\"https:\/\/www.thecarpetwashingmachine.com\/#website\",\"url\":\"https:\/\/www.thecarpetwashingmachine.com\/\",\"name\":\"Machine \u00e0 laver les tapis\",\"description\":\"La machine \u00e0 laver les tapis est partout dans le monde !\",\"potentialAction\":[{\"@type\":\"SearchAction\",\"target\":{\"@type\":\"EntryPoint\",\"urlTemplate\":\"https:\/\/www.thecarpetwashingmachine.com\/?s={search_term_string}\"},\"query-input\":{\"@type\":\"PropertyValueSpecification\",\"valueRequired\":true,\"valueName\":\"search_term_string\"}}],\"inLanguage\":\"fr-FR\"}]}<\/script>\n<!-- \/ Yoast SEO plugin. -->","yoast_head_json":{"title":"Le nettoyage de tapis : une activit\u00e9 tr\u00e8s prometteuse et lucrative. - Machine \u00e0 laver les tapis","description":"Nettoyage de tapis pro: Gagnez du temps, prot\u00e9gez vos tapis ! Fini les produits chimiques. D\u00e9couvrez l'expertise turque en \u00e9quipement.","robots":{"index":"index","follow":"follow","max-snippet":"max-snippet:-1","max-image-preview":"max-image-preview:large","max-video-preview":"max-video-preview:-1"},"canonical":"https:\/\/www.thecarpetwashingmachine.com\/carpet-washing-as-a-highly-perspective-and-lucrative-business-2\/","og_locale":"fr_FR","og_type":"article","og_title":"Le nettoyage de tapis : une activit\u00e9 tr\u00e8s prometteuse et lucrative. - Machine \u00e0 laver les tapis","og_description":"Nettoyage de tapis pro: Gagnez du temps, prot\u00e9gez vos tapis ! Fini les produits chimiques. D\u00e9couvrez l'expertise turque en \u00e9quipement.","og_url":"https:\/\/www.thecarpetwashingmachine.com\/carpet-washing-as-a-highly-perspective-and-lucrative-business-2\/","og_site_name":"Machine \u00e0 laver les tapis","article_publisher":"http:\/\/www.facebook.com\/carpetwashingmachine","article_modified_time":"2025-07-03T13:05:37+00:00","og_image":[{"width":750,"height":500,"url":"https:\/\/www.thecarpetwashingmachine.com\/wp-content\/uploads\/2025\/07\/Untitled-design-10.png","type":"image\/png"}],"twitter_card":"summary_large_image","twitter_misc":{"Dur\u00e9e de lecture estim\u00e9e":"2 minutes"},"schema":{"@context":"https:\/\/schema.org","@graph":[{"@type":"WebPage","@id":"https:\/\/www.thecarpetwashingmachine.com\/carpet-washing-as-a-highly-perspective-and-lucrative-business-2\/","url":"https:\/\/www.thecarpetwashingmachine.com\/carpet-washing-as-a-highly-perspective-and-lucrative-business-2\/","name":"Le nettoyage de tapis : une activit\u00e9 tr\u00e8s prometteuse et lucrative. - Machine \u00e0 laver les tapis","isPartOf":{"@id":"https:\/\/www.thecarpetwashingmachine.com\/#website"},"primaryImageOfPage":{"@id":"https:\/\/www.thecarpetwashingmachine.com\/carpet-washing-as-a-highly-perspective-and-lucrative-business-2\/#primaryimage"},"image":{"@id":"https:\/\/www.thecarpetwashingmachine.com\/carpet-washing-as-a-highly-perspective-and-lucrative-business-2\/#primaryimage"},"thumbnailUrl":"https:\/\/www.thecarpetwashingmachine.com\/wp-content\/uploads\/2025\/07\/Untitled-design-10.png","datePublished":"2025-06-12T11:16:45+00:00","dateModified":"2025-07-03T13:05:37+00:00","description":"Professional carpet washing saves time and preserves your carpets! Avoid DIY damage. Discover Turkey's leading carpet cleaning equipment.","breadcrumb":{"@id":"https:\/\/www.thecarpetwashingmachine.com\/carpet-washing-as-a-highly-perspective-and-lucrative-business-2\/#breadcrumb"},"inLanguage":"fr-FR","potentialAction":[{"@type":"ReadAction","target":["https:\/\/www.thecarpetwashingmachine.com\/carpet-washing-as-a-highly-perspective-and-lucrative-business-2\/"]}]},{"@type":"ImageObject","inLanguage":"fr-FR","@id":"https:\/\/www.thecarpetwashingmachine.com\/carpet-washing-as-a-highly-perspective-and-lucrative-business-2\/#primaryimage","url":"https:\/\/www.thecarpetwashingmachine.com\/wp-content\/uploads\/2025\/07\/Untitled-design-10.png","contentUrl":"https:\/\/www.thecarpetwashingmachine.com\/wp-content\/uploads\/2025\/07\/Untitled-design-10.png"},{"@type":"BreadcrumbList","@id":"https:\/\/www.thecarpetwashingmachine.com\/carpet-washing-as-a-highly-perspective-and-lucrative-business-2\/#breadcrumb","itemListElement":[{"@type":"ListItem","position":1,"name":"Home","item":"https:\/\/www.thecarpetwashingmachine.com\/"},{"@type":"ListItem","position":2,"name":"Carpet Washing as a Highly Perspective and Lucrative Business"}]},{"@type":"WebSite","@id":"https:\/\/www.thecarpetwashingmachine.com\/#website","url":"https:\/\/www.thecarpetwashingmachine.com\/","name":"Machine \u00e0 laver les tapis","description":"La machine \u00e0 laver les tapis est partout dans le monde !","potentialAction":[{"@type":"SearchAction","target":{"@type":"EntryPoint","urlTemplate":"https:\/\/www.thecarpetwashingmachine.com\/?s={search_term_string}"},"query-input":{"@type":"PropertyValueSpecification","valueRequired":true,"valueName":"search_term_string"}}],"inLanguage":"fr-FR"}]}},"_links":{"self":[{"href":"https:\/\/www.thecarpetwashingmachine.com\/fr\/wp-json\/wp\/v2\/pages\/663","targetHints":{"allow":["GET"]}}],"collection":[{"href":"https:\/\/www.thecarpetwashingmachine.com\/fr\/wp-json\/wp\/v2\/pages"}],"about":[{"href":"https:\/\/www.thecarpetwashingmachine.com\/fr\/wp-json\/wp\/v2\/types\/page"}],"author":[{"embeddable":true,"href":"https:\/\/www.thecarpetwashingmachine.com\/fr\/wp-json\/wp\/v2\/users\/1"}],"replies":[{"embeddable":true,"href":"https:\/\/www.thecarpetwashingmachine.com\/fr\/wp-json\/wp\/v2\/comments?post=663"}],"version-history":[{"count":44,"href":"https:\/\/www.thecarpetwashingmachine.com\/fr\/wp-json\/wp\/v2\/pages\/663\/revisions"}],"predecessor-version":[{"id":1765,"href":"https:\/\/www.thecarpetwashingmachine.com\/fr\/wp-json\/wp\/v2\/pages\/663\/revisions\/1765"}],"wp:attachment":[{"href":"https:\/\/www.thecarpetwashingmachine.com\/fr\/wp-json\/wp\/v2\/media?parent=663"}],"curies":[{"name":"wp","href":"https:\/\/api.w.org\/{rel}","templated":true}]}}