{"id":56,"date":"2018-05-24T17:44:19","date_gmt":"2018-05-24T17:44:19","guid":{"rendered":"http:\/\/thecarpetwashingmachine.com\/?page_id=56"},"modified":"2025-07-07T13:56:34","modified_gmt":"2025-07-07T13:56:34","slug":"carpet-washing-machine-2-7-m","status":"publish","type":"page","link":"https:\/\/www.thecarpetwashingmachine.com\/fr\/carpet-washing-machine-2-7-m\/","title":{"rendered":"Machine pas ch\u00e8re \u00e0 laver des tapis 2.7 m"},"content":{"rendered":"\n<figure class=\"wp-block-image aligncenter\"><img loading=\"lazy\" decoding=\"async\" width=\"500\" height=\"278\" src=\"https:\/\/www.thecarpetwashingmachine.com\/wp-content\/uploads\/2018\/05\/carpet-washing-machine.png\" alt=\"Machines \u00e0 Laver les Tapis\n\" class=\"wp-image-35\" srcset=\"https:\/\/www.thecarpetwashingmachine.com\/wp-content\/uploads\/2018\/05\/carpet-washing-machine.png 500w, https:\/\/www.thecarpetwashingmachine.com\/wp-content\/uploads\/2018\/05\/carpet-washing-machine-300x167.png 300w\" sizes=\"auto, (max-width: 500px) 100vw, 500px\" \/><\/figure>\n\n\n\n<p><\/p>\n\n\n\n<p>Les machines \u00e0 laver \u0432es tapis de 2,7 m sont tr\u00e8s courantes dans certains pays, tels que la Turquie, la Gr\u00e8ce, la Bulgarie, l&rsquo;Allemagne, les Pays-Bas, la Belgique, la France, la Su\u00e8de, la Norv\u00e8ge, le Danemark et l&rsquo;Italie.<\/p>\n\n\n\n<h5 class=\"wp-block-heading\">Quels pays sont bons pour ce type de machines \u00e0 laver les tapis?<\/h5>\n\n\n\n<p>Cette machine est tr\u00e9s recommand\u00e9e pour les pays dont au moins 70 \u00e0 80% de leurs tapis mesurent 2 m ou 2,5 m. Sur le march\u00e9, vous pouvez constater qu&rsquo;il s&rsquo;agit du mod\u00e8le le plus pr\u00e9sent\u00e9 pour les machines \u00e0 laver les tapis. Il y a de bonnes raisons. Parce que la plupart des fabricants de tapis ne produisent pas plus de 6 m2 de nos jours. Parce que maintenant, nous vivons dans des appartements et ces appartements sont beaucoup plus petits que les autres locaux o\u00f9 nous vivions. Toutefois, certains tapis traditionnels ont g\u00e9n\u00e9ralement une largeur de 2,5 m. Les tapis traditionnels d\u2019origine orientale, tels que les tapis turc, persan, afghan, turkm\u00e8ne, etc., peuvent \u00e9galement avoir de plus grandes tailles, &nbsp;de 3 \u00e0 4 m\u00e8tres \u00e9tant tr\u00e8s courants.<\/p>\n\n\n\n<h5 class=\"wp-block-heading\">Comment une machine \u00e0 laver les tapis de 2,7 m devrait-elle \u00eatre?<\/h5>\n\n\n\n<p>Cettes machines doivent avoir toutes les sp\u00e9cifications mentionn\u00e9es dans notre article. On a not\u00e9 la base des <a href=\"http:\/\/thecarpetwashingmachine.com\/fr\/\">machines \u00e0 laver les tapis<\/a>. Pour r\u00e9sumer, elles doivent \u00eatre enti\u00e8rement automatiques, en acier inoxydable, \u00e9quip\u00e9es de pi\u00e8ces \u00e9lectriques de bonne qualit\u00e9, etc. En outre, ces machines doivent comporter au moins 3 brosses \u00e0 disque. Le nombre recommand\u00e9 de brosses \u00e0 disque est de 6 brosses \u00e0 disque. Une brosse \u00e0 rouleau doit \u00eatre bonne, suivie d&rsquo;un syst\u00e8me de raclette et d&rsquo;eau sous pression. La pression de l&rsquo;eau est essentielle pour \u00e9liminer la poussi\u00e8re, les d\u00e9bris et les mat\u00e9riaux pr\u00e9sents dans les tapis. Vous pouvez voir certaines machines avec syst\u00e8me de vide. Cependant, le syst\u00e8me de vide n&rsquo;est pas bon pour les raisons suivantes:<\/p>\n\n\n\n<ul class=\"wp-block-list\">\n<li>Les tapis doivent \u00eatre tremp\u00e9s avant l&rsquo;op\u00e9ration de s\u00e9chage afin d&rsquo;augmenter la long\u00e9vit\u00e9 des centrifugeuses. Comment? Un syst\u00e8me d&rsquo;aspiration ne supprime pas plus de 30 \u00e0 40% de l&rsquo;eau totale contenue dans le tapis, pas tous. Cela signifie que la machine sera de toute fa\u00e7on en train de centrifuger, car les essoreuses \u00e9liminent 95 \u00e0 98% d&rsquo;humidit\u00e9 dans le tapis. Avant de centrifuger, un tapis doit \u00eatre compl\u00e8tement tremp\u00e9. Sinon, la machine va marcher.<\/li>\n\n\n\n<li>La marche consiste \u00e0 secouer tr\u00e8s fortement la centrifuge, ce qui signifie que quelque chose ne va pas avec l&rsquo;op\u00e9ration. Une marche excessive de la machine \u00e0 long terme peut entra\u00eener des probl\u00e8mes techniques avec la machine.<\/li>\n<\/ul>\n","protected":false},"excerpt":{"rendered":"<p>Les machines \u00e0 laver \u0432es tapis de 2,7 m sont tr\u00e8s courantes dans certains pays, tels que la Turquie, la Gr\u00e8ce, la Bulgarie, l&rsquo;Allemagne, les&hellip;<\/p>\n","protected":false},"author":1,"featured_media":0,"parent":0,"menu_order":0,"comment_status":"closed","ping_status":"closed","template":"","meta":{"footnotes":""},"class_list":["post-56","page","type-page","status-publish","hentry"],"translation":{"provider":"WPGlobus","version":"3.0.0","language":"fr","enabled_languages":["en","tr","fr","ar","es","de","pt","ru"],"languages":{"en":{"title":true,"content":true,"excerpt":false},"tr":{"title":true,"content":true,"excerpt":false},"fr":{"title":true,"content":true,"excerpt":false},"ar":{"title":true,"content":true,"excerpt":false},"es":{"title":true,"content":true,"excerpt":false},"de":{"title":true,"content":true,"excerpt":false},"pt":{"title":true,"content":true,"excerpt":false},"ru":{"title":true,"content":true,"excerpt":false}}},"yoast_head":"<!-- This site is optimized with the Yoast SEO plugin v24.7 - https:\/\/yoast.com\/wordpress\/plugins\/seo\/ -->\n<title>Machine pas ch\u00e8re \u00e0 laver des tapis 2.7 m - Machine \u00e0 laver les tapis<\/title>\n<meta name=\"description\" content=\"Les machines \u00e0 laver les tapis standard ont g\u00e9n\u00e9ralement une largeur de bande transporteuse de 2,7 m, \u00e9galement connue comme la largeur maximale de tapis. Ce sont les machines les plus vendues parmi les laveurs de tapis.\" \/>\n<meta name=\"robots\" content=\"index, follow, max-snippet:-1, max-image-preview:large, max-video-preview:-1\" \/>\n<link rel=\"canonical\" href=\"https:\/\/www.thecarpetwashingmachine.com\/carpet-washing-machine-2-7-m\/\" \/>\n<meta property=\"og:locale\" content=\"fr_FR\" \/>\n<meta property=\"og:type\" content=\"article\" \/>\n<meta property=\"og:title\" content=\"Machine pas ch\u00e8re \u00e0 laver des tapis 2.7 m - Machine \u00e0 laver les tapis\" \/>\n<meta property=\"og:description\" content=\"Les machines \u00e0 laver les tapis standard ont g\u00e9n\u00e9ralement une largeur de bande transporteuse de 2,7 m, \u00e9galement connue comme la largeur maximale de tapis. Ce sont les machines les plus vendues parmi les laveurs de tapis.\" \/>\n<meta property=\"og:url\" content=\"https:\/\/www.thecarpetwashingmachine.com\/carpet-washing-machine-2-7-m\/\" \/>\n<meta property=\"og:site_name\" content=\"Machine \u00e0 laver les tapis\" \/>\n<meta property=\"article:publisher\" content=\"http:\/\/www.facebook.com\/carpetwashingmachine\" \/>\n<meta property=\"article:modified_time\" content=\"2025-07-07T13:56:34+00:00\" \/>\n<meta property=\"og:image\" content=\"https:\/\/www.thecarpetwashingmachine.com\/wp-content\/uploads\/2018\/05\/carpet-washing-machine.png\" \/>\n\t<meta property=\"og:image:width\" content=\"500\" \/>\n\t<meta property=\"og:image:height\" content=\"278\" \/>\n\t<meta property=\"og:image:type\" content=\"image\/png\" \/>\n<meta name=\"twitter:card\" content=\"summary_large_image\" \/>\n<meta name=\"twitter:label1\" content=\"Dur\u00e9e de lecture estim\u00e9e\" \/>\n\t<meta name=\"twitter:data1\" content=\"2 minutes\" \/>\n<script type=\"application\/ld+json\" class=\"yoast-schema-graph\">{\"@context\":\"https:\/\/schema.org\",\"@graph\":[{\"@type\":\"WebPage\",\"@id\":\"https:\/\/www.thecarpetwashingmachine.com\/carpet-washing-machine-2-7-m\/\",\"url\":\"https:\/\/www.thecarpetwashingmachine.com\/carpet-washing-machine-2-7-m\/\",\"name\":\"\u041a\u043e\u0432\u0440\u043e\u043c\u043e\u0435\u0447\u043d\u044b\u0435 \u043c\u0430\u0448\u0438\u043d\u044b 2.7 \u043c. - Machine \u00e0 laver les tapis\",\"isPartOf\":{\"@id\":\"https:\/\/www.thecarpetwashingmachine.com\/#website\"},\"primaryImageOfPage\":{\"@id\":\"https:\/\/www.thecarpetwashingmachine.com\/carpet-washing-machine-2-7-m\/#primaryimage\"},\"image\":{\"@id\":\"https:\/\/www.thecarpetwashingmachine.com\/carpet-washing-machine-2-7-m\/#primaryimage\"},\"thumbnailUrl\":\"https:\/\/www.thecarpetwashingmachine.com\/wp-content\/uploads\/2018\/05\/carpet-washing-machine.png\",\"datePublished\":\"2018-05-24T17:44:19+00:00\",\"dateModified\":\"2025-07-07T13:56:34+00:00\",\"description\":\"\u0421\u0442\u0430\u043d\u0434\u0430\u0440\u0442\u043d\u044b\u0435 \u043c\u0430\u0448\u0438\u043d\u044b \u0434\u043b\u044f \u0441\u0442\u0438\u0440\u043a\u0438 \u043a\u043e\u0432\u0440\u043e\u0432 \u043e\u0431\u044b\u0447\u043d\u043e \u0438\u043c\u0435\u044e\u0442 \u0448\u0438\u0440\u0438\u043d\u0443 \u043a\u043e\u043d\u0432\u0435\u0439\u0435\u0440\u043d\u043e\u0439 \u043b\u0435\u043d\u0442\u044b 2,7 \u043c, \u0442\u0430\u043a\u0436\u0435 \u0438\u0437\u0432\u0435\u0441\u0442\u043d\u0443\u044e \u043a\u0430\u043a \u043c\u0430\u043a\u0441\u0438\u043c\u0430\u043b\u044c\u043d\u0430\u044f \u0448\u0438\u0440\u0438\u043d\u0430 \u043a\u043e\u0432\u0440\u0430. \u042d\u0442\u043e \u0441\u0430\u043c\u044b\u0435 \u043f\u0440\u043e\u0434\u0430\u0432\u0430\u0435\u043c\u044b\u0435 \u043c\u0430\u0448\u0438\u043d\u044b \u0441\u0440\u0435\u0434\u0438 \u0442\u0435\u0445, \u043a\u0442\u043e \u0437\u0430\u043d\u0438\u043c\u0430\u0435\u0442\u0441\u044f \u0441\u0442\u0438\u0440\u043a\u043e\u0439 \u043a\u043e\u0432\u0440\u043e\u0432.\",\"breadcrumb\":{\"@id\":\"https:\/\/www.thecarpetwashingmachine.com\/carpet-washing-machine-2-7-m\/#breadcrumb\"},\"inLanguage\":\"fr-FR\",\"potentialAction\":[{\"@type\":\"ReadAction\",\"target\":[\"https:\/\/www.thecarpetwashingmachine.com\/carpet-washing-machine-2-7-m\/\"]}]},{\"@type\":\"ImageObject\",\"inLanguage\":\"fr-FR\",\"@id\":\"https:\/\/www.thecarpetwashingmachine.com\/carpet-washing-machine-2-7-m\/#primaryimage\",\"url\":\"https:\/\/www.thecarpetwashingmachine.com\/wp-content\/uploads\/2018\/05\/carpet-washing-machine.png\",\"contentUrl\":\"https:\/\/www.thecarpetwashingmachine.com\/wp-content\/uploads\/2018\/05\/carpet-washing-machine.png\"},{\"@type\":\"BreadcrumbList\",\"@id\":\"https:\/\/www.thecarpetwashingmachine.com\/carpet-washing-machine-2-7-m\/#breadcrumb\",\"itemListElement\":[{\"@type\":\"ListItem\",\"position\":1,\"name\":\"Home\",\"item\":\"https:\/\/www.thecarpetwashingmachine.com\/\"},{\"@type\":\"ListItem\",\"position\":2,\"name\":\"Carpet Washing Machine 2.7 m\"}]},{\"@type\":\"WebSite\",\"@id\":\"https:\/\/www.thecarpetwashingmachine.com\/#website\",\"url\":\"https:\/\/www.thecarpetwashingmachine.com\/\",\"name\":\"Machine \u00e0 laver les tapis\",\"description\":\"La machine \u00e0 laver les tapis est partout dans le monde !\",\"potentialAction\":[{\"@type\":\"SearchAction\",\"target\":{\"@type\":\"EntryPoint\",\"urlTemplate\":\"https:\/\/www.thecarpetwashingmachine.com\/?s={search_term_string}\"},\"query-input\":{\"@type\":\"PropertyValueSpecification\",\"valueRequired\":true,\"valueName\":\"search_term_string\"}}],\"inLanguage\":\"fr-FR\"}]}<\/script>\n<!-- \/ Yoast SEO plugin. -->","yoast_head_json":{"title":"Machine pas ch\u00e8re \u00e0 laver des tapis 2.7 m - Machine \u00e0 laver les tapis","description":"Les machines \u00e0 laver les tapis standard ont g\u00e9n\u00e9ralement une largeur de bande transporteuse de 2,7 m, \u00e9galement connue comme la largeur maximale de tapis. Ce sont les machines les plus vendues parmi les laveurs de tapis.","robots":{"index":"index","follow":"follow","max-snippet":"max-snippet:-1","max-image-preview":"max-image-preview:large","max-video-preview":"max-video-preview:-1"},"canonical":"https:\/\/www.thecarpetwashingmachine.com\/carpet-washing-machine-2-7-m\/","og_locale":"fr_FR","og_type":"article","og_title":"Machine pas ch\u00e8re \u00e0 laver des tapis 2.7 m - Machine \u00e0 laver les tapis","og_description":"Les machines \u00e0 laver les tapis standard ont g\u00e9n\u00e9ralement une largeur de bande transporteuse de 2,7 m, \u00e9galement connue comme la largeur maximale de tapis. Ce sont les machines les plus vendues parmi les laveurs de tapis.","og_url":"https:\/\/www.thecarpetwashingmachine.com\/carpet-washing-machine-2-7-m\/","og_site_name":"Machine \u00e0 laver les tapis","article_publisher":"http:\/\/www.facebook.com\/carpetwashingmachine","article_modified_time":"2025-07-07T13:56:34+00:00","og_image":[{"width":500,"height":278,"url":"https:\/\/www.thecarpetwashingmachine.com\/wp-content\/uploads\/2018\/05\/carpet-washing-machine.png","type":"image\/png"}],"twitter_card":"summary_large_image","twitter_misc":{"Dur\u00e9e de lecture estim\u00e9e":"2 minutes"},"schema":{"@context":"https:\/\/schema.org","@graph":[{"@type":"WebPage","@id":"https:\/\/www.thecarpetwashingmachine.com\/carpet-washing-machine-2-7-m\/","url":"https:\/\/www.thecarpetwashingmachine.com\/carpet-washing-machine-2-7-m\/","name":"\u041a\u043e\u0432\u0440\u043e\u043c\u043e\u0435\u0447\u043d\u044b\u0435 \u043c\u0430\u0448\u0438\u043d\u044b 2.7 \u043c. - Machine \u00e0 laver les tapis","isPartOf":{"@id":"https:\/\/www.thecarpetwashingmachine.com\/#website"},"primaryImageOfPage":{"@id":"https:\/\/www.thecarpetwashingmachine.com\/carpet-washing-machine-2-7-m\/#primaryimage"},"image":{"@id":"https:\/\/www.thecarpetwashingmachine.com\/carpet-washing-machine-2-7-m\/#primaryimage"},"thumbnailUrl":"https:\/\/www.thecarpetwashingmachine.com\/wp-content\/uploads\/2018\/05\/carpet-washing-machine.png","datePublished":"2018-05-24T17:44:19+00:00","dateModified":"2025-07-07T13:56:34+00:00","description":"\u0421\u0442\u0430\u043d\u0434\u0430\u0440\u0442\u043d\u044b\u0435 \u043c\u0430\u0448\u0438\u043d\u044b \u0434\u043b\u044f \u0441\u0442\u0438\u0440\u043a\u0438 \u043a\u043e\u0432\u0440\u043e\u0432 \u043e\u0431\u044b\u0447\u043d\u043e \u0438\u043c\u0435\u044e\u0442 \u0448\u0438\u0440\u0438\u043d\u0443 \u043a\u043e\u043d\u0432\u0435\u0439\u0435\u0440\u043d\u043e\u0439 \u043b\u0435\u043d\u0442\u044b 2,7 \u043c, \u0442\u0430\u043a\u0436\u0435 \u0438\u0437\u0432\u0435\u0441\u0442\u043d\u0443\u044e \u043a\u0430\u043a \u043c\u0430\u043a\u0441\u0438\u043c\u0430\u043b\u044c\u043d\u0430\u044f \u0448\u0438\u0440\u0438\u043d\u0430 \u043a\u043e\u0432\u0440\u0430. \u042d\u0442\u043e \u0441\u0430\u043c\u044b\u0435 \u043f\u0440\u043e\u0434\u0430\u0432\u0430\u0435\u043c\u044b\u0435 \u043c\u0430\u0448\u0438\u043d\u044b \u0441\u0440\u0435\u0434\u0438 \u0442\u0435\u0445, \u043a\u0442\u043e \u0437\u0430\u043d\u0438\u043c\u0430\u0435\u0442\u0441\u044f \u0441\u0442\u0438\u0440\u043a\u043e\u0439 \u043a\u043e\u0432\u0440\u043e\u0432.","breadcrumb":{"@id":"https:\/\/www.thecarpetwashingmachine.com\/carpet-washing-machine-2-7-m\/#breadcrumb"},"inLanguage":"fr-FR","potentialAction":[{"@type":"ReadAction","target":["https:\/\/www.thecarpetwashingmachine.com\/carpet-washing-machine-2-7-m\/"]}]},{"@type":"ImageObject","inLanguage":"fr-FR","@id":"https:\/\/www.thecarpetwashingmachine.com\/carpet-washing-machine-2-7-m\/#primaryimage","url":"https:\/\/www.thecarpetwashingmachine.com\/wp-content\/uploads\/2018\/05\/carpet-washing-machine.png","contentUrl":"https:\/\/www.thecarpetwashingmachine.com\/wp-content\/uploads\/2018\/05\/carpet-washing-machine.png"},{"@type":"BreadcrumbList","@id":"https:\/\/www.thecarpetwashingmachine.com\/carpet-washing-machine-2-7-m\/#breadcrumb","itemListElement":[{"@type":"ListItem","position":1,"name":"Home","item":"https:\/\/www.thecarpetwashingmachine.com\/"},{"@type":"ListItem","position":2,"name":"Carpet Washing Machine 2.7 m"}]},{"@type":"WebSite","@id":"https:\/\/www.thecarpetwashingmachine.com\/#website","url":"https:\/\/www.thecarpetwashingmachine.com\/","name":"Machine \u00e0 laver les tapis","description":"La machine \u00e0 laver les tapis est partout dans le monde !","potentialAction":[{"@type":"SearchAction","target":{"@type":"EntryPoint","urlTemplate":"https:\/\/www.thecarpetwashingmachine.com\/?s={search_term_string}"},"query-input":{"@type":"PropertyValueSpecification","valueRequired":true,"valueName":"search_term_string"}}],"inLanguage":"fr-FR"}]}},"_links":{"self":[{"href":"https:\/\/www.thecarpetwashingmachine.com\/fr\/wp-json\/wp\/v2\/pages\/56","targetHints":{"allow":["GET"]}}],"collection":[{"href":"https:\/\/www.thecarpetwashingmachine.com\/fr\/wp-json\/wp\/v2\/pages"}],"about":[{"href":"https:\/\/www.thecarpetwashingmachine.com\/fr\/wp-json\/wp\/v2\/types\/page"}],"author":[{"embeddable":true,"href":"https:\/\/www.thecarpetwashingmachine.com\/fr\/wp-json\/wp\/v2\/users\/1"}],"replies":[{"embeddable":true,"href":"https:\/\/www.thecarpetwashingmachine.com\/fr\/wp-json\/wp\/v2\/comments?post=56"}],"version-history":[{"count":53,"href":"https:\/\/www.thecarpetwashingmachine.com\/fr\/wp-json\/wp\/v2\/pages\/56\/revisions"}],"predecessor-version":[{"id":2081,"href":"https:\/\/www.thecarpetwashingmachine.com\/fr\/wp-json\/wp\/v2\/pages\/56\/revisions\/2081"}],"wp:attachment":[{"href":"https:\/\/www.thecarpetwashingmachine.com\/fr\/wp-json\/wp\/v2\/media?parent=56"}],"curies":[{"name":"wp","href":"https:\/\/api.w.org\/{rel}","templated":true}]}}