{"id":407,"date":"2025-03-14T08:45:31","date_gmt":"2025-03-14T08:45:31","guid":{"rendered":"https:\/\/www.thecarpetwashingmachine.com\/?page_id=407"},"modified":"2025-07-11T09:55:15","modified_gmt":"2025-07-11T09:55:15","slug":"er-5200-rug-washing-machine","status":"publish","type":"page","link":"https:\/\/www.thecarpetwashingmachine.com\/fr\/er-5200-rug-washing-machine\/","title":{"rendered":"Machine \u00e0 laver les tapis ER 5200"},"content":{"rendered":"<div class=\"wp-block-image alignnone wp-image-410\">\n<figure class=\"aligncenter size-full\"><img loading=\"lazy\" decoding=\"async\" width=\"750\" height=\"500\" src=\"https:\/\/www.thecarpetwashingmachine.com\/wp-content\/uploads\/2025\/07\/Untitled-design-10.png\" alt=\"Machine \u00e0 laver les tapis ER 5200\" class=\"wp-image-1618\" srcset=\"https:\/\/www.thecarpetwashingmachine.com\/wp-content\/uploads\/2025\/07\/Untitled-design-10.png 750w, https:\/\/www.thecarpetwashingmachine.com\/wp-content\/uploads\/2025\/07\/Untitled-design-10-300x200.png 300w\" sizes=\"auto, (max-width: 750px) 100vw, 750px\" \/><figcaption class=\"wp-element-caption\">Machine \u00e0 laver les tapis<\/figcaption><\/figure><\/div>\n\n\n<hr class=\"wp-block-separator has-alpha-channel-opacity\"\/>\n\n\n\n<p>La <strong>machine de lavage automatique de tapis ER 5200<\/strong> est notre plus grande machine de nettoyage de tapis standard. Elle peut accueillir des tapis d&rsquo;une largeur maximale de <strong>5,2 m\u00e8tres (17 pieds)<\/strong> et est \u00e9quip\u00e9e de <strong>8 brosses \u00e0 disque (4+4)<\/strong> ou de <strong>12 brosses \u00e0 disque (6+6)<\/strong>, selon le mod\u00e8le. On l&rsquo;utilise juste apr\u00e8s le d\u00e9poussi\u00e9rage des tapis avec un <a href=\"https:\/\/www.thecarpetwashingmachine.com\/fr\/carpet-dusting-machine\/\">d\u00e9poussi\u00e9reur automatique.<\/a><\/p>\n\n\n\n<p>Cette machine de lavage de tapis commerciale est con\u00e7ue pour les tapis extr\u00eamement grands, comme ceux de 5 x 6 m\u00e8tres, 5 x 8 m\u00e8tres, et m\u00eame 5 x 12 m\u00e8tres. Il est \u00e9galement possible de laver plusieurs tapis c\u00f4te \u00e0 c\u00f4te, comme avec nos autres machines professionnelles.<\/p>\n\n\n\n<h3 class=\"wp-block-heading\">Fonctionnement du Lavage<\/h3>\n\n\n\n<p>Les tapis sont d&rsquo;abord plac\u00e9s dans une <strong>grande cuve<\/strong> (cette cuve est beaucoup plus grande en capacit\u00e9 que les mod\u00e8les ER 4200 ou <a href=\"https:\/\/www.thecarpetwashingmachine.com\/fr\/carpet-washing-machine-3-2-m\/\">ER 3200<\/a>, non seulement en largeur mais aussi en longueur). Une fois les tapis imbib\u00e9s, ils sont pr\u00eats pour le lavage. Le processus est le m\u00eame que pour toutes nos machines industrielles de nettoyage de tapis : les tapis sont d&rsquo;abord bross\u00e9s pendant l&rsquo;application du shampoing, puis rinc\u00e9s avec un <strong>syst\u00e8me haute pression<\/strong>. Comme sur toutes nos machines de lavage de tapis, tous les processus sont <strong>automatiques<\/strong> et n\u00e9cessitent tr\u00e8s peu d&rsquo;intervention des op\u00e9rateurs.<\/p>\n\n\n\n<h3 class=\"wp-block-heading\">Mat\u00e9riaux et Durabilit\u00e9<\/h3>\n\n\n\n<p>La laveuse de tapis <strong>ER 5200<\/strong> est enti\u00e8rement fabriqu\u00e9e en <strong>acier inoxydable de qualit\u00e9 304<\/strong>. Elle offre une <strong>haute r\u00e9sistance \u00e0 la corrosion<\/strong>, notamment celle caus\u00e9e par l&rsquo;eau et les produits chimiques de nettoyage tels que le shampoing, la soude caustique et l&rsquo;eau de Javel. Compar\u00e9e aux laveuses fabriqu\u00e9es en acier galvanis\u00e9 \u00e0 chaud ou en acier rev\u00eatu d&rsquo;\u00e9poxy, sa <strong>dur\u00e9e de vie est bien plus longue<\/strong>.<\/p>\n\n\n\n<h3 class=\"wp-block-heading\">Accessoires Inclus<\/h3>\n\n\n\n<p>La machine de lavage de tapis ER 5200 est livr\u00e9e avec les accessoires suivants : <strong>1 grande cuve \u00e0 tapis<\/strong> pour le trempage, <strong>1 pompe haute pression de 150 bars<\/strong>, et <strong>2 chariots \u00e0 tapis<\/strong> (un grand et un de taille moyenne) pour d\u00e9placer les tapis dans l&rsquo;atelier.<\/p>\n","protected":false},"excerpt":{"rendered":"<p>La machine de lavage automatique de tapis ER 5200 est notre plus grande machine de nettoyage de tapis standard. Elle peut accueillir des tapis d&rsquo;une&hellip;<\/p>\n","protected":false},"author":1,"featured_media":0,"parent":0,"menu_order":0,"comment_status":"closed","ping_status":"closed","template":"","meta":{"footnotes":""},"class_list":["post-407","page","type-page","status-publish","hentry"],"translation":{"provider":"WPGlobus","version":"3.0.0","language":"fr","enabled_languages":["en","tr","fr","ar","es","de","pt","ru"],"languages":{"en":{"title":true,"content":true,"excerpt":false},"tr":{"title":true,"content":true,"excerpt":false},"fr":{"title":true,"content":true,"excerpt":false},"ar":{"title":true,"content":true,"excerpt":false},"es":{"title":true,"content":true,"excerpt":false},"de":{"title":true,"content":true,"excerpt":false},"pt":{"title":true,"content":true,"excerpt":false},"ru":{"title":true,"content":true,"excerpt":false}}},"yoast_head":"<!-- This site is optimized with the Yoast SEO plugin v24.7 - https:\/\/yoast.com\/wordpress\/plugins\/seo\/ -->\n<title>Machine \u00e0 laver les tapis ER 5200 - Machine \u00e0 laver les tapis<\/title>\n<meta name=\"description\" content=\"L&#039;ER 5200, machine enti\u00e8rement automatique, est con\u00e7ue pour nettoyer les plus grands tapis dans les usines de lavage commerciales.\" \/>\n<meta name=\"robots\" content=\"index, follow, max-snippet:-1, max-image-preview:large, max-video-preview:-1\" \/>\n<link rel=\"canonical\" href=\"https:\/\/www.thecarpetwashingmachine.com\/er-5200-rug-washing-machine\/\" \/>\n<meta property=\"og:locale\" content=\"fr_FR\" \/>\n<meta property=\"og:type\" content=\"article\" \/>\n<meta property=\"og:title\" content=\"Machine \u00e0 laver les tapis ER 5200 - Machine \u00e0 laver les tapis\" \/>\n<meta property=\"og:description\" content=\"L&#039;ER 5200, machine enti\u00e8rement automatique, est con\u00e7ue pour nettoyer les plus grands tapis dans les usines de lavage commerciales.\" \/>\n<meta property=\"og:url\" content=\"https:\/\/www.thecarpetwashingmachine.com\/er-5200-rug-washing-machine\/\" \/>\n<meta property=\"og:site_name\" content=\"Machine \u00e0 laver les tapis\" \/>\n<meta property=\"article:publisher\" content=\"http:\/\/www.facebook.com\/carpetwashingmachine\" \/>\n<meta property=\"article:modified_time\" content=\"2025-07-11T09:55:15+00:00\" \/>\n<meta property=\"og:image\" content=\"https:\/\/www.thecarpetwashingmachine.com\/wp-content\/uploads\/2025\/07\/Untitled-design-10.png\" \/>\n\t<meta property=\"og:image:width\" content=\"750\" \/>\n\t<meta property=\"og:image:height\" content=\"500\" \/>\n\t<meta property=\"og:image:type\" content=\"image\/png\" \/>\n<meta name=\"twitter:card\" content=\"summary_large_image\" \/>\n<meta name=\"twitter:label1\" content=\"Dur\u00e9e de lecture estim\u00e9e\" \/>\n\t<meta name=\"twitter:data1\" content=\"2 minutes\" \/>\n<script type=\"application\/ld+json\" class=\"yoast-schema-graph\">{\"@context\":\"https:\/\/schema.org\",\"@graph\":[{\"@type\":\"WebPage\",\"@id\":\"https:\/\/www.thecarpetwashingmachine.com\/er-5200-rug-washing-machine\/\",\"url\":\"https:\/\/www.thecarpetwashingmachine.com\/er-5200-rug-washing-machine\/\",\"name\":\"\u041c\u0430\u0448\u0438\u043d\u0430 \u0434\u043b\u044f \u0441\u0442\u0438\u0440\u043a\u0438 \u043a\u043e\u0432\u0440\u043e\u0432 ER 5200 - Machine \u00e0 laver les tapis\",\"isPartOf\":{\"@id\":\"https:\/\/www.thecarpetwashingmachine.com\/#website\"},\"primaryImageOfPage\":{\"@id\":\"https:\/\/www.thecarpetwashingmachine.com\/er-5200-rug-washing-machine\/#primaryimage\"},\"image\":{\"@id\":\"https:\/\/www.thecarpetwashingmachine.com\/er-5200-rug-washing-machine\/#primaryimage\"},\"thumbnailUrl\":\"https:\/\/www.thecarpetwashingmachine.com\/wp-content\/uploads\/2025\/07\/Untitled-design-10.png\",\"datePublished\":\"2025-03-14T08:45:31+00:00\",\"dateModified\":\"2025-07-11T09:55:15+00:00\",\"description\":\"ER 5200, \u0430\u0432\u0442\u043e\u043c\u0430\u0442\u0438\u0447\u0435\u0441\u043a\u0430\u044f \u043c\u0430\u0448\u0438\u043d\u0430, \u0438\u0441\u043f\u043e\u043b\u044c\u0437\u0443\u0435\u0442\u0441\u044f \u0434\u043b\u044f \u0447\u0438\u0441\u0442\u043a\u0438 \u0441\u0430\u043c\u044b\u0445 \u0431\u043e\u043b\u044c\u0448\u0438\u0445 \u043a\u043e\u0432\u0440\u043e\u0432 \u0432 \u043a\u043e\u043c\u043c\u0435\u0440\u0447\u0435\u0441\u043a\u0438\u0445 \u043f\u0440\u0430\u0447\u0435\u0447\u043d\u044b\u0445.\",\"breadcrumb\":{\"@id\":\"https:\/\/www.thecarpetwashingmachine.com\/er-5200-rug-washing-machine\/#breadcrumb\"},\"inLanguage\":\"fr-FR\",\"potentialAction\":[{\"@type\":\"ReadAction\",\"target\":[\"https:\/\/www.thecarpetwashingmachine.com\/er-5200-rug-washing-machine\/\"]}]},{\"@type\":\"ImageObject\",\"inLanguage\":\"fr-FR\",\"@id\":\"https:\/\/www.thecarpetwashingmachine.com\/er-5200-rug-washing-machine\/#primaryimage\",\"url\":\"https:\/\/www.thecarpetwashingmachine.com\/wp-content\/uploads\/2025\/07\/Untitled-design-10.png\",\"contentUrl\":\"https:\/\/www.thecarpetwashingmachine.com\/wp-content\/uploads\/2025\/07\/Untitled-design-10.png\"},{\"@type\":\"BreadcrumbList\",\"@id\":\"https:\/\/www.thecarpetwashingmachine.com\/er-5200-rug-washing-machine\/#breadcrumb\",\"itemListElement\":[{\"@type\":\"ListItem\",\"position\":1,\"name\":\"Home\",\"item\":\"https:\/\/www.thecarpetwashingmachine.com\/\"},{\"@type\":\"ListItem\",\"position\":2,\"name\":\"Rug Washing Machine ER 5200\"}]},{\"@type\":\"WebSite\",\"@id\":\"https:\/\/www.thecarpetwashingmachine.com\/#website\",\"url\":\"https:\/\/www.thecarpetwashingmachine.com\/\",\"name\":\"Machine \u00e0 laver les tapis\",\"description\":\"La machine \u00e0 laver les tapis est partout dans le monde !\",\"potentialAction\":[{\"@type\":\"SearchAction\",\"target\":{\"@type\":\"EntryPoint\",\"urlTemplate\":\"https:\/\/www.thecarpetwashingmachine.com\/?s={search_term_string}\"},\"query-input\":{\"@type\":\"PropertyValueSpecification\",\"valueRequired\":true,\"valueName\":\"search_term_string\"}}],\"inLanguage\":\"fr-FR\"}]}<\/script>\n<!-- \/ Yoast SEO plugin. -->","yoast_head_json":{"title":"Machine \u00e0 laver les tapis ER 5200 - Machine \u00e0 laver les tapis","description":"L'ER 5200, machine enti\u00e8rement automatique, est con\u00e7ue pour nettoyer les plus grands tapis dans les usines de lavage commerciales.","robots":{"index":"index","follow":"follow","max-snippet":"max-snippet:-1","max-image-preview":"max-image-preview:large","max-video-preview":"max-video-preview:-1"},"canonical":"https:\/\/www.thecarpetwashingmachine.com\/er-5200-rug-washing-machine\/","og_locale":"fr_FR","og_type":"article","og_title":"Machine \u00e0 laver les tapis ER 5200 - Machine \u00e0 laver les tapis","og_description":"L'ER 5200, machine enti\u00e8rement automatique, est con\u00e7ue pour nettoyer les plus grands tapis dans les usines de lavage commerciales.","og_url":"https:\/\/www.thecarpetwashingmachine.com\/er-5200-rug-washing-machine\/","og_site_name":"Machine \u00e0 laver les tapis","article_publisher":"http:\/\/www.facebook.com\/carpetwashingmachine","article_modified_time":"2025-07-11T09:55:15+00:00","og_image":[{"width":750,"height":500,"url":"https:\/\/www.thecarpetwashingmachine.com\/wp-content\/uploads\/2025\/07\/Untitled-design-10.png","type":"image\/png"}],"twitter_card":"summary_large_image","twitter_misc":{"Dur\u00e9e de lecture estim\u00e9e":"2 minutes"},"schema":{"@context":"https:\/\/schema.org","@graph":[{"@type":"WebPage","@id":"https:\/\/www.thecarpetwashingmachine.com\/er-5200-rug-washing-machine\/","url":"https:\/\/www.thecarpetwashingmachine.com\/er-5200-rug-washing-machine\/","name":"\u041c\u0430\u0448\u0438\u043d\u0430 \u0434\u043b\u044f \u0441\u0442\u0438\u0440\u043a\u0438 \u043a\u043e\u0432\u0440\u043e\u0432 ER 5200 - Machine \u00e0 laver les tapis","isPartOf":{"@id":"https:\/\/www.thecarpetwashingmachine.com\/#website"},"primaryImageOfPage":{"@id":"https:\/\/www.thecarpetwashingmachine.com\/er-5200-rug-washing-machine\/#primaryimage"},"image":{"@id":"https:\/\/www.thecarpetwashingmachine.com\/er-5200-rug-washing-machine\/#primaryimage"},"thumbnailUrl":"https:\/\/www.thecarpetwashingmachine.com\/wp-content\/uploads\/2025\/07\/Untitled-design-10.png","datePublished":"2025-03-14T08:45:31+00:00","dateModified":"2025-07-11T09:55:15+00:00","description":"ER 5200, \u0430\u0432\u0442\u043e\u043c\u0430\u0442\u0438\u0447\u0435\u0441\u043a\u0430\u044f \u043c\u0430\u0448\u0438\u043d\u0430, \u0438\u0441\u043f\u043e\u043b\u044c\u0437\u0443\u0435\u0442\u0441\u044f \u0434\u043b\u044f \u0447\u0438\u0441\u0442\u043a\u0438 \u0441\u0430\u043c\u044b\u0445 \u0431\u043e\u043b\u044c\u0448\u0438\u0445 \u043a\u043e\u0432\u0440\u043e\u0432 \u0432 \u043a\u043e\u043c\u043c\u0435\u0440\u0447\u0435\u0441\u043a\u0438\u0445 \u043f\u0440\u0430\u0447\u0435\u0447\u043d\u044b\u0445.","breadcrumb":{"@id":"https:\/\/www.thecarpetwashingmachine.com\/er-5200-rug-washing-machine\/#breadcrumb"},"inLanguage":"fr-FR","potentialAction":[{"@type":"ReadAction","target":["https:\/\/www.thecarpetwashingmachine.com\/er-5200-rug-washing-machine\/"]}]},{"@type":"ImageObject","inLanguage":"fr-FR","@id":"https:\/\/www.thecarpetwashingmachine.com\/er-5200-rug-washing-machine\/#primaryimage","url":"https:\/\/www.thecarpetwashingmachine.com\/wp-content\/uploads\/2025\/07\/Untitled-design-10.png","contentUrl":"https:\/\/www.thecarpetwashingmachine.com\/wp-content\/uploads\/2025\/07\/Untitled-design-10.png"},{"@type":"BreadcrumbList","@id":"https:\/\/www.thecarpetwashingmachine.com\/er-5200-rug-washing-machine\/#breadcrumb","itemListElement":[{"@type":"ListItem","position":1,"name":"Home","item":"https:\/\/www.thecarpetwashingmachine.com\/"},{"@type":"ListItem","position":2,"name":"Rug Washing Machine ER 5200"}]},{"@type":"WebSite","@id":"https:\/\/www.thecarpetwashingmachine.com\/#website","url":"https:\/\/www.thecarpetwashingmachine.com\/","name":"Machine \u00e0 laver les tapis","description":"La machine \u00e0 laver les tapis est partout dans le monde !","potentialAction":[{"@type":"SearchAction","target":{"@type":"EntryPoint","urlTemplate":"https:\/\/www.thecarpetwashingmachine.com\/?s={search_term_string}"},"query-input":{"@type":"PropertyValueSpecification","valueRequired":true,"valueName":"search_term_string"}}],"inLanguage":"fr-FR"}]}},"_links":{"self":[{"href":"https:\/\/www.thecarpetwashingmachine.com\/fr\/wp-json\/wp\/v2\/pages\/407","targetHints":{"allow":["GET"]}}],"collection":[{"href":"https:\/\/www.thecarpetwashingmachine.com\/fr\/wp-json\/wp\/v2\/pages"}],"about":[{"href":"https:\/\/www.thecarpetwashingmachine.com\/fr\/wp-json\/wp\/v2\/types\/page"}],"author":[{"embeddable":true,"href":"https:\/\/www.thecarpetwashingmachine.com\/fr\/wp-json\/wp\/v2\/users\/1"}],"replies":[{"embeddable":true,"href":"https:\/\/www.thecarpetwashingmachine.com\/fr\/wp-json\/wp\/v2\/comments?post=407"}],"version-history":[{"count":57,"href":"https:\/\/www.thecarpetwashingmachine.com\/fr\/wp-json\/wp\/v2\/pages\/407\/revisions"}],"predecessor-version":[{"id":2176,"href":"https:\/\/www.thecarpetwashingmachine.com\/fr\/wp-json\/wp\/v2\/pages\/407\/revisions\/2176"}],"wp:attachment":[{"href":"https:\/\/www.thecarpetwashingmachine.com\/fr\/wp-json\/wp\/v2\/media?parent=407"}],"curies":[{"name":"wp","href":"https:\/\/api.w.org\/{rel}","templated":true}]}}