{"id":405,"date":"2025-06-12T10:39:57","date_gmt":"2025-06-12T10:39:57","guid":{"rendered":"https:\/\/www.thecarpetwashingmachine.com\/?page_id=405"},"modified":"2025-07-28T14:16:49","modified_gmt":"2025-07-28T14:16:49","slug":"hsm-4200-rug-wringer","status":"publish","type":"page","link":"https:\/\/www.thecarpetwashingmachine.com\/fr\/hsm-4200-rug-wringer\/","title":{"rendered":"Machine \u00e0 essorer les tapis &#8211; HSM 4200"},"content":{"rendered":"<div class=\"wp-block-image\">\n<figure class=\"aligncenter size-full\"><img loading=\"lazy\" decoding=\"async\" width=\"750\" height=\"500\" src=\"https:\/\/www.thecarpetwashingmachine.com\/wp-content\/uploads\/2025\/07\/Untitled-design-11.png\" alt=\"Essoreuse \u00e0 tapis HSM 4200\" class=\"wp-image-1636\" srcset=\"https:\/\/www.thecarpetwashingmachine.com\/wp-content\/uploads\/2025\/07\/Untitled-design-11.png 750w, https:\/\/www.thecarpetwashingmachine.com\/wp-content\/uploads\/2025\/07\/Untitled-design-11-300x200.png 300w\" sizes=\"auto, (max-width: 750px) 100vw, 750px\" \/><\/figure><\/div>\n\n\n<p><\/p>\n\n\n\n<p>Le HSM 4200 Essoreuse \u00e0 Tapis est l&rsquo;une des plus grandes essoreuses \u00e0 tapis que nous produisons. Sa largeur maximale de tapis est de 4 m\u00e8tres (14 pieds). Les cylindres internes et externes sont tous deux fabriqu\u00e9s en acier inoxydable de grade 304, le cylindre externe ayant une \u00e9paisseur de 2,5 mm et le cylindre interne de 3,5 mm. Elle est \u00e9quip\u00e9e de 4 ressorts pneumatiques, 4 amortisseurs et 10 tampons anti-vibration, chacun ayant une fonction distincte. Elle fonctionne avec un syst\u00e8me de porte assist\u00e9 par piston pneumatique.<\/p>\n","protected":false},"excerpt":{"rendered":"<p>Le HSM 4200 Essoreuse \u00e0 Tapis est l&rsquo;une des plus grandes essoreuses \u00e0 tapis que nous produisons. Sa largeur maximale de tapis est de 4&hellip;<\/p>\n","protected":false},"author":1,"featured_media":0,"parent":0,"menu_order":0,"comment_status":"closed","ping_status":"closed","template":"","meta":{"footnotes":""},"class_list":["post-405","page","type-page","status-publish","hentry"],"translation":{"provider":"WPGlobus","version":"3.0.0","language":"fr","enabled_languages":["en","tr","fr","ar","es","de","pt","ru"],"languages":{"en":{"title":true,"content":true,"excerpt":false},"tr":{"title":true,"content":true,"excerpt":false},"fr":{"title":true,"content":true,"excerpt":false},"ar":{"title":true,"content":true,"excerpt":false},"es":{"title":true,"content":true,"excerpt":false},"de":{"title":true,"content":true,"excerpt":false},"pt":{"title":true,"content":true,"excerpt":false},"ru":{"title":true,"content":true,"excerpt":false}}},"yoast_head":"<!-- This site is optimized with the Yoast SEO plugin v24.7 - https:\/\/yoast.com\/wordpress\/plugins\/seo\/ -->\n<title>Rug Wringer HSM 4200 - Machine \u00e0 laver les tapis<\/title>\n<meta name=\"description\" content=\"HSM 4200 Essoreuse: 4m de tapis max, acier inox 304, anti-vibration et porte \u00e0 piston pour un essorage optimal.\" \/>\n<meta name=\"robots\" content=\"index, follow, max-snippet:-1, max-image-preview:large, max-video-preview:-1\" \/>\n<link rel=\"canonical\" href=\"https:\/\/www.thecarpetwashingmachine.com\/hsm-4200-rug-wringer\/\" \/>\n<meta property=\"og:locale\" content=\"fr_FR\" \/>\n<meta property=\"og:type\" content=\"article\" \/>\n<meta property=\"og:title\" content=\"Machine \u00e0 essorer les tapis - HSM 4200 - Machine \u00e0 laver les tapis\" \/>\n<meta property=\"og:description\" content=\"HSM 4200 Essoreuse: 4m de tapis max, acier inox 304, anti-vibration et porte \u00e0 piston pour un essorage optimal.\" \/>\n<meta property=\"og:url\" content=\"https:\/\/www.thecarpetwashingmachine.com\/hsm-4200-rug-wringer\/\" \/>\n<meta property=\"og:site_name\" content=\"Machine \u00e0 laver les tapis\" \/>\n<meta property=\"article:publisher\" content=\"http:\/\/www.facebook.com\/carpetwashingmachine\" \/>\n<meta property=\"article:modified_time\" content=\"2025-07-28T14:16:49+00:00\" \/>\n<meta property=\"og:image\" content=\"https:\/\/www.thecarpetwashingmachine.com\/wp-content\/uploads\/2025\/07\/Untitled-design-11.png\" \/>\n\t<meta property=\"og:image:width\" content=\"750\" \/>\n\t<meta property=\"og:image:height\" content=\"500\" \/>\n\t<meta property=\"og:image:type\" content=\"image\/png\" \/>\n<meta name=\"twitter:card\" content=\"summary_large_image\" \/>\n<script type=\"application\/ld+json\" class=\"yoast-schema-graph\">{\"@context\":\"https:\/\/schema.org\",\"@graph\":[{\"@type\":\"WebPage\",\"@id\":\"https:\/\/www.thecarpetwashingmachine.com\/hsm-4200-rug-wringer\/\",\"url\":\"https:\/\/www.thecarpetwashingmachine.com\/hsm-4200-rug-wringer\/\",\"name\":\"Rug Wringer HSM 4200 - Machine \u00e0 laver les tapis\",\"isPartOf\":{\"@id\":\"https:\/\/www.thecarpetwashingmachine.com\/#website\"},\"primaryImageOfPage\":{\"@id\":\"https:\/\/www.thecarpetwashingmachine.com\/hsm-4200-rug-wringer\/#primaryimage\"},\"image\":{\"@id\":\"https:\/\/www.thecarpetwashingmachine.com\/hsm-4200-rug-wringer\/#primaryimage\"},\"thumbnailUrl\":\"https:\/\/www.thecarpetwashingmachine.com\/wp-content\/uploads\/2025\/07\/Untitled-design-11.png\",\"datePublished\":\"2025-06-12T10:39:57+00:00\",\"dateModified\":\"2025-07-28T14:16:49+00:00\",\"description\":\"HSM 4200 Rug Wringer: Maximize cleaning! This 14-foot machine boasts 304 stainless steel and vibration dampening for optimal results.\",\"breadcrumb\":{\"@id\":\"https:\/\/www.thecarpetwashingmachine.com\/hsm-4200-rug-wringer\/#breadcrumb\"},\"inLanguage\":\"fr-FR\",\"potentialAction\":[{\"@type\":\"ReadAction\",\"target\":[\"https:\/\/www.thecarpetwashingmachine.com\/hsm-4200-rug-wringer\/\"]}]},{\"@type\":\"ImageObject\",\"inLanguage\":\"fr-FR\",\"@id\":\"https:\/\/www.thecarpetwashingmachine.com\/hsm-4200-rug-wringer\/#primaryimage\",\"url\":\"https:\/\/www.thecarpetwashingmachine.com\/wp-content\/uploads\/2025\/07\/Untitled-design-11.png\",\"contentUrl\":\"https:\/\/www.thecarpetwashingmachine.com\/wp-content\/uploads\/2025\/07\/Untitled-design-11.png\"},{\"@type\":\"BreadcrumbList\",\"@id\":\"https:\/\/www.thecarpetwashingmachine.com\/hsm-4200-rug-wringer\/#breadcrumb\",\"itemListElement\":[{\"@type\":\"ListItem\",\"position\":1,\"name\":\"Home\",\"item\":\"https:\/\/www.thecarpetwashingmachine.com\/\"},{\"@type\":\"ListItem\",\"position\":2,\"name\":\"Carpet Wringing Machine &#8211; HSM 4200\"}]},{\"@type\":\"WebSite\",\"@id\":\"https:\/\/www.thecarpetwashingmachine.com\/#website\",\"url\":\"https:\/\/www.thecarpetwashingmachine.com\/\",\"name\":\"Machine \u00e0 laver les tapis\",\"description\":\"La machine \u00e0 laver les tapis est partout dans le monde !\",\"potentialAction\":[{\"@type\":\"SearchAction\",\"target\":{\"@type\":\"EntryPoint\",\"urlTemplate\":\"https:\/\/www.thecarpetwashingmachine.com\/?s={search_term_string}\"},\"query-input\":{\"@type\":\"PropertyValueSpecification\",\"valueRequired\":true,\"valueName\":\"search_term_string\"}}],\"inLanguage\":\"fr-FR\"}]}<\/script>\n<!-- \/ Yoast SEO plugin. -->","yoast_head_json":{"title":"Rug Wringer HSM 4200 - Machine \u00e0 laver les tapis","description":"HSM 4200 Essoreuse: 4m de tapis max, acier inox 304, anti-vibration et porte \u00e0 piston pour un essorage optimal.","robots":{"index":"index","follow":"follow","max-snippet":"max-snippet:-1","max-image-preview":"max-image-preview:large","max-video-preview":"max-video-preview:-1"},"canonical":"https:\/\/www.thecarpetwashingmachine.com\/hsm-4200-rug-wringer\/","og_locale":"fr_FR","og_type":"article","og_title":"Machine \u00e0 essorer les tapis - HSM 4200 - Machine \u00e0 laver les tapis","og_description":"HSM 4200 Essoreuse: 4m de tapis max, acier inox 304, anti-vibration et porte \u00e0 piston pour un essorage optimal.","og_url":"https:\/\/www.thecarpetwashingmachine.com\/hsm-4200-rug-wringer\/","og_site_name":"Machine \u00e0 laver les tapis","article_publisher":"http:\/\/www.facebook.com\/carpetwashingmachine","article_modified_time":"2025-07-28T14:16:49+00:00","og_image":[{"width":750,"height":500,"url":"https:\/\/www.thecarpetwashingmachine.com\/wp-content\/uploads\/2025\/07\/Untitled-design-11.png","type":"image\/png"}],"twitter_card":"summary_large_image","schema":{"@context":"https:\/\/schema.org","@graph":[{"@type":"WebPage","@id":"https:\/\/www.thecarpetwashingmachine.com\/hsm-4200-rug-wringer\/","url":"https:\/\/www.thecarpetwashingmachine.com\/hsm-4200-rug-wringer\/","name":"Rug Wringer HSM 4200 - Machine \u00e0 laver les tapis","isPartOf":{"@id":"https:\/\/www.thecarpetwashingmachine.com\/#website"},"primaryImageOfPage":{"@id":"https:\/\/www.thecarpetwashingmachine.com\/hsm-4200-rug-wringer\/#primaryimage"},"image":{"@id":"https:\/\/www.thecarpetwashingmachine.com\/hsm-4200-rug-wringer\/#primaryimage"},"thumbnailUrl":"https:\/\/www.thecarpetwashingmachine.com\/wp-content\/uploads\/2025\/07\/Untitled-design-11.png","datePublished":"2025-06-12T10:39:57+00:00","dateModified":"2025-07-28T14:16:49+00:00","description":"HSM 4200 Rug Wringer: Maximize cleaning! This 14-foot machine boasts 304 stainless steel and vibration dampening for optimal results.","breadcrumb":{"@id":"https:\/\/www.thecarpetwashingmachine.com\/hsm-4200-rug-wringer\/#breadcrumb"},"inLanguage":"fr-FR","potentialAction":[{"@type":"ReadAction","target":["https:\/\/www.thecarpetwashingmachine.com\/hsm-4200-rug-wringer\/"]}]},{"@type":"ImageObject","inLanguage":"fr-FR","@id":"https:\/\/www.thecarpetwashingmachine.com\/hsm-4200-rug-wringer\/#primaryimage","url":"https:\/\/www.thecarpetwashingmachine.com\/wp-content\/uploads\/2025\/07\/Untitled-design-11.png","contentUrl":"https:\/\/www.thecarpetwashingmachine.com\/wp-content\/uploads\/2025\/07\/Untitled-design-11.png"},{"@type":"BreadcrumbList","@id":"https:\/\/www.thecarpetwashingmachine.com\/hsm-4200-rug-wringer\/#breadcrumb","itemListElement":[{"@type":"ListItem","position":1,"name":"Home","item":"https:\/\/www.thecarpetwashingmachine.com\/"},{"@type":"ListItem","position":2,"name":"Carpet Wringing Machine &#8211; HSM 4200"}]},{"@type":"WebSite","@id":"https:\/\/www.thecarpetwashingmachine.com\/#website","url":"https:\/\/www.thecarpetwashingmachine.com\/","name":"Machine \u00e0 laver les tapis","description":"La machine \u00e0 laver les tapis est partout dans le monde !","potentialAction":[{"@type":"SearchAction","target":{"@type":"EntryPoint","urlTemplate":"https:\/\/www.thecarpetwashingmachine.com\/?s={search_term_string}"},"query-input":{"@type":"PropertyValueSpecification","valueRequired":true,"valueName":"search_term_string"}}],"inLanguage":"fr-FR"}]}},"_links":{"self":[{"href":"https:\/\/www.thecarpetwashingmachine.com\/fr\/wp-json\/wp\/v2\/pages\/405","targetHints":{"allow":["GET"]}}],"collection":[{"href":"https:\/\/www.thecarpetwashingmachine.com\/fr\/wp-json\/wp\/v2\/pages"}],"about":[{"href":"https:\/\/www.thecarpetwashingmachine.com\/fr\/wp-json\/wp\/v2\/types\/page"}],"author":[{"embeddable":true,"href":"https:\/\/www.thecarpetwashingmachine.com\/fr\/wp-json\/wp\/v2\/users\/1"}],"replies":[{"embeddable":true,"href":"https:\/\/www.thecarpetwashingmachine.com\/fr\/wp-json\/wp\/v2\/comments?post=405"}],"version-history":[{"count":84,"href":"https:\/\/www.thecarpetwashingmachine.com\/fr\/wp-json\/wp\/v2\/pages\/405\/revisions"}],"predecessor-version":[{"id":2519,"href":"https:\/\/www.thecarpetwashingmachine.com\/fr\/wp-json\/wp\/v2\/pages\/405\/revisions\/2519"}],"wp:attachment":[{"href":"https:\/\/www.thecarpetwashingmachine.com\/fr\/wp-json\/wp\/v2\/media?parent=405"}],"curies":[{"name":"wp","href":"https:\/\/api.w.org\/{rel}","templated":true}]}}