{"id":400,"date":"2025-03-05T11:19:12","date_gmt":"2025-03-05T11:19:12","guid":{"rendered":"https:\/\/www.thecarpetwashingmachine.com\/?page_id=400"},"modified":"2025-07-11T09:44:56","modified_gmt":"2025-07-11T09:44:56","slug":"automatic-carpet-washing-machine-er-4200","status":"publish","type":"page","link":"https:\/\/www.thecarpetwashingmachine.com\/fr\/automatic-carpet-washing-machine-er-4200\/","title":{"rendered":"Machine \u00e0 laver automatique les tapis &#8211; ER 4200"},"content":{"rendered":"<div class=\"wp-block-image\">\n<figure class=\"aligncenter size-full\"><img loading=\"lazy\" decoding=\"async\" width=\"750\" height=\"500\" src=\"https:\/\/www.thecarpetwashingmachine.com\/wp-content\/uploads\/2025\/07\/Untitled-design-10.png\" alt=\"Machine \u00e0 laver les tapis automatique ER 4200\" class=\"wp-image-1618\" srcset=\"https:\/\/www.thecarpetwashingmachine.com\/wp-content\/uploads\/2025\/07\/Untitled-design-10.png 750w, https:\/\/www.thecarpetwashingmachine.com\/wp-content\/uploads\/2025\/07\/Untitled-design-10-300x200.png 300w\" sizes=\"auto, (max-width: 750px) 100vw, 750px\" \/><\/figure><\/div>\n\n\n<p><\/p>\n\n\n\n<p>L&rsquo;ER 4200 est la machine de nettoyage de tapis industrielle et enti\u00e8rement automatique la plus populaire de notre gamme de produits. Elle offre une capacit\u00e9 maximale de largeur de tapis de 4 m\u00e8tres. Cela lui permet de laver efficacement de grands tapis, tels que ceux mesurant 4 par 6, 4 par 8 ou 4 par 12 m\u00e8tres. De plus, la machine peut laver simultan\u00e9ment deux tapis de 2 m\u00e8tres de large chacun. Elle permet \u00e9galement le lavage de trois ou quatre tapis de tailles diff\u00e9rentes, tant que la largeur combin\u00e9e reste dans la limite de 4 m\u00e8tres.<\/p>\n\n\n\n<p>L&rsquo;ER 4200 est \u00e9quip\u00e9e d&rsquo;un minimum de huit brosses \u00e0 disque, comprenant quatre brosses douces et quatre brosses dures. Comme toutes nos machines, elle est enti\u00e8rement fabriqu\u00e9e en acier inoxydable de qualit\u00e9 304, garantissant durabilit\u00e9 et long\u00e9vit\u00e9. Le syst\u00e8me PLC int\u00e9gr\u00e9 offre un haut niveau d&rsquo;automatisation pour <a href=\"https:\/\/www.thecarpetwashingmachine.com\/fr\/how-to-choose-the-right-carpet-washing-machine\/\">la machine de nettoyage de tapis<\/a> automatique, avec des capteurs contr\u00f4lant les brosses et le syst\u00e8me de rin\u00e7age pour un fonctionnement fluide. La machine int\u00e8gre notre syst\u00e8me de rin\u00e7age haute pression, aliment\u00e9 par une pompe capable de g\u00e9n\u00e9rer jusqu&rsquo;\u00e0 150 bars de pression.<\/p>\n\n\n\n<p>Les caract\u00e9ristiques optionnelles incluent une brosse cylindrique de nettoyage arri\u00e8re et une brosse cylindrique pour le nettoyage de surface, positionn\u00e9es imm\u00e9diatement apr\u00e8s les brosses \u00e0 disque. La machine de nettoyage de tapis automatique ER 4200 peut \u00e9galement \u00eatre construite avec une configuration de douze brosses \u00e0 disque, compos\u00e9es de six brosses douces et six brosses dures. Sa popularit\u00e9 g\u00e9n\u00e9ralis\u00e9e est due \u00e0 la demande croissante de machines plus grandes, qui permettent aux clients de traiter plusieurs tapis rapidement et facilement.<\/p>\n\n\n\n<p>Ergin Makina se positionne comme un leader dans le secteur des machines de nettoyage de tapis industrielles, fort de plus d&rsquo;un demi-si\u00e8cle d&rsquo;exp\u00e9rience. Op\u00e9rant depuis son usine de la zone industrielle organis\u00e9e de Pancar, l&rsquo;entreprise privil\u00e9gie la qualit\u00e9, la fiabilit\u00e9 et l&rsquo;innovation. Le d\u00e9vouement d&rsquo;Ergin Makina \u00e0 ces principes a solidifi\u00e9 sa position dans l&rsquo;industrie. Au-del\u00e0 des machines de nettoyage de tapis, ils produisent une gamme d&rsquo;\u00e9quipements de nettoyage industriels, d\u00e9montrant leur vaste expertise dans la fabrication de machines robustes et efficaces. De plus, Ergin Makina met \u00e9galement un fort accent sur la R&amp;D et a acquis de nombreux brevets, t\u00e9moignant de son engagement envers l&rsquo;am\u00e9lioration constante.<\/p>\n","protected":false},"excerpt":{"rendered":"<p>L&rsquo;ER 4200 est la machine de nettoyage de tapis industrielle et enti\u00e8rement automatique la plus populaire de notre gamme de produits. Elle offre une capacit\u00e9&hellip;<\/p>\n","protected":false},"author":1,"featured_media":0,"parent":0,"menu_order":0,"comment_status":"closed","ping_status":"closed","template":"","meta":{"footnotes":""},"class_list":["post-400","page","type-page","status-publish","hentry"],"translation":{"provider":"WPGlobus","version":"3.0.0","language":"fr","enabled_languages":["en","tr","fr","ar","es","de","pt","ru"],"languages":{"en":{"title":true,"content":true,"excerpt":false},"tr":{"title":true,"content":true,"excerpt":false},"fr":{"title":true,"content":true,"excerpt":false},"ar":{"title":true,"content":true,"excerpt":false},"es":{"title":true,"content":true,"excerpt":false},"de":{"title":true,"content":true,"excerpt":false},"pt":{"title":true,"content":true,"excerpt":false},"ru":{"title":true,"content":true,"excerpt":false}}},"yoast_head":"<!-- This site is optimized with the Yoast SEO plugin v24.7 - https:\/\/yoast.com\/wordpress\/plugins\/seo\/ -->\n<title>ER 4200 - Machine \u00e0 laver les tapis<\/title>\n<meta name=\"description\" content=\"Machine \u00e0 Laver les Tapis ER 4200 : Puissante, efficace et enti\u00e8rement automatique pour des r\u00e9sultats de nettoyage sup\u00e9rieurs \u00e0 chaque fois.\" \/>\n<meta name=\"robots\" content=\"index, follow, max-snippet:-1, max-image-preview:large, max-video-preview:-1\" \/>\n<link rel=\"canonical\" href=\"https:\/\/www.thecarpetwashingmachine.com\/automatic-carpet-washing-machine-er-4200\/\" \/>\n<meta property=\"og:locale\" content=\"fr_FR\" \/>\n<meta property=\"og:type\" content=\"article\" \/>\n<meta property=\"og:title\" content=\"ER 4200 - Machine \u00e0 laver les tapis\" \/>\n<meta property=\"og:description\" content=\"Machine \u00e0 Laver les Tapis ER 4200 : Puissante, efficace et enti\u00e8rement automatique pour des r\u00e9sultats de nettoyage sup\u00e9rieurs \u00e0 chaque fois.\" \/>\n<meta property=\"og:url\" content=\"https:\/\/www.thecarpetwashingmachine.com\/automatic-carpet-washing-machine-er-4200\/\" \/>\n<meta property=\"og:site_name\" content=\"Machine \u00e0 laver les tapis\" \/>\n<meta property=\"article:publisher\" content=\"http:\/\/www.facebook.com\/carpetwashingmachine\" \/>\n<meta property=\"article:modified_time\" content=\"2025-07-11T09:44:56+00:00\" \/>\n<meta property=\"og:image\" content=\"https:\/\/www.thecarpetwashingmachine.com\/wp-content\/uploads\/2025\/07\/Untitled-design-10.png\" \/>\n\t<meta property=\"og:image:width\" content=\"750\" \/>\n\t<meta property=\"og:image:height\" content=\"500\" \/>\n\t<meta property=\"og:image:type\" content=\"image\/png\" \/>\n<meta name=\"twitter:card\" content=\"summary_large_image\" \/>\n<meta name=\"twitter:label1\" content=\"Dur\u00e9e de lecture estim\u00e9e\" \/>\n\t<meta name=\"twitter:data1\" content=\"2 minutes\" \/>\n<script type=\"application\/ld+json\" class=\"yoast-schema-graph\">{\"@context\":\"https:\/\/schema.org\",\"@graph\":[{\"@type\":\"WebPage\",\"@id\":\"https:\/\/www.thecarpetwashingmachine.com\/automatic-carpet-washing-machine-er-4200\/\",\"url\":\"https:\/\/www.thecarpetwashingmachine.com\/automatic-carpet-washing-machine-er-4200\/\",\"name\":\"ER 4200 - Machine \u00e0 laver les tapis\",\"isPartOf\":{\"@id\":\"https:\/\/www.thecarpetwashingmachine.com\/#website\"},\"primaryImageOfPage\":{\"@id\":\"https:\/\/www.thecarpetwashingmachine.com\/automatic-carpet-washing-machine-er-4200\/#primaryimage\"},\"image\":{\"@id\":\"https:\/\/www.thecarpetwashingmachine.com\/automatic-carpet-washing-machine-er-4200\/#primaryimage\"},\"thumbnailUrl\":\"https:\/\/www.thecarpetwashingmachine.com\/wp-content\/uploads\/2025\/07\/Untitled-design-10.png\",\"datePublished\":\"2025-03-05T11:19:12+00:00\",\"dateModified\":\"2025-07-11T09:44:56+00:00\",\"description\":\"Otomatik Hal\u0131 Y\u0131kama Makinesi ER 4200: G\u00fc\u00e7l\u00fc, verimli ve tam otomatik yap\u0131s\u0131yla her seferinde \u00fcst\u00fcn hal\u0131 temizli\u011fi.\",\"breadcrumb\":{\"@id\":\"https:\/\/www.thecarpetwashingmachine.com\/automatic-carpet-washing-machine-er-4200\/#breadcrumb\"},\"inLanguage\":\"fr-FR\",\"potentialAction\":[{\"@type\":\"ReadAction\",\"target\":[\"https:\/\/www.thecarpetwashingmachine.com\/automatic-carpet-washing-machine-er-4200\/\"]}]},{\"@type\":\"ImageObject\",\"inLanguage\":\"fr-FR\",\"@id\":\"https:\/\/www.thecarpetwashingmachine.com\/automatic-carpet-washing-machine-er-4200\/#primaryimage\",\"url\":\"https:\/\/www.thecarpetwashingmachine.com\/wp-content\/uploads\/2025\/07\/Untitled-design-10.png\",\"contentUrl\":\"https:\/\/www.thecarpetwashingmachine.com\/wp-content\/uploads\/2025\/07\/Untitled-design-10.png\"},{\"@type\":\"BreadcrumbList\",\"@id\":\"https:\/\/www.thecarpetwashingmachine.com\/automatic-carpet-washing-machine-er-4200\/#breadcrumb\",\"itemListElement\":[{\"@type\":\"ListItem\",\"position\":1,\"name\":\"Home\",\"item\":\"https:\/\/www.thecarpetwashingmachine.com\/\"},{\"@type\":\"ListItem\",\"position\":2,\"name\":\"Automatic Carpet Washing Machine &#8211; ER 4200\"}]},{\"@type\":\"WebSite\",\"@id\":\"https:\/\/www.thecarpetwashingmachine.com\/#website\",\"url\":\"https:\/\/www.thecarpetwashingmachine.com\/\",\"name\":\"Machine \u00e0 laver les tapis\",\"description\":\"La machine \u00e0 laver les tapis est partout dans le monde !\",\"potentialAction\":[{\"@type\":\"SearchAction\",\"target\":{\"@type\":\"EntryPoint\",\"urlTemplate\":\"https:\/\/www.thecarpetwashingmachine.com\/?s={search_term_string}\"},\"query-input\":{\"@type\":\"PropertyValueSpecification\",\"valueRequired\":true,\"valueName\":\"search_term_string\"}}],\"inLanguage\":\"fr-FR\"}]}<\/script>\n<!-- \/ Yoast SEO plugin. -->","yoast_head_json":{"title":"ER 4200 - Machine \u00e0 laver les tapis","description":"Machine \u00e0 Laver les Tapis ER 4200 : Puissante, efficace et enti\u00e8rement automatique pour des r\u00e9sultats de nettoyage sup\u00e9rieurs \u00e0 chaque fois.","robots":{"index":"index","follow":"follow","max-snippet":"max-snippet:-1","max-image-preview":"max-image-preview:large","max-video-preview":"max-video-preview:-1"},"canonical":"https:\/\/www.thecarpetwashingmachine.com\/automatic-carpet-washing-machine-er-4200\/","og_locale":"fr_FR","og_type":"article","og_title":"ER 4200 - Machine \u00e0 laver les tapis","og_description":"Machine \u00e0 Laver les Tapis ER 4200 : Puissante, efficace et enti\u00e8rement automatique pour des r\u00e9sultats de nettoyage sup\u00e9rieurs \u00e0 chaque fois.","og_url":"https:\/\/www.thecarpetwashingmachine.com\/automatic-carpet-washing-machine-er-4200\/","og_site_name":"Machine \u00e0 laver les tapis","article_publisher":"http:\/\/www.facebook.com\/carpetwashingmachine","article_modified_time":"2025-07-11T09:44:56+00:00","og_image":[{"width":750,"height":500,"url":"https:\/\/www.thecarpetwashingmachine.com\/wp-content\/uploads\/2025\/07\/Untitled-design-10.png","type":"image\/png"}],"twitter_card":"summary_large_image","twitter_misc":{"Dur\u00e9e de lecture estim\u00e9e":"2 minutes"},"schema":{"@context":"https:\/\/schema.org","@graph":[{"@type":"WebPage","@id":"https:\/\/www.thecarpetwashingmachine.com\/automatic-carpet-washing-machine-er-4200\/","url":"https:\/\/www.thecarpetwashingmachine.com\/automatic-carpet-washing-machine-er-4200\/","name":"ER 4200 - Machine \u00e0 laver les tapis","isPartOf":{"@id":"https:\/\/www.thecarpetwashingmachine.com\/#website"},"primaryImageOfPage":{"@id":"https:\/\/www.thecarpetwashingmachine.com\/automatic-carpet-washing-machine-er-4200\/#primaryimage"},"image":{"@id":"https:\/\/www.thecarpetwashingmachine.com\/automatic-carpet-washing-machine-er-4200\/#primaryimage"},"thumbnailUrl":"https:\/\/www.thecarpetwashingmachine.com\/wp-content\/uploads\/2025\/07\/Untitled-design-10.png","datePublished":"2025-03-05T11:19:12+00:00","dateModified":"2025-07-11T09:44:56+00:00","description":"Otomatik Hal\u0131 Y\u0131kama Makinesi ER 4200: G\u00fc\u00e7l\u00fc, verimli ve tam otomatik yap\u0131s\u0131yla her seferinde \u00fcst\u00fcn hal\u0131 temizli\u011fi.","breadcrumb":{"@id":"https:\/\/www.thecarpetwashingmachine.com\/automatic-carpet-washing-machine-er-4200\/#breadcrumb"},"inLanguage":"fr-FR","potentialAction":[{"@type":"ReadAction","target":["https:\/\/www.thecarpetwashingmachine.com\/automatic-carpet-washing-machine-er-4200\/"]}]},{"@type":"ImageObject","inLanguage":"fr-FR","@id":"https:\/\/www.thecarpetwashingmachine.com\/automatic-carpet-washing-machine-er-4200\/#primaryimage","url":"https:\/\/www.thecarpetwashingmachine.com\/wp-content\/uploads\/2025\/07\/Untitled-design-10.png","contentUrl":"https:\/\/www.thecarpetwashingmachine.com\/wp-content\/uploads\/2025\/07\/Untitled-design-10.png"},{"@type":"BreadcrumbList","@id":"https:\/\/www.thecarpetwashingmachine.com\/automatic-carpet-washing-machine-er-4200\/#breadcrumb","itemListElement":[{"@type":"ListItem","position":1,"name":"Home","item":"https:\/\/www.thecarpetwashingmachine.com\/"},{"@type":"ListItem","position":2,"name":"Automatic Carpet Washing Machine &#8211; ER 4200"}]},{"@type":"WebSite","@id":"https:\/\/www.thecarpetwashingmachine.com\/#website","url":"https:\/\/www.thecarpetwashingmachine.com\/","name":"Machine \u00e0 laver les tapis","description":"La machine \u00e0 laver les tapis est partout dans le monde !","potentialAction":[{"@type":"SearchAction","target":{"@type":"EntryPoint","urlTemplate":"https:\/\/www.thecarpetwashingmachine.com\/?s={search_term_string}"},"query-input":{"@type":"PropertyValueSpecification","valueRequired":true,"valueName":"search_term_string"}}],"inLanguage":"fr-FR"}]}},"_links":{"self":[{"href":"https:\/\/www.thecarpetwashingmachine.com\/fr\/wp-json\/wp\/v2\/pages\/400","targetHints":{"allow":["GET"]}}],"collection":[{"href":"https:\/\/www.thecarpetwashingmachine.com\/fr\/wp-json\/wp\/v2\/pages"}],"about":[{"href":"https:\/\/www.thecarpetwashingmachine.com\/fr\/wp-json\/wp\/v2\/types\/page"}],"author":[{"embeddable":true,"href":"https:\/\/www.thecarpetwashingmachine.com\/fr\/wp-json\/wp\/v2\/users\/1"}],"replies":[{"embeddable":true,"href":"https:\/\/www.thecarpetwashingmachine.com\/fr\/wp-json\/wp\/v2\/comments?post=400"}],"version-history":[{"count":92,"href":"https:\/\/www.thecarpetwashingmachine.com\/fr\/wp-json\/wp\/v2\/pages\/400\/revisions"}],"predecessor-version":[{"id":2153,"href":"https:\/\/www.thecarpetwashingmachine.com\/fr\/wp-json\/wp\/v2\/pages\/400\/revisions\/2153"}],"wp:attachment":[{"href":"https:\/\/www.thecarpetwashingmachine.com\/fr\/wp-json\/wp\/v2\/media?parent=400"}],"curies":[{"name":"wp","href":"https:\/\/api.w.org\/{rel}","templated":true}]}}