{"id":370,"date":"2025-01-16T11:18:51","date_gmt":"2025-01-16T11:18:51","guid":{"rendered":"https:\/\/www.thecarpetwashingmachine.com\/?page_id=370"},"modified":"2025-07-14T13:18:29","modified_gmt":"2025-07-14T13:18:29","slug":"carpet-finishing-machine","status":"publish","type":"page","link":"https:\/\/www.thecarpetwashingmachine.com\/fr\/carpet-finishing-machine\/","title":{"rendered":"Machine de finition de tapis"},"content":{"rendered":"<p><iframe loading=\"lazy\" title=\"New HPM Rug and Carpet Finishing Machine\" width=\"843\" height=\"474\" src=\"https:\/\/www.youtube.com\/embed\/QJ1NfUuUeOw?feature=oembed\" frameborder=\"0\" allow=\"accelerometer; autoplay; clipboard-write; encrypted-media; gyroscope; picture-in-picture; web-share\" referrerpolicy=\"strict-origin-when-cross-origin\" allowfullscreen><\/iframe><\/p>\n<ul data-sourcepos=\"9:1-13:0\">\n<li data-sourcepos=\"17:1-18:0\">\n<p data-sourcepos=\"2:1-2:395\">Cette machine, connue sous le nom de <strong>machine de finition de tapis<\/strong>, poss\u00e8de \u00e9galement plusieurs noms alternatifs, tels que <strong>machine d&#8217;emballage de tapis<\/strong> et <strong>machine de balayage de tapis<\/strong>. Sa fonction principale est de fournir un <strong>brossage final et un aspirage de la surface du tapis<\/strong> avant de le rouler et de l&#8217;emballer. Contrairement \u00e0 nos <a href=\"https:\/\/www.thecarpetwashingmachine.com\/fr\/how-to-choose-the-right-carpet-washing-machine\/\">autres machines<\/a>, elle ne lave pas les tapis.<\/p>\n<h3 data-sourcepos=\"5:1-5:35\">Conception et Fonctionnalit\u00e9s :<\/h3>\n<p data-sourcepos=\"7:1-7:389\">Notre syst\u00e8me se caract\u00e9rise par une <strong>grande brosse cylindrique parall\u00e8le<\/strong> situ\u00e9e \u00e0 l&rsquo;avant, compl\u00e9t\u00e9e par <strong>quatre brosses cylindriques plus petites<\/strong> \u00e0 l&rsquo;arri\u00e8re. Le tapis passe d&rsquo;abord sous le syst\u00e8me de brosses cylindriques. Un <strong>m\u00e9canisme pneumatique<\/strong> abaisse le syst\u00e8me pour balayer efficacement la surface du tapis. La pression exerc\u00e9e par la brosse cylindrique est <strong>r\u00e9glable<\/strong>.<\/p>\n<p data-sourcepos=\"9:1-9:179\">Optionnellement, cette brosse cylindrique peut \u00eatre \u00e9quip\u00e9e d&rsquo;un <strong>syst\u00e8me d&rsquo;aspiration<\/strong>, similaire \u00e0 ceux que l&rsquo;on trouve dans nos machines de finition de tapis traditionnelles.<\/p>\n<p data-sourcepos=\"11:1-11:449\">Les quatre brosses cylindriques plus petites, positionn\u00e9es \u00e0 l&rsquo;arri\u00e8re, fonctionnent de mani\u00e8re similaire aux brosses \u00e0 disque utilis\u00e9es dans les machines \u00e0 laver les tapis ou les aspirateurs m\u00e9nagers. Ces brosses balayent le tapis de gauche \u00e0 droite. Il est \u00e0 noter que le <strong>syst\u00e8me d&rsquo;aspiration est int\u00e9gr\u00e9 au syst\u00e8me lin\u00e9aire<\/strong>, \u00e9liminant le besoin d&rsquo;une unit\u00e9 s\u00e9par\u00e9e. De plus, la pression de ces brosses cylindriques est \u00e9galement <strong>r\u00e9glable<\/strong>.<\/p>\n<p data-sourcepos=\"13:1-13:142\">Apr\u00e8s la phase de brossage initiale, le tapis peut \u00eatre soit arr\u00eat\u00e9 pour l&#8217;emballage, soit renvoy\u00e9 \u00e0 l&rsquo;avant pour un cycle de nettoyage final.<\/p>\n<p data-sourcepos=\"15:1-15:128\">Si le client opte pour l&rsquo;option de retour, le tapis passe \u00e0 nouveau par toutes les \u00e9tapes avant d&rsquo;\u00eatre pr\u00e9par\u00e9 pour l&#8217;emballage.<\/p>\n<p style=\"text-align: left;\" data-sourcepos=\"17:1-17:124\">Outre la finition, la machine peut \u00e9galement \u00eatre utilis\u00e9e pour le <strong>d\u00e9poussi\u00e9rage des tapis avant le processus de lavage<\/strong>.<\/p>\n<\/li>\n<\/ul>\n","protected":false},"excerpt":{"rendered":"<p>Cette machine, connue sous le nom de machine de finition de tapis, poss\u00e8de \u00e9galement plusieurs noms alternatifs, tels que machine d&#8217;emballage de tapis et machine&hellip;<\/p>\n","protected":false},"author":1,"featured_media":0,"parent":0,"menu_order":0,"comment_status":"closed","ping_status":"closed","template":"","meta":{"footnotes":""},"class_list":["post-370","page","type-page","status-publish","hentry"],"translation":{"provider":"WPGlobus","version":"3.0.0","language":"fr","enabled_languages":["en","tr","fr","ar","es","de","pt","ru"],"languages":{"en":{"title":true,"content":true,"excerpt":false},"tr":{"title":true,"content":true,"excerpt":false},"fr":{"title":true,"content":true,"excerpt":false},"ar":{"title":true,"content":true,"excerpt":false},"es":{"title":true,"content":true,"excerpt":false},"de":{"title":true,"content":true,"excerpt":false},"pt":{"title":true,"content":true,"excerpt":false},"ru":{"title":true,"content":true,"excerpt":false}}},"yoast_head":"<!-- This site is optimized with the Yoast SEO plugin v24.7 - https:\/\/yoast.com\/wordpress\/plugins\/seo\/ -->\n<title>Machine de finition de tapis - Machine \u00e0 laver les tapis<\/title>\n<meta name=\"description\" content=\"La machine de finition de tapis est principalement utilis\u00e9e apr\u00e8s le nettoyage. Elle brosse, balaie et aspire les tapis apr\u00e8s le s\u00e9chage.\" \/>\n<meta name=\"robots\" content=\"index, follow, max-snippet:-1, max-image-preview:large, max-video-preview:-1\" \/>\n<link rel=\"canonical\" href=\"https:\/\/www.thecarpetwashingmachine.com\/carpet-finishing-machine\/\" \/>\n<meta property=\"og:locale\" content=\"fr_FR\" \/>\n<meta property=\"og:type\" content=\"article\" \/>\n<meta property=\"og:title\" content=\"Machine de finition de tapis - Machine \u00e0 laver les tapis\" \/>\n<meta property=\"og:description\" content=\"La machine de finition de tapis est principalement utilis\u00e9e apr\u00e8s le nettoyage. Elle brosse, balaie et aspire les tapis apr\u00e8s le s\u00e9chage.\" \/>\n<meta property=\"og:url\" content=\"https:\/\/www.thecarpetwashingmachine.com\/carpet-finishing-machine\/\" \/>\n<meta property=\"og:site_name\" content=\"Machine \u00e0 laver les tapis\" \/>\n<meta property=\"article:publisher\" content=\"http:\/\/www.facebook.com\/carpetwashingmachine\" \/>\n<meta property=\"article:modified_time\" content=\"2025-07-14T13:18:29+00:00\" \/>\n<meta name=\"twitter:card\" content=\"summary_large_image\" \/>\n<meta name=\"twitter:label1\" content=\"Dur\u00e9e de lecture estim\u00e9e\" \/>\n\t<meta name=\"twitter:data1\" content=\"2 minutes\" \/>\n<script type=\"application\/ld+json\" class=\"yoast-schema-graph\">{\"@context\":\"https:\/\/schema.org\",\"@graph\":[{\"@type\":\"WebPage\",\"@id\":\"https:\/\/www.thecarpetwashingmachine.com\/carpet-finishing-machine\/\",\"url\":\"https:\/\/www.thecarpetwashingmachine.com\/carpet-finishing-machine\/\",\"name\":\"Machine de finition de tapis - Machine \u00e0 laver les tapis\",\"isPartOf\":{\"@id\":\"https:\/\/www.thecarpetwashingmachine.com\/#website\"},\"datePublished\":\"2025-01-16T11:18:51+00:00\",\"dateModified\":\"2025-07-14T13:18:29+00:00\",\"description\":\"La machine de finition de tapis est principalement utilis\u00e9e apr\u00e8s le nettoyage. Elle brosse, balaie et aspire les tapis apr\u00e8s le s\u00e9chage.\",\"breadcrumb\":{\"@id\":\"https:\/\/www.thecarpetwashingmachine.com\/carpet-finishing-machine\/#breadcrumb\"},\"inLanguage\":\"fr-FR\",\"potentialAction\":[{\"@type\":\"ReadAction\",\"target\":[\"https:\/\/www.thecarpetwashingmachine.com\/carpet-finishing-machine\/\"]}]},{\"@type\":\"BreadcrumbList\",\"@id\":\"https:\/\/www.thecarpetwashingmachine.com\/carpet-finishing-machine\/#breadcrumb\",\"itemListElement\":[{\"@type\":\"ListItem\",\"position\":1,\"name\":\"Home\",\"item\":\"https:\/\/www.thecarpetwashingmachine.com\/\"},{\"@type\":\"ListItem\",\"position\":2,\"name\":\"Carpet Finishing Machine\"}]},{\"@type\":\"WebSite\",\"@id\":\"https:\/\/www.thecarpetwashingmachine.com\/#website\",\"url\":\"https:\/\/www.thecarpetwashingmachine.com\/\",\"name\":\"Machine \u00e0 laver les tapis\",\"description\":\"La machine \u00e0 laver les tapis est partout dans le monde !\",\"potentialAction\":[{\"@type\":\"SearchAction\",\"target\":{\"@type\":\"EntryPoint\",\"urlTemplate\":\"https:\/\/www.thecarpetwashingmachine.com\/?s={search_term_string}\"},\"query-input\":{\"@type\":\"PropertyValueSpecification\",\"valueRequired\":true,\"valueName\":\"search_term_string\"}}],\"inLanguage\":\"fr-FR\"}]}<\/script>\n<!-- \/ Yoast SEO plugin. -->","yoast_head_json":{"title":"Machine de finition de tapis - Machine \u00e0 laver les tapis","description":"La machine de finition de tapis est principalement utilis\u00e9e apr\u00e8s le nettoyage. Elle brosse, balaie et aspire les tapis apr\u00e8s le s\u00e9chage.","robots":{"index":"index","follow":"follow","max-snippet":"max-snippet:-1","max-image-preview":"max-image-preview:large","max-video-preview":"max-video-preview:-1"},"canonical":"https:\/\/www.thecarpetwashingmachine.com\/carpet-finishing-machine\/","og_locale":"fr_FR","og_type":"article","og_title":"Machine de finition de tapis - Machine \u00e0 laver les tapis","og_description":"La machine de finition de tapis est principalement utilis\u00e9e apr\u00e8s le nettoyage. Elle brosse, balaie et aspire les tapis apr\u00e8s le s\u00e9chage.","og_url":"https:\/\/www.thecarpetwashingmachine.com\/carpet-finishing-machine\/","og_site_name":"Machine \u00e0 laver les tapis","article_publisher":"http:\/\/www.facebook.com\/carpetwashingmachine","article_modified_time":"2025-07-14T13:18:29+00:00","twitter_card":"summary_large_image","twitter_misc":{"Dur\u00e9e de lecture estim\u00e9e":"2 minutes"},"schema":{"@context":"https:\/\/schema.org","@graph":[{"@type":"WebPage","@id":"https:\/\/www.thecarpetwashingmachine.com\/carpet-finishing-machine\/","url":"https:\/\/www.thecarpetwashingmachine.com\/carpet-finishing-machine\/","name":"Machine de finition de tapis - Machine \u00e0 laver les tapis","isPartOf":{"@id":"https:\/\/www.thecarpetwashingmachine.com\/#website"},"datePublished":"2025-01-16T11:18:51+00:00","dateModified":"2025-07-14T13:18:29+00:00","description":"La machine de finition de tapis est principalement utilis\u00e9e apr\u00e8s le nettoyage. Elle brosse, balaie et aspire les tapis apr\u00e8s le s\u00e9chage.","breadcrumb":{"@id":"https:\/\/www.thecarpetwashingmachine.com\/carpet-finishing-machine\/#breadcrumb"},"inLanguage":"fr-FR","potentialAction":[{"@type":"ReadAction","target":["https:\/\/www.thecarpetwashingmachine.com\/carpet-finishing-machine\/"]}]},{"@type":"BreadcrumbList","@id":"https:\/\/www.thecarpetwashingmachine.com\/carpet-finishing-machine\/#breadcrumb","itemListElement":[{"@type":"ListItem","position":1,"name":"Home","item":"https:\/\/www.thecarpetwashingmachine.com\/"},{"@type":"ListItem","position":2,"name":"Carpet Finishing Machine"}]},{"@type":"WebSite","@id":"https:\/\/www.thecarpetwashingmachine.com\/#website","url":"https:\/\/www.thecarpetwashingmachine.com\/","name":"Machine \u00e0 laver les tapis","description":"La machine \u00e0 laver les tapis est partout dans le monde !","potentialAction":[{"@type":"SearchAction","target":{"@type":"EntryPoint","urlTemplate":"https:\/\/www.thecarpetwashingmachine.com\/?s={search_term_string}"},"query-input":{"@type":"PropertyValueSpecification","valueRequired":true,"valueName":"search_term_string"}}],"inLanguage":"fr-FR"}]}},"_links":{"self":[{"href":"https:\/\/www.thecarpetwashingmachine.com\/fr\/wp-json\/wp\/v2\/pages\/370","targetHints":{"allow":["GET"]}}],"collection":[{"href":"https:\/\/www.thecarpetwashingmachine.com\/fr\/wp-json\/wp\/v2\/pages"}],"about":[{"href":"https:\/\/www.thecarpetwashingmachine.com\/fr\/wp-json\/wp\/v2\/types\/page"}],"author":[{"embeddable":true,"href":"https:\/\/www.thecarpetwashingmachine.com\/fr\/wp-json\/wp\/v2\/users\/1"}],"replies":[{"embeddable":true,"href":"https:\/\/www.thecarpetwashingmachine.com\/fr\/wp-json\/wp\/v2\/comments?post=370"}],"version-history":[{"count":34,"href":"https:\/\/www.thecarpetwashingmachine.com\/fr\/wp-json\/wp\/v2\/pages\/370\/revisions"}],"predecessor-version":[{"id":2444,"href":"https:\/\/www.thecarpetwashingmachine.com\/fr\/wp-json\/wp\/v2\/pages\/370\/revisions\/2444"}],"wp:attachment":[{"href":"https:\/\/www.thecarpetwashingmachine.com\/fr\/wp-json\/wp\/v2\/media?parent=370"}],"curies":[{"name":"wp","href":"https:\/\/api.w.org\/{rel}","templated":true}]}}