{"id":25,"date":"2018-05-18T15:20:44","date_gmt":"2018-05-18T15:20:44","guid":{"rendered":"http:\/\/thecarpetwashingmachine.com\/?page_id=25"},"modified":"2025-06-18T10:54:10","modified_gmt":"2025-06-18T10:54:10","slug":"carpet-washing-machine-2","status":"publish","type":"page","link":"https:\/\/www.thecarpetwashingmachine.com\/fr\/carpet-washing-machine-2\/","title":{"rendered":"Questions sur la machine \u00e0 laver des tapis"},"content":{"rendered":"<h3><img loading=\"lazy\" decoding=\"async\" class=\"alignnone wp-image-39 size-full\" src=\"https:\/\/www.thecarpetwashingmachine.com\/wp-content\/uploads\/2018\/05\/high-quality-carpet-washing-machine.jpg\" alt=\"Machine \u00e0 Laver les Tapis\n\" width=\"500\" height=\"278\" srcset=\"https:\/\/www.thecarpetwashingmachine.com\/wp-content\/uploads\/2018\/05\/high-quality-carpet-washing-machine.jpg 500w, https:\/\/www.thecarpetwashingmachine.com\/wp-content\/uploads\/2018\/05\/high-quality-carpet-washing-machine-300x167.jpg 300w\" sizes=\"auto, (max-width: 500px) 100vw, 500px\" \/><\/h3>\n<h3>La machine \u00e0 laver des tapis, qu\u2019est-ce que c\u2019est?<\/h3>\n<p>Les machines \u00e0 laver des tapis sont des\u00a0 m\u00e9canismes qui \u00a0consomment de l\u2019eau, l\u2019\u00e9l\u00e9ctricit\u00e9, le shampooing pour le lavage des tapis. Les machines travaillent avec des roulements, des brosses, des bandes transporteuses, des syst\u00e8me \u00e0 air comprim\u00e9.<\/p>\n<h4>Qu\u2019est-ce que la machine \u00e0 laver des tapis compl\u00e8tement automotis\u00e9e?<\/h4>\n<p>Ce type des machines ont le syst\u00e8me PLC et des capteurs dans le syst\u00e8me. Les tapis ont reconnu par la machine automatiquement, les machines ne gaspillent pas de l\u2019eau pas n\u00e9cessaire ou le shampooing sur la bande transporteuse. Les machine travaillent different avec des types des tapis differents. La machine arr\u00eate son syst\u00e8me quand il n\u2019y a pas du tapis.<\/p>\n<h5>Pourquoi \u00a0la machine \u00e0 laver des tapis doivent \u00eatre faite en acier inoxydable?<\/h5>\n<p>Les machine galvanis\u00e9es et du coverage d\u2019epoxy sont tr\u00e8s communes dans le secteur du nettoyage des tapis. Cependant, en parlant sci\u00e9ntifiquement , on utilise plein de produits chimiques avec des valeurs Ph differents dans ce secteur. Au nettyoage des tapis, vous ne pouvez pas laver des tapis sans shampooing pour des tapis. Des shampooings des tapis ont le valeur pH different (plus bas ou haut que 7). Si des valeurs pH sont neutres, vous pouvez utiliser en acier galvanis\u00e9 ou couverage d&rsquo;\u00e9poxy pendant une p\u00e9riode longue. Mais c&rsquo;est impossible. Un mat\u00e9riau en acier galvanis\u00e9 ou couverage \u00a0d&rsquo;\u00e9poxy ne peut durer que 2-3 ans. Certains nettoyeurs de tapis utilisent m\u00eame des produits chimiques extr\u00eames, tels que l&rsquo;hyposulfite de potassium et la soude caustique. Une fois qu&rsquo;une machine a de la rouille sur son corps et ses pi\u00e8ces, elle ne peut plus \u00eatre utilis\u00e9e pour le nettoyage.<\/p>\n<h5>Les d\u00e9tails de quelles marques faut-il utiliser pour les machines \u00e0 laver des tapis?<\/h5>\n<p>Les d\u00e9tails electriques dans les machines \u00e0 laver des tapis doivent \u00eatre fabriqu\u00e9s par des marques globalement connues comme Siemens, Schneider et Mitsubishi. Vous pouvez voire des centaines des fabriquants, qui utilisent des d\u00e9tails de mauvaise qualit\u00e9 dans leurs machines, en majorit\u00e9 de la production chinoise. \u00c0 long terme, les d\u00e9tails chinois seront la cause des issues \u00e9l\u00e9ctriques et mechaniques des components des machines.<\/p>\n<h5>Qu\u2019est-ce que le syst\u00e9me PLC?<\/h5>\n<p>Le controlleur programm\u00e9 logique. Il est utilis\u00e9 pour perhaser le cerveau des machines \u00e0 laver des tapis. Les machines sont \u00e9quipp\u00e9es par des d\u00e9tails PLC de grande qualit\u00e9 \u00a0et elles peuvent laver tous les tapis du monde. Elles sont capable de laver des tapis qualitivement et selon la taille ou le temps sans gaspillant de l\u2019eau, des produits chimiques, de l\u2019\u00e9l\u00e9ctricit\u00e9 et du main d&rsquo;\u0153uvre. Avec le syst\u00e8me PLC de grande qualit\u00e9, le fabricant peut r\u00e9soudre les probl\u00e8mes \u00e0 distance, que fait possible l\u2019ajout des programs des nouveaux types des tapis.<\/p>\n<h4>Laquelle machine \u00e0 laver des tapis est la meilleure?<\/h4>\n<p>Cela depend de vos demandes. Si 80 \u2013 90 % pour cent des tapis que vous lavez \u00e0 2 m\u00e8tres carr\u00e9s, donc vuos pouvez choisir \u00a0la machine \u00e0 laver des tapis avec 2.2 m. du largeur du tapis. Chaque machine doit avoir l\u2019espace \u00e0 10 cm.de chaque c\u00f4t\u00e9\u00a0 de la bande trasporteuse pour les r\u00e8gles de securit\u00e9. Si vous obtenez des tapis \u00e0 4 m. du largeur, donc vous aurez besoin de la machine \u00e0 4.2 m du largeur du tapis. La meilleure machine \u00e0 laver des tapis est faite en acier inoxydable, on a dit pourquoi au paragraph pr\u00e9c\u00e9dent. C\u2019est\u00a0 compl\u00e8tement automatique et elle peut laver chaque type du tapis sans probl\u00e8mes.<\/p>\n","protected":false},"excerpt":{"rendered":"<p>La machine \u00e0 laver des tapis, qu\u2019est-ce que c\u2019est? Les machines \u00e0 laver des tapis sont des\u00a0 m\u00e9canismes qui \u00a0consomment de l\u2019eau, l\u2019\u00e9l\u00e9ctricit\u00e9, le shampooing&hellip;<\/p>\n","protected":false},"author":1,"featured_media":0,"parent":0,"menu_order":0,"comment_status":"closed","ping_status":"closed","template":"","meta":{"footnotes":""},"class_list":["post-25","page","type-page","status-publish","hentry"],"translation":{"provider":"WPGlobus","version":"3.0.0","language":"fr","enabled_languages":["en","tr","fr","ar","es","de","pt","ru"],"languages":{"en":{"title":true,"content":true,"excerpt":false},"tr":{"title":true,"content":true,"excerpt":false},"fr":{"title":true,"content":true,"excerpt":false},"ar":{"title":true,"content":true,"excerpt":false},"es":{"title":true,"content":true,"excerpt":false},"de":{"title":true,"content":true,"excerpt":false},"pt":{"title":true,"content":true,"excerpt":false},"ru":{"title":true,"content":true,"excerpt":false}}},"yoast_head":"<!-- This site is optimized with the Yoast SEO plugin v24.7 - https:\/\/yoast.com\/wordpress\/plugins\/seo\/ -->\n<title>Questions sur la machine \u00e0 laver des tapis - Machine \u00e0 laver les tapis<\/title>\n<meta name=\"description\" content=\"Vous avez des questions sur les machines \u00e0 laver les tapis ? Obtenez des r\u00e9ponses claires sur le fonctionnement, les mod\u00e8les et le choix id\u00e9al pour vos besoins de nettoyage.\" \/>\n<meta name=\"robots\" content=\"index, follow, max-snippet:-1, max-image-preview:large, max-video-preview:-1\" \/>\n<link rel=\"canonical\" href=\"https:\/\/www.thecarpetwashingmachine.com\/\" \/>\n<meta property=\"og:locale\" content=\"fr_FR\" \/>\n<meta property=\"og:type\" content=\"article\" \/>\n<meta property=\"og:title\" content=\"Questions sur la machine \u00e0 laver des tapis - Machine \u00e0 laver les tapis\" \/>\n<meta property=\"og:description\" content=\"Vous avez des questions sur les machines \u00e0 laver les tapis ? Obtenez des r\u00e9ponses claires sur le fonctionnement, les mod\u00e8les et le choix id\u00e9al pour vos besoins de nettoyage.\" \/>\n<meta property=\"og:url\" content=\"https:\/\/www.thecarpetwashingmachine.com\/\" \/>\n<meta property=\"og:site_name\" content=\"Machine \u00e0 laver les tapis\" \/>\n<meta property=\"article:publisher\" content=\"http:\/\/www.facebook.com\/carpetwashingmachine\" \/>\n<meta property=\"article:modified_time\" content=\"2025-06-18T10:54:10+00:00\" \/>\n<meta property=\"og:image\" content=\"https:\/\/www.thecarpetwashingmachine.com\/wp-content\/uploads\/2018\/05\/high-quality-carpet-washing-machine.jpg\" \/>\n\t<meta property=\"og:image:width\" content=\"500\" \/>\n\t<meta property=\"og:image:height\" content=\"278\" \/>\n\t<meta property=\"og:image:type\" content=\"image\/jpeg\" \/>\n<meta name=\"twitter:card\" content=\"summary_large_image\" \/>\n<meta name=\"twitter:label1\" content=\"Dur\u00e9e de lecture estim\u00e9e\" \/>\n\t<meta name=\"twitter:data1\" content=\"3 minutes\" \/>\n<script type=\"application\/ld+json\" class=\"yoast-schema-graph\">{\"@context\":\"https:\/\/schema.org\",\"@graph\":[{\"@type\":\"WebPage\",\"@id\":\"https:\/\/www.thecarpetwashingmachine.com\/\",\"url\":\"https:\/\/www.thecarpetwashingmachine.com\/\",\"name\":\"Questions About Carpet Washing Machine - Machine \u00e0 laver les tapis\",\"isPartOf\":{\"@id\":\"https:\/\/www.thecarpetwashingmachine.com\/#website\"},\"primaryImageOfPage\":{\"@id\":\"https:\/\/www.thecarpetwashingmachine.com\/#primaryimage\"},\"image\":{\"@id\":\"https:\/\/www.thecarpetwashingmachine.com\/#primaryimage\"},\"thumbnailUrl\":\"http:\/\/thecarpetwashingmachine.com\/wp-content\/uploads\/2018\/05\/high-quality-carpet-washing-machine.jpg\",\"datePublished\":\"2018-05-18T15:20:44+00:00\",\"dateModified\":\"2025-06-18T10:54:10+00:00\",\"description\":\"Learn the basics of carpet washing machines: What they are, fully automatic options, and how to find the best one for your needs.\",\"breadcrumb\":{\"@id\":\"https:\/\/www.thecarpetwashingmachine.com\/#breadcrumb\"},\"inLanguage\":\"fr-FR\",\"potentialAction\":[{\"@type\":\"ReadAction\",\"target\":[\"https:\/\/www.thecarpetwashingmachine.com\/\"]}]},{\"@type\":\"ImageObject\",\"inLanguage\":\"fr-FR\",\"@id\":\"https:\/\/www.thecarpetwashingmachine.com\/#primaryimage\",\"url\":\"http:\/\/thecarpetwashingmachine.com\/wp-content\/uploads\/2018\/05\/high-quality-carpet-washing-machine.jpg\",\"contentUrl\":\"http:\/\/thecarpetwashingmachine.com\/wp-content\/uploads\/2018\/05\/high-quality-carpet-washing-machine.jpg\"},{\"@type\":\"BreadcrumbList\",\"@id\":\"https:\/\/www.thecarpetwashingmachine.com\/#breadcrumb\",\"itemListElement\":[{\"@type\":\"ListItem\",\"position\":1,\"name\":\"Home\",\"item\":\"https:\/\/www.thecarpetwashingmachine.com\/\"},{\"@type\":\"ListItem\",\"position\":2,\"name\":\"Questions About Carpet Washing Machine\"}]},{\"@type\":\"WebSite\",\"@id\":\"https:\/\/www.thecarpetwashingmachine.com\/#website\",\"url\":\"https:\/\/www.thecarpetwashingmachine.com\/\",\"name\":\"Machine \u00e0 laver les tapis\",\"description\":\"La machine \u00e0 laver les tapis est partout dans le monde !\",\"potentialAction\":[{\"@type\":\"SearchAction\",\"target\":{\"@type\":\"EntryPoint\",\"urlTemplate\":\"https:\/\/www.thecarpetwashingmachine.com\/?s={search_term_string}\"},\"query-input\":{\"@type\":\"PropertyValueSpecification\",\"valueRequired\":true,\"valueName\":\"search_term_string\"}}],\"inLanguage\":\"fr-FR\"}]}<\/script>\n<!-- \/ Yoast SEO plugin. -->","yoast_head_json":{"title":"Questions sur la machine \u00e0 laver des tapis - Machine \u00e0 laver les tapis","description":"Vous avez des questions sur les machines \u00e0 laver les tapis ? Obtenez des r\u00e9ponses claires sur le fonctionnement, les mod\u00e8les et le choix id\u00e9al pour vos besoins de nettoyage.","robots":{"index":"index","follow":"follow","max-snippet":"max-snippet:-1","max-image-preview":"max-image-preview:large","max-video-preview":"max-video-preview:-1"},"canonical":"https:\/\/www.thecarpetwashingmachine.com\/","og_locale":"fr_FR","og_type":"article","og_title":"Questions sur la machine \u00e0 laver des tapis - Machine \u00e0 laver les tapis","og_description":"Vous avez des questions sur les machines \u00e0 laver les tapis ? Obtenez des r\u00e9ponses claires sur le fonctionnement, les mod\u00e8les et le choix id\u00e9al pour vos besoins de nettoyage.","og_url":"https:\/\/www.thecarpetwashingmachine.com\/","og_site_name":"Machine \u00e0 laver les tapis","article_publisher":"http:\/\/www.facebook.com\/carpetwashingmachine","article_modified_time":"2025-06-18T10:54:10+00:00","og_image":[{"width":500,"height":278,"url":"https:\/\/www.thecarpetwashingmachine.com\/wp-content\/uploads\/2018\/05\/high-quality-carpet-washing-machine.jpg","type":"image\/jpeg"}],"twitter_card":"summary_large_image","twitter_misc":{"Dur\u00e9e de lecture estim\u00e9e":"3 minutes"},"schema":{"@context":"https:\/\/schema.org","@graph":[{"@type":"WebPage","@id":"https:\/\/www.thecarpetwashingmachine.com\/","url":"https:\/\/www.thecarpetwashingmachine.com\/","name":"Questions About Carpet Washing Machine - Machine \u00e0 laver les tapis","isPartOf":{"@id":"https:\/\/www.thecarpetwashingmachine.com\/#website"},"primaryImageOfPage":{"@id":"https:\/\/www.thecarpetwashingmachine.com\/#primaryimage"},"image":{"@id":"https:\/\/www.thecarpetwashingmachine.com\/#primaryimage"},"thumbnailUrl":"http:\/\/thecarpetwashingmachine.com\/wp-content\/uploads\/2018\/05\/high-quality-carpet-washing-machine.jpg","datePublished":"2018-05-18T15:20:44+00:00","dateModified":"2025-06-18T10:54:10+00:00","description":"Learn the basics of carpet washing machines: What they are, fully automatic options, and how to find the best one for your needs.","breadcrumb":{"@id":"https:\/\/www.thecarpetwashingmachine.com\/#breadcrumb"},"inLanguage":"fr-FR","potentialAction":[{"@type":"ReadAction","target":["https:\/\/www.thecarpetwashingmachine.com\/"]}]},{"@type":"ImageObject","inLanguage":"fr-FR","@id":"https:\/\/www.thecarpetwashingmachine.com\/#primaryimage","url":"http:\/\/thecarpetwashingmachine.com\/wp-content\/uploads\/2018\/05\/high-quality-carpet-washing-machine.jpg","contentUrl":"http:\/\/thecarpetwashingmachine.com\/wp-content\/uploads\/2018\/05\/high-quality-carpet-washing-machine.jpg"},{"@type":"BreadcrumbList","@id":"https:\/\/www.thecarpetwashingmachine.com\/#breadcrumb","itemListElement":[{"@type":"ListItem","position":1,"name":"Home","item":"https:\/\/www.thecarpetwashingmachine.com\/"},{"@type":"ListItem","position":2,"name":"Questions About Carpet Washing Machine"}]},{"@type":"WebSite","@id":"https:\/\/www.thecarpetwashingmachine.com\/#website","url":"https:\/\/www.thecarpetwashingmachine.com\/","name":"Machine \u00e0 laver les tapis","description":"La machine \u00e0 laver les tapis est partout dans le monde !","potentialAction":[{"@type":"SearchAction","target":{"@type":"EntryPoint","urlTemplate":"https:\/\/www.thecarpetwashingmachine.com\/?s={search_term_string}"},"query-input":{"@type":"PropertyValueSpecification","valueRequired":true,"valueName":"search_term_string"}}],"inLanguage":"fr-FR"}]}},"_links":{"self":[{"href":"https:\/\/www.thecarpetwashingmachine.com\/fr\/wp-json\/wp\/v2\/pages\/25","targetHints":{"allow":["GET"]}}],"collection":[{"href":"https:\/\/www.thecarpetwashingmachine.com\/fr\/wp-json\/wp\/v2\/pages"}],"about":[{"href":"https:\/\/www.thecarpetwashingmachine.com\/fr\/wp-json\/wp\/v2\/types\/page"}],"author":[{"embeddable":true,"href":"https:\/\/www.thecarpetwashingmachine.com\/fr\/wp-json\/wp\/v2\/users\/1"}],"replies":[{"embeddable":true,"href":"https:\/\/www.thecarpetwashingmachine.com\/fr\/wp-json\/wp\/v2\/comments?post=25"}],"version-history":[{"count":60,"href":"https:\/\/www.thecarpetwashingmachine.com\/fr\/wp-json\/wp\/v2\/pages\/25\/revisions"}],"predecessor-version":[{"id":961,"href":"https:\/\/www.thecarpetwashingmachine.com\/fr\/wp-json\/wp\/v2\/pages\/25\/revisions\/961"}],"wp:attachment":[{"href":"https:\/\/www.thecarpetwashingmachine.com\/fr\/wp-json\/wp\/v2\/media?parent=25"}],"curies":[{"name":"wp","href":"https:\/\/api.w.org\/{rel}","templated":true}]}}