{"id":2267,"date":"2025-07-14T08:55:40","date_gmt":"2025-07-14T08:55:40","guid":{"rendered":"https:\/\/www.thecarpetwashingmachine.com\/?page_id=2267"},"modified":"2025-07-28T14:07:44","modified_gmt":"2025-07-28T14:07:44","slug":"hpm-3200","status":"publish","type":"page","link":"https:\/\/www.thecarpetwashingmachine.com\/fr\/hpm-3200\/","title":{"rendered":"Machine de finition de tapis &#8211; HPM 3200"},"content":{"rendered":"\n<figure class=\"wp-block-image aligncenter size-full\"><img loading=\"lazy\" decoding=\"async\" width=\"750\" height=\"500\" src=\"https:\/\/www.thecarpetwashingmachine.com\/wp-content\/uploads\/2025\/06\/hali-paketleme-makinasi-urun.jpg\" alt=\"Machine de finition de tapis\n\" class=\"wp-image-1027\" srcset=\"https:\/\/www.thecarpetwashingmachine.com\/wp-content\/uploads\/2025\/06\/hali-paketleme-makinasi-urun.jpg 750w, https:\/\/www.thecarpetwashingmachine.com\/wp-content\/uploads\/2025\/06\/hali-paketleme-makinasi-urun-300x200.jpg 300w\" sizes=\"auto, (max-width: 750px) 100vw, 750px\" \/><\/figure>\n\n\n\n<p><\/p>\n\n\n\n<p>La Machine de Finition de Tapis HPM 3200 offre un traitement puissant et efficace pour une large gamme de tapis, garantissant \u00e0 la fois un nettoyage en profondeur et une finition pr\u00e9cise. Con\u00e7ue pour s&rsquo;adapter sans effort aux tapis jusqu&rsquo;\u00e0 3 m\u00e8tres (3000 mm) de large, cette machine est une solution polyvalente pour les op\u00e9rations qui g\u00e8rent diff\u00e9rentes tailles de tapis.<\/p>\n\n\n\n<p>Au c\u0153ur de la HPM 3200 se trouve un robuste syst\u00e8me de brosses cylindriques qui agit efficacement sur les fibres du tapis, assurant un nettoyage en profondeur et un toilettage uniforme. Son syst\u00e8me d&rsquo;exploitation intuitif \u00e0 relais temporis\u00e9 offre un contr\u00f4le simple des fonctions de la machine. Pour une commodit\u00e9 et une efficacit\u00e9 accrues, l&rsquo;unit\u00e9 inclut un mode de marche arri\u00e8re automatique et un mode avant-arri\u00e8re, simplifiant la manipulation des tapis.<\/p>\n\n\n\n<p>Le maintien d&rsquo;un environnement de travail propre est facile gr\u00e2ce au syst\u00e8me d&rsquo;aspiration int\u00e9gr\u00e9 et au syst\u00e8me de collecte de poussi\u00e8re, qui capturent efficacement les particules d\u00e9log\u00e9es. Des caract\u00e9ristiques de s\u00e9curit\u00e9 et op\u00e9rationnelles essentielles comme un capteur de d\u00e9tection de tapis et une protection moteur compl\u00e8te sont standard. Pour personnaliser davantage votre flux de travail, des fonctionnalit\u00e9s optionnelles comme le r\u00e9glage de la vitesse de la courroie, une cuve avant, des roues pour la mobilit\u00e9 et un transfert automatique vers la cuve sont disponibles, permettant \u00e0 la HPM 3200 de s&rsquo;int\u00e9grer parfaitement aux besoins sp\u00e9cifiques de votre installation.<\/p>\n","protected":false},"excerpt":{"rendered":"<p>La Machine de Finition de Tapis HPM 3200 offre un traitement puissant et efficace pour une large gamme de tapis, garantissant \u00e0 la fois un&hellip;<\/p>\n","protected":false},"author":1,"featured_media":0,"parent":0,"menu_order":0,"comment_status":"closed","ping_status":"closed","template":"","meta":{"footnotes":""},"class_list":["post-2267","page","type-page","status-publish","hentry"],"translation":{"provider":"WPGlobus","version":"3.0.0","language":"fr","enabled_languages":["en","tr","fr","ar","es","de","pt","ru"],"languages":{"en":{"title":true,"content":true,"excerpt":false},"tr":{"title":true,"content":true,"excerpt":false},"fr":{"title":true,"content":true,"excerpt":false},"ar":{"title":true,"content":true,"excerpt":false},"es":{"title":true,"content":true,"excerpt":false},"de":{"title":true,"content":true,"excerpt":false},"pt":{"title":true,"content":true,"excerpt":false},"ru":{"title":true,"content":true,"excerpt":false}}},"yoast_head":"<!-- This site is optimized with the Yoast SEO plugin v24.7 - https:\/\/yoast.com\/wordpress\/plugins\/seo\/ -->\n<title>Machine de finition de tapis - HPM 3200 - Machine de finition de tapis<\/title>\n<meta name=\"description\" content=\"HPM 3200: Machine de finition de tapis puissante. Traite 3m de large, brosse cylindrique, syst\u00e8me \u00e0 relais, fonctions automatiques, avec aspiration.\" \/>\n<meta name=\"robots\" content=\"index, follow, max-snippet:-1, max-image-preview:large, max-video-preview:-1\" \/>\n<link rel=\"canonical\" href=\"https:\/\/www.thecarpetwashingmachine.com\/hpm-3200\/\" \/>\n<meta property=\"og:locale\" content=\"fr_FR\" \/>\n<meta property=\"og:type\" content=\"article\" \/>\n<meta property=\"og:title\" content=\"Machine de finition de tapis - HPM 3200 - Machine de finition de tapis\" \/>\n<meta property=\"og:description\" content=\"HPM 3200: Machine de finition de tapis puissante. Traite 3m de large, brosse cylindrique, syst\u00e8me \u00e0 relais, fonctions automatiques, avec aspiration.\" \/>\n<meta property=\"og:url\" content=\"https:\/\/www.thecarpetwashingmachine.com\/hpm-3200\/\" \/>\n<meta property=\"og:site_name\" content=\"Machine \u00e0 laver les tapis\" \/>\n<meta property=\"article:publisher\" content=\"http:\/\/www.facebook.com\/carpetwashingmachine\" \/>\n<meta property=\"article:modified_time\" content=\"2025-07-28T14:07:44+00:00\" \/>\n<meta property=\"og:image\" content=\"https:\/\/www.thecarpetwashingmachine.com\/wp-content\/uploads\/2025\/06\/hali-paketleme-makinasi-urun.jpg\" \/>\n\t<meta property=\"og:image:width\" content=\"750\" \/>\n\t<meta property=\"og:image:height\" content=\"500\" \/>\n\t<meta property=\"og:image:type\" content=\"image\/jpeg\" \/>\n<meta name=\"twitter:card\" content=\"summary_large_image\" \/>\n<meta name=\"twitter:label1\" content=\"Dur\u00e9e de lecture estim\u00e9e\" \/>\n\t<meta name=\"twitter:data1\" content=\"1 minute\" \/>\n<script type=\"application\/ld+json\" class=\"yoast-schema-graph\">{\"@context\":\"https:\/\/schema.org\",\"@graph\":[{\"@type\":\"WebPage\",\"@id\":\"https:\/\/www.thecarpetwashingmachine.com\/hpm-3200\/\",\"url\":\"https:\/\/www.thecarpetwashingmachine.com\/hpm-3200\/\",\"name\":\"Machine de finition de tapis - HPM 3200 - Carpet Finishing Machine\",\"isPartOf\":{\"@id\":\"https:\/\/www.thecarpetwashingmachine.com\/#website\"},\"primaryImageOfPage\":{\"@id\":\"https:\/\/www.thecarpetwashingmachine.com\/hpm-3200\/#primaryimage\"},\"image\":{\"@id\":\"https:\/\/www.thecarpetwashingmachine.com\/hpm-3200\/#primaryimage\"},\"thumbnailUrl\":\"https:\/\/www.thecarpetwashingmachine.com\/wp-content\/uploads\/2025\/06\/hali-paketleme-makinasi-urun.jpg\",\"datePublished\":\"2025-07-14T08:55:40+00:00\",\"dateModified\":\"2025-07-28T14:07:44+00:00\",\"description\":\"HPM 3200 Carpet finishing machine : Processes 3m widths with powerful cylindrical brushes, integrated vacuum, and smart automation.\",\"breadcrumb\":{\"@id\":\"https:\/\/www.thecarpetwashingmachine.com\/hpm-3200\/#breadcrumb\"},\"inLanguage\":\"fr-FR\",\"potentialAction\":[{\"@type\":\"ReadAction\",\"target\":[\"https:\/\/www.thecarpetwashingmachine.com\/hpm-3200\/\"]}]},{\"@type\":\"ImageObject\",\"inLanguage\":\"fr-FR\",\"@id\":\"https:\/\/www.thecarpetwashingmachine.com\/hpm-3200\/#primaryimage\",\"url\":\"https:\/\/www.thecarpetwashingmachine.com\/wp-content\/uploads\/2025\/06\/hali-paketleme-makinasi-urun.jpg\",\"contentUrl\":\"https:\/\/www.thecarpetwashingmachine.com\/wp-content\/uploads\/2025\/06\/hali-paketleme-makinasi-urun.jpg\"},{\"@type\":\"BreadcrumbList\",\"@id\":\"https:\/\/www.thecarpetwashingmachine.com\/hpm-3200\/#breadcrumb\",\"itemListElement\":[{\"@type\":\"ListItem\",\"position\":1,\"name\":\"Home\",\"item\":\"https:\/\/www.thecarpetwashingmachine.com\/\"},{\"@type\":\"ListItem\",\"position\":2,\"name\":\"Carpet Finishing Machine &#8211; HPM 3200\"}]},{\"@type\":\"WebSite\",\"@id\":\"https:\/\/www.thecarpetwashingmachine.com\/#website\",\"url\":\"https:\/\/www.thecarpetwashingmachine.com\/\",\"name\":\"Machine \u00e0 laver les tapis\",\"description\":\"La machine \u00e0 laver les tapis est partout dans le monde !\",\"potentialAction\":[{\"@type\":\"SearchAction\",\"target\":{\"@type\":\"EntryPoint\",\"urlTemplate\":\"https:\/\/www.thecarpetwashingmachine.com\/?s={search_term_string}\"},\"query-input\":{\"@type\":\"PropertyValueSpecification\",\"valueRequired\":true,\"valueName\":\"search_term_string\"}}],\"inLanguage\":\"fr-FR\"}]}<\/script>\n<!-- \/ Yoast SEO plugin. -->","yoast_head_json":{"title":"Machine de finition de tapis - HPM 3200 - Machine de finition de tapis","description":"HPM 3200: Machine de finition de tapis puissante. Traite 3m de large, brosse cylindrique, syst\u00e8me \u00e0 relais, fonctions automatiques, avec aspiration.","robots":{"index":"index","follow":"follow","max-snippet":"max-snippet:-1","max-image-preview":"max-image-preview:large","max-video-preview":"max-video-preview:-1"},"canonical":"https:\/\/www.thecarpetwashingmachine.com\/hpm-3200\/","og_locale":"fr_FR","og_type":"article","og_title":"Machine de finition de tapis - HPM 3200 - Machine de finition de tapis","og_description":"HPM 3200: Machine de finition de tapis puissante. Traite 3m de large, brosse cylindrique, syst\u00e8me \u00e0 relais, fonctions automatiques, avec aspiration.","og_url":"https:\/\/www.thecarpetwashingmachine.com\/hpm-3200\/","og_site_name":"Machine \u00e0 laver les tapis","article_publisher":"http:\/\/www.facebook.com\/carpetwashingmachine","article_modified_time":"2025-07-28T14:07:44+00:00","og_image":[{"width":750,"height":500,"url":"https:\/\/www.thecarpetwashingmachine.com\/wp-content\/uploads\/2025\/06\/hali-paketleme-makinasi-urun.jpg","type":"image\/jpeg"}],"twitter_card":"summary_large_image","twitter_misc":{"Dur\u00e9e de lecture estim\u00e9e":"1 minute"},"schema":{"@context":"https:\/\/schema.org","@graph":[{"@type":"WebPage","@id":"https:\/\/www.thecarpetwashingmachine.com\/hpm-3200\/","url":"https:\/\/www.thecarpetwashingmachine.com\/hpm-3200\/","name":"Machine de finition de tapis - HPM 3200 - Carpet Finishing Machine","isPartOf":{"@id":"https:\/\/www.thecarpetwashingmachine.com\/#website"},"primaryImageOfPage":{"@id":"https:\/\/www.thecarpetwashingmachine.com\/hpm-3200\/#primaryimage"},"image":{"@id":"https:\/\/www.thecarpetwashingmachine.com\/hpm-3200\/#primaryimage"},"thumbnailUrl":"https:\/\/www.thecarpetwashingmachine.com\/wp-content\/uploads\/2025\/06\/hali-paketleme-makinasi-urun.jpg","datePublished":"2025-07-14T08:55:40+00:00","dateModified":"2025-07-28T14:07:44+00:00","description":"HPM 3200 Carpet finishing machine : Processes 3m widths with powerful cylindrical brushes, integrated vacuum, and smart automation.","breadcrumb":{"@id":"https:\/\/www.thecarpetwashingmachine.com\/hpm-3200\/#breadcrumb"},"inLanguage":"fr-FR","potentialAction":[{"@type":"ReadAction","target":["https:\/\/www.thecarpetwashingmachine.com\/hpm-3200\/"]}]},{"@type":"ImageObject","inLanguage":"fr-FR","@id":"https:\/\/www.thecarpetwashingmachine.com\/hpm-3200\/#primaryimage","url":"https:\/\/www.thecarpetwashingmachine.com\/wp-content\/uploads\/2025\/06\/hali-paketleme-makinasi-urun.jpg","contentUrl":"https:\/\/www.thecarpetwashingmachine.com\/wp-content\/uploads\/2025\/06\/hali-paketleme-makinasi-urun.jpg"},{"@type":"BreadcrumbList","@id":"https:\/\/www.thecarpetwashingmachine.com\/hpm-3200\/#breadcrumb","itemListElement":[{"@type":"ListItem","position":1,"name":"Home","item":"https:\/\/www.thecarpetwashingmachine.com\/"},{"@type":"ListItem","position":2,"name":"Carpet Finishing Machine &#8211; HPM 3200"}]},{"@type":"WebSite","@id":"https:\/\/www.thecarpetwashingmachine.com\/#website","url":"https:\/\/www.thecarpetwashingmachine.com\/","name":"Machine \u00e0 laver les tapis","description":"La machine \u00e0 laver les tapis est partout dans le monde !","potentialAction":[{"@type":"SearchAction","target":{"@type":"EntryPoint","urlTemplate":"https:\/\/www.thecarpetwashingmachine.com\/?s={search_term_string}"},"query-input":{"@type":"PropertyValueSpecification","valueRequired":true,"valueName":"search_term_string"}}],"inLanguage":"fr-FR"}]}},"_links":{"self":[{"href":"https:\/\/www.thecarpetwashingmachine.com\/fr\/wp-json\/wp\/v2\/pages\/2267","targetHints":{"allow":["GET"]}}],"collection":[{"href":"https:\/\/www.thecarpetwashingmachine.com\/fr\/wp-json\/wp\/v2\/pages"}],"about":[{"href":"https:\/\/www.thecarpetwashingmachine.com\/fr\/wp-json\/wp\/v2\/types\/page"}],"author":[{"embeddable":true,"href":"https:\/\/www.thecarpetwashingmachine.com\/fr\/wp-json\/wp\/v2\/users\/1"}],"replies":[{"embeddable":true,"href":"https:\/\/www.thecarpetwashingmachine.com\/fr\/wp-json\/wp\/v2\/comments?post=2267"}],"version-history":[{"count":13,"href":"https:\/\/www.thecarpetwashingmachine.com\/fr\/wp-json\/wp\/v2\/pages\/2267\/revisions"}],"predecessor-version":[{"id":2512,"href":"https:\/\/www.thecarpetwashingmachine.com\/fr\/wp-json\/wp\/v2\/pages\/2267\/revisions\/2512"}],"wp:attachment":[{"href":"https:\/\/www.thecarpetwashingmachine.com\/fr\/wp-json\/wp\/v2\/media?parent=2267"}],"curies":[{"name":"wp","href":"https:\/\/api.w.org\/{rel}","templated":true}]}}