{"id":2185,"date":"2025-07-11T10:44:08","date_gmt":"2025-07-11T10:44:08","guid":{"rendered":"https:\/\/www.thecarpetwashingmachine.com\/?page_id=2185"},"modified":"2025-07-29T06:13:59","modified_gmt":"2025-07-29T06:13:59","slug":"hsm-5200","status":"publish","type":"page","link":"https:\/\/www.thecarpetwashingmachine.com\/fr\/hsm-5200\/","title":{"rendered":"Machine \u00e0 essorer les tapis &#8211; HSM 5200"},"content":{"rendered":"<div class=\"wp-block-image\">\n<figure class=\"aligncenter size-full\"><img loading=\"lazy\" decoding=\"async\" width=\"750\" height=\"500\" src=\"https:\/\/www.thecarpetwashingmachine.com\/wp-content\/uploads\/2025\/07\/Untitled-design-11.png\" alt=\"HSM 5200 Essoreuse \u00e0 Tapis\" class=\"wp-image-1636\" srcset=\"https:\/\/www.thecarpetwashingmachine.com\/wp-content\/uploads\/2025\/07\/Untitled-design-11.png 750w, https:\/\/www.thecarpetwashingmachine.com\/wp-content\/uploads\/2025\/07\/Untitled-design-11-300x200.png 300w\" sizes=\"auto, (max-width: 750px) 100vw, 750px\" \/><\/figure><\/div>\n\n\n<p><\/p>\n\n\n\n<p>D\u00e9couvrez l&rsquo;Essoreuse \u00e0 Tapis HSM 5200, con\u00e7ue pour une performance de s\u00e9chage de tapis exceptionnelle. Cette machine puissante est fabriqu\u00e9e pour accueillir des tapis de tailles importantes, gr\u00e2ce \u00e0 une remarquable profondeur de tambour interne de 5200 mm et un g\u00e9n\u00e9reux diam\u00e8tre de tambour interne de 450 mm. La durabilit\u00e9 est primordiale, avec ses tambours int\u00e9rieur et ext\u00e9rieur enti\u00e8rement fabriqu\u00e9s en acier inoxydable INOX 304 robuste, garantissant une longue dur\u00e9e de vie.<\/p>\n\n\n\n<p>Un puissant moteur de 7,5 kW entra\u00eene cette essoreuse, assurant une extraction d&rsquo;eau tr\u00e8s efficace pour des temps de s\u00e9chage plus rapides. Pour la commodit\u00e9 de l&rsquo;utilisateur, le syst\u00e8me de porte pneumatique permet un chargement et un d\u00e9chargement fluides et sans effort. De plus, adaptez vos op\u00e9rations gr\u00e2ce aux options disponibles, notamment un syst\u00e8me de freinage, une fonction de rotation invers\u00e9e et un orifice d&rsquo;\u00e9vacuation de l&rsquo;eau, rendant la HSM 5200 hautement adaptable aux divers besoins professionnels.<\/p>\n","protected":false},"excerpt":{"rendered":"<p>D\u00e9couvrez l&rsquo;Essoreuse \u00e0 Tapis HSM 5200, con\u00e7ue pour une performance de s\u00e9chage de tapis exceptionnelle. Cette machine puissante est fabriqu\u00e9e pour accueillir des tapis de&hellip;<\/p>\n","protected":false},"author":1,"featured_media":0,"parent":0,"menu_order":0,"comment_status":"closed","ping_status":"closed","template":"","meta":{"footnotes":""},"class_list":["post-2185","page","type-page","status-publish","hentry"],"translation":{"provider":"WPGlobus","version":"3.0.0","language":"fr","enabled_languages":["en","tr","fr","ar","es","de","pt","ru"],"languages":{"en":{"title":true,"content":true,"excerpt":false},"tr":{"title":true,"content":true,"excerpt":false},"fr":{"title":true,"content":true,"excerpt":false},"ar":{"title":true,"content":true,"excerpt":false},"es":{"title":true,"content":true,"excerpt":false},"de":{"title":true,"content":true,"excerpt":false},"pt":{"title":true,"content":true,"excerpt":false},"ru":{"title":true,"content":true,"excerpt":false}}},"yoast_head":"<!-- This site is optimized with the Yoast SEO plugin v24.7 - https:\/\/yoast.com\/wordpress\/plugins\/seo\/ -->\n<title>Machine \u00e0 essorer les tapis - HSM 5200 - Essoreuse \u00e0 Tapis<\/title>\n<meta name=\"description\" content=\"HSM 5200: L&#039;excellence du s\u00e9chage de tapis. Grand tambour INOX, moteur 7,5 kW pour une performance et des r\u00e9sultats rapides.\" \/>\n<meta name=\"robots\" content=\"index, follow, max-snippet:-1, max-image-preview:large, max-video-preview:-1\" \/>\n<link rel=\"canonical\" href=\"https:\/\/www.thecarpetwashingmachine.com\/hsm-5200\/\" \/>\n<meta property=\"og:locale\" content=\"fr_FR\" \/>\n<meta property=\"og:type\" content=\"article\" \/>\n<meta property=\"og:title\" content=\"Machine \u00e0 essorer les tapis - HSM 5200 - Essoreuse \u00e0 Tapis\" \/>\n<meta property=\"og:description\" content=\"HSM 5200: L&#039;excellence du s\u00e9chage de tapis. Grand tambour INOX, moteur 7,5 kW pour une performance et des r\u00e9sultats rapides.\" \/>\n<meta property=\"og:url\" content=\"https:\/\/www.thecarpetwashingmachine.com\/hsm-5200\/\" \/>\n<meta property=\"og:site_name\" content=\"Machine \u00e0 laver les tapis\" \/>\n<meta property=\"article:publisher\" content=\"http:\/\/www.facebook.com\/carpetwashingmachine\" \/>\n<meta property=\"article:modified_time\" content=\"2025-07-29T06:13:59+00:00\" \/>\n<meta property=\"og:image\" content=\"https:\/\/www.thecarpetwashingmachine.com\/wp-content\/uploads\/2025\/07\/Untitled-design-11.png\" \/>\n\t<meta property=\"og:image:width\" content=\"750\" \/>\n\t<meta property=\"og:image:height\" content=\"500\" \/>\n\t<meta property=\"og:image:type\" content=\"image\/png\" \/>\n<meta name=\"twitter:card\" content=\"summary_large_image\" \/>\n<meta name=\"twitter:label1\" content=\"Dur\u00e9e de lecture estim\u00e9e\" \/>\n\t<meta name=\"twitter:data1\" content=\"1 minute\" \/>\n<script type=\"application\/ld+json\" class=\"yoast-schema-graph\">{\"@context\":\"https:\/\/schema.org\",\"@graph\":[{\"@type\":\"WebPage\",\"@id\":\"https:\/\/www.thecarpetwashingmachine.com\/hsm-5200\/\",\"url\":\"https:\/\/www.thecarpetwashingmachine.com\/hsm-5200\/\",\"name\":\"Machine \u00e0 essorer les tapis - HSM 5200 - \u041a\u043e\u0432\u0440\u043e\u0432\u044b\u0439 \u043e\u0442\u0436\u0438\u043c\",\"isPartOf\":{\"@id\":\"https:\/\/www.thecarpetwashingmachine.com\/#website\"},\"primaryImageOfPage\":{\"@id\":\"https:\/\/www.thecarpetwashingmachine.com\/hsm-5200\/#primaryimage\"},\"image\":{\"@id\":\"https:\/\/www.thecarpetwashingmachine.com\/hsm-5200\/#primaryimage\"},\"thumbnailUrl\":\"https:\/\/www.thecarpetwashingmachine.com\/wp-content\/uploads\/2025\/07\/Untitled-design-11.png\",\"datePublished\":\"2025-07-11T10:44:08+00:00\",\"dateModified\":\"2025-07-29T06:13:59+00:00\",\"description\":\"HSM 5200: \u041d\u043e\u0432\u044b\u0439 \u0441\u0442\u0430\u043d\u0434\u0430\u0440\u0442 \u0441\u0443\u0448\u043a\u0438 \u043a\u043e\u0432\u0440\u043e\u0432. \u041f\u0440\u043e\u0447\u043d\u044b\u0439 \u0431\u0430\u0440\u0430\u0431\u0430\u043d INOX \u0438 \u043c\u043e\u0449\u043d\u044b\u0439 \u0434\u0432\u0438\u0433\u0430\u0442\u0435\u043b\u044c 7,5 \u043a\u0412\u0442 \u0434\u043b\u044f \u0431\u044b\u0441\u0442\u0440\u044b\u0445, \u043f\u0440\u043e\u0444\u0435\u0441\u0441\u0438\u043e\u043d\u0430\u043b\u044c\u043d\u044b\u0445 \u0440\u0435\u0437\u0443\u043b\u044c\u0442\u0430\u0442\u043e\u0432.\",\"breadcrumb\":{\"@id\":\"https:\/\/www.thecarpetwashingmachine.com\/hsm-5200\/#breadcrumb\"},\"inLanguage\":\"fr-FR\",\"potentialAction\":[{\"@type\":\"ReadAction\",\"target\":[\"https:\/\/www.thecarpetwashingmachine.com\/hsm-5200\/\"]}]},{\"@type\":\"ImageObject\",\"inLanguage\":\"fr-FR\",\"@id\":\"https:\/\/www.thecarpetwashingmachine.com\/hsm-5200\/#primaryimage\",\"url\":\"https:\/\/www.thecarpetwashingmachine.com\/wp-content\/uploads\/2025\/07\/Untitled-design-11.png\",\"contentUrl\":\"https:\/\/www.thecarpetwashingmachine.com\/wp-content\/uploads\/2025\/07\/Untitled-design-11.png\"},{\"@type\":\"BreadcrumbList\",\"@id\":\"https:\/\/www.thecarpetwashingmachine.com\/hsm-5200\/#breadcrumb\",\"itemListElement\":[{\"@type\":\"ListItem\",\"position\":1,\"name\":\"Home\",\"item\":\"https:\/\/www.thecarpetwashingmachine.com\/\"},{\"@type\":\"ListItem\",\"position\":2,\"name\":\"Carpet Wringing Machine &#8211; HSM 5200\"}]},{\"@type\":\"WebSite\",\"@id\":\"https:\/\/www.thecarpetwashingmachine.com\/#website\",\"url\":\"https:\/\/www.thecarpetwashingmachine.com\/\",\"name\":\"Machine \u00e0 laver les tapis\",\"description\":\"La machine \u00e0 laver les tapis est partout dans le monde !\",\"potentialAction\":[{\"@type\":\"SearchAction\",\"target\":{\"@type\":\"EntryPoint\",\"urlTemplate\":\"https:\/\/www.thecarpetwashingmachine.com\/?s={search_term_string}\"},\"query-input\":{\"@type\":\"PropertyValueSpecification\",\"valueRequired\":true,\"valueName\":\"search_term_string\"}}],\"inLanguage\":\"fr-FR\"}]}<\/script>\n<!-- \/ Yoast SEO plugin. -->","yoast_head_json":{"title":"Machine \u00e0 essorer les tapis - HSM 5200 - Essoreuse \u00e0 Tapis","description":"HSM 5200: L'excellence du s\u00e9chage de tapis. Grand tambour INOX, moteur 7,5 kW pour une performance et des r\u00e9sultats rapides.","robots":{"index":"index","follow":"follow","max-snippet":"max-snippet:-1","max-image-preview":"max-image-preview:large","max-video-preview":"max-video-preview:-1"},"canonical":"https:\/\/www.thecarpetwashingmachine.com\/hsm-5200\/","og_locale":"fr_FR","og_type":"article","og_title":"Machine \u00e0 essorer les tapis - HSM 5200 - Essoreuse \u00e0 Tapis","og_description":"HSM 5200: L'excellence du s\u00e9chage de tapis. Grand tambour INOX, moteur 7,5 kW pour une performance et des r\u00e9sultats rapides.","og_url":"https:\/\/www.thecarpetwashingmachine.com\/hsm-5200\/","og_site_name":"Machine \u00e0 laver les tapis","article_publisher":"http:\/\/www.facebook.com\/carpetwashingmachine","article_modified_time":"2025-07-29T06:13:59+00:00","og_image":[{"width":750,"height":500,"url":"https:\/\/www.thecarpetwashingmachine.com\/wp-content\/uploads\/2025\/07\/Untitled-design-11.png","type":"image\/png"}],"twitter_card":"summary_large_image","twitter_misc":{"Dur\u00e9e de lecture estim\u00e9e":"1 minute"},"schema":{"@context":"https:\/\/schema.org","@graph":[{"@type":"WebPage","@id":"https:\/\/www.thecarpetwashingmachine.com\/hsm-5200\/","url":"https:\/\/www.thecarpetwashingmachine.com\/hsm-5200\/","name":"Machine \u00e0 essorer les tapis - HSM 5200 - \u041a\u043e\u0432\u0440\u043e\u0432\u044b\u0439 \u043e\u0442\u0436\u0438\u043c","isPartOf":{"@id":"https:\/\/www.thecarpetwashingmachine.com\/#website"},"primaryImageOfPage":{"@id":"https:\/\/www.thecarpetwashingmachine.com\/hsm-5200\/#primaryimage"},"image":{"@id":"https:\/\/www.thecarpetwashingmachine.com\/hsm-5200\/#primaryimage"},"thumbnailUrl":"https:\/\/www.thecarpetwashingmachine.com\/wp-content\/uploads\/2025\/07\/Untitled-design-11.png","datePublished":"2025-07-11T10:44:08+00:00","dateModified":"2025-07-29T06:13:59+00:00","description":"HSM 5200: \u041d\u043e\u0432\u044b\u0439 \u0441\u0442\u0430\u043d\u0434\u0430\u0440\u0442 \u0441\u0443\u0448\u043a\u0438 \u043a\u043e\u0432\u0440\u043e\u0432. \u041f\u0440\u043e\u0447\u043d\u044b\u0439 \u0431\u0430\u0440\u0430\u0431\u0430\u043d INOX \u0438 \u043c\u043e\u0449\u043d\u044b\u0439 \u0434\u0432\u0438\u0433\u0430\u0442\u0435\u043b\u044c 7,5 \u043a\u0412\u0442 \u0434\u043b\u044f \u0431\u044b\u0441\u0442\u0440\u044b\u0445, \u043f\u0440\u043e\u0444\u0435\u0441\u0441\u0438\u043e\u043d\u0430\u043b\u044c\u043d\u044b\u0445 \u0440\u0435\u0437\u0443\u043b\u044c\u0442\u0430\u0442\u043e\u0432.","breadcrumb":{"@id":"https:\/\/www.thecarpetwashingmachine.com\/hsm-5200\/#breadcrumb"},"inLanguage":"fr-FR","potentialAction":[{"@type":"ReadAction","target":["https:\/\/www.thecarpetwashingmachine.com\/hsm-5200\/"]}]},{"@type":"ImageObject","inLanguage":"fr-FR","@id":"https:\/\/www.thecarpetwashingmachine.com\/hsm-5200\/#primaryimage","url":"https:\/\/www.thecarpetwashingmachine.com\/wp-content\/uploads\/2025\/07\/Untitled-design-11.png","contentUrl":"https:\/\/www.thecarpetwashingmachine.com\/wp-content\/uploads\/2025\/07\/Untitled-design-11.png"},{"@type":"BreadcrumbList","@id":"https:\/\/www.thecarpetwashingmachine.com\/hsm-5200\/#breadcrumb","itemListElement":[{"@type":"ListItem","position":1,"name":"Home","item":"https:\/\/www.thecarpetwashingmachine.com\/"},{"@type":"ListItem","position":2,"name":"Carpet Wringing Machine &#8211; HSM 5200"}]},{"@type":"WebSite","@id":"https:\/\/www.thecarpetwashingmachine.com\/#website","url":"https:\/\/www.thecarpetwashingmachine.com\/","name":"Machine \u00e0 laver les tapis","description":"La machine \u00e0 laver les tapis est partout dans le monde !","potentialAction":[{"@type":"SearchAction","target":{"@type":"EntryPoint","urlTemplate":"https:\/\/www.thecarpetwashingmachine.com\/?s={search_term_string}"},"query-input":{"@type":"PropertyValueSpecification","valueRequired":true,"valueName":"search_term_string"}}],"inLanguage":"fr-FR"}]}},"_links":{"self":[{"href":"https:\/\/www.thecarpetwashingmachine.com\/fr\/wp-json\/wp\/v2\/pages\/2185","targetHints":{"allow":["GET"]}}],"collection":[{"href":"https:\/\/www.thecarpetwashingmachine.com\/fr\/wp-json\/wp\/v2\/pages"}],"about":[{"href":"https:\/\/www.thecarpetwashingmachine.com\/fr\/wp-json\/wp\/v2\/types\/page"}],"author":[{"embeddable":true,"href":"https:\/\/www.thecarpetwashingmachine.com\/fr\/wp-json\/wp\/v2\/users\/1"}],"replies":[{"embeddable":true,"href":"https:\/\/www.thecarpetwashingmachine.com\/fr\/wp-json\/wp\/v2\/comments?post=2185"}],"version-history":[{"count":44,"href":"https:\/\/www.thecarpetwashingmachine.com\/fr\/wp-json\/wp\/v2\/pages\/2185\/revisions"}],"predecessor-version":[{"id":2537,"href":"https:\/\/www.thecarpetwashingmachine.com\/fr\/wp-json\/wp\/v2\/pages\/2185\/revisions\/2537"}],"wp:attachment":[{"href":"https:\/\/www.thecarpetwashingmachine.com\/fr\/wp-json\/wp\/v2\/media?parent=2185"}],"curies":[{"name":"wp","href":"https:\/\/api.w.org\/{rel}","templated":true}]}}