{"id":2181,"date":"2025-07-11T11:46:06","date_gmt":"2025-07-11T11:46:06","guid":{"rendered":"https:\/\/www.thecarpetwashingmachine.com\/?page_id=2181"},"modified":"2025-07-29T06:09:43","modified_gmt":"2025-07-29T06:09:43","slug":"hsm-2700","status":"publish","type":"page","link":"https:\/\/www.thecarpetwashingmachine.com\/fr\/hsm-2700\/","title":{"rendered":"Machine \u00e0 essorer les tapis &#8211; HSM 2700"},"content":{"rendered":"<div class=\"wp-block-image\">\n<figure class=\"aligncenter size-full\"><img loading=\"lazy\" decoding=\"async\" width=\"750\" height=\"500\" src=\"https:\/\/www.thecarpetwashingmachine.com\/wp-content\/uploads\/2025\/07\/Untitled-design-11.png\" alt=\"Essoreuse \u00e0 Tapis\" class=\"wp-image-1636\" srcset=\"https:\/\/www.thecarpetwashingmachine.com\/wp-content\/uploads\/2025\/07\/Untitled-design-11.png 750w, https:\/\/www.thecarpetwashingmachine.com\/wp-content\/uploads\/2025\/07\/Untitled-design-11-300x200.png 300w\" sizes=\"auto, (max-width: 750px) 100vw, 750px\" \/><\/figure><\/div>\n\n\n<p><\/p>\n\n\n\n<p>L&rsquo;Essoreuse \u00e0 Tapis HSM 2700 se distingue comme une machine robuste et efficace, con\u00e7ue pour un s\u00e9chage sup\u00e9rieur des tapis. Elle dispose d&rsquo;une impressionnante profondeur de tambour interne de 2700 mm (2,7 m\u00e8tres) et d&rsquo;un diam\u00e8tre de tambour interne de 350 mm, lui permettant de traiter une large gamme de tailles de tapis.<\/p>\n\n\n\n<p>Les tambours interne et externe sont tous deux fabriqu\u00e9s en acier inoxydable 304 de haute qualit\u00e9 (INOX), garantissant une durabilit\u00e9 exceptionnelle et une r\u00e9sistance \u00e0 la corrosion, m\u00eame en cas d&rsquo;exposition constante \u00e0 l&rsquo;eau. Un moteur de 5,5 kW alimente ses performances, offrant des capacit\u00e9s d&rsquo;essorage fiables et puissantes.<\/p>\n\n\n\n<p>Pour une facilit\u00e9 d&rsquo;utilisation, la machine est \u00e9quip\u00e9e d&rsquo;un syst\u00e8me de porte pneumatique, rendant le chargement et le d\u00e9chargement fluides et efficaces. Elle propose \u00e9galement des fonctionnalit\u00e9s optionnelles telles qu&rsquo;un syst\u00e8me de freinage, un syst\u00e8me d&rsquo;essorage invers\u00e9 et un orifice d&rsquo;\u00e9vacuation de l&rsquo;eau, permettant une personnalisation pour r\u00e9pondre \u00e0 des besoins op\u00e9rationnels sp\u00e9cifiques.<\/p>\n","protected":false},"excerpt":{"rendered":"<p>L&rsquo;Essoreuse \u00e0 Tapis HSM 2700 se distingue comme une machine robuste et efficace, con\u00e7ue pour un s\u00e9chage sup\u00e9rieur des tapis. Elle dispose d&rsquo;une impressionnante profondeur&hellip;<\/p>\n","protected":false},"author":1,"featured_media":0,"parent":0,"menu_order":0,"comment_status":"closed","ping_status":"closed","template":"","meta":{"footnotes":""},"class_list":["post-2181","page","type-page","status-publish","hentry"],"translation":{"provider":"WPGlobus","version":"3.0.0","language":"fr","enabled_languages":["en","tr","fr","ar","es","de","pt","ru"],"languages":{"en":{"title":true,"content":true,"excerpt":false},"tr":{"title":true,"content":true,"excerpt":false},"fr":{"title":true,"content":true,"excerpt":false},"ar":{"title":true,"content":true,"excerpt":false},"es":{"title":true,"content":true,"excerpt":false},"de":{"title":true,"content":true,"excerpt":false},"pt":{"title":true,"content":true,"excerpt":false},"ru":{"title":true,"content":true,"excerpt":false}}},"yoast_head":"<!-- This site is optimized with the Yoast SEO plugin v24.7 - https:\/\/yoast.com\/wordpress\/plugins\/seo\/ -->\n<title>Machine \u00e0 essorer les tapis - HSM 2700 - Essoreuse \u00e0 Tapis<\/title>\n<meta name=\"description\" content=\"HSM 2700 : Essoreuse de tapis pro. Tambour INOX de 2700mm, moteur 5,5 kW. S\u00e9chage rapide et efficace garanti.\" \/>\n<meta name=\"robots\" content=\"index, follow, max-snippet:-1, max-image-preview:large, max-video-preview:-1\" \/>\n<link rel=\"canonical\" href=\"https:\/\/www.thecarpetwashingmachine.com\/hsm-2700\/\" \/>\n<meta property=\"og:locale\" content=\"fr_FR\" \/>\n<meta property=\"og:type\" content=\"article\" \/>\n<meta property=\"og:title\" content=\"Machine \u00e0 essorer les tapis - HSM 2700 - Essoreuse \u00e0 Tapis\" \/>\n<meta property=\"og:description\" content=\"HSM 2700 : Essoreuse de tapis pro. Tambour INOX de 2700mm, moteur 5,5 kW. S\u00e9chage rapide et efficace garanti.\" \/>\n<meta property=\"og:url\" content=\"https:\/\/www.thecarpetwashingmachine.com\/hsm-2700\/\" \/>\n<meta property=\"og:site_name\" content=\"Machine \u00e0 laver les tapis\" \/>\n<meta property=\"article:publisher\" content=\"http:\/\/www.facebook.com\/carpetwashingmachine\" \/>\n<meta property=\"article:modified_time\" content=\"2025-07-29T06:09:43+00:00\" \/>\n<meta property=\"og:image\" content=\"https:\/\/www.thecarpetwashingmachine.com\/wp-content\/uploads\/2025\/07\/Untitled-design-11.png\" \/>\n\t<meta property=\"og:image:width\" content=\"750\" \/>\n\t<meta property=\"og:image:height\" content=\"500\" \/>\n\t<meta property=\"og:image:type\" content=\"image\/png\" \/>\n<meta name=\"twitter:card\" content=\"summary_large_image\" \/>\n<meta name=\"twitter:label1\" content=\"Dur\u00e9e de lecture estim\u00e9e\" \/>\n\t<meta name=\"twitter:data1\" content=\"1 minute\" \/>\n<script type=\"application\/ld+json\" class=\"yoast-schema-graph\">{\"@context\":\"https:\/\/schema.org\",\"@graph\":[{\"@type\":\"WebPage\",\"@id\":\"https:\/\/www.thecarpetwashingmachine.com\/hsm-2700\/\",\"url\":\"https:\/\/www.thecarpetwashingmachine.com\/hsm-2700\/\",\"name\":\"Machine \u00e0 essorer les tapis - HSM 2700 - \u041a\u043e\u0432\u0440\u043e\u0432\u044b\u0439 \u043e\u0442\u0436\u0438\u043c\",\"isPartOf\":{\"@id\":\"https:\/\/www.thecarpetwashingmachine.com\/#website\"},\"primaryImageOfPage\":{\"@id\":\"https:\/\/www.thecarpetwashingmachine.com\/hsm-2700\/#primaryimage\"},\"image\":{\"@id\":\"https:\/\/www.thecarpetwashingmachine.com\/hsm-2700\/#primaryimage\"},\"thumbnailUrl\":\"https:\/\/www.thecarpetwashingmachine.com\/wp-content\/uploads\/2025\/07\/Untitled-design-11.png\",\"datePublished\":\"2025-07-11T11:46:06+00:00\",\"dateModified\":\"2025-07-29T06:09:43+00:00\",\"description\":\"HSM 2700: \u041f\u0440\u043e\u0447\u043d\u0430\u044f \u043a\u043e\u0432\u0440\u043e\u043e\u0442\u0436\u0438\u043c\u043d\u0430\u044f \u043c\u0430\u0448\u0438\u043d\u0430. \u0411\u0430\u0440\u0430\u0431\u0430\u043d INOX 2700 \u043c\u043c \u0438 \u0434\u0432\u0438\u0433\u0430\u0442\u0435\u043b\u044c 5,5 \u043a\u0412\u0442 \u0434\u043b\u044f \u044d\u0444\u0444\u0435\u043a\u0442\u0438\u0432\u043d\u043e\u0439, \u0431\u044b\u0441\u0442\u0440\u043e\u0439 \u0441\u0443\u0448\u043a\u0438.\",\"breadcrumb\":{\"@id\":\"https:\/\/www.thecarpetwashingmachine.com\/hsm-2700\/#breadcrumb\"},\"inLanguage\":\"fr-FR\",\"potentialAction\":[{\"@type\":\"ReadAction\",\"target\":[\"https:\/\/www.thecarpetwashingmachine.com\/hsm-2700\/\"]}]},{\"@type\":\"ImageObject\",\"inLanguage\":\"fr-FR\",\"@id\":\"https:\/\/www.thecarpetwashingmachine.com\/hsm-2700\/#primaryimage\",\"url\":\"https:\/\/www.thecarpetwashingmachine.com\/wp-content\/uploads\/2025\/07\/Untitled-design-11.png\",\"contentUrl\":\"https:\/\/www.thecarpetwashingmachine.com\/wp-content\/uploads\/2025\/07\/Untitled-design-11.png\"},{\"@type\":\"BreadcrumbList\",\"@id\":\"https:\/\/www.thecarpetwashingmachine.com\/hsm-2700\/#breadcrumb\",\"itemListElement\":[{\"@type\":\"ListItem\",\"position\":1,\"name\":\"Home\",\"item\":\"https:\/\/www.thecarpetwashingmachine.com\/\"},{\"@type\":\"ListItem\",\"position\":2,\"name\":\"Carpet Wringing Machine &#8211; HSM 2700\"}]},{\"@type\":\"WebSite\",\"@id\":\"https:\/\/www.thecarpetwashingmachine.com\/#website\",\"url\":\"https:\/\/www.thecarpetwashingmachine.com\/\",\"name\":\"Machine \u00e0 laver les tapis\",\"description\":\"La machine \u00e0 laver les tapis est partout dans le monde !\",\"potentialAction\":[{\"@type\":\"SearchAction\",\"target\":{\"@type\":\"EntryPoint\",\"urlTemplate\":\"https:\/\/www.thecarpetwashingmachine.com\/?s={search_term_string}\"},\"query-input\":{\"@type\":\"PropertyValueSpecification\",\"valueRequired\":true,\"valueName\":\"search_term_string\"}}],\"inLanguage\":\"fr-FR\"}]}<\/script>\n<!-- \/ Yoast SEO plugin. -->","yoast_head_json":{"title":"Machine \u00e0 essorer les tapis - HSM 2700 - Essoreuse \u00e0 Tapis","description":"HSM 2700 : Essoreuse de tapis pro. Tambour INOX de 2700mm, moteur 5,5 kW. S\u00e9chage rapide et efficace garanti.","robots":{"index":"index","follow":"follow","max-snippet":"max-snippet:-1","max-image-preview":"max-image-preview:large","max-video-preview":"max-video-preview:-1"},"canonical":"https:\/\/www.thecarpetwashingmachine.com\/hsm-2700\/","og_locale":"fr_FR","og_type":"article","og_title":"Machine \u00e0 essorer les tapis - HSM 2700 - Essoreuse \u00e0 Tapis","og_description":"HSM 2700 : Essoreuse de tapis pro. Tambour INOX de 2700mm, moteur 5,5 kW. S\u00e9chage rapide et efficace garanti.","og_url":"https:\/\/www.thecarpetwashingmachine.com\/hsm-2700\/","og_site_name":"Machine \u00e0 laver les tapis","article_publisher":"http:\/\/www.facebook.com\/carpetwashingmachine","article_modified_time":"2025-07-29T06:09:43+00:00","og_image":[{"width":750,"height":500,"url":"https:\/\/www.thecarpetwashingmachine.com\/wp-content\/uploads\/2025\/07\/Untitled-design-11.png","type":"image\/png"}],"twitter_card":"summary_large_image","twitter_misc":{"Dur\u00e9e de lecture estim\u00e9e":"1 minute"},"schema":{"@context":"https:\/\/schema.org","@graph":[{"@type":"WebPage","@id":"https:\/\/www.thecarpetwashingmachine.com\/hsm-2700\/","url":"https:\/\/www.thecarpetwashingmachine.com\/hsm-2700\/","name":"Machine \u00e0 essorer les tapis - HSM 2700 - \u041a\u043e\u0432\u0440\u043e\u0432\u044b\u0439 \u043e\u0442\u0436\u0438\u043c","isPartOf":{"@id":"https:\/\/www.thecarpetwashingmachine.com\/#website"},"primaryImageOfPage":{"@id":"https:\/\/www.thecarpetwashingmachine.com\/hsm-2700\/#primaryimage"},"image":{"@id":"https:\/\/www.thecarpetwashingmachine.com\/hsm-2700\/#primaryimage"},"thumbnailUrl":"https:\/\/www.thecarpetwashingmachine.com\/wp-content\/uploads\/2025\/07\/Untitled-design-11.png","datePublished":"2025-07-11T11:46:06+00:00","dateModified":"2025-07-29T06:09:43+00:00","description":"HSM 2700: \u041f\u0440\u043e\u0447\u043d\u0430\u044f \u043a\u043e\u0432\u0440\u043e\u043e\u0442\u0436\u0438\u043c\u043d\u0430\u044f \u043c\u0430\u0448\u0438\u043d\u0430. \u0411\u0430\u0440\u0430\u0431\u0430\u043d INOX 2700 \u043c\u043c \u0438 \u0434\u0432\u0438\u0433\u0430\u0442\u0435\u043b\u044c 5,5 \u043a\u0412\u0442 \u0434\u043b\u044f \u044d\u0444\u0444\u0435\u043a\u0442\u0438\u0432\u043d\u043e\u0439, \u0431\u044b\u0441\u0442\u0440\u043e\u0439 \u0441\u0443\u0448\u043a\u0438.","breadcrumb":{"@id":"https:\/\/www.thecarpetwashingmachine.com\/hsm-2700\/#breadcrumb"},"inLanguage":"fr-FR","potentialAction":[{"@type":"ReadAction","target":["https:\/\/www.thecarpetwashingmachine.com\/hsm-2700\/"]}]},{"@type":"ImageObject","inLanguage":"fr-FR","@id":"https:\/\/www.thecarpetwashingmachine.com\/hsm-2700\/#primaryimage","url":"https:\/\/www.thecarpetwashingmachine.com\/wp-content\/uploads\/2025\/07\/Untitled-design-11.png","contentUrl":"https:\/\/www.thecarpetwashingmachine.com\/wp-content\/uploads\/2025\/07\/Untitled-design-11.png"},{"@type":"BreadcrumbList","@id":"https:\/\/www.thecarpetwashingmachine.com\/hsm-2700\/#breadcrumb","itemListElement":[{"@type":"ListItem","position":1,"name":"Home","item":"https:\/\/www.thecarpetwashingmachine.com\/"},{"@type":"ListItem","position":2,"name":"Carpet Wringing Machine &#8211; HSM 2700"}]},{"@type":"WebSite","@id":"https:\/\/www.thecarpetwashingmachine.com\/#website","url":"https:\/\/www.thecarpetwashingmachine.com\/","name":"Machine \u00e0 laver les tapis","description":"La machine \u00e0 laver les tapis est partout dans le monde !","potentialAction":[{"@type":"SearchAction","target":{"@type":"EntryPoint","urlTemplate":"https:\/\/www.thecarpetwashingmachine.com\/?s={search_term_string}"},"query-input":{"@type":"PropertyValueSpecification","valueRequired":true,"valueName":"search_term_string"}}],"inLanguage":"fr-FR"}]}},"_links":{"self":[{"href":"https:\/\/www.thecarpetwashingmachine.com\/fr\/wp-json\/wp\/v2\/pages\/2181","targetHints":{"allow":["GET"]}}],"collection":[{"href":"https:\/\/www.thecarpetwashingmachine.com\/fr\/wp-json\/wp\/v2\/pages"}],"about":[{"href":"https:\/\/www.thecarpetwashingmachine.com\/fr\/wp-json\/wp\/v2\/types\/page"}],"author":[{"embeddable":true,"href":"https:\/\/www.thecarpetwashingmachine.com\/fr\/wp-json\/wp\/v2\/users\/1"}],"replies":[{"embeddable":true,"href":"https:\/\/www.thecarpetwashingmachine.com\/fr\/wp-json\/wp\/v2\/comments?post=2181"}],"version-history":[{"count":27,"href":"https:\/\/www.thecarpetwashingmachine.com\/fr\/wp-json\/wp\/v2\/pages\/2181\/revisions"}],"predecessor-version":[{"id":2529,"href":"https:\/\/www.thecarpetwashingmachine.com\/fr\/wp-json\/wp\/v2\/pages\/2181\/revisions\/2529"}],"wp:attachment":[{"href":"https:\/\/www.thecarpetwashingmachine.com\/fr\/wp-json\/wp\/v2\/media?parent=2181"}],"curies":[{"name":"wp","href":"https:\/\/api.w.org\/{rel}","templated":true}]}}