{"id":191,"date":"2022-11-02T06:32:43","date_gmt":"2022-11-02T06:32:43","guid":{"rendered":"https:\/\/www.thecarpetwashingmachine.com\/?page_id=191"},"modified":"2025-07-07T10:34:22","modified_gmt":"2025-07-07T10:34:22","slug":"how-to-contact-a-carpet-washing-machines-supplier","status":"publish","type":"page","link":"https:\/\/www.thecarpetwashingmachine.com\/fr\/how-to-contact-a-carpet-washing-machines-supplier\/","title":{"rendered":"Comment contacter un fournisseur de machines \u00e0 laver les tapis ?"},"content":{"rendered":"\n<p>&nbsp;<\/p>\n\n\n<div class=\"wp-block-image\">\n<figure class=\"aligncenter size-full\"><img loading=\"lazy\" decoding=\"async\" width=\"826\" height=\"390\" src=\"https:\/\/www.thecarpetwashingmachine.com\/wp-content\/uploads\/2025\/01\/hali-yikama-makinasi-kullanimi-1.jpg\" alt=\"\" class=\"wp-image-384\" srcset=\"https:\/\/www.thecarpetwashingmachine.com\/wp-content\/uploads\/2025\/01\/hali-yikama-makinasi-kullanimi-1.jpg 826w, https:\/\/www.thecarpetwashingmachine.com\/wp-content\/uploads\/2025\/01\/hali-yikama-makinasi-kullanimi-1-300x142.jpg 300w, https:\/\/www.thecarpetwashingmachine.com\/wp-content\/uploads\/2025\/01\/hali-yikama-makinasi-kullanimi-1-768x363.jpg 768w\" sizes=\"auto, (max-width: 826px) 100vw, 826px\" \/><\/figure><\/div>\n\n\n<p><\/p>\n\n\n\n<h2 class=\"wp-block-heading\">Vous d\u00e9butez dans le secteur du lavage de tapis ?<\/h2>\n\n\n\n<p>Si vous \u00eates nouveau dans le domaine du lavage de tapis (que vous ne connaissiez pas les machines ou que vous envisagiez simplement de d\u00e9marrer une nouvelle entreprise), la premi\u00e8re chose que vous voudrez probablement savoir est le prix des machines. Bien que le prix soit important, la mani\u00e8re dont vous communiquez avec le fournisseur l&rsquo;est tout autant.<\/p>\n\n\n\n<h2 class=\"wp-block-heading\">Comment demander le prix des machines ?<\/h2>\n\n\n\n<p>Demander simplement \u00ab Combien co\u00fbte une machine \u00e0 laver les tapis ? \u00bb n&rsquo;est pas la meilleure fa\u00e7on de faire part de votre int\u00e9r\u00eat \u00e0 un fournisseur. Le fournisseur pensera imm\u00e9diatement que vous ne savez rien de ces machines et, s&rsquo;il est mal intentionn\u00e9, il vous proposera la machine la moins ch\u00e8re (et tr\u00e8s probablement la moins utile) pour obtenir votre argent. C&rsquo;est une pratique assez courante dans notre industrie.<\/p>\n\n\n\n<p>Cependant, un fournisseur qui souhaite r\u00e9ellement vous aider a besoin de plus qu&rsquo;une simple question sur le prix.<\/p>\n\n\n\n<h2 class=\"wp-block-heading\">Pr\u00e9senter le profil de votre entreprise<\/h2>\n\n\n\n<p>La meilleure fa\u00e7on de commencer, apr\u00e8s vous \u00eatre pr\u00e9sent\u00e9 par votre nom, est de pr\u00e9senter votre entreprise : son profil, son anciennet\u00e9, votre emplacement, les services que vous proposez et, bien s\u00fbr, les d\u00e9tails de votre projet (informations sur le local o\u00f9 les machines seront install\u00e9es, un plan si possible, et ce dont vous aurez besoin pour l&rsquo;entreprise). Si vous \u00eates une entreprise interm\u00e9diaire, vous devez en informer le fournisseur au pr\u00e9alable. Il est pr\u00e9f\u00e9rable d&rsquo;envoyer vos e-mails via une adresse e-mail professionnelle (pas GMail, Yahoo, Outlook, mais une adresse e-mail se terminant par le nom de domaine de votre site Web). Cela laissera une bonne impression au fournisseur.<\/p>\n\n\n\n<h2 class=\"wp-block-heading\">Conseils pour un nouvel entrepreneur<\/h2>\n\n\n\n<p>Si vous d\u00e9butez dans ce secteur et n&rsquo;avez pas encore d&rsquo;entreprise, vous devez expliquer clairement vos intentions. Certaines questions mentionn\u00e9es ci-dessus sont \u00e9galement valables ici : pr\u00e9cisez votre emplacement et l&rsquo;endroit o\u00f9 vous d\u00e9marrez votre projet, et informez le fournisseur si vous disposez d&rsquo;un local adapt\u00e9 \u00e0 l&rsquo;entreprise (vous devriez ajouter des d\u00e9tails tels que la superficie et le r\u00e9seau \u00e9lectrique). Comme vous n&rsquo;avez pas d&rsquo;adresse e-mail professionnelle, le fournisseur pourrait vous demander d&rsquo;autres moyens de communication (WhatsApp, Messenger, etc.). Cela ne devrait pas \u00eatre un probl\u00e8me pour vous, car dans la plupart des cas, les e-mails n&rsquo;atteignent jamais leur adresse r\u00e9elle et ne sont donc pas lus. Le fournisseur souhaite simplement s&rsquo;assurer que vous avez bien re\u00e7u son e-mail.<\/p>\n\n\n\n<h2 class=\"wp-block-heading\">Sp\u00e9cifier les produits qui vous int\u00e9ressent<\/h2>\n\n\n\n<p>Un fournisseur peut avoir un grand nombre de produits, allant d&rsquo;une machine industrielle de lavage de tapis enti\u00e8rement automatique aux hydro-extracteurs. Dans ce cas, vous devez expliquer pr\u00e9cis\u00e9ment les machines qui vous int\u00e9ressent. Cela vous permettra d&rsquo;obtenir un devis plus rapidement. Le fournisseur vous enverra un catalogue par e-mail ou par d&rsquo;autres moyens. Dans ce catalogue, les machines sont probablement pr\u00e9sent\u00e9es sous diff\u00e9rents mod\u00e8les. Il est important de se rappeler que les num\u00e9ros de mod\u00e8le indiquent g\u00e9n\u00e9ralement la taille (par exemple, si le num\u00e9ro de mod\u00e8le d&rsquo;une machine \u00e0 laver les tapis est 3200, cela signifie qu&rsquo;elle est con\u00e7ue pour des tapis d&rsquo;une largeur allant jusqu&rsquo;\u00e0 3,2 m\u00e8tres ; la longueur n&rsquo;a g\u00e9n\u00e9ralement pas d&rsquo;importance pour les machines \u00e0 laver les tapis). Si vous sp\u00e9cifiez chaque machine dont vous avez besoin une par une (par exemple : une machine \u00e0 laver les tapis enti\u00e8rement automatique 4200 avec 4+4=8 brosses \u00e0 disque et 1 brosse cylindrique, et une essoreuse de tapis 4200 avec un diam\u00e8tre de 450 mm et un syst\u00e8me de freinage), cela signifiera que vous avez lu le catalogue du fournisseur en d\u00e9tail et que vous avez pr\u00eat\u00e9 attention \u00e0 chaque sp\u00e9cification.<\/p>\n","protected":false},"excerpt":{"rendered":"<p>&nbsp; Vous d\u00e9butez dans le secteur du lavage de tapis ? Si vous \u00eates nouveau dans le domaine du lavage de tapis (que vous ne&hellip;<\/p>\n","protected":false},"author":1,"featured_media":0,"parent":0,"menu_order":0,"comment_status":"closed","ping_status":"closed","template":"","meta":{"footnotes":""},"class_list":["post-191","page","type-page","status-publish","hentry"],"translation":{"provider":"WPGlobus","version":"3.0.0","language":"fr","enabled_languages":["en","tr","fr","ar","es","de","pt","ru"],"languages":{"en":{"title":true,"content":true,"excerpt":false},"tr":{"title":true,"content":true,"excerpt":false},"fr":{"title":true,"content":true,"excerpt":false},"ar":{"title":true,"content":true,"excerpt":false},"es":{"title":true,"content":true,"excerpt":false},"de":{"title":true,"content":true,"excerpt":false},"pt":{"title":true,"content":true,"excerpt":false},"ru":{"title":true,"content":true,"excerpt":false}}},"yoast_head":"<!-- This site is optimized with the Yoast SEO plugin v24.7 - https:\/\/yoast.com\/wordpress\/plugins\/seo\/ -->\n<title>Comment contacter un fournisseur de machines \u00e0 laver les tapis ? - Machine \u00e0 laver les tapis<\/title>\n<meta name=\"description\" content=\"Besoin de contacter un fournisseur de machines \u00e0 laver les tapis ? D\u00e9couvrez des conseils d&#039;experts pour vous connecter et obtenir des devis.\" \/>\n<meta name=\"robots\" content=\"index, follow, max-snippet:-1, max-image-preview:large, max-video-preview:-1\" \/>\n<link rel=\"canonical\" href=\"https:\/\/www.thecarpetwashingmachine.com\/how-to-contact-a-carpet-washing-machines-supplier\/\" \/>\n<meta property=\"og:locale\" content=\"fr_FR\" \/>\n<meta property=\"og:type\" content=\"article\" \/>\n<meta property=\"og:title\" content=\"Comment contacter un fournisseur de machines \u00e0 laver les tapis ? - Machine \u00e0 laver les tapis\" \/>\n<meta property=\"og:description\" content=\"Besoin de contacter un fournisseur de machines \u00e0 laver les tapis ? D\u00e9couvrez des conseils d&#039;experts pour vous connecter et obtenir des devis.\" \/>\n<meta property=\"og:url\" content=\"https:\/\/www.thecarpetwashingmachine.com\/how-to-contact-a-carpet-washing-machines-supplier\/\" \/>\n<meta property=\"og:site_name\" content=\"Machine \u00e0 laver les tapis\" \/>\n<meta property=\"article:publisher\" content=\"http:\/\/www.facebook.com\/carpetwashingmachine\" \/>\n<meta property=\"article:modified_time\" content=\"2025-07-07T10:34:22+00:00\" \/>\n<meta property=\"og:image\" content=\"https:\/\/www.thecarpetwashingmachine.com\/wp-content\/uploads\/2025\/01\/hali-yikama-makinasi-kullanimi-1.jpg\" \/>\n\t<meta property=\"og:image:width\" content=\"826\" \/>\n\t<meta property=\"og:image:height\" content=\"390\" \/>\n\t<meta property=\"og:image:type\" content=\"image\/jpeg\" \/>\n<meta name=\"twitter:card\" content=\"summary_large_image\" \/>\n<meta name=\"twitter:label1\" content=\"Dur\u00e9e de lecture estim\u00e9e\" \/>\n\t<meta name=\"twitter:data1\" content=\"3 minutes\" \/>\n<script type=\"application\/ld+json\" class=\"yoast-schema-graph\">{\"@context\":\"https:\/\/schema.org\",\"@graph\":[{\"@type\":\"WebPage\",\"@id\":\"https:\/\/www.thecarpetwashingmachine.com\/how-to-contact-a-carpet-washing-machines-supplier\/\",\"url\":\"https:\/\/www.thecarpetwashingmachine.com\/how-to-contact-a-carpet-washing-machines-supplier\/\",\"name\":\"\u041a\u0430\u043a \u0441\u0432\u044f\u0437\u0430\u0442\u044c\u0441\u044f \u0441 \u043f\u043e\u0441\u0442\u0430\u0432\u0449\u0438\u043a\u043e\u043c \u043c\u0430\u0448\u0438\u043d \u0434\u043b\u044f \u0441\u0442\u0438\u0440\u043a\u0438 \u043a\u043e\u0432\u0440\u043e\u0432? - Machine \u00e0 laver les tapis\",\"isPartOf\":{\"@id\":\"https:\/\/www.thecarpetwashingmachine.com\/#website\"},\"primaryImageOfPage\":{\"@id\":\"https:\/\/www.thecarpetwashingmachine.com\/how-to-contact-a-carpet-washing-machines-supplier\/#primaryimage\"},\"image\":{\"@id\":\"https:\/\/www.thecarpetwashingmachine.com\/how-to-contact-a-carpet-washing-machines-supplier\/#primaryimage\"},\"thumbnailUrl\":\"https:\/\/www.thecarpetwashingmachine.com\/wp-content\/uploads\/2025\/01\/hali-yikama-makinasi-kullanimi-1.jpg\",\"datePublished\":\"2022-11-02T06:32:43+00:00\",\"dateModified\":\"2025-07-07T10:34:22+00:00\",\"description\":\"\u041d\u0443\u0436\u043d\u043e \u0441\u0432\u044f\u0437\u0430\u0442\u044c\u0441\u044f \u0441 \u043f\u043e\u0441\u0442\u0430\u0432\u0449\u0438\u043a\u043e\u043c \u043c\u0430\u0448\u0438\u043d \u0434\u043b\u044f \u0441\u0442\u0438\u0440\u043a\u0438 \u043a\u043e\u0432\u0440\u043e\u0432? \u041e\u0442\u043a\u0440\u043e\u0439\u0442\u0435 \u0434\u043b\u044f \u0441\u0435\u0431\u044f \u0441\u043e\u0432\u0435\u0442\u044b \u044d\u043a\u0441\u043f\u0435\u0440\u0442\u043e\u0432, \u0447\u0442\u043e\u0431\u044b \u043d\u0430\u043b\u0430\u0434\u0438\u0442\u044c \u0441\u0432\u044f\u0437\u044c \u0438 \u043f\u043e\u043b\u0443\u0447\u0438\u0442\u044c \u043f\u0440\u0435\u0434\u043b\u043e\u0436\u0435\u043d\u0438\u044f.\",\"breadcrumb\":{\"@id\":\"https:\/\/www.thecarpetwashingmachine.com\/how-to-contact-a-carpet-washing-machines-supplier\/#breadcrumb\"},\"inLanguage\":\"fr-FR\",\"potentialAction\":[{\"@type\":\"ReadAction\",\"target\":[\"https:\/\/www.thecarpetwashingmachine.com\/how-to-contact-a-carpet-washing-machines-supplier\/\"]}]},{\"@type\":\"ImageObject\",\"inLanguage\":\"fr-FR\",\"@id\":\"https:\/\/www.thecarpetwashingmachine.com\/how-to-contact-a-carpet-washing-machines-supplier\/#primaryimage\",\"url\":\"https:\/\/www.thecarpetwashingmachine.com\/wp-content\/uploads\/2025\/01\/hali-yikama-makinasi-kullanimi-1.jpg\",\"contentUrl\":\"https:\/\/www.thecarpetwashingmachine.com\/wp-content\/uploads\/2025\/01\/hali-yikama-makinasi-kullanimi-1.jpg\"},{\"@type\":\"BreadcrumbList\",\"@id\":\"https:\/\/www.thecarpetwashingmachine.com\/how-to-contact-a-carpet-washing-machines-supplier\/#breadcrumb\",\"itemListElement\":[{\"@type\":\"ListItem\",\"position\":1,\"name\":\"Home\",\"item\":\"https:\/\/www.thecarpetwashingmachine.com\/\"},{\"@type\":\"ListItem\",\"position\":2,\"name\":\"How to Contact a Carpet Washing Machines Supplier?\"}]},{\"@type\":\"WebSite\",\"@id\":\"https:\/\/www.thecarpetwashingmachine.com\/#website\",\"url\":\"https:\/\/www.thecarpetwashingmachine.com\/\",\"name\":\"Machine \u00e0 laver les tapis\",\"description\":\"La machine \u00e0 laver les tapis est partout dans le monde !\",\"potentialAction\":[{\"@type\":\"SearchAction\",\"target\":{\"@type\":\"EntryPoint\",\"urlTemplate\":\"https:\/\/www.thecarpetwashingmachine.com\/?s={search_term_string}\"},\"query-input\":{\"@type\":\"PropertyValueSpecification\",\"valueRequired\":true,\"valueName\":\"search_term_string\"}}],\"inLanguage\":\"fr-FR\"}]}<\/script>\n<!-- \/ Yoast SEO plugin. -->","yoast_head_json":{"title":"Comment contacter un fournisseur de machines \u00e0 laver les tapis ? - Machine \u00e0 laver les tapis","description":"Besoin de contacter un fournisseur de machines \u00e0 laver les tapis ? D\u00e9couvrez des conseils d'experts pour vous connecter et obtenir des devis.","robots":{"index":"index","follow":"follow","max-snippet":"max-snippet:-1","max-image-preview":"max-image-preview:large","max-video-preview":"max-video-preview:-1"},"canonical":"https:\/\/www.thecarpetwashingmachine.com\/how-to-contact-a-carpet-washing-machines-supplier\/","og_locale":"fr_FR","og_type":"article","og_title":"Comment contacter un fournisseur de machines \u00e0 laver les tapis ? - Machine \u00e0 laver les tapis","og_description":"Besoin de contacter un fournisseur de machines \u00e0 laver les tapis ? D\u00e9couvrez des conseils d'experts pour vous connecter et obtenir des devis.","og_url":"https:\/\/www.thecarpetwashingmachine.com\/how-to-contact-a-carpet-washing-machines-supplier\/","og_site_name":"Machine \u00e0 laver les tapis","article_publisher":"http:\/\/www.facebook.com\/carpetwashingmachine","article_modified_time":"2025-07-07T10:34:22+00:00","og_image":[{"width":826,"height":390,"url":"https:\/\/www.thecarpetwashingmachine.com\/wp-content\/uploads\/2025\/01\/hali-yikama-makinasi-kullanimi-1.jpg","type":"image\/jpeg"}],"twitter_card":"summary_large_image","twitter_misc":{"Dur\u00e9e de lecture estim\u00e9e":"3 minutes"},"schema":{"@context":"https:\/\/schema.org","@graph":[{"@type":"WebPage","@id":"https:\/\/www.thecarpetwashingmachine.com\/how-to-contact-a-carpet-washing-machines-supplier\/","url":"https:\/\/www.thecarpetwashingmachine.com\/how-to-contact-a-carpet-washing-machines-supplier\/","name":"\u041a\u0430\u043a \u0441\u0432\u044f\u0437\u0430\u0442\u044c\u0441\u044f \u0441 \u043f\u043e\u0441\u0442\u0430\u0432\u0449\u0438\u043a\u043e\u043c \u043c\u0430\u0448\u0438\u043d \u0434\u043b\u044f \u0441\u0442\u0438\u0440\u043a\u0438 \u043a\u043e\u0432\u0440\u043e\u0432? - Machine \u00e0 laver les tapis","isPartOf":{"@id":"https:\/\/www.thecarpetwashingmachine.com\/#website"},"primaryImageOfPage":{"@id":"https:\/\/www.thecarpetwashingmachine.com\/how-to-contact-a-carpet-washing-machines-supplier\/#primaryimage"},"image":{"@id":"https:\/\/www.thecarpetwashingmachine.com\/how-to-contact-a-carpet-washing-machines-supplier\/#primaryimage"},"thumbnailUrl":"https:\/\/www.thecarpetwashingmachine.com\/wp-content\/uploads\/2025\/01\/hali-yikama-makinasi-kullanimi-1.jpg","datePublished":"2022-11-02T06:32:43+00:00","dateModified":"2025-07-07T10:34:22+00:00","description":"\u041d\u0443\u0436\u043d\u043e \u0441\u0432\u044f\u0437\u0430\u0442\u044c\u0441\u044f \u0441 \u043f\u043e\u0441\u0442\u0430\u0432\u0449\u0438\u043a\u043e\u043c \u043c\u0430\u0448\u0438\u043d \u0434\u043b\u044f \u0441\u0442\u0438\u0440\u043a\u0438 \u043a\u043e\u0432\u0440\u043e\u0432? \u041e\u0442\u043a\u0440\u043e\u0439\u0442\u0435 \u0434\u043b\u044f \u0441\u0435\u0431\u044f \u0441\u043e\u0432\u0435\u0442\u044b \u044d\u043a\u0441\u043f\u0435\u0440\u0442\u043e\u0432, \u0447\u0442\u043e\u0431\u044b \u043d\u0430\u043b\u0430\u0434\u0438\u0442\u044c \u0441\u0432\u044f\u0437\u044c \u0438 \u043f\u043e\u043b\u0443\u0447\u0438\u0442\u044c \u043f\u0440\u0435\u0434\u043b\u043e\u0436\u0435\u043d\u0438\u044f.","breadcrumb":{"@id":"https:\/\/www.thecarpetwashingmachine.com\/how-to-contact-a-carpet-washing-machines-supplier\/#breadcrumb"},"inLanguage":"fr-FR","potentialAction":[{"@type":"ReadAction","target":["https:\/\/www.thecarpetwashingmachine.com\/how-to-contact-a-carpet-washing-machines-supplier\/"]}]},{"@type":"ImageObject","inLanguage":"fr-FR","@id":"https:\/\/www.thecarpetwashingmachine.com\/how-to-contact-a-carpet-washing-machines-supplier\/#primaryimage","url":"https:\/\/www.thecarpetwashingmachine.com\/wp-content\/uploads\/2025\/01\/hali-yikama-makinasi-kullanimi-1.jpg","contentUrl":"https:\/\/www.thecarpetwashingmachine.com\/wp-content\/uploads\/2025\/01\/hali-yikama-makinasi-kullanimi-1.jpg"},{"@type":"BreadcrumbList","@id":"https:\/\/www.thecarpetwashingmachine.com\/how-to-contact-a-carpet-washing-machines-supplier\/#breadcrumb","itemListElement":[{"@type":"ListItem","position":1,"name":"Home","item":"https:\/\/www.thecarpetwashingmachine.com\/"},{"@type":"ListItem","position":2,"name":"How to Contact a Carpet Washing Machines Supplier?"}]},{"@type":"WebSite","@id":"https:\/\/www.thecarpetwashingmachine.com\/#website","url":"https:\/\/www.thecarpetwashingmachine.com\/","name":"Machine \u00e0 laver les tapis","description":"La machine \u00e0 laver les tapis est partout dans le monde !","potentialAction":[{"@type":"SearchAction","target":{"@type":"EntryPoint","urlTemplate":"https:\/\/www.thecarpetwashingmachine.com\/?s={search_term_string}"},"query-input":{"@type":"PropertyValueSpecification","valueRequired":true,"valueName":"search_term_string"}}],"inLanguage":"fr-FR"}]}},"_links":{"self":[{"href":"https:\/\/www.thecarpetwashingmachine.com\/fr\/wp-json\/wp\/v2\/pages\/191","targetHints":{"allow":["GET"]}}],"collection":[{"href":"https:\/\/www.thecarpetwashingmachine.com\/fr\/wp-json\/wp\/v2\/pages"}],"about":[{"href":"https:\/\/www.thecarpetwashingmachine.com\/fr\/wp-json\/wp\/v2\/types\/page"}],"author":[{"embeddable":true,"href":"https:\/\/www.thecarpetwashingmachine.com\/fr\/wp-json\/wp\/v2\/users\/1"}],"replies":[{"embeddable":true,"href":"https:\/\/www.thecarpetwashingmachine.com\/fr\/wp-json\/wp\/v2\/comments?post=191"}],"version-history":[{"count":39,"href":"https:\/\/www.thecarpetwashingmachine.com\/fr\/wp-json\/wp\/v2\/pages\/191\/revisions"}],"predecessor-version":[{"id":1974,"href":"https:\/\/www.thecarpetwashingmachine.com\/fr\/wp-json\/wp\/v2\/pages\/191\/revisions\/1974"}],"wp:attachment":[{"href":"https:\/\/www.thecarpetwashingmachine.com\/fr\/wp-json\/wp\/v2\/media?parent=191"}],"curies":[{"name":"wp","href":"https:\/\/api.w.org\/{rel}","templated":true}]}}