{"id":178,"date":"2022-02-08T13:07:41","date_gmt":"2022-02-08T13:07:41","guid":{"rendered":"https:\/\/www.thecarpetwashingmachine.com\/?page_id=178"},"modified":"2025-07-07T07:58:45","modified_gmt":"2025-07-07T07:58:45","slug":"combi-carpet-cleaning-machines","status":"publish","type":"page","link":"https:\/\/www.thecarpetwashingmachine.com\/fr\/combi-carpet-cleaning-machines\/","title":{"rendered":"Machines \u00e0 laver les tapis combin\u00e9es"},"content":{"rendered":"<p>Notre entreprise re\u00e7oit aujourd&rsquo;hui de nombreuses demandes de devis pour des machines de nettoyage de tapis combin\u00e9es, \u00e9galement appel\u00e9es machines 2-en-1. Ces machines int\u00e8grent une machine \u00e0 laver les tapis et une machine \u00e0 essorer les tapis. Dans ces mod\u00e8les, la machine d&rsquo;essorage centrifuge est positionn\u00e9e sous la machine \u00e0 laver les tapis. Cependant, nous ne fabriquons pas de telles machines. Ci-dessous, nous r\u00e9sumons bri\u00e8vement les probl\u00e8mes associ\u00e9s aux machines de nettoyage de tapis combin\u00e9es :<\/p>\n<p><b>Le Motif du Profit au D\u00e9triement de la Qualit\u00e9<\/b> Les entreprises proposant des produits combin\u00e9s privil\u00e9gient souvent le profit plut\u00f4t que la production de machines de meilleure qualit\u00e9 et plus fiables. Avec l&rsquo;\u00e9mergence constante de nouveaux fabricants de machines \u00e0 laver les tapis, les entreprises ax\u00e9es uniquement sur le profit ciblent les nouvelles affaires, en particulier celles qui comparent les machines uniquement sur la base du prix et qui manquent de connaissances sur l&rsquo;industrie du nettoyage de tapis ou son \u00e9quipement. Leur strat\u00e9gie est de vendre des machines bon march\u00e9 pour un profit rapide. Cependant, cette approche conduit \u00e0 l&rsquo;entr\u00e9e sur le march\u00e9 de machines apparemment fonctionnelles mais finalement probl\u00e9matiques. Notre entreprise op\u00e8re selon des principes fondamentaux dans cette industrie, ce qui nous emp\u00eache de transiger sur la qualit\u00e9.<\/p>\n<p><b>D\u00e9fis Op\u00e9rationnels<\/b> Faire fonctionner une machine (lavage ou essorage) pendant que l&rsquo;autre est en marche est assez difficile. Les machines \u00e0 essorer les tapis peuvent sauter ou vibrer avec certains tapis ou en raison d&rsquo;une erreur de l&rsquo;utilisateur. Id\u00e9alement, les tapis devraient \u00eatre plac\u00e9s dans la machine \u00e0 essorer imm\u00e9diatement apr\u00e8s le lavage. Cela est d\u00fb \u00e0 l&rsquo;accumulation d&rsquo;eau dans le tapis apr\u00e8s le lavage, ce qui d\u00e9cale la r\u00e9partition du poids. Si vous devez attendre que le tapis pr\u00e9c\u00e9dent ait termin\u00e9 son cycle avant d&rsquo;essorer le tapis nouvellement lav\u00e9, cela cr\u00e9e des retards de production. Le lavage en s\u00e9rie des tapis devient impossible avec une telle machine, la rendant peu conviviale.<\/p>\n<p><b>Composants Expos\u00e9s et Probl\u00e8mes Environnementaux<\/b> Les moteurs et les bo\u00eetes de vitesses ne devraient pas \u00eatre expos\u00e9s \u00e0 l&rsquo;eau, aux produits chimiques ou \u00e0 d&rsquo;autres substances volatiles. Cependant, certains fabricants laissent ces zones non prot\u00e9g\u00e9es dans les machines combin\u00e9es afin de r\u00e9duire les co\u00fbts et d&rsquo;augmenter les profits. Ces producteurs peuvent les annoncer comme des machines \u00ab\u00a0\u00e9conomiques\u00a0\u00bb, mais leur qualit\u00e9 ne sera pas impressionnante. Les entreprises de nettoyage de tapis ont une humidit\u00e9 \u00e9lev\u00e9e et utilisent des produits chimiques volatils, tels que l&rsquo;hypochlorite de sodium dilu\u00e9 (eau de Javel). Les zones contenant des composants \u00e9lectroniques \u00e0 l&rsquo;int\u00e9rieur de la machine doivent \u00eatre scell\u00e9es et isol\u00e9es pour \u00e9viter les dommages caus\u00e9s par l&rsquo;humidit\u00e9 et les produits chimiques.<\/p>\n<p><b>Syst\u00e8me de Brossage Insuffisant<\/b> Les machines \u00e0 laver les tapis combin\u00e9es ont un nombre insuffisant de brosses, ne comportant g\u00e9n\u00e9ralement qu&rsquo;une seule rang\u00e9e (g\u00e9n\u00e9ralement 3 ou 4 brosses dans la plupart des cas). Une machine \u00e0 laver les tapis de haute qualit\u00e9 devrait avoir au moins deux rang\u00e9es de brosses, configur\u00e9es en ensembles de 3+3=6, 4+4=8 ou 6+6=12. Les doubles rang\u00e9es de brosses offrent \u00e0 la fois des brosses dures et douces. Les brosses douces sont utilis\u00e9es pour les tapis d\u00e9licats et faits \u00e0 la main comme la soie, la laine et les tapis orientaux. Elles fonctionnent conjointement avec les brosses dures lors du nettoyage de tapis fabriqu\u00e9s \u00e0 la machine ou de tapis moins chers. Deux rang\u00e9es de brosses sont essentielles pour obtenir un nettoyage de tapis de qualit\u00e9 en un seul lavage et offrent une plus large gamme de programmes de lavage. Une seule rang\u00e9e de brosses peut n\u00e9cessiter plusieurs lavages ou des cycles de lavage plus lents.<\/p>\n<p><b>Syst\u00e8me de Rin\u00e7age Inefficace<\/b> Le syst\u00e8me de rin\u00e7age des machines de nettoyage de tapis combin\u00e9es n&rsquo;est souvent pas assez puissant pour \u00e9liminer la mousse, le shampoing, les produits chimiques, la salet\u00e9, la poussi\u00e8re et autres d\u00e9bris du tapis. Cela entra\u00eene un rin\u00e7age incorrect et un nettoyage insuffisant. Les tapis contenant des r\u00e9sidus chimiques et de la mousse entreront ensuite dans la machine d&rsquo;essorage, ce qui entra\u00eenera une d\u00e9coloration et des odeurs d\u00e9sagr\u00e9ables en quelques semaines. Un rin\u00e7age incorrect permet aux produits chimiques et \u00e0 la mousse de s\u00e9cher \u00e0 l&rsquo;int\u00e9rieur du tapis, tandis que la salet\u00e9 et la terre restent pi\u00e9g\u00e9es.<\/p>\n<p><b>Probl\u00e8mes Ergonomiques<\/b> Les machines de nettoyage de tapis combin\u00e9es ne sont pas con\u00e7ues de mani\u00e8re ergonomique. Le positionnement de la machine d&rsquo;essorage sous la machine \u00e0 laver entrave consid\u00e9rablement le transport des tapis lourds.<\/p>\n<p>En conclusion, les machines de nettoyage de tapis combin\u00e9es sont de conception rudimentaire. Notre objectif est de produire des machines sup\u00e9rieures, dot\u00e9es d&rsquo;une technologie avanc\u00e9e, d&rsquo;une qualit\u00e9 exceptionnelle, de performances \u00e9lev\u00e9es et d&rsquo;une efficacit\u00e9 am\u00e9lior\u00e9e. Nous avons interagi avec de nombreux utilisateurs qui ont finalement r\u00e9alis\u00e9 leur erreur d&rsquo;avoir choisi une machine combin\u00e9e pour leurs nouvelles entreprises. Tous ces utilisateurs ont fini par passer \u00e0 des machines de meilleure qualit\u00e9. Il est \u00e9vident que les fabricants qui d\u00e9veloppent ces machines \u00e0 laver les tapis privil\u00e9gient le profit \u00e0 court terme au d\u00e9triment des besoins \u00e0 long terme de leurs clients.<\/p>\n","protected":false},"excerpt":{"rendered":"<p>Notre entreprise re\u00e7oit aujourd&rsquo;hui de nombreuses demandes de devis pour des machines de nettoyage de tapis combin\u00e9es, \u00e9galement appel\u00e9es machines 2-en-1. Ces machines int\u00e8grent une&hellip;<\/p>\n","protected":false},"author":1,"featured_media":0,"parent":0,"menu_order":0,"comment_status":"closed","ping_status":"closed","template":"","meta":{"footnotes":""},"class_list":["post-178","page","type-page","status-publish","hentry"],"translation":{"provider":"WPGlobus","version":"3.0.0","language":"fr","enabled_languages":["en","tr","fr","ar","es","de","pt","ru"],"languages":{"en":{"title":true,"content":true,"excerpt":false},"tr":{"title":true,"content":true,"excerpt":false},"fr":{"title":true,"content":true,"excerpt":false},"ar":{"title":true,"content":true,"excerpt":false},"es":{"title":true,"content":true,"excerpt":false},"de":{"title":true,"content":true,"excerpt":false},"pt":{"title":true,"content":true,"excerpt":false},"ru":{"title":true,"content":true,"excerpt":false}}},"yoast_head":"<!-- This site is optimized with the Yoast SEO plugin v24.7 - https:\/\/yoast.com\/wordpress\/plugins\/seo\/ -->\n<title>Machines \u00e0 laver les tapis combin\u00e9es - Machine \u00e0 laver les tapis<\/title>\n<meta name=\"description\" content=\"Visitez notre site pour d\u00e9couvrir les **machines de nettoyage de tapis combin\u00e9es**, aussi appel\u00e9es **2-en-1**.\" \/>\n<meta name=\"robots\" content=\"index, follow, max-snippet:-1, max-image-preview:large, max-video-preview:-1\" \/>\n<link rel=\"canonical\" href=\"https:\/\/www.thecarpetwashingmachine.com\/combi-carpet-cleaning-machines\/\" \/>\n<meta property=\"og:locale\" content=\"fr_FR\" \/>\n<meta property=\"og:type\" content=\"article\" \/>\n<meta property=\"og:title\" content=\"Machines \u00e0 laver les tapis combin\u00e9es - Machine \u00e0 laver les tapis\" \/>\n<meta property=\"og:description\" content=\"Visitez notre site pour d\u00e9couvrir les **machines de nettoyage de tapis combin\u00e9es**, aussi appel\u00e9es **2-en-1**.\" \/>\n<meta property=\"og:url\" content=\"https:\/\/www.thecarpetwashingmachine.com\/combi-carpet-cleaning-machines\/\" \/>\n<meta property=\"og:site_name\" content=\"Machine \u00e0 laver les tapis\" \/>\n<meta property=\"article:publisher\" content=\"http:\/\/www.facebook.com\/carpetwashingmachine\" \/>\n<meta property=\"article:modified_time\" content=\"2025-07-07T07:58:45+00:00\" \/>\n<meta name=\"twitter:card\" content=\"summary_large_image\" \/>\n<meta name=\"twitter:label1\" content=\"Dur\u00e9e de lecture estim\u00e9e\" \/>\n\t<meta name=\"twitter:data1\" content=\"3 minutes\" \/>\n<script type=\"application\/ld+json\" class=\"yoast-schema-graph\">{\"@context\":\"https:\/\/schema.org\",\"@graph\":[{\"@type\":\"WebPage\",\"@id\":\"https:\/\/www.thecarpetwashingmachine.com\/combi-carpet-cleaning-machines\/\",\"url\":\"https:\/\/www.thecarpetwashingmachine.com\/combi-carpet-cleaning-machines\/\",\"name\":\"\u041a\u043e\u043c\u0431\u0438\u043d\u0438\u0440\u043e\u0432\u0430\u043d\u043d\u044b\u0435 \u043a\u043e\u0432\u0440\u043e\u043c\u043e\u0435\u0447\u043d\u044b\u0435 \u043c\u0430\u0448\u0438\u043d\u044b - Machine \u00e0 laver les tapis\",\"isPartOf\":{\"@id\":\"https:\/\/www.thecarpetwashingmachine.com\/#website\"},\"datePublished\":\"2022-02-08T13:07:41+00:00\",\"dateModified\":\"2025-07-07T07:58:45+00:00\",\"description\":\"\u041f\u043e\u0441\u0435\u0442\u0438\u0442\u0435 \u043d\u0430\u0448 \u0441\u0430\u0439\u0442, \u0447\u0442\u043e\u0431\u044b \u0443\u0437\u043d\u0430\u0442\u044c \u0431\u043e\u043b\u044c\u0448\u0435 \u043e \u043a\u043e\u043c\u0431\u0438\u043d\u0438\u0440\u043e\u0432\u0430\u043d\u043d\u044b\u0445 \u043c\u0430\u0448\u0438\u043d\u0430\u0445 \u0434\u043b\u044f \u0447\u0438\u0441\u0442\u043a\u0438 \u043a\u043e\u0432\u0440\u043e\u0432, \u0442\u0430\u043a\u0436\u0435 \u0438\u0437\u0432\u0435\u0441\u0442\u043d\u044b\u0445 \u043a\u0430\u043a \u043c\u0430\u0448\u0438\u043d\u044b 2 \u0432 1.\",\"breadcrumb\":{\"@id\":\"https:\/\/www.thecarpetwashingmachine.com\/combi-carpet-cleaning-machines\/#breadcrumb\"},\"inLanguage\":\"fr-FR\",\"potentialAction\":[{\"@type\":\"ReadAction\",\"target\":[\"https:\/\/www.thecarpetwashingmachine.com\/combi-carpet-cleaning-machines\/\"]}]},{\"@type\":\"BreadcrumbList\",\"@id\":\"https:\/\/www.thecarpetwashingmachine.com\/combi-carpet-cleaning-machines\/#breadcrumb\",\"itemListElement\":[{\"@type\":\"ListItem\",\"position\":1,\"name\":\"Home\",\"item\":\"https:\/\/www.thecarpetwashingmachine.com\/\"},{\"@type\":\"ListItem\",\"position\":2,\"name\":\"Combi Carpet Cleaning Machines\"}]},{\"@type\":\"WebSite\",\"@id\":\"https:\/\/www.thecarpetwashingmachine.com\/#website\",\"url\":\"https:\/\/www.thecarpetwashingmachine.com\/\",\"name\":\"Machine \u00e0 laver les tapis\",\"description\":\"La machine \u00e0 laver les tapis est partout dans le monde !\",\"potentialAction\":[{\"@type\":\"SearchAction\",\"target\":{\"@type\":\"EntryPoint\",\"urlTemplate\":\"https:\/\/www.thecarpetwashingmachine.com\/?s={search_term_string}\"},\"query-input\":{\"@type\":\"PropertyValueSpecification\",\"valueRequired\":true,\"valueName\":\"search_term_string\"}}],\"inLanguage\":\"fr-FR\"}]}<\/script>\n<!-- \/ Yoast SEO plugin. -->","yoast_head_json":{"title":"Machines \u00e0 laver les tapis combin\u00e9es - Machine \u00e0 laver les tapis","description":"Visitez notre site pour d\u00e9couvrir les **machines de nettoyage de tapis combin\u00e9es**, aussi appel\u00e9es **2-en-1**.","robots":{"index":"index","follow":"follow","max-snippet":"max-snippet:-1","max-image-preview":"max-image-preview:large","max-video-preview":"max-video-preview:-1"},"canonical":"https:\/\/www.thecarpetwashingmachine.com\/combi-carpet-cleaning-machines\/","og_locale":"fr_FR","og_type":"article","og_title":"Machines \u00e0 laver les tapis combin\u00e9es - Machine \u00e0 laver les tapis","og_description":"Visitez notre site pour d\u00e9couvrir les **machines de nettoyage de tapis combin\u00e9es**, aussi appel\u00e9es **2-en-1**.","og_url":"https:\/\/www.thecarpetwashingmachine.com\/combi-carpet-cleaning-machines\/","og_site_name":"Machine \u00e0 laver les tapis","article_publisher":"http:\/\/www.facebook.com\/carpetwashingmachine","article_modified_time":"2025-07-07T07:58:45+00:00","twitter_card":"summary_large_image","twitter_misc":{"Dur\u00e9e de lecture estim\u00e9e":"3 minutes"},"schema":{"@context":"https:\/\/schema.org","@graph":[{"@type":"WebPage","@id":"https:\/\/www.thecarpetwashingmachine.com\/combi-carpet-cleaning-machines\/","url":"https:\/\/www.thecarpetwashingmachine.com\/combi-carpet-cleaning-machines\/","name":"\u041a\u043e\u043c\u0431\u0438\u043d\u0438\u0440\u043e\u0432\u0430\u043d\u043d\u044b\u0435 \u043a\u043e\u0432\u0440\u043e\u043c\u043e\u0435\u0447\u043d\u044b\u0435 \u043c\u0430\u0448\u0438\u043d\u044b - Machine \u00e0 laver les tapis","isPartOf":{"@id":"https:\/\/www.thecarpetwashingmachine.com\/#website"},"datePublished":"2022-02-08T13:07:41+00:00","dateModified":"2025-07-07T07:58:45+00:00","description":"\u041f\u043e\u0441\u0435\u0442\u0438\u0442\u0435 \u043d\u0430\u0448 \u0441\u0430\u0439\u0442, \u0447\u0442\u043e\u0431\u044b \u0443\u0437\u043d\u0430\u0442\u044c \u0431\u043e\u043b\u044c\u0448\u0435 \u043e \u043a\u043e\u043c\u0431\u0438\u043d\u0438\u0440\u043e\u0432\u0430\u043d\u043d\u044b\u0445 \u043c\u0430\u0448\u0438\u043d\u0430\u0445 \u0434\u043b\u044f \u0447\u0438\u0441\u0442\u043a\u0438 \u043a\u043e\u0432\u0440\u043e\u0432, \u0442\u0430\u043a\u0436\u0435 \u0438\u0437\u0432\u0435\u0441\u0442\u043d\u044b\u0445 \u043a\u0430\u043a \u043c\u0430\u0448\u0438\u043d\u044b 2 \u0432 1.","breadcrumb":{"@id":"https:\/\/www.thecarpetwashingmachine.com\/combi-carpet-cleaning-machines\/#breadcrumb"},"inLanguage":"fr-FR","potentialAction":[{"@type":"ReadAction","target":["https:\/\/www.thecarpetwashingmachine.com\/combi-carpet-cleaning-machines\/"]}]},{"@type":"BreadcrumbList","@id":"https:\/\/www.thecarpetwashingmachine.com\/combi-carpet-cleaning-machines\/#breadcrumb","itemListElement":[{"@type":"ListItem","position":1,"name":"Home","item":"https:\/\/www.thecarpetwashingmachine.com\/"},{"@type":"ListItem","position":2,"name":"Combi Carpet Cleaning Machines"}]},{"@type":"WebSite","@id":"https:\/\/www.thecarpetwashingmachine.com\/#website","url":"https:\/\/www.thecarpetwashingmachine.com\/","name":"Machine \u00e0 laver les tapis","description":"La machine \u00e0 laver les tapis est partout dans le monde !","potentialAction":[{"@type":"SearchAction","target":{"@type":"EntryPoint","urlTemplate":"https:\/\/www.thecarpetwashingmachine.com\/?s={search_term_string}"},"query-input":{"@type":"PropertyValueSpecification","valueRequired":true,"valueName":"search_term_string"}}],"inLanguage":"fr-FR"}]}},"_links":{"self":[{"href":"https:\/\/www.thecarpetwashingmachine.com\/fr\/wp-json\/wp\/v2\/pages\/178","targetHints":{"allow":["GET"]}}],"collection":[{"href":"https:\/\/www.thecarpetwashingmachine.com\/fr\/wp-json\/wp\/v2\/pages"}],"about":[{"href":"https:\/\/www.thecarpetwashingmachine.com\/fr\/wp-json\/wp\/v2\/types\/page"}],"author":[{"embeddable":true,"href":"https:\/\/www.thecarpetwashingmachine.com\/fr\/wp-json\/wp\/v2\/users\/1"}],"replies":[{"embeddable":true,"href":"https:\/\/www.thecarpetwashingmachine.com\/fr\/wp-json\/wp\/v2\/comments?post=178"}],"version-history":[{"count":25,"href":"https:\/\/www.thecarpetwashingmachine.com\/fr\/wp-json\/wp\/v2\/pages\/178\/revisions"}],"predecessor-version":[{"id":1875,"href":"https:\/\/www.thecarpetwashingmachine.com\/fr\/wp-json\/wp\/v2\/pages\/178\/revisions\/1875"}],"wp:attachment":[{"href":"https:\/\/www.thecarpetwashingmachine.com\/fr\/wp-json\/wp\/v2\/media?parent=178"}],"curies":[{"name":"wp","href":"https:\/\/api.w.org\/{rel}","templated":true}]}}