{"id":176,"date":"2023-05-22T07:29:39","date_gmt":"2023-05-22T07:29:39","guid":{"rendered":"https:\/\/www.thecarpetwashingmachine.com\/?page_id=176"},"modified":"2025-07-03T13:28:08","modified_gmt":"2025-07-03T13:28:08","slug":"how-can-i-prepare-a-carpet-cleaning-shop-project","status":"publish","type":"page","link":"https:\/\/www.thecarpetwashingmachine.com\/fr\/how-can-i-prepare-a-carpet-cleaning-shop-project\/","title":{"rendered":"Comment puis-je pr\u00e9parer un projet d&rsquo;atelier de nettoyage de tapis"},"content":{"rendered":"<div class=\"wp-block-image\">\n<figure class=\"aligncenter size-full\"><img loading=\"lazy\" decoding=\"async\" width=\"750\" height=\"500\" src=\"https:\/\/www.thecarpetwashingmachine.com\/wp-content\/uploads\/2025\/07\/Untitled-design-10.png\" alt=\"Automatic carpet washing machine\" class=\"wp-image-1618\" srcset=\"https:\/\/www.thecarpetwashingmachine.com\/wp-content\/uploads\/2025\/07\/Untitled-design-10.png 750w, https:\/\/www.thecarpetwashingmachine.com\/wp-content\/uploads\/2025\/07\/Untitled-design-10-300x200.png 300w\" sizes=\"auto, (max-width: 750px) 100vw, 750px\" \/><\/figure><\/div>\n\n\n<p><\/p>\n\n\n\n<p>Le nettoyage de tapis est devenu l&rsquo;un des projets commerciaux les plus populaires au cours des 5 derni\u00e8res ann\u00e9es (\u00e0 partir de 2025). Notre entreprise recevant de nombreuses demandes de devis de nombreuses r\u00e9gions du monde pour des machines de nettoyage de tapis, nous avons jug\u00e9 n\u00e9cessaire d&rsquo;expliquer aux entrepreneurs certains facteurs importants concernant le commerce du nettoyage de tapis.<\/p>\n\n\n\n<p>Dans les pays anglophones, ce projet est connu sous le nom de projet de nettoyage de tapis.<\/p>\n\n\n\n<p>Voici donc l&rsquo;ordre des cinq choses diff\u00e9rentes \u00e0 prendre en compte lorsque vous d\u00e9marrez un projet de nettoyage de tapis :<\/p>\n\n\n\n<hr class=\"wp-block-separator has-alpha-channel-opacity is-style-wide\"\/>\n\n\n\n<h3 class=\"wp-block-heading\">1. \u00c9tude de march\u00e9<\/h3>\n\n\n\n<p>Vous devez \u00e9tudier les habitudes de nettoyage de la r\u00e9gion \u00e0 laquelle vous proposerez vos services. Et aussi la popularit\u00e9 de l&rsquo;utilisation des tapis. Ensuite, les tailles des tapis doivent \u00eatre \u00e9valu\u00e9es, car les machines n\u00e9cessaires varieront en fonction des tailles des tapis. Cette <strong>recherche approfondie<\/strong> r\u00e9v\u00e9lera sur quels types de tapis vous devez vous concentrer et comment d\u00e9terminer la capacit\u00e9 de votre installation.<\/p>\n\n\n\n<h3 class=\"wp-block-heading\">2. Recherche d&rsquo;un local commercial<\/h3>\n\n\n\n<p>Un local commercial o\u00f9 cette activit\u00e9 sera exerc\u00e9e doit \u00eatre cr\u00e9\u00e9. Ce site doit \u00eatre <strong>adapt\u00e9 \u00e0 l&rsquo;\u00e9chelle de vos op\u00e9rations<\/strong>, permettant un flux efficace des tapis, du sale au propre. Tenez compte de facteurs tels que l&rsquo;acc\u00e8s \u00e0 l&rsquo;eau, le drainage, la ventilation et un espace suffisant pour le placement des machines et le s\u00e9chage des tapis. L&#8217;emplacement doit \u00e9galement \u00eatre avantageux en termes d&rsquo;acc\u00e8s client et de commodit\u00e9 logistique.<\/p>\n\n\n\n<h3 class=\"wp-block-heading\">3. Identification des machines<\/h3>\n\n\n\n<p>Une fois que vous comprenez les tailles et les types de tapis courants sur votre march\u00e9 cible, vous pouvez identifier les <strong>machines appropri\u00e9es<\/strong>. Cela inclut les laveuses industrielles, les rinceuses, les essoreuses centrifuges pour l&rsquo;extraction de l&rsquo;eau et les syst\u00e8mes de s\u00e9chage. La capacit\u00e9 et les caract\u00e9ristiques de ces machines doivent correspondre \u00e0 votre volume de service projet\u00e9 et aux besoins de nettoyage sp\u00e9cifiques des tapis de votre r\u00e9gion. Le bon choix de machine affectera directement votre efficacit\u00e9 et la qualit\u00e9 de nettoyage.<\/p>\n\n\n\n<h3 class=\"wp-block-heading\">4. Mise en place op\u00e9rationnelle et flux de travail<\/h3>\n\n\n\n<p>Apr\u00e8s avoir s\u00e9curis\u00e9 un emplacement et des machines, concentrez-vous sur la mise en place d&rsquo;un <strong>flux de travail efficace<\/strong>. Cela implique de planifier l&rsquo;agencement de votre magasin pour minimiser la manipulation manuelle, d&rsquo;\u00e9tablir un processus clair pour la r\u00e9ception, le nettoyage et la livraison des tapis, et de cr\u00e9er un syst\u00e8me pour le suivi des commandes et des informations clients. Pensez \u00e9galement \u00e0 vous procurer les solutions de nettoyage et autres fournitures n\u00e9cessaires.<\/p>\n\n\n\n<h3 class=\"wp-block-heading\">5. Marketing et acquisition de clients<\/h3>\n\n\n\n<p>Une fois votre installation physique pr\u00eate, il est temps d&rsquo;atteindre vos clients cibles. D\u00e9veloppez une <strong>strat\u00e9gie marketing<\/strong> qui inclut la publicit\u00e9 locale, la pr\u00e9sence en ligne (site web, m\u00e9dias sociaux) et \u00e9ventuellement des partenariats avec des designers d&rsquo;int\u00e9rieur ou des agents immobiliers. Mettez en avant vos propositions de vente uniques, telles que le nettoyage \u00e9cologique, des d\u00e9lais d&rsquo;ex\u00e9cution rapides ou l&rsquo;\u00e9limination sp\u00e9cialis\u00e9e des taches. B\u00e2tir une solide r\u00e9putation gr\u00e2ce \u00e0 un excellent service et aux avis clients sera crucial pour le succ\u00e8s \u00e0 long terme.<\/p>\n\n\n\n<hr class=\"wp-block-separator has-alpha-channel-opacity is-style-wide\"\/>\n","protected":false},"excerpt":{"rendered":"<p>Le nettoyage de tapis est devenu l&rsquo;un des projets commerciaux les plus populaires au cours des 5 derni\u00e8res ann\u00e9es (\u00e0 partir de 2025). Notre entreprise&hellip;<\/p>\n","protected":false},"author":1,"featured_media":0,"parent":0,"menu_order":0,"comment_status":"closed","ping_status":"closed","template":"","meta":{"footnotes":""},"class_list":["post-176","page","type-page","status-publish","hentry"],"translation":{"provider":"WPGlobus","version":"3.0.0","language":"fr","enabled_languages":["en","tr","fr","ar","es","de","pt","ru"],"languages":{"en":{"title":true,"content":true,"excerpt":false},"tr":{"title":true,"content":true,"excerpt":false},"fr":{"title":true,"content":true,"excerpt":false},"ar":{"title":true,"content":true,"excerpt":false},"es":{"title":true,"content":true,"excerpt":false},"de":{"title":true,"content":true,"excerpt":false},"pt":{"title":true,"content":true,"excerpt":false},"ru":{"title":true,"content":true,"excerpt":false}}},"yoast_head":"<!-- This site is optimized with the Yoast SEO plugin v24.7 - https:\/\/yoast.com\/wordpress\/plugins\/seo\/ -->\n<title>Comment puis-je pr\u00e9parer un projet d&#039;atelier de nettoyage de tapis - Machine \u00e0 laver les tapis<\/title>\n<meta name=\"description\" content=\"Vous planifiez un magasin de nettoyage de tapis ? Obtenez des conseils d&#039;experts sur l&#039;installation et l&#039;\u00e9quipement pour r\u00e9ussir.\" \/>\n<meta name=\"robots\" content=\"index, follow, max-snippet:-1, max-image-preview:large, max-video-preview:-1\" \/>\n<link rel=\"canonical\" href=\"https:\/\/www.thecarpetwashingmachine.com\/how-can-i-prepare-a-carpet-cleaning-shop-project\/\" \/>\n<meta property=\"og:locale\" content=\"fr_FR\" \/>\n<meta property=\"og:type\" content=\"article\" \/>\n<meta property=\"og:title\" content=\"Comment puis-je pr\u00e9parer un projet d&#039;atelier de nettoyage de tapis - Machine \u00e0 laver les tapis\" \/>\n<meta property=\"og:description\" content=\"Vous planifiez un magasin de nettoyage de tapis ? Obtenez des conseils d&#039;experts sur l&#039;installation et l&#039;\u00e9quipement pour r\u00e9ussir.\" \/>\n<meta property=\"og:url\" content=\"https:\/\/www.thecarpetwashingmachine.com\/how-can-i-prepare-a-carpet-cleaning-shop-project\/\" \/>\n<meta property=\"og:site_name\" content=\"Machine \u00e0 laver les tapis\" \/>\n<meta property=\"article:publisher\" content=\"http:\/\/www.facebook.com\/carpetwashingmachine\" \/>\n<meta property=\"article:modified_time\" content=\"2025-07-03T13:28:08+00:00\" \/>\n<meta property=\"og:image\" content=\"https:\/\/www.thecarpetwashingmachine.com\/wp-content\/uploads\/2025\/07\/Untitled-design-10.png\" \/>\n\t<meta property=\"og:image:width\" content=\"750\" \/>\n\t<meta property=\"og:image:height\" content=\"500\" \/>\n\t<meta property=\"og:image:type\" content=\"image\/png\" \/>\n<meta name=\"twitter:card\" content=\"summary_large_image\" \/>\n<meta name=\"twitter:label1\" content=\"Dur\u00e9e de lecture estim\u00e9e\" \/>\n\t<meta name=\"twitter:data1\" content=\"2 minutes\" \/>\n<script type=\"application\/ld+json\" class=\"yoast-schema-graph\">{\"@context\":\"https:\/\/schema.org\",\"@graph\":[{\"@type\":\"WebPage\",\"@id\":\"https:\/\/www.thecarpetwashingmachine.com\/how-can-i-prepare-a-carpet-cleaning-shop-project\/\",\"url\":\"https:\/\/www.thecarpetwashingmachine.com\/how-can-i-prepare-a-carpet-cleaning-shop-project\/\",\"name\":\"\u041a\u0430\u043a \u043f\u043e\u0434\u0433\u043e\u0442\u043e\u0432\u0438\u0442\u044c \u043f\u0440\u043e\u0435\u043a\u0442 \u043c\u0430\u0441\u0442\u0435\u0440\u0441\u043a\u043e\u0439 \u043f\u043e \u0447\u0438\u0441\u0442\u043a\u0435 \u043a\u043e\u0432\u0440\u043e\u0432 - Machine \u00e0 laver les tapis\",\"isPartOf\":{\"@id\":\"https:\/\/www.thecarpetwashingmachine.com\/#website\"},\"primaryImageOfPage\":{\"@id\":\"https:\/\/www.thecarpetwashingmachine.com\/how-can-i-prepare-a-carpet-cleaning-shop-project\/#primaryimage\"},\"image\":{\"@id\":\"https:\/\/www.thecarpetwashingmachine.com\/how-can-i-prepare-a-carpet-cleaning-shop-project\/#primaryimage\"},\"thumbnailUrl\":\"https:\/\/www.thecarpetwashingmachine.com\/wp-content\/uploads\/2025\/07\/Untitled-design-10.png\",\"datePublished\":\"2023-05-22T07:29:39+00:00\",\"dateModified\":\"2025-07-03T13:28:08+00:00\",\"description\":\"\u041f\u043b\u0430\u043d\u0438\u0440\u0443\u0435\u0442\u0435 \u043c\u0430\u0433\u0430\u0437\u0438\u043d \u043f\u043e \u0447\u0438\u0441\u0442\u043a\u0435 \u043a\u043e\u0432\u0440\u043e\u0432? \u041f\u043e\u043b\u0443\u0447\u0438\u0442\u0435 \u044d\u043a\u0441\u043f\u0435\u0440\u0442\u043d\u0443\u044e \u043a\u043e\u043d\u0441\u0443\u043b\u044c\u0442\u0430\u0446\u0438\u044e \u043f\u043e \u043e\u0431\u0443\u0441\u0442\u0440\u043e\u0439\u0441\u0442\u0432\u0443 \u0438 \u043e\u0431\u043e\u0440\u0443\u0434\u043e\u0432\u0430\u043d\u0438\u044e \u0434\u043b\u044f \u0443\u0441\u043f\u0435\u0445\u0430.\",\"breadcrumb\":{\"@id\":\"https:\/\/www.thecarpetwashingmachine.com\/how-can-i-prepare-a-carpet-cleaning-shop-project\/#breadcrumb\"},\"inLanguage\":\"fr-FR\",\"potentialAction\":[{\"@type\":\"ReadAction\",\"target\":[\"https:\/\/www.thecarpetwashingmachine.com\/how-can-i-prepare-a-carpet-cleaning-shop-project\/\"]}]},{\"@type\":\"ImageObject\",\"inLanguage\":\"fr-FR\",\"@id\":\"https:\/\/www.thecarpetwashingmachine.com\/how-can-i-prepare-a-carpet-cleaning-shop-project\/#primaryimage\",\"url\":\"https:\/\/www.thecarpetwashingmachine.com\/wp-content\/uploads\/2025\/07\/Untitled-design-10.png\",\"contentUrl\":\"https:\/\/www.thecarpetwashingmachine.com\/wp-content\/uploads\/2025\/07\/Untitled-design-10.png\"},{\"@type\":\"BreadcrumbList\",\"@id\":\"https:\/\/www.thecarpetwashingmachine.com\/how-can-i-prepare-a-carpet-cleaning-shop-project\/#breadcrumb\",\"itemListElement\":[{\"@type\":\"ListItem\",\"position\":1,\"name\":\"Home\",\"item\":\"https:\/\/www.thecarpetwashingmachine.com\/\"},{\"@type\":\"ListItem\",\"position\":2,\"name\":\"How Can I Prepare a Carpet Cleaning Shop Project?\"}]},{\"@type\":\"WebSite\",\"@id\":\"https:\/\/www.thecarpetwashingmachine.com\/#website\",\"url\":\"https:\/\/www.thecarpetwashingmachine.com\/\",\"name\":\"Machine \u00e0 laver les tapis\",\"description\":\"La machine \u00e0 laver les tapis est partout dans le monde !\",\"potentialAction\":[{\"@type\":\"SearchAction\",\"target\":{\"@type\":\"EntryPoint\",\"urlTemplate\":\"https:\/\/www.thecarpetwashingmachine.com\/?s={search_term_string}\"},\"query-input\":{\"@type\":\"PropertyValueSpecification\",\"valueRequired\":true,\"valueName\":\"search_term_string\"}}],\"inLanguage\":\"fr-FR\"}]}<\/script>\n<!-- \/ Yoast SEO plugin. -->","yoast_head_json":{"title":"Comment puis-je pr\u00e9parer un projet d'atelier de nettoyage de tapis - Machine \u00e0 laver les tapis","description":"Vous planifiez un magasin de nettoyage de tapis ? Obtenez des conseils d'experts sur l'installation et l'\u00e9quipement pour r\u00e9ussir.","robots":{"index":"index","follow":"follow","max-snippet":"max-snippet:-1","max-image-preview":"max-image-preview:large","max-video-preview":"max-video-preview:-1"},"canonical":"https:\/\/www.thecarpetwashingmachine.com\/how-can-i-prepare-a-carpet-cleaning-shop-project\/","og_locale":"fr_FR","og_type":"article","og_title":"Comment puis-je pr\u00e9parer un projet d'atelier de nettoyage de tapis - Machine \u00e0 laver les tapis","og_description":"Vous planifiez un magasin de nettoyage de tapis ? Obtenez des conseils d'experts sur l'installation et l'\u00e9quipement pour r\u00e9ussir.","og_url":"https:\/\/www.thecarpetwashingmachine.com\/how-can-i-prepare-a-carpet-cleaning-shop-project\/","og_site_name":"Machine \u00e0 laver les tapis","article_publisher":"http:\/\/www.facebook.com\/carpetwashingmachine","article_modified_time":"2025-07-03T13:28:08+00:00","og_image":[{"width":750,"height":500,"url":"https:\/\/www.thecarpetwashingmachine.com\/wp-content\/uploads\/2025\/07\/Untitled-design-10.png","type":"image\/png"}],"twitter_card":"summary_large_image","twitter_misc":{"Dur\u00e9e de lecture estim\u00e9e":"2 minutes"},"schema":{"@context":"https:\/\/schema.org","@graph":[{"@type":"WebPage","@id":"https:\/\/www.thecarpetwashingmachine.com\/how-can-i-prepare-a-carpet-cleaning-shop-project\/","url":"https:\/\/www.thecarpetwashingmachine.com\/how-can-i-prepare-a-carpet-cleaning-shop-project\/","name":"\u041a\u0430\u043a \u043f\u043e\u0434\u0433\u043e\u0442\u043e\u0432\u0438\u0442\u044c \u043f\u0440\u043e\u0435\u043a\u0442 \u043c\u0430\u0441\u0442\u0435\u0440\u0441\u043a\u043e\u0439 \u043f\u043e \u0447\u0438\u0441\u0442\u043a\u0435 \u043a\u043e\u0432\u0440\u043e\u0432 - Machine \u00e0 laver les tapis","isPartOf":{"@id":"https:\/\/www.thecarpetwashingmachine.com\/#website"},"primaryImageOfPage":{"@id":"https:\/\/www.thecarpetwashingmachine.com\/how-can-i-prepare-a-carpet-cleaning-shop-project\/#primaryimage"},"image":{"@id":"https:\/\/www.thecarpetwashingmachine.com\/how-can-i-prepare-a-carpet-cleaning-shop-project\/#primaryimage"},"thumbnailUrl":"https:\/\/www.thecarpetwashingmachine.com\/wp-content\/uploads\/2025\/07\/Untitled-design-10.png","datePublished":"2023-05-22T07:29:39+00:00","dateModified":"2025-07-03T13:28:08+00:00","description":"\u041f\u043b\u0430\u043d\u0438\u0440\u0443\u0435\u0442\u0435 \u043c\u0430\u0433\u0430\u0437\u0438\u043d \u043f\u043e \u0447\u0438\u0441\u0442\u043a\u0435 \u043a\u043e\u0432\u0440\u043e\u0432? \u041f\u043e\u043b\u0443\u0447\u0438\u0442\u0435 \u044d\u043a\u0441\u043f\u0435\u0440\u0442\u043d\u0443\u044e \u043a\u043e\u043d\u0441\u0443\u043b\u044c\u0442\u0430\u0446\u0438\u044e \u043f\u043e \u043e\u0431\u0443\u0441\u0442\u0440\u043e\u0439\u0441\u0442\u0432\u0443 \u0438 \u043e\u0431\u043e\u0440\u0443\u0434\u043e\u0432\u0430\u043d\u0438\u044e \u0434\u043b\u044f \u0443\u0441\u043f\u0435\u0445\u0430.","breadcrumb":{"@id":"https:\/\/www.thecarpetwashingmachine.com\/how-can-i-prepare-a-carpet-cleaning-shop-project\/#breadcrumb"},"inLanguage":"fr-FR","potentialAction":[{"@type":"ReadAction","target":["https:\/\/www.thecarpetwashingmachine.com\/how-can-i-prepare-a-carpet-cleaning-shop-project\/"]}]},{"@type":"ImageObject","inLanguage":"fr-FR","@id":"https:\/\/www.thecarpetwashingmachine.com\/how-can-i-prepare-a-carpet-cleaning-shop-project\/#primaryimage","url":"https:\/\/www.thecarpetwashingmachine.com\/wp-content\/uploads\/2025\/07\/Untitled-design-10.png","contentUrl":"https:\/\/www.thecarpetwashingmachine.com\/wp-content\/uploads\/2025\/07\/Untitled-design-10.png"},{"@type":"BreadcrumbList","@id":"https:\/\/www.thecarpetwashingmachine.com\/how-can-i-prepare-a-carpet-cleaning-shop-project\/#breadcrumb","itemListElement":[{"@type":"ListItem","position":1,"name":"Home","item":"https:\/\/www.thecarpetwashingmachine.com\/"},{"@type":"ListItem","position":2,"name":"How Can I Prepare a Carpet Cleaning Shop Project?"}]},{"@type":"WebSite","@id":"https:\/\/www.thecarpetwashingmachine.com\/#website","url":"https:\/\/www.thecarpetwashingmachine.com\/","name":"Machine \u00e0 laver les tapis","description":"La machine \u00e0 laver les tapis est partout dans le monde !","potentialAction":[{"@type":"SearchAction","target":{"@type":"EntryPoint","urlTemplate":"https:\/\/www.thecarpetwashingmachine.com\/?s={search_term_string}"},"query-input":{"@type":"PropertyValueSpecification","valueRequired":true,"valueName":"search_term_string"}}],"inLanguage":"fr-FR"}]}},"_links":{"self":[{"href":"https:\/\/www.thecarpetwashingmachine.com\/fr\/wp-json\/wp\/v2\/pages\/176","targetHints":{"allow":["GET"]}}],"collection":[{"href":"https:\/\/www.thecarpetwashingmachine.com\/fr\/wp-json\/wp\/v2\/pages"}],"about":[{"href":"https:\/\/www.thecarpetwashingmachine.com\/fr\/wp-json\/wp\/v2\/types\/page"}],"author":[{"embeddable":true,"href":"https:\/\/www.thecarpetwashingmachine.com\/fr\/wp-json\/wp\/v2\/users\/1"}],"replies":[{"embeddable":true,"href":"https:\/\/www.thecarpetwashingmachine.com\/fr\/wp-json\/wp\/v2\/comments?post=176"}],"version-history":[{"count":51,"href":"https:\/\/www.thecarpetwashingmachine.com\/fr\/wp-json\/wp\/v2\/pages\/176\/revisions"}],"predecessor-version":[{"id":1785,"href":"https:\/\/www.thecarpetwashingmachine.com\/fr\/wp-json\/wp\/v2\/pages\/176\/revisions\/1785"}],"wp:attachment":[{"href":"https:\/\/www.thecarpetwashingmachine.com\/fr\/wp-json\/wp\/v2\/media?parent=176"}],"curies":[{"name":"wp","href":"https:\/\/api.w.org\/{rel}","templated":true}]}}